{"id":19767,"date":"2024-04-08T22:57:44","date_gmt":"2024-04-08T20:57:44","guid":{"rendered":"https:\/\/revolutionpadelstore.com\/harlem-padel-bionic-2024\/"},"modified":"2025-12-30T15:42:39","modified_gmt":"2025-12-30T14:42:39","slug":"harlem-padel-bionic-1","status":"publish","type":"product","link":"https:\/\/revolutionpadelstore.com\/de\/produkt\/harlem-padel-bionic-1\/","title":{"rendered":"HARLEM PADEL BIONIC"},"content":{"rendered":"<p>Das Modell BIONIC 2024 ist eines der Modelle der neuen Harlem Padel-Reihe.<br \/>\nEs handelt sich um einen Hybrid-Padelschl\u00e4ger, der sich durch eine mittlere Balance und einen sehr ausgedehnten Sweet Spot auszeichnet. Dies verleiht Ihnen Man\u00f6vrierf\u00e4higkeit und erm\u00f6glicht eine Kombination aus Kraft und Kontrolle beim Schlagen.<br \/>\nEs ist ein idealer Schl\u00e4ger f\u00fcr Frauen und M\u00e4nner, die Padel auf einem fortgeschrittenen Niveau spielen und einen leichten Schl\u00e4ger ben\u00f6tigen, der Vielseitigkeit auf dem Platz bietet.<br \/>\nIm Inneren des Schl\u00e4gers befindet sich ein laminierter SCHWARZER EVA-Gummikern mit unterschiedlichen Dichten, der \u00fcber die High Recovery-Technologie verf\u00fcgt, die eine schnelle Erholung f\u00f6rdert und Schl\u00e4ge mit sehr hoher Geschwindigkeit erm\u00f6glicht. Dieses Modell bietet uns einen mittelweichen Touch bei unseren Spielerlebnissen. Das Modell BIONIC 2024 vereint Kontrolle und Power zu gleichen Teilen. Der Rohrrahmen besteht zu 100 % aus Carbon, um eine hohe Haltbarkeit und hervorragende Widerstandsf\u00e4higkeit gegen\u00fcber spieltypischen Abnutzungserscheinungen zu gew\u00e4hrleisten.<br \/>\nDie Hobel bestehen aus 12K-Carbonfasern der neuesten Generation, die ein geringeres Gewicht, mehr Steifigkeit und mehr Widerstandsf\u00e4higkeit erreichen. Wir haben das Gef\u00fchl, einem Padelschl\u00e4ger gegen\u00fcberzustehen, der sich solide und steif anf\u00fchlt, was uns bei all unseren Angriffsschl\u00e4gen sehr helfen wird. Dar\u00fcber hinaus sorgt das rau-matte 3D-Finish daf\u00fcr, dass der Ball besser auf den Schlagfl\u00e4chen des Schl\u00e4gers haftet und ihn bei all unseren Schl\u00e4gen mit mehr Spin dreht. Wie beim Rest dieser neuen Kollektion ist das Innovativste die dreifache Br\u00fccke einer Form, die mit den neuesten Technologien hergestellt wurde und dem Schl\u00e4ger eine h\u00f6here Ballausbeute und eine hervorragende Kontrolle bei jedem Schlag verleiht. Das Finish der Klinge weist auf beiden Ebenen das f\u00fcr Harlem typische stilisierte \u201eH\u201c mit einer sehr gro\u00dfen Gr\u00f6\u00dfe in Chrom und gl\u00e4nzenden Farben auf, w\u00e4hrend der Rest der Klinge in Matt gehalten ist, was der Klinge extreme Eleganz verleiht.  Eines der vielen neuen Features, die Harlem Padel in die Kollektion 2024 integriert, ist die Einbindung des Seils in die Manschette in Form eines Armbands aus 100 % hochwertigem Polyester mit aufgesticktem Markenlogo.<br \/>\nOhne Zweifel haben wir es mit einem der ausgewogensten Schl\u00e4ger auf dem Markt zu tun. Ideal f\u00fcr die meisten Spieler.<\/p>\n","protected":false},"excerpt":{"rendered":"<p>Es handelt sich um einen Hybrid-Padelschl\u00e4ger mit mittlerer Balance und einem sehr ausgedehnten Sweet Spot. Dies verleiht ihm Man\u00f6vrierf\u00e4higkeit und erm\u00f6glicht eine Kombination aus Kraft und Kontrolle beim Schlagen.<br \/>\nEs ist ein idealer Schl\u00e4ger f\u00fcr Frauen und M\u00e4nner, die Padel auf einem fortgeschrittenen Niveau spielen und einen leichten Schl\u00e4ger ben\u00f6tigen, der Vielseitigkeit auf dem Platz bietet.<\/p>\n","protected":false},"featured_media":161828,"comment_status":"open","ping_status":"closed","template":"","meta":{"_acf_changed":false,"_joinchat":[]},"acabado":[1089,1079,1084],"balance":[1134,1139],"dureza":[1154],"forma":[1174],"jugador":[1189,1199],"marca":[1234],"nivel-de-juego":[1334],"superficie":[1359],"tipo-de-juego":[1384],"product_brand":[],"product_cat":[299],"product_tag":[],"class_list":{"0":"post-19767","1":"product","2":"type-product","3":"status-publish","4":"has-post-thumbnail","6":"acabado-3d-entlasten","7":"acabado-helligkeit","8":"acabado-kumpel","9":"balance-hoch","10":"balance-mittel","11":"dureza-media-de","12":"forma-hybrid","13":"jugador-mann","14":"jugador-mehrzweck","15":"marca-harlem-padel-de","16":"superficie-rugosa-de","17":"tipo-de-juego-mehrzweck","18":"product_cat-palas-de-padel-de","20":"first","21":"onbackorder","22":"sale","23":"taxable","24":"shipping-taxable","25":"purchasable","26":"product-type-simple"},"acf":[],"yoast_head":"<!-- This site is optimized with the Yoast SEO plugin v27.4 - https:\/\/yoast.com\/product\/yoast-seo-wordpress\/ -->\n<title>HARLEM PADEL BIONIC - Revolution Padel Store<\/title>\n<meta name=\"description\" content=\"Es\u00a0una\u00a0pala\u00a0de\u00a0p\u00e1del\u00a0de\u00a0forma\u00a0h\u00edbrida\u00a0que\u00a0ostenta\u00a0un\u00a0balance\u00a0medio\u00a0y\u00a0un\u00a0punto\u00a0dulce\u00a0muy\u00a0extendido.\u00a0Esto\u00a0le\u00a0da\u00a0maniobrabilidad\u00a0y\u00a0facilita\u00a0una\u00a0combinaci\u00f3n\u00a0de\u00a0potencia\u00a0y\u00a0control\u00a0en\u00a0los\u00a0golpes.\" \/>\n<meta name=\"robots\" content=\"index, follow, max-snippet:-1, max-image-preview:large, max-video-preview:-1\" \/>\n<link rel=\"canonical\" href=\"https:\/\/revolutionpadelstore.com\/de\/produkt\/harlem-padel-bionic-1\/\" \/>\n<meta property=\"og:locale\" content=\"de_DE\" \/>\n<meta property=\"og:type\" content=\"article\" \/>\n<meta property=\"og:title\" content=\"HARLEM PADEL BIONIC\" \/>\n<meta property=\"og:description\" content=\"Es\u00a0una\u00a0pala\u00a0de\u00a0p\u00e1del\u00a0de\u00a0forma\u00a0h\u00edbrida\u00a0que\u00a0ostenta\u00a0un\u00a0balance\u00a0medio\u00a0y\u00a0un\u00a0punto\u00a0dulce\u00a0muy\u00a0extendido.\u00a0Esto\u00a0le\u00a0da\u00a0maniobrabilidad\u00a0y\u00a0facilita\u00a0una\u00a0combinaci\u00f3n\u00a0de\u00a0potencia\u00a0y\u00a0control\u00a0en\u00a0los\u00a0golpes.Es\u00a0una\u00a0pala\u00a0ideal\u00a0tanto\u00a0para\u00a0mujeres\u00a0como\u00a0para\u00a0hombres\u00a0que\u00a0juegan\u00a0al\u00a0p\u00e1del\u00a0en\u00a0un\u00a0nivel\u00a0avanzado\u00a0y\u00a0requieren\u00a0una\u00a0pala\u00a0liviana\u00a0que\u00a0aporte\u00a0versatilidad\u00a0sobre\u00a0la\u00a0pista.\" \/>\n<meta property=\"og:url\" content=\"https:\/\/revolutionpadelstore.com\/de\/produkt\/harlem-padel-bionic-1\/\" \/>\n<meta property=\"og:site_name\" content=\"Revolution Padel Store\" \/>\n<meta property=\"article:modified_time\" content=\"2025-12-30T14:42:39+00:00\" \/>\n<meta property=\"og:image\" content=\"https:\/\/revolutionpadelstore.com\/wp-content\/uploads\/2024\/04\/IMG-20240408-WA0026.jpg\" \/>\n\t<meta property=\"og:image:width\" content=\"800\" \/>\n\t<meta property=\"og:image:height\" content=\"800\" \/>\n\t<meta property=\"og:image:type\" content=\"image\/jpeg\" \/>\n<meta name=\"twitter:card\" content=\"summary_large_image\" \/>\n<meta name=\"twitter:label1\" content=\"Gesch\u00e4tzte Lesezeit\" \/>\n\t<meta name=\"twitter:data1\" content=\"2\u00a0Minuten\" \/>\n<script type=\"application\/ld+json\" class=\"yoast-schema-graph\">{\"@context\":\"https:\\\/\\\/schema.org\",\"@graph\":[{\"@type\":\"WebPage\",\"@id\":\"https:\\\/\\\/revolutionpadelstore.com\\\/de\\\/produkt\\\/harlem-padel-bionic-1\\\/\",\"url\":\"https:\\\/\\\/revolutionpadelstore.com\\\/de\\\/produkt\\\/harlem-padel-bionic-1\\\/\",\"name\":\"HARLEM PADEL BIONIC - Revolution Padel Store\",\"isPartOf\":{\"@id\":\"https:\\\/\\\/revolutionpadelstore.com\\\/de\\\/#website\"},\"primaryImageOfPage\":{\"@id\":\"https:\\\/\\\/revolutionpadelstore.com\\\/de\\\/produkt\\\/harlem-padel-bionic-1\\\/#primaryimage\"},\"image\":{\"@id\":\"https:\\\/\\\/revolutionpadelstore.com\\\/de\\\/produkt\\\/harlem-padel-bionic-1\\\/#primaryimage\"},\"thumbnailUrl\":\"https:\\\/\\\/revolutionpadelstore.com\\\/wp-content\\\/uploads\\\/2024\\\/04\\\/79.png\",\"datePublished\":\"2024-04-08T20:57:44+00:00\",\"dateModified\":\"2025-12-30T14:42:39+00:00\",\"description\":\"Es\u00a0una\u00a0pala\u00a0de\u00a0p\u00e1del\u00a0de\u00a0forma\u00a0h\u00edbrida\u00a0que\u00a0ostenta\u00a0un\u00a0balance\u00a0medio\u00a0y\u00a0un\u00a0punto\u00a0dulce\u00a0muy\u00a0extendido.\u00a0Esto\u00a0le\u00a0da\u00a0maniobrabilidad\u00a0y\u00a0facilita\u00a0una\u00a0combinaci\u00f3n\u00a0de\u00a0potencia\u00a0y\u00a0control\u00a0en\u00a0los\u00a0golpes.\",\"breadcrumb\":{\"@id\":\"https:\\\/\\\/revolutionpadelstore.com\\\/de\\\/produkt\\\/harlem-padel-bionic-1\\\/#breadcrumb\"},\"inLanguage\":\"de\",\"potentialAction\":[{\"@type\":\"ReadAction\",\"target\":[\"https:\\\/\\\/revolutionpadelstore.com\\\/de\\\/produkt\\\/harlem-padel-bionic-1\\\/\"]}]},{\"@type\":\"ImageObject\",\"inLanguage\":\"de\",\"@id\":\"https:\\\/\\\/revolutionpadelstore.com\\\/de\\\/produkt\\\/harlem-padel-bionic-1\\\/#primaryimage\",\"url\":\"https:\\\/\\\/revolutionpadelstore.com\\\/wp-content\\\/uploads\\\/2024\\\/04\\\/79.png\",\"contentUrl\":\"https:\\\/\\\/revolutionpadelstore.com\\\/wp-content\\\/uploads\\\/2024\\\/04\\\/79.png\",\"width\":1500,\"height\":1500},{\"@type\":\"BreadcrumbList\",\"@id\":\"https:\\\/\\\/revolutionpadelstore.com\\\/de\\\/produkt\\\/harlem-padel-bionic-1\\\/#breadcrumb\",\"itemListElement\":[{\"@type\":\"ListItem\",\"position\":1,\"name\":\"Portada\",\"item\":\"https:\\\/\\\/revolutionpadelstore.com\\\/de\\\/\"},{\"@type\":\"ListItem\",\"position\":2,\"name\":\"Shop\",\"item\":\"https:\\\/\\\/revolutionpadelstore.com\\\/de\\\/tienda\\\/\"},{\"@type\":\"ListItem\",\"position\":3,\"name\":\"HARLEM PADEL BIONIC\"}]},{\"@type\":\"WebSite\",\"@id\":\"https:\\\/\\\/revolutionpadelstore.com\\\/de\\\/#website\",\"url\":\"https:\\\/\\\/revolutionpadelstore.com\\\/de\\\/\",\"name\":\"Revolution Padel Store\",\"description\":\"\",\"publisher\":{\"@id\":\"https:\\\/\\\/revolutionpadelstore.com\\\/de\\\/#organization\"},\"potentialAction\":[{\"@type\":\"SearchAction\",\"target\":{\"@type\":\"EntryPoint\",\"urlTemplate\":\"https:\\\/\\\/revolutionpadelstore.com\\\/de\\\/?s={search_term_string}\"},\"query-input\":{\"@type\":\"PropertyValueSpecification\",\"valueRequired\":true,\"valueName\":\"search_term_string\"}}],\"inLanguage\":\"de\"},{\"@type\":\"Organization\",\"@id\":\"https:\\\/\\\/revolutionpadelstore.com\\\/de\\\/#organization\",\"name\":\"Revolution Padel Store\",\"url\":\"https:\\\/\\\/revolutionpadelstore.com\\\/de\\\/\",\"logo\":{\"@type\":\"ImageObject\",\"inLanguage\":\"de\",\"@id\":\"https:\\\/\\\/revolutionpadelstore.com\\\/de\\\/#\\\/schema\\\/logo\\\/image\\\/\",\"url\":\"https:\\\/\\\/revolutionpadelstore.com\\\/wp-content\\\/uploads\\\/2026\\\/02\\\/revolution-padel-store.jpg\",\"contentUrl\":\"https:\\\/\\\/revolutionpadelstore.com\\\/wp-content\\\/uploads\\\/2026\\\/02\\\/revolution-padel-store.jpg\",\"width\":2000,\"height\":2000,\"caption\":\"Revolution Padel Store\"},\"image\":{\"@id\":\"https:\\\/\\\/revolutionpadelstore.com\\\/de\\\/#\\\/schema\\\/logo\\\/image\\\/\"},\"sameAs\":[\"https:\\\/\\\/www.instagram.com\\\/revolutionpadelstore\\\/\"]}]}<\/script>\n<!-- \/ Yoast SEO plugin. -->","yoast_head_json":{"title":"HARLEM PADEL BIONIC - Revolution Padel Store","description":"Es\u00a0una\u00a0pala\u00a0de\u00a0p\u00e1del\u00a0de\u00a0forma\u00a0h\u00edbrida\u00a0que\u00a0ostenta\u00a0un\u00a0balance\u00a0medio\u00a0y\u00a0un\u00a0punto\u00a0dulce\u00a0muy\u00a0extendido.\u00a0Esto\u00a0le\u00a0da\u00a0maniobrabilidad\u00a0y\u00a0facilita\u00a0una\u00a0combinaci\u00f3n\u00a0de\u00a0potencia\u00a0y\u00a0control\u00a0en\u00a0los\u00a0golpes.","robots":{"index":"index","follow":"follow","max-snippet":"max-snippet:-1","max-image-preview":"max-image-preview:large","max-video-preview":"max-video-preview:-1"},"canonical":"https:\/\/revolutionpadelstore.com\/de\/produkt\/harlem-padel-bionic-1\/","og_locale":"de_DE","og_type":"article","og_title":"HARLEM PADEL BIONIC","og_description":"Es\u00a0una\u00a0pala\u00a0de\u00a0p\u00e1del\u00a0de\u00a0forma\u00a0h\u00edbrida\u00a0que\u00a0ostenta\u00a0un\u00a0balance\u00a0medio\u00a0y\u00a0un\u00a0punto\u00a0dulce\u00a0muy\u00a0extendido.\u00a0Esto\u00a0le\u00a0da\u00a0maniobrabilidad\u00a0y\u00a0facilita\u00a0una\u00a0combinaci\u00f3n\u00a0de\u00a0potencia\u00a0y\u00a0control\u00a0en\u00a0los\u00a0golpes.Es\u00a0una\u00a0pala\u00a0ideal\u00a0tanto\u00a0para\u00a0mujeres\u00a0como\u00a0para\u00a0hombres\u00a0que\u00a0juegan\u00a0al\u00a0p\u00e1del\u00a0en\u00a0un\u00a0nivel\u00a0avanzado\u00a0y\u00a0requieren\u00a0una\u00a0pala\u00a0liviana\u00a0que\u00a0aporte\u00a0versatilidad\u00a0sobre\u00a0la\u00a0pista.","og_url":"https:\/\/revolutionpadelstore.com\/de\/produkt\/harlem-padel-bionic-1\/","og_site_name":"Revolution Padel Store","article_modified_time":"2025-12-30T14:42:39+00:00","og_image":[{"width":800,"height":800,"url":"https:\/\/revolutionpadelstore.com\/wp-content\/uploads\/2024\/04\/IMG-20240408-WA0026.jpg","type":"image\/jpeg"}],"twitter_card":"summary_large_image","twitter_misc":{"Gesch\u00e4tzte Lesezeit":"2\u00a0Minuten"},"schema":{"@context":"https:\/\/schema.org","@graph":[{"@type":"WebPage","@id":"https:\/\/revolutionpadelstore.com\/de\/produkt\/harlem-padel-bionic-1\/","url":"https:\/\/revolutionpadelstore.com\/de\/produkt\/harlem-padel-bionic-1\/","name":"HARLEM PADEL BIONIC - Revolution Padel Store","isPartOf":{"@id":"https:\/\/revolutionpadelstore.com\/de\/#website"},"primaryImageOfPage":{"@id":"https:\/\/revolutionpadelstore.com\/de\/produkt\/harlem-padel-bionic-1\/#primaryimage"},"image":{"@id":"https:\/\/revolutionpadelstore.com\/de\/produkt\/harlem-padel-bionic-1\/#primaryimage"},"thumbnailUrl":"https:\/\/revolutionpadelstore.com\/wp-content\/uploads\/2024\/04\/79.png","datePublished":"2024-04-08T20:57:44+00:00","dateModified":"2025-12-30T14:42:39+00:00","description":"Es\u00a0una\u00a0pala\u00a0de\u00a0p\u00e1del\u00a0de\u00a0forma\u00a0h\u00edbrida\u00a0que\u00a0ostenta\u00a0un\u00a0balance\u00a0medio\u00a0y\u00a0un\u00a0punto\u00a0dulce\u00a0muy\u00a0extendido.\u00a0Esto\u00a0le\u00a0da\u00a0maniobrabilidad\u00a0y\u00a0facilita\u00a0una\u00a0combinaci\u00f3n\u00a0de\u00a0potencia\u00a0y\u00a0control\u00a0en\u00a0los\u00a0golpes.","breadcrumb":{"@id":"https:\/\/revolutionpadelstore.com\/de\/produkt\/harlem-padel-bionic-1\/#breadcrumb"},"inLanguage":"de","potentialAction":[{"@type":"ReadAction","target":["https:\/\/revolutionpadelstore.com\/de\/produkt\/harlem-padel-bionic-1\/"]}]},{"@type":"ImageObject","inLanguage":"de","@id":"https:\/\/revolutionpadelstore.com\/de\/produkt\/harlem-padel-bionic-1\/#primaryimage","url":"https:\/\/revolutionpadelstore.com\/wp-content\/uploads\/2024\/04\/79.png","contentUrl":"https:\/\/revolutionpadelstore.com\/wp-content\/uploads\/2024\/04\/79.png","width":1500,"height":1500},{"@type":"BreadcrumbList","@id":"https:\/\/revolutionpadelstore.com\/de\/produkt\/harlem-padel-bionic-1\/#breadcrumb","itemListElement":[{"@type":"ListItem","position":1,"name":"Portada","item":"https:\/\/revolutionpadelstore.com\/de\/"},{"@type":"ListItem","position":2,"name":"Shop","item":"https:\/\/revolutionpadelstore.com\/de\/tienda\/"},{"@type":"ListItem","position":3,"name":"HARLEM PADEL BIONIC"}]},{"@type":"WebSite","@id":"https:\/\/revolutionpadelstore.com\/de\/#website","url":"https:\/\/revolutionpadelstore.com\/de\/","name":"Revolution Padel Store","description":"","publisher":{"@id":"https:\/\/revolutionpadelstore.com\/de\/#organization"},"potentialAction":[{"@type":"SearchAction","target":{"@type":"EntryPoint","urlTemplate":"https:\/\/revolutionpadelstore.com\/de\/?s={search_term_string}"},"query-input":{"@type":"PropertyValueSpecification","valueRequired":true,"valueName":"search_term_string"}}],"inLanguage":"de"},{"@type":"Organization","@id":"https:\/\/revolutionpadelstore.com\/de\/#organization","name":"Revolution Padel Store","url":"https:\/\/revolutionpadelstore.com\/de\/","logo":{"@type":"ImageObject","inLanguage":"de","@id":"https:\/\/revolutionpadelstore.com\/de\/#\/schema\/logo\/image\/","url":"https:\/\/revolutionpadelstore.com\/wp-content\/uploads\/2026\/02\/revolution-padel-store.jpg","contentUrl":"https:\/\/revolutionpadelstore.com\/wp-content\/uploads\/2026\/02\/revolution-padel-store.jpg","width":2000,"height":2000,"caption":"Revolution Padel Store"},"image":{"@id":"https:\/\/revolutionpadelstore.com\/de\/#\/schema\/logo\/image\/"},"sameAs":["https:\/\/www.instagram.com\/revolutionpadelstore\/"]}]}},"_links":{"self":[{"href":"https:\/\/revolutionpadelstore.com\/de\/wp-json\/wp\/v2\/product\/19767","targetHints":{"allow":["GET"]}}],"collection":[{"href":"https:\/\/revolutionpadelstore.com\/de\/wp-json\/wp\/v2\/product"}],"about":[{"href":"https:\/\/revolutionpadelstore.com\/de\/wp-json\/wp\/v2\/types\/product"}],"replies":[{"embeddable":true,"href":"https:\/\/revolutionpadelstore.com\/de\/wp-json\/wp\/v2\/comments?post=19767"}],"wp:featuredmedia":[{"embeddable":true,"href":"https:\/\/revolutionpadelstore.com\/de\/wp-json\/wp\/v2\/media\/161828"}],"wp:attachment":[{"href":"https:\/\/revolutionpadelstore.com\/de\/wp-json\/wp\/v2\/media?parent=19767"}],"wp:term":[{"taxonomy":"acabado","embeddable":true,"href":"https:\/\/revolutionpadelstore.com\/de\/wp-json\/wp\/v2\/acabado?post=19767"},{"taxonomy":"balance","embeddable":true,"href":"https:\/\/revolutionpadelstore.com\/de\/wp-json\/wp\/v2\/balance?post=19767"},{"taxonomy":"dureza","embeddable":true,"href":"https:\/\/revolutionpadelstore.com\/de\/wp-json\/wp\/v2\/dureza?post=19767"},{"taxonomy":"forma","embeddable":true,"href":"https:\/\/revolutionpadelstore.com\/de\/wp-json\/wp\/v2\/forma?post=19767"},{"taxonomy":"jugador","embeddable":true,"href":"https:\/\/revolutionpadelstore.com\/de\/wp-json\/wp\/v2\/jugador?post=19767"},{"taxonomy":"marca","embeddable":true,"href":"https:\/\/revolutionpadelstore.com\/de\/wp-json\/wp\/v2\/marca?post=19767"},{"taxonomy":"nivel-de-juego","embeddable":true,"href":"https:\/\/revolutionpadelstore.com\/de\/wp-json\/wp\/v2\/nivel-de-juego?post=19767"},{"taxonomy":"superficie","embeddable":true,"href":"https:\/\/revolutionpadelstore.com\/de\/wp-json\/wp\/v2\/superficie?post=19767"},{"taxonomy":"tipo-de-juego","embeddable":true,"href":"https:\/\/revolutionpadelstore.com\/de\/wp-json\/wp\/v2\/tipo-de-juego?post=19767"},{"taxonomy":"product_brand","embeddable":true,"href":"https:\/\/revolutionpadelstore.com\/de\/wp-json\/wp\/v2\/product_brand?post=19767"},{"taxonomy":"product_cat","embeddable":true,"href":"https:\/\/revolutionpadelstore.com\/de\/wp-json\/wp\/v2\/product_cat?post=19767"},{"taxonomy":"product_tag","embeddable":true,"href":"https:\/\/revolutionpadelstore.com\/de\/wp-json\/wp\/v2\/product_tag?post=19767"}],"curies":[{"name":"wp","href":"https:\/\/api.w.org\/{rel}","templated":true}]}}