{"id":19762,"date":"2024-04-09T08:08:37","date_gmt":"2024-04-09T06:08:37","guid":{"rendered":"https:\/\/revolutionpadelstore.com\/harlem-padel-nirvana-2024\/"},"modified":"2026-04-08T14:32:45","modified_gmt":"2026-04-08T12:32:45","slug":"harlem-padel-nirvana-1","status":"publish","type":"product","link":"https:\/\/revolutionpadelstore.com\/de\/produkt\/harlem-padel-nirvana-1\/","title":{"rendered":"HARLEM PADEL NIRVANA"},"content":{"rendered":"<p>Das Modell <strong>NIRVANA 2024<\/strong> von Harlem Padel ist ein Hochleistungsschl\u00e4ger, der f\u00fcr Spieler mit fortgeschrittenem oder professionellem Niveau und einer sehr raffinierten Technik entwickelt wurde. Es hat ein Gewicht zwischen 355 und 375 Gramm.<br \/>\nEs zeichnet sich durch eine <strong>Diamantform<\/strong> mit einer<strong>hohen Balance<\/strong> und einem hohen Sweet Spot zur Oberseite der Klinge aus. Diese Eigenschaften f\u00fchren auf dem Spielfeld zu extremer Kraft bei Angriffsschl\u00e4gen wie dem Abschluss, da eine Hebelwirkung erzeugt wird, die eine hervorragende Kraftentfaltung erm\u00f6glicht. Es ist ein perfekter Padelschl\u00e4ger f\u00fcr die offensivsten Spieler.<br \/>\nIm Inneren des Schl\u00e4gerk\u00f6rpers befindet sich das Gummimaterial <strong>BLACK EVA High Memory Laminat<\/strong>. Es handelt sich um einen mehrschichtigen Gummi mit hoher Dichte, der die Kraft der Schl\u00e4ge mit einer h\u00f6heren Geschwindigkeit als die meisten Schl\u00e4ger auf dem Markt erh\u00f6ht.  Optimiert die Ballausgabe bei Verteidigungsschl\u00e4gen mit niedriger Geschwindigkeit und die Schlagkraft<br \/>\nDer Rohrrahmen besteht aus <strong>100 % verst\u00e4rktem Carbon<\/strong> und verf\u00fcgt zus\u00e4tzlich \u00fcber die <strong>Tubular Frame<\/strong>-Technologie, die eine hohe Haltbarkeit und hohe Widerstandsf\u00e4higkeit gegen\u00fcber der typischen Abnutzung der Fahrr\u00e4der gew\u00e4hrleistet . Fortgeschrittene Level und Stress und Drehmoment bei aggressiveren Spielen.<br \/>\nAuf der Au\u00dfenseite finden wir 12K-Carbonfasern der neuesten Generation, die ein geringeres Gewicht, mehr Steifigkeit und mehr Widerstandsf\u00e4higkeit erreichen. Wir haben das Gef\u00fchl, einem Padelschl\u00e4ger gegen\u00fcberzustehen, der sich solide und steif anf\u00fchlt, was uns bei all unseren Angriffsschl\u00e4gen sehr helfen wird. Dar\u00fcber hinaus sorgt die <strong>rau-matte 3D-Oberfl\u00e4che<\/strong> daf\u00fcr, dass der Ball besser an den Schlagfl\u00e4chen des Schl\u00e4gers haftet und ihn bei allen unseren Schl\u00e4gen mit mehr Spin dreht.<br \/>\nDas Finish der Klinge weist auf beiden Ebenen das f\u00fcr Harlem typische stilisierte \u201eH\u201c mit einer sehr gro\u00dfen Gr\u00f6\u00dfe in Chrom und gl\u00e4nzenden Farben auf, w\u00e4hrend der Rest der Klinge in Matt gehalten ist, was der Klinge extreme Eleganz verleiht.<br \/>\nEines der vielen neuen Features, die Harlem Padel in die Kollektion 2024 integriert, ist die Einbindung des <strong>Seils in die armbandf\u00f6rmige Manschette<\/strong> aus 100 % hochwertigem Polyester mit aufgesticktem Markenlogo.<br \/>\nOhne Zweifel ist dies einer der Schl\u00e4ger mit der h\u00f6chsten Ballausbeute auf dem Markt. Ideal f\u00fcr aggressiv angreifende Spieler.<\/p>\n","protected":false},"excerpt":{"rendered":"<p>Das Modell NIRVANA 2024 von Harlem Padel ist ein Hochleistungsschl\u00e4ger, der f\u00fcr Spieler mit fortgeschrittenem oder professionellem Niveau und einer sehr raffinierten Technik entwickelt wurde. Es verf\u00fcgt \u00fcber eine <strong>Diamantform<\/strong> mit einer<strong>hohen Balance<\/strong> und einem hohen Sweet Spot zur Oberseite der Klinge hin.<\/p>\n","protected":false},"featured_media":161840,"comment_status":"open","ping_status":"closed","template":"","meta":{"_acf_changed":false,"_joinchat":[]},"acabado":[1089,1079],"balance":[1134],"dureza":[1159,1154],"forma":[1169],"jugador":[1189,1199],"marca":[1234],"nivel-de-juego":[1334,1344],"superficie":[1359],"tipo-de-juego":[1379,1374],"product_brand":[],"product_cat":[299],"product_tag":[],"class_list":{"0":"post-19762","1":"product","2":"type-product","3":"status-publish","4":"has-post-thumbnail","6":"acabado-3d-entlasten","7":"acabado-helligkeit","8":"balance-hoch","9":"dureza-dura-de","10":"dureza-media-de","11":"forma-diamante-de","12":"jugador-mann","13":"jugador-mehrzweck","14":"marca-harlem-padel-de","15":"superficie-rugosa-de","16":"tipo-de-juego-angriff","17":"tipo-de-juego-leistung","18":"product_cat-palas-de-padel-de","20":"first","21":"onbackorder","22":"sale","23":"taxable","24":"shipping-taxable","25":"purchasable","26":"product-type-simple"},"acf":[],"yoast_head":"<!-- This site is optimized with the Yoast SEO plugin v27.4 - https:\/\/yoast.com\/product\/yoast-seo-wordpress\/ -->\n<title>HARLEM PADEL NIRVANA - Revolution Padel Store<\/title>\n<meta name=\"description\" content=\"El modelo NIRVANA 2024 de Harlem Padel es una pala de alto rendimiento que ha sido dise\u00f1ada para jugadores\/as que tengan un nivel avanzado o profesional, con una t\u00e9cnica muy depurada. Presenta una\u00a0forma de diamante\u00a0con un\u00a0balance alto\u00a0y un punto dulce elevado hacia la parte superior de la pala.\" \/>\n<meta name=\"robots\" content=\"index, follow, max-snippet:-1, max-image-preview:large, max-video-preview:-1\" \/>\n<link rel=\"canonical\" href=\"https:\/\/revolutionpadelstore.com\/de\/produkt\/harlem-padel-nirvana-1\/\" \/>\n<meta property=\"og:locale\" content=\"de_DE\" \/>\n<meta property=\"og:type\" content=\"article\" \/>\n<meta property=\"og:title\" content=\"COMPRAR HARLEM PADEL NIRVANA 2024\" \/>\n<meta property=\"og:description\" content=\"El modelo NIRVANA 2024 de Harlem Padel es una pala de alto rendimiento que ha sido dise\u00f1ada para jugadores\/as que tengan un nivel avanzado o profesional, con una t\u00e9cnica muy depurada. Presenta una\u00a0forma de diamante\u00a0con un\u00a0balance alto\u00a0y un punto dulce elevado hacia la parte superior de la pala.\" \/>\n<meta property=\"og:url\" content=\"https:\/\/revolutionpadelstore.com\/de\/produkt\/harlem-padel-nirvana-1\/\" \/>\n<meta property=\"og:site_name\" content=\"Revolution Padel Store\" \/>\n<meta property=\"article:modified_time\" content=\"2026-04-08T12:32:45+00:00\" \/>\n<meta property=\"og:image\" content=\"https:\/\/revolutionpadelstore.com\/wp-content\/uploads\/2024\/04\/NIRVANA_1.jpg\" \/>\n\t<meta property=\"og:image:width\" content=\"800\" \/>\n\t<meta property=\"og:image:height\" content=\"800\" \/>\n\t<meta property=\"og:image:type\" content=\"image\/jpeg\" \/>\n<meta name=\"twitter:card\" content=\"summary_large_image\" \/>\n<meta name=\"twitter:label1\" content=\"Gesch\u00e4tzte Lesezeit\" \/>\n\t<meta name=\"twitter:data1\" content=\"2\u00a0Minuten\" \/>\n<script type=\"application\/ld+json\" class=\"yoast-schema-graph\">{\"@context\":\"https:\\\/\\\/schema.org\",\"@graph\":[{\"@type\":\"WebPage\",\"@id\":\"https:\\\/\\\/revolutionpadelstore.com\\\/de\\\/produkt\\\/harlem-padel-nirvana-1\\\/\",\"url\":\"https:\\\/\\\/revolutionpadelstore.com\\\/de\\\/produkt\\\/harlem-padel-nirvana-1\\\/\",\"name\":\"HARLEM PADEL NIRVANA - Revolution Padel Store\",\"isPartOf\":{\"@id\":\"https:\\\/\\\/revolutionpadelstore.com\\\/de\\\/#website\"},\"primaryImageOfPage\":{\"@id\":\"https:\\\/\\\/revolutionpadelstore.com\\\/de\\\/produkt\\\/harlem-padel-nirvana-1\\\/#primaryimage\"},\"image\":{\"@id\":\"https:\\\/\\\/revolutionpadelstore.com\\\/de\\\/produkt\\\/harlem-padel-nirvana-1\\\/#primaryimage\"},\"thumbnailUrl\":\"https:\\\/\\\/revolutionpadelstore.com\\\/wp-content\\\/uploads\\\/2024\\\/04\\\/81.png\",\"datePublished\":\"2024-04-09T06:08:37+00:00\",\"dateModified\":\"2026-04-08T12:32:45+00:00\",\"description\":\"El modelo NIRVANA 2024 de Harlem Padel es una pala de alto rendimiento que ha sido dise\u00f1ada para jugadores\\\/as que tengan un nivel avanzado o profesional, con una t\u00e9cnica muy depurada. Presenta una\u00a0forma de diamante\u00a0con un\u00a0balance alto\u00a0y un punto dulce elevado hacia la parte superior de la pala.\",\"breadcrumb\":{\"@id\":\"https:\\\/\\\/revolutionpadelstore.com\\\/de\\\/produkt\\\/harlem-padel-nirvana-1\\\/#breadcrumb\"},\"inLanguage\":\"de\",\"potentialAction\":[{\"@type\":\"ReadAction\",\"target\":[\"https:\\\/\\\/revolutionpadelstore.com\\\/de\\\/produkt\\\/harlem-padel-nirvana-1\\\/\"]}]},{\"@type\":\"ImageObject\",\"inLanguage\":\"de\",\"@id\":\"https:\\\/\\\/revolutionpadelstore.com\\\/de\\\/produkt\\\/harlem-padel-nirvana-1\\\/#primaryimage\",\"url\":\"https:\\\/\\\/revolutionpadelstore.com\\\/wp-content\\\/uploads\\\/2024\\\/04\\\/81.png\",\"contentUrl\":\"https:\\\/\\\/revolutionpadelstore.com\\\/wp-content\\\/uploads\\\/2024\\\/04\\\/81.png\",\"width\":1500,\"height\":1500},{\"@type\":\"BreadcrumbList\",\"@id\":\"https:\\\/\\\/revolutionpadelstore.com\\\/de\\\/produkt\\\/harlem-padel-nirvana-1\\\/#breadcrumb\",\"itemListElement\":[{\"@type\":\"ListItem\",\"position\":1,\"name\":\"Portada\",\"item\":\"https:\\\/\\\/revolutionpadelstore.com\\\/de\\\/\"},{\"@type\":\"ListItem\",\"position\":2,\"name\":\"Shop\",\"item\":\"https:\\\/\\\/revolutionpadelstore.com\\\/de\\\/tienda\\\/\"},{\"@type\":\"ListItem\",\"position\":3,\"name\":\"HARLEM PADEL NIRVANA\"}]},{\"@type\":\"WebSite\",\"@id\":\"https:\\\/\\\/revolutionpadelstore.com\\\/de\\\/#website\",\"url\":\"https:\\\/\\\/revolutionpadelstore.com\\\/de\\\/\",\"name\":\"Revolution Padel Store\",\"description\":\"\",\"publisher\":{\"@id\":\"https:\\\/\\\/revolutionpadelstore.com\\\/de\\\/#organization\"},\"potentialAction\":[{\"@type\":\"SearchAction\",\"target\":{\"@type\":\"EntryPoint\",\"urlTemplate\":\"https:\\\/\\\/revolutionpadelstore.com\\\/de\\\/?s={search_term_string}\"},\"query-input\":{\"@type\":\"PropertyValueSpecification\",\"valueRequired\":true,\"valueName\":\"search_term_string\"}}],\"inLanguage\":\"de\"},{\"@type\":\"Organization\",\"@id\":\"https:\\\/\\\/revolutionpadelstore.com\\\/de\\\/#organization\",\"name\":\"Revolution Padel Store\",\"url\":\"https:\\\/\\\/revolutionpadelstore.com\\\/de\\\/\",\"logo\":{\"@type\":\"ImageObject\",\"inLanguage\":\"de\",\"@id\":\"https:\\\/\\\/revolutionpadelstore.com\\\/de\\\/#\\\/schema\\\/logo\\\/image\\\/\",\"url\":\"https:\\\/\\\/revolutionpadelstore.com\\\/wp-content\\\/uploads\\\/2026\\\/02\\\/revolution-padel-store.jpg\",\"contentUrl\":\"https:\\\/\\\/revolutionpadelstore.com\\\/wp-content\\\/uploads\\\/2026\\\/02\\\/revolution-padel-store.jpg\",\"width\":2000,\"height\":2000,\"caption\":\"Revolution Padel Store\"},\"image\":{\"@id\":\"https:\\\/\\\/revolutionpadelstore.com\\\/de\\\/#\\\/schema\\\/logo\\\/image\\\/\"},\"sameAs\":[\"https:\\\/\\\/www.instagram.com\\\/revolutionpadelstore\\\/\"]}]}<\/script>\n<!-- \/ Yoast SEO plugin. -->","yoast_head_json":{"title":"HARLEM PADEL NIRVANA - Revolution Padel Store","description":"El modelo NIRVANA 2024 de Harlem Padel es una pala de alto rendimiento que ha sido dise\u00f1ada para jugadores\/as que tengan un nivel avanzado o profesional, con una t\u00e9cnica muy depurada. Presenta una\u00a0forma de diamante\u00a0con un\u00a0balance alto\u00a0y un punto dulce elevado hacia la parte superior de la pala.","robots":{"index":"index","follow":"follow","max-snippet":"max-snippet:-1","max-image-preview":"max-image-preview:large","max-video-preview":"max-video-preview:-1"},"canonical":"https:\/\/revolutionpadelstore.com\/de\/produkt\/harlem-padel-nirvana-1\/","og_locale":"de_DE","og_type":"article","og_title":"COMPRAR HARLEM PADEL NIRVANA 2024","og_description":"El modelo NIRVANA 2024 de Harlem Padel es una pala de alto rendimiento que ha sido dise\u00f1ada para jugadores\/as que tengan un nivel avanzado o profesional, con una t\u00e9cnica muy depurada. Presenta una\u00a0forma de diamante\u00a0con un\u00a0balance alto\u00a0y un punto dulce elevado hacia la parte superior de la pala.","og_url":"https:\/\/revolutionpadelstore.com\/de\/produkt\/harlem-padel-nirvana-1\/","og_site_name":"Revolution Padel Store","article_modified_time":"2026-04-08T12:32:45+00:00","og_image":[{"width":800,"height":800,"url":"https:\/\/revolutionpadelstore.com\/wp-content\/uploads\/2024\/04\/NIRVANA_1.jpg","type":"image\/jpeg"}],"twitter_card":"summary_large_image","twitter_misc":{"Gesch\u00e4tzte Lesezeit":"2\u00a0Minuten"},"schema":{"@context":"https:\/\/schema.org","@graph":[{"@type":"WebPage","@id":"https:\/\/revolutionpadelstore.com\/de\/produkt\/harlem-padel-nirvana-1\/","url":"https:\/\/revolutionpadelstore.com\/de\/produkt\/harlem-padel-nirvana-1\/","name":"HARLEM PADEL NIRVANA - Revolution Padel Store","isPartOf":{"@id":"https:\/\/revolutionpadelstore.com\/de\/#website"},"primaryImageOfPage":{"@id":"https:\/\/revolutionpadelstore.com\/de\/produkt\/harlem-padel-nirvana-1\/#primaryimage"},"image":{"@id":"https:\/\/revolutionpadelstore.com\/de\/produkt\/harlem-padel-nirvana-1\/#primaryimage"},"thumbnailUrl":"https:\/\/revolutionpadelstore.com\/wp-content\/uploads\/2024\/04\/81.png","datePublished":"2024-04-09T06:08:37+00:00","dateModified":"2026-04-08T12:32:45+00:00","description":"El modelo NIRVANA 2024 de Harlem Padel es una pala de alto rendimiento que ha sido dise\u00f1ada para jugadores\/as que tengan un nivel avanzado o profesional, con una t\u00e9cnica muy depurada. Presenta una\u00a0forma de diamante\u00a0con un\u00a0balance alto\u00a0y un punto dulce elevado hacia la parte superior de la pala.","breadcrumb":{"@id":"https:\/\/revolutionpadelstore.com\/de\/produkt\/harlem-padel-nirvana-1\/#breadcrumb"},"inLanguage":"de","potentialAction":[{"@type":"ReadAction","target":["https:\/\/revolutionpadelstore.com\/de\/produkt\/harlem-padel-nirvana-1\/"]}]},{"@type":"ImageObject","inLanguage":"de","@id":"https:\/\/revolutionpadelstore.com\/de\/produkt\/harlem-padel-nirvana-1\/#primaryimage","url":"https:\/\/revolutionpadelstore.com\/wp-content\/uploads\/2024\/04\/81.png","contentUrl":"https:\/\/revolutionpadelstore.com\/wp-content\/uploads\/2024\/04\/81.png","width":1500,"height":1500},{"@type":"BreadcrumbList","@id":"https:\/\/revolutionpadelstore.com\/de\/produkt\/harlem-padel-nirvana-1\/#breadcrumb","itemListElement":[{"@type":"ListItem","position":1,"name":"Portada","item":"https:\/\/revolutionpadelstore.com\/de\/"},{"@type":"ListItem","position":2,"name":"Shop","item":"https:\/\/revolutionpadelstore.com\/de\/tienda\/"},{"@type":"ListItem","position":3,"name":"HARLEM PADEL NIRVANA"}]},{"@type":"WebSite","@id":"https:\/\/revolutionpadelstore.com\/de\/#website","url":"https:\/\/revolutionpadelstore.com\/de\/","name":"Revolution Padel Store","description":"","publisher":{"@id":"https:\/\/revolutionpadelstore.com\/de\/#organization"},"potentialAction":[{"@type":"SearchAction","target":{"@type":"EntryPoint","urlTemplate":"https:\/\/revolutionpadelstore.com\/de\/?s={search_term_string}"},"query-input":{"@type":"PropertyValueSpecification","valueRequired":true,"valueName":"search_term_string"}}],"inLanguage":"de"},{"@type":"Organization","@id":"https:\/\/revolutionpadelstore.com\/de\/#organization","name":"Revolution Padel Store","url":"https:\/\/revolutionpadelstore.com\/de\/","logo":{"@type":"ImageObject","inLanguage":"de","@id":"https:\/\/revolutionpadelstore.com\/de\/#\/schema\/logo\/image\/","url":"https:\/\/revolutionpadelstore.com\/wp-content\/uploads\/2026\/02\/revolution-padel-store.jpg","contentUrl":"https:\/\/revolutionpadelstore.com\/wp-content\/uploads\/2026\/02\/revolution-padel-store.jpg","width":2000,"height":2000,"caption":"Revolution Padel Store"},"image":{"@id":"https:\/\/revolutionpadelstore.com\/de\/#\/schema\/logo\/image\/"},"sameAs":["https:\/\/www.instagram.com\/revolutionpadelstore\/"]}]}},"_links":{"self":[{"href":"https:\/\/revolutionpadelstore.com\/de\/wp-json\/wp\/v2\/product\/19762","targetHints":{"allow":["GET"]}}],"collection":[{"href":"https:\/\/revolutionpadelstore.com\/de\/wp-json\/wp\/v2\/product"}],"about":[{"href":"https:\/\/revolutionpadelstore.com\/de\/wp-json\/wp\/v2\/types\/product"}],"replies":[{"embeddable":true,"href":"https:\/\/revolutionpadelstore.com\/de\/wp-json\/wp\/v2\/comments?post=19762"}],"wp:featuredmedia":[{"embeddable":true,"href":"https:\/\/revolutionpadelstore.com\/de\/wp-json\/wp\/v2\/media\/161840"}],"wp:attachment":[{"href":"https:\/\/revolutionpadelstore.com\/de\/wp-json\/wp\/v2\/media?parent=19762"}],"wp:term":[{"taxonomy":"acabado","embeddable":true,"href":"https:\/\/revolutionpadelstore.com\/de\/wp-json\/wp\/v2\/acabado?post=19762"},{"taxonomy":"balance","embeddable":true,"href":"https:\/\/revolutionpadelstore.com\/de\/wp-json\/wp\/v2\/balance?post=19762"},{"taxonomy":"dureza","embeddable":true,"href":"https:\/\/revolutionpadelstore.com\/de\/wp-json\/wp\/v2\/dureza?post=19762"},{"taxonomy":"forma","embeddable":true,"href":"https:\/\/revolutionpadelstore.com\/de\/wp-json\/wp\/v2\/forma?post=19762"},{"taxonomy":"jugador","embeddable":true,"href":"https:\/\/revolutionpadelstore.com\/de\/wp-json\/wp\/v2\/jugador?post=19762"},{"taxonomy":"marca","embeddable":true,"href":"https:\/\/revolutionpadelstore.com\/de\/wp-json\/wp\/v2\/marca?post=19762"},{"taxonomy":"nivel-de-juego","embeddable":true,"href":"https:\/\/revolutionpadelstore.com\/de\/wp-json\/wp\/v2\/nivel-de-juego?post=19762"},{"taxonomy":"superficie","embeddable":true,"href":"https:\/\/revolutionpadelstore.com\/de\/wp-json\/wp\/v2\/superficie?post=19762"},{"taxonomy":"tipo-de-juego","embeddable":true,"href":"https:\/\/revolutionpadelstore.com\/de\/wp-json\/wp\/v2\/tipo-de-juego?post=19762"},{"taxonomy":"product_brand","embeddable":true,"href":"https:\/\/revolutionpadelstore.com\/de\/wp-json\/wp\/v2\/product_brand?post=19762"},{"taxonomy":"product_cat","embeddable":true,"href":"https:\/\/revolutionpadelstore.com\/de\/wp-json\/wp\/v2\/product_cat?post=19762"},{"taxonomy":"product_tag","embeddable":true,"href":"https:\/\/revolutionpadelstore.com\/de\/wp-json\/wp\/v2\/product_tag?post=19762"}],"curies":[{"name":"wp","href":"https:\/\/api.w.org\/{rel}","templated":true}]}}