{"id":197548,"date":"2025-02-26T23:28:30","date_gmt":"2025-02-26T22:28:30","guid":{"rendered":"https:\/\/revolutionpadelstore.com\/joma-set-men-2501-negro\/"},"modified":"2026-04-08T06:06:57","modified_gmt":"2026-04-08T04:06:57","slug":"joma-set-men-2501-negro-1","status":"publish","type":"product","link":"https:\/\/revolutionpadelstore.com\/de\/produkt\/joma-set-men-2501-negro-1\/","title":{"rendered":"JOMA SET MEN 2501 NEGRO"},"content":{"rendered":"<h2> Joma Set M\u00e4nner 2501 Black 2025 &#8211; Komfort und Leistung auf der Strecke<br \/>\nWenn Sie nach Paddelschuhen mit hervorragendem Preis -Leistungs -Verh\u00e4ltnis suchen, sind die Joma Set Men 2501 Black 2025 die ideale Option. Entwickelt f\u00fcr Zwischenspieler, die ihre Leistung verbessern, Stabilit\u00e4t, Komfort und optimale Traktion in jedem Spiel kombinieren m\u00f6chten.<\/p>\n<p>Dank ihres ergonomischen Designs und ihrer fortschrittlichen Technologien garantieren diese Schuhe eine komfortable und sichere Profil, mit der Sie sich mit Beweglichkeit auf der Strecke bewegen k\u00f6nnen. Dar\u00fcber hinaus bietet seine Tonsohle einen oberen Griff auf rutschige Oberfl\u00e4chen, die kontrollierte Erdrutsche und ein gr\u00f6\u00dferes Gleichgewicht an jedem Punkt erm\u00f6glichen.<\/p>\n<h2> <strong> Eigenschaften und Technologien der Joma -Set M\u00e4nner 2501 <\/ strong> <\/ h2><\/p>\n<p>-vts (Gesamtsysteml\u00fcftung): L\u00fcftungssystem, das den Luftstrom optimiert, um Ihre F\u00fc\u00dfe frisch und trocken zu halten.<br \/>\n-Protation: thermosellierte Verst\u00e4rkung oben, die mehr Widerstand und Haltbarkeit bietet.<br \/>\n-Stabilis: Technologie in der Zwischensohle, die unerw\u00fcnschte Torsionen minimiert und die laterale Stabilit\u00e4t verbessert.<br \/>\n-Full Dual Impuls: Doppeldichte Durchschnitt, der Auswirkungen absorbiert und eine reaktivere Fu\u00dfabdruck bietet.<br \/>\n-Durabilit\u00e4t: Tragen Sie resistente Gummi -Sohle, ideal f\u00fcr Paddeloberfl\u00e4chen.<br \/>\n-Sae sichere und atmungsaktive Materialien: Perfekte Kombination, um bei langen Spielsitzungen Komfort zu bieten. <\/p>\n<h2> <strong> Wer sind die Joma -Set -M\u00e4nner 2501?<br \/>\nDiese Schuhe sind f\u00fcr Spieler mit mittlerer Ebene konzipiert, die ihre Technik und Mobilit\u00e4t auf der Strecke verbessern m\u00f6chten. Sie sind perfekt f\u00fcr diejenigen, die mit moderatem Intensit\u00e4t spielen und Schuhe ben\u00f6tigen, die Stabilit\u00e4t, Komfort und hervorragenden Griff bieten.<\/p>\n<h2> <strong> Vorteile des Joma -Sets 2501 Black 2025 <\/ strong> <\/ h2><\/p>\n<p>&#8211; ergonomisches Design und fortschrittliche Technologien, die Komfort und Haltbarkeit garantieren.<br \/>\n&#8211; Tonsohle f\u00fcr einen festen Griff und kontrollierten Erdrutschen.<br \/>\n&#8211; Verst\u00e4rkung in strategischen Bereichen, die den Widerstand verbessern und die Nutzungsdauer von Schuhen verl\u00e4ngern.<br \/>\n&#8211; HERPENSYSTEM, das die Auswirkungen auf jede Bewegung verringert und Ihre Gelenke sch\u00fctzt.<br \/>\n&#8211; Optimierte Anpassung, die unerw\u00fcnschte Bewegungen vermeidet und das Verletzungsrisiko verringert. <\/p>\n<p><strong> jetzt in unserem Online-Shop erh\u00e4ltlich &lt;a href = &quot;https:\/\/chatgpt.com\/g\/g-675432e02688191b6ee6d6f2fdbb15e-optimization-textos\/c\/www.revolutionpadelstore.com&quot; Mercado. <\/strong> Bleib nicht ohne deine!<\/p>\n<h2>Zapatillas Joma Set Men 2501 Negro 2025 \u2013 Comodidad y rendimiento en la pista<\/h2>\n","protected":false},"excerpt":{"rendered":"<p>Wenn Sie nach Paddelschuhen mit einer gro\u00dfartigen Beziehung zwischen Qualit\u00e4t und Preis suchen, sind die <strong> Joma -M\u00e4nner 2501 Black 2025 <\/strong> eine ausgezeichnete Wahl. Sie wurden speziell f\u00fcr Spieler mit mittlerer Ebene entwickelt, die ihre Leistung optimieren m\u00f6chten, und bieten eine perfekte Kombination aus Stabilit\u00e4t, Komfort und Griff in jeder Bewegung.<strong>Joma Set Men 2501 Negro 2025<\/strong><\/p>\n","protected":false},"featured_media":197507,"comment_status":"open","ping_status":"closed","template":"","meta":{"_acf_changed":false,"_joinchat":[]},"acabado":[],"balance":[],"dureza":[],"forma":[],"jugador":[1189],"marca":[1224],"nivel-de-juego":[],"superficie":[],"tipo-de-juego":[],"product_brand":[],"product_cat":[831],"product_tag":[],"class_list":{"0":"post-197548","1":"product","2":"type-product","3":"status-publish","4":"has-post-thumbnail","6":"jugador-mann","7":"marca-joma-de","8":"product_cat-turnschuhe","10":"first","11":"outofstock","12":"sale","13":"taxable","14":"shipping-taxable","15":"purchasable","16":"product-type-variable"},"acf":[],"yoast_head":"<!-- This site is optimized with the Yoast SEO plugin v27.4 - https:\/\/yoast.com\/product\/yoast-seo-wordpress\/ -->\n<title>JOMA SET MEN 2501 NEGRO - Revolution Padel Store<\/title>\n<meta name=\"description\" content=\"Descubre las zapatillas Joma Set Men 2501 Black 2025, dise\u00f1adas para jugadores intermedios. Comodidad, estabilidad y agarre superior con suela clay. \u00a1C\u00f3mpralas en Revolution Padel Store al mejor precio!\" \/>\n<meta name=\"robots\" content=\"index, follow, max-snippet:-1, max-image-preview:large, max-video-preview:-1\" \/>\n<link rel=\"canonical\" href=\"https:\/\/revolutionpadelstore.com\/de\/produkt\/joma-set-men-2501-negro-1\/\" \/>\n<meta property=\"og:locale\" content=\"de_DE\" \/>\n<meta property=\"og:type\" content=\"article\" \/>\n<meta property=\"og:title\" content=\"JOMA SET MEN 2501 NEGRO - Revolution Padel Store\" \/>\n<meta property=\"og:description\" content=\"Descubre las zapatillas Joma Set Men 2501 Black 2025, dise\u00f1adas para jugadores intermedios. Comodidad, estabilidad y agarre superior con suela clay. \u00a1C\u00f3mpralas en Revolution Padel Store al mejor precio!\" \/>\n<meta property=\"og:url\" content=\"https:\/\/revolutionpadelstore.com\/de\/produkt\/joma-set-men-2501-negro-1\/\" \/>\n<meta property=\"og:site_name\" content=\"Revolution Padel Store\" \/>\n<meta property=\"article:modified_time\" content=\"2026-04-08T04:06:57+00:00\" \/>\n<meta property=\"og:image\" content=\"https:\/\/revolutionpadelstore.com\/wp-content\/uploads\/2025\/02\/141.png\" \/>\n\t<meta property=\"og:image:width\" content=\"1500\" \/>\n\t<meta property=\"og:image:height\" content=\"1500\" \/>\n\t<meta property=\"og:image:type\" content=\"image\/png\" \/>\n<meta name=\"twitter:card\" content=\"summary_large_image\" \/>\n<meta name=\"twitter:label1\" content=\"Gesch\u00e4tzte Lesezeit\" \/>\n\t<meta name=\"twitter:data1\" content=\"2\u00a0Minuten\" \/>\n<script type=\"application\/ld+json\" class=\"yoast-schema-graph\">{\"@context\":\"https:\\\/\\\/schema.org\",\"@graph\":[{\"@type\":\"WebPage\",\"@id\":\"https:\\\/\\\/revolutionpadelstore.com\\\/de\\\/produkt\\\/joma-set-men-2501-negro-1\\\/\",\"url\":\"https:\\\/\\\/revolutionpadelstore.com\\\/de\\\/produkt\\\/joma-set-men-2501-negro-1\\\/\",\"name\":\"JOMA SET MEN 2501 NEGRO - Revolution Padel Store\",\"isPartOf\":{\"@id\":\"https:\\\/\\\/revolutionpadelstore.com\\\/de\\\/#website\"},\"primaryImageOfPage\":{\"@id\":\"https:\\\/\\\/revolutionpadelstore.com\\\/de\\\/produkt\\\/joma-set-men-2501-negro-1\\\/#primaryimage\"},\"image\":{\"@id\":\"https:\\\/\\\/revolutionpadelstore.com\\\/de\\\/produkt\\\/joma-set-men-2501-negro-1\\\/#primaryimage\"},\"thumbnailUrl\":\"https:\\\/\\\/revolutionpadelstore.com\\\/wp-content\\\/uploads\\\/2025\\\/02\\\/141.png\",\"datePublished\":\"2025-02-26T22:28:30+00:00\",\"dateModified\":\"2026-04-08T04:06:57+00:00\",\"description\":\"Descubre las zapatillas Joma Set Men 2501 Black 2025, dise\u00f1adas para jugadores intermedios. Comodidad, estabilidad y agarre superior con suela clay. \u00a1C\u00f3mpralas en Revolution Padel Store al mejor precio!\",\"breadcrumb\":{\"@id\":\"https:\\\/\\\/revolutionpadelstore.com\\\/de\\\/produkt\\\/joma-set-men-2501-negro-1\\\/#breadcrumb\"},\"inLanguage\":\"de\",\"potentialAction\":[{\"@type\":\"ReadAction\",\"target\":[\"https:\\\/\\\/revolutionpadelstore.com\\\/de\\\/produkt\\\/joma-set-men-2501-negro-1\\\/\"]}]},{\"@type\":\"ImageObject\",\"inLanguage\":\"de\",\"@id\":\"https:\\\/\\\/revolutionpadelstore.com\\\/de\\\/produkt\\\/joma-set-men-2501-negro-1\\\/#primaryimage\",\"url\":\"https:\\\/\\\/revolutionpadelstore.com\\\/wp-content\\\/uploads\\\/2025\\\/02\\\/141.png\",\"contentUrl\":\"https:\\\/\\\/revolutionpadelstore.com\\\/wp-content\\\/uploads\\\/2025\\\/02\\\/141.png\",\"width\":1500,\"height\":1500},{\"@type\":\"BreadcrumbList\",\"@id\":\"https:\\\/\\\/revolutionpadelstore.com\\\/de\\\/produkt\\\/joma-set-men-2501-negro-1\\\/#breadcrumb\",\"itemListElement\":[{\"@type\":\"ListItem\",\"position\":1,\"name\":\"Portada\",\"item\":\"https:\\\/\\\/revolutionpadelstore.com\\\/de\\\/\"},{\"@type\":\"ListItem\",\"position\":2,\"name\":\"Shop\",\"item\":\"https:\\\/\\\/revolutionpadelstore.com\\\/de\\\/tienda\\\/\"},{\"@type\":\"ListItem\",\"position\":3,\"name\":\"JOMA SET MEN 2501 NEGRO\"}]},{\"@type\":\"WebSite\",\"@id\":\"https:\\\/\\\/revolutionpadelstore.com\\\/de\\\/#website\",\"url\":\"https:\\\/\\\/revolutionpadelstore.com\\\/de\\\/\",\"name\":\"Revolution Padel Store\",\"description\":\"\",\"publisher\":{\"@id\":\"https:\\\/\\\/revolutionpadelstore.com\\\/de\\\/#organization\"},\"potentialAction\":[{\"@type\":\"SearchAction\",\"target\":{\"@type\":\"EntryPoint\",\"urlTemplate\":\"https:\\\/\\\/revolutionpadelstore.com\\\/de\\\/?s={search_term_string}\"},\"query-input\":{\"@type\":\"PropertyValueSpecification\",\"valueRequired\":true,\"valueName\":\"search_term_string\"}}],\"inLanguage\":\"de\"},{\"@type\":\"Organization\",\"@id\":\"https:\\\/\\\/revolutionpadelstore.com\\\/de\\\/#organization\",\"name\":\"Revolution Padel Store\",\"url\":\"https:\\\/\\\/revolutionpadelstore.com\\\/de\\\/\",\"logo\":{\"@type\":\"ImageObject\",\"inLanguage\":\"de\",\"@id\":\"https:\\\/\\\/revolutionpadelstore.com\\\/de\\\/#\\\/schema\\\/logo\\\/image\\\/\",\"url\":\"https:\\\/\\\/revolutionpadelstore.com\\\/wp-content\\\/uploads\\\/2026\\\/02\\\/revolution-padel-store.jpg\",\"contentUrl\":\"https:\\\/\\\/revolutionpadelstore.com\\\/wp-content\\\/uploads\\\/2026\\\/02\\\/revolution-padel-store.jpg\",\"width\":2000,\"height\":2000,\"caption\":\"Revolution Padel Store\"},\"image\":{\"@id\":\"https:\\\/\\\/revolutionpadelstore.com\\\/de\\\/#\\\/schema\\\/logo\\\/image\\\/\"},\"sameAs\":[\"https:\\\/\\\/www.instagram.com\\\/revolutionpadelstore\\\/\"]}]}<\/script>\n<!-- \/ Yoast SEO plugin. -->","yoast_head_json":{"title":"JOMA SET MEN 2501 NEGRO - Revolution Padel Store","description":"Descubre las zapatillas Joma Set Men 2501 Black 2025, dise\u00f1adas para jugadores intermedios. Comodidad, estabilidad y agarre superior con suela clay. \u00a1C\u00f3mpralas en Revolution Padel Store al mejor precio!","robots":{"index":"index","follow":"follow","max-snippet":"max-snippet:-1","max-image-preview":"max-image-preview:large","max-video-preview":"max-video-preview:-1"},"canonical":"https:\/\/revolutionpadelstore.com\/de\/produkt\/joma-set-men-2501-negro-1\/","og_locale":"de_DE","og_type":"article","og_title":"JOMA SET MEN 2501 NEGRO - Revolution Padel Store","og_description":"Descubre las zapatillas Joma Set Men 2501 Black 2025, dise\u00f1adas para jugadores intermedios. Comodidad, estabilidad y agarre superior con suela clay. \u00a1C\u00f3mpralas en Revolution Padel Store al mejor precio!","og_url":"https:\/\/revolutionpadelstore.com\/de\/produkt\/joma-set-men-2501-negro-1\/","og_site_name":"Revolution Padel Store","article_modified_time":"2026-04-08T04:06:57+00:00","og_image":[{"width":1500,"height":1500,"url":"https:\/\/revolutionpadelstore.com\/wp-content\/uploads\/2025\/02\/141.png","type":"image\/png"}],"twitter_card":"summary_large_image","twitter_misc":{"Gesch\u00e4tzte Lesezeit":"2\u00a0Minuten"},"schema":{"@context":"https:\/\/schema.org","@graph":[{"@type":"WebPage","@id":"https:\/\/revolutionpadelstore.com\/de\/produkt\/joma-set-men-2501-negro-1\/","url":"https:\/\/revolutionpadelstore.com\/de\/produkt\/joma-set-men-2501-negro-1\/","name":"JOMA SET MEN 2501 NEGRO - Revolution Padel Store","isPartOf":{"@id":"https:\/\/revolutionpadelstore.com\/de\/#website"},"primaryImageOfPage":{"@id":"https:\/\/revolutionpadelstore.com\/de\/produkt\/joma-set-men-2501-negro-1\/#primaryimage"},"image":{"@id":"https:\/\/revolutionpadelstore.com\/de\/produkt\/joma-set-men-2501-negro-1\/#primaryimage"},"thumbnailUrl":"https:\/\/revolutionpadelstore.com\/wp-content\/uploads\/2025\/02\/141.png","datePublished":"2025-02-26T22:28:30+00:00","dateModified":"2026-04-08T04:06:57+00:00","description":"Descubre las zapatillas Joma Set Men 2501 Black 2025, dise\u00f1adas para jugadores intermedios. Comodidad, estabilidad y agarre superior con suela clay. \u00a1C\u00f3mpralas en Revolution Padel Store al mejor precio!","breadcrumb":{"@id":"https:\/\/revolutionpadelstore.com\/de\/produkt\/joma-set-men-2501-negro-1\/#breadcrumb"},"inLanguage":"de","potentialAction":[{"@type":"ReadAction","target":["https:\/\/revolutionpadelstore.com\/de\/produkt\/joma-set-men-2501-negro-1\/"]}]},{"@type":"ImageObject","inLanguage":"de","@id":"https:\/\/revolutionpadelstore.com\/de\/produkt\/joma-set-men-2501-negro-1\/#primaryimage","url":"https:\/\/revolutionpadelstore.com\/wp-content\/uploads\/2025\/02\/141.png","contentUrl":"https:\/\/revolutionpadelstore.com\/wp-content\/uploads\/2025\/02\/141.png","width":1500,"height":1500},{"@type":"BreadcrumbList","@id":"https:\/\/revolutionpadelstore.com\/de\/produkt\/joma-set-men-2501-negro-1\/#breadcrumb","itemListElement":[{"@type":"ListItem","position":1,"name":"Portada","item":"https:\/\/revolutionpadelstore.com\/de\/"},{"@type":"ListItem","position":2,"name":"Shop","item":"https:\/\/revolutionpadelstore.com\/de\/tienda\/"},{"@type":"ListItem","position":3,"name":"JOMA SET MEN 2501 NEGRO"}]},{"@type":"WebSite","@id":"https:\/\/revolutionpadelstore.com\/de\/#website","url":"https:\/\/revolutionpadelstore.com\/de\/","name":"Revolution Padel Store","description":"","publisher":{"@id":"https:\/\/revolutionpadelstore.com\/de\/#organization"},"potentialAction":[{"@type":"SearchAction","target":{"@type":"EntryPoint","urlTemplate":"https:\/\/revolutionpadelstore.com\/de\/?s={search_term_string}"},"query-input":{"@type":"PropertyValueSpecification","valueRequired":true,"valueName":"search_term_string"}}],"inLanguage":"de"},{"@type":"Organization","@id":"https:\/\/revolutionpadelstore.com\/de\/#organization","name":"Revolution Padel Store","url":"https:\/\/revolutionpadelstore.com\/de\/","logo":{"@type":"ImageObject","inLanguage":"de","@id":"https:\/\/revolutionpadelstore.com\/de\/#\/schema\/logo\/image\/","url":"https:\/\/revolutionpadelstore.com\/wp-content\/uploads\/2026\/02\/revolution-padel-store.jpg","contentUrl":"https:\/\/revolutionpadelstore.com\/wp-content\/uploads\/2026\/02\/revolution-padel-store.jpg","width":2000,"height":2000,"caption":"Revolution Padel Store"},"image":{"@id":"https:\/\/revolutionpadelstore.com\/de\/#\/schema\/logo\/image\/"},"sameAs":["https:\/\/www.instagram.com\/revolutionpadelstore\/"]}]}},"_links":{"self":[{"href":"https:\/\/revolutionpadelstore.com\/de\/wp-json\/wp\/v2\/product\/197548","targetHints":{"allow":["GET"]}}],"collection":[{"href":"https:\/\/revolutionpadelstore.com\/de\/wp-json\/wp\/v2\/product"}],"about":[{"href":"https:\/\/revolutionpadelstore.com\/de\/wp-json\/wp\/v2\/types\/product"}],"replies":[{"embeddable":true,"href":"https:\/\/revolutionpadelstore.com\/de\/wp-json\/wp\/v2\/comments?post=197548"}],"wp:featuredmedia":[{"embeddable":true,"href":"https:\/\/revolutionpadelstore.com\/de\/wp-json\/wp\/v2\/media\/197507"}],"wp:attachment":[{"href":"https:\/\/revolutionpadelstore.com\/de\/wp-json\/wp\/v2\/media?parent=197548"}],"wp:term":[{"taxonomy":"acabado","embeddable":true,"href":"https:\/\/revolutionpadelstore.com\/de\/wp-json\/wp\/v2\/acabado?post=197548"},{"taxonomy":"balance","embeddable":true,"href":"https:\/\/revolutionpadelstore.com\/de\/wp-json\/wp\/v2\/balance?post=197548"},{"taxonomy":"dureza","embeddable":true,"href":"https:\/\/revolutionpadelstore.com\/de\/wp-json\/wp\/v2\/dureza?post=197548"},{"taxonomy":"forma","embeddable":true,"href":"https:\/\/revolutionpadelstore.com\/de\/wp-json\/wp\/v2\/forma?post=197548"},{"taxonomy":"jugador","embeddable":true,"href":"https:\/\/revolutionpadelstore.com\/de\/wp-json\/wp\/v2\/jugador?post=197548"},{"taxonomy":"marca","embeddable":true,"href":"https:\/\/revolutionpadelstore.com\/de\/wp-json\/wp\/v2\/marca?post=197548"},{"taxonomy":"nivel-de-juego","embeddable":true,"href":"https:\/\/revolutionpadelstore.com\/de\/wp-json\/wp\/v2\/nivel-de-juego?post=197548"},{"taxonomy":"superficie","embeddable":true,"href":"https:\/\/revolutionpadelstore.com\/de\/wp-json\/wp\/v2\/superficie?post=197548"},{"taxonomy":"tipo-de-juego","embeddable":true,"href":"https:\/\/revolutionpadelstore.com\/de\/wp-json\/wp\/v2\/tipo-de-juego?post=197548"},{"taxonomy":"product_brand","embeddable":true,"href":"https:\/\/revolutionpadelstore.com\/de\/wp-json\/wp\/v2\/product_brand?post=197548"},{"taxonomy":"product_cat","embeddable":true,"href":"https:\/\/revolutionpadelstore.com\/de\/wp-json\/wp\/v2\/product_cat?post=197548"},{"taxonomy":"product_tag","embeddable":true,"href":"https:\/\/revolutionpadelstore.com\/de\/wp-json\/wp\/v2\/product_tag?post=197548"}],"curies":[{"name":"wp","href":"https:\/\/api.w.org\/{rel}","templated":true}]}}