{"id":197482,"date":"2025-02-26T23:01:54","date_gmt":"2025-02-26T22:01:54","guid":{"rendered":"https:\/\/revolutionpadelstore.com\/joma-spin-lady-2502-blanco\/"},"modified":"2026-04-08T06:08:09","modified_gmt":"2026-04-08T04:08:09","slug":"joma-spin-lady-2502-blanco-1","status":"publish","type":"product","link":"https:\/\/revolutionpadelstore.com\/de\/produkt\/joma-spin-lady-2502-blanco-1\/","title":{"rendered":"JOMA SPIN LADY 2502 BLANCO"},"content":{"rendered":"<h2> <strong> Joma Spin Lady 2502 Wei\u00dfe Turnschuhe &#8211; Maximale Leistung und Stil auf der Strecke <\/ strong> <\/ h2><br \/>\nDie Joma Spin Lady 2502 in Wei\u00df wurde f\u00fcr Paddelspieler entwickelt, die die perfekte Balance zwischen Komfort, Stabilit\u00e4t und elegantem Design suchen. Die Konstruktion umfasst fortschrittliche Technologien, die eine ergonomische Anpassung, eine h\u00f6here Polsterung und eine optimale Atmungsaktivit\u00e4t garantieren, um die F\u00fc\u00dfe w\u00e4hrend des Spiels frisch zu halten.<\/p>\n<p>Dieses Modell f\u00e4llt auf seine Leichtigkeit und Flexibilit\u00e4t auf und erm\u00f6glicht agile und sichere Bewegungen auf der Strecke. Dar\u00fcber hinaus bietet sein leeres Design nicht nur Raffinesse, sondern auch mit einem Sport -Outfit.<\/p>\n<h2> <strong> Eigenschaften und Technologien der Joma Spin Lady 2502 <\/ strong> <\/ h2><\/p>\n<p>-VTS (Gesamtsysteml\u00fcftung)-F\u00f6rdert die Luftzirkulation, um Ihre F\u00fc\u00dfe trocken und komfortabel zu halten.<br \/>\n-Flexhield -Synthetische Verst\u00e4rkungen ohne N\u00e4hte, die eine optimale Stabilit\u00e4t und Anpassung bieten.<br \/>\n-Full Dual Pulsor -Doppeldichte -Strumpf, der die Auswirkungen absorbiert und die D\u00e4mpfung verbessert.<br \/>\n-Reaktive Kugel -Verriegelung einer verbesserten Energie f\u00fcr einen gr\u00f6\u00dferen Impuls in jedem Fu\u00dfabdruck.<br \/>\n-Exo -Z\u00e4hler -Heel -Verst\u00e4rkung, die Schutz und eine sichere Anpassung garantiert. <\/p>\n<h2> <strong> Wer sind die Joma Spin Lady 2502?<br \/>\nDiese Schuhe sind f\u00fcr Paddelspieler ausgelegt, die nach Schuhe suchen, die ihnen Stabilit\u00e4t, Komfort und modernes Design bieten. Sie sind ideal f\u00fcr diejenigen, die das Polsterung und die Haltbarkeit priorisieren, ohne den Stil auf der Strecke aufzugeben.<\/p>\n<p>Wenn Sie nach Schuhen suchen, die Sie an jedem Punkt mit der besten Kombination aus Komfort und Technologie begleiten, sind die Joma Spin Lady 2502 White Ihre beste Wahl.<\/p>\n<h2> <strong> Warum die Joma Spin Lady 2502 kaufen? <\/ strong> <\/ h2><\/p>\n<p>-Maximaler Komfort und Frische dank seines L\u00fcftungssystems.<br \/>\n-Ligereza und Stabilit\u00e4t, mit denen Sie sich in jedem Spiel sicher bewegen k\u00f6nnen.<br \/>\n-Elegantes und vielseitiges Design, ideal zum Kombinieren mit allen Ger\u00e4ten.<br \/>\n-Die Haltbarkeit mit resistenten und atmungsaktiven Materialien. <\/p>\n<p>Warten Sie nicht l\u00e4nger und r\u00fcsten Sie sich mit der <strong> Joma Spin Lady 2502 <\/strong> aus, um das Beste in jedem Spiel zu tun. Kaufen Sie sie jetzt in unserem Online-Shop <a href=\"https:\/\/chatgpt.com\/g\/g-675432e026888191b6ee6d6f2fdbb15e-optimization-textos\/c\/www.revolutionPadelstore.com\"> ww.revolvolypadel!<\/p>\n<h2><strong>Zapatillas Joma Spin Lady 2502 Blancas \u2013 M\u00e1ximo rendimiento y estilo en la pista<\/strong><\/p>\n","protected":false},"excerpt":{"rendered":"<p>Dieses Modell unterscheidet sich durch sein leichtes Gewicht und seine gro\u00dfe Flexibilit\u00e4t, die schnelle und sichere Bewegungen auf der Strecke erleichtert. Dar\u00fcber hinaus bietet sein elegantes wei\u00dfes Design nicht nur eine anspruchsvolle Note, sondern passt sich auch leicht an jedes Sportteam an.<\/p>\n","protected":false},"featured_media":197444,"comment_status":"open","ping_status":"closed","template":"","meta":{"_acf_changed":false,"_joinchat":[]},"acabado":[],"balance":[],"dureza":[],"forma":[],"jugador":[1194],"marca":[1224],"nivel-de-juego":[],"superficie":[],"tipo-de-juego":[],"product_brand":[],"product_cat":[831],"product_tag":[],"class_list":{"0":"post-197482","1":"product","2":"type-product","3":"status-publish","4":"has-post-thumbnail","6":"jugador-frau","7":"marca-joma-de","8":"product_cat-turnschuhe","10":"first","11":"outofstock","12":"sale","13":"taxable","14":"shipping-taxable","15":"purchasable","16":"product-type-variable"},"acf":[],"yoast_head":"<!-- This site is optimized with the Yoast SEO plugin v27.4 - https:\/\/yoast.com\/product\/yoast-seo-wordpress\/ -->\n<title>JOMA SPIN LADY 2502 BLANCO - Revolution Padel Store<\/title>\n<meta name=\"description\" content=\"Compra las Joma Spin Lady 2502 Blancas, unas zapatillas de p\u00e1del ligeras, transpirables y con tecnolog\u00edas avanzadas para m\u00e1ximo rendimiento. \u00a1Entra ya en Revolution Padel Store!\" \/>\n<meta name=\"robots\" content=\"index, follow, max-snippet:-1, max-image-preview:large, max-video-preview:-1\" \/>\n<link rel=\"canonical\" href=\"https:\/\/revolutionpadelstore.com\/de\/produkt\/joma-spin-lady-2502-blanco-1\/\" \/>\n<meta property=\"og:locale\" content=\"de_DE\" \/>\n<meta property=\"og:type\" content=\"article\" \/>\n<meta property=\"og:title\" content=\"JOMA SPIN LADY 2502 BLANCO - Revolution Padel Store\" \/>\n<meta property=\"og:description\" content=\"Compra las Joma Spin Lady 2502 Blancas, unas zapatillas de p\u00e1del ligeras, transpirables y con tecnolog\u00edas avanzadas para m\u00e1ximo rendimiento. \u00a1Entra ya en Revolution Padel Store!\" \/>\n<meta property=\"og:url\" content=\"https:\/\/revolutionpadelstore.com\/de\/produkt\/joma-spin-lady-2502-blanco-1\/\" \/>\n<meta property=\"og:site_name\" content=\"Revolution Padel Store\" \/>\n<meta property=\"article:modified_time\" content=\"2026-04-08T04:08:09+00:00\" \/>\n<meta property=\"og:image\" content=\"https:\/\/revolutionpadelstore.com\/wp-content\/uploads\/2025\/02\/136.png\" \/>\n\t<meta property=\"og:image:width\" content=\"1500\" \/>\n\t<meta property=\"og:image:height\" content=\"1500\" \/>\n\t<meta property=\"og:image:type\" content=\"image\/png\" \/>\n<meta name=\"twitter:card\" content=\"summary_large_image\" \/>\n<meta name=\"twitter:label1\" content=\"Gesch\u00e4tzte Lesezeit\" \/>\n\t<meta name=\"twitter:data1\" content=\"2\u00a0Minuten\" \/>\n<script type=\"application\/ld+json\" class=\"yoast-schema-graph\">{\"@context\":\"https:\\\/\\\/schema.org\",\"@graph\":[{\"@type\":\"WebPage\",\"@id\":\"https:\\\/\\\/revolutionpadelstore.com\\\/de\\\/produkt\\\/joma-spin-lady-2502-blanco-1\\\/\",\"url\":\"https:\\\/\\\/revolutionpadelstore.com\\\/de\\\/produkt\\\/joma-spin-lady-2502-blanco-1\\\/\",\"name\":\"JOMA SPIN LADY 2502 BLANCO - Revolution Padel Store\",\"isPartOf\":{\"@id\":\"https:\\\/\\\/revolutionpadelstore.com\\\/de\\\/#website\"},\"primaryImageOfPage\":{\"@id\":\"https:\\\/\\\/revolutionpadelstore.com\\\/de\\\/produkt\\\/joma-spin-lady-2502-blanco-1\\\/#primaryimage\"},\"image\":{\"@id\":\"https:\\\/\\\/revolutionpadelstore.com\\\/de\\\/produkt\\\/joma-spin-lady-2502-blanco-1\\\/#primaryimage\"},\"thumbnailUrl\":\"https:\\\/\\\/revolutionpadelstore.com\\\/wp-content\\\/uploads\\\/2025\\\/02\\\/136.png\",\"datePublished\":\"2025-02-26T22:01:54+00:00\",\"dateModified\":\"2026-04-08T04:08:09+00:00\",\"description\":\"Compra las Joma Spin Lady 2502 Blancas, unas zapatillas de p\u00e1del ligeras, transpirables y con tecnolog\u00edas avanzadas para m\u00e1ximo rendimiento. \u00a1Entra ya en Revolution Padel Store!\",\"breadcrumb\":{\"@id\":\"https:\\\/\\\/revolutionpadelstore.com\\\/de\\\/produkt\\\/joma-spin-lady-2502-blanco-1\\\/#breadcrumb\"},\"inLanguage\":\"de\",\"potentialAction\":[{\"@type\":\"ReadAction\",\"target\":[\"https:\\\/\\\/revolutionpadelstore.com\\\/de\\\/produkt\\\/joma-spin-lady-2502-blanco-1\\\/\"]}]},{\"@type\":\"ImageObject\",\"inLanguage\":\"de\",\"@id\":\"https:\\\/\\\/revolutionpadelstore.com\\\/de\\\/produkt\\\/joma-spin-lady-2502-blanco-1\\\/#primaryimage\",\"url\":\"https:\\\/\\\/revolutionpadelstore.com\\\/wp-content\\\/uploads\\\/2025\\\/02\\\/136.png\",\"contentUrl\":\"https:\\\/\\\/revolutionpadelstore.com\\\/wp-content\\\/uploads\\\/2025\\\/02\\\/136.png\",\"width\":1500,\"height\":1500},{\"@type\":\"BreadcrumbList\",\"@id\":\"https:\\\/\\\/revolutionpadelstore.com\\\/de\\\/produkt\\\/joma-spin-lady-2502-blanco-1\\\/#breadcrumb\",\"itemListElement\":[{\"@type\":\"ListItem\",\"position\":1,\"name\":\"Portada\",\"item\":\"https:\\\/\\\/revolutionpadelstore.com\\\/de\\\/\"},{\"@type\":\"ListItem\",\"position\":2,\"name\":\"Shop\",\"item\":\"https:\\\/\\\/revolutionpadelstore.com\\\/de\\\/tienda\\\/\"},{\"@type\":\"ListItem\",\"position\":3,\"name\":\"JOMA SPIN LADY 2502 BLANCO\"}]},{\"@type\":\"WebSite\",\"@id\":\"https:\\\/\\\/revolutionpadelstore.com\\\/de\\\/#website\",\"url\":\"https:\\\/\\\/revolutionpadelstore.com\\\/de\\\/\",\"name\":\"Revolution Padel Store\",\"description\":\"\",\"publisher\":{\"@id\":\"https:\\\/\\\/revolutionpadelstore.com\\\/de\\\/#organization\"},\"potentialAction\":[{\"@type\":\"SearchAction\",\"target\":{\"@type\":\"EntryPoint\",\"urlTemplate\":\"https:\\\/\\\/revolutionpadelstore.com\\\/de\\\/?s={search_term_string}\"},\"query-input\":{\"@type\":\"PropertyValueSpecification\",\"valueRequired\":true,\"valueName\":\"search_term_string\"}}],\"inLanguage\":\"de\"},{\"@type\":\"Organization\",\"@id\":\"https:\\\/\\\/revolutionpadelstore.com\\\/de\\\/#organization\",\"name\":\"Revolution Padel Store\",\"url\":\"https:\\\/\\\/revolutionpadelstore.com\\\/de\\\/\",\"logo\":{\"@type\":\"ImageObject\",\"inLanguage\":\"de\",\"@id\":\"https:\\\/\\\/revolutionpadelstore.com\\\/de\\\/#\\\/schema\\\/logo\\\/image\\\/\",\"url\":\"https:\\\/\\\/revolutionpadelstore.com\\\/wp-content\\\/uploads\\\/2026\\\/02\\\/revolution-padel-store.jpg\",\"contentUrl\":\"https:\\\/\\\/revolutionpadelstore.com\\\/wp-content\\\/uploads\\\/2026\\\/02\\\/revolution-padel-store.jpg\",\"width\":2000,\"height\":2000,\"caption\":\"Revolution Padel Store\"},\"image\":{\"@id\":\"https:\\\/\\\/revolutionpadelstore.com\\\/de\\\/#\\\/schema\\\/logo\\\/image\\\/\"},\"sameAs\":[\"https:\\\/\\\/www.instagram.com\\\/revolutionpadelstore\\\/\"]}]}<\/script>\n<!-- \/ Yoast SEO plugin. -->","yoast_head_json":{"title":"JOMA SPIN LADY 2502 BLANCO - Revolution Padel Store","description":"Compra las Joma Spin Lady 2502 Blancas, unas zapatillas de p\u00e1del ligeras, transpirables y con tecnolog\u00edas avanzadas para m\u00e1ximo rendimiento. \u00a1Entra ya en Revolution Padel Store!","robots":{"index":"index","follow":"follow","max-snippet":"max-snippet:-1","max-image-preview":"max-image-preview:large","max-video-preview":"max-video-preview:-1"},"canonical":"https:\/\/revolutionpadelstore.com\/de\/produkt\/joma-spin-lady-2502-blanco-1\/","og_locale":"de_DE","og_type":"article","og_title":"JOMA SPIN LADY 2502 BLANCO - Revolution Padel Store","og_description":"Compra las Joma Spin Lady 2502 Blancas, unas zapatillas de p\u00e1del ligeras, transpirables y con tecnolog\u00edas avanzadas para m\u00e1ximo rendimiento. \u00a1Entra ya en Revolution Padel Store!","og_url":"https:\/\/revolutionpadelstore.com\/de\/produkt\/joma-spin-lady-2502-blanco-1\/","og_site_name":"Revolution Padel Store","article_modified_time":"2026-04-08T04:08:09+00:00","og_image":[{"width":1500,"height":1500,"url":"https:\/\/revolutionpadelstore.com\/wp-content\/uploads\/2025\/02\/136.png","type":"image\/png"}],"twitter_card":"summary_large_image","twitter_misc":{"Gesch\u00e4tzte Lesezeit":"2\u00a0Minuten"},"schema":{"@context":"https:\/\/schema.org","@graph":[{"@type":"WebPage","@id":"https:\/\/revolutionpadelstore.com\/de\/produkt\/joma-spin-lady-2502-blanco-1\/","url":"https:\/\/revolutionpadelstore.com\/de\/produkt\/joma-spin-lady-2502-blanco-1\/","name":"JOMA SPIN LADY 2502 BLANCO - Revolution Padel Store","isPartOf":{"@id":"https:\/\/revolutionpadelstore.com\/de\/#website"},"primaryImageOfPage":{"@id":"https:\/\/revolutionpadelstore.com\/de\/produkt\/joma-spin-lady-2502-blanco-1\/#primaryimage"},"image":{"@id":"https:\/\/revolutionpadelstore.com\/de\/produkt\/joma-spin-lady-2502-blanco-1\/#primaryimage"},"thumbnailUrl":"https:\/\/revolutionpadelstore.com\/wp-content\/uploads\/2025\/02\/136.png","datePublished":"2025-02-26T22:01:54+00:00","dateModified":"2026-04-08T04:08:09+00:00","description":"Compra las Joma Spin Lady 2502 Blancas, unas zapatillas de p\u00e1del ligeras, transpirables y con tecnolog\u00edas avanzadas para m\u00e1ximo rendimiento. \u00a1Entra ya en Revolution Padel Store!","breadcrumb":{"@id":"https:\/\/revolutionpadelstore.com\/de\/produkt\/joma-spin-lady-2502-blanco-1\/#breadcrumb"},"inLanguage":"de","potentialAction":[{"@type":"ReadAction","target":["https:\/\/revolutionpadelstore.com\/de\/produkt\/joma-spin-lady-2502-blanco-1\/"]}]},{"@type":"ImageObject","inLanguage":"de","@id":"https:\/\/revolutionpadelstore.com\/de\/produkt\/joma-spin-lady-2502-blanco-1\/#primaryimage","url":"https:\/\/revolutionpadelstore.com\/wp-content\/uploads\/2025\/02\/136.png","contentUrl":"https:\/\/revolutionpadelstore.com\/wp-content\/uploads\/2025\/02\/136.png","width":1500,"height":1500},{"@type":"BreadcrumbList","@id":"https:\/\/revolutionpadelstore.com\/de\/produkt\/joma-spin-lady-2502-blanco-1\/#breadcrumb","itemListElement":[{"@type":"ListItem","position":1,"name":"Portada","item":"https:\/\/revolutionpadelstore.com\/de\/"},{"@type":"ListItem","position":2,"name":"Shop","item":"https:\/\/revolutionpadelstore.com\/de\/tienda\/"},{"@type":"ListItem","position":3,"name":"JOMA SPIN LADY 2502 BLANCO"}]},{"@type":"WebSite","@id":"https:\/\/revolutionpadelstore.com\/de\/#website","url":"https:\/\/revolutionpadelstore.com\/de\/","name":"Revolution Padel Store","description":"","publisher":{"@id":"https:\/\/revolutionpadelstore.com\/de\/#organization"},"potentialAction":[{"@type":"SearchAction","target":{"@type":"EntryPoint","urlTemplate":"https:\/\/revolutionpadelstore.com\/de\/?s={search_term_string}"},"query-input":{"@type":"PropertyValueSpecification","valueRequired":true,"valueName":"search_term_string"}}],"inLanguage":"de"},{"@type":"Organization","@id":"https:\/\/revolutionpadelstore.com\/de\/#organization","name":"Revolution Padel Store","url":"https:\/\/revolutionpadelstore.com\/de\/","logo":{"@type":"ImageObject","inLanguage":"de","@id":"https:\/\/revolutionpadelstore.com\/de\/#\/schema\/logo\/image\/","url":"https:\/\/revolutionpadelstore.com\/wp-content\/uploads\/2026\/02\/revolution-padel-store.jpg","contentUrl":"https:\/\/revolutionpadelstore.com\/wp-content\/uploads\/2026\/02\/revolution-padel-store.jpg","width":2000,"height":2000,"caption":"Revolution Padel Store"},"image":{"@id":"https:\/\/revolutionpadelstore.com\/de\/#\/schema\/logo\/image\/"},"sameAs":["https:\/\/www.instagram.com\/revolutionpadelstore\/"]}]}},"_links":{"self":[{"href":"https:\/\/revolutionpadelstore.com\/de\/wp-json\/wp\/v2\/product\/197482","targetHints":{"allow":["GET"]}}],"collection":[{"href":"https:\/\/revolutionpadelstore.com\/de\/wp-json\/wp\/v2\/product"}],"about":[{"href":"https:\/\/revolutionpadelstore.com\/de\/wp-json\/wp\/v2\/types\/product"}],"replies":[{"embeddable":true,"href":"https:\/\/revolutionpadelstore.com\/de\/wp-json\/wp\/v2\/comments?post=197482"}],"wp:featuredmedia":[{"embeddable":true,"href":"https:\/\/revolutionpadelstore.com\/de\/wp-json\/wp\/v2\/media\/197444"}],"wp:attachment":[{"href":"https:\/\/revolutionpadelstore.com\/de\/wp-json\/wp\/v2\/media?parent=197482"}],"wp:term":[{"taxonomy":"acabado","embeddable":true,"href":"https:\/\/revolutionpadelstore.com\/de\/wp-json\/wp\/v2\/acabado?post=197482"},{"taxonomy":"balance","embeddable":true,"href":"https:\/\/revolutionpadelstore.com\/de\/wp-json\/wp\/v2\/balance?post=197482"},{"taxonomy":"dureza","embeddable":true,"href":"https:\/\/revolutionpadelstore.com\/de\/wp-json\/wp\/v2\/dureza?post=197482"},{"taxonomy":"forma","embeddable":true,"href":"https:\/\/revolutionpadelstore.com\/de\/wp-json\/wp\/v2\/forma?post=197482"},{"taxonomy":"jugador","embeddable":true,"href":"https:\/\/revolutionpadelstore.com\/de\/wp-json\/wp\/v2\/jugador?post=197482"},{"taxonomy":"marca","embeddable":true,"href":"https:\/\/revolutionpadelstore.com\/de\/wp-json\/wp\/v2\/marca?post=197482"},{"taxonomy":"nivel-de-juego","embeddable":true,"href":"https:\/\/revolutionpadelstore.com\/de\/wp-json\/wp\/v2\/nivel-de-juego?post=197482"},{"taxonomy":"superficie","embeddable":true,"href":"https:\/\/revolutionpadelstore.com\/de\/wp-json\/wp\/v2\/superficie?post=197482"},{"taxonomy":"tipo-de-juego","embeddable":true,"href":"https:\/\/revolutionpadelstore.com\/de\/wp-json\/wp\/v2\/tipo-de-juego?post=197482"},{"taxonomy":"product_brand","embeddable":true,"href":"https:\/\/revolutionpadelstore.com\/de\/wp-json\/wp\/v2\/product_brand?post=197482"},{"taxonomy":"product_cat","embeddable":true,"href":"https:\/\/revolutionpadelstore.com\/de\/wp-json\/wp\/v2\/product_cat?post=197482"},{"taxonomy":"product_tag","embeddable":true,"href":"https:\/\/revolutionpadelstore.com\/de\/wp-json\/wp\/v2\/product_tag?post=197482"}],"curies":[{"name":"wp","href":"https:\/\/api.w.org\/{rel}","templated":true}]}}