{"id":19747,"date":"2024-04-09T09:57:49","date_gmt":"2024-04-09T07:57:49","guid":{"rendered":"https:\/\/revolutionpadelstore.com\/harlem-padel-euphoria-soft-2024\/"},"modified":"2025-12-30T15:42:01","modified_gmt":"2025-12-30T14:42:01","slug":"harlem-padel-euphoria-soft-1","status":"publish","type":"product","link":"https:\/\/revolutionpadelstore.com\/de\/produkt\/harlem-padel-euphoria-soft-1\/","title":{"rendered":"HARLEM PADEL EUPHORIA SOFT"},"content":{"rendered":"<p>Das Modell <strong>EUPHORIA SOFT 2024<\/strong> ist eines der Modelle der neuen Harlem P\u00e1del-Reihe.<\/p>\n<p>Es handelt sich um einen Padelschl\u00e4ger mit Hybridform, mittelhoher Balance und verteiltem Loch mit horizontal ausgerichteter Doppelstruktur. Diese Faktoren machen ihn leicht und erm\u00f6glichen die Ausf\u00fchrung kraftvoller, schneller und pr\u00e4ziser Schl\u00e4ge. Er ist f\u00fcr Spieler mittleren bis fortgeschrittenen Niveaus konzipiert, die einen zuverl\u00e4ssigen Padelschl\u00e4ger ben\u00f6tigen, um einen vielseitigen Spielstil zu zeigen.<\/p>\n<p>Der Sweetspot ist ziemlich breit, sodass wir alle Arten von Schl\u00e4gen mit gro\u00dfer Pr\u00e4zision ausf\u00fchren k\u00f6nnen.<\/p>\n<p>Im Inneren des Schl\u00e4gers befindet sich ein laminierter SCHWARZER EVA-Gummikern mit unterschiedlicher Dichte, der \u00fcber die <strong>High Recovery<\/strong>-Technologie verf\u00fcgt, die eine schnelle Erholung f\u00f6rdert und eine sehr hohe Schlaggeschwindigkeit erm\u00f6glicht. Dieses Modell vermittelt uns bei allen Schl\u00e4gen ein mittleres Schlaggef\u00fchl, sodass Kraft und Kontrolle bei diesem Modell EUPHORIA SOFT 2024 sehr ausgewogen wirken.<\/p>\n<p>Der Rohrrahmen besteht zu 100 % aus Carbon, um eine hohe Haltbarkeit und hervorragende Widerstandsf\u00e4higkeit gegen den f\u00fcr Fortgeschrittene typischen Verschlei\u00df zu gew\u00e4hrleisten.<\/p>\n<p>Die Hobel bestehen aus hochmodernem 3K-Carbon mit rauer Oberfl\u00e4che. Dies beg\u00fcnstigt die Ausf\u00fchrung solider und hochpr\u00e4ziser Effekte.<\/p>\n<p>In die zentrale Br\u00fccke wurde ein Antivibrator integriert, der das Verletzungsrisiko minimiert, und der Hals des Schl\u00e4gers verf\u00fcgt \u00fcber vier parallele dreieckige L\u00f6cher, die allen Schwungbewegungen Aerodynamik verleihen, was den EUPHORIA PRO 2024 zu einem sehr handlichen Schl\u00e4ger macht<\/strong>.<\/p>\n<p>Die Oberfl\u00e4che der Klinge weist auf beiden Ebenen das f\u00fcr Harlem typische stilisierte \u201eH\u201c mit einer sehr gro\u00dfen Gr\u00f6\u00dfe in Glanzeffektfarben und einer rauen Textur auf.<\/p>\n","protected":false},"excerpt":{"rendered":"<p>Es handelt sich um einen Padelschl\u00e4ger mit Hybridform, mittlerer bis hoher Balance und einem verteilten Loch mit horizontal ausgerichteter Doppelstruktur. Diese Faktoren machen ihn leicht und erm\u00f6glichen die Ausf\u00fchrung kraftvoller, schneller und pr\u00e4ziser Schl\u00e4ge. Er ist f\u00fcr Spieler mittleren bis fortgeschrittenen Niveaus konzipiert, die einen zuverl\u00e4ssigen Schl\u00e4ger ben\u00f6tigen, um einen vielseitigen Spielstil zu zeigen.<\/p>\n","protected":false},"featured_media":161852,"comment_status":"open","ping_status":"closed","template":"","meta":{"_acf_changed":false,"_joinchat":[]},"acabado":[1089,1079],"balance":[1134,1139],"dureza":[1154],"forma":[1174],"jugador":[1194],"marca":[1234],"nivel-de-juego":[1349,1334],"superficie":[1359],"tipo-de-juego":[1369,1384],"product_brand":[],"product_cat":[299],"product_tag":[],"class_list":{"0":"post-19747","1":"product","2":"type-product","3":"status-publish","4":"has-post-thumbnail","6":"acabado-3d-entlasten","7":"acabado-helligkeit","8":"balance-hoch","9":"balance-mittel","10":"dureza-media-de","11":"forma-hybrid","12":"jugador-frau","13":"marca-harlem-padel-de","14":"superficie-rugosa-de","15":"tipo-de-juego-kontrolle","16":"tipo-de-juego-mehrzweck","17":"product_cat-palas-de-padel-de","19":"first","20":"onbackorder","21":"sale","22":"taxable","23":"shipping-taxable","24":"purchasable","25":"product-type-simple"},"acf":[],"yoast_head":"<!-- This site is optimized with the Yoast SEO plugin v27.3 - https:\/\/yoast.com\/product\/yoast-seo-wordpress\/ -->\n<title>HARLEM PADEL EUPHORIA SOFT - Revolution Padel Store<\/title>\n<meta name=\"description\" content=\"Es una pala de p\u00e1del de\u00a0forma h\u00edbrida, con un\u00a0balance medio-alto\u00a0y un agujereado distribuido con una estructura doble alineada horizontalmente. Estos factores la hacen ligera y permiten ejecutar golpes potentes, r\u00e1pidos y precisos. Est\u00e1 dise\u00f1ada para jugadores\/as de nivel medio-avanzado que requieran de una pala confiable para desplegar un estilo de juego polivalente.\" \/>\n<meta name=\"robots\" content=\"index, follow, max-snippet:-1, max-image-preview:large, max-video-preview:-1\" \/>\n<link rel=\"canonical\" href=\"https:\/\/revolutionpadelstore.com\/de\/produkt\/harlem-padel-euphoria-soft-1\/\" \/>\n<meta property=\"og:locale\" content=\"de_DE\" \/>\n<meta property=\"og:type\" content=\"article\" \/>\n<meta property=\"og:title\" content=\"COMPRAR HARLEM PADEL EUPHORIA SOFT 2024\" \/>\n<meta property=\"og:description\" content=\"Es una pala de p\u00e1del de\u00a0forma h\u00edbrida, con un\u00a0balance medio-alto\u00a0y un agujereado distribuido con una estructura doble alineada horizontalmente. Estos factores la hacen ligera y permiten ejecutar golpes potentes, r\u00e1pidos y precisos. Est\u00e1 dise\u00f1ada para jugadores\/as de nivel medio-avanzado que requieran de una pala confiable para desplegar un estilo de juego polivalente.\" \/>\n<meta property=\"og:url\" content=\"https:\/\/revolutionpadelstore.com\/de\/produkt\/harlem-padel-euphoria-soft-1\/\" \/>\n<meta property=\"og:site_name\" content=\"Revolution Padel Store\" \/>\n<meta property=\"article:modified_time\" content=\"2025-12-30T14:42:01+00:00\" \/>\n<meta property=\"og:image\" content=\"https:\/\/revolutionpadelstore.com\/wp-content\/uploads\/2024\/04\/EUPHORIA_MORADA_1.jpg\" \/>\n\t<meta property=\"og:image:width\" content=\"800\" \/>\n\t<meta property=\"og:image:height\" content=\"800\" \/>\n\t<meta property=\"og:image:type\" content=\"image\/jpeg\" \/>\n<meta name=\"twitter:card\" content=\"summary_large_image\" \/>\n<meta name=\"twitter:label1\" content=\"Gesch\u00e4tzte Lesezeit\" \/>\n\t<meta name=\"twitter:data1\" content=\"2\u00a0Minuten\" \/>\n<script type=\"application\/ld+json\" class=\"yoast-schema-graph\">{\"@context\":\"https:\\\/\\\/schema.org\",\"@graph\":[{\"@type\":\"WebPage\",\"@id\":\"https:\\\/\\\/revolutionpadelstore.com\\\/de\\\/produkt\\\/harlem-padel-euphoria-soft-1\\\/\",\"url\":\"https:\\\/\\\/revolutionpadelstore.com\\\/de\\\/produkt\\\/harlem-padel-euphoria-soft-1\\\/\",\"name\":\"HARLEM PADEL EUPHORIA SOFT - Revolution Padel Store\",\"isPartOf\":{\"@id\":\"https:\\\/\\\/revolutionpadelstore.com\\\/de\\\/#website\"},\"primaryImageOfPage\":{\"@id\":\"https:\\\/\\\/revolutionpadelstore.com\\\/de\\\/produkt\\\/harlem-padel-euphoria-soft-1\\\/#primaryimage\"},\"image\":{\"@id\":\"https:\\\/\\\/revolutionpadelstore.com\\\/de\\\/produkt\\\/harlem-padel-euphoria-soft-1\\\/#primaryimage\"},\"thumbnailUrl\":\"https:\\\/\\\/revolutionpadelstore.com\\\/wp-content\\\/uploads\\\/2024\\\/04\\\/83.png\",\"datePublished\":\"2024-04-09T07:57:49+00:00\",\"dateModified\":\"2025-12-30T14:42:01+00:00\",\"description\":\"Es una pala de p\u00e1del de\u00a0forma h\u00edbrida, con un\u00a0balance medio-alto\u00a0y un agujereado distribuido con una estructura doble alineada horizontalmente. Estos factores la hacen ligera y permiten ejecutar golpes potentes, r\u00e1pidos y precisos. Est\u00e1 dise\u00f1ada para jugadores\\\/as de nivel medio-avanzado que requieran de una pala confiable para desplegar un estilo de juego polivalente.\",\"breadcrumb\":{\"@id\":\"https:\\\/\\\/revolutionpadelstore.com\\\/de\\\/produkt\\\/harlem-padel-euphoria-soft-1\\\/#breadcrumb\"},\"inLanguage\":\"de\",\"potentialAction\":[{\"@type\":\"ReadAction\",\"target\":[\"https:\\\/\\\/revolutionpadelstore.com\\\/de\\\/produkt\\\/harlem-padel-euphoria-soft-1\\\/\"]}]},{\"@type\":\"ImageObject\",\"inLanguage\":\"de\",\"@id\":\"https:\\\/\\\/revolutionpadelstore.com\\\/de\\\/produkt\\\/harlem-padel-euphoria-soft-1\\\/#primaryimage\",\"url\":\"https:\\\/\\\/revolutionpadelstore.com\\\/wp-content\\\/uploads\\\/2024\\\/04\\\/83.png\",\"contentUrl\":\"https:\\\/\\\/revolutionpadelstore.com\\\/wp-content\\\/uploads\\\/2024\\\/04\\\/83.png\",\"width\":1500,\"height\":1500},{\"@type\":\"BreadcrumbList\",\"@id\":\"https:\\\/\\\/revolutionpadelstore.com\\\/de\\\/produkt\\\/harlem-padel-euphoria-soft-1\\\/#breadcrumb\",\"itemListElement\":[{\"@type\":\"ListItem\",\"position\":1,\"name\":\"Portada\",\"item\":\"https:\\\/\\\/revolutionpadelstore.com\\\/de\\\/\"},{\"@type\":\"ListItem\",\"position\":2,\"name\":\"Shop\",\"item\":\"https:\\\/\\\/revolutionpadelstore.com\\\/de\\\/tienda\\\/\"},{\"@type\":\"ListItem\",\"position\":3,\"name\":\"HARLEM PADEL EUPHORIA SOFT\"}]},{\"@type\":\"WebSite\",\"@id\":\"https:\\\/\\\/revolutionpadelstore.com\\\/de\\\/#website\",\"url\":\"https:\\\/\\\/revolutionpadelstore.com\\\/de\\\/\",\"name\":\"Revolution Padel Store\",\"description\":\"\",\"publisher\":{\"@id\":\"https:\\\/\\\/revolutionpadelstore.com\\\/de\\\/#organization\"},\"potentialAction\":[{\"@type\":\"SearchAction\",\"target\":{\"@type\":\"EntryPoint\",\"urlTemplate\":\"https:\\\/\\\/revolutionpadelstore.com\\\/de\\\/?s={search_term_string}\"},\"query-input\":{\"@type\":\"PropertyValueSpecification\",\"valueRequired\":true,\"valueName\":\"search_term_string\"}}],\"inLanguage\":\"de\"},{\"@type\":\"Organization\",\"@id\":\"https:\\\/\\\/revolutionpadelstore.com\\\/de\\\/#organization\",\"name\":\"Revolution Padel Store\",\"url\":\"https:\\\/\\\/revolutionpadelstore.com\\\/de\\\/\",\"logo\":{\"@type\":\"ImageObject\",\"inLanguage\":\"de\",\"@id\":\"https:\\\/\\\/revolutionpadelstore.com\\\/de\\\/#\\\/schema\\\/logo\\\/image\\\/\",\"url\":\"https:\\\/\\\/revolutionpadelstore.com\\\/wp-content\\\/uploads\\\/2026\\\/02\\\/revolution-padel-store.jpg\",\"contentUrl\":\"https:\\\/\\\/revolutionpadelstore.com\\\/wp-content\\\/uploads\\\/2026\\\/02\\\/revolution-padel-store.jpg\",\"width\":2000,\"height\":2000,\"caption\":\"Revolution Padel Store\"},\"image\":{\"@id\":\"https:\\\/\\\/revolutionpadelstore.com\\\/de\\\/#\\\/schema\\\/logo\\\/image\\\/\"},\"sameAs\":[\"https:\\\/\\\/www.instagram.com\\\/revolutionpadelstore\\\/\"]}]}<\/script>\n<!-- \/ Yoast SEO plugin. -->","yoast_head_json":{"title":"HARLEM PADEL EUPHORIA SOFT - Revolution Padel Store","description":"Es una pala de p\u00e1del de\u00a0forma h\u00edbrida, con un\u00a0balance medio-alto\u00a0y un agujereado distribuido con una estructura doble alineada horizontalmente. Estos factores la hacen ligera y permiten ejecutar golpes potentes, r\u00e1pidos y precisos. Est\u00e1 dise\u00f1ada para jugadores\/as de nivel medio-avanzado que requieran de una pala confiable para desplegar un estilo de juego polivalente.","robots":{"index":"index","follow":"follow","max-snippet":"max-snippet:-1","max-image-preview":"max-image-preview:large","max-video-preview":"max-video-preview:-1"},"canonical":"https:\/\/revolutionpadelstore.com\/de\/produkt\/harlem-padel-euphoria-soft-1\/","og_locale":"de_DE","og_type":"article","og_title":"COMPRAR HARLEM PADEL EUPHORIA SOFT 2024","og_description":"Es una pala de p\u00e1del de\u00a0forma h\u00edbrida, con un\u00a0balance medio-alto\u00a0y un agujereado distribuido con una estructura doble alineada horizontalmente. Estos factores la hacen ligera y permiten ejecutar golpes potentes, r\u00e1pidos y precisos. Est\u00e1 dise\u00f1ada para jugadores\/as de nivel medio-avanzado que requieran de una pala confiable para desplegar un estilo de juego polivalente.","og_url":"https:\/\/revolutionpadelstore.com\/de\/produkt\/harlem-padel-euphoria-soft-1\/","og_site_name":"Revolution Padel Store","article_modified_time":"2025-12-30T14:42:01+00:00","og_image":[{"width":800,"height":800,"url":"https:\/\/revolutionpadelstore.com\/wp-content\/uploads\/2024\/04\/EUPHORIA_MORADA_1.jpg","type":"image\/jpeg"}],"twitter_card":"summary_large_image","twitter_misc":{"Gesch\u00e4tzte Lesezeit":"2\u00a0Minuten"},"schema":{"@context":"https:\/\/schema.org","@graph":[{"@type":"WebPage","@id":"https:\/\/revolutionpadelstore.com\/de\/produkt\/harlem-padel-euphoria-soft-1\/","url":"https:\/\/revolutionpadelstore.com\/de\/produkt\/harlem-padel-euphoria-soft-1\/","name":"HARLEM PADEL EUPHORIA SOFT - Revolution Padel Store","isPartOf":{"@id":"https:\/\/revolutionpadelstore.com\/de\/#website"},"primaryImageOfPage":{"@id":"https:\/\/revolutionpadelstore.com\/de\/produkt\/harlem-padel-euphoria-soft-1\/#primaryimage"},"image":{"@id":"https:\/\/revolutionpadelstore.com\/de\/produkt\/harlem-padel-euphoria-soft-1\/#primaryimage"},"thumbnailUrl":"https:\/\/revolutionpadelstore.com\/wp-content\/uploads\/2024\/04\/83.png","datePublished":"2024-04-09T07:57:49+00:00","dateModified":"2025-12-30T14:42:01+00:00","description":"Es una pala de p\u00e1del de\u00a0forma h\u00edbrida, con un\u00a0balance medio-alto\u00a0y un agujereado distribuido con una estructura doble alineada horizontalmente. Estos factores la hacen ligera y permiten ejecutar golpes potentes, r\u00e1pidos y precisos. Est\u00e1 dise\u00f1ada para jugadores\/as de nivel medio-avanzado que requieran de una pala confiable para desplegar un estilo de juego polivalente.","breadcrumb":{"@id":"https:\/\/revolutionpadelstore.com\/de\/produkt\/harlem-padel-euphoria-soft-1\/#breadcrumb"},"inLanguage":"de","potentialAction":[{"@type":"ReadAction","target":["https:\/\/revolutionpadelstore.com\/de\/produkt\/harlem-padel-euphoria-soft-1\/"]}]},{"@type":"ImageObject","inLanguage":"de","@id":"https:\/\/revolutionpadelstore.com\/de\/produkt\/harlem-padel-euphoria-soft-1\/#primaryimage","url":"https:\/\/revolutionpadelstore.com\/wp-content\/uploads\/2024\/04\/83.png","contentUrl":"https:\/\/revolutionpadelstore.com\/wp-content\/uploads\/2024\/04\/83.png","width":1500,"height":1500},{"@type":"BreadcrumbList","@id":"https:\/\/revolutionpadelstore.com\/de\/produkt\/harlem-padel-euphoria-soft-1\/#breadcrumb","itemListElement":[{"@type":"ListItem","position":1,"name":"Portada","item":"https:\/\/revolutionpadelstore.com\/de\/"},{"@type":"ListItem","position":2,"name":"Shop","item":"https:\/\/revolutionpadelstore.com\/de\/tienda\/"},{"@type":"ListItem","position":3,"name":"HARLEM PADEL EUPHORIA SOFT"}]},{"@type":"WebSite","@id":"https:\/\/revolutionpadelstore.com\/de\/#website","url":"https:\/\/revolutionpadelstore.com\/de\/","name":"Revolution Padel Store","description":"","publisher":{"@id":"https:\/\/revolutionpadelstore.com\/de\/#organization"},"potentialAction":[{"@type":"SearchAction","target":{"@type":"EntryPoint","urlTemplate":"https:\/\/revolutionpadelstore.com\/de\/?s={search_term_string}"},"query-input":{"@type":"PropertyValueSpecification","valueRequired":true,"valueName":"search_term_string"}}],"inLanguage":"de"},{"@type":"Organization","@id":"https:\/\/revolutionpadelstore.com\/de\/#organization","name":"Revolution Padel Store","url":"https:\/\/revolutionpadelstore.com\/de\/","logo":{"@type":"ImageObject","inLanguage":"de","@id":"https:\/\/revolutionpadelstore.com\/de\/#\/schema\/logo\/image\/","url":"https:\/\/revolutionpadelstore.com\/wp-content\/uploads\/2026\/02\/revolution-padel-store.jpg","contentUrl":"https:\/\/revolutionpadelstore.com\/wp-content\/uploads\/2026\/02\/revolution-padel-store.jpg","width":2000,"height":2000,"caption":"Revolution Padel Store"},"image":{"@id":"https:\/\/revolutionpadelstore.com\/de\/#\/schema\/logo\/image\/"},"sameAs":["https:\/\/www.instagram.com\/revolutionpadelstore\/"]}]}},"_links":{"self":[{"href":"https:\/\/revolutionpadelstore.com\/de\/wp-json\/wp\/v2\/product\/19747","targetHints":{"allow":["GET"]}}],"collection":[{"href":"https:\/\/revolutionpadelstore.com\/de\/wp-json\/wp\/v2\/product"}],"about":[{"href":"https:\/\/revolutionpadelstore.com\/de\/wp-json\/wp\/v2\/types\/product"}],"replies":[{"embeddable":true,"href":"https:\/\/revolutionpadelstore.com\/de\/wp-json\/wp\/v2\/comments?post=19747"}],"wp:featuredmedia":[{"embeddable":true,"href":"https:\/\/revolutionpadelstore.com\/de\/wp-json\/wp\/v2\/media\/161852"}],"wp:attachment":[{"href":"https:\/\/revolutionpadelstore.com\/de\/wp-json\/wp\/v2\/media?parent=19747"}],"wp:term":[{"taxonomy":"acabado","embeddable":true,"href":"https:\/\/revolutionpadelstore.com\/de\/wp-json\/wp\/v2\/acabado?post=19747"},{"taxonomy":"balance","embeddable":true,"href":"https:\/\/revolutionpadelstore.com\/de\/wp-json\/wp\/v2\/balance?post=19747"},{"taxonomy":"dureza","embeddable":true,"href":"https:\/\/revolutionpadelstore.com\/de\/wp-json\/wp\/v2\/dureza?post=19747"},{"taxonomy":"forma","embeddable":true,"href":"https:\/\/revolutionpadelstore.com\/de\/wp-json\/wp\/v2\/forma?post=19747"},{"taxonomy":"jugador","embeddable":true,"href":"https:\/\/revolutionpadelstore.com\/de\/wp-json\/wp\/v2\/jugador?post=19747"},{"taxonomy":"marca","embeddable":true,"href":"https:\/\/revolutionpadelstore.com\/de\/wp-json\/wp\/v2\/marca?post=19747"},{"taxonomy":"nivel-de-juego","embeddable":true,"href":"https:\/\/revolutionpadelstore.com\/de\/wp-json\/wp\/v2\/nivel-de-juego?post=19747"},{"taxonomy":"superficie","embeddable":true,"href":"https:\/\/revolutionpadelstore.com\/de\/wp-json\/wp\/v2\/superficie?post=19747"},{"taxonomy":"tipo-de-juego","embeddable":true,"href":"https:\/\/revolutionpadelstore.com\/de\/wp-json\/wp\/v2\/tipo-de-juego?post=19747"},{"taxonomy":"product_brand","embeddable":true,"href":"https:\/\/revolutionpadelstore.com\/de\/wp-json\/wp\/v2\/product_brand?post=19747"},{"taxonomy":"product_cat","embeddable":true,"href":"https:\/\/revolutionpadelstore.com\/de\/wp-json\/wp\/v2\/product_cat?post=19747"},{"taxonomy":"product_tag","embeddable":true,"href":"https:\/\/revolutionpadelstore.com\/de\/wp-json\/wp\/v2\/product_tag?post=19747"}],"curies":[{"name":"wp","href":"https:\/\/api.w.org\/{rel}","templated":true}]}}