{"id":197405,"date":"2025-02-26T18:52:35","date_gmt":"2025-02-26T17:52:35","guid":{"rendered":"https:\/\/revolutionpadelstore.com\/joma-spin-men-2542-blanco-turquesa\/"},"modified":"2026-04-08T06:08:57","modified_gmt":"2026-04-08T04:08:57","slug":"joma-spin-men-2542-blanco-turquesa-1","status":"publish","type":"product","link":"https:\/\/revolutionpadelstore.com\/de\/produkt\/joma-spin-men-2542-blanco-turquesa-1\/","title":{"rendered":"JOMA SPIN MEN 2542 BLANCO TURQUESA"},"content":{"rendered":"<h2> <strong> Hoch -End -Paddelschuhe &#8211; maximale Leistung und Haltbarkeit <\/ strong> <\/ h2><br \/>\nDiese Paddler wurden f\u00fcr professionelle Spieler entwickelt, die auf der Strecke eine maximale Leistung suchen, und kombinieren Stabilit\u00e4t, Schutz und Haltbarkeit. Von Elite -Spielern wie Juani Mieres und Alba Gal\u00e1n unterst\u00fctzt, sind sie die perfekte Wahl f\u00fcr diejenigen, die in jedem Spiel Qualit\u00e4t und Komfort fordern.<\/p>\n<h2> <strong> Prominente Eigenschaften <\/ strong> <\/ h2><\/p>\n<p>-Schaumen ober: technisches Netz mit VTS-Technologie, das die Bel\u00fcftung optimiert und seine F\u00fc\u00dfe frisch h\u00e4lt.<br \/>\n-E perfekt: Thermalsystem Joma Sportch, das Licht und pr\u00e4zise Unterst\u00fctzung bietet.<br \/>\n-Un Anfreement: Schutztechnologie, die empfindliche Bereiche f\u00fcr eine gr\u00f6\u00dfere Haltbarkeit verst\u00e4rkt.<br \/>\n-Maximate Stabilit\u00e4t: Flexible Phylon -Zwischensohle mit doppelter Stabilis, die das Risiko von Verletzungen verringert.<br \/>\n-Die hohe Leistung: Haltbarkeitsgummi mit Omni -Design und kleinen kreisf\u00f6rmigen Tacos, die das Gleiten und die Traktion erleichtern. <\/p>\n<h2> <strong> Innovative Technologien <\/ strong> <\/ h2><\/p>\n<p>-Papa: Hochwiderstandsgummi, der Verschlei\u00df verz\u00f6gert und die Nutzungsdauer der Sohle verl\u00e4ngert.<br \/>\n-Sportech: Injiziertes Material ohne N\u00e4hte, das die Leichtigkeit, Flexibilit\u00e4t und Anpassung verbessert.<br \/>\n-Protation: Zus\u00e4tzliche Verst\u00e4rkung im Zeh f\u00fcr mehr Verschlei\u00dffestigkeit.<br \/>\n-Stabilis: TPU -St\u00fcck in der Sohle, die unangemessene Torsionen vermeidet und die Stabilit\u00e4t verbessert.<br \/>\n-VTS: L\u00fcftungssystem, das die Temperatur reguliert und die Schwei\u00df beg\u00fcnstigt.<\/p>\n<h2> <strong> Technische Details <\/ strong> <\/ h2><\/p>\n<p>-cut: nylon, micro pu und tpu. <\/p>\n<p>-Verschluss: Kabel mit perfekter Passform<\/p>\n<p>-MediaSuela: Phylon mit Stabilis. <\/p>\n<p>-Sohle: Dizzy Gummi. <\/p>\n<p>-Zunge: zum Schnitt f\u00fcr eine bessere Einstellung gen\u00e4ht. <\/p>\n<p>-angezeigt f\u00fcr: mittelhohe Gewichtsspieler. <\/p>\n<p>-Verwendung: Training und Wettbewerb. <\/p>\n<p>-Farbe: wei\u00df \/ t\u00fcrkis. <\/p>\n<p>-Geschlecht: Mann. <\/p>\n<p>-Referenz: TSpins2542om. <\/p>\n<h2> <strong> Jetzt zum besten Preis kaufen <\/ strong> <\/ h2><br \/>\nWenn Sie nach einigen professionellen Paddelschuhen <\/strong> mit dem besten Preis -Leistungs -Verh\u00e4ltnis suchen, ist dieses Modell genau das Richtige f\u00fcr Sie. Erh\u00e4ltlich in unserem Online -Shop <strong> <a href=\"https:\/\/www.revolutionpadelstore.com\/\"> Revolution Padel Store <\/a> <\/strong>, wahrscheinlich <strong> zum besten Marktpreis <\/strong>.<\/p>\n<p><strong> Warten Sie nicht l\u00e4nger und nehmen Sie das Beste in Paddelschuhen aus! <\/strong><\/p>\n","protected":false},"excerpt":{"rendered":"<p>Diese Paddler denken an Spieler mit hoher Ebene, die die beste Leistung auf dem Platz suchen, und bieten Stabilit\u00e4t, Widerstand und Schutz. Unterst\u00fctzt von herausragenden Figuren wie Juani Mieres und Alba Gal\u00e1n, sind die ideale Option f\u00fcr diejenigen, die in jedem Spiel Qualit\u00e4t und Komfort priorisieren.<\/p>\n","protected":false},"featured_media":197360,"comment_status":"open","ping_status":"closed","template":"","meta":{"_acf_changed":false,"_joinchat":[]},"acabado":[],"balance":[],"dureza":[],"forma":[],"jugador":[1189],"marca":[1224],"nivel-de-juego":[],"superficie":[],"tipo-de-juego":[],"product_brand":[],"product_cat":[831],"product_tag":[],"class_list":{"0":"post-197405","1":"product","2":"type-product","3":"status-publish","4":"has-post-thumbnail","6":"jugador-mann","7":"marca-joma-de","8":"product_cat-turnschuhe","10":"first","11":"outofstock","12":"sale","13":"taxable","14":"shipping-taxable","15":"purchasable","16":"product-type-variable"},"acf":[],"yoast_head":"<!-- This site is optimized with the Yoast SEO plugin v27.4 - https:\/\/yoast.com\/product\/yoast-seo-wordpress\/ -->\n<title>JOMA SPIN MEN 2542 BLANCO TURQUESA - Revolution Padel Store<\/title>\n<meta name=\"description\" content=\"Zapatillas de p\u00e1del de alta gama con tecnolog\u00edas avanzadas para estabilidad, protecci\u00f3n y durabilidad. Avaladas por profesionales. \u00a1C\u00f3mpralas en Revolution Padel Store!\" \/>\n<meta name=\"robots\" content=\"index, follow, max-snippet:-1, max-image-preview:large, max-video-preview:-1\" \/>\n<link rel=\"canonical\" href=\"https:\/\/revolutionpadelstore.com\/de\/produkt\/joma-spin-men-2542-blanco-turquesa-1\/\" \/>\n<meta property=\"og:locale\" content=\"de_DE\" \/>\n<meta property=\"og:type\" content=\"article\" \/>\n<meta property=\"og:title\" content=\"JOMA SPIN MEN 2542 BLANCO TURQUESA - Revolution Padel Store\" \/>\n<meta property=\"og:description\" content=\"Zapatillas de p\u00e1del de alta gama con tecnolog\u00edas avanzadas para estabilidad, protecci\u00f3n y durabilidad. Avaladas por profesionales. \u00a1C\u00f3mpralas en Revolution Padel Store!\" \/>\n<meta property=\"og:url\" content=\"https:\/\/revolutionpadelstore.com\/de\/produkt\/joma-spin-men-2542-blanco-turquesa-1\/\" \/>\n<meta property=\"og:site_name\" content=\"Revolution Padel Store\" \/>\n<meta property=\"article:modified_time\" content=\"2026-04-08T04:08:57+00:00\" \/>\n<meta property=\"og:image\" content=\"https:\/\/revolutionpadelstore.com\/wp-content\/uploads\/2025\/02\/131.png\" \/>\n\t<meta property=\"og:image:width\" content=\"1500\" \/>\n\t<meta property=\"og:image:height\" content=\"1500\" \/>\n\t<meta property=\"og:image:type\" content=\"image\/png\" \/>\n<meta name=\"twitter:card\" content=\"summary_large_image\" \/>\n<meta name=\"twitter:label1\" content=\"Gesch\u00e4tzte Lesezeit\" \/>\n\t<meta name=\"twitter:data1\" content=\"2\u00a0Minuten\" \/>\n<script type=\"application\/ld+json\" class=\"yoast-schema-graph\">{\"@context\":\"https:\\\/\\\/schema.org\",\"@graph\":[{\"@type\":\"WebPage\",\"@id\":\"https:\\\/\\\/revolutionpadelstore.com\\\/de\\\/produkt\\\/joma-spin-men-2542-blanco-turquesa-1\\\/\",\"url\":\"https:\\\/\\\/revolutionpadelstore.com\\\/de\\\/produkt\\\/joma-spin-men-2542-blanco-turquesa-1\\\/\",\"name\":\"JOMA SPIN MEN 2542 BLANCO TURQUESA - Revolution Padel Store\",\"isPartOf\":{\"@id\":\"https:\\\/\\\/revolutionpadelstore.com\\\/de\\\/#website\"},\"primaryImageOfPage\":{\"@id\":\"https:\\\/\\\/revolutionpadelstore.com\\\/de\\\/produkt\\\/joma-spin-men-2542-blanco-turquesa-1\\\/#primaryimage\"},\"image\":{\"@id\":\"https:\\\/\\\/revolutionpadelstore.com\\\/de\\\/produkt\\\/joma-spin-men-2542-blanco-turquesa-1\\\/#primaryimage\"},\"thumbnailUrl\":\"https:\\\/\\\/revolutionpadelstore.com\\\/wp-content\\\/uploads\\\/2025\\\/02\\\/131.png\",\"datePublished\":\"2025-02-26T17:52:35+00:00\",\"dateModified\":\"2026-04-08T04:08:57+00:00\",\"description\":\"Zapatillas de p\u00e1del de alta gama con tecnolog\u00edas avanzadas para estabilidad, protecci\u00f3n y durabilidad. Avaladas por profesionales. \u00a1C\u00f3mpralas en Revolution Padel Store!\",\"breadcrumb\":{\"@id\":\"https:\\\/\\\/revolutionpadelstore.com\\\/de\\\/produkt\\\/joma-spin-men-2542-blanco-turquesa-1\\\/#breadcrumb\"},\"inLanguage\":\"de\",\"potentialAction\":[{\"@type\":\"ReadAction\",\"target\":[\"https:\\\/\\\/revolutionpadelstore.com\\\/de\\\/produkt\\\/joma-spin-men-2542-blanco-turquesa-1\\\/\"]}]},{\"@type\":\"ImageObject\",\"inLanguage\":\"de\",\"@id\":\"https:\\\/\\\/revolutionpadelstore.com\\\/de\\\/produkt\\\/joma-spin-men-2542-blanco-turquesa-1\\\/#primaryimage\",\"url\":\"https:\\\/\\\/revolutionpadelstore.com\\\/wp-content\\\/uploads\\\/2025\\\/02\\\/131.png\",\"contentUrl\":\"https:\\\/\\\/revolutionpadelstore.com\\\/wp-content\\\/uploads\\\/2025\\\/02\\\/131.png\",\"width\":1500,\"height\":1500},{\"@type\":\"BreadcrumbList\",\"@id\":\"https:\\\/\\\/revolutionpadelstore.com\\\/de\\\/produkt\\\/joma-spin-men-2542-blanco-turquesa-1\\\/#breadcrumb\",\"itemListElement\":[{\"@type\":\"ListItem\",\"position\":1,\"name\":\"Portada\",\"item\":\"https:\\\/\\\/revolutionpadelstore.com\\\/de\\\/\"},{\"@type\":\"ListItem\",\"position\":2,\"name\":\"Shop\",\"item\":\"https:\\\/\\\/revolutionpadelstore.com\\\/de\\\/tienda\\\/\"},{\"@type\":\"ListItem\",\"position\":3,\"name\":\"JOMA SPIN MEN 2542 BLANCO TURQUESA\"}]},{\"@type\":\"WebSite\",\"@id\":\"https:\\\/\\\/revolutionpadelstore.com\\\/de\\\/#website\",\"url\":\"https:\\\/\\\/revolutionpadelstore.com\\\/de\\\/\",\"name\":\"Revolution Padel Store\",\"description\":\"\",\"publisher\":{\"@id\":\"https:\\\/\\\/revolutionpadelstore.com\\\/de\\\/#organization\"},\"potentialAction\":[{\"@type\":\"SearchAction\",\"target\":{\"@type\":\"EntryPoint\",\"urlTemplate\":\"https:\\\/\\\/revolutionpadelstore.com\\\/de\\\/?s={search_term_string}\"},\"query-input\":{\"@type\":\"PropertyValueSpecification\",\"valueRequired\":true,\"valueName\":\"search_term_string\"}}],\"inLanguage\":\"de\"},{\"@type\":\"Organization\",\"@id\":\"https:\\\/\\\/revolutionpadelstore.com\\\/de\\\/#organization\",\"name\":\"Revolution Padel Store\",\"url\":\"https:\\\/\\\/revolutionpadelstore.com\\\/de\\\/\",\"logo\":{\"@type\":\"ImageObject\",\"inLanguage\":\"de\",\"@id\":\"https:\\\/\\\/revolutionpadelstore.com\\\/de\\\/#\\\/schema\\\/logo\\\/image\\\/\",\"url\":\"https:\\\/\\\/revolutionpadelstore.com\\\/wp-content\\\/uploads\\\/2026\\\/02\\\/revolution-padel-store.jpg\",\"contentUrl\":\"https:\\\/\\\/revolutionpadelstore.com\\\/wp-content\\\/uploads\\\/2026\\\/02\\\/revolution-padel-store.jpg\",\"width\":2000,\"height\":2000,\"caption\":\"Revolution Padel Store\"},\"image\":{\"@id\":\"https:\\\/\\\/revolutionpadelstore.com\\\/de\\\/#\\\/schema\\\/logo\\\/image\\\/\"},\"sameAs\":[\"https:\\\/\\\/www.instagram.com\\\/revolutionpadelstore\\\/\"]}]}<\/script>\n<!-- \/ Yoast SEO plugin. -->","yoast_head_json":{"title":"JOMA SPIN MEN 2542 BLANCO TURQUESA - Revolution Padel Store","description":"Zapatillas de p\u00e1del de alta gama con tecnolog\u00edas avanzadas para estabilidad, protecci\u00f3n y durabilidad. Avaladas por profesionales. \u00a1C\u00f3mpralas en Revolution Padel Store!","robots":{"index":"index","follow":"follow","max-snippet":"max-snippet:-1","max-image-preview":"max-image-preview:large","max-video-preview":"max-video-preview:-1"},"canonical":"https:\/\/revolutionpadelstore.com\/de\/produkt\/joma-spin-men-2542-blanco-turquesa-1\/","og_locale":"de_DE","og_type":"article","og_title":"JOMA SPIN MEN 2542 BLANCO TURQUESA - Revolution Padel Store","og_description":"Zapatillas de p\u00e1del de alta gama con tecnolog\u00edas avanzadas para estabilidad, protecci\u00f3n y durabilidad. Avaladas por profesionales. \u00a1C\u00f3mpralas en Revolution Padel Store!","og_url":"https:\/\/revolutionpadelstore.com\/de\/produkt\/joma-spin-men-2542-blanco-turquesa-1\/","og_site_name":"Revolution Padel Store","article_modified_time":"2026-04-08T04:08:57+00:00","og_image":[{"width":1500,"height":1500,"url":"https:\/\/revolutionpadelstore.com\/wp-content\/uploads\/2025\/02\/131.png","type":"image\/png"}],"twitter_card":"summary_large_image","twitter_misc":{"Gesch\u00e4tzte Lesezeit":"2\u00a0Minuten"},"schema":{"@context":"https:\/\/schema.org","@graph":[{"@type":"WebPage","@id":"https:\/\/revolutionpadelstore.com\/de\/produkt\/joma-spin-men-2542-blanco-turquesa-1\/","url":"https:\/\/revolutionpadelstore.com\/de\/produkt\/joma-spin-men-2542-blanco-turquesa-1\/","name":"JOMA SPIN MEN 2542 BLANCO TURQUESA - Revolution Padel Store","isPartOf":{"@id":"https:\/\/revolutionpadelstore.com\/de\/#website"},"primaryImageOfPage":{"@id":"https:\/\/revolutionpadelstore.com\/de\/produkt\/joma-spin-men-2542-blanco-turquesa-1\/#primaryimage"},"image":{"@id":"https:\/\/revolutionpadelstore.com\/de\/produkt\/joma-spin-men-2542-blanco-turquesa-1\/#primaryimage"},"thumbnailUrl":"https:\/\/revolutionpadelstore.com\/wp-content\/uploads\/2025\/02\/131.png","datePublished":"2025-02-26T17:52:35+00:00","dateModified":"2026-04-08T04:08:57+00:00","description":"Zapatillas de p\u00e1del de alta gama con tecnolog\u00edas avanzadas para estabilidad, protecci\u00f3n y durabilidad. Avaladas por profesionales. \u00a1C\u00f3mpralas en Revolution Padel Store!","breadcrumb":{"@id":"https:\/\/revolutionpadelstore.com\/de\/produkt\/joma-spin-men-2542-blanco-turquesa-1\/#breadcrumb"},"inLanguage":"de","potentialAction":[{"@type":"ReadAction","target":["https:\/\/revolutionpadelstore.com\/de\/produkt\/joma-spin-men-2542-blanco-turquesa-1\/"]}]},{"@type":"ImageObject","inLanguage":"de","@id":"https:\/\/revolutionpadelstore.com\/de\/produkt\/joma-spin-men-2542-blanco-turquesa-1\/#primaryimage","url":"https:\/\/revolutionpadelstore.com\/wp-content\/uploads\/2025\/02\/131.png","contentUrl":"https:\/\/revolutionpadelstore.com\/wp-content\/uploads\/2025\/02\/131.png","width":1500,"height":1500},{"@type":"BreadcrumbList","@id":"https:\/\/revolutionpadelstore.com\/de\/produkt\/joma-spin-men-2542-blanco-turquesa-1\/#breadcrumb","itemListElement":[{"@type":"ListItem","position":1,"name":"Portada","item":"https:\/\/revolutionpadelstore.com\/de\/"},{"@type":"ListItem","position":2,"name":"Shop","item":"https:\/\/revolutionpadelstore.com\/de\/tienda\/"},{"@type":"ListItem","position":3,"name":"JOMA SPIN MEN 2542 BLANCO TURQUESA"}]},{"@type":"WebSite","@id":"https:\/\/revolutionpadelstore.com\/de\/#website","url":"https:\/\/revolutionpadelstore.com\/de\/","name":"Revolution Padel Store","description":"","publisher":{"@id":"https:\/\/revolutionpadelstore.com\/de\/#organization"},"potentialAction":[{"@type":"SearchAction","target":{"@type":"EntryPoint","urlTemplate":"https:\/\/revolutionpadelstore.com\/de\/?s={search_term_string}"},"query-input":{"@type":"PropertyValueSpecification","valueRequired":true,"valueName":"search_term_string"}}],"inLanguage":"de"},{"@type":"Organization","@id":"https:\/\/revolutionpadelstore.com\/de\/#organization","name":"Revolution Padel Store","url":"https:\/\/revolutionpadelstore.com\/de\/","logo":{"@type":"ImageObject","inLanguage":"de","@id":"https:\/\/revolutionpadelstore.com\/de\/#\/schema\/logo\/image\/","url":"https:\/\/revolutionpadelstore.com\/wp-content\/uploads\/2026\/02\/revolution-padel-store.jpg","contentUrl":"https:\/\/revolutionpadelstore.com\/wp-content\/uploads\/2026\/02\/revolution-padel-store.jpg","width":2000,"height":2000,"caption":"Revolution Padel Store"},"image":{"@id":"https:\/\/revolutionpadelstore.com\/de\/#\/schema\/logo\/image\/"},"sameAs":["https:\/\/www.instagram.com\/revolutionpadelstore\/"]}]}},"_links":{"self":[{"href":"https:\/\/revolutionpadelstore.com\/de\/wp-json\/wp\/v2\/product\/197405","targetHints":{"allow":["GET"]}}],"collection":[{"href":"https:\/\/revolutionpadelstore.com\/de\/wp-json\/wp\/v2\/product"}],"about":[{"href":"https:\/\/revolutionpadelstore.com\/de\/wp-json\/wp\/v2\/types\/product"}],"replies":[{"embeddable":true,"href":"https:\/\/revolutionpadelstore.com\/de\/wp-json\/wp\/v2\/comments?post=197405"}],"wp:featuredmedia":[{"embeddable":true,"href":"https:\/\/revolutionpadelstore.com\/de\/wp-json\/wp\/v2\/media\/197360"}],"wp:attachment":[{"href":"https:\/\/revolutionpadelstore.com\/de\/wp-json\/wp\/v2\/media?parent=197405"}],"wp:term":[{"taxonomy":"acabado","embeddable":true,"href":"https:\/\/revolutionpadelstore.com\/de\/wp-json\/wp\/v2\/acabado?post=197405"},{"taxonomy":"balance","embeddable":true,"href":"https:\/\/revolutionpadelstore.com\/de\/wp-json\/wp\/v2\/balance?post=197405"},{"taxonomy":"dureza","embeddable":true,"href":"https:\/\/revolutionpadelstore.com\/de\/wp-json\/wp\/v2\/dureza?post=197405"},{"taxonomy":"forma","embeddable":true,"href":"https:\/\/revolutionpadelstore.com\/de\/wp-json\/wp\/v2\/forma?post=197405"},{"taxonomy":"jugador","embeddable":true,"href":"https:\/\/revolutionpadelstore.com\/de\/wp-json\/wp\/v2\/jugador?post=197405"},{"taxonomy":"marca","embeddable":true,"href":"https:\/\/revolutionpadelstore.com\/de\/wp-json\/wp\/v2\/marca?post=197405"},{"taxonomy":"nivel-de-juego","embeddable":true,"href":"https:\/\/revolutionpadelstore.com\/de\/wp-json\/wp\/v2\/nivel-de-juego?post=197405"},{"taxonomy":"superficie","embeddable":true,"href":"https:\/\/revolutionpadelstore.com\/de\/wp-json\/wp\/v2\/superficie?post=197405"},{"taxonomy":"tipo-de-juego","embeddable":true,"href":"https:\/\/revolutionpadelstore.com\/de\/wp-json\/wp\/v2\/tipo-de-juego?post=197405"},{"taxonomy":"product_brand","embeddable":true,"href":"https:\/\/revolutionpadelstore.com\/de\/wp-json\/wp\/v2\/product_brand?post=197405"},{"taxonomy":"product_cat","embeddable":true,"href":"https:\/\/revolutionpadelstore.com\/de\/wp-json\/wp\/v2\/product_cat?post=197405"},{"taxonomy":"product_tag","embeddable":true,"href":"https:\/\/revolutionpadelstore.com\/de\/wp-json\/wp\/v2\/product_tag?post=197405"}],"curies":[{"name":"wp","href":"https:\/\/api.w.org\/{rel}","templated":true}]}}