{"id":19737,"date":"2024-04-09T10:19:51","date_gmt":"2024-04-09T08:19:51","guid":{"rendered":"https:\/\/revolutionpadelstore.com\/harlem-padel-helix-soft-2024\/"},"modified":"2026-04-08T14:28:40","modified_gmt":"2026-04-08T12:28:40","slug":"harlem-padel-helix-soft-1","status":"publish","type":"product","link":"https:\/\/revolutionpadelstore.com\/de\/produkt\/harlem-padel-helix-soft-1\/","title":{"rendered":"HARLEM PADEL HELIX SOFT"},"content":{"rendered":"<p>Das<strong>Modell HELIX SOFT 2024 ist eines der Modelle der neuen Harlem Padel-Reihe.<\/p>\n<p>Es handelt sich um einen Padelschl\u00e4ger mit Hybridform, der sich durch eine mittlere Balance und einen sehr ausgedehnten Sweet Spot auszeichnet. Dies verleiht ihm Man\u00f6vrierf\u00e4higkeit und erm\u00f6glicht eine Kombination aus Kraft und Kontrolle beim Schlagen.<\/p>\n<p>Es ist ein idealer Schl\u00e4ger f\u00fcr Frauen und M\u00e4nner, die Padel auf mittlerem bis fortgeschrittenem Niveau spielen und einen leichten Schl\u00e4ger ben\u00f6tigen, der Vielseitigkeit auf dem Platz bietet.<\/p>\n<p>Im Inneren des Schl\u00e4gers befindet sich ein laminierter SCHWARZER EVA-Gummikern mit unterschiedlicher Dichte, der \u00fcber die <strong>High Recovery<\/strong>-Technologie verf\u00fcgt, die eine schnelle Erholung f\u00f6rdert und eine sehr hohe Schlaggeschwindigkeit erm\u00f6glicht. Dieses Modell bietet uns einen mittelweichen Touch bei unseren Spielerlebnissen. Das Modell HELIX PRO 2024 vereint Kontrolle und Leistung zu gleichen Teilen.<\/p>\n<p>Der Rohrrahmen besteht zu 100 % aus Carbon, um eine hohe Haltbarkeit und hervorragende Widerstandsf\u00e4higkeit gegen\u00fcber spieltypischen Abnutzungserscheinungen zu gew\u00e4hrleisten.<\/p>\n<p>Die Hobel bestehen aus <strong>ULTIMATE PRO Fiberglas<\/strong> der neuesten Generation mit rauer Oberfl\u00e4che. Dies beg\u00fcnstigt die Ausf\u00fchrung solider und hochpr\u00e4ziser Effekte.<\/p>\n<p>Wie beim Rest dieser neuen Kollektion ist das Innovativste die dreifache Br\u00fccke einer Form, die mit den neuesten Technologien hergestellt wurde und dem Schl\u00e4ger eine h\u00f6here Ballausbeute und eine hervorragende Kontrolle bei jedem Schlag verleiht.<\/p>\n<p>Das Finish der Klinge weist auf beiden Ebenen das f\u00fcr Harlem typische stilisierte \u201eH\u201c mit einer sehr gro\u00dfen Gr\u00f6\u00dfe in <strong>gl\u00e4nzenden Effektfarben, Metallic-Farben und rauer Textur<\/strong> auf.<\/p>\n","protected":false},"excerpt":{"rendered":"<p>Es handelt sich um einen Padelschl\u00e4ger mit einer <strong>Hybridform<\/strong>, die sich durch eine <strong>mittlere Balance und einen sehr ausgedehnten Sweet Spot<\/strong> auszeichnet. Dies verleiht ihm Man\u00f6vrierf\u00e4higkeit und erm\u00f6glicht eine Kombination aus Kraft und Kontrolle beim Schlagen.<\/p>\n<p>Es ist ein idealer Schl\u00e4ger f\u00fcr Frauen und M\u00e4nner, die Padel auf mittlerem bis fortgeschrittenem Niveau spielen und einen leichten Schl\u00e4ger ben\u00f6tigen, der Vielseitigkeit auf dem Platz bietet.<\/p>\n","protected":false},"featured_media":161864,"comment_status":"open","ping_status":"closed","template":"","meta":{"_acf_changed":false,"_joinchat":[]},"acabado":[1089,1079],"balance":[1134,1139],"dureza":[1154],"forma":[1174],"jugador":[1194],"marca":[1234],"nivel-de-juego":[1349],"superficie":[1359],"tipo-de-juego":[1369,1384],"product_brand":[],"product_cat":[299],"product_tag":[],"class_list":{"0":"post-19737","1":"product","2":"type-product","3":"status-publish","4":"has-post-thumbnail","6":"acabado-3d-entlasten","7":"acabado-helligkeit","8":"balance-hoch","9":"balance-mittel","10":"dureza-media-de","11":"forma-hybrid","12":"jugador-frau","13":"marca-harlem-padel-de","14":"superficie-rugosa-de","15":"tipo-de-juego-kontrolle","16":"tipo-de-juego-mehrzweck","17":"product_cat-palas-de-padel-de","19":"first","20":"onbackorder","21":"sale","22":"taxable","23":"shipping-taxable","24":"purchasable","25":"product-type-simple"},"acf":[],"yoast_head":"<!-- This site is optimized with the Yoast SEO plugin v27.4 - https:\/\/yoast.com\/product\/yoast-seo-wordpress\/ -->\n<title>HARLEM PADEL HELIX SOFT - Revolution Padel Store<\/title>\n<meta name=\"description\" content=\"Es una pala de p\u00e1del de\u00a0forma h\u00edbrida\u00a0que ostenta un\u00a0balance medio y un punto dulce muy extendido. Esto le da maniobrabilidad y facilita una combinaci\u00f3n de potencia y control en los golpes. Es una pala ideal tanto para mujeres como para hombres que juegan al p\u00e1del en un nivel medio-avanzado y requieren una pala liviana que aporte versatilidad sobre la pista.\" \/>\n<meta name=\"robots\" content=\"index, follow, max-snippet:-1, max-image-preview:large, max-video-preview:-1\" \/>\n<link rel=\"canonical\" href=\"https:\/\/revolutionpadelstore.com\/de\/produkt\/harlem-padel-helix-soft-1\/\" \/>\n<meta property=\"og:locale\" content=\"de_DE\" \/>\n<meta property=\"og:type\" content=\"article\" \/>\n<meta property=\"og:title\" content=\"COMPRAR HARLEM PADEL HELIX SOFT 2024\" \/>\n<meta property=\"og:description\" content=\"Es una pala de p\u00e1del de\u00a0forma h\u00edbrida\u00a0que ostenta un\u00a0balance medio y un punto dulce muy extendido. Esto le da maniobrabilidad y facilita una combinaci\u00f3n de potencia y control en los golpes. Es una pala ideal tanto para mujeres como para hombres que juegan al p\u00e1del en un nivel medio-avanzado y requieren una pala liviana que aporte versatilidad sobre la pista.\" \/>\n<meta property=\"og:url\" content=\"https:\/\/revolutionpadelstore.com\/de\/produkt\/harlem-padel-helix-soft-1\/\" \/>\n<meta property=\"og:site_name\" content=\"Revolution Padel Store\" \/>\n<meta property=\"article:modified_time\" content=\"2026-04-08T12:28:40+00:00\" \/>\n<meta property=\"og:image\" content=\"https:\/\/revolutionpadelstore.com\/wp-content\/uploads\/2024\/04\/HELIX_ROSA_1.jpg\" \/>\n\t<meta property=\"og:image:width\" content=\"800\" \/>\n\t<meta property=\"og:image:height\" content=\"800\" \/>\n\t<meta property=\"og:image:type\" content=\"image\/jpeg\" \/>\n<meta name=\"twitter:card\" content=\"summary_large_image\" \/>\n<meta name=\"twitter:label1\" content=\"Gesch\u00e4tzte Lesezeit\" \/>\n\t<meta name=\"twitter:data1\" content=\"2\u00a0Minuten\" \/>\n<script type=\"application\/ld+json\" class=\"yoast-schema-graph\">{\"@context\":\"https:\\\/\\\/schema.org\",\"@graph\":[{\"@type\":\"WebPage\",\"@id\":\"https:\\\/\\\/revolutionpadelstore.com\\\/de\\\/produkt\\\/harlem-padel-helix-soft-1\\\/\",\"url\":\"https:\\\/\\\/revolutionpadelstore.com\\\/de\\\/produkt\\\/harlem-padel-helix-soft-1\\\/\",\"name\":\"HARLEM PADEL HELIX SOFT - Revolution Padel Store\",\"isPartOf\":{\"@id\":\"https:\\\/\\\/revolutionpadelstore.com\\\/de\\\/#website\"},\"primaryImageOfPage\":{\"@id\":\"https:\\\/\\\/revolutionpadelstore.com\\\/de\\\/produkt\\\/harlem-padel-helix-soft-1\\\/#primaryimage\"},\"image\":{\"@id\":\"https:\\\/\\\/revolutionpadelstore.com\\\/de\\\/produkt\\\/harlem-padel-helix-soft-1\\\/#primaryimage\"},\"thumbnailUrl\":\"https:\\\/\\\/revolutionpadelstore.com\\\/wp-content\\\/uploads\\\/2024\\\/04\\\/85.png\",\"datePublished\":\"2024-04-09T08:19:51+00:00\",\"dateModified\":\"2026-04-08T12:28:40+00:00\",\"description\":\"Es una pala de p\u00e1del de\u00a0forma h\u00edbrida\u00a0que ostenta un\u00a0balance medio y un punto dulce muy extendido. Esto le da maniobrabilidad y facilita una combinaci\u00f3n de potencia y control en los golpes. Es una pala ideal tanto para mujeres como para hombres que juegan al p\u00e1del en un nivel medio-avanzado y requieren una pala liviana que aporte versatilidad sobre la pista.\",\"breadcrumb\":{\"@id\":\"https:\\\/\\\/revolutionpadelstore.com\\\/de\\\/produkt\\\/harlem-padel-helix-soft-1\\\/#breadcrumb\"},\"inLanguage\":\"de\",\"potentialAction\":[{\"@type\":\"ReadAction\",\"target\":[\"https:\\\/\\\/revolutionpadelstore.com\\\/de\\\/produkt\\\/harlem-padel-helix-soft-1\\\/\"]}]},{\"@type\":\"ImageObject\",\"inLanguage\":\"de\",\"@id\":\"https:\\\/\\\/revolutionpadelstore.com\\\/de\\\/produkt\\\/harlem-padel-helix-soft-1\\\/#primaryimage\",\"url\":\"https:\\\/\\\/revolutionpadelstore.com\\\/wp-content\\\/uploads\\\/2024\\\/04\\\/85.png\",\"contentUrl\":\"https:\\\/\\\/revolutionpadelstore.com\\\/wp-content\\\/uploads\\\/2024\\\/04\\\/85.png\",\"width\":1500,\"height\":1500},{\"@type\":\"BreadcrumbList\",\"@id\":\"https:\\\/\\\/revolutionpadelstore.com\\\/de\\\/produkt\\\/harlem-padel-helix-soft-1\\\/#breadcrumb\",\"itemListElement\":[{\"@type\":\"ListItem\",\"position\":1,\"name\":\"Portada\",\"item\":\"https:\\\/\\\/revolutionpadelstore.com\\\/de\\\/\"},{\"@type\":\"ListItem\",\"position\":2,\"name\":\"Shop\",\"item\":\"https:\\\/\\\/revolutionpadelstore.com\\\/de\\\/tienda\\\/\"},{\"@type\":\"ListItem\",\"position\":3,\"name\":\"HARLEM PADEL HELIX SOFT\"}]},{\"@type\":\"WebSite\",\"@id\":\"https:\\\/\\\/revolutionpadelstore.com\\\/de\\\/#website\",\"url\":\"https:\\\/\\\/revolutionpadelstore.com\\\/de\\\/\",\"name\":\"Revolution Padel Store\",\"description\":\"\",\"publisher\":{\"@id\":\"https:\\\/\\\/revolutionpadelstore.com\\\/de\\\/#organization\"},\"potentialAction\":[{\"@type\":\"SearchAction\",\"target\":{\"@type\":\"EntryPoint\",\"urlTemplate\":\"https:\\\/\\\/revolutionpadelstore.com\\\/de\\\/?s={search_term_string}\"},\"query-input\":{\"@type\":\"PropertyValueSpecification\",\"valueRequired\":true,\"valueName\":\"search_term_string\"}}],\"inLanguage\":\"de\"},{\"@type\":\"Organization\",\"@id\":\"https:\\\/\\\/revolutionpadelstore.com\\\/de\\\/#organization\",\"name\":\"Revolution Padel Store\",\"url\":\"https:\\\/\\\/revolutionpadelstore.com\\\/de\\\/\",\"logo\":{\"@type\":\"ImageObject\",\"inLanguage\":\"de\",\"@id\":\"https:\\\/\\\/revolutionpadelstore.com\\\/de\\\/#\\\/schema\\\/logo\\\/image\\\/\",\"url\":\"https:\\\/\\\/revolutionpadelstore.com\\\/wp-content\\\/uploads\\\/2026\\\/02\\\/revolution-padel-store.jpg\",\"contentUrl\":\"https:\\\/\\\/revolutionpadelstore.com\\\/wp-content\\\/uploads\\\/2026\\\/02\\\/revolution-padel-store.jpg\",\"width\":2000,\"height\":2000,\"caption\":\"Revolution Padel Store\"},\"image\":{\"@id\":\"https:\\\/\\\/revolutionpadelstore.com\\\/de\\\/#\\\/schema\\\/logo\\\/image\\\/\"},\"sameAs\":[\"https:\\\/\\\/www.instagram.com\\\/revolutionpadelstore\\\/\"]}]}<\/script>\n<!-- \/ Yoast SEO plugin. -->","yoast_head_json":{"title":"HARLEM PADEL HELIX SOFT - Revolution Padel Store","description":"Es una pala de p\u00e1del de\u00a0forma h\u00edbrida\u00a0que ostenta un\u00a0balance medio y un punto dulce muy extendido. Esto le da maniobrabilidad y facilita una combinaci\u00f3n de potencia y control en los golpes. Es una pala ideal tanto para mujeres como para hombres que juegan al p\u00e1del en un nivel medio-avanzado y requieren una pala liviana que aporte versatilidad sobre la pista.","robots":{"index":"index","follow":"follow","max-snippet":"max-snippet:-1","max-image-preview":"max-image-preview:large","max-video-preview":"max-video-preview:-1"},"canonical":"https:\/\/revolutionpadelstore.com\/de\/produkt\/harlem-padel-helix-soft-1\/","og_locale":"de_DE","og_type":"article","og_title":"COMPRAR HARLEM PADEL HELIX SOFT 2024","og_description":"Es una pala de p\u00e1del de\u00a0forma h\u00edbrida\u00a0que ostenta un\u00a0balance medio y un punto dulce muy extendido. Esto le da maniobrabilidad y facilita una combinaci\u00f3n de potencia y control en los golpes. Es una pala ideal tanto para mujeres como para hombres que juegan al p\u00e1del en un nivel medio-avanzado y requieren una pala liviana que aporte versatilidad sobre la pista.","og_url":"https:\/\/revolutionpadelstore.com\/de\/produkt\/harlem-padel-helix-soft-1\/","og_site_name":"Revolution Padel Store","article_modified_time":"2026-04-08T12:28:40+00:00","og_image":[{"width":800,"height":800,"url":"https:\/\/revolutionpadelstore.com\/wp-content\/uploads\/2024\/04\/HELIX_ROSA_1.jpg","type":"image\/jpeg"}],"twitter_card":"summary_large_image","twitter_misc":{"Gesch\u00e4tzte Lesezeit":"2\u00a0Minuten"},"schema":{"@context":"https:\/\/schema.org","@graph":[{"@type":"WebPage","@id":"https:\/\/revolutionpadelstore.com\/de\/produkt\/harlem-padel-helix-soft-1\/","url":"https:\/\/revolutionpadelstore.com\/de\/produkt\/harlem-padel-helix-soft-1\/","name":"HARLEM PADEL HELIX SOFT - Revolution Padel Store","isPartOf":{"@id":"https:\/\/revolutionpadelstore.com\/de\/#website"},"primaryImageOfPage":{"@id":"https:\/\/revolutionpadelstore.com\/de\/produkt\/harlem-padel-helix-soft-1\/#primaryimage"},"image":{"@id":"https:\/\/revolutionpadelstore.com\/de\/produkt\/harlem-padel-helix-soft-1\/#primaryimage"},"thumbnailUrl":"https:\/\/revolutionpadelstore.com\/wp-content\/uploads\/2024\/04\/85.png","datePublished":"2024-04-09T08:19:51+00:00","dateModified":"2026-04-08T12:28:40+00:00","description":"Es una pala de p\u00e1del de\u00a0forma h\u00edbrida\u00a0que ostenta un\u00a0balance medio y un punto dulce muy extendido. Esto le da maniobrabilidad y facilita una combinaci\u00f3n de potencia y control en los golpes. Es una pala ideal tanto para mujeres como para hombres que juegan al p\u00e1del en un nivel medio-avanzado y requieren una pala liviana que aporte versatilidad sobre la pista.","breadcrumb":{"@id":"https:\/\/revolutionpadelstore.com\/de\/produkt\/harlem-padel-helix-soft-1\/#breadcrumb"},"inLanguage":"de","potentialAction":[{"@type":"ReadAction","target":["https:\/\/revolutionpadelstore.com\/de\/produkt\/harlem-padel-helix-soft-1\/"]}]},{"@type":"ImageObject","inLanguage":"de","@id":"https:\/\/revolutionpadelstore.com\/de\/produkt\/harlem-padel-helix-soft-1\/#primaryimage","url":"https:\/\/revolutionpadelstore.com\/wp-content\/uploads\/2024\/04\/85.png","contentUrl":"https:\/\/revolutionpadelstore.com\/wp-content\/uploads\/2024\/04\/85.png","width":1500,"height":1500},{"@type":"BreadcrumbList","@id":"https:\/\/revolutionpadelstore.com\/de\/produkt\/harlem-padel-helix-soft-1\/#breadcrumb","itemListElement":[{"@type":"ListItem","position":1,"name":"Portada","item":"https:\/\/revolutionpadelstore.com\/de\/"},{"@type":"ListItem","position":2,"name":"Shop","item":"https:\/\/revolutionpadelstore.com\/de\/tienda\/"},{"@type":"ListItem","position":3,"name":"HARLEM PADEL HELIX SOFT"}]},{"@type":"WebSite","@id":"https:\/\/revolutionpadelstore.com\/de\/#website","url":"https:\/\/revolutionpadelstore.com\/de\/","name":"Revolution Padel Store","description":"","publisher":{"@id":"https:\/\/revolutionpadelstore.com\/de\/#organization"},"potentialAction":[{"@type":"SearchAction","target":{"@type":"EntryPoint","urlTemplate":"https:\/\/revolutionpadelstore.com\/de\/?s={search_term_string}"},"query-input":{"@type":"PropertyValueSpecification","valueRequired":true,"valueName":"search_term_string"}}],"inLanguage":"de"},{"@type":"Organization","@id":"https:\/\/revolutionpadelstore.com\/de\/#organization","name":"Revolution Padel Store","url":"https:\/\/revolutionpadelstore.com\/de\/","logo":{"@type":"ImageObject","inLanguage":"de","@id":"https:\/\/revolutionpadelstore.com\/de\/#\/schema\/logo\/image\/","url":"https:\/\/revolutionpadelstore.com\/wp-content\/uploads\/2026\/02\/revolution-padel-store.jpg","contentUrl":"https:\/\/revolutionpadelstore.com\/wp-content\/uploads\/2026\/02\/revolution-padel-store.jpg","width":2000,"height":2000,"caption":"Revolution Padel Store"},"image":{"@id":"https:\/\/revolutionpadelstore.com\/de\/#\/schema\/logo\/image\/"},"sameAs":["https:\/\/www.instagram.com\/revolutionpadelstore\/"]}]}},"_links":{"self":[{"href":"https:\/\/revolutionpadelstore.com\/de\/wp-json\/wp\/v2\/product\/19737","targetHints":{"allow":["GET"]}}],"collection":[{"href":"https:\/\/revolutionpadelstore.com\/de\/wp-json\/wp\/v2\/product"}],"about":[{"href":"https:\/\/revolutionpadelstore.com\/de\/wp-json\/wp\/v2\/types\/product"}],"replies":[{"embeddable":true,"href":"https:\/\/revolutionpadelstore.com\/de\/wp-json\/wp\/v2\/comments?post=19737"}],"wp:featuredmedia":[{"embeddable":true,"href":"https:\/\/revolutionpadelstore.com\/de\/wp-json\/wp\/v2\/media\/161864"}],"wp:attachment":[{"href":"https:\/\/revolutionpadelstore.com\/de\/wp-json\/wp\/v2\/media?parent=19737"}],"wp:term":[{"taxonomy":"acabado","embeddable":true,"href":"https:\/\/revolutionpadelstore.com\/de\/wp-json\/wp\/v2\/acabado?post=19737"},{"taxonomy":"balance","embeddable":true,"href":"https:\/\/revolutionpadelstore.com\/de\/wp-json\/wp\/v2\/balance?post=19737"},{"taxonomy":"dureza","embeddable":true,"href":"https:\/\/revolutionpadelstore.com\/de\/wp-json\/wp\/v2\/dureza?post=19737"},{"taxonomy":"forma","embeddable":true,"href":"https:\/\/revolutionpadelstore.com\/de\/wp-json\/wp\/v2\/forma?post=19737"},{"taxonomy":"jugador","embeddable":true,"href":"https:\/\/revolutionpadelstore.com\/de\/wp-json\/wp\/v2\/jugador?post=19737"},{"taxonomy":"marca","embeddable":true,"href":"https:\/\/revolutionpadelstore.com\/de\/wp-json\/wp\/v2\/marca?post=19737"},{"taxonomy":"nivel-de-juego","embeddable":true,"href":"https:\/\/revolutionpadelstore.com\/de\/wp-json\/wp\/v2\/nivel-de-juego?post=19737"},{"taxonomy":"superficie","embeddable":true,"href":"https:\/\/revolutionpadelstore.com\/de\/wp-json\/wp\/v2\/superficie?post=19737"},{"taxonomy":"tipo-de-juego","embeddable":true,"href":"https:\/\/revolutionpadelstore.com\/de\/wp-json\/wp\/v2\/tipo-de-juego?post=19737"},{"taxonomy":"product_brand","embeddable":true,"href":"https:\/\/revolutionpadelstore.com\/de\/wp-json\/wp\/v2\/product_brand?post=19737"},{"taxonomy":"product_cat","embeddable":true,"href":"https:\/\/revolutionpadelstore.com\/de\/wp-json\/wp\/v2\/product_cat?post=19737"},{"taxonomy":"product_tag","embeddable":true,"href":"https:\/\/revolutionpadelstore.com\/de\/wp-json\/wp\/v2\/product_tag?post=19737"}],"curies":[{"name":"wp","href":"https:\/\/api.w.org\/{rel}","templated":true}]}}