{"id":197327,"date":"2025-02-26T18:37:10","date_gmt":"2025-02-26T17:37:10","guid":{"rendered":"https:\/\/revolutionpadelstore.com\/joma-slam-men-2542-blanco-negro\/"},"modified":"2026-04-08T06:10:17","modified_gmt":"2026-04-08T04:10:17","slug":"joma-slam-men-2542-blanco-negro-1","status":"publish","type":"product","link":"https:\/\/revolutionpadelstore.com\/de\/produkt\/joma-slam-men-2542-blanco-negro-1\/","title":{"rendered":"JOMA SLAM MEN 2542 BLANCO NEGRO"},"content":{"rendered":"<h3> Hoch -End -Paddelschuhe &#8211; Maximale Leistung und Technologie <\/ H3><br \/>\nDie High -End -Paddelschuhe, die das Spiel revolutionieren. Sie wurden f\u00fcr fordernde Spieler entwickelt, die maximale Polsterung, Stabilit\u00e4t und Schutz suchen, und wurden von Legenden wie der ehemaligen Nummer 1 der World Carolina Navarro und Juanlu Esbr\u00ed getestet.<\/p>\n<h2> Ausstehende Eigenschaften <\/ H2><br \/>\n<P>-obere des transsirable mesh mit VTS-Technologie, das die Bel\u00fcftung optimiert und trockenen Fu\u00df h\u00e4lt.<br \/>\n-Mazy perfekt dank des Joma Sportch -Thermaling -Systems, das die N\u00e4hte beseitigt und den Komfort verbessert.<br \/>\n-Verweitertes Schutz in Schl\u00fcsselbereichen mit dem Schutzsystem, erh\u00f6ht die Haltbarkeit und den Widerstand. <\/p>\n<h2> Maximale D\u00e4mpfung und Stabilit\u00e4t <\/ H2><br \/>\nDual Reactive Mediauela kombiniert:<\/p>\n<p>-stabiles Phylon, das die Auswirkungen absorbiert und die Erm\u00fcdung verringert.<br \/>\n-Technologie reaktiver Ball, der die Energie in jedem Fu\u00dfabdruck zur\u00fcckgibt.<br \/>\n-Pieza stabilis auf der MIDF, die Torsionen vermeidet und die Stabilit\u00e4t verbessert. <\/p>\n<h2> Omni Dauerliebhaber &#8211; optimaler Griff und Ausrutscher<\/p>\n<p>-Hochwiderstandsgummi, der den Abriebverschlei\u00df verz\u00f6gert.<br \/>\n-Design mit kleinen kreisf\u00f6rmigen Tacos, die kontrollierte Erdrutsche auf harten Oberfl\u00e4chen erleichtern. <\/p>\n<h2> Innovative Technologien <\/ H2><\/p>\n<p>-Papa: Ultra-resistenter Gummi f\u00fcr eine gr\u00f6\u00dfere Nutzungsdauer.<br \/>\n-Itle: Ergonomische Flexionslinien, die den \u00dcbergang der Fersenkraft verbessern.<br \/>\n-Reaktive Kugel: Absorbiert die Auswirkungen und bietet eine optimale Energieversuche.<br \/>\n-Sportech: Einstellungslose Anpassung f\u00fcr mehr Komfort und Flexibilit\u00e4t.<br \/>\n-Stabilis: TPU -Verst\u00e4rkung, um unerw\u00fcnschte Torsionen zu vermeiden.<br \/>\n-VTS: L\u00fcftungssystem, das die ideale Temperatur des Fu\u00dfes beibeh\u00e4lt.<\/p>\n<h2> Technische Spezifikationen <\/H2><\/p>\n<p> Verwendung: Training und Wettbewerb. <\/p>\n<p> Leistung: hoch \/ professionell. <\/p>\n<p> SOLE: Haltbarkeitsgummi mit Omni-Muster.<br \/>\n&lt;p style = &quot;padding-links: 40px;&quot; Farben: Wei\u00df \/ Schwarz \/ Orange. <\/p>\n<p> Geschlecht: Mann. <\/p>\n<p> referenz: tslams2542om. <\/p>\n<p> Jetzt erh\u00e4ltlich in unserem Online-Shop <strong> &lt;a href = &quot;https:\/\/chatgpt.com\/g-675432e026888191b6ee6d6f2fdbb15e-optimization-Textos\/c\/www.revolutionpadelstore.delstore. Bester Marktpreis <\/strong>. Bleib nicht ohne sie!<br \/>\n<H4> <\/h4>\n<h3>Zapatillas de P\u00e1del de Alta Gama \u2013 M\u00e1ximo Rendimiento y Tecnolog\u00eda<\/h3>\n","protected":false},"excerpt":{"rendered":"<p>Elite -Paddelschuhe, die das Spiel ver\u00e4ndern. Es wurden von gro\u00dfen Pers\u00f6nlichkeiten wie der ehemaligen Weltnummer Carolina Navarro und Juanlu Esbr\u00ed getestet, die f\u00fcr fordernde Spieler gegr\u00fcndet wurden, die \u00fcberlegene Polsterung, Stabilit\u00e4t und Schutz priorisieren.<\/p>\n","protected":false},"featured_media":197286,"comment_status":"open","ping_status":"closed","template":"","meta":{"_acf_changed":false,"_joinchat":[]},"acabado":[],"balance":[],"dureza":[],"forma":[],"jugador":[1189],"marca":[1224],"nivel-de-juego":[],"superficie":[],"tipo-de-juego":[],"product_brand":[],"product_cat":[831],"product_tag":[],"class_list":{"0":"post-197327","1":"product","2":"type-product","3":"status-publish","4":"has-post-thumbnail","6":"jugador-mann","7":"marca-joma-de","8":"product_cat-turnschuhe","10":"first","11":"outofstock","12":"sale","13":"taxable","14":"shipping-taxable","15":"purchasable","16":"product-type-variable"},"acf":[],"yoast_head":"<!-- This site is optimized with the Yoast SEO plugin v27.4 - https:\/\/yoast.com\/product\/yoast-seo-wordpress\/ -->\n<title>JOMA SLAM MEN 2542 BLANCO NEGRO - Revolution Padel Store<\/title>\n<meta name=\"description\" content=\"Descubre las zapatillas de p\u00e1del de alta gama con m\u00e1xima amortiguaci\u00f3n y estabilidad. Dise\u00f1adas para profesionales, testadas por leyendas del p\u00e1del. Compra online en Revolution Padel Store.\" \/>\n<meta name=\"robots\" content=\"index, follow, max-snippet:-1, max-image-preview:large, max-video-preview:-1\" \/>\n<link rel=\"canonical\" href=\"https:\/\/revolutionpadelstore.com\/de\/produkt\/joma-slam-men-2542-blanco-negro-1\/\" \/>\n<meta property=\"og:locale\" content=\"de_DE\" \/>\n<meta property=\"og:type\" content=\"article\" \/>\n<meta property=\"og:title\" content=\"JOMA SLAM MEN 2542 BLANCO NEGRO - Revolution Padel Store\" \/>\n<meta property=\"og:description\" content=\"Descubre las zapatillas de p\u00e1del de alta gama con m\u00e1xima amortiguaci\u00f3n y estabilidad. Dise\u00f1adas para profesionales, testadas por leyendas del p\u00e1del. Compra online en Revolution Padel Store.\" \/>\n<meta property=\"og:url\" content=\"https:\/\/revolutionpadelstore.com\/de\/produkt\/joma-slam-men-2542-blanco-negro-1\/\" \/>\n<meta property=\"og:site_name\" content=\"Revolution Padel Store\" \/>\n<meta property=\"article:modified_time\" content=\"2026-04-08T04:10:17+00:00\" \/>\n<meta property=\"og:image\" content=\"https:\/\/revolutionpadelstore.com\/wp-content\/uploads\/2025\/02\/126.png\" \/>\n\t<meta property=\"og:image:width\" content=\"1500\" \/>\n\t<meta property=\"og:image:height\" content=\"1500\" \/>\n\t<meta property=\"og:image:type\" content=\"image\/png\" \/>\n<meta name=\"twitter:card\" content=\"summary_large_image\" \/>\n<meta name=\"twitter:label1\" content=\"Gesch\u00e4tzte Lesezeit\" \/>\n\t<meta name=\"twitter:data1\" content=\"2\u00a0Minuten\" \/>\n<script type=\"application\/ld+json\" class=\"yoast-schema-graph\">{\"@context\":\"https:\\\/\\\/schema.org\",\"@graph\":[{\"@type\":\"WebPage\",\"@id\":\"https:\\\/\\\/revolutionpadelstore.com\\\/de\\\/produkt\\\/joma-slam-men-2542-blanco-negro-1\\\/\",\"url\":\"https:\\\/\\\/revolutionpadelstore.com\\\/de\\\/produkt\\\/joma-slam-men-2542-blanco-negro-1\\\/\",\"name\":\"JOMA SLAM MEN 2542 BLANCO NEGRO - Revolution Padel Store\",\"isPartOf\":{\"@id\":\"https:\\\/\\\/revolutionpadelstore.com\\\/de\\\/#website\"},\"primaryImageOfPage\":{\"@id\":\"https:\\\/\\\/revolutionpadelstore.com\\\/de\\\/produkt\\\/joma-slam-men-2542-blanco-negro-1\\\/#primaryimage\"},\"image\":{\"@id\":\"https:\\\/\\\/revolutionpadelstore.com\\\/de\\\/produkt\\\/joma-slam-men-2542-blanco-negro-1\\\/#primaryimage\"},\"thumbnailUrl\":\"https:\\\/\\\/revolutionpadelstore.com\\\/wp-content\\\/uploads\\\/2025\\\/02\\\/126.png\",\"datePublished\":\"2025-02-26T17:37:10+00:00\",\"dateModified\":\"2026-04-08T04:10:17+00:00\",\"description\":\"Descubre las zapatillas de p\u00e1del de alta gama con m\u00e1xima amortiguaci\u00f3n y estabilidad. Dise\u00f1adas para profesionales, testadas por leyendas del p\u00e1del. Compra online en Revolution Padel Store.\",\"breadcrumb\":{\"@id\":\"https:\\\/\\\/revolutionpadelstore.com\\\/de\\\/produkt\\\/joma-slam-men-2542-blanco-negro-1\\\/#breadcrumb\"},\"inLanguage\":\"de\",\"potentialAction\":[{\"@type\":\"ReadAction\",\"target\":[\"https:\\\/\\\/revolutionpadelstore.com\\\/de\\\/produkt\\\/joma-slam-men-2542-blanco-negro-1\\\/\"]}]},{\"@type\":\"ImageObject\",\"inLanguage\":\"de\",\"@id\":\"https:\\\/\\\/revolutionpadelstore.com\\\/de\\\/produkt\\\/joma-slam-men-2542-blanco-negro-1\\\/#primaryimage\",\"url\":\"https:\\\/\\\/revolutionpadelstore.com\\\/wp-content\\\/uploads\\\/2025\\\/02\\\/126.png\",\"contentUrl\":\"https:\\\/\\\/revolutionpadelstore.com\\\/wp-content\\\/uploads\\\/2025\\\/02\\\/126.png\",\"width\":1500,\"height\":1500},{\"@type\":\"BreadcrumbList\",\"@id\":\"https:\\\/\\\/revolutionpadelstore.com\\\/de\\\/produkt\\\/joma-slam-men-2542-blanco-negro-1\\\/#breadcrumb\",\"itemListElement\":[{\"@type\":\"ListItem\",\"position\":1,\"name\":\"Portada\",\"item\":\"https:\\\/\\\/revolutionpadelstore.com\\\/de\\\/\"},{\"@type\":\"ListItem\",\"position\":2,\"name\":\"Shop\",\"item\":\"https:\\\/\\\/revolutionpadelstore.com\\\/de\\\/tienda\\\/\"},{\"@type\":\"ListItem\",\"position\":3,\"name\":\"JOMA SLAM MEN 2542 BLANCO NEGRO\"}]},{\"@type\":\"WebSite\",\"@id\":\"https:\\\/\\\/revolutionpadelstore.com\\\/de\\\/#website\",\"url\":\"https:\\\/\\\/revolutionpadelstore.com\\\/de\\\/\",\"name\":\"Revolution Padel Store\",\"description\":\"\",\"publisher\":{\"@id\":\"https:\\\/\\\/revolutionpadelstore.com\\\/de\\\/#organization\"},\"potentialAction\":[{\"@type\":\"SearchAction\",\"target\":{\"@type\":\"EntryPoint\",\"urlTemplate\":\"https:\\\/\\\/revolutionpadelstore.com\\\/de\\\/?s={search_term_string}\"},\"query-input\":{\"@type\":\"PropertyValueSpecification\",\"valueRequired\":true,\"valueName\":\"search_term_string\"}}],\"inLanguage\":\"de\"},{\"@type\":\"Organization\",\"@id\":\"https:\\\/\\\/revolutionpadelstore.com\\\/de\\\/#organization\",\"name\":\"Revolution Padel Store\",\"url\":\"https:\\\/\\\/revolutionpadelstore.com\\\/de\\\/\",\"logo\":{\"@type\":\"ImageObject\",\"inLanguage\":\"de\",\"@id\":\"https:\\\/\\\/revolutionpadelstore.com\\\/de\\\/#\\\/schema\\\/logo\\\/image\\\/\",\"url\":\"https:\\\/\\\/revolutionpadelstore.com\\\/wp-content\\\/uploads\\\/2026\\\/02\\\/revolution-padel-store.jpg\",\"contentUrl\":\"https:\\\/\\\/revolutionpadelstore.com\\\/wp-content\\\/uploads\\\/2026\\\/02\\\/revolution-padel-store.jpg\",\"width\":2000,\"height\":2000,\"caption\":\"Revolution Padel Store\"},\"image\":{\"@id\":\"https:\\\/\\\/revolutionpadelstore.com\\\/de\\\/#\\\/schema\\\/logo\\\/image\\\/\"},\"sameAs\":[\"https:\\\/\\\/www.instagram.com\\\/revolutionpadelstore\\\/\"]}]}<\/script>\n<!-- \/ Yoast SEO plugin. -->","yoast_head_json":{"title":"JOMA SLAM MEN 2542 BLANCO NEGRO - Revolution Padel Store","description":"Descubre las zapatillas de p\u00e1del de alta gama con m\u00e1xima amortiguaci\u00f3n y estabilidad. Dise\u00f1adas para profesionales, testadas por leyendas del p\u00e1del. Compra online en Revolution Padel Store.","robots":{"index":"index","follow":"follow","max-snippet":"max-snippet:-1","max-image-preview":"max-image-preview:large","max-video-preview":"max-video-preview:-1"},"canonical":"https:\/\/revolutionpadelstore.com\/de\/produkt\/joma-slam-men-2542-blanco-negro-1\/","og_locale":"de_DE","og_type":"article","og_title":"JOMA SLAM MEN 2542 BLANCO NEGRO - Revolution Padel Store","og_description":"Descubre las zapatillas de p\u00e1del de alta gama con m\u00e1xima amortiguaci\u00f3n y estabilidad. Dise\u00f1adas para profesionales, testadas por leyendas del p\u00e1del. Compra online en Revolution Padel Store.","og_url":"https:\/\/revolutionpadelstore.com\/de\/produkt\/joma-slam-men-2542-blanco-negro-1\/","og_site_name":"Revolution Padel Store","article_modified_time":"2026-04-08T04:10:17+00:00","og_image":[{"width":1500,"height":1500,"url":"https:\/\/revolutionpadelstore.com\/wp-content\/uploads\/2025\/02\/126.png","type":"image\/png"}],"twitter_card":"summary_large_image","twitter_misc":{"Gesch\u00e4tzte Lesezeit":"2\u00a0Minuten"},"schema":{"@context":"https:\/\/schema.org","@graph":[{"@type":"WebPage","@id":"https:\/\/revolutionpadelstore.com\/de\/produkt\/joma-slam-men-2542-blanco-negro-1\/","url":"https:\/\/revolutionpadelstore.com\/de\/produkt\/joma-slam-men-2542-blanco-negro-1\/","name":"JOMA SLAM MEN 2542 BLANCO NEGRO - Revolution Padel Store","isPartOf":{"@id":"https:\/\/revolutionpadelstore.com\/de\/#website"},"primaryImageOfPage":{"@id":"https:\/\/revolutionpadelstore.com\/de\/produkt\/joma-slam-men-2542-blanco-negro-1\/#primaryimage"},"image":{"@id":"https:\/\/revolutionpadelstore.com\/de\/produkt\/joma-slam-men-2542-blanco-negro-1\/#primaryimage"},"thumbnailUrl":"https:\/\/revolutionpadelstore.com\/wp-content\/uploads\/2025\/02\/126.png","datePublished":"2025-02-26T17:37:10+00:00","dateModified":"2026-04-08T04:10:17+00:00","description":"Descubre las zapatillas de p\u00e1del de alta gama con m\u00e1xima amortiguaci\u00f3n y estabilidad. Dise\u00f1adas para profesionales, testadas por leyendas del p\u00e1del. Compra online en Revolution Padel Store.","breadcrumb":{"@id":"https:\/\/revolutionpadelstore.com\/de\/produkt\/joma-slam-men-2542-blanco-negro-1\/#breadcrumb"},"inLanguage":"de","potentialAction":[{"@type":"ReadAction","target":["https:\/\/revolutionpadelstore.com\/de\/produkt\/joma-slam-men-2542-blanco-negro-1\/"]}]},{"@type":"ImageObject","inLanguage":"de","@id":"https:\/\/revolutionpadelstore.com\/de\/produkt\/joma-slam-men-2542-blanco-negro-1\/#primaryimage","url":"https:\/\/revolutionpadelstore.com\/wp-content\/uploads\/2025\/02\/126.png","contentUrl":"https:\/\/revolutionpadelstore.com\/wp-content\/uploads\/2025\/02\/126.png","width":1500,"height":1500},{"@type":"BreadcrumbList","@id":"https:\/\/revolutionpadelstore.com\/de\/produkt\/joma-slam-men-2542-blanco-negro-1\/#breadcrumb","itemListElement":[{"@type":"ListItem","position":1,"name":"Portada","item":"https:\/\/revolutionpadelstore.com\/de\/"},{"@type":"ListItem","position":2,"name":"Shop","item":"https:\/\/revolutionpadelstore.com\/de\/tienda\/"},{"@type":"ListItem","position":3,"name":"JOMA SLAM MEN 2542 BLANCO NEGRO"}]},{"@type":"WebSite","@id":"https:\/\/revolutionpadelstore.com\/de\/#website","url":"https:\/\/revolutionpadelstore.com\/de\/","name":"Revolution Padel Store","description":"","publisher":{"@id":"https:\/\/revolutionpadelstore.com\/de\/#organization"},"potentialAction":[{"@type":"SearchAction","target":{"@type":"EntryPoint","urlTemplate":"https:\/\/revolutionpadelstore.com\/de\/?s={search_term_string}"},"query-input":{"@type":"PropertyValueSpecification","valueRequired":true,"valueName":"search_term_string"}}],"inLanguage":"de"},{"@type":"Organization","@id":"https:\/\/revolutionpadelstore.com\/de\/#organization","name":"Revolution Padel Store","url":"https:\/\/revolutionpadelstore.com\/de\/","logo":{"@type":"ImageObject","inLanguage":"de","@id":"https:\/\/revolutionpadelstore.com\/de\/#\/schema\/logo\/image\/","url":"https:\/\/revolutionpadelstore.com\/wp-content\/uploads\/2026\/02\/revolution-padel-store.jpg","contentUrl":"https:\/\/revolutionpadelstore.com\/wp-content\/uploads\/2026\/02\/revolution-padel-store.jpg","width":2000,"height":2000,"caption":"Revolution Padel Store"},"image":{"@id":"https:\/\/revolutionpadelstore.com\/de\/#\/schema\/logo\/image\/"},"sameAs":["https:\/\/www.instagram.com\/revolutionpadelstore\/"]}]}},"_links":{"self":[{"href":"https:\/\/revolutionpadelstore.com\/de\/wp-json\/wp\/v2\/product\/197327","targetHints":{"allow":["GET"]}}],"collection":[{"href":"https:\/\/revolutionpadelstore.com\/de\/wp-json\/wp\/v2\/product"}],"about":[{"href":"https:\/\/revolutionpadelstore.com\/de\/wp-json\/wp\/v2\/types\/product"}],"replies":[{"embeddable":true,"href":"https:\/\/revolutionpadelstore.com\/de\/wp-json\/wp\/v2\/comments?post=197327"}],"wp:featuredmedia":[{"embeddable":true,"href":"https:\/\/revolutionpadelstore.com\/de\/wp-json\/wp\/v2\/media\/197286"}],"wp:attachment":[{"href":"https:\/\/revolutionpadelstore.com\/de\/wp-json\/wp\/v2\/media?parent=197327"}],"wp:term":[{"taxonomy":"acabado","embeddable":true,"href":"https:\/\/revolutionpadelstore.com\/de\/wp-json\/wp\/v2\/acabado?post=197327"},{"taxonomy":"balance","embeddable":true,"href":"https:\/\/revolutionpadelstore.com\/de\/wp-json\/wp\/v2\/balance?post=197327"},{"taxonomy":"dureza","embeddable":true,"href":"https:\/\/revolutionpadelstore.com\/de\/wp-json\/wp\/v2\/dureza?post=197327"},{"taxonomy":"forma","embeddable":true,"href":"https:\/\/revolutionpadelstore.com\/de\/wp-json\/wp\/v2\/forma?post=197327"},{"taxonomy":"jugador","embeddable":true,"href":"https:\/\/revolutionpadelstore.com\/de\/wp-json\/wp\/v2\/jugador?post=197327"},{"taxonomy":"marca","embeddable":true,"href":"https:\/\/revolutionpadelstore.com\/de\/wp-json\/wp\/v2\/marca?post=197327"},{"taxonomy":"nivel-de-juego","embeddable":true,"href":"https:\/\/revolutionpadelstore.com\/de\/wp-json\/wp\/v2\/nivel-de-juego?post=197327"},{"taxonomy":"superficie","embeddable":true,"href":"https:\/\/revolutionpadelstore.com\/de\/wp-json\/wp\/v2\/superficie?post=197327"},{"taxonomy":"tipo-de-juego","embeddable":true,"href":"https:\/\/revolutionpadelstore.com\/de\/wp-json\/wp\/v2\/tipo-de-juego?post=197327"},{"taxonomy":"product_brand","embeddable":true,"href":"https:\/\/revolutionpadelstore.com\/de\/wp-json\/wp\/v2\/product_brand?post=197327"},{"taxonomy":"product_cat","embeddable":true,"href":"https:\/\/revolutionpadelstore.com\/de\/wp-json\/wp\/v2\/product_cat?post=197327"},{"taxonomy":"product_tag","embeddable":true,"href":"https:\/\/revolutionpadelstore.com\/de\/wp-json\/wp\/v2\/product_tag?post=197327"}],"curies":[{"name":"wp","href":"https:\/\/api.w.org\/{rel}","templated":true}]}}