{"id":19732,"date":"2024-04-09T19:47:03","date_gmt":"2024-04-09T17:47:03","guid":{"rendered":"https:\/\/revolutionpadelstore.com\/siux-electra-st3-go\/"},"modified":"2026-04-08T14:28:06","modified_gmt":"2026-04-08T12:28:06","slug":"siux-electra-st3-go","status":"publish","type":"product","link":"https:\/\/revolutionpadelstore.com\/de\/produkt\/siux-electra-st3-go\/","title":{"rendered":"SIUX ELECTRA ST3 GO"},"content":{"rendered":"<h2>Siux Electra ST3 Go, Hybridschl\u00e4ger f\u00fcr fortgeschrittene Spieler<\/h2>\n<p>Der Padelschl\u00e4ger <strong>Siux Electra ST3 Go<\/strong> stammt aus der Go-Serie von Siux und wurde speziell f\u00fcr <strong>Spieler mit mittlerer Leistung<\/strong> entwickelt, die ihr Spiel verbessern und auf die n\u00e4chste Stufe bringen m\u00f6chten. Mit seinem eleganten Design in Schwarz und Gold zeichnet sich dieser Schl\u00e4ger auf dem Platz nicht nur durch seine Leistung, sondern auch durch seine makellose \u00c4sthetik aus.<\/p>\n<p>Der Schl\u00e4ger verf\u00fcgt \u00fcber einen <strong>Hybrid-Shape<\/strong>-K\u00f6rper, der das Beste der runden und tropfenf\u00f6rmigen Schl\u00e4ger vereint und ihn zu einem vielseitigen Verb\u00fcndeten auf dem Platz macht. Seine mittlere Balance sorgt f\u00fcr au\u00dfergew\u00f6hnliche Kontrolle, ohne dabei an Kraft bei Ihren Schl\u00e4gen einzub\u00fc\u00dfen. Der Gewichtsbereich dieses Schl\u00e4gers liegt zwischen 355 und 375 Gramm<\/p>\n<h3>Hybrid-Padelschl\u00e4ger mit mittelhartem Schlaggef\u00fchl<\/h3>\n<p>Die <strong>r\u00f6hrenf\u00f6rmige<\/strong> Struktur der Klinge besteht aus 5<strong>0% 3K-Kohlenstoff und 50% <em>Fiberglas<\/em><\/strong>, was eine au\u00dfergew\u00f6hnliche Widerstandsf\u00e4higkeit und lange Haltbarkeit garantiert. Die Schlagfl\u00e4chen bestehen aus 3K-Carbon, was den Hobeln eine gr\u00f6\u00dfere Flexibilit\u00e4t verleiht. Der Kern aus hartem EVA-Gummi f\u00fchlt sich mittelhart an und vermittelt bei jedem Aufprall ein Gef\u00fchl von Festigkeit und Kontrolle.<\/p>\n<p>Es ist mit einem Antivibrations-Shockout-Dampeners-System ausgestattet, das Vibrationen beim Schlagen reduziert, ein komfortableres Spielerlebnis bietet und das Risiko von Verletzungen durch wiederholte \u00dcberlastung minimiert. Die gl\u00e4nzenden Oberfl\u00e4chen verleihen ihm auf dem Platz ein elegantes und poliertes Aussehen.<\/p>\n<p>Kurz gesagt, der Siux Electra ST3 Go ist die perfekte Wahl f\u00fcr Padelspieler mit mittlerer Leistung, die einen Schl\u00e4ger mit einem idealen Gleichgewicht zwischen Kontrolle und Kraft, au\u00dfergew\u00f6hnlicher Haltbarkeit und einer beeindruckenden \u00c4sthetik suchen. Mit seiner fortschrittlichen Technologie und seinem attraktiven Design bringt Sie dieser Schl\u00e4ger dem Sieg in jedem Spiel einen Schritt n\u00e4her.<\/p>\n<h2>Siux Electra ST3 Go, pala h\u00edbrida para jugadores de nivel intermedio<\/h2>\n","protected":false},"excerpt":{"rendered":"<p>Der Padelschl\u00e4ger Siux Electra ST3 Go stammt aus der Go-Serie von Siux und wurde speziell f\u00fcr Spieler mit mittlerer Leistung entwickelt, die ihr Spiel verbessern und auf die n\u00e4chste Stufe bringen m\u00f6chten. Mit seinem eleganten Design in Schwarz und Gold zeichnet sich dieser Schl\u00e4ger auf dem Platz nicht nur durch seine Leistung, sondern auch durch seine makellose \u00c4sthetik aus.<\/p>\n","protected":false},"featured_media":265994,"comment_status":"open","ping_status":"closed","template":"","meta":{"_acf_changed":false,"_joinchat":[]},"acabado":[1079],"balance":[1139],"dureza":[1154],"forma":[1174],"jugador":[1189,1199],"marca":[1304],"nivel-de-juego":[1349],"superficie":[1359],"tipo-de-juego":[1384],"product_brand":[],"product_cat":[299],"product_tag":[],"class_list":{"0":"post-19732","1":"product","2":"type-product","3":"status-publish","4":"has-post-thumbnail","6":"acabado-helligkeit","7":"balance-mittel","8":"dureza-media-de","9":"forma-hybrid","10":"jugador-mann","11":"jugador-mehrzweck","12":"marca-siux-de","13":"superficie-rugosa-de","14":"tipo-de-juego-mehrzweck","15":"product_cat-palas-de-padel-de","17":"first","18":"instock","19":"sale","20":"taxable","21":"shipping-taxable","22":"purchasable","23":"product-type-simple"},"acf":[],"yoast_head":"<!-- This site is optimized with the Yoast SEO plugin v27.4 - https:\/\/yoast.com\/product\/yoast-seo-wordpress\/ -->\n<title>SIUX ELECTRA ST3 GO - Revolution Padel Store<\/title>\n<meta name=\"description\" content=\"La pala de p\u00e1del\u00a0Siux Electra ST3 Go\u00a0es de la gama Go Series de Siux, dise\u00f1ada espec\u00edficamente para\u00a0jugadores de rendimiento medio\u00a0que desean mejorar su juego y llevarlo al siguiente nivel. Con un dise\u00f1o elegante en negro y dorado, esta pala no solo destaca en la pista por su rendimiento, sino tambi\u00e9n por su est\u00e9tica impecable.\" \/>\n<meta name=\"robots\" content=\"index, follow, max-snippet:-1, max-image-preview:large, max-video-preview:-1\" \/>\n<link rel=\"canonical\" href=\"https:\/\/revolutionpadelstore.com\/de\/produkt\/siux-electra-st3-go\/\" \/>\n<meta property=\"og:locale\" content=\"de_DE\" \/>\n<meta property=\"og:type\" content=\"article\" \/>\n<meta property=\"og:title\" content=\"COMPRAR SIUX ELECTRA ST3 GO\" \/>\n<meta property=\"og:description\" content=\"La pala de p\u00e1del\u00a0Siux Electra ST3 Go\u00a0es de la gama Go Series de Siux, dise\u00f1ada espec\u00edficamente para\u00a0jugadores de rendimiento medio\u00a0que desean mejorar su juego y llevarlo al siguiente nivel. Con un dise\u00f1o elegante en negro y dorado, esta pala no solo destaca en la pista por su rendimiento, sino tambi\u00e9n por su est\u00e9tica impecable.\" \/>\n<meta property=\"og:url\" content=\"https:\/\/revolutionpadelstore.com\/de\/produkt\/siux-electra-st3-go\/\" \/>\n<meta property=\"og:site_name\" content=\"Revolution Padel Store\" \/>\n<meta property=\"article:modified_time\" content=\"2026-04-08T12:28:06+00:00\" \/>\n<meta property=\"og:image\" content=\"https:\/\/revolutionpadelstore.com\/wp-content\/uploads\/2024\/04\/109474_siux_electra_go_3_1500x1500_vista1_2c8b.webp\" \/>\n\t<meta property=\"og:image:width\" content=\"1500\" \/>\n\t<meta property=\"og:image:height\" content=\"1500\" \/>\n\t<meta property=\"og:image:type\" content=\"image\/webp\" \/>\n<meta name=\"twitter:card\" content=\"summary_large_image\" \/>\n<meta name=\"twitter:label1\" content=\"Gesch\u00e4tzte Lesezeit\" \/>\n\t<meta name=\"twitter:data1\" content=\"2\u00a0Minuten\" \/>\n<script type=\"application\/ld+json\" class=\"yoast-schema-graph\">{\"@context\":\"https:\\\/\\\/schema.org\",\"@graph\":[{\"@type\":\"WebPage\",\"@id\":\"https:\\\/\\\/revolutionpadelstore.com\\\/de\\\/produkt\\\/siux-electra-st3-go\\\/\",\"url\":\"https:\\\/\\\/revolutionpadelstore.com\\\/de\\\/produkt\\\/siux-electra-st3-go\\\/\",\"name\":\"SIUX ELECTRA ST3 GO - Revolution Padel Store\",\"isPartOf\":{\"@id\":\"https:\\\/\\\/revolutionpadelstore.com\\\/de\\\/#website\"},\"primaryImageOfPage\":{\"@id\":\"https:\\\/\\\/revolutionpadelstore.com\\\/de\\\/produkt\\\/siux-electra-st3-go\\\/#primaryimage\"},\"image\":{\"@id\":\"https:\\\/\\\/revolutionpadelstore.com\\\/de\\\/produkt\\\/siux-electra-st3-go\\\/#primaryimage\"},\"thumbnailUrl\":\"https:\\\/\\\/revolutionpadelstore.com\\\/wp-content\\\/uploads\\\/2024\\\/04\\\/109474_siux_electra_go_3_1500x1500_vista1_2c8b-2.webp\",\"datePublished\":\"2024-04-09T17:47:03+00:00\",\"dateModified\":\"2026-04-08T12:28:06+00:00\",\"description\":\"La pala de p\u00e1del\u00a0Siux Electra ST3 Go\u00a0es de la gama Go Series de Siux, dise\u00f1ada espec\u00edficamente para\u00a0jugadores de rendimiento medio\u00a0que desean mejorar su juego y llevarlo al siguiente nivel. Con un dise\u00f1o elegante en negro y dorado, esta pala no solo destaca en la pista por su rendimiento, sino tambi\u00e9n por su est\u00e9tica impecable.\",\"breadcrumb\":{\"@id\":\"https:\\\/\\\/revolutionpadelstore.com\\\/de\\\/produkt\\\/siux-electra-st3-go\\\/#breadcrumb\"},\"inLanguage\":\"de\",\"potentialAction\":[{\"@type\":\"ReadAction\",\"target\":[\"https:\\\/\\\/revolutionpadelstore.com\\\/de\\\/produkt\\\/siux-electra-st3-go\\\/\"]}]},{\"@type\":\"ImageObject\",\"inLanguage\":\"de\",\"@id\":\"https:\\\/\\\/revolutionpadelstore.com\\\/de\\\/produkt\\\/siux-electra-st3-go\\\/#primaryimage\",\"url\":\"https:\\\/\\\/revolutionpadelstore.com\\\/wp-content\\\/uploads\\\/2024\\\/04\\\/109474_siux_electra_go_3_1500x1500_vista1_2c8b-2.webp\",\"contentUrl\":\"https:\\\/\\\/revolutionpadelstore.com\\\/wp-content\\\/uploads\\\/2024\\\/04\\\/109474_siux_electra_go_3_1500x1500_vista1_2c8b-2.webp\",\"width\":1500,\"height\":1500},{\"@type\":\"BreadcrumbList\",\"@id\":\"https:\\\/\\\/revolutionpadelstore.com\\\/de\\\/produkt\\\/siux-electra-st3-go\\\/#breadcrumb\",\"itemListElement\":[{\"@type\":\"ListItem\",\"position\":1,\"name\":\"Portada\",\"item\":\"https:\\\/\\\/revolutionpadelstore.com\\\/de\\\/\"},{\"@type\":\"ListItem\",\"position\":2,\"name\":\"Shop\",\"item\":\"https:\\\/\\\/revolutionpadelstore.com\\\/de\\\/tienda\\\/\"},{\"@type\":\"ListItem\",\"position\":3,\"name\":\"SIUX ELECTRA ST3 GO\"}]},{\"@type\":\"WebSite\",\"@id\":\"https:\\\/\\\/revolutionpadelstore.com\\\/de\\\/#website\",\"url\":\"https:\\\/\\\/revolutionpadelstore.com\\\/de\\\/\",\"name\":\"Revolution Padel Store\",\"description\":\"\",\"publisher\":{\"@id\":\"https:\\\/\\\/revolutionpadelstore.com\\\/de\\\/#organization\"},\"potentialAction\":[{\"@type\":\"SearchAction\",\"target\":{\"@type\":\"EntryPoint\",\"urlTemplate\":\"https:\\\/\\\/revolutionpadelstore.com\\\/de\\\/?s={search_term_string}\"},\"query-input\":{\"@type\":\"PropertyValueSpecification\",\"valueRequired\":true,\"valueName\":\"search_term_string\"}}],\"inLanguage\":\"de\"},{\"@type\":\"Organization\",\"@id\":\"https:\\\/\\\/revolutionpadelstore.com\\\/de\\\/#organization\",\"name\":\"Revolution Padel Store\",\"url\":\"https:\\\/\\\/revolutionpadelstore.com\\\/de\\\/\",\"logo\":{\"@type\":\"ImageObject\",\"inLanguage\":\"de\",\"@id\":\"https:\\\/\\\/revolutionpadelstore.com\\\/de\\\/#\\\/schema\\\/logo\\\/image\\\/\",\"url\":\"https:\\\/\\\/revolutionpadelstore.com\\\/wp-content\\\/uploads\\\/2026\\\/02\\\/revolution-padel-store.jpg\",\"contentUrl\":\"https:\\\/\\\/revolutionpadelstore.com\\\/wp-content\\\/uploads\\\/2026\\\/02\\\/revolution-padel-store.jpg\",\"width\":2000,\"height\":2000,\"caption\":\"Revolution Padel Store\"},\"image\":{\"@id\":\"https:\\\/\\\/revolutionpadelstore.com\\\/de\\\/#\\\/schema\\\/logo\\\/image\\\/\"},\"sameAs\":[\"https:\\\/\\\/www.instagram.com\\\/revolutionpadelstore\\\/\"]}]}<\/script>\n<!-- \/ Yoast SEO plugin. -->","yoast_head_json":{"title":"SIUX ELECTRA ST3 GO - Revolution Padel Store","description":"La pala de p\u00e1del\u00a0Siux Electra ST3 Go\u00a0es de la gama Go Series de Siux, dise\u00f1ada espec\u00edficamente para\u00a0jugadores de rendimiento medio\u00a0que desean mejorar su juego y llevarlo al siguiente nivel. Con un dise\u00f1o elegante en negro y dorado, esta pala no solo destaca en la pista por su rendimiento, sino tambi\u00e9n por su est\u00e9tica impecable.","robots":{"index":"index","follow":"follow","max-snippet":"max-snippet:-1","max-image-preview":"max-image-preview:large","max-video-preview":"max-video-preview:-1"},"canonical":"https:\/\/revolutionpadelstore.com\/de\/produkt\/siux-electra-st3-go\/","og_locale":"de_DE","og_type":"article","og_title":"COMPRAR SIUX ELECTRA ST3 GO","og_description":"La pala de p\u00e1del\u00a0Siux Electra ST3 Go\u00a0es de la gama Go Series de Siux, dise\u00f1ada espec\u00edficamente para\u00a0jugadores de rendimiento medio\u00a0que desean mejorar su juego y llevarlo al siguiente nivel. Con un dise\u00f1o elegante en negro y dorado, esta pala no solo destaca en la pista por su rendimiento, sino tambi\u00e9n por su est\u00e9tica impecable.","og_url":"https:\/\/revolutionpadelstore.com\/de\/produkt\/siux-electra-st3-go\/","og_site_name":"Revolution Padel Store","article_modified_time":"2026-04-08T12:28:06+00:00","og_image":[{"width":1500,"height":1500,"url":"https:\/\/revolutionpadelstore.com\/wp-content\/uploads\/2024\/04\/109474_siux_electra_go_3_1500x1500_vista1_2c8b.webp","type":"image\/webp"}],"twitter_card":"summary_large_image","twitter_misc":{"Gesch\u00e4tzte Lesezeit":"2\u00a0Minuten"},"schema":{"@context":"https:\/\/schema.org","@graph":[{"@type":"WebPage","@id":"https:\/\/revolutionpadelstore.com\/de\/produkt\/siux-electra-st3-go\/","url":"https:\/\/revolutionpadelstore.com\/de\/produkt\/siux-electra-st3-go\/","name":"SIUX ELECTRA ST3 GO - Revolution Padel Store","isPartOf":{"@id":"https:\/\/revolutionpadelstore.com\/de\/#website"},"primaryImageOfPage":{"@id":"https:\/\/revolutionpadelstore.com\/de\/produkt\/siux-electra-st3-go\/#primaryimage"},"image":{"@id":"https:\/\/revolutionpadelstore.com\/de\/produkt\/siux-electra-st3-go\/#primaryimage"},"thumbnailUrl":"https:\/\/revolutionpadelstore.com\/wp-content\/uploads\/2024\/04\/109474_siux_electra_go_3_1500x1500_vista1_2c8b-2.webp","datePublished":"2024-04-09T17:47:03+00:00","dateModified":"2026-04-08T12:28:06+00:00","description":"La pala de p\u00e1del\u00a0Siux Electra ST3 Go\u00a0es de la gama Go Series de Siux, dise\u00f1ada espec\u00edficamente para\u00a0jugadores de rendimiento medio\u00a0que desean mejorar su juego y llevarlo al siguiente nivel. Con un dise\u00f1o elegante en negro y dorado, esta pala no solo destaca en la pista por su rendimiento, sino tambi\u00e9n por su est\u00e9tica impecable.","breadcrumb":{"@id":"https:\/\/revolutionpadelstore.com\/de\/produkt\/siux-electra-st3-go\/#breadcrumb"},"inLanguage":"de","potentialAction":[{"@type":"ReadAction","target":["https:\/\/revolutionpadelstore.com\/de\/produkt\/siux-electra-st3-go\/"]}]},{"@type":"ImageObject","inLanguage":"de","@id":"https:\/\/revolutionpadelstore.com\/de\/produkt\/siux-electra-st3-go\/#primaryimage","url":"https:\/\/revolutionpadelstore.com\/wp-content\/uploads\/2024\/04\/109474_siux_electra_go_3_1500x1500_vista1_2c8b-2.webp","contentUrl":"https:\/\/revolutionpadelstore.com\/wp-content\/uploads\/2024\/04\/109474_siux_electra_go_3_1500x1500_vista1_2c8b-2.webp","width":1500,"height":1500},{"@type":"BreadcrumbList","@id":"https:\/\/revolutionpadelstore.com\/de\/produkt\/siux-electra-st3-go\/#breadcrumb","itemListElement":[{"@type":"ListItem","position":1,"name":"Portada","item":"https:\/\/revolutionpadelstore.com\/de\/"},{"@type":"ListItem","position":2,"name":"Shop","item":"https:\/\/revolutionpadelstore.com\/de\/tienda\/"},{"@type":"ListItem","position":3,"name":"SIUX ELECTRA ST3 GO"}]},{"@type":"WebSite","@id":"https:\/\/revolutionpadelstore.com\/de\/#website","url":"https:\/\/revolutionpadelstore.com\/de\/","name":"Revolution Padel Store","description":"","publisher":{"@id":"https:\/\/revolutionpadelstore.com\/de\/#organization"},"potentialAction":[{"@type":"SearchAction","target":{"@type":"EntryPoint","urlTemplate":"https:\/\/revolutionpadelstore.com\/de\/?s={search_term_string}"},"query-input":{"@type":"PropertyValueSpecification","valueRequired":true,"valueName":"search_term_string"}}],"inLanguage":"de"},{"@type":"Organization","@id":"https:\/\/revolutionpadelstore.com\/de\/#organization","name":"Revolution Padel Store","url":"https:\/\/revolutionpadelstore.com\/de\/","logo":{"@type":"ImageObject","inLanguage":"de","@id":"https:\/\/revolutionpadelstore.com\/de\/#\/schema\/logo\/image\/","url":"https:\/\/revolutionpadelstore.com\/wp-content\/uploads\/2026\/02\/revolution-padel-store.jpg","contentUrl":"https:\/\/revolutionpadelstore.com\/wp-content\/uploads\/2026\/02\/revolution-padel-store.jpg","width":2000,"height":2000,"caption":"Revolution Padel Store"},"image":{"@id":"https:\/\/revolutionpadelstore.com\/de\/#\/schema\/logo\/image\/"},"sameAs":["https:\/\/www.instagram.com\/revolutionpadelstore\/"]}]}},"_links":{"self":[{"href":"https:\/\/revolutionpadelstore.com\/de\/wp-json\/wp\/v2\/product\/19732","targetHints":{"allow":["GET"]}}],"collection":[{"href":"https:\/\/revolutionpadelstore.com\/de\/wp-json\/wp\/v2\/product"}],"about":[{"href":"https:\/\/revolutionpadelstore.com\/de\/wp-json\/wp\/v2\/types\/product"}],"replies":[{"embeddable":true,"href":"https:\/\/revolutionpadelstore.com\/de\/wp-json\/wp\/v2\/comments?post=19732"}],"wp:featuredmedia":[{"embeddable":true,"href":"https:\/\/revolutionpadelstore.com\/de\/wp-json\/wp\/v2\/media\/265994"}],"wp:attachment":[{"href":"https:\/\/revolutionpadelstore.com\/de\/wp-json\/wp\/v2\/media?parent=19732"}],"wp:term":[{"taxonomy":"acabado","embeddable":true,"href":"https:\/\/revolutionpadelstore.com\/de\/wp-json\/wp\/v2\/acabado?post=19732"},{"taxonomy":"balance","embeddable":true,"href":"https:\/\/revolutionpadelstore.com\/de\/wp-json\/wp\/v2\/balance?post=19732"},{"taxonomy":"dureza","embeddable":true,"href":"https:\/\/revolutionpadelstore.com\/de\/wp-json\/wp\/v2\/dureza?post=19732"},{"taxonomy":"forma","embeddable":true,"href":"https:\/\/revolutionpadelstore.com\/de\/wp-json\/wp\/v2\/forma?post=19732"},{"taxonomy":"jugador","embeddable":true,"href":"https:\/\/revolutionpadelstore.com\/de\/wp-json\/wp\/v2\/jugador?post=19732"},{"taxonomy":"marca","embeddable":true,"href":"https:\/\/revolutionpadelstore.com\/de\/wp-json\/wp\/v2\/marca?post=19732"},{"taxonomy":"nivel-de-juego","embeddable":true,"href":"https:\/\/revolutionpadelstore.com\/de\/wp-json\/wp\/v2\/nivel-de-juego?post=19732"},{"taxonomy":"superficie","embeddable":true,"href":"https:\/\/revolutionpadelstore.com\/de\/wp-json\/wp\/v2\/superficie?post=19732"},{"taxonomy":"tipo-de-juego","embeddable":true,"href":"https:\/\/revolutionpadelstore.com\/de\/wp-json\/wp\/v2\/tipo-de-juego?post=19732"},{"taxonomy":"product_brand","embeddable":true,"href":"https:\/\/revolutionpadelstore.com\/de\/wp-json\/wp\/v2\/product_brand?post=19732"},{"taxonomy":"product_cat","embeddable":true,"href":"https:\/\/revolutionpadelstore.com\/de\/wp-json\/wp\/v2\/product_cat?post=19732"},{"taxonomy":"product_tag","embeddable":true,"href":"https:\/\/revolutionpadelstore.com\/de\/wp-json\/wp\/v2\/product_tag?post=19732"}],"curies":[{"name":"wp","href":"https:\/\/api.w.org\/{rel}","templated":true}]}}