{"id":19727,"date":"2024-04-09T19:56:58","date_gmt":"2024-04-09T17:56:58","guid":{"rendered":"https:\/\/revolutionpadelstore.com\/siux-diablo-revolution-pro-3\/"},"modified":"2026-04-08T14:27:31","modified_gmt":"2026-04-08T12:27:31","slug":"siux-diablo-revolution-pro-3-1","status":"publish","type":"product","link":"https:\/\/revolutionpadelstore.com\/de\/produkt\/siux-diablo-revolution-pro-3-1\/","title":{"rendered":"SIUX DIABLO REVOLUTION PRO 3"},"content":{"rendered":"<h2>Siux Diablo Revolution 3 Sanyo Pro, unglaubliche Funktionen<\/h2>\n<p>Der <strong>Siux Diablo Revolution Pro 3<\/strong> ist der offizielle Padelschl\u00e4ger von Sanyo Guti\u00e9rrez. Er wurde f\u00fcr fortgeschrittene oder professionelle Padelspieler entwickelt, die bei jedem Spiel Vielseitigkeit suchen. Es hat eine harte Haptik und ein geringes Gewicht von 355\u2013375 Gramm, was jederzeit gro\u00dfe Bewegungsfreiheit, Beweglichkeit und Komfort erm\u00f6glicht.<\/p>\n<p>Es weist eine <strong>hybride Form und eine mittlere Balance<\/strong> auf und eignet sich daher sowohl f\u00fcr aggressive Schl\u00e4ge, die mehr Kraft erfordern, als auch f\u00fcr defensive Schl\u00e4ge, die gro\u00dfe Pr\u00e4zision und Kontrolle erfordern.<\/p>\n<h3>Haltbarkeit und Verschlei\u00dffestigkeit<\/h3>\n<p>Was seine Zusammensetzung betrifft, k\u00f6nnen wir den EVA-Gummikern hervorheben, der beim Schlagen ein tolles Gef\u00fchl und Feedback vermittelt und gleichzeitig f\u00fcr Stabilit\u00e4t und Leichtigkeit sorgt.<\/p>\n<p>Der Rohrrahmen besteht aus einer Kombination von<strong>3K Carbon und Aramid<\/strong> und zeichnet sich daher durch geringes Gewicht, hohe Widerstandsf\u00e4higkeit und Haltbarkeit sowie ein angenehmes Aufprallgef\u00fchl durch reduzierte Vibrationen aus .<\/p>\n<p>Andererseits sind die Schlagfl\u00e4chen dieses <strong>Siux-Schl\u00e4gers<\/strong> aus <strong>15K 45\u00ba Carbon<\/strong> gefertigt, was sich in <strong>hoher Widerstandsf\u00e4higkeit, Qualit\u00e4t und Steifigkeit<\/strong> niederschl\u00e4gt bietet eine hervorragende Kombination aus Kontrolle und Kraft, die zu einem Hochleistungsschl\u00e4ger f\u00fchrt.<\/p>\n<p>Au\u00dferdem haben die Flugzeuge eine gl\u00e4nzende Oberfl\u00e4che und verf\u00fcgen \u00fcber die 3D-Decal-Technologie, ein Relief, das den Halt des Balls auf der Oberfl\u00e4che beg\u00fcnstigt und daf\u00fcr sorgt, dass er sich dreht mit <strong>mehr Geschwindigkeit und Wirkung.<\/strong><\/p>\n<h3>Moderne und sportliche \u00c4sthetik<\/h3>\n<p>Auch technisch ist dieses Modell sehr gut ausgestattet, da es \u00fcber <strong><em>Shockout Dampener<\/em><\/strong> verf\u00fcgt. Dabei handelt es sich um Elemente, die daf\u00fcr verantwortlich sind, die nach dem Aufprall des Balls entstehenden Vibrationen (bis zu 60 %) zu reduzieren und so das Verletzungsrisiko des Spielers zu verringern.<\/p>\n<p>Dar\u00fcber hinaus ist der Griff dank des <strong><em>Dual Pro Grip<\/em><\/strong>, einem Overgrip aus FOAM-Gummi, deutlich <strong>angenehmer, komfortabler und fester<\/strong> kleines Relief, das auf der Oberfl\u00e4che erzeugt wird.<\/p>\n<h2>Siux Diablo Revolution 3 Sanyo Pro, incre\u00edbles prestaciones<\/h2>\n","protected":false},"excerpt":{"rendered":"<p>Der Siux Diablo Revolution Pro 3 ist der offizielle Padelschl\u00e4ger von Sanyo Guti\u00e9rrez. Es wurde f\u00fcr fortgeschrittene oder professionelle Padelspieler entwickelt, die bei jedem Spiel Vielseitigkeit suchen. Es hat eine harte Haptik und ein geringes Gewicht von 355\u2013375 Gramm, was jederzeit gro\u00dfe Bewegungsfreiheit, Beweglichkeit und Komfort erm\u00f6glicht.<\/p>\n","protected":false},"featured_media":71450,"comment_status":"open","ping_status":"closed","template":"","meta":{"_acf_changed":false,"_joinchat":[]},"acabado":[1089,1079],"balance":[1139],"dureza":[1154],"forma":[1174],"jugador":[1189,1199],"marca":[1304],"nivel-de-juego":[1334],"superficie":[1359],"tipo-de-juego":[1384],"product_brand":[],"product_cat":[299],"product_tag":[],"class_list":{"0":"post-19727","1":"product","2":"type-product","3":"status-publish","4":"has-post-thumbnail","6":"acabado-3d-entlasten","7":"acabado-helligkeit","8":"balance-mittel","9":"dureza-media-de","10":"forma-hybrid","11":"jugador-mann","12":"jugador-mehrzweck","13":"marca-siux-de","14":"superficie-rugosa-de","15":"tipo-de-juego-mehrzweck","16":"product_cat-palas-de-padel-de","18":"first","19":"onbackorder","20":"sale","21":"taxable","22":"shipping-taxable","23":"purchasable","24":"product-type-simple"},"acf":[],"yoast_head":"<!-- This site is optimized with the Yoast SEO plugin v27.4 - https:\/\/yoast.com\/product\/yoast-seo-wordpress\/ -->\n<title>SIUX DIABLO REVOLUTION PRO 3 - Revolution Padel Store<\/title>\n<meta name=\"description\" content=\"La\u00a0Siux Diablo Revolution Pro 3,\u00a0es la\u00a0pala oficial de Sanyo Guti\u00e9rrez.\u00a0Ha sido dise\u00f1ada para jugadores de p\u00e1del de\u00a0nivel avanzado o profesional\u00a0que buscan polivalencia en cada jugada. Tiene un tacto duro y un \u00a0peso ligero de 355-375 gramos que posibilita una gran libertad de movimiento, agilidad y comodidad en todo momento.\" \/>\n<meta name=\"robots\" content=\"index, follow, max-snippet:-1, max-image-preview:large, max-video-preview:-1\" \/>\n<link rel=\"canonical\" href=\"https:\/\/revolutionpadelstore.com\/de\/produkt\/siux-diablo-revolution-pro-3-1\/\" \/>\n<meta property=\"og:locale\" content=\"de_DE\" \/>\n<meta property=\"og:type\" content=\"article\" \/>\n<meta property=\"og:title\" content=\"COMPRAR SIUX DIABLO REVOLUTION PRO 3\" \/>\n<meta property=\"og:description\" content=\"La\u00a0Siux Diablo Revolution Pro 3,\u00a0es la\u00a0pala oficial de Sanyo Guti\u00e9rrez.\u00a0Ha sido dise\u00f1ada para jugadores de p\u00e1del de\u00a0nivel avanzado o profesional\u00a0que buscan polivalencia en cada jugada. Tiene un tacto duro y un \u00a0peso ligero de 355-375 gramos que posibilita una gran libertad de movimiento, agilidad y comodidad en todo momento.\" \/>\n<meta property=\"og:url\" content=\"https:\/\/revolutionpadelstore.com\/de\/produkt\/siux-diablo-revolution-pro-3-1\/\" \/>\n<meta property=\"og:site_name\" content=\"Revolution Padel Store\" \/>\n<meta property=\"article:modified_time\" content=\"2026-04-08T12:27:31+00:00\" \/>\n<meta property=\"og:image\" content=\"https:\/\/revolutionpadelstore.com\/wp-content\/uploads\/2024\/04\/diablo_pro_3_1_1500x1500_f18e.webp\" \/>\n\t<meta property=\"og:image:width\" content=\"1500\" \/>\n\t<meta property=\"og:image:height\" content=\"1500\" \/>\n\t<meta property=\"og:image:type\" content=\"image\/webp\" \/>\n<meta name=\"twitter:card\" content=\"summary_large_image\" \/>\n<meta name=\"twitter:label1\" content=\"Gesch\u00e4tzte Lesezeit\" \/>\n\t<meta name=\"twitter:data1\" content=\"2\u00a0Minuten\" \/>\n<script type=\"application\/ld+json\" class=\"yoast-schema-graph\">{\"@context\":\"https:\\\/\\\/schema.org\",\"@graph\":[{\"@type\":\"WebPage\",\"@id\":\"https:\\\/\\\/revolutionpadelstore.com\\\/de\\\/produkt\\\/siux-diablo-revolution-pro-3-1\\\/\",\"url\":\"https:\\\/\\\/revolutionpadelstore.com\\\/de\\\/produkt\\\/siux-diablo-revolution-pro-3-1\\\/\",\"name\":\"SIUX DIABLO REVOLUTION PRO 3 - Revolution Padel Store\",\"isPartOf\":{\"@id\":\"https:\\\/\\\/revolutionpadelstore.com\\\/de\\\/#website\"},\"primaryImageOfPage\":{\"@id\":\"https:\\\/\\\/revolutionpadelstore.com\\\/de\\\/produkt\\\/siux-diablo-revolution-pro-3-1\\\/#primaryimage\"},\"image\":{\"@id\":\"https:\\\/\\\/revolutionpadelstore.com\\\/de\\\/produkt\\\/siux-diablo-revolution-pro-3-1\\\/#primaryimage\"},\"thumbnailUrl\":\"https:\\\/\\\/revolutionpadelstore.com\\\/wp-content\\\/uploads\\\/2024\\\/06\\\/29.png\",\"datePublished\":\"2024-04-09T17:56:58+00:00\",\"dateModified\":\"2026-04-08T12:27:31+00:00\",\"description\":\"La\u00a0Siux Diablo Revolution Pro 3,\u00a0es la\u00a0pala oficial de Sanyo Guti\u00e9rrez.\u00a0Ha sido dise\u00f1ada para jugadores de p\u00e1del de\u00a0nivel avanzado o profesional\u00a0que buscan polivalencia en cada jugada. Tiene un tacto duro y un \u00a0peso ligero de 355-375 gramos que posibilita una gran libertad de movimiento, agilidad y comodidad en todo momento.\",\"breadcrumb\":{\"@id\":\"https:\\\/\\\/revolutionpadelstore.com\\\/de\\\/produkt\\\/siux-diablo-revolution-pro-3-1\\\/#breadcrumb\"},\"inLanguage\":\"de\",\"potentialAction\":[{\"@type\":\"ReadAction\",\"target\":[\"https:\\\/\\\/revolutionpadelstore.com\\\/de\\\/produkt\\\/siux-diablo-revolution-pro-3-1\\\/\"]}]},{\"@type\":\"ImageObject\",\"inLanguage\":\"de\",\"@id\":\"https:\\\/\\\/revolutionpadelstore.com\\\/de\\\/produkt\\\/siux-diablo-revolution-pro-3-1\\\/#primaryimage\",\"url\":\"https:\\\/\\\/revolutionpadelstore.com\\\/wp-content\\\/uploads\\\/2024\\\/06\\\/29.png\",\"contentUrl\":\"https:\\\/\\\/revolutionpadelstore.com\\\/wp-content\\\/uploads\\\/2024\\\/06\\\/29.png\",\"width\":1500,\"height\":1500},{\"@type\":\"BreadcrumbList\",\"@id\":\"https:\\\/\\\/revolutionpadelstore.com\\\/de\\\/produkt\\\/siux-diablo-revolution-pro-3-1\\\/#breadcrumb\",\"itemListElement\":[{\"@type\":\"ListItem\",\"position\":1,\"name\":\"Portada\",\"item\":\"https:\\\/\\\/revolutionpadelstore.com\\\/de\\\/\"},{\"@type\":\"ListItem\",\"position\":2,\"name\":\"Shop\",\"item\":\"https:\\\/\\\/revolutionpadelstore.com\\\/de\\\/tienda\\\/\"},{\"@type\":\"ListItem\",\"position\":3,\"name\":\"SIUX DIABLO REVOLUTION PRO 3\"}]},{\"@type\":\"WebSite\",\"@id\":\"https:\\\/\\\/revolutionpadelstore.com\\\/de\\\/#website\",\"url\":\"https:\\\/\\\/revolutionpadelstore.com\\\/de\\\/\",\"name\":\"Revolution Padel Store\",\"description\":\"\",\"publisher\":{\"@id\":\"https:\\\/\\\/revolutionpadelstore.com\\\/de\\\/#organization\"},\"potentialAction\":[{\"@type\":\"SearchAction\",\"target\":{\"@type\":\"EntryPoint\",\"urlTemplate\":\"https:\\\/\\\/revolutionpadelstore.com\\\/de\\\/?s={search_term_string}\"},\"query-input\":{\"@type\":\"PropertyValueSpecification\",\"valueRequired\":true,\"valueName\":\"search_term_string\"}}],\"inLanguage\":\"de\"},{\"@type\":\"Organization\",\"@id\":\"https:\\\/\\\/revolutionpadelstore.com\\\/de\\\/#organization\",\"name\":\"Revolution Padel Store\",\"url\":\"https:\\\/\\\/revolutionpadelstore.com\\\/de\\\/\",\"logo\":{\"@type\":\"ImageObject\",\"inLanguage\":\"de\",\"@id\":\"https:\\\/\\\/revolutionpadelstore.com\\\/de\\\/#\\\/schema\\\/logo\\\/image\\\/\",\"url\":\"https:\\\/\\\/revolutionpadelstore.com\\\/wp-content\\\/uploads\\\/2026\\\/02\\\/revolution-padel-store.jpg\",\"contentUrl\":\"https:\\\/\\\/revolutionpadelstore.com\\\/wp-content\\\/uploads\\\/2026\\\/02\\\/revolution-padel-store.jpg\",\"width\":2000,\"height\":2000,\"caption\":\"Revolution Padel Store\"},\"image\":{\"@id\":\"https:\\\/\\\/revolutionpadelstore.com\\\/de\\\/#\\\/schema\\\/logo\\\/image\\\/\"},\"sameAs\":[\"https:\\\/\\\/www.instagram.com\\\/revolutionpadelstore\\\/\"]}]}<\/script>\n<!-- \/ Yoast SEO plugin. -->","yoast_head_json":{"title":"SIUX DIABLO REVOLUTION PRO 3 - Revolution Padel Store","description":"La\u00a0Siux Diablo Revolution Pro 3,\u00a0es la\u00a0pala oficial de Sanyo Guti\u00e9rrez.\u00a0Ha sido dise\u00f1ada para jugadores de p\u00e1del de\u00a0nivel avanzado o profesional\u00a0que buscan polivalencia en cada jugada. Tiene un tacto duro y un \u00a0peso ligero de 355-375 gramos que posibilita una gran libertad de movimiento, agilidad y comodidad en todo momento.","robots":{"index":"index","follow":"follow","max-snippet":"max-snippet:-1","max-image-preview":"max-image-preview:large","max-video-preview":"max-video-preview:-1"},"canonical":"https:\/\/revolutionpadelstore.com\/de\/produkt\/siux-diablo-revolution-pro-3-1\/","og_locale":"de_DE","og_type":"article","og_title":"COMPRAR SIUX DIABLO REVOLUTION PRO 3","og_description":"La\u00a0Siux Diablo Revolution Pro 3,\u00a0es la\u00a0pala oficial de Sanyo Guti\u00e9rrez.\u00a0Ha sido dise\u00f1ada para jugadores de p\u00e1del de\u00a0nivel avanzado o profesional\u00a0que buscan polivalencia en cada jugada. Tiene un tacto duro y un \u00a0peso ligero de 355-375 gramos que posibilita una gran libertad de movimiento, agilidad y comodidad en todo momento.","og_url":"https:\/\/revolutionpadelstore.com\/de\/produkt\/siux-diablo-revolution-pro-3-1\/","og_site_name":"Revolution Padel Store","article_modified_time":"2026-04-08T12:27:31+00:00","og_image":[{"width":1500,"height":1500,"url":"https:\/\/revolutionpadelstore.com\/wp-content\/uploads\/2024\/04\/diablo_pro_3_1_1500x1500_f18e.webp","type":"image\/webp"}],"twitter_card":"summary_large_image","twitter_misc":{"Gesch\u00e4tzte Lesezeit":"2\u00a0Minuten"},"schema":{"@context":"https:\/\/schema.org","@graph":[{"@type":"WebPage","@id":"https:\/\/revolutionpadelstore.com\/de\/produkt\/siux-diablo-revolution-pro-3-1\/","url":"https:\/\/revolutionpadelstore.com\/de\/produkt\/siux-diablo-revolution-pro-3-1\/","name":"SIUX DIABLO REVOLUTION PRO 3 - Revolution Padel Store","isPartOf":{"@id":"https:\/\/revolutionpadelstore.com\/de\/#website"},"primaryImageOfPage":{"@id":"https:\/\/revolutionpadelstore.com\/de\/produkt\/siux-diablo-revolution-pro-3-1\/#primaryimage"},"image":{"@id":"https:\/\/revolutionpadelstore.com\/de\/produkt\/siux-diablo-revolution-pro-3-1\/#primaryimage"},"thumbnailUrl":"https:\/\/revolutionpadelstore.com\/wp-content\/uploads\/2024\/06\/29.png","datePublished":"2024-04-09T17:56:58+00:00","dateModified":"2026-04-08T12:27:31+00:00","description":"La\u00a0Siux Diablo Revolution Pro 3,\u00a0es la\u00a0pala oficial de Sanyo Guti\u00e9rrez.\u00a0Ha sido dise\u00f1ada para jugadores de p\u00e1del de\u00a0nivel avanzado o profesional\u00a0que buscan polivalencia en cada jugada. Tiene un tacto duro y un \u00a0peso ligero de 355-375 gramos que posibilita una gran libertad de movimiento, agilidad y comodidad en todo momento.","breadcrumb":{"@id":"https:\/\/revolutionpadelstore.com\/de\/produkt\/siux-diablo-revolution-pro-3-1\/#breadcrumb"},"inLanguage":"de","potentialAction":[{"@type":"ReadAction","target":["https:\/\/revolutionpadelstore.com\/de\/produkt\/siux-diablo-revolution-pro-3-1\/"]}]},{"@type":"ImageObject","inLanguage":"de","@id":"https:\/\/revolutionpadelstore.com\/de\/produkt\/siux-diablo-revolution-pro-3-1\/#primaryimage","url":"https:\/\/revolutionpadelstore.com\/wp-content\/uploads\/2024\/06\/29.png","contentUrl":"https:\/\/revolutionpadelstore.com\/wp-content\/uploads\/2024\/06\/29.png","width":1500,"height":1500},{"@type":"BreadcrumbList","@id":"https:\/\/revolutionpadelstore.com\/de\/produkt\/siux-diablo-revolution-pro-3-1\/#breadcrumb","itemListElement":[{"@type":"ListItem","position":1,"name":"Portada","item":"https:\/\/revolutionpadelstore.com\/de\/"},{"@type":"ListItem","position":2,"name":"Shop","item":"https:\/\/revolutionpadelstore.com\/de\/tienda\/"},{"@type":"ListItem","position":3,"name":"SIUX DIABLO REVOLUTION PRO 3"}]},{"@type":"WebSite","@id":"https:\/\/revolutionpadelstore.com\/de\/#website","url":"https:\/\/revolutionpadelstore.com\/de\/","name":"Revolution Padel Store","description":"","publisher":{"@id":"https:\/\/revolutionpadelstore.com\/de\/#organization"},"potentialAction":[{"@type":"SearchAction","target":{"@type":"EntryPoint","urlTemplate":"https:\/\/revolutionpadelstore.com\/de\/?s={search_term_string}"},"query-input":{"@type":"PropertyValueSpecification","valueRequired":true,"valueName":"search_term_string"}}],"inLanguage":"de"},{"@type":"Organization","@id":"https:\/\/revolutionpadelstore.com\/de\/#organization","name":"Revolution Padel Store","url":"https:\/\/revolutionpadelstore.com\/de\/","logo":{"@type":"ImageObject","inLanguage":"de","@id":"https:\/\/revolutionpadelstore.com\/de\/#\/schema\/logo\/image\/","url":"https:\/\/revolutionpadelstore.com\/wp-content\/uploads\/2026\/02\/revolution-padel-store.jpg","contentUrl":"https:\/\/revolutionpadelstore.com\/wp-content\/uploads\/2026\/02\/revolution-padel-store.jpg","width":2000,"height":2000,"caption":"Revolution Padel Store"},"image":{"@id":"https:\/\/revolutionpadelstore.com\/de\/#\/schema\/logo\/image\/"},"sameAs":["https:\/\/www.instagram.com\/revolutionpadelstore\/"]}]}},"_links":{"self":[{"href":"https:\/\/revolutionpadelstore.com\/de\/wp-json\/wp\/v2\/product\/19727","targetHints":{"allow":["GET"]}}],"collection":[{"href":"https:\/\/revolutionpadelstore.com\/de\/wp-json\/wp\/v2\/product"}],"about":[{"href":"https:\/\/revolutionpadelstore.com\/de\/wp-json\/wp\/v2\/types\/product"}],"replies":[{"embeddable":true,"href":"https:\/\/revolutionpadelstore.com\/de\/wp-json\/wp\/v2\/comments?post=19727"}],"wp:featuredmedia":[{"embeddable":true,"href":"https:\/\/revolutionpadelstore.com\/de\/wp-json\/wp\/v2\/media\/71450"}],"wp:attachment":[{"href":"https:\/\/revolutionpadelstore.com\/de\/wp-json\/wp\/v2\/media?parent=19727"}],"wp:term":[{"taxonomy":"acabado","embeddable":true,"href":"https:\/\/revolutionpadelstore.com\/de\/wp-json\/wp\/v2\/acabado?post=19727"},{"taxonomy":"balance","embeddable":true,"href":"https:\/\/revolutionpadelstore.com\/de\/wp-json\/wp\/v2\/balance?post=19727"},{"taxonomy":"dureza","embeddable":true,"href":"https:\/\/revolutionpadelstore.com\/de\/wp-json\/wp\/v2\/dureza?post=19727"},{"taxonomy":"forma","embeddable":true,"href":"https:\/\/revolutionpadelstore.com\/de\/wp-json\/wp\/v2\/forma?post=19727"},{"taxonomy":"jugador","embeddable":true,"href":"https:\/\/revolutionpadelstore.com\/de\/wp-json\/wp\/v2\/jugador?post=19727"},{"taxonomy":"marca","embeddable":true,"href":"https:\/\/revolutionpadelstore.com\/de\/wp-json\/wp\/v2\/marca?post=19727"},{"taxonomy":"nivel-de-juego","embeddable":true,"href":"https:\/\/revolutionpadelstore.com\/de\/wp-json\/wp\/v2\/nivel-de-juego?post=19727"},{"taxonomy":"superficie","embeddable":true,"href":"https:\/\/revolutionpadelstore.com\/de\/wp-json\/wp\/v2\/superficie?post=19727"},{"taxonomy":"tipo-de-juego","embeddable":true,"href":"https:\/\/revolutionpadelstore.com\/de\/wp-json\/wp\/v2\/tipo-de-juego?post=19727"},{"taxonomy":"product_brand","embeddable":true,"href":"https:\/\/revolutionpadelstore.com\/de\/wp-json\/wp\/v2\/product_brand?post=19727"},{"taxonomy":"product_cat","embeddable":true,"href":"https:\/\/revolutionpadelstore.com\/de\/wp-json\/wp\/v2\/product_cat?post=19727"},{"taxonomy":"product_tag","embeddable":true,"href":"https:\/\/revolutionpadelstore.com\/de\/wp-json\/wp\/v2\/product_tag?post=19727"}],"curies":[{"name":"wp","href":"https:\/\/api.w.org\/{rel}","templated":true}]}}