{"id":197248,"date":"2025-02-26T18:11:00","date_gmt":"2025-02-26T17:11:00","guid":{"rendered":"https:\/\/revolutionpadelstore.com\/joma-slam-men-2508-mostaza\/"},"modified":"2026-04-01T03:04:24","modified_gmt":"2026-04-01T01:04:24","slug":"joma-slam-men-2508-mostaza-1","status":"publish","type":"product","link":"https:\/\/revolutionpadelstore.com\/de\/produkt\/joma-slam-men-2508-mostaza-1\/","title":{"rendered":"JOMA SLAM MEN 2508 MOSTAZA"},"content":{"rendered":"<h2> Professionelle Paddler &#8211; Maximale Leistung auf der Spur <\/ h2><br \/>\nEntdecken Sie die Hochpaddelschuhe mit hohen Paddelschuhen, die f\u00fcr fordernde Spieler nach Komfort, Stabilit\u00e4t und Haltbarkeit suchen. Dieses Modell wurde von Fachleuten wie Carolina Navarro und Juanlu Esbr\u00ed in der Welt getestet und umfasst fortschrittliche Technologie, um Ihre Leistung in jeder Partei zu verbessern.<\/p>\n<h2> Ausstehende Eigenschaften <\/ H2><br \/>\n<P>-oberes atmungsaktives mit VTS-Technologie: Aufrechterhalten optimaler Bel\u00fcftung und steuert Schwei\u00df.<br \/>\n-C Pr\u00e4zisionsgewohnheit mit Joma Sportch: Thermallado ohne N\u00e4hte f\u00fcr mehr Komfort und Unterst\u00fctzung.<br \/>\n-Restersion Erfrischung: Erh\u00f6hen Sie den Widerstand in Gebieten, die am meisten Verschlei\u00df ausgesetzt sind.<br \/>\n-Dual Reaktive Medienuela: Kombinieren Sie Phylon und Reaktivkugel f\u00fcr h\u00f6heres Energiekissen und R\u00fcckkehr.<br \/>\n-Suzuela -Haltbarkeit: Omni -Design, das Traktion, Stabilit\u00e4t und kontrollierte Erdrutsche bietet. <\/p>\n<h2> Innovative Technologien <\/ H2><br \/>\n&lt;p style = &quot;padding-links: 40px;&quot;<br \/>\nFlexo: Flexionslinien, die den \u00dcbergang vom Profil verbessern.<br \/>\nSchutz: Material, das in den Zeh eingespritzt ist, um Verschlei\u00df zu vermeiden.<br \/>\nReaktive Kugel: Absorbiert Auswirkungen und gibt Energie f\u00fcr einen gr\u00f6\u00dferen Impuls zur\u00fcck.<br \/>\nSportch: Technologie ohne N\u00e4hte, die das Gewicht verringert und den Komfort erh\u00f6ht.<br \/>\nStabilis: TPU -St\u00fcck, das unerw\u00fcnschte Torsionen vermeidet und die Stabilit\u00e4t verbessert.<br \/>\nVTS: L\u00fcftungssystem, das eine konstante Temperatur im Fu\u00df aufrechterh\u00e4lt.<\/p>\n<h2> Spezifikationen <\/H2><br \/>\n&lt;p style = &quot;padding-links: 40px;&quot;<br \/>\n&lt;p style = &quot;padding-links: 40px;&quot;<\/p>\n<p> Schutz: Verst\u00e4rkt mit Schutzsystem. <\/p>\n<p> MediaSuela: Phylon mit reaktivem Ball und Stabilis. <\/p>\n<p> SOLE: Haltbarkeitsgummi mit Omni-Muster.<\/p>\n<p> Empfohlene Verwendung: Training und Wettbewerb. <\/p>\n<p>&lt;p style = &quot;padding-links: 40px;&quot; Farbe: Senf. <\/p>\n<p> Geschlecht: Mann. <\/p>\n<p> referenz: tslams2508om. <\/p>\n<p><strong> verbessert Ihr Spiel mit den fortschrittlichsten Paddelschuhen auf dem Markt.<\/p>\n<h2>Zapatillas de P\u00e1del Profesionales \u2013 M\u00e1ximo Rendimiento en la Pista<\/h2>\n","protected":false},"excerpt":{"rendered":"<p>Entdecken Sie Hochleistungs -Paddelschuhe, die f\u00fcr Spieler erstellt wurden, die Komfort, Stabilit\u00e4t und Widerstand priorisieren. Dieses Modell wird von Experten wie der ehemaligen Nummer eins der World Carolina Navarro und Juanlu Esbr\u00ed unterst\u00fctzt und verf\u00fcgt \u00fcber innovative Technologie, um Ihre Leistung auf der Strecke zu optimieren.<\/p>\n","protected":false},"featured_media":197273,"comment_status":"open","ping_status":"closed","template":"","meta":{"_acf_changed":false,"_joinchat":[]},"acabado":[],"balance":[],"dureza":[],"forma":[],"jugador":[1189],"marca":[1224],"nivel-de-juego":[],"superficie":[],"tipo-de-juego":[],"product_brand":[],"product_cat":[831],"product_tag":[],"class_list":{"0":"post-197248","1":"product","2":"type-product","3":"status-publish","4":"has-post-thumbnail","6":"jugador-mann","7":"marca-joma-de","8":"product_cat-turnschuhe","10":"first","11":"outofstock","12":"sale","13":"taxable","14":"shipping-taxable","15":"purchasable","16":"product-type-variable"},"acf":[],"yoast_head":"<!-- This site is optimized with the Yoast SEO plugin v27.3 - https:\/\/yoast.com\/product\/yoast-seo-wordpress\/ -->\n<title>JOMA SLAM MEN 2508 MOSTAZA - Revolution Padel Store<\/title>\n<meta name=\"description\" content=\"Compra las zapatillas de p\u00e1del profesionales con tecnolog\u00edas avanzadas para m\u00e1xima estabilidad y amortiguaci\u00f3n. Disponibles en www.revolutionpadelstore.com al mejor precio\" \/>\n<meta name=\"robots\" content=\"index, follow, max-snippet:-1, max-image-preview:large, max-video-preview:-1\" \/>\n<link rel=\"canonical\" href=\"https:\/\/revolutionpadelstore.com\/de\/produkt\/joma-slam-men-2508-mostaza-1\/\" \/>\n<meta property=\"og:locale\" content=\"de_DE\" \/>\n<meta property=\"og:type\" content=\"article\" \/>\n<meta property=\"og:title\" content=\"JOMA SLAM MEN 2508 MOSTAZA - Revolution Padel Store\" \/>\n<meta property=\"og:description\" content=\"Compra las zapatillas de p\u00e1del profesionales con tecnolog\u00edas avanzadas para m\u00e1xima estabilidad y amortiguaci\u00f3n. Disponibles en www.revolutionpadelstore.com al mejor precio\" \/>\n<meta property=\"og:url\" content=\"https:\/\/revolutionpadelstore.com\/de\/produkt\/joma-slam-men-2508-mostaza-1\/\" \/>\n<meta property=\"og:site_name\" content=\"Revolution Padel Store\" \/>\n<meta property=\"article:modified_time\" content=\"2026-04-01T01:04:24+00:00\" \/>\n<meta property=\"og:image\" content=\"https:\/\/revolutionpadelstore.com\/wp-content\/uploads\/2025\/02\/FOTO-PALAS-6.png\" \/>\n\t<meta property=\"og:image:width\" content=\"1500\" \/>\n\t<meta property=\"og:image:height\" content=\"1500\" \/>\n\t<meta property=\"og:image:type\" content=\"image\/png\" \/>\n<meta name=\"twitter:card\" content=\"summary_large_image\" \/>\n<meta name=\"twitter:label1\" content=\"Gesch\u00e4tzte Lesezeit\" \/>\n\t<meta name=\"twitter:data1\" content=\"2\u00a0Minuten\" \/>\n<script type=\"application\/ld+json\" class=\"yoast-schema-graph\">{\"@context\":\"https:\\\/\\\/schema.org\",\"@graph\":[{\"@type\":\"WebPage\",\"@id\":\"https:\\\/\\\/revolutionpadelstore.com\\\/de\\\/produkt\\\/joma-slam-men-2508-mostaza-1\\\/\",\"url\":\"https:\\\/\\\/revolutionpadelstore.com\\\/de\\\/produkt\\\/joma-slam-men-2508-mostaza-1\\\/\",\"name\":\"JOMA SLAM MEN 2508 MOSTAZA - Revolution Padel Store\",\"isPartOf\":{\"@id\":\"https:\\\/\\\/revolutionpadelstore.com\\\/de\\\/#website\"},\"primaryImageOfPage\":{\"@id\":\"https:\\\/\\\/revolutionpadelstore.com\\\/de\\\/produkt\\\/joma-slam-men-2508-mostaza-1\\\/#primaryimage\"},\"image\":{\"@id\":\"https:\\\/\\\/revolutionpadelstore.com\\\/de\\\/produkt\\\/joma-slam-men-2508-mostaza-1\\\/#primaryimage\"},\"thumbnailUrl\":\"https:\\\/\\\/revolutionpadelstore.com\\\/wp-content\\\/uploads\\\/2025\\\/02\\\/FOTO-PALAS-6.png\",\"datePublished\":\"2025-02-26T17:11:00+00:00\",\"dateModified\":\"2026-04-01T01:04:24+00:00\",\"description\":\"Compra las zapatillas de p\u00e1del profesionales con tecnolog\u00edas avanzadas para m\u00e1xima estabilidad y amortiguaci\u00f3n. Disponibles en www.revolutionpadelstore.com al mejor precio\",\"breadcrumb\":{\"@id\":\"https:\\\/\\\/revolutionpadelstore.com\\\/de\\\/produkt\\\/joma-slam-men-2508-mostaza-1\\\/#breadcrumb\"},\"inLanguage\":\"de\",\"potentialAction\":[{\"@type\":\"ReadAction\",\"target\":[\"https:\\\/\\\/revolutionpadelstore.com\\\/de\\\/produkt\\\/joma-slam-men-2508-mostaza-1\\\/\"]}]},{\"@type\":\"ImageObject\",\"inLanguage\":\"de\",\"@id\":\"https:\\\/\\\/revolutionpadelstore.com\\\/de\\\/produkt\\\/joma-slam-men-2508-mostaza-1\\\/#primaryimage\",\"url\":\"https:\\\/\\\/revolutionpadelstore.com\\\/wp-content\\\/uploads\\\/2025\\\/02\\\/FOTO-PALAS-6.png\",\"contentUrl\":\"https:\\\/\\\/revolutionpadelstore.com\\\/wp-content\\\/uploads\\\/2025\\\/02\\\/FOTO-PALAS-6.png\",\"width\":1500,\"height\":1500},{\"@type\":\"BreadcrumbList\",\"@id\":\"https:\\\/\\\/revolutionpadelstore.com\\\/de\\\/produkt\\\/joma-slam-men-2508-mostaza-1\\\/#breadcrumb\",\"itemListElement\":[{\"@type\":\"ListItem\",\"position\":1,\"name\":\"Portada\",\"item\":\"https:\\\/\\\/revolutionpadelstore.com\\\/de\\\/\"},{\"@type\":\"ListItem\",\"position\":2,\"name\":\"Shop\",\"item\":\"https:\\\/\\\/revolutionpadelstore.com\\\/de\\\/tienda\\\/\"},{\"@type\":\"ListItem\",\"position\":3,\"name\":\"JOMA SLAM MEN 2508 MOSTAZA\"}]},{\"@type\":\"WebSite\",\"@id\":\"https:\\\/\\\/revolutionpadelstore.com\\\/de\\\/#website\",\"url\":\"https:\\\/\\\/revolutionpadelstore.com\\\/de\\\/\",\"name\":\"Revolution Padel Store\",\"description\":\"\",\"publisher\":{\"@id\":\"https:\\\/\\\/revolutionpadelstore.com\\\/de\\\/#organization\"},\"potentialAction\":[{\"@type\":\"SearchAction\",\"target\":{\"@type\":\"EntryPoint\",\"urlTemplate\":\"https:\\\/\\\/revolutionpadelstore.com\\\/de\\\/?s={search_term_string}\"},\"query-input\":{\"@type\":\"PropertyValueSpecification\",\"valueRequired\":true,\"valueName\":\"search_term_string\"}}],\"inLanguage\":\"de\"},{\"@type\":\"Organization\",\"@id\":\"https:\\\/\\\/revolutionpadelstore.com\\\/de\\\/#organization\",\"name\":\"Revolution Padel Store\",\"url\":\"https:\\\/\\\/revolutionpadelstore.com\\\/de\\\/\",\"logo\":{\"@type\":\"ImageObject\",\"inLanguage\":\"de\",\"@id\":\"https:\\\/\\\/revolutionpadelstore.com\\\/de\\\/#\\\/schema\\\/logo\\\/image\\\/\",\"url\":\"https:\\\/\\\/revolutionpadelstore.com\\\/wp-content\\\/uploads\\\/2026\\\/02\\\/revolution-padel-store.jpg\",\"contentUrl\":\"https:\\\/\\\/revolutionpadelstore.com\\\/wp-content\\\/uploads\\\/2026\\\/02\\\/revolution-padel-store.jpg\",\"width\":2000,\"height\":2000,\"caption\":\"Revolution Padel Store\"},\"image\":{\"@id\":\"https:\\\/\\\/revolutionpadelstore.com\\\/de\\\/#\\\/schema\\\/logo\\\/image\\\/\"},\"sameAs\":[\"https:\\\/\\\/www.instagram.com\\\/revolutionpadelstore\\\/\"]}]}<\/script>\n<!-- \/ Yoast SEO plugin. -->","yoast_head_json":{"title":"JOMA SLAM MEN 2508 MOSTAZA - Revolution Padel Store","description":"Compra las zapatillas de p\u00e1del profesionales con tecnolog\u00edas avanzadas para m\u00e1xima estabilidad y amortiguaci\u00f3n. Disponibles en www.revolutionpadelstore.com al mejor precio","robots":{"index":"index","follow":"follow","max-snippet":"max-snippet:-1","max-image-preview":"max-image-preview:large","max-video-preview":"max-video-preview:-1"},"canonical":"https:\/\/revolutionpadelstore.com\/de\/produkt\/joma-slam-men-2508-mostaza-1\/","og_locale":"de_DE","og_type":"article","og_title":"JOMA SLAM MEN 2508 MOSTAZA - Revolution Padel Store","og_description":"Compra las zapatillas de p\u00e1del profesionales con tecnolog\u00edas avanzadas para m\u00e1xima estabilidad y amortiguaci\u00f3n. Disponibles en www.revolutionpadelstore.com al mejor precio","og_url":"https:\/\/revolutionpadelstore.com\/de\/produkt\/joma-slam-men-2508-mostaza-1\/","og_site_name":"Revolution Padel Store","article_modified_time":"2026-04-01T01:04:24+00:00","og_image":[{"width":1500,"height":1500,"url":"https:\/\/revolutionpadelstore.com\/wp-content\/uploads\/2025\/02\/FOTO-PALAS-6.png","type":"image\/png"}],"twitter_card":"summary_large_image","twitter_misc":{"Gesch\u00e4tzte Lesezeit":"2\u00a0Minuten"},"schema":{"@context":"https:\/\/schema.org","@graph":[{"@type":"WebPage","@id":"https:\/\/revolutionpadelstore.com\/de\/produkt\/joma-slam-men-2508-mostaza-1\/","url":"https:\/\/revolutionpadelstore.com\/de\/produkt\/joma-slam-men-2508-mostaza-1\/","name":"JOMA SLAM MEN 2508 MOSTAZA - Revolution Padel Store","isPartOf":{"@id":"https:\/\/revolutionpadelstore.com\/de\/#website"},"primaryImageOfPage":{"@id":"https:\/\/revolutionpadelstore.com\/de\/produkt\/joma-slam-men-2508-mostaza-1\/#primaryimage"},"image":{"@id":"https:\/\/revolutionpadelstore.com\/de\/produkt\/joma-slam-men-2508-mostaza-1\/#primaryimage"},"thumbnailUrl":"https:\/\/revolutionpadelstore.com\/wp-content\/uploads\/2025\/02\/FOTO-PALAS-6.png","datePublished":"2025-02-26T17:11:00+00:00","dateModified":"2026-04-01T01:04:24+00:00","description":"Compra las zapatillas de p\u00e1del profesionales con tecnolog\u00edas avanzadas para m\u00e1xima estabilidad y amortiguaci\u00f3n. Disponibles en www.revolutionpadelstore.com al mejor precio","breadcrumb":{"@id":"https:\/\/revolutionpadelstore.com\/de\/produkt\/joma-slam-men-2508-mostaza-1\/#breadcrumb"},"inLanguage":"de","potentialAction":[{"@type":"ReadAction","target":["https:\/\/revolutionpadelstore.com\/de\/produkt\/joma-slam-men-2508-mostaza-1\/"]}]},{"@type":"ImageObject","inLanguage":"de","@id":"https:\/\/revolutionpadelstore.com\/de\/produkt\/joma-slam-men-2508-mostaza-1\/#primaryimage","url":"https:\/\/revolutionpadelstore.com\/wp-content\/uploads\/2025\/02\/FOTO-PALAS-6.png","contentUrl":"https:\/\/revolutionpadelstore.com\/wp-content\/uploads\/2025\/02\/FOTO-PALAS-6.png","width":1500,"height":1500},{"@type":"BreadcrumbList","@id":"https:\/\/revolutionpadelstore.com\/de\/produkt\/joma-slam-men-2508-mostaza-1\/#breadcrumb","itemListElement":[{"@type":"ListItem","position":1,"name":"Portada","item":"https:\/\/revolutionpadelstore.com\/de\/"},{"@type":"ListItem","position":2,"name":"Shop","item":"https:\/\/revolutionpadelstore.com\/de\/tienda\/"},{"@type":"ListItem","position":3,"name":"JOMA SLAM MEN 2508 MOSTAZA"}]},{"@type":"WebSite","@id":"https:\/\/revolutionpadelstore.com\/de\/#website","url":"https:\/\/revolutionpadelstore.com\/de\/","name":"Revolution Padel Store","description":"","publisher":{"@id":"https:\/\/revolutionpadelstore.com\/de\/#organization"},"potentialAction":[{"@type":"SearchAction","target":{"@type":"EntryPoint","urlTemplate":"https:\/\/revolutionpadelstore.com\/de\/?s={search_term_string}"},"query-input":{"@type":"PropertyValueSpecification","valueRequired":true,"valueName":"search_term_string"}}],"inLanguage":"de"},{"@type":"Organization","@id":"https:\/\/revolutionpadelstore.com\/de\/#organization","name":"Revolution Padel Store","url":"https:\/\/revolutionpadelstore.com\/de\/","logo":{"@type":"ImageObject","inLanguage":"de","@id":"https:\/\/revolutionpadelstore.com\/de\/#\/schema\/logo\/image\/","url":"https:\/\/revolutionpadelstore.com\/wp-content\/uploads\/2026\/02\/revolution-padel-store.jpg","contentUrl":"https:\/\/revolutionpadelstore.com\/wp-content\/uploads\/2026\/02\/revolution-padel-store.jpg","width":2000,"height":2000,"caption":"Revolution Padel Store"},"image":{"@id":"https:\/\/revolutionpadelstore.com\/de\/#\/schema\/logo\/image\/"},"sameAs":["https:\/\/www.instagram.com\/revolutionpadelstore\/"]}]}},"_links":{"self":[{"href":"https:\/\/revolutionpadelstore.com\/de\/wp-json\/wp\/v2\/product\/197248","targetHints":{"allow":["GET"]}}],"collection":[{"href":"https:\/\/revolutionpadelstore.com\/de\/wp-json\/wp\/v2\/product"}],"about":[{"href":"https:\/\/revolutionpadelstore.com\/de\/wp-json\/wp\/v2\/types\/product"}],"replies":[{"embeddable":true,"href":"https:\/\/revolutionpadelstore.com\/de\/wp-json\/wp\/v2\/comments?post=197248"}],"wp:featuredmedia":[{"embeddable":true,"href":"https:\/\/revolutionpadelstore.com\/de\/wp-json\/wp\/v2\/media\/197273"}],"wp:attachment":[{"href":"https:\/\/revolutionpadelstore.com\/de\/wp-json\/wp\/v2\/media?parent=197248"}],"wp:term":[{"taxonomy":"acabado","embeddable":true,"href":"https:\/\/revolutionpadelstore.com\/de\/wp-json\/wp\/v2\/acabado?post=197248"},{"taxonomy":"balance","embeddable":true,"href":"https:\/\/revolutionpadelstore.com\/de\/wp-json\/wp\/v2\/balance?post=197248"},{"taxonomy":"dureza","embeddable":true,"href":"https:\/\/revolutionpadelstore.com\/de\/wp-json\/wp\/v2\/dureza?post=197248"},{"taxonomy":"forma","embeddable":true,"href":"https:\/\/revolutionpadelstore.com\/de\/wp-json\/wp\/v2\/forma?post=197248"},{"taxonomy":"jugador","embeddable":true,"href":"https:\/\/revolutionpadelstore.com\/de\/wp-json\/wp\/v2\/jugador?post=197248"},{"taxonomy":"marca","embeddable":true,"href":"https:\/\/revolutionpadelstore.com\/de\/wp-json\/wp\/v2\/marca?post=197248"},{"taxonomy":"nivel-de-juego","embeddable":true,"href":"https:\/\/revolutionpadelstore.com\/de\/wp-json\/wp\/v2\/nivel-de-juego?post=197248"},{"taxonomy":"superficie","embeddable":true,"href":"https:\/\/revolutionpadelstore.com\/de\/wp-json\/wp\/v2\/superficie?post=197248"},{"taxonomy":"tipo-de-juego","embeddable":true,"href":"https:\/\/revolutionpadelstore.com\/de\/wp-json\/wp\/v2\/tipo-de-juego?post=197248"},{"taxonomy":"product_brand","embeddable":true,"href":"https:\/\/revolutionpadelstore.com\/de\/wp-json\/wp\/v2\/product_brand?post=197248"},{"taxonomy":"product_cat","embeddable":true,"href":"https:\/\/revolutionpadelstore.com\/de\/wp-json\/wp\/v2\/product_cat?post=197248"},{"taxonomy":"product_tag","embeddable":true,"href":"https:\/\/revolutionpadelstore.com\/de\/wp-json\/wp\/v2\/product_tag?post=197248"}],"curies":[{"name":"wp","href":"https:\/\/api.w.org\/{rel}","templated":true}]}}