{"id":19722,"date":"2024-04-09T20:05:11","date_gmt":"2024-04-09T18:05:11","guid":{"rendered":"https:\/\/revolutionpadelstore.com\/siux-diablo-revolution-lite-3\/"},"modified":"2026-04-21T02:02:28","modified_gmt":"2026-04-21T00:02:28","slug":"siux-diablo-revolution-lite-3-1","status":"publish","type":"product","link":"https:\/\/revolutionpadelstore.com\/de\/produkt\/siux-diablo-revolution-lite-3-1\/","title":{"rendered":"SIUX DIABLO REVOLUTION LITE 3"},"content":{"rendered":"<h2>Siux Diablo Revolution Lite 3, Vielseitigkeit in jedem Spiel<\/h2>\n<p>Der <strong>Siux Diablo Revolution Lite 3<\/strong>-Schl\u00e4ger, der zur <em>Lite-Serie<\/em> von Siux geh\u00f6rt, ist die perfekte Wahl f\u00fcr Padelspieler, die auf der Suche nach einem hervorragenden Gleichgewicht zwischen Kraft und Kontrolle sind Schiene.<\/p>\n<p>Dieser Schl\u00e4ger hat eine Hybridform (eine Kombination aus tropfenf\u00f6rmiger und runder Form), die es dem Spieler erm\u00f6glicht, sich an jede Spielsituation anzupassen, indem er Kraft im Angriff und Pr\u00e4zision in der Verteidigung bietet.<\/p>\n<p>Die <strong>durchschnittliche Balance<\/strong> und der Gewichtsbereich zwischen <strong>355 und 375 Gramm<\/strong> beg\u00fcnstigen eine gute Vielseitigkeit und gro\u00dfe Anpassungsf\u00e4higkeit im gesamten Spiel. Sie genie\u00dfen Kraft und Kontrolle gleicherma\u00dfen.<\/p>\n<h2>Gute Best\u00e4ndigkeit gegen starke St\u00f6\u00dfe<\/h2>\n<p>Die Schlagfl\u00e4chen des Schl\u00e4gers haben eine matte Oberfl\u00e4che und bestehen aus 12K Carbon, das selbst bei intensivsten Schl\u00e4gen au\u00dfergew\u00f6hnliche Widerstandsf\u00e4higkeit und Haltbarkeit bietet. Der 3K-Carbon-Rohrrahmen verleiht der Struktur noch mehr Steifigkeit und Haltbarkeit und sorgt so f\u00fcr zuverl\u00e4ssige Leistung auf lange Sicht.<\/p>\n<p>Der EVA-Gummikern des Siux Diablo Revolution Lite 3 sorgt f\u00fcr ein mittleres Schlaggef\u00fchl und garantiert eine komfortable und sensible Reaktion bei jedem Schlag. Dieser Kern sorgt f\u00fcr eine hervorragende Ballausgabe und hilft dabei, Schl\u00e4ge pr\u00e4zise zu kontrollieren.<\/p>\n<h3>Optimaler Schutz vor Verletzungen<\/h3>\n<p>Was die Technologien angeht, verf\u00fcgt dieses Modell \u00fcber das <em><strong>Dual Pro Grip<\/strong><\/em>-System, einen Overgrip aus SCHAUM-Gummi, der f\u00fcr einen festen, komfortablen und sicheren Halt sorgt. W\u00e4hrend die <em><strong>Shockout Dampeners<\/strong><\/em> unerw\u00fcnschte Vibrationen nach einem Aufprall reduzieren, sch\u00fctzen Sie Ihre Gelenke und minimieren das Verletzungsrisiko.<\/p>\n<p>Und wenn wir uns auf das Design konzentrieren, k\u00f6nnen wir seine moderne, attraktive und kraftvolle \u00c4sthetik hervorheben, die durch die Kombination metallischer Details des roten Rahmens mit schwarzem Carbon und linearen Markierungen erreicht wird.<\/p>\n<h2>Siux Diablo Revolution Lite 3, versatilidad en cada jugada<\/h2>\n","protected":false},"excerpt":{"rendered":"<p>Der Siux Diablo Revolution Lite 3 zeichnet sich durch seine Vielseitigkeit dank seiner Hybridform und mittleren Balance aus. Widerstandsf\u00e4hig mit 12K Carbon, bietet es Kraft und Kontrolle. Dual-Pro-Grip-Technologie und Shockout-D\u00e4mpfer f\u00fcr besseren Schutz.<\/p>\n","protected":false},"featured_media":266450,"comment_status":"open","ping_status":"closed","template":"","meta":{"_acf_changed":false,"_joinchat":[]},"acabado":[1084],"balance":[1139],"dureza":[1154],"forma":[1174],"jugador":[1189,1199],"marca":[1304],"nivel-de-juego":[1334],"superficie":[1354],"tipo-de-juego":[1384],"product_brand":[],"product_cat":[299],"product_tag":[],"class_list":{"0":"post-19722","1":"product","2":"type-product","3":"status-publish","4":"has-post-thumbnail","6":"acabado-kumpel","7":"balance-mittel","8":"dureza-media-de","9":"forma-hybrid","10":"jugador-mann","11":"jugador-mehrzweck","12":"marca-siux-de","13":"superficie-lisa-de","14":"tipo-de-juego-mehrzweck","15":"product_cat-palas-de-padel-de","17":"first","18":"instock","19":"sale","20":"taxable","21":"shipping-taxable","22":"purchasable","23":"product-type-simple"},"acf":[],"yoast_head":"<!-- This site is optimized with the Yoast SEO plugin v27.4 - https:\/\/yoast.com\/product\/yoast-seo-wordpress\/ -->\n<title>SIUX DIABLO REVOLUTION LITE 3 - Revolution Padel Store<\/title>\n<meta name=\"description\" content=\"La Siux Diablo Revolution Lite 3 destaca por su versatilidad gracias a su forma h\u00edbrida y balance medio. Resistente con Carbono 12K, brinda potencia y control. Tecnolog\u00eda Dual Pro Grip y Dampeners Shockout para mayor protecci\u00f3n.\" \/>\n<meta name=\"robots\" content=\"index, follow, max-snippet:-1, max-image-preview:large, max-video-preview:-1\" \/>\n<link rel=\"canonical\" href=\"https:\/\/revolutionpadelstore.com\/de\/produkt\/siux-diablo-revolution-lite-3-1\/\" \/>\n<meta property=\"og:locale\" content=\"de_DE\" \/>\n<meta property=\"og:type\" content=\"article\" \/>\n<meta property=\"og:title\" content=\"COMPRAR SIUX DIABLO REVOLUTION LITE 3\" \/>\n<meta property=\"og:description\" content=\"La Siux Diablo Revolution Lite 3 destaca por su versatilidad gracias a su forma h\u00edbrida y balance medio. Resistente con Carbono 12K, brinda potencia y control. Tecnolog\u00eda Dual Pro Grip y Dampeners Shockout para mayor protecci\u00f3n.\" \/>\n<meta property=\"og:url\" content=\"https:\/\/revolutionpadelstore.com\/de\/produkt\/siux-diablo-revolution-lite-3-1\/\" \/>\n<meta property=\"og:site_name\" content=\"Revolution Padel Store\" \/>\n<meta property=\"article:modified_time\" content=\"2026-04-21T00:02:28+00:00\" \/>\n<meta property=\"og:image\" content=\"https:\/\/revolutionpadelstore.com\/wp-content\/uploads\/2024\/04\/109472_siux_diablo_revolution_lite_3_1500x1500_vista1_9470.webp\" \/>\n\t<meta property=\"og:image:width\" content=\"1500\" \/>\n\t<meta property=\"og:image:height\" content=\"1500\" \/>\n\t<meta property=\"og:image:type\" content=\"image\/webp\" \/>\n<meta name=\"twitter:card\" content=\"summary_large_image\" \/>\n<meta name=\"twitter:label1\" content=\"Gesch\u00e4tzte Lesezeit\" \/>\n\t<meta name=\"twitter:data1\" content=\"2\u00a0Minuten\" \/>\n<script type=\"application\/ld+json\" class=\"yoast-schema-graph\">{\"@context\":\"https:\\\/\\\/schema.org\",\"@graph\":[{\"@type\":\"WebPage\",\"@id\":\"https:\\\/\\\/revolutionpadelstore.com\\\/de\\\/produkt\\\/siux-diablo-revolution-lite-3-1\\\/\",\"url\":\"https:\\\/\\\/revolutionpadelstore.com\\\/de\\\/produkt\\\/siux-diablo-revolution-lite-3-1\\\/\",\"name\":\"SIUX DIABLO REVOLUTION LITE 3 - Revolution Padel Store\",\"isPartOf\":{\"@id\":\"https:\\\/\\\/revolutionpadelstore.com\\\/de\\\/#website\"},\"primaryImageOfPage\":{\"@id\":\"https:\\\/\\\/revolutionpadelstore.com\\\/de\\\/produkt\\\/siux-diablo-revolution-lite-3-1\\\/#primaryimage\"},\"image\":{\"@id\":\"https:\\\/\\\/revolutionpadelstore.com\\\/de\\\/produkt\\\/siux-diablo-revolution-lite-3-1\\\/#primaryimage\"},\"thumbnailUrl\":\"https:\\\/\\\/revolutionpadelstore.com\\\/wp-content\\\/uploads\\\/2024\\\/04\\\/109472-diablo-3-lite-grip-regular-1500x1500-1.webp\",\"datePublished\":\"2024-04-09T18:05:11+00:00\",\"dateModified\":\"2026-04-21T00:02:28+00:00\",\"description\":\"La Siux Diablo Revolution Lite 3 destaca por su versatilidad gracias a su forma h\u00edbrida y balance medio. Resistente con Carbono 12K, brinda potencia y control. Tecnolog\u00eda Dual Pro Grip y Dampeners Shockout para mayor protecci\u00f3n.\",\"breadcrumb\":{\"@id\":\"https:\\\/\\\/revolutionpadelstore.com\\\/de\\\/produkt\\\/siux-diablo-revolution-lite-3-1\\\/#breadcrumb\"},\"inLanguage\":\"de\",\"potentialAction\":[{\"@type\":\"ReadAction\",\"target\":[\"https:\\\/\\\/revolutionpadelstore.com\\\/de\\\/produkt\\\/siux-diablo-revolution-lite-3-1\\\/\"]}]},{\"@type\":\"ImageObject\",\"inLanguage\":\"de\",\"@id\":\"https:\\\/\\\/revolutionpadelstore.com\\\/de\\\/produkt\\\/siux-diablo-revolution-lite-3-1\\\/#primaryimage\",\"url\":\"https:\\\/\\\/revolutionpadelstore.com\\\/wp-content\\\/uploads\\\/2024\\\/04\\\/109472-diablo-3-lite-grip-regular-1500x1500-1.webp\",\"contentUrl\":\"https:\\\/\\\/revolutionpadelstore.com\\\/wp-content\\\/uploads\\\/2024\\\/04\\\/109472-diablo-3-lite-grip-regular-1500x1500-1.webp\",\"width\":1500,\"height\":1500},{\"@type\":\"BreadcrumbList\",\"@id\":\"https:\\\/\\\/revolutionpadelstore.com\\\/de\\\/produkt\\\/siux-diablo-revolution-lite-3-1\\\/#breadcrumb\",\"itemListElement\":[{\"@type\":\"ListItem\",\"position\":1,\"name\":\"Portada\",\"item\":\"https:\\\/\\\/revolutionpadelstore.com\\\/de\\\/\"},{\"@type\":\"ListItem\",\"position\":2,\"name\":\"Shop\",\"item\":\"https:\\\/\\\/revolutionpadelstore.com\\\/de\\\/tienda\\\/\"},{\"@type\":\"ListItem\",\"position\":3,\"name\":\"SIUX DIABLO REVOLUTION LITE 3\"}]},{\"@type\":\"WebSite\",\"@id\":\"https:\\\/\\\/revolutionpadelstore.com\\\/de\\\/#website\",\"url\":\"https:\\\/\\\/revolutionpadelstore.com\\\/de\\\/\",\"name\":\"Revolution Padel Store\",\"description\":\"\",\"publisher\":{\"@id\":\"https:\\\/\\\/revolutionpadelstore.com\\\/de\\\/#organization\"},\"potentialAction\":[{\"@type\":\"SearchAction\",\"target\":{\"@type\":\"EntryPoint\",\"urlTemplate\":\"https:\\\/\\\/revolutionpadelstore.com\\\/de\\\/?s={search_term_string}\"},\"query-input\":{\"@type\":\"PropertyValueSpecification\",\"valueRequired\":true,\"valueName\":\"search_term_string\"}}],\"inLanguage\":\"de\"},{\"@type\":\"Organization\",\"@id\":\"https:\\\/\\\/revolutionpadelstore.com\\\/de\\\/#organization\",\"name\":\"Revolution Padel Store\",\"url\":\"https:\\\/\\\/revolutionpadelstore.com\\\/de\\\/\",\"logo\":{\"@type\":\"ImageObject\",\"inLanguage\":\"de\",\"@id\":\"https:\\\/\\\/revolutionpadelstore.com\\\/de\\\/#\\\/schema\\\/logo\\\/image\\\/\",\"url\":\"https:\\\/\\\/revolutionpadelstore.com\\\/wp-content\\\/uploads\\\/2026\\\/02\\\/revolution-padel-store.jpg\",\"contentUrl\":\"https:\\\/\\\/revolutionpadelstore.com\\\/wp-content\\\/uploads\\\/2026\\\/02\\\/revolution-padel-store.jpg\",\"width\":2000,\"height\":2000,\"caption\":\"Revolution Padel Store\"},\"image\":{\"@id\":\"https:\\\/\\\/revolutionpadelstore.com\\\/de\\\/#\\\/schema\\\/logo\\\/image\\\/\"},\"sameAs\":[\"https:\\\/\\\/www.instagram.com\\\/revolutionpadelstore\\\/\"]}]}<\/script>\n<!-- \/ Yoast SEO plugin. -->","yoast_head_json":{"title":"SIUX DIABLO REVOLUTION LITE 3 - Revolution Padel Store","description":"La Siux Diablo Revolution Lite 3 destaca por su versatilidad gracias a su forma h\u00edbrida y balance medio. Resistente con Carbono 12K, brinda potencia y control. Tecnolog\u00eda Dual Pro Grip y Dampeners Shockout para mayor protecci\u00f3n.","robots":{"index":"index","follow":"follow","max-snippet":"max-snippet:-1","max-image-preview":"max-image-preview:large","max-video-preview":"max-video-preview:-1"},"canonical":"https:\/\/revolutionpadelstore.com\/de\/produkt\/siux-diablo-revolution-lite-3-1\/","og_locale":"de_DE","og_type":"article","og_title":"COMPRAR SIUX DIABLO REVOLUTION LITE 3","og_description":"La Siux Diablo Revolution Lite 3 destaca por su versatilidad gracias a su forma h\u00edbrida y balance medio. Resistente con Carbono 12K, brinda potencia y control. Tecnolog\u00eda Dual Pro Grip y Dampeners Shockout para mayor protecci\u00f3n.","og_url":"https:\/\/revolutionpadelstore.com\/de\/produkt\/siux-diablo-revolution-lite-3-1\/","og_site_name":"Revolution Padel Store","article_modified_time":"2026-04-21T00:02:28+00:00","og_image":[{"width":1500,"height":1500,"url":"https:\/\/revolutionpadelstore.com\/wp-content\/uploads\/2024\/04\/109472_siux_diablo_revolution_lite_3_1500x1500_vista1_9470.webp","type":"image\/webp"}],"twitter_card":"summary_large_image","twitter_misc":{"Gesch\u00e4tzte Lesezeit":"2\u00a0Minuten"},"schema":{"@context":"https:\/\/schema.org","@graph":[{"@type":"WebPage","@id":"https:\/\/revolutionpadelstore.com\/de\/produkt\/siux-diablo-revolution-lite-3-1\/","url":"https:\/\/revolutionpadelstore.com\/de\/produkt\/siux-diablo-revolution-lite-3-1\/","name":"SIUX DIABLO REVOLUTION LITE 3 - Revolution Padel Store","isPartOf":{"@id":"https:\/\/revolutionpadelstore.com\/de\/#website"},"primaryImageOfPage":{"@id":"https:\/\/revolutionpadelstore.com\/de\/produkt\/siux-diablo-revolution-lite-3-1\/#primaryimage"},"image":{"@id":"https:\/\/revolutionpadelstore.com\/de\/produkt\/siux-diablo-revolution-lite-3-1\/#primaryimage"},"thumbnailUrl":"https:\/\/revolutionpadelstore.com\/wp-content\/uploads\/2024\/04\/109472-diablo-3-lite-grip-regular-1500x1500-1.webp","datePublished":"2024-04-09T18:05:11+00:00","dateModified":"2026-04-21T00:02:28+00:00","description":"La Siux Diablo Revolution Lite 3 destaca por su versatilidad gracias a su forma h\u00edbrida y balance medio. Resistente con Carbono 12K, brinda potencia y control. Tecnolog\u00eda Dual Pro Grip y Dampeners Shockout para mayor protecci\u00f3n.","breadcrumb":{"@id":"https:\/\/revolutionpadelstore.com\/de\/produkt\/siux-diablo-revolution-lite-3-1\/#breadcrumb"},"inLanguage":"de","potentialAction":[{"@type":"ReadAction","target":["https:\/\/revolutionpadelstore.com\/de\/produkt\/siux-diablo-revolution-lite-3-1\/"]}]},{"@type":"ImageObject","inLanguage":"de","@id":"https:\/\/revolutionpadelstore.com\/de\/produkt\/siux-diablo-revolution-lite-3-1\/#primaryimage","url":"https:\/\/revolutionpadelstore.com\/wp-content\/uploads\/2024\/04\/109472-diablo-3-lite-grip-regular-1500x1500-1.webp","contentUrl":"https:\/\/revolutionpadelstore.com\/wp-content\/uploads\/2024\/04\/109472-diablo-3-lite-grip-regular-1500x1500-1.webp","width":1500,"height":1500},{"@type":"BreadcrumbList","@id":"https:\/\/revolutionpadelstore.com\/de\/produkt\/siux-diablo-revolution-lite-3-1\/#breadcrumb","itemListElement":[{"@type":"ListItem","position":1,"name":"Portada","item":"https:\/\/revolutionpadelstore.com\/de\/"},{"@type":"ListItem","position":2,"name":"Shop","item":"https:\/\/revolutionpadelstore.com\/de\/tienda\/"},{"@type":"ListItem","position":3,"name":"SIUX DIABLO REVOLUTION LITE 3"}]},{"@type":"WebSite","@id":"https:\/\/revolutionpadelstore.com\/de\/#website","url":"https:\/\/revolutionpadelstore.com\/de\/","name":"Revolution Padel Store","description":"","publisher":{"@id":"https:\/\/revolutionpadelstore.com\/de\/#organization"},"potentialAction":[{"@type":"SearchAction","target":{"@type":"EntryPoint","urlTemplate":"https:\/\/revolutionpadelstore.com\/de\/?s={search_term_string}"},"query-input":{"@type":"PropertyValueSpecification","valueRequired":true,"valueName":"search_term_string"}}],"inLanguage":"de"},{"@type":"Organization","@id":"https:\/\/revolutionpadelstore.com\/de\/#organization","name":"Revolution Padel Store","url":"https:\/\/revolutionpadelstore.com\/de\/","logo":{"@type":"ImageObject","inLanguage":"de","@id":"https:\/\/revolutionpadelstore.com\/de\/#\/schema\/logo\/image\/","url":"https:\/\/revolutionpadelstore.com\/wp-content\/uploads\/2026\/02\/revolution-padel-store.jpg","contentUrl":"https:\/\/revolutionpadelstore.com\/wp-content\/uploads\/2026\/02\/revolution-padel-store.jpg","width":2000,"height":2000,"caption":"Revolution Padel Store"},"image":{"@id":"https:\/\/revolutionpadelstore.com\/de\/#\/schema\/logo\/image\/"},"sameAs":["https:\/\/www.instagram.com\/revolutionpadelstore\/"]}]}},"_links":{"self":[{"href":"https:\/\/revolutionpadelstore.com\/de\/wp-json\/wp\/v2\/product\/19722","targetHints":{"allow":["GET"]}}],"collection":[{"href":"https:\/\/revolutionpadelstore.com\/de\/wp-json\/wp\/v2\/product"}],"about":[{"href":"https:\/\/revolutionpadelstore.com\/de\/wp-json\/wp\/v2\/types\/product"}],"replies":[{"embeddable":true,"href":"https:\/\/revolutionpadelstore.com\/de\/wp-json\/wp\/v2\/comments?post=19722"}],"wp:featuredmedia":[{"embeddable":true,"href":"https:\/\/revolutionpadelstore.com\/de\/wp-json\/wp\/v2\/media\/266450"}],"wp:attachment":[{"href":"https:\/\/revolutionpadelstore.com\/de\/wp-json\/wp\/v2\/media?parent=19722"}],"wp:term":[{"taxonomy":"acabado","embeddable":true,"href":"https:\/\/revolutionpadelstore.com\/de\/wp-json\/wp\/v2\/acabado?post=19722"},{"taxonomy":"balance","embeddable":true,"href":"https:\/\/revolutionpadelstore.com\/de\/wp-json\/wp\/v2\/balance?post=19722"},{"taxonomy":"dureza","embeddable":true,"href":"https:\/\/revolutionpadelstore.com\/de\/wp-json\/wp\/v2\/dureza?post=19722"},{"taxonomy":"forma","embeddable":true,"href":"https:\/\/revolutionpadelstore.com\/de\/wp-json\/wp\/v2\/forma?post=19722"},{"taxonomy":"jugador","embeddable":true,"href":"https:\/\/revolutionpadelstore.com\/de\/wp-json\/wp\/v2\/jugador?post=19722"},{"taxonomy":"marca","embeddable":true,"href":"https:\/\/revolutionpadelstore.com\/de\/wp-json\/wp\/v2\/marca?post=19722"},{"taxonomy":"nivel-de-juego","embeddable":true,"href":"https:\/\/revolutionpadelstore.com\/de\/wp-json\/wp\/v2\/nivel-de-juego?post=19722"},{"taxonomy":"superficie","embeddable":true,"href":"https:\/\/revolutionpadelstore.com\/de\/wp-json\/wp\/v2\/superficie?post=19722"},{"taxonomy":"tipo-de-juego","embeddable":true,"href":"https:\/\/revolutionpadelstore.com\/de\/wp-json\/wp\/v2\/tipo-de-juego?post=19722"},{"taxonomy":"product_brand","embeddable":true,"href":"https:\/\/revolutionpadelstore.com\/de\/wp-json\/wp\/v2\/product_brand?post=19722"},{"taxonomy":"product_cat","embeddable":true,"href":"https:\/\/revolutionpadelstore.com\/de\/wp-json\/wp\/v2\/product_cat?post=19722"},{"taxonomy":"product_tag","embeddable":true,"href":"https:\/\/revolutionpadelstore.com\/de\/wp-json\/wp\/v2\/product_tag?post=19722"}],"curies":[{"name":"wp","href":"https:\/\/api.w.org\/{rel}","templated":true}]}}