{"id":19717,"date":"2024-04-10T08:44:59","date_gmt":"2024-04-10T06:44:59","guid":{"rendered":"https:\/\/revolutionpadelstore.com\/wilson-bela-pro-v2-5\/"},"modified":"2026-04-08T14:26:18","modified_gmt":"2026-04-08T12:26:18","slug":"wilson-bela-pro-v2-5","status":"publish","type":"product","link":"https:\/\/revolutionpadelstore.com\/de\/produkt\/wilson-bela-pro-v2-5\/","title":{"rendered":"WILSON BELA PRO V2.5"},"content":{"rendered":"<p>Der Bela Pro V2.5 wurde in Zusammenarbeit mit dem ehemaligen Weltranglistenersten Fernando Belasteguin entwickelt und gibt seinen Padelschl\u00e4ger in die H\u00e4nde aller Spieler, die die Spitze erreichen wollen.<br \/>\nInspiriert von seinem unerm\u00fcdlichen Engagement f\u00fcr den Sport und seinem unstillbaren Siegeswillen nutzt der Bela Pro modernste Technologie, um maximale Leistung zu liefern, ideal f\u00fcr fortgeschrittene Spieler, die den Punkt bestimmen wollen.<br \/>\nDer Rahmen ist mit einem festen EVA-Schaum und Primero Carbon ausgestattet und bietet einen verbesserten Sweetspot und ein gleichm\u00e4\u00dfiges Fahrgef\u00fchl und bietet eine kraftvolle Kombination aus Kraft und Reaktionsf\u00e4higkeit.<br \/>\nDie Spin-Effekt-Textur erzeugt einen gleichm\u00e4\u00dfigen Spin, w\u00e4hrend das sorgf\u00e4ltig gestaltete Lochmuster f\u00fcr ein gleichm\u00e4\u00dfiges Ansprechverhalten \u00fcber die gesamte Schlagfl\u00e4che sorgt.<br \/>\nZu den weiteren Verbesserungen dieses Padelschl\u00e4gers geh\u00f6ren zus\u00e4tzliche Kerben am Griff, die f\u00fcr ein angenehmes Griffgef\u00fchl sorgen, und ein transparenter Schutz, der die Haltbarkeit von Rahmen und Lack verl\u00e4ngert.<br \/>\nPr\u00e4zise gefertigt unter Verwendung einer Carbon-Rohrkonstruktion, die eine gleichm\u00e4\u00dfige Rohrdicke gew\u00e4hrleistet und f\u00fcr l\u00e4ngere Haltbarkeit, unglaubliche Schlagkontrolle und ein hervorragendes Gef\u00fchl im gesamten Schl\u00e4ger sorgt.<br \/>\nEs integriert Premium-Carbon in den Rahmen, um eine Kombination aus hoher Leistung und schneller Reaktion zu liefern und den Vortrieb der Blattvorderseite zu erh\u00f6hen.<br \/>\nErzeugt saubere, feste Schl\u00e4ge f\u00fcr eine schnellere Ballfreigabe und hervorragende Kontrolle.<br \/>\nStrukturierte Oberfl\u00e4che, die den Ball beim Kontakt h\u00e4lt und f\u00fcr besseren Spin und ein hervorragendes Gef\u00fchl bei jedem Schlag sorgt.<br \/>\nExklusive Polyurethan- und Izo-Zorb-Legierung, die eine hervorragende Kombination aus Griffigkeit und D\u00e4mpfung bietet.<\/p>\n","protected":false},"excerpt":{"rendered":"<p>Wilson Bela Pro V2.5 Schl\u00e4ger im Tropfenformat f\u00fcr fortgeschrittene Spieler. Im Inneren befindet sich ein EVA-Schaum, der f\u00fcr Kraft und hervorragende Reaktionsf\u00e4higkeit sorgt. Die Spin-Effekt-Textur erzeugt einen gleichm\u00e4\u00dfigen Spin, w\u00e4hrend das sorgf\u00e4ltig gestaltete Lochmuster f\u00fcr ein gleichm\u00e4\u00dfiges Ansprechverhalten \u00fcber die gesamte Schlagfl\u00e4che sorgt. Es integriert Premium-Carbon in den Rahmen, um eine Kombination aus hoher Leistung und schnellem Ansprechverhalten zu liefern und so den Vortrieb an der Blattvorderseite zu erh\u00f6hen.<\/p>\n","protected":false},"featured_media":50217,"comment_status":"open","ping_status":"closed","template":"","meta":{"_acf_changed":false,"_joinchat":[]},"acabado":[1089,1079],"balance":[1134],"dureza":[1159],"forma":[1184],"jugador":[1189,1199],"marca":[1264],"nivel-de-juego":[1334],"superficie":[1359],"tipo-de-juego":[1379],"product_brand":[],"product_cat":[299],"product_tag":[],"class_list":{"0":"post-19717","1":"product","2":"type-product","3":"status-publish","4":"has-post-thumbnail","6":"acabado-3d-entlasten","7":"acabado-helligkeit","8":"balance-hoch","9":"dureza-dura-de","10":"forma-lagrima-de","11":"jugador-mann","12":"jugador-mehrzweck","13":"marca-wilson-de","14":"superficie-rugosa-de","15":"tipo-de-juego-angriff","16":"product_cat-palas-de-padel-de","18":"first","19":"instock","20":"sale","21":"taxable","22":"shipping-taxable","23":"purchasable","24":"product-type-simple"},"acf":[],"yoast_head":"<!-- This site is optimized with the Yoast SEO plugin v27.4 - https:\/\/yoast.com\/product\/yoast-seo-wordpress\/ -->\n<title>WILSON BELA PRO V2.5 - Revolution Padel Store<\/title>\n<meta name=\"description\" content=\"Pala Wilson Bela Pro V2.5 en formato l\u00e1grima para jugadores de nivel avanzado. En su interior cuenta con una espuma EVA capaz de proporcionar potencia y excelente capacidad de respuesta. La textura Spin Effect genera un spin consistente, mientras que el patr\u00f3n de agujeros cuidadosamente dise\u00f1ado mantiene una respuesta uniforme en toda la cara. Integra carbono premium en el marco para ofrecer una combinaci\u00f3n de gran potencia y una r\u00e1pida capacidad de respuesta, lo que aumenta la propulsi\u00f3n de la cara de la pala.\" \/>\n<meta name=\"robots\" content=\"index, follow, max-snippet:-1, max-image-preview:large, max-video-preview:-1\" \/>\n<link rel=\"canonical\" href=\"https:\/\/revolutionpadelstore.com\/de\/produkt\/wilson-bela-pro-v2-5\/\" \/>\n<meta property=\"og:locale\" content=\"de_DE\" \/>\n<meta property=\"og:type\" content=\"article\" \/>\n<meta property=\"og:title\" content=\"COMPRAR WILSON BELA PRO V2.5\" \/>\n<meta property=\"og:description\" content=\"Pala Wilson Bela Pro V2.5 en formato l\u00e1grima para jugadores de nivel avanzado. En su interior cuenta con una espuma EVA capaz de proporcionar potencia y excelente capacidad de respuesta. La textura Spin Effect genera un spin consistente, mientras que el patr\u00f3n de agujeros cuidadosamente dise\u00f1ado mantiene una respuesta uniforme en toda la cara. Integra carbono premium en el marco para ofrecer una combinaci\u00f3n de gran potencia y una r\u00e1pida capacidad de respuesta, lo que aumenta la propulsi\u00f3n de la cara de la pala.\" \/>\n<meta property=\"og:url\" content=\"https:\/\/revolutionpadelstore.com\/de\/produkt\/wilson-bela-pro-v2-5\/\" \/>\n<meta property=\"og:site_name\" content=\"Revolution Padel Store\" \/>\n<meta property=\"article:modified_time\" content=\"2026-04-08T12:26:18+00:00\" \/>\n<meta property=\"og:image\" content=\"https:\/\/revolutionpadelstore.com\/wp-content\/uploads\/2024\/04\/pala-wilson-bela-pro-v2-5-1-800x800-1.jpg\" \/>\n\t<meta property=\"og:image:width\" content=\"800\" \/>\n\t<meta property=\"og:image:height\" content=\"800\" \/>\n\t<meta property=\"og:image:type\" content=\"image\/jpeg\" \/>\n<meta name=\"twitter:card\" content=\"summary_large_image\" \/>\n<meta name=\"twitter:label1\" content=\"Gesch\u00e4tzte Lesezeit\" \/>\n\t<meta name=\"twitter:data1\" content=\"2\u00a0Minuten\" \/>\n<script type=\"application\/ld+json\" class=\"yoast-schema-graph\">{\"@context\":\"https:\\\/\\\/schema.org\",\"@graph\":[{\"@type\":\"WebPage\",\"@id\":\"https:\\\/\\\/revolutionpadelstore.com\\\/de\\\/produkt\\\/wilson-bela-pro-v2-5\\\/\",\"url\":\"https:\\\/\\\/revolutionpadelstore.com\\\/de\\\/produkt\\\/wilson-bela-pro-v2-5\\\/\",\"name\":\"WILSON BELA PRO V2.5 - Revolution Padel Store\",\"isPartOf\":{\"@id\":\"https:\\\/\\\/revolutionpadelstore.com\\\/de\\\/#website\"},\"primaryImageOfPage\":{\"@id\":\"https:\\\/\\\/revolutionpadelstore.com\\\/de\\\/produkt\\\/wilson-bela-pro-v2-5\\\/#primaryimage\"},\"image\":{\"@id\":\"https:\\\/\\\/revolutionpadelstore.com\\\/de\\\/produkt\\\/wilson-bela-pro-v2-5\\\/#primaryimage\"},\"thumbnailUrl\":\"https:\\\/\\\/revolutionpadelstore.com\\\/wp-content\\\/uploads\\\/2024\\\/04\\\/pala-wilson-bela-pro-v2-5-1-800x800-1.jpg\",\"datePublished\":\"2024-04-10T06:44:59+00:00\",\"dateModified\":\"2026-04-08T12:26:18+00:00\",\"description\":\"Pala Wilson Bela Pro V2.5 en formato l\u00e1grima para jugadores de nivel avanzado. En su interior cuenta con una espuma EVA capaz de proporcionar potencia y excelente capacidad de respuesta. La textura Spin Effect genera un spin consistente, mientras que el patr\u00f3n de agujeros cuidadosamente dise\u00f1ado mantiene una respuesta uniforme en toda la cara. Integra carbono premium en el marco para ofrecer una combinaci\u00f3n de gran potencia y una r\u00e1pida capacidad de respuesta, lo que aumenta la propulsi\u00f3n de la cara de la pala.\",\"breadcrumb\":{\"@id\":\"https:\\\/\\\/revolutionpadelstore.com\\\/de\\\/produkt\\\/wilson-bela-pro-v2-5\\\/#breadcrumb\"},\"inLanguage\":\"de\",\"potentialAction\":[{\"@type\":\"ReadAction\",\"target\":[\"https:\\\/\\\/revolutionpadelstore.com\\\/de\\\/produkt\\\/wilson-bela-pro-v2-5\\\/\"]}]},{\"@type\":\"ImageObject\",\"inLanguage\":\"de\",\"@id\":\"https:\\\/\\\/revolutionpadelstore.com\\\/de\\\/produkt\\\/wilson-bela-pro-v2-5\\\/#primaryimage\",\"url\":\"https:\\\/\\\/revolutionpadelstore.com\\\/wp-content\\\/uploads\\\/2024\\\/04\\\/pala-wilson-bela-pro-v2-5-1-800x800-1.jpg\",\"contentUrl\":\"https:\\\/\\\/revolutionpadelstore.com\\\/wp-content\\\/uploads\\\/2024\\\/04\\\/pala-wilson-bela-pro-v2-5-1-800x800-1.jpg\",\"width\":800,\"height\":800},{\"@type\":\"BreadcrumbList\",\"@id\":\"https:\\\/\\\/revolutionpadelstore.com\\\/de\\\/produkt\\\/wilson-bela-pro-v2-5\\\/#breadcrumb\",\"itemListElement\":[{\"@type\":\"ListItem\",\"position\":1,\"name\":\"Portada\",\"item\":\"https:\\\/\\\/revolutionpadelstore.com\\\/de\\\/\"},{\"@type\":\"ListItem\",\"position\":2,\"name\":\"Shop\",\"item\":\"https:\\\/\\\/revolutionpadelstore.com\\\/de\\\/tienda\\\/\"},{\"@type\":\"ListItem\",\"position\":3,\"name\":\"WILSON BELA PRO V2.5\"}]},{\"@type\":\"WebSite\",\"@id\":\"https:\\\/\\\/revolutionpadelstore.com\\\/de\\\/#website\",\"url\":\"https:\\\/\\\/revolutionpadelstore.com\\\/de\\\/\",\"name\":\"Revolution Padel Store\",\"description\":\"\",\"publisher\":{\"@id\":\"https:\\\/\\\/revolutionpadelstore.com\\\/de\\\/#organization\"},\"potentialAction\":[{\"@type\":\"SearchAction\",\"target\":{\"@type\":\"EntryPoint\",\"urlTemplate\":\"https:\\\/\\\/revolutionpadelstore.com\\\/de\\\/?s={search_term_string}\"},\"query-input\":{\"@type\":\"PropertyValueSpecification\",\"valueRequired\":true,\"valueName\":\"search_term_string\"}}],\"inLanguage\":\"de\"},{\"@type\":\"Organization\",\"@id\":\"https:\\\/\\\/revolutionpadelstore.com\\\/de\\\/#organization\",\"name\":\"Revolution Padel Store\",\"url\":\"https:\\\/\\\/revolutionpadelstore.com\\\/de\\\/\",\"logo\":{\"@type\":\"ImageObject\",\"inLanguage\":\"de\",\"@id\":\"https:\\\/\\\/revolutionpadelstore.com\\\/de\\\/#\\\/schema\\\/logo\\\/image\\\/\",\"url\":\"https:\\\/\\\/revolutionpadelstore.com\\\/wp-content\\\/uploads\\\/2026\\\/02\\\/revolution-padel-store.jpg\",\"contentUrl\":\"https:\\\/\\\/revolutionpadelstore.com\\\/wp-content\\\/uploads\\\/2026\\\/02\\\/revolution-padel-store.jpg\",\"width\":2000,\"height\":2000,\"caption\":\"Revolution Padel Store\"},\"image\":{\"@id\":\"https:\\\/\\\/revolutionpadelstore.com\\\/de\\\/#\\\/schema\\\/logo\\\/image\\\/\"},\"sameAs\":[\"https:\\\/\\\/www.instagram.com\\\/revolutionpadelstore\\\/\"]}]}<\/script>\n<!-- \/ Yoast SEO plugin. -->","yoast_head_json":{"title":"WILSON BELA PRO V2.5 - Revolution Padel Store","description":"Pala Wilson Bela Pro V2.5 en formato l\u00e1grima para jugadores de nivel avanzado. En su interior cuenta con una espuma EVA capaz de proporcionar potencia y excelente capacidad de respuesta. La textura Spin Effect genera un spin consistente, mientras que el patr\u00f3n de agujeros cuidadosamente dise\u00f1ado mantiene una respuesta uniforme en toda la cara. Integra carbono premium en el marco para ofrecer una combinaci\u00f3n de gran potencia y una r\u00e1pida capacidad de respuesta, lo que aumenta la propulsi\u00f3n de la cara de la pala.","robots":{"index":"index","follow":"follow","max-snippet":"max-snippet:-1","max-image-preview":"max-image-preview:large","max-video-preview":"max-video-preview:-1"},"canonical":"https:\/\/revolutionpadelstore.com\/de\/produkt\/wilson-bela-pro-v2-5\/","og_locale":"de_DE","og_type":"article","og_title":"COMPRAR WILSON BELA PRO V2.5","og_description":"Pala Wilson Bela Pro V2.5 en formato l\u00e1grima para jugadores de nivel avanzado. En su interior cuenta con una espuma EVA capaz de proporcionar potencia y excelente capacidad de respuesta. La textura Spin Effect genera un spin consistente, mientras que el patr\u00f3n de agujeros cuidadosamente dise\u00f1ado mantiene una respuesta uniforme en toda la cara. Integra carbono premium en el marco para ofrecer una combinaci\u00f3n de gran potencia y una r\u00e1pida capacidad de respuesta, lo que aumenta la propulsi\u00f3n de la cara de la pala.","og_url":"https:\/\/revolutionpadelstore.com\/de\/produkt\/wilson-bela-pro-v2-5\/","og_site_name":"Revolution Padel Store","article_modified_time":"2026-04-08T12:26:18+00:00","og_image":[{"width":800,"height":800,"url":"https:\/\/revolutionpadelstore.com\/wp-content\/uploads\/2024\/04\/pala-wilson-bela-pro-v2-5-1-800x800-1.jpg","type":"image\/jpeg"}],"twitter_card":"summary_large_image","twitter_misc":{"Gesch\u00e4tzte Lesezeit":"2\u00a0Minuten"},"schema":{"@context":"https:\/\/schema.org","@graph":[{"@type":"WebPage","@id":"https:\/\/revolutionpadelstore.com\/de\/produkt\/wilson-bela-pro-v2-5\/","url":"https:\/\/revolutionpadelstore.com\/de\/produkt\/wilson-bela-pro-v2-5\/","name":"WILSON BELA PRO V2.5 - Revolution Padel Store","isPartOf":{"@id":"https:\/\/revolutionpadelstore.com\/de\/#website"},"primaryImageOfPage":{"@id":"https:\/\/revolutionpadelstore.com\/de\/produkt\/wilson-bela-pro-v2-5\/#primaryimage"},"image":{"@id":"https:\/\/revolutionpadelstore.com\/de\/produkt\/wilson-bela-pro-v2-5\/#primaryimage"},"thumbnailUrl":"https:\/\/revolutionpadelstore.com\/wp-content\/uploads\/2024\/04\/pala-wilson-bela-pro-v2-5-1-800x800-1.jpg","datePublished":"2024-04-10T06:44:59+00:00","dateModified":"2026-04-08T12:26:18+00:00","description":"Pala Wilson Bela Pro V2.5 en formato l\u00e1grima para jugadores de nivel avanzado. En su interior cuenta con una espuma EVA capaz de proporcionar potencia y excelente capacidad de respuesta. La textura Spin Effect genera un spin consistente, mientras que el patr\u00f3n de agujeros cuidadosamente dise\u00f1ado mantiene una respuesta uniforme en toda la cara. Integra carbono premium en el marco para ofrecer una combinaci\u00f3n de gran potencia y una r\u00e1pida capacidad de respuesta, lo que aumenta la propulsi\u00f3n de la cara de la pala.","breadcrumb":{"@id":"https:\/\/revolutionpadelstore.com\/de\/produkt\/wilson-bela-pro-v2-5\/#breadcrumb"},"inLanguage":"de","potentialAction":[{"@type":"ReadAction","target":["https:\/\/revolutionpadelstore.com\/de\/produkt\/wilson-bela-pro-v2-5\/"]}]},{"@type":"ImageObject","inLanguage":"de","@id":"https:\/\/revolutionpadelstore.com\/de\/produkt\/wilson-bela-pro-v2-5\/#primaryimage","url":"https:\/\/revolutionpadelstore.com\/wp-content\/uploads\/2024\/04\/pala-wilson-bela-pro-v2-5-1-800x800-1.jpg","contentUrl":"https:\/\/revolutionpadelstore.com\/wp-content\/uploads\/2024\/04\/pala-wilson-bela-pro-v2-5-1-800x800-1.jpg","width":800,"height":800},{"@type":"BreadcrumbList","@id":"https:\/\/revolutionpadelstore.com\/de\/produkt\/wilson-bela-pro-v2-5\/#breadcrumb","itemListElement":[{"@type":"ListItem","position":1,"name":"Portada","item":"https:\/\/revolutionpadelstore.com\/de\/"},{"@type":"ListItem","position":2,"name":"Shop","item":"https:\/\/revolutionpadelstore.com\/de\/tienda\/"},{"@type":"ListItem","position":3,"name":"WILSON BELA PRO V2.5"}]},{"@type":"WebSite","@id":"https:\/\/revolutionpadelstore.com\/de\/#website","url":"https:\/\/revolutionpadelstore.com\/de\/","name":"Revolution Padel Store","description":"","publisher":{"@id":"https:\/\/revolutionpadelstore.com\/de\/#organization"},"potentialAction":[{"@type":"SearchAction","target":{"@type":"EntryPoint","urlTemplate":"https:\/\/revolutionpadelstore.com\/de\/?s={search_term_string}"},"query-input":{"@type":"PropertyValueSpecification","valueRequired":true,"valueName":"search_term_string"}}],"inLanguage":"de"},{"@type":"Organization","@id":"https:\/\/revolutionpadelstore.com\/de\/#organization","name":"Revolution Padel Store","url":"https:\/\/revolutionpadelstore.com\/de\/","logo":{"@type":"ImageObject","inLanguage":"de","@id":"https:\/\/revolutionpadelstore.com\/de\/#\/schema\/logo\/image\/","url":"https:\/\/revolutionpadelstore.com\/wp-content\/uploads\/2026\/02\/revolution-padel-store.jpg","contentUrl":"https:\/\/revolutionpadelstore.com\/wp-content\/uploads\/2026\/02\/revolution-padel-store.jpg","width":2000,"height":2000,"caption":"Revolution Padel Store"},"image":{"@id":"https:\/\/revolutionpadelstore.com\/de\/#\/schema\/logo\/image\/"},"sameAs":["https:\/\/www.instagram.com\/revolutionpadelstore\/"]}]}},"_links":{"self":[{"href":"https:\/\/revolutionpadelstore.com\/de\/wp-json\/wp\/v2\/product\/19717","targetHints":{"allow":["GET"]}}],"collection":[{"href":"https:\/\/revolutionpadelstore.com\/de\/wp-json\/wp\/v2\/product"}],"about":[{"href":"https:\/\/revolutionpadelstore.com\/de\/wp-json\/wp\/v2\/types\/product"}],"replies":[{"embeddable":true,"href":"https:\/\/revolutionpadelstore.com\/de\/wp-json\/wp\/v2\/comments?post=19717"}],"wp:featuredmedia":[{"embeddable":true,"href":"https:\/\/revolutionpadelstore.com\/de\/wp-json\/wp\/v2\/media\/50217"}],"wp:attachment":[{"href":"https:\/\/revolutionpadelstore.com\/de\/wp-json\/wp\/v2\/media?parent=19717"}],"wp:term":[{"taxonomy":"acabado","embeddable":true,"href":"https:\/\/revolutionpadelstore.com\/de\/wp-json\/wp\/v2\/acabado?post=19717"},{"taxonomy":"balance","embeddable":true,"href":"https:\/\/revolutionpadelstore.com\/de\/wp-json\/wp\/v2\/balance?post=19717"},{"taxonomy":"dureza","embeddable":true,"href":"https:\/\/revolutionpadelstore.com\/de\/wp-json\/wp\/v2\/dureza?post=19717"},{"taxonomy":"forma","embeddable":true,"href":"https:\/\/revolutionpadelstore.com\/de\/wp-json\/wp\/v2\/forma?post=19717"},{"taxonomy":"jugador","embeddable":true,"href":"https:\/\/revolutionpadelstore.com\/de\/wp-json\/wp\/v2\/jugador?post=19717"},{"taxonomy":"marca","embeddable":true,"href":"https:\/\/revolutionpadelstore.com\/de\/wp-json\/wp\/v2\/marca?post=19717"},{"taxonomy":"nivel-de-juego","embeddable":true,"href":"https:\/\/revolutionpadelstore.com\/de\/wp-json\/wp\/v2\/nivel-de-juego?post=19717"},{"taxonomy":"superficie","embeddable":true,"href":"https:\/\/revolutionpadelstore.com\/de\/wp-json\/wp\/v2\/superficie?post=19717"},{"taxonomy":"tipo-de-juego","embeddable":true,"href":"https:\/\/revolutionpadelstore.com\/de\/wp-json\/wp\/v2\/tipo-de-juego?post=19717"},{"taxonomy":"product_brand","embeddable":true,"href":"https:\/\/revolutionpadelstore.com\/de\/wp-json\/wp\/v2\/product_brand?post=19717"},{"taxonomy":"product_cat","embeddable":true,"href":"https:\/\/revolutionpadelstore.com\/de\/wp-json\/wp\/v2\/product_cat?post=19717"},{"taxonomy":"product_tag","embeddable":true,"href":"https:\/\/revolutionpadelstore.com\/de\/wp-json\/wp\/v2\/product_tag?post=19717"}],"curies":[{"name":"wp","href":"https:\/\/api.w.org\/{rel}","templated":true}]}}