{"id":19712,"date":"2024-04-10T13:05:17","date_gmt":"2024-04-10T11:05:17","guid":{"rendered":"https:\/\/revolutionpadelstore.com\/wilson-bela-lt-v2-5\/"},"modified":"2026-04-08T14:25:44","modified_gmt":"2026-04-08T12:25:44","slug":"wilson-bela-lt-v2-5-1","status":"publish","type":"product","link":"https:\/\/revolutionpadelstore.com\/de\/produkt\/wilson-bela-lt-v2-5-1\/","title":{"rendered":"WILSON BELA LT V2.5"},"content":{"rendered":"<p>Der Bela LT V2.5 ist der leichteste Padelschl\u00e4ger in Fernando Belasteguins Linie und bietet wettkampftaugliche Leistung in einem Design, das von seiner Champion-DNA gepr\u00e4gt ist.<br \/>\nDer Bela LT wurde entwickelt, um den Arm nicht zu besch\u00e4digen. Er kombiniert einen weichen EVA-Schaumkern mit einer gewebten Kohlefaserschicht auf der Schlagfl\u00e4che und sorgt so f\u00fcr ged\u00e4mpfte und komfortable Kraft bei jedem Schlag.<br \/>\nUm das Gef\u00fchl und die Spielbarkeit des Padelschl\u00e4gers weiter zu verbessern, sorgen das sorgf\u00e4ltig gestaltete Lochmuster und der vergr\u00f6\u00dferte Sweetspot f\u00fcr gleichm\u00e4\u00dfige Reaktionen \u00fcber die gesamte Schlagfl\u00e4che.<br \/>\nDie Oberfl\u00e4che des Schl\u00e4gers ist au\u00dferdem strukturiert, um einen zuverl\u00e4ssigen Spin zu erzeugen, ein Muss f\u00fcr Wettkampfspieler, die auf der Suche nach einem Vorteil sind.<br \/>\nUnd dank Shock Shield-Griff und integrierter Handschlaufe steht Ihnen maximaler Komfort zur Verf\u00fcgung.<br \/>\nZu den weiteren Verbesserungen dieses Paddle-Tennisschl\u00e4gers geh\u00f6ren zus\u00e4tzliche Kerben am Griff, die f\u00fcr ein angenehmes Griffgef\u00fchl sorgen, und ein transparenter Schutz, der die Haltbarkeit von Rahmen und Lack verl\u00e4ngert.<br \/>\nEine Schicht aus strategisch gewebter Kohlefaser bietet Spielern die M\u00f6glichkeit, mit beeindruckender Kraft zu schlagen.<br \/>\nEs bietet ein gepolstertes Gef\u00fchl mit beeindruckender Sto\u00dfd\u00e4mpfung und schafft so eine effektive Kombination aus Komfort und leichter Kraft.<br \/>\nStrukturierte Oberfl\u00e4che, die den Ball in Kontakt h\u00e4lt und so f\u00fcr besseren Spin und ein ausgezeichnetes Gef\u00fchl bei jedem Schlag sorgt.<br \/>\nFortschrittlicher Lochbohrprozess, der mit jedem Schlag mehr Aufschlag erzeugt.<br \/>\nExklusive Polyurethan- und Izo-Zorb-Legierung, die eine hervorragende Kombination aus Haftung und D\u00e4mpfung bietet.<\/p>\n","protected":false},"excerpt":{"rendered":"<p>Sp\u00fcren Sie die Kraft und Kontrolle in Ihren H\u00e4nden mit dem Wilson Bela LT 2.5 2024 Schl\u00e4ger. Dank seiner 3K-Carbon-Schlagfl\u00e4che k\u00f6nnen Sie mit \u00fcberraschender Kraft schlagen, w\u00e4hrend die Signature Spin Effect-Textur Ihnen die vollst\u00e4ndige Kontrolle \u00fcber den Ball erm\u00f6glicht Pr\u00e4zise Schl\u00e4ge voller Spin.<\/p>\n","protected":false},"featured_media":50197,"comment_status":"open","ping_status":"closed","template":"","meta":{"_acf_changed":false,"_joinchat":[]},"acabado":[1079],"balance":[1134,1139],"dureza":[1154],"forma":[1184],"jugador":[1194,1189,1199],"marca":[1264],"nivel-de-juego":[1334],"superficie":[1364],"tipo-de-juego":[1384],"product_brand":[],"product_cat":[299],"product_tag":[],"class_list":{"0":"post-19712","1":"product","2":"type-product","3":"status-publish","4":"has-post-thumbnail","6":"acabado-helligkeit","7":"balance-hoch","8":"balance-mittel","9":"dureza-media-de","10":"forma-lagrima-de","11":"jugador-frau","12":"jugador-mann","13":"jugador-mehrzweck","14":"marca-wilson-de","15":"superficie-mehrzweck","16":"tipo-de-juego-mehrzweck","17":"product_cat-palas-de-padel-de","19":"first","20":"onbackorder","21":"sale","22":"taxable","23":"shipping-taxable","24":"purchasable","25":"product-type-simple"},"acf":[],"yoast_head":"<!-- This site is optimized with the Yoast SEO plugin v27.4 - https:\/\/yoast.com\/product\/yoast-seo-wordpress\/ -->\n<title>WILSON BELA LT V2.5 - Revolution Padel Store<\/title>\n<meta name=\"description\" content=\"Siente la potencia y el control en tus manos con la pala Wilson Bela LT 2.5 2024. Su cara de carbono 3K te permite golpear con una fuerza sorprendente, mientras que la textura Signature Spin Effect te da un control total sobre la pelota, permiti\u00e9ndote realizar golpes precisos y llenos de efecto.\" \/>\n<meta name=\"robots\" content=\"index, follow, max-snippet:-1, max-image-preview:large, max-video-preview:-1\" \/>\n<link rel=\"canonical\" href=\"https:\/\/revolutionpadelstore.com\/de\/produkt\/wilson-bela-lt-v2-5-1\/\" \/>\n<meta property=\"og:locale\" content=\"de_DE\" \/>\n<meta property=\"og:type\" content=\"article\" \/>\n<meta property=\"og:title\" content=\"COMPRAR WILSON BELA LT V2.5\" \/>\n<meta property=\"og:description\" content=\"Siente la potencia y el control en tus manos con la pala Wilson Bela LT 2.5 2024. Su cara de carbono 3K te permite golpear con una fuerza sorprendente, mientras que la textura Signature Spin Effect te da un control total sobre la pelota, permiti\u00e9ndote realizar golpes precisos y llenos de efecto.\" \/>\n<meta property=\"og:url\" content=\"https:\/\/revolutionpadelstore.com\/de\/produkt\/wilson-bela-lt-v2-5-1\/\" \/>\n<meta property=\"og:site_name\" content=\"Revolution Padel Store\" \/>\n<meta property=\"article:modified_time\" content=\"2026-04-08T12:25:44+00:00\" \/>\n<meta property=\"og:image\" content=\"https:\/\/revolutionpadelstore.com\/wp-content\/uploads\/2024\/04\/pala-wilson-bela-lt-v2-5-1-800x800-1.webp\" \/>\n\t<meta property=\"og:image:width\" content=\"800\" \/>\n\t<meta property=\"og:image:height\" content=\"800\" \/>\n\t<meta property=\"og:image:type\" content=\"image\/webp\" \/>\n<meta name=\"twitter:card\" content=\"summary_large_image\" \/>\n<meta name=\"twitter:label1\" content=\"Gesch\u00e4tzte Lesezeit\" \/>\n\t<meta name=\"twitter:data1\" content=\"2\u00a0Minuten\" \/>\n<script type=\"application\/ld+json\" class=\"yoast-schema-graph\">{\"@context\":\"https:\\\/\\\/schema.org\",\"@graph\":[{\"@type\":\"WebPage\",\"@id\":\"https:\\\/\\\/revolutionpadelstore.com\\\/de\\\/produkt\\\/wilson-bela-lt-v2-5-1\\\/\",\"url\":\"https:\\\/\\\/revolutionpadelstore.com\\\/de\\\/produkt\\\/wilson-bela-lt-v2-5-1\\\/\",\"name\":\"WILSON BELA LT V2.5 - Revolution Padel Store\",\"isPartOf\":{\"@id\":\"https:\\\/\\\/revolutionpadelstore.com\\\/de\\\/#website\"},\"primaryImageOfPage\":{\"@id\":\"https:\\\/\\\/revolutionpadelstore.com\\\/de\\\/produkt\\\/wilson-bela-lt-v2-5-1\\\/#primaryimage\"},\"image\":{\"@id\":\"https:\\\/\\\/revolutionpadelstore.com\\\/de\\\/produkt\\\/wilson-bela-lt-v2-5-1\\\/#primaryimage\"},\"thumbnailUrl\":\"https:\\\/\\\/revolutionpadelstore.com\\\/wp-content\\\/uploads\\\/2024\\\/04\\\/pala-wilson-bela-lt-v2-5-1-800x800-1.webp\",\"datePublished\":\"2024-04-10T11:05:17+00:00\",\"dateModified\":\"2026-04-08T12:25:44+00:00\",\"description\":\"Siente la potencia y el control en tus manos con la pala Wilson Bela LT 2.5 2024. Su cara de carbono 3K te permite golpear con una fuerza sorprendente, mientras que la textura Signature Spin Effect te da un control total sobre la pelota, permiti\u00e9ndote realizar golpes precisos y llenos de efecto.\",\"breadcrumb\":{\"@id\":\"https:\\\/\\\/revolutionpadelstore.com\\\/de\\\/produkt\\\/wilson-bela-lt-v2-5-1\\\/#breadcrumb\"},\"inLanguage\":\"de\",\"potentialAction\":[{\"@type\":\"ReadAction\",\"target\":[\"https:\\\/\\\/revolutionpadelstore.com\\\/de\\\/produkt\\\/wilson-bela-lt-v2-5-1\\\/\"]}]},{\"@type\":\"ImageObject\",\"inLanguage\":\"de\",\"@id\":\"https:\\\/\\\/revolutionpadelstore.com\\\/de\\\/produkt\\\/wilson-bela-lt-v2-5-1\\\/#primaryimage\",\"url\":\"https:\\\/\\\/revolutionpadelstore.com\\\/wp-content\\\/uploads\\\/2024\\\/04\\\/pala-wilson-bela-lt-v2-5-1-800x800-1.webp\",\"contentUrl\":\"https:\\\/\\\/revolutionpadelstore.com\\\/wp-content\\\/uploads\\\/2024\\\/04\\\/pala-wilson-bela-lt-v2-5-1-800x800-1.webp\",\"width\":800,\"height\":800},{\"@type\":\"BreadcrumbList\",\"@id\":\"https:\\\/\\\/revolutionpadelstore.com\\\/de\\\/produkt\\\/wilson-bela-lt-v2-5-1\\\/#breadcrumb\",\"itemListElement\":[{\"@type\":\"ListItem\",\"position\":1,\"name\":\"Portada\",\"item\":\"https:\\\/\\\/revolutionpadelstore.com\\\/de\\\/\"},{\"@type\":\"ListItem\",\"position\":2,\"name\":\"Shop\",\"item\":\"https:\\\/\\\/revolutionpadelstore.com\\\/de\\\/tienda\\\/\"},{\"@type\":\"ListItem\",\"position\":3,\"name\":\"WILSON BELA LT V2.5\"}]},{\"@type\":\"WebSite\",\"@id\":\"https:\\\/\\\/revolutionpadelstore.com\\\/de\\\/#website\",\"url\":\"https:\\\/\\\/revolutionpadelstore.com\\\/de\\\/\",\"name\":\"Revolution Padel Store\",\"description\":\"\",\"publisher\":{\"@id\":\"https:\\\/\\\/revolutionpadelstore.com\\\/de\\\/#organization\"},\"potentialAction\":[{\"@type\":\"SearchAction\",\"target\":{\"@type\":\"EntryPoint\",\"urlTemplate\":\"https:\\\/\\\/revolutionpadelstore.com\\\/de\\\/?s={search_term_string}\"},\"query-input\":{\"@type\":\"PropertyValueSpecification\",\"valueRequired\":true,\"valueName\":\"search_term_string\"}}],\"inLanguage\":\"de\"},{\"@type\":\"Organization\",\"@id\":\"https:\\\/\\\/revolutionpadelstore.com\\\/de\\\/#organization\",\"name\":\"Revolution Padel Store\",\"url\":\"https:\\\/\\\/revolutionpadelstore.com\\\/de\\\/\",\"logo\":{\"@type\":\"ImageObject\",\"inLanguage\":\"de\",\"@id\":\"https:\\\/\\\/revolutionpadelstore.com\\\/de\\\/#\\\/schema\\\/logo\\\/image\\\/\",\"url\":\"https:\\\/\\\/revolutionpadelstore.com\\\/wp-content\\\/uploads\\\/2026\\\/02\\\/revolution-padel-store.jpg\",\"contentUrl\":\"https:\\\/\\\/revolutionpadelstore.com\\\/wp-content\\\/uploads\\\/2026\\\/02\\\/revolution-padel-store.jpg\",\"width\":2000,\"height\":2000,\"caption\":\"Revolution Padel Store\"},\"image\":{\"@id\":\"https:\\\/\\\/revolutionpadelstore.com\\\/de\\\/#\\\/schema\\\/logo\\\/image\\\/\"},\"sameAs\":[\"https:\\\/\\\/www.instagram.com\\\/revolutionpadelstore\\\/\"]}]}<\/script>\n<!-- \/ Yoast SEO plugin. -->","yoast_head_json":{"title":"WILSON BELA LT V2.5 - Revolution Padel Store","description":"Siente la potencia y el control en tus manos con la pala Wilson Bela LT 2.5 2024. Su cara de carbono 3K te permite golpear con una fuerza sorprendente, mientras que la textura Signature Spin Effect te da un control total sobre la pelota, permiti\u00e9ndote realizar golpes precisos y llenos de efecto.","robots":{"index":"index","follow":"follow","max-snippet":"max-snippet:-1","max-image-preview":"max-image-preview:large","max-video-preview":"max-video-preview:-1"},"canonical":"https:\/\/revolutionpadelstore.com\/de\/produkt\/wilson-bela-lt-v2-5-1\/","og_locale":"de_DE","og_type":"article","og_title":"COMPRAR WILSON BELA LT V2.5","og_description":"Siente la potencia y el control en tus manos con la pala Wilson Bela LT 2.5 2024. Su cara de carbono 3K te permite golpear con una fuerza sorprendente, mientras que la textura Signature Spin Effect te da un control total sobre la pelota, permiti\u00e9ndote realizar golpes precisos y llenos de efecto.","og_url":"https:\/\/revolutionpadelstore.com\/de\/produkt\/wilson-bela-lt-v2-5-1\/","og_site_name":"Revolution Padel Store","article_modified_time":"2026-04-08T12:25:44+00:00","og_image":[{"width":800,"height":800,"url":"https:\/\/revolutionpadelstore.com\/wp-content\/uploads\/2024\/04\/pala-wilson-bela-lt-v2-5-1-800x800-1.webp","type":"image\/webp"}],"twitter_card":"summary_large_image","twitter_misc":{"Gesch\u00e4tzte Lesezeit":"2\u00a0Minuten"},"schema":{"@context":"https:\/\/schema.org","@graph":[{"@type":"WebPage","@id":"https:\/\/revolutionpadelstore.com\/de\/produkt\/wilson-bela-lt-v2-5-1\/","url":"https:\/\/revolutionpadelstore.com\/de\/produkt\/wilson-bela-lt-v2-5-1\/","name":"WILSON BELA LT V2.5 - Revolution Padel Store","isPartOf":{"@id":"https:\/\/revolutionpadelstore.com\/de\/#website"},"primaryImageOfPage":{"@id":"https:\/\/revolutionpadelstore.com\/de\/produkt\/wilson-bela-lt-v2-5-1\/#primaryimage"},"image":{"@id":"https:\/\/revolutionpadelstore.com\/de\/produkt\/wilson-bela-lt-v2-5-1\/#primaryimage"},"thumbnailUrl":"https:\/\/revolutionpadelstore.com\/wp-content\/uploads\/2024\/04\/pala-wilson-bela-lt-v2-5-1-800x800-1.webp","datePublished":"2024-04-10T11:05:17+00:00","dateModified":"2026-04-08T12:25:44+00:00","description":"Siente la potencia y el control en tus manos con la pala Wilson Bela LT 2.5 2024. Su cara de carbono 3K te permite golpear con una fuerza sorprendente, mientras que la textura Signature Spin Effect te da un control total sobre la pelota, permiti\u00e9ndote realizar golpes precisos y llenos de efecto.","breadcrumb":{"@id":"https:\/\/revolutionpadelstore.com\/de\/produkt\/wilson-bela-lt-v2-5-1\/#breadcrumb"},"inLanguage":"de","potentialAction":[{"@type":"ReadAction","target":["https:\/\/revolutionpadelstore.com\/de\/produkt\/wilson-bela-lt-v2-5-1\/"]}]},{"@type":"ImageObject","inLanguage":"de","@id":"https:\/\/revolutionpadelstore.com\/de\/produkt\/wilson-bela-lt-v2-5-1\/#primaryimage","url":"https:\/\/revolutionpadelstore.com\/wp-content\/uploads\/2024\/04\/pala-wilson-bela-lt-v2-5-1-800x800-1.webp","contentUrl":"https:\/\/revolutionpadelstore.com\/wp-content\/uploads\/2024\/04\/pala-wilson-bela-lt-v2-5-1-800x800-1.webp","width":800,"height":800},{"@type":"BreadcrumbList","@id":"https:\/\/revolutionpadelstore.com\/de\/produkt\/wilson-bela-lt-v2-5-1\/#breadcrumb","itemListElement":[{"@type":"ListItem","position":1,"name":"Portada","item":"https:\/\/revolutionpadelstore.com\/de\/"},{"@type":"ListItem","position":2,"name":"Shop","item":"https:\/\/revolutionpadelstore.com\/de\/tienda\/"},{"@type":"ListItem","position":3,"name":"WILSON BELA LT V2.5"}]},{"@type":"WebSite","@id":"https:\/\/revolutionpadelstore.com\/de\/#website","url":"https:\/\/revolutionpadelstore.com\/de\/","name":"Revolution Padel Store","description":"","publisher":{"@id":"https:\/\/revolutionpadelstore.com\/de\/#organization"},"potentialAction":[{"@type":"SearchAction","target":{"@type":"EntryPoint","urlTemplate":"https:\/\/revolutionpadelstore.com\/de\/?s={search_term_string}"},"query-input":{"@type":"PropertyValueSpecification","valueRequired":true,"valueName":"search_term_string"}}],"inLanguage":"de"},{"@type":"Organization","@id":"https:\/\/revolutionpadelstore.com\/de\/#organization","name":"Revolution Padel Store","url":"https:\/\/revolutionpadelstore.com\/de\/","logo":{"@type":"ImageObject","inLanguage":"de","@id":"https:\/\/revolutionpadelstore.com\/de\/#\/schema\/logo\/image\/","url":"https:\/\/revolutionpadelstore.com\/wp-content\/uploads\/2026\/02\/revolution-padel-store.jpg","contentUrl":"https:\/\/revolutionpadelstore.com\/wp-content\/uploads\/2026\/02\/revolution-padel-store.jpg","width":2000,"height":2000,"caption":"Revolution Padel Store"},"image":{"@id":"https:\/\/revolutionpadelstore.com\/de\/#\/schema\/logo\/image\/"},"sameAs":["https:\/\/www.instagram.com\/revolutionpadelstore\/"]}]}},"_links":{"self":[{"href":"https:\/\/revolutionpadelstore.com\/de\/wp-json\/wp\/v2\/product\/19712","targetHints":{"allow":["GET"]}}],"collection":[{"href":"https:\/\/revolutionpadelstore.com\/de\/wp-json\/wp\/v2\/product"}],"about":[{"href":"https:\/\/revolutionpadelstore.com\/de\/wp-json\/wp\/v2\/types\/product"}],"replies":[{"embeddable":true,"href":"https:\/\/revolutionpadelstore.com\/de\/wp-json\/wp\/v2\/comments?post=19712"}],"wp:featuredmedia":[{"embeddable":true,"href":"https:\/\/revolutionpadelstore.com\/de\/wp-json\/wp\/v2\/media\/50197"}],"wp:attachment":[{"href":"https:\/\/revolutionpadelstore.com\/de\/wp-json\/wp\/v2\/media?parent=19712"}],"wp:term":[{"taxonomy":"acabado","embeddable":true,"href":"https:\/\/revolutionpadelstore.com\/de\/wp-json\/wp\/v2\/acabado?post=19712"},{"taxonomy":"balance","embeddable":true,"href":"https:\/\/revolutionpadelstore.com\/de\/wp-json\/wp\/v2\/balance?post=19712"},{"taxonomy":"dureza","embeddable":true,"href":"https:\/\/revolutionpadelstore.com\/de\/wp-json\/wp\/v2\/dureza?post=19712"},{"taxonomy":"forma","embeddable":true,"href":"https:\/\/revolutionpadelstore.com\/de\/wp-json\/wp\/v2\/forma?post=19712"},{"taxonomy":"jugador","embeddable":true,"href":"https:\/\/revolutionpadelstore.com\/de\/wp-json\/wp\/v2\/jugador?post=19712"},{"taxonomy":"marca","embeddable":true,"href":"https:\/\/revolutionpadelstore.com\/de\/wp-json\/wp\/v2\/marca?post=19712"},{"taxonomy":"nivel-de-juego","embeddable":true,"href":"https:\/\/revolutionpadelstore.com\/de\/wp-json\/wp\/v2\/nivel-de-juego?post=19712"},{"taxonomy":"superficie","embeddable":true,"href":"https:\/\/revolutionpadelstore.com\/de\/wp-json\/wp\/v2\/superficie?post=19712"},{"taxonomy":"tipo-de-juego","embeddable":true,"href":"https:\/\/revolutionpadelstore.com\/de\/wp-json\/wp\/v2\/tipo-de-juego?post=19712"},{"taxonomy":"product_brand","embeddable":true,"href":"https:\/\/revolutionpadelstore.com\/de\/wp-json\/wp\/v2\/product_brand?post=19712"},{"taxonomy":"product_cat","embeddable":true,"href":"https:\/\/revolutionpadelstore.com\/de\/wp-json\/wp\/v2\/product_cat?post=19712"},{"taxonomy":"product_tag","embeddable":true,"href":"https:\/\/revolutionpadelstore.com\/de\/wp-json\/wp\/v2\/product_tag?post=19712"}],"curies":[{"name":"wp","href":"https:\/\/api.w.org\/{rel}","templated":true}]}}