{"id":19707,"date":"2024-04-10T13:29:38","date_gmt":"2024-04-10T11:29:38","guid":{"rendered":"https:\/\/revolutionpadelstore.com\/lok-maxx-flow\/"},"modified":"2026-04-01T10:59:39","modified_gmt":"2026-04-01T08:59:39","slug":"lok-maxx-flow-1","status":"publish","type":"product","link":"https:\/\/revolutionpadelstore.com\/de\/produkt\/lok-maxx-flow-1\/","title":{"rendered":"LOK MAXX FLOW"},"content":{"rendered":"<p>Der Maxx Flow ist ein innovativer Schl\u00e4ger, der f\u00fcr au\u00dfergew\u00f6hnliche Leistung auf dem Platz entwickelt wurde.<br \/>\nEines der Hauptmerkmale des Maxx Flow ist das asymmetrische Herz, eine Carbonstruktur, die f\u00fcr hervorragende Steifigkeit und Stabilit\u00e4t sorgt.<br \/>\nDies erm\u00f6glicht eine optimale Energie\u00fcbertragung bei jedem Schlag und maximiert die Leistung ohne Einbu\u00dfen bei der Kontrolle.<br \/>\nDar\u00fcber hinaus verf\u00fcgt der Schl\u00e4ger \u00fcber eine Schicht aus C18-Carbon, die eine l\u00e4ngere Haltbarkeit und eine gleichm\u00e4\u00dfigere Reaktion bei jedem Schlag bietet.<br \/>\nDar\u00fcber hinaus erh\u00f6ht das 3D-Spin-Lines-System die Drehung des Balls, wodurch der Spin erh\u00f6ht und das Kontrollgef\u00fchl verbessert wird.<br \/>\nDer Maxx Flow ist mit einer mittleren Balance konzipiert, die eine perfekte Balance zwischen Kraft und Man\u00f6vrierf\u00e4higkeit bietet.<br \/>\nEr verf\u00fcgt \u00fcber Carbon Reinforcements \u2013 Carbonverst\u00e4rkungen \u2013, die die Haltbarkeit der Schl\u00e4gerstruktur unterst\u00fctzen, und \u00fcber das Dynamic Holes System mit einer progressiven Anordnung von L\u00f6chern unterschiedlicher Gr\u00f6\u00dfe, die dem Schlag Kraft verleihen.<br \/>\nEs verf\u00fcgt \u00fcber das Comfort Wristband-System, ein verstellbares Armband.<\/p>\n<p>ASYMMETRISCHES HERZ<br \/>\nUnser Herz ist das Wahrzeichen unserer Schl\u00e4ger und zeichnet sich durch sein asymmetrisches Design bei gleichzeitig perfekter Balance aus.<br \/>\nUnser bekanntestes Markenzeichen.<br \/>\nSeine einzigartige und originelle Form f\u00fchrt zu seitlichen Stufen, die die Nerven des Herzens bilden und eine strukturelle Steifigkeit bieten, die f\u00fcr Stabilit\u00e4t sorgt und der Schl\u00fcssel zum Erreichen eines optimalen Gleichgewichts ist.<br \/>\nAsymmetric Heart erm\u00f6glicht es Ihnen unter anderem, die Geschwindigkeit des Balls beim Schlagschwung zu erh\u00f6hen und so dem Schlag mehr Kraft zu verleihen.<\/p>\n<p>3D-SPIN-LINIEN<br \/>\nDas 3D-Spin-Lines-System erh\u00f6ht die Rotation des Balls beim Auftreffen auf den Schl\u00e4ger, erh\u00f6ht so den Spin und verbessert das Kontrollgef\u00fchl.<br \/>\nEs besteht aus einem System diagonaler Linien, die parallel zur Richtung des Herzwinkels verlaufen und in einem optimalen Abstand von 7 mm voneinander getrennt sind, was das Gef\u00fchl der Kontrolle verbessert.<\/p>\n<p>Allm\u00e4hliches Gesicht<br \/>\nUnsere H\u00f6lzer verf\u00fcgen \u00fcber ein System aus versetzten Schichten, die im oberen und unteren Teil der Schlagfl\u00e4che erzeugt werden.<br \/>\nGradual Face sind Stufen und Reliefs, die Winkel erzeugen, die dazu beitragen, Vibrationen zu reduzieren, wenn sie sich im Moment des Schlags \u00fcber die gesamte Oberfl\u00e4che bewegen.<br \/>\nDiese Vibration entsteht vom Aufprallpunkt und bewegt sich sowohl in den oberen als auch in den unteren Teil des Gesichts, also an die Stellen, an denen die Technologie vorhanden ist.<\/p>\n<p>DYNAMISCHES LOCHSYSTEM<br \/>\nEine progressive Anordnung mit zwei unterschiedlichen Lochgr\u00f6\u00dfen \u2013 10 und 11 mm \u2013 im mittleren Teil der Schlagfl\u00e4che, um dem Schlag Kraft zu verleihen.<\/p>\n<p>CARBON-VERST\u00c4RKUNG<br \/>\nCarbonverst\u00e4rkungen an verschiedenen kritischen Stellen der Klinge als strukturelle Unterst\u00fctzung, um zur Haltbarkeit beizutragen.<\/p>\n<p>VIBRATIONSNUTTE<br \/>\nIn den Rahmen des Schl\u00e4gers eingesetzte Schiene, die hilft, Vibrationen abzuleiten, die durch den Aufprall des Balls entstehen.<br \/>\nDie Schiene verf\u00fcgt \u00fcber eine PU-Beschichtung, um ihre Funktion zu maximieren.<\/p>\n<p>KOMFORT-ARMBAND<br \/>\nDie Schl\u00e4ger verf\u00fcgen \u00fcber eine verstellbare Handschlaufe, die das Seil begleitet, um unabh\u00e4ngig von den Bed\u00fcrfnissen und Vorlieben des Spielers einen bequemen Griff zu gew\u00e4hrleisten.<br \/>\nEs verf\u00fcgt \u00fcber eine verst\u00e4rkte Schicht und einen weichen Innenteil, um maximalen Komfort zu erreichen, und ein Design, das dem Anspruch der Marke entspricht.<\/p>\n","protected":false},"excerpt":{"rendered":"<p>Lok Maxx Flow 2024 Schl\u00e4ger f\u00fcr fortgeschrittene Spieler mit runder Form. Der Schl\u00e4ger besteht aus einer C18-Carbonoberfl\u00e4che, einem leichten, aber \u00e4u\u00dferst steifen und sehr haltbaren Material, das beim Schlagen eine hervorragende Leistung bietet.<br \/>\nDas auf beiden Seiten des Schl\u00e4gers vorhandene 3D-Spin-Lines-System sorgt f\u00fcr die besten Effekte. Die Torsionsfestigkeit wird auch durch die Carbon-Verst\u00e4rkungen verst\u00e4rkt, die in der gesamten Struktur vorhanden sind.<\/p>\n","protected":false},"featured_media":50181,"comment_status":"open","ping_status":"closed","template":"","meta":{"_acf_changed":false,"_joinchat":[]},"acabado":[1089,1079],"balance":[1139],"dureza":[1159,1154],"forma":[1179],"jugador":[1189,1199],"marca":[1314],"nivel-de-juego":[1334],"superficie":[1359],"tipo-de-juego":[1389,1384],"product_brand":[],"product_cat":[299],"product_tag":[],"class_list":{"0":"post-19707","1":"product","2":"type-product","3":"status-publish","4":"has-post-thumbnail","6":"acabado-3d-entlasten","7":"acabado-helligkeit","8":"balance-mittel","9":"dureza-dura-de","10":"dureza-media-de","11":"forma-rund","12":"jugador-mann","13":"jugador-mehrzweck","14":"marca-lok-de","15":"superficie-rugosa-de","16":"tipo-de-juego-avanzado-competicion-de","17":"tipo-de-juego-mehrzweck","18":"product_cat-palas-de-padel-de","20":"first","21":"instock","22":"taxable","23":"shipping-taxable","24":"purchasable","25":"product-type-simple"},"acf":[],"yoast_head":"<!-- This site is optimized with the Yoast SEO plugin v27.3 - https:\/\/yoast.com\/product\/yoast-seo-wordpress\/ -->\n<title>LOK MAXX FLOW - Revolution Padel Store<\/title>\n<meta name=\"description\" content=\"Pala Lok Maxx Flow 2024 para jugadores de nivel avanzado con forma redonda. La pala est\u00e1 compuesta en la superficie de carbono C18, un material ligero pero de alta rigidez, muy duradero y que ofrece grandes prestaciones en el golpeo. El sistema 3D Spin Lines, presente en las dos caras de la pala, proporciona los mejores efectos. La resistencia a la torsi\u00f3n se ve reforzada tambi\u00e9n por los Carbon Reinforcements, presentes en toda la estructura\" \/>\n<meta name=\"robots\" content=\"index, follow, max-snippet:-1, max-image-preview:large, max-video-preview:-1\" \/>\n<link rel=\"canonical\" href=\"https:\/\/revolutionpadelstore.com\/de\/produkt\/lok-maxx-flow-1\/\" \/>\n<meta property=\"og:locale\" content=\"de_DE\" \/>\n<meta property=\"og:type\" content=\"article\" \/>\n<meta property=\"og:title\" content=\"COMPRAR LOK MAXX FLOW\" \/>\n<meta property=\"og:description\" content=\"Pala Lok Maxx Flow 2024 para jugadores de nivel avanzado con forma redonda. La pala est\u00e1 compuesta en la superficie de carbono C18, un material ligero pero de alta rigidez, muy duradero y que ofrece grandes prestaciones en el golpeo. El sistema 3D Spin Lines, presente en las dos caras de la pala, proporciona los mejores efectos. La resistencia a la torsi\u00f3n se ve reforzada tambi\u00e9n por los Carbon Reinforcements, presentes en toda la estructura\" \/>\n<meta property=\"og:url\" content=\"https:\/\/revolutionpadelstore.com\/de\/produkt\/lok-maxx-flow-1\/\" \/>\n<meta property=\"og:site_name\" content=\"Revolution Padel Store\" \/>\n<meta property=\"article:modified_time\" content=\"2026-04-01T08:59:39+00:00\" \/>\n<meta property=\"og:image\" content=\"https:\/\/revolutionpadelstore.com\/wp-content\/uploads\/2024\/04\/pala-lok-maxx-flow-1_300x.webp\" \/>\n\t<meta property=\"og:image:width\" content=\"300\" \/>\n\t<meta property=\"og:image:height\" content=\"350\" \/>\n\t<meta property=\"og:image:type\" content=\"image\/webp\" \/>\n<meta name=\"twitter:card\" content=\"summary_large_image\" \/>\n<meta name=\"twitter:label1\" content=\"Gesch\u00e4tzte Lesezeit\" \/>\n\t<meta name=\"twitter:data1\" content=\"3\u00a0Minuten\" \/>\n<script type=\"application\/ld+json\" class=\"yoast-schema-graph\">{\"@context\":\"https:\\\/\\\/schema.org\",\"@graph\":[{\"@type\":\"WebPage\",\"@id\":\"https:\\\/\\\/revolutionpadelstore.com\\\/de\\\/produkt\\\/lok-maxx-flow-1\\\/\",\"url\":\"https:\\\/\\\/revolutionpadelstore.com\\\/de\\\/produkt\\\/lok-maxx-flow-1\\\/\",\"name\":\"LOK MAXX FLOW - Revolution Padel Store\",\"isPartOf\":{\"@id\":\"https:\\\/\\\/revolutionpadelstore.com\\\/de\\\/#website\"},\"primaryImageOfPage\":{\"@id\":\"https:\\\/\\\/revolutionpadelstore.com\\\/de\\\/produkt\\\/lok-maxx-flow-1\\\/#primaryimage\"},\"image\":{\"@id\":\"https:\\\/\\\/revolutionpadelstore.com\\\/de\\\/produkt\\\/lok-maxx-flow-1\\\/#primaryimage\"},\"thumbnailUrl\":\"https:\\\/\\\/revolutionpadelstore.com\\\/wp-content\\\/uploads\\\/2024\\\/04\\\/pala-lok-maxx-flow-1_300x.webp\",\"datePublished\":\"2024-04-10T11:29:38+00:00\",\"dateModified\":\"2026-04-01T08:59:39+00:00\",\"description\":\"Pala Lok Maxx Flow 2024 para jugadores de nivel avanzado con forma redonda. La pala est\u00e1 compuesta en la superficie de carbono C18, un material ligero pero de alta rigidez, muy duradero y que ofrece grandes prestaciones en el golpeo. El sistema 3D Spin Lines, presente en las dos caras de la pala, proporciona los mejores efectos. La resistencia a la torsi\u00f3n se ve reforzada tambi\u00e9n por los Carbon Reinforcements, presentes en toda la estructura\",\"breadcrumb\":{\"@id\":\"https:\\\/\\\/revolutionpadelstore.com\\\/de\\\/produkt\\\/lok-maxx-flow-1\\\/#breadcrumb\"},\"inLanguage\":\"de\",\"potentialAction\":[{\"@type\":\"ReadAction\",\"target\":[\"https:\\\/\\\/revolutionpadelstore.com\\\/de\\\/produkt\\\/lok-maxx-flow-1\\\/\"]}]},{\"@type\":\"ImageObject\",\"inLanguage\":\"de\",\"@id\":\"https:\\\/\\\/revolutionpadelstore.com\\\/de\\\/produkt\\\/lok-maxx-flow-1\\\/#primaryimage\",\"url\":\"https:\\\/\\\/revolutionpadelstore.com\\\/wp-content\\\/uploads\\\/2024\\\/04\\\/pala-lok-maxx-flow-1_300x.webp\",\"contentUrl\":\"https:\\\/\\\/revolutionpadelstore.com\\\/wp-content\\\/uploads\\\/2024\\\/04\\\/pala-lok-maxx-flow-1_300x.webp\",\"width\":300,\"height\":350},{\"@type\":\"BreadcrumbList\",\"@id\":\"https:\\\/\\\/revolutionpadelstore.com\\\/de\\\/produkt\\\/lok-maxx-flow-1\\\/#breadcrumb\",\"itemListElement\":[{\"@type\":\"ListItem\",\"position\":1,\"name\":\"Portada\",\"item\":\"https:\\\/\\\/revolutionpadelstore.com\\\/de\\\/\"},{\"@type\":\"ListItem\",\"position\":2,\"name\":\"Shop\",\"item\":\"https:\\\/\\\/revolutionpadelstore.com\\\/de\\\/tienda\\\/\"},{\"@type\":\"ListItem\",\"position\":3,\"name\":\"LOK MAXX FLOW\"}]},{\"@type\":\"WebSite\",\"@id\":\"https:\\\/\\\/revolutionpadelstore.com\\\/de\\\/#website\",\"url\":\"https:\\\/\\\/revolutionpadelstore.com\\\/de\\\/\",\"name\":\"Revolution Padel Store\",\"description\":\"\",\"publisher\":{\"@id\":\"https:\\\/\\\/revolutionpadelstore.com\\\/de\\\/#organization\"},\"potentialAction\":[{\"@type\":\"SearchAction\",\"target\":{\"@type\":\"EntryPoint\",\"urlTemplate\":\"https:\\\/\\\/revolutionpadelstore.com\\\/de\\\/?s={search_term_string}\"},\"query-input\":{\"@type\":\"PropertyValueSpecification\",\"valueRequired\":true,\"valueName\":\"search_term_string\"}}],\"inLanguage\":\"de\"},{\"@type\":\"Organization\",\"@id\":\"https:\\\/\\\/revolutionpadelstore.com\\\/de\\\/#organization\",\"name\":\"Revolution Padel Store\",\"url\":\"https:\\\/\\\/revolutionpadelstore.com\\\/de\\\/\",\"logo\":{\"@type\":\"ImageObject\",\"inLanguage\":\"de\",\"@id\":\"https:\\\/\\\/revolutionpadelstore.com\\\/de\\\/#\\\/schema\\\/logo\\\/image\\\/\",\"url\":\"https:\\\/\\\/revolutionpadelstore.com\\\/wp-content\\\/uploads\\\/2026\\\/02\\\/revolution-padel-store.jpg\",\"contentUrl\":\"https:\\\/\\\/revolutionpadelstore.com\\\/wp-content\\\/uploads\\\/2026\\\/02\\\/revolution-padel-store.jpg\",\"width\":2000,\"height\":2000,\"caption\":\"Revolution Padel Store\"},\"image\":{\"@id\":\"https:\\\/\\\/revolutionpadelstore.com\\\/de\\\/#\\\/schema\\\/logo\\\/image\\\/\"},\"sameAs\":[\"https:\\\/\\\/www.instagram.com\\\/revolutionpadelstore\\\/\"]}]}<\/script>\n<!-- \/ Yoast SEO plugin. -->","yoast_head_json":{"title":"LOK MAXX FLOW - Revolution Padel Store","description":"Pala Lok Maxx Flow 2024 para jugadores de nivel avanzado con forma redonda. La pala est\u00e1 compuesta en la superficie de carbono C18, un material ligero pero de alta rigidez, muy duradero y que ofrece grandes prestaciones en el golpeo. El sistema 3D Spin Lines, presente en las dos caras de la pala, proporciona los mejores efectos. La resistencia a la torsi\u00f3n se ve reforzada tambi\u00e9n por los Carbon Reinforcements, presentes en toda la estructura","robots":{"index":"index","follow":"follow","max-snippet":"max-snippet:-1","max-image-preview":"max-image-preview:large","max-video-preview":"max-video-preview:-1"},"canonical":"https:\/\/revolutionpadelstore.com\/de\/produkt\/lok-maxx-flow-1\/","og_locale":"de_DE","og_type":"article","og_title":"COMPRAR LOK MAXX FLOW","og_description":"Pala Lok Maxx Flow 2024 para jugadores de nivel avanzado con forma redonda. La pala est\u00e1 compuesta en la superficie de carbono C18, un material ligero pero de alta rigidez, muy duradero y que ofrece grandes prestaciones en el golpeo. El sistema 3D Spin Lines, presente en las dos caras de la pala, proporciona los mejores efectos. La resistencia a la torsi\u00f3n se ve reforzada tambi\u00e9n por los Carbon Reinforcements, presentes en toda la estructura","og_url":"https:\/\/revolutionpadelstore.com\/de\/produkt\/lok-maxx-flow-1\/","og_site_name":"Revolution Padel Store","article_modified_time":"2026-04-01T08:59:39+00:00","og_image":[{"width":300,"height":350,"url":"https:\/\/revolutionpadelstore.com\/wp-content\/uploads\/2024\/04\/pala-lok-maxx-flow-1_300x.webp","type":"image\/webp"}],"twitter_card":"summary_large_image","twitter_misc":{"Gesch\u00e4tzte Lesezeit":"3\u00a0Minuten"},"schema":{"@context":"https:\/\/schema.org","@graph":[{"@type":"WebPage","@id":"https:\/\/revolutionpadelstore.com\/de\/produkt\/lok-maxx-flow-1\/","url":"https:\/\/revolutionpadelstore.com\/de\/produkt\/lok-maxx-flow-1\/","name":"LOK MAXX FLOW - Revolution Padel Store","isPartOf":{"@id":"https:\/\/revolutionpadelstore.com\/de\/#website"},"primaryImageOfPage":{"@id":"https:\/\/revolutionpadelstore.com\/de\/produkt\/lok-maxx-flow-1\/#primaryimage"},"image":{"@id":"https:\/\/revolutionpadelstore.com\/de\/produkt\/lok-maxx-flow-1\/#primaryimage"},"thumbnailUrl":"https:\/\/revolutionpadelstore.com\/wp-content\/uploads\/2024\/04\/pala-lok-maxx-flow-1_300x.webp","datePublished":"2024-04-10T11:29:38+00:00","dateModified":"2026-04-01T08:59:39+00:00","description":"Pala Lok Maxx Flow 2024 para jugadores de nivel avanzado con forma redonda. La pala est\u00e1 compuesta en la superficie de carbono C18, un material ligero pero de alta rigidez, muy duradero y que ofrece grandes prestaciones en el golpeo. El sistema 3D Spin Lines, presente en las dos caras de la pala, proporciona los mejores efectos. La resistencia a la torsi\u00f3n se ve reforzada tambi\u00e9n por los Carbon Reinforcements, presentes en toda la estructura","breadcrumb":{"@id":"https:\/\/revolutionpadelstore.com\/de\/produkt\/lok-maxx-flow-1\/#breadcrumb"},"inLanguage":"de","potentialAction":[{"@type":"ReadAction","target":["https:\/\/revolutionpadelstore.com\/de\/produkt\/lok-maxx-flow-1\/"]}]},{"@type":"ImageObject","inLanguage":"de","@id":"https:\/\/revolutionpadelstore.com\/de\/produkt\/lok-maxx-flow-1\/#primaryimage","url":"https:\/\/revolutionpadelstore.com\/wp-content\/uploads\/2024\/04\/pala-lok-maxx-flow-1_300x.webp","contentUrl":"https:\/\/revolutionpadelstore.com\/wp-content\/uploads\/2024\/04\/pala-lok-maxx-flow-1_300x.webp","width":300,"height":350},{"@type":"BreadcrumbList","@id":"https:\/\/revolutionpadelstore.com\/de\/produkt\/lok-maxx-flow-1\/#breadcrumb","itemListElement":[{"@type":"ListItem","position":1,"name":"Portada","item":"https:\/\/revolutionpadelstore.com\/de\/"},{"@type":"ListItem","position":2,"name":"Shop","item":"https:\/\/revolutionpadelstore.com\/de\/tienda\/"},{"@type":"ListItem","position":3,"name":"LOK MAXX FLOW"}]},{"@type":"WebSite","@id":"https:\/\/revolutionpadelstore.com\/de\/#website","url":"https:\/\/revolutionpadelstore.com\/de\/","name":"Revolution Padel Store","description":"","publisher":{"@id":"https:\/\/revolutionpadelstore.com\/de\/#organization"},"potentialAction":[{"@type":"SearchAction","target":{"@type":"EntryPoint","urlTemplate":"https:\/\/revolutionpadelstore.com\/de\/?s={search_term_string}"},"query-input":{"@type":"PropertyValueSpecification","valueRequired":true,"valueName":"search_term_string"}}],"inLanguage":"de"},{"@type":"Organization","@id":"https:\/\/revolutionpadelstore.com\/de\/#organization","name":"Revolution Padel Store","url":"https:\/\/revolutionpadelstore.com\/de\/","logo":{"@type":"ImageObject","inLanguage":"de","@id":"https:\/\/revolutionpadelstore.com\/de\/#\/schema\/logo\/image\/","url":"https:\/\/revolutionpadelstore.com\/wp-content\/uploads\/2026\/02\/revolution-padel-store.jpg","contentUrl":"https:\/\/revolutionpadelstore.com\/wp-content\/uploads\/2026\/02\/revolution-padel-store.jpg","width":2000,"height":2000,"caption":"Revolution Padel Store"},"image":{"@id":"https:\/\/revolutionpadelstore.com\/de\/#\/schema\/logo\/image\/"},"sameAs":["https:\/\/www.instagram.com\/revolutionpadelstore\/"]}]}},"_links":{"self":[{"href":"https:\/\/revolutionpadelstore.com\/de\/wp-json\/wp\/v2\/product\/19707","targetHints":{"allow":["GET"]}}],"collection":[{"href":"https:\/\/revolutionpadelstore.com\/de\/wp-json\/wp\/v2\/product"}],"about":[{"href":"https:\/\/revolutionpadelstore.com\/de\/wp-json\/wp\/v2\/types\/product"}],"replies":[{"embeddable":true,"href":"https:\/\/revolutionpadelstore.com\/de\/wp-json\/wp\/v2\/comments?post=19707"}],"wp:featuredmedia":[{"embeddable":true,"href":"https:\/\/revolutionpadelstore.com\/de\/wp-json\/wp\/v2\/media\/50181"}],"wp:attachment":[{"href":"https:\/\/revolutionpadelstore.com\/de\/wp-json\/wp\/v2\/media?parent=19707"}],"wp:term":[{"taxonomy":"acabado","embeddable":true,"href":"https:\/\/revolutionpadelstore.com\/de\/wp-json\/wp\/v2\/acabado?post=19707"},{"taxonomy":"balance","embeddable":true,"href":"https:\/\/revolutionpadelstore.com\/de\/wp-json\/wp\/v2\/balance?post=19707"},{"taxonomy":"dureza","embeddable":true,"href":"https:\/\/revolutionpadelstore.com\/de\/wp-json\/wp\/v2\/dureza?post=19707"},{"taxonomy":"forma","embeddable":true,"href":"https:\/\/revolutionpadelstore.com\/de\/wp-json\/wp\/v2\/forma?post=19707"},{"taxonomy":"jugador","embeddable":true,"href":"https:\/\/revolutionpadelstore.com\/de\/wp-json\/wp\/v2\/jugador?post=19707"},{"taxonomy":"marca","embeddable":true,"href":"https:\/\/revolutionpadelstore.com\/de\/wp-json\/wp\/v2\/marca?post=19707"},{"taxonomy":"nivel-de-juego","embeddable":true,"href":"https:\/\/revolutionpadelstore.com\/de\/wp-json\/wp\/v2\/nivel-de-juego?post=19707"},{"taxonomy":"superficie","embeddable":true,"href":"https:\/\/revolutionpadelstore.com\/de\/wp-json\/wp\/v2\/superficie?post=19707"},{"taxonomy":"tipo-de-juego","embeddable":true,"href":"https:\/\/revolutionpadelstore.com\/de\/wp-json\/wp\/v2\/tipo-de-juego?post=19707"},{"taxonomy":"product_brand","embeddable":true,"href":"https:\/\/revolutionpadelstore.com\/de\/wp-json\/wp\/v2\/product_brand?post=19707"},{"taxonomy":"product_cat","embeddable":true,"href":"https:\/\/revolutionpadelstore.com\/de\/wp-json\/wp\/v2\/product_cat?post=19707"},{"taxonomy":"product_tag","embeddable":true,"href":"https:\/\/revolutionpadelstore.com\/de\/wp-json\/wp\/v2\/product_tag?post=19707"}],"curies":[{"name":"wp","href":"https:\/\/api.w.org\/{rel}","templated":true}]}}