{"id":19702,"date":"2024-04-10T15:22:41","date_gmt":"2024-04-10T13:22:41","guid":{"rendered":"https:\/\/revolutionpadelstore.com\/lok-maxx-hype\/"},"modified":"2026-04-01T10:59:02","modified_gmt":"2026-04-01T08:59:02","slug":"lok-maxx-hype","status":"publish","type":"product","link":"https:\/\/revolutionpadelstore.com\/de\/produkt\/lok-maxx-hype\/","title":{"rendered":"LOK MAXX HYPE"},"content":{"rendered":"<p>Der Maxx Hype ist L\u00d5Ks technologischster Angriffsschl\u00e4ger f\u00fcr PRO-Level-Spieler.<br \/>\nSein asymmetrisches Herz bietet strukturelle Steifigkeit, die f\u00fcr Stabilit\u00e4t sorgt und der Schl\u00fcssel zum Erreichen einer optimalen Balance ist.<br \/>\nHergestellt aus C18-Carbon in drei verschiedenen Ebenen und mit einem Gradual Face- und Vibration Groove-System, das zur Reduzierung von Vibrationen beitr\u00e4gt.<br \/>\nDar\u00fcber hinaus erh\u00f6ht das 3D-Spin-Lines-System die Rotation des Balls beim Auftreffen auf den Schl\u00e4ger, wodurch der Spin erh\u00f6ht und das Kontrollgef\u00fchl verbessert wird.<br \/>\nDer Maxx Hype verf\u00fcgt \u00fcber Carbon Reinforcements \u2013 Carbonverst\u00e4rkungen \u2013, die die Haltbarkeit der Struktur des Schl\u00e4gers unterst\u00fctzen, und das Dynamic Holes System mit einer progressiven Anordnung von L\u00f6chern unterschiedlicher Gr\u00f6\u00dfe, die dem Schlag Kraft verleihen.<br \/>\nEs verf\u00fcgt \u00fcber das Comfort Wristband-System, ein verstellbares Armband, und die Rautenform der Klinge tr\u00e4gt dazu bei, den Sweet Spot zu erh\u00f6hen und so Schl\u00e4ge und Angriffe zu verbessern.<\/p>\n<p>ASYMMETRISCHES HERZ<br \/>\nUnser Herz ist das Wahrzeichen unserer Schl\u00e4ger und zeichnet sich durch sein asymmetrisches Design bei gleichzeitig perfekter Balance aus.<br \/>\nUnser bekanntestes Identit\u00e4tszeichen.<br \/>\nSeine einzigartige und originelle Form f\u00fchrt zu seitlichen Stufen, die die Nerven des Herzens bilden und eine strukturelle Steifigkeit bieten, die f\u00fcr Stabilit\u00e4t sorgt und der Schl\u00fcssel zum Erreichen eines optimalen Gleichgewichts ist.<br \/>\nAsymmetric Heart erm\u00f6glicht es Ihnen unter anderem, die Geschwindigkeit des Balls beim Schlagschwung zu erh\u00f6hen und so dem Schlag mehr Kraft zu verleihen.<\/p>\n<p>3D-SPIN-LINIEN<br \/>\nDas 3D-Spin-Lines-System erh\u00f6ht die Rotation des Balls beim Auftreffen auf den Schl\u00e4ger, erh\u00f6ht so den Spin und verbessert das Kontrollgef\u00fchl.<br \/>\nEs besteht aus einem System diagonaler Linien, die parallel zur Richtung des Herzwinkels verlaufen und in einem optimalen Abstand von 7 mm voneinander getrennt sind, was das Gef\u00fchl der Kontrolle verbessert.<\/p>\n<p>Allm\u00e4hliches Gesicht<br \/>\nUnsere H\u00f6lzer verf\u00fcgen \u00fcber ein System aus versetzten Schichten, die im oberen und unteren Teil der Schlagfl\u00e4che erzeugt werden.<br \/>\nGradual Face sind Stufen und Reliefs, die Winkel erzeugen, die dazu beitragen, Vibrationen zu reduzieren, da sie sich im Moment des Aufpralls \u00fcber die gesamte Oberfl\u00e4che ausbreiten.<br \/>\nDiese Vibration entsteht vom Aufprallpunkt und bewegt sich sowohl in den oberen als auch in den unteren Teil des Gesichts, also an die Stellen, an denen die Technologie vorhanden ist.<\/p>\n<p>DYNAMISCHES LOCHSYSTEM<br \/>\nEine progressive Anordnung mit zwei unterschiedlichen Lochgr\u00f6\u00dfen \u2013 10 und 11 mm \u2013 im mittleren Teil der Schlagfl\u00e4che, um dem Schlag Kraft zu verleihen.<\/p>\n<p>CARBON-VERST\u00c4RKUNG<br \/>\nCarbonverst\u00e4rkungen an verschiedenen kritischen Stellen der Klinge als strukturelle Unterst\u00fctzung, um zur Haltbarkeit beizutragen.<\/p>\n<p>VIBRATIONSNUTTE<br \/>\nIn den Rahmen des Schl\u00e4gers eingesetzte Schiene, die hilft, Vibrationen abzuleiten, die durch den Aufprall des Balls entstehen. Die Schiene verf\u00fcgt \u00fcber eine PU-Beschichtung, um ihre Funktion zu maximieren.<\/p>\n<p>KOMFORT-ARMBAND<br \/>\nDie Schl\u00e4ger verf\u00fcgen \u00fcber eine verstellbare Handschlaufe, die das Seil begleitet, um einen bequemen Griff zu gew\u00e4hrleisten, ganz nach den Bed\u00fcrfnissen und Vorlieben des Spielers.<br \/>\nEs verf\u00fcgt \u00fcber eine verst\u00e4rkte Schicht und einen weichen Innenteil, um maximalen Komfort zu erreichen, und ein Design, das dem Anspruch der Marke entspricht.<\/p>\n","protected":false},"excerpt":{"rendered":"<p>Lok Maxx Hype 2024 Schl\u00e4ger f\u00fcr Profispieler. Der Mike Yanguas-Schl\u00e4ger mit mittelhohem Sweetspot und Rautenform hat auf jeder Seite zwei unterschiedliche Designs. Im Inneren ist Custom Eva integriert, w\u00e4hrend die Schlagfl\u00e4chen und der Rahmen aus Carbon bestehen. Es besteht aus C18 Carbon, einem hochmodernen Material, das in drei verschiedenen Ebenen angeordnet ist. Dar\u00fcber hinaus verf\u00fcgt es \u00fcber die Gradual Face-Technologie und das Vibration Groove System, die Vibrationen minimieren. Das Dynamic Holes System ordnet die L\u00f6cher in der Klinge progressiv in der Gr\u00f6\u00dfe an, um die Leistung optimal zu nutzen.<\/p>\n","protected":false},"featured_media":50157,"comment_status":"open","ping_status":"closed","template":"","meta":{"_acf_changed":false,"_joinchat":[]},"acabado":[1089,1079],"balance":[1134],"dureza":[1159],"forma":[1169],"jugador":[1189,1199],"marca":[1314],"nivel-de-juego":[1334,1344],"superficie":[1359],"tipo-de-juego":[1374],"product_brand":[],"product_cat":[299],"product_tag":[],"class_list":{"0":"post-19702","1":"product","2":"type-product","3":"status-publish","4":"has-post-thumbnail","6":"acabado-3d-entlasten","7":"acabado-helligkeit","8":"balance-hoch","9":"dureza-dura-de","10":"forma-diamante-de","11":"jugador-mann","12":"jugador-mehrzweck","13":"marca-lok-de","14":"superficie-rugosa-de","15":"tipo-de-juego-leistung","16":"product_cat-palas-de-padel-de","18":"first","19":"instock","20":"taxable","21":"shipping-taxable","22":"purchasable","23":"product-type-simple"},"acf":[],"yoast_head":"<!-- This site is optimized with the Yoast SEO plugin v27.3 - https:\/\/yoast.com\/product\/yoast-seo-wordpress\/ -->\n<title>LOK MAXX HYPE - Revolution Padel Store<\/title>\n<meta name=\"description\" content=\"Pala Lok Maxx Hype 2024 para jugadores de nivel profesional. La pala de Mike Yanguas con un punto dulce medio-alto y forma de diamante cuenta con dos dise\u00f1os distintitos en cada cara. En su interior integra Custom Eva mientras que las caras y el marco se han fabricado en carbono. Est\u00e1 compuesta por Carbono C18, un material de \u00faltima generaci\u00f3n, dispuesto en tres planos distintos. Adem\u00e1s, cuenta con la tecnolog\u00eda Gradual Face y el Vibration Groove System que minimizan la vibraci\u00f3n. El Dynamic Holes System dispone los orificios de la pala de forma progresiva en cuanto a tama\u00f1os para sacar el m\u00e1ximo partido a la potencia.\" \/>\n<meta name=\"robots\" content=\"index, follow, max-snippet:-1, max-image-preview:large, max-video-preview:-1\" \/>\n<link rel=\"canonical\" href=\"https:\/\/revolutionpadelstore.com\/de\/produkt\/lok-maxx-hype\/\" \/>\n<meta property=\"og:locale\" content=\"de_DE\" \/>\n<meta property=\"og:type\" content=\"article\" \/>\n<meta property=\"og:title\" content=\"COMPRAR LOK MAXX HYPE\" \/>\n<meta property=\"og:description\" content=\"Pala Lok Maxx Hype 2024 para jugadores de nivel profesional. La pala de Mike Yanguas con un punto dulce medio-alto y forma de diamante cuenta con dos dise\u00f1os distintitos en cada cara. En su interior integra Custom Eva mientras que las caras y el marco se han fabricado en carbono. Est\u00e1 compuesta por Carbono C18, un material de \u00faltima generaci\u00f3n, dispuesto en tres planos distintos. Adem\u00e1s, cuenta con la tecnolog\u00eda Gradual Face y el Vibration Groove System que minimizan la vibraci\u00f3n. El Dynamic Holes System dispone los orificios de la pala de forma progresiva en cuanto a tama\u00f1os para sacar el m\u00e1ximo partido a la potencia.\" \/>\n<meta property=\"og:url\" content=\"https:\/\/revolutionpadelstore.com\/de\/produkt\/lok-maxx-hype\/\" \/>\n<meta property=\"og:site_name\" content=\"Revolution Padel Store\" \/>\n<meta property=\"article:modified_time\" content=\"2026-04-01T08:59:02+00:00\" \/>\n<meta property=\"og:image\" content=\"https:\/\/revolutionpadelstore.com\/wp-content\/uploads\/2024\/04\/pala-lok-maxx-hype-1-800x800-1.jpg\" \/>\n\t<meta property=\"og:image:width\" content=\"800\" \/>\n\t<meta property=\"og:image:height\" content=\"800\" \/>\n\t<meta property=\"og:image:type\" content=\"image\/jpeg\" \/>\n<meta name=\"twitter:card\" content=\"summary_large_image\" \/>\n<meta name=\"twitter:label1\" content=\"Gesch\u00e4tzte Lesezeit\" \/>\n\t<meta name=\"twitter:data1\" content=\"3\u00a0Minuten\" \/>\n<script type=\"application\/ld+json\" class=\"yoast-schema-graph\">{\"@context\":\"https:\\\/\\\/schema.org\",\"@graph\":[{\"@type\":\"WebPage\",\"@id\":\"https:\\\/\\\/revolutionpadelstore.com\\\/de\\\/produkt\\\/lok-maxx-hype\\\/\",\"url\":\"https:\\\/\\\/revolutionpadelstore.com\\\/de\\\/produkt\\\/lok-maxx-hype\\\/\",\"name\":\"LOK MAXX HYPE - Revolution Padel Store\",\"isPartOf\":{\"@id\":\"https:\\\/\\\/revolutionpadelstore.com\\\/de\\\/#website\"},\"primaryImageOfPage\":{\"@id\":\"https:\\\/\\\/revolutionpadelstore.com\\\/de\\\/produkt\\\/lok-maxx-hype\\\/#primaryimage\"},\"image\":{\"@id\":\"https:\\\/\\\/revolutionpadelstore.com\\\/de\\\/produkt\\\/lok-maxx-hype\\\/#primaryimage\"},\"thumbnailUrl\":\"https:\\\/\\\/revolutionpadelstore.com\\\/wp-content\\\/uploads\\\/2024\\\/04\\\/pala-lok-maxx-hype-1-800x800-1.jpg\",\"datePublished\":\"2024-04-10T13:22:41+00:00\",\"dateModified\":\"2026-04-01T08:59:02+00:00\",\"description\":\"Pala Lok Maxx Hype 2024 para jugadores de nivel profesional. La pala de Mike Yanguas con un punto dulce medio-alto y forma de diamante cuenta con dos dise\u00f1os distintitos en cada cara. En su interior integra Custom Eva mientras que las caras y el marco se han fabricado en carbono. Est\u00e1 compuesta por Carbono C18, un material de \u00faltima generaci\u00f3n, dispuesto en tres planos distintos. Adem\u00e1s, cuenta con la tecnolog\u00eda Gradual Face y el Vibration Groove System que minimizan la vibraci\u00f3n. El Dynamic Holes System dispone los orificios de la pala de forma progresiva en cuanto a tama\u00f1os para sacar el m\u00e1ximo partido a la potencia.\",\"breadcrumb\":{\"@id\":\"https:\\\/\\\/revolutionpadelstore.com\\\/de\\\/produkt\\\/lok-maxx-hype\\\/#breadcrumb\"},\"inLanguage\":\"de\",\"potentialAction\":[{\"@type\":\"ReadAction\",\"target\":[\"https:\\\/\\\/revolutionpadelstore.com\\\/de\\\/produkt\\\/lok-maxx-hype\\\/\"]}]},{\"@type\":\"ImageObject\",\"inLanguage\":\"de\",\"@id\":\"https:\\\/\\\/revolutionpadelstore.com\\\/de\\\/produkt\\\/lok-maxx-hype\\\/#primaryimage\",\"url\":\"https:\\\/\\\/revolutionpadelstore.com\\\/wp-content\\\/uploads\\\/2024\\\/04\\\/pala-lok-maxx-hype-1-800x800-1.jpg\",\"contentUrl\":\"https:\\\/\\\/revolutionpadelstore.com\\\/wp-content\\\/uploads\\\/2024\\\/04\\\/pala-lok-maxx-hype-1-800x800-1.jpg\",\"width\":800,\"height\":800},{\"@type\":\"BreadcrumbList\",\"@id\":\"https:\\\/\\\/revolutionpadelstore.com\\\/de\\\/produkt\\\/lok-maxx-hype\\\/#breadcrumb\",\"itemListElement\":[{\"@type\":\"ListItem\",\"position\":1,\"name\":\"Portada\",\"item\":\"https:\\\/\\\/revolutionpadelstore.com\\\/de\\\/\"},{\"@type\":\"ListItem\",\"position\":2,\"name\":\"Shop\",\"item\":\"https:\\\/\\\/revolutionpadelstore.com\\\/de\\\/tienda\\\/\"},{\"@type\":\"ListItem\",\"position\":3,\"name\":\"LOK MAXX HYPE\"}]},{\"@type\":\"WebSite\",\"@id\":\"https:\\\/\\\/revolutionpadelstore.com\\\/de\\\/#website\",\"url\":\"https:\\\/\\\/revolutionpadelstore.com\\\/de\\\/\",\"name\":\"Revolution Padel Store\",\"description\":\"\",\"publisher\":{\"@id\":\"https:\\\/\\\/revolutionpadelstore.com\\\/de\\\/#organization\"},\"potentialAction\":[{\"@type\":\"SearchAction\",\"target\":{\"@type\":\"EntryPoint\",\"urlTemplate\":\"https:\\\/\\\/revolutionpadelstore.com\\\/de\\\/?s={search_term_string}\"},\"query-input\":{\"@type\":\"PropertyValueSpecification\",\"valueRequired\":true,\"valueName\":\"search_term_string\"}}],\"inLanguage\":\"de\"},{\"@type\":\"Organization\",\"@id\":\"https:\\\/\\\/revolutionpadelstore.com\\\/de\\\/#organization\",\"name\":\"Revolution Padel Store\",\"url\":\"https:\\\/\\\/revolutionpadelstore.com\\\/de\\\/\",\"logo\":{\"@type\":\"ImageObject\",\"inLanguage\":\"de\",\"@id\":\"https:\\\/\\\/revolutionpadelstore.com\\\/de\\\/#\\\/schema\\\/logo\\\/image\\\/\",\"url\":\"https:\\\/\\\/revolutionpadelstore.com\\\/wp-content\\\/uploads\\\/2026\\\/02\\\/revolution-padel-store.jpg\",\"contentUrl\":\"https:\\\/\\\/revolutionpadelstore.com\\\/wp-content\\\/uploads\\\/2026\\\/02\\\/revolution-padel-store.jpg\",\"width\":2000,\"height\":2000,\"caption\":\"Revolution Padel Store\"},\"image\":{\"@id\":\"https:\\\/\\\/revolutionpadelstore.com\\\/de\\\/#\\\/schema\\\/logo\\\/image\\\/\"},\"sameAs\":[\"https:\\\/\\\/www.instagram.com\\\/revolutionpadelstore\\\/\"]}]}<\/script>\n<!-- \/ Yoast SEO plugin. -->","yoast_head_json":{"title":"LOK MAXX HYPE - Revolution Padel Store","description":"Pala Lok Maxx Hype 2024 para jugadores de nivel profesional. La pala de Mike Yanguas con un punto dulce medio-alto y forma de diamante cuenta con dos dise\u00f1os distintitos en cada cara. En su interior integra Custom Eva mientras que las caras y el marco se han fabricado en carbono. Est\u00e1 compuesta por Carbono C18, un material de \u00faltima generaci\u00f3n, dispuesto en tres planos distintos. Adem\u00e1s, cuenta con la tecnolog\u00eda Gradual Face y el Vibration Groove System que minimizan la vibraci\u00f3n. El Dynamic Holes System dispone los orificios de la pala de forma progresiva en cuanto a tama\u00f1os para sacar el m\u00e1ximo partido a la potencia.","robots":{"index":"index","follow":"follow","max-snippet":"max-snippet:-1","max-image-preview":"max-image-preview:large","max-video-preview":"max-video-preview:-1"},"canonical":"https:\/\/revolutionpadelstore.com\/de\/produkt\/lok-maxx-hype\/","og_locale":"de_DE","og_type":"article","og_title":"COMPRAR LOK MAXX HYPE","og_description":"Pala Lok Maxx Hype 2024 para jugadores de nivel profesional. La pala de Mike Yanguas con un punto dulce medio-alto y forma de diamante cuenta con dos dise\u00f1os distintitos en cada cara. En su interior integra Custom Eva mientras que las caras y el marco se han fabricado en carbono. Est\u00e1 compuesta por Carbono C18, un material de \u00faltima generaci\u00f3n, dispuesto en tres planos distintos. Adem\u00e1s, cuenta con la tecnolog\u00eda Gradual Face y el Vibration Groove System que minimizan la vibraci\u00f3n. El Dynamic Holes System dispone los orificios de la pala de forma progresiva en cuanto a tama\u00f1os para sacar el m\u00e1ximo partido a la potencia.","og_url":"https:\/\/revolutionpadelstore.com\/de\/produkt\/lok-maxx-hype\/","og_site_name":"Revolution Padel Store","article_modified_time":"2026-04-01T08:59:02+00:00","og_image":[{"width":800,"height":800,"url":"https:\/\/revolutionpadelstore.com\/wp-content\/uploads\/2024\/04\/pala-lok-maxx-hype-1-800x800-1.jpg","type":"image\/jpeg"}],"twitter_card":"summary_large_image","twitter_misc":{"Gesch\u00e4tzte Lesezeit":"3\u00a0Minuten"},"schema":{"@context":"https:\/\/schema.org","@graph":[{"@type":"WebPage","@id":"https:\/\/revolutionpadelstore.com\/de\/produkt\/lok-maxx-hype\/","url":"https:\/\/revolutionpadelstore.com\/de\/produkt\/lok-maxx-hype\/","name":"LOK MAXX HYPE - Revolution Padel Store","isPartOf":{"@id":"https:\/\/revolutionpadelstore.com\/de\/#website"},"primaryImageOfPage":{"@id":"https:\/\/revolutionpadelstore.com\/de\/produkt\/lok-maxx-hype\/#primaryimage"},"image":{"@id":"https:\/\/revolutionpadelstore.com\/de\/produkt\/lok-maxx-hype\/#primaryimage"},"thumbnailUrl":"https:\/\/revolutionpadelstore.com\/wp-content\/uploads\/2024\/04\/pala-lok-maxx-hype-1-800x800-1.jpg","datePublished":"2024-04-10T13:22:41+00:00","dateModified":"2026-04-01T08:59:02+00:00","description":"Pala Lok Maxx Hype 2024 para jugadores de nivel profesional. La pala de Mike Yanguas con un punto dulce medio-alto y forma de diamante cuenta con dos dise\u00f1os distintitos en cada cara. En su interior integra Custom Eva mientras que las caras y el marco se han fabricado en carbono. Est\u00e1 compuesta por Carbono C18, un material de \u00faltima generaci\u00f3n, dispuesto en tres planos distintos. Adem\u00e1s, cuenta con la tecnolog\u00eda Gradual Face y el Vibration Groove System que minimizan la vibraci\u00f3n. El Dynamic Holes System dispone los orificios de la pala de forma progresiva en cuanto a tama\u00f1os para sacar el m\u00e1ximo partido a la potencia.","breadcrumb":{"@id":"https:\/\/revolutionpadelstore.com\/de\/produkt\/lok-maxx-hype\/#breadcrumb"},"inLanguage":"de","potentialAction":[{"@type":"ReadAction","target":["https:\/\/revolutionpadelstore.com\/de\/produkt\/lok-maxx-hype\/"]}]},{"@type":"ImageObject","inLanguage":"de","@id":"https:\/\/revolutionpadelstore.com\/de\/produkt\/lok-maxx-hype\/#primaryimage","url":"https:\/\/revolutionpadelstore.com\/wp-content\/uploads\/2024\/04\/pala-lok-maxx-hype-1-800x800-1.jpg","contentUrl":"https:\/\/revolutionpadelstore.com\/wp-content\/uploads\/2024\/04\/pala-lok-maxx-hype-1-800x800-1.jpg","width":800,"height":800},{"@type":"BreadcrumbList","@id":"https:\/\/revolutionpadelstore.com\/de\/produkt\/lok-maxx-hype\/#breadcrumb","itemListElement":[{"@type":"ListItem","position":1,"name":"Portada","item":"https:\/\/revolutionpadelstore.com\/de\/"},{"@type":"ListItem","position":2,"name":"Shop","item":"https:\/\/revolutionpadelstore.com\/de\/tienda\/"},{"@type":"ListItem","position":3,"name":"LOK MAXX HYPE"}]},{"@type":"WebSite","@id":"https:\/\/revolutionpadelstore.com\/de\/#website","url":"https:\/\/revolutionpadelstore.com\/de\/","name":"Revolution Padel Store","description":"","publisher":{"@id":"https:\/\/revolutionpadelstore.com\/de\/#organization"},"potentialAction":[{"@type":"SearchAction","target":{"@type":"EntryPoint","urlTemplate":"https:\/\/revolutionpadelstore.com\/de\/?s={search_term_string}"},"query-input":{"@type":"PropertyValueSpecification","valueRequired":true,"valueName":"search_term_string"}}],"inLanguage":"de"},{"@type":"Organization","@id":"https:\/\/revolutionpadelstore.com\/de\/#organization","name":"Revolution Padel Store","url":"https:\/\/revolutionpadelstore.com\/de\/","logo":{"@type":"ImageObject","inLanguage":"de","@id":"https:\/\/revolutionpadelstore.com\/de\/#\/schema\/logo\/image\/","url":"https:\/\/revolutionpadelstore.com\/wp-content\/uploads\/2026\/02\/revolution-padel-store.jpg","contentUrl":"https:\/\/revolutionpadelstore.com\/wp-content\/uploads\/2026\/02\/revolution-padel-store.jpg","width":2000,"height":2000,"caption":"Revolution Padel Store"},"image":{"@id":"https:\/\/revolutionpadelstore.com\/de\/#\/schema\/logo\/image\/"},"sameAs":["https:\/\/www.instagram.com\/revolutionpadelstore\/"]}]}},"_links":{"self":[{"href":"https:\/\/revolutionpadelstore.com\/de\/wp-json\/wp\/v2\/product\/19702","targetHints":{"allow":["GET"]}}],"collection":[{"href":"https:\/\/revolutionpadelstore.com\/de\/wp-json\/wp\/v2\/product"}],"about":[{"href":"https:\/\/revolutionpadelstore.com\/de\/wp-json\/wp\/v2\/types\/product"}],"replies":[{"embeddable":true,"href":"https:\/\/revolutionpadelstore.com\/de\/wp-json\/wp\/v2\/comments?post=19702"}],"wp:featuredmedia":[{"embeddable":true,"href":"https:\/\/revolutionpadelstore.com\/de\/wp-json\/wp\/v2\/media\/50157"}],"wp:attachment":[{"href":"https:\/\/revolutionpadelstore.com\/de\/wp-json\/wp\/v2\/media?parent=19702"}],"wp:term":[{"taxonomy":"acabado","embeddable":true,"href":"https:\/\/revolutionpadelstore.com\/de\/wp-json\/wp\/v2\/acabado?post=19702"},{"taxonomy":"balance","embeddable":true,"href":"https:\/\/revolutionpadelstore.com\/de\/wp-json\/wp\/v2\/balance?post=19702"},{"taxonomy":"dureza","embeddable":true,"href":"https:\/\/revolutionpadelstore.com\/de\/wp-json\/wp\/v2\/dureza?post=19702"},{"taxonomy":"forma","embeddable":true,"href":"https:\/\/revolutionpadelstore.com\/de\/wp-json\/wp\/v2\/forma?post=19702"},{"taxonomy":"jugador","embeddable":true,"href":"https:\/\/revolutionpadelstore.com\/de\/wp-json\/wp\/v2\/jugador?post=19702"},{"taxonomy":"marca","embeddable":true,"href":"https:\/\/revolutionpadelstore.com\/de\/wp-json\/wp\/v2\/marca?post=19702"},{"taxonomy":"nivel-de-juego","embeddable":true,"href":"https:\/\/revolutionpadelstore.com\/de\/wp-json\/wp\/v2\/nivel-de-juego?post=19702"},{"taxonomy":"superficie","embeddable":true,"href":"https:\/\/revolutionpadelstore.com\/de\/wp-json\/wp\/v2\/superficie?post=19702"},{"taxonomy":"tipo-de-juego","embeddable":true,"href":"https:\/\/revolutionpadelstore.com\/de\/wp-json\/wp\/v2\/tipo-de-juego?post=19702"},{"taxonomy":"product_brand","embeddable":true,"href":"https:\/\/revolutionpadelstore.com\/de\/wp-json\/wp\/v2\/product_brand?post=19702"},{"taxonomy":"product_cat","embeddable":true,"href":"https:\/\/revolutionpadelstore.com\/de\/wp-json\/wp\/v2\/product_cat?post=19702"},{"taxonomy":"product_tag","embeddable":true,"href":"https:\/\/revolutionpadelstore.com\/de\/wp-json\/wp\/v2\/product_tag?post=19702"}],"curies":[{"name":"wp","href":"https:\/\/api.w.org\/{rel}","templated":true}]}}