{"id":19697,"date":"2024-04-11T07:59:01","date_gmt":"2024-04-11T05:59:01","guid":{"rendered":"https:\/\/revolutionpadelstore.com\/lok-carb-on-flow\/"},"modified":"2026-04-01T10:58:28","modified_gmt":"2026-04-01T08:58:28","slug":"lok-carb-on-flow-1","status":"publish","type":"product","link":"https:\/\/revolutionpadelstore.com\/de\/produkt\/lok-carb-on-flow-1\/","title":{"rendered":"LOK CARB-ON FLOW"},"content":{"rendered":"<p>Der Carb-On Flow-Schl\u00e4ger ist ein Schl\u00e4ger mit einer au\u00dfergew\u00f6hnlichen Balance zwischen Kraft und Kontrolle, unterst\u00fctzt durch fortschrittliche Technologien und ein innovatives Design.<br \/>\nEines der herausragenden Merkmale des Carbon-On Flow ist sein asymmetrisches Herz, eine Technologie, die die Gewichtsverteilung auf dem Schl\u00e4ger optimiert, um die Man\u00f6vrierf\u00e4higkeit und Stabilit\u00e4t bei jedem Schlag zu verbessern.<br \/>\nDies erm\u00f6glicht eine schnellere und pr\u00e4zisere Reaktion auf dem Platz, was zu effektiveren und gleichm\u00e4\u00dfigeren Schl\u00e4gen f\u00fchrt.<br \/>\nDer Schl\u00e4ger hat eine C6-Carbon-Oberfl\u00e4che, die in drei verschiedenen Ebenen angeordnet ist, was ihn zu einem Power-Schl\u00e4ger macht, aber seine runde Form sorgt dank des Sweet Spots und der Balance in der Mitte f\u00fcr eine sehr hohe Kontrolle.<br \/>\nDar\u00fcber hinaus verf\u00fcgt dieser Schl\u00e4ger \u00fcber die exklusiven 3D-Spin-Lines, strategisch auf der Schlagfl\u00e4che platzierte Linien, die die Rotation des Balls beim Aufprall verst\u00e4rken.<br \/>\nEin weiterer Aspekt ist das Gradual Face-Design, das aus einer Schlagfl\u00e4che mit einer speziellen Funktion zur Reduzierung von Vibrationen bei Schl\u00e4gen besteht.<br \/>\nEs handelt sich um einen Schl\u00e4ger, der sich durch seine Carbon-Verst\u00e4rkungstechnologie auszeichnet, die aus der strategischen Einarbeitung zus\u00e4tzlicher Carbonschichten an wichtigen Stellen des Rahmens besteht.<br \/>\nDiese Verst\u00e4rkungen erh\u00f6hen nicht nur die Steifigkeit und Haltbarkeit des Schl\u00e4gers, sondern verbessern auch die Energie\u00fcbertragung bei jedem Schlag, was zu mehr Kraft und Stabilit\u00e4t auf dem Platz f\u00fchrt.<br \/>\nEs verf\u00fcgt au\u00dferdem \u00fcber ein Dynamic Holes System, eine progressive Anordnung von L\u00f6chern unterschiedlicher Gr\u00f6\u00dfe, die dem Schlag Kraft verleihen.<br \/>\nEs verf\u00fcgt au\u00dferdem \u00fcber Carbonverst\u00e4rkungen und ein verstellbares Armband namens Confort Wristband.<br \/>\nSeine runde Form bedeutet, dass seine Balance und sein Sweet Spot oben liegen, was ihn zu einem Schl\u00e4ger macht, der sich auf Angriffsschl\u00e4ge konzentriert.<\/p>\n","protected":false},"excerpt":{"rendered":"<p>Der Lok Carb-on Flow 2024 Schl\u00e4ger f\u00fcr fortgeschrittene Spieler, ein runder Schl\u00e4ger, der einfach zu handhaben ist. Die Oberfl\u00e4che besteht aus Carbon C6-Kohlefaser. Auf der gleichen Oberfl\u00e4che verf\u00fcgt dieser Schl\u00e4ger \u00fcber das Gradual Face-Design, das Vibrationen reduziert und eine bessere Kraft\u00fcbertragung beim Schlagen erm\u00f6glicht. Als ob das nicht genug w\u00e4re, ist der gesamte Rahmen mit Carbonverst\u00e4rkungen versehen, um die Steifigkeit und Widerstandsf\u00e4higkeit zu erh\u00f6hen<\/p>\n","protected":false},"featured_media":4301,"comment_status":"open","ping_status":"closed","template":"","meta":{"_acf_changed":false,"_joinchat":[]},"acabado":[1089],"balance":[1139],"dureza":[1154],"forma":[1179],"jugador":[1189,1199],"marca":[1314],"nivel-de-juego":[1349,1334],"superficie":[1359],"tipo-de-juego":[1369],"product_brand":[],"product_cat":[299],"product_tag":[],"class_list":{"0":"post-19697","1":"product","2":"type-product","3":"status-publish","4":"has-post-thumbnail","6":"acabado-3d-entlasten","7":"balance-mittel","8":"dureza-media-de","9":"forma-rund","10":"jugador-mann","11":"jugador-mehrzweck","12":"marca-lok-de","13":"superficie-rugosa-de","14":"tipo-de-juego-kontrolle","15":"product_cat-palas-de-padel-de","17":"first","18":"instock","19":"taxable","20":"shipping-taxable","21":"purchasable","22":"product-type-simple"},"acf":[],"yoast_head":"<!-- This site is optimized with the Yoast SEO plugin v27.3 - https:\/\/yoast.com\/product\/yoast-seo-wordpress\/ -->\n<title>LOK CARB-ON FLOW - Revolution Padel Store<\/title>\n<meta name=\"description\" content=\"La pala Lok Carb-on Flow 2024 para jugadores de nivel intermedio una pala de forma redonda y de manejo f\u00e1cil. Est\u00e1 fabricada con fibra de carbono Carbon C6 en la superficie. En la misma superficie, esta pala incorpora el dise\u00f1o Gradual Face, que reduce las vibraciones y permite una mayor transferencia de fuerza en el golpeo. Por si fuera poco, presenta refuerzos de carbono por todo el marco para incrementar la rigidez y su resistencia\" \/>\n<meta name=\"robots\" content=\"index, follow, max-snippet:-1, max-image-preview:large, max-video-preview:-1\" \/>\n<link rel=\"canonical\" href=\"https:\/\/revolutionpadelstore.com\/de\/produkt\/lok-carb-on-flow-1\/\" \/>\n<meta property=\"og:locale\" content=\"de_DE\" \/>\n<meta property=\"og:type\" content=\"article\" \/>\n<meta property=\"og:title\" content=\"COMPRAR LOK CARB-ON FLOW\" \/>\n<meta property=\"og:description\" content=\"La pala Lok Carb-on Flow 2024 para jugadores de nivel intermedio una pala de forma redonda y de manejo f\u00e1cil. Est\u00e1 fabricada con fibra de carbono Carbon C6 en la superficie. En la misma superficie, esta pala incorpora el dise\u00f1o Gradual Face, que reduce las vibraciones y permite una mayor transferencia de fuerza en el golpeo. Por si fuera poco, presenta refuerzos de carbono por todo el marco para incrementar la rigidez y su resistencia\" \/>\n<meta property=\"og:url\" content=\"https:\/\/revolutionpadelstore.com\/de\/produkt\/lok-carb-on-flow-1\/\" \/>\n<meta property=\"og:site_name\" content=\"Revolution Padel Store\" \/>\n<meta property=\"article:modified_time\" content=\"2026-04-01T08:58:28+00:00\" \/>\n<meta property=\"og:image\" content=\"https:\/\/revolutionpadelstore.com\/wp-content\/uploads\/2024\/04\/pala-lok-carb-on-flow-1-800x800-2.webp\" \/>\n\t<meta property=\"og:image:width\" content=\"800\" \/>\n\t<meta property=\"og:image:height\" content=\"800\" \/>\n\t<meta property=\"og:image:type\" content=\"image\/webp\" \/>\n<meta name=\"twitter:card\" content=\"summary_large_image\" \/>\n<meta name=\"twitter:label1\" content=\"Gesch\u00e4tzte Lesezeit\" \/>\n\t<meta name=\"twitter:data1\" content=\"2\u00a0Minuten\" \/>\n<script type=\"application\/ld+json\" class=\"yoast-schema-graph\">{\"@context\":\"https:\\\/\\\/schema.org\",\"@graph\":[{\"@type\":\"WebPage\",\"@id\":\"https:\\\/\\\/revolutionpadelstore.com\\\/de\\\/produkt\\\/lok-carb-on-flow-1\\\/\",\"url\":\"https:\\\/\\\/revolutionpadelstore.com\\\/de\\\/produkt\\\/lok-carb-on-flow-1\\\/\",\"name\":\"LOK CARB-ON FLOW - Revolution Padel Store\",\"isPartOf\":{\"@id\":\"https:\\\/\\\/revolutionpadelstore.com\\\/de\\\/#website\"},\"primaryImageOfPage\":{\"@id\":\"https:\\\/\\\/revolutionpadelstore.com\\\/de\\\/produkt\\\/lok-carb-on-flow-1\\\/#primaryimage\"},\"image\":{\"@id\":\"https:\\\/\\\/revolutionpadelstore.com\\\/de\\\/produkt\\\/lok-carb-on-flow-1\\\/#primaryimage\"},\"thumbnailUrl\":\"https:\\\/\\\/revolutionpadelstore.com\\\/wp-content\\\/uploads\\\/2024\\\/04\\\/pala-lok-carb-on-flow-1-800x800-1.webp\",\"datePublished\":\"2024-04-11T05:59:01+00:00\",\"dateModified\":\"2026-04-01T08:58:28+00:00\",\"description\":\"La pala Lok Carb-on Flow 2024 para jugadores de nivel intermedio una pala de forma redonda y de manejo f\u00e1cil. Est\u00e1 fabricada con fibra de carbono Carbon C6 en la superficie. En la misma superficie, esta pala incorpora el dise\u00f1o Gradual Face, que reduce las vibraciones y permite una mayor transferencia de fuerza en el golpeo. Por si fuera poco, presenta refuerzos de carbono por todo el marco para incrementar la rigidez y su resistencia\",\"breadcrumb\":{\"@id\":\"https:\\\/\\\/revolutionpadelstore.com\\\/de\\\/produkt\\\/lok-carb-on-flow-1\\\/#breadcrumb\"},\"inLanguage\":\"de\",\"potentialAction\":[{\"@type\":\"ReadAction\",\"target\":[\"https:\\\/\\\/revolutionpadelstore.com\\\/de\\\/produkt\\\/lok-carb-on-flow-1\\\/\"]}]},{\"@type\":\"ImageObject\",\"inLanguage\":\"de\",\"@id\":\"https:\\\/\\\/revolutionpadelstore.com\\\/de\\\/produkt\\\/lok-carb-on-flow-1\\\/#primaryimage\",\"url\":\"https:\\\/\\\/revolutionpadelstore.com\\\/wp-content\\\/uploads\\\/2024\\\/04\\\/pala-lok-carb-on-flow-1-800x800-1.webp\",\"contentUrl\":\"https:\\\/\\\/revolutionpadelstore.com\\\/wp-content\\\/uploads\\\/2024\\\/04\\\/pala-lok-carb-on-flow-1-800x800-1.webp\",\"width\":800,\"height\":800},{\"@type\":\"BreadcrumbList\",\"@id\":\"https:\\\/\\\/revolutionpadelstore.com\\\/de\\\/produkt\\\/lok-carb-on-flow-1\\\/#breadcrumb\",\"itemListElement\":[{\"@type\":\"ListItem\",\"position\":1,\"name\":\"Portada\",\"item\":\"https:\\\/\\\/revolutionpadelstore.com\\\/de\\\/\"},{\"@type\":\"ListItem\",\"position\":2,\"name\":\"Shop\",\"item\":\"https:\\\/\\\/revolutionpadelstore.com\\\/de\\\/tienda\\\/\"},{\"@type\":\"ListItem\",\"position\":3,\"name\":\"LOK CARB-ON FLOW\"}]},{\"@type\":\"WebSite\",\"@id\":\"https:\\\/\\\/revolutionpadelstore.com\\\/de\\\/#website\",\"url\":\"https:\\\/\\\/revolutionpadelstore.com\\\/de\\\/\",\"name\":\"Revolution Padel Store\",\"description\":\"\",\"publisher\":{\"@id\":\"https:\\\/\\\/revolutionpadelstore.com\\\/de\\\/#organization\"},\"potentialAction\":[{\"@type\":\"SearchAction\",\"target\":{\"@type\":\"EntryPoint\",\"urlTemplate\":\"https:\\\/\\\/revolutionpadelstore.com\\\/de\\\/?s={search_term_string}\"},\"query-input\":{\"@type\":\"PropertyValueSpecification\",\"valueRequired\":true,\"valueName\":\"search_term_string\"}}],\"inLanguage\":\"de\"},{\"@type\":\"Organization\",\"@id\":\"https:\\\/\\\/revolutionpadelstore.com\\\/de\\\/#organization\",\"name\":\"Revolution Padel Store\",\"url\":\"https:\\\/\\\/revolutionpadelstore.com\\\/de\\\/\",\"logo\":{\"@type\":\"ImageObject\",\"inLanguage\":\"de\",\"@id\":\"https:\\\/\\\/revolutionpadelstore.com\\\/de\\\/#\\\/schema\\\/logo\\\/image\\\/\",\"url\":\"https:\\\/\\\/revolutionpadelstore.com\\\/wp-content\\\/uploads\\\/2026\\\/02\\\/revolution-padel-store.jpg\",\"contentUrl\":\"https:\\\/\\\/revolutionpadelstore.com\\\/wp-content\\\/uploads\\\/2026\\\/02\\\/revolution-padel-store.jpg\",\"width\":2000,\"height\":2000,\"caption\":\"Revolution Padel Store\"},\"image\":{\"@id\":\"https:\\\/\\\/revolutionpadelstore.com\\\/de\\\/#\\\/schema\\\/logo\\\/image\\\/\"},\"sameAs\":[\"https:\\\/\\\/www.instagram.com\\\/revolutionpadelstore\\\/\"]}]}<\/script>\n<!-- \/ Yoast SEO plugin. -->","yoast_head_json":{"title":"LOK CARB-ON FLOW - Revolution Padel Store","description":"La pala Lok Carb-on Flow 2024 para jugadores de nivel intermedio una pala de forma redonda y de manejo f\u00e1cil. Est\u00e1 fabricada con fibra de carbono Carbon C6 en la superficie. En la misma superficie, esta pala incorpora el dise\u00f1o Gradual Face, que reduce las vibraciones y permite una mayor transferencia de fuerza en el golpeo. Por si fuera poco, presenta refuerzos de carbono por todo el marco para incrementar la rigidez y su resistencia","robots":{"index":"index","follow":"follow","max-snippet":"max-snippet:-1","max-image-preview":"max-image-preview:large","max-video-preview":"max-video-preview:-1"},"canonical":"https:\/\/revolutionpadelstore.com\/de\/produkt\/lok-carb-on-flow-1\/","og_locale":"de_DE","og_type":"article","og_title":"COMPRAR LOK CARB-ON FLOW","og_description":"La pala Lok Carb-on Flow 2024 para jugadores de nivel intermedio una pala de forma redonda y de manejo f\u00e1cil. Est\u00e1 fabricada con fibra de carbono Carbon C6 en la superficie. En la misma superficie, esta pala incorpora el dise\u00f1o Gradual Face, que reduce las vibraciones y permite una mayor transferencia de fuerza en el golpeo. Por si fuera poco, presenta refuerzos de carbono por todo el marco para incrementar la rigidez y su resistencia","og_url":"https:\/\/revolutionpadelstore.com\/de\/produkt\/lok-carb-on-flow-1\/","og_site_name":"Revolution Padel Store","article_modified_time":"2026-04-01T08:58:28+00:00","og_image":[{"width":800,"height":800,"url":"https:\/\/revolutionpadelstore.com\/wp-content\/uploads\/2024\/04\/pala-lok-carb-on-flow-1-800x800-2.webp","type":"image\/webp"}],"twitter_card":"summary_large_image","twitter_misc":{"Gesch\u00e4tzte Lesezeit":"2\u00a0Minuten"},"schema":{"@context":"https:\/\/schema.org","@graph":[{"@type":"WebPage","@id":"https:\/\/revolutionpadelstore.com\/de\/produkt\/lok-carb-on-flow-1\/","url":"https:\/\/revolutionpadelstore.com\/de\/produkt\/lok-carb-on-flow-1\/","name":"LOK CARB-ON FLOW - Revolution Padel Store","isPartOf":{"@id":"https:\/\/revolutionpadelstore.com\/de\/#website"},"primaryImageOfPage":{"@id":"https:\/\/revolutionpadelstore.com\/de\/produkt\/lok-carb-on-flow-1\/#primaryimage"},"image":{"@id":"https:\/\/revolutionpadelstore.com\/de\/produkt\/lok-carb-on-flow-1\/#primaryimage"},"thumbnailUrl":"https:\/\/revolutionpadelstore.com\/wp-content\/uploads\/2024\/04\/pala-lok-carb-on-flow-1-800x800-1.webp","datePublished":"2024-04-11T05:59:01+00:00","dateModified":"2026-04-01T08:58:28+00:00","description":"La pala Lok Carb-on Flow 2024 para jugadores de nivel intermedio una pala de forma redonda y de manejo f\u00e1cil. Est\u00e1 fabricada con fibra de carbono Carbon C6 en la superficie. En la misma superficie, esta pala incorpora el dise\u00f1o Gradual Face, que reduce las vibraciones y permite una mayor transferencia de fuerza en el golpeo. Por si fuera poco, presenta refuerzos de carbono por todo el marco para incrementar la rigidez y su resistencia","breadcrumb":{"@id":"https:\/\/revolutionpadelstore.com\/de\/produkt\/lok-carb-on-flow-1\/#breadcrumb"},"inLanguage":"de","potentialAction":[{"@type":"ReadAction","target":["https:\/\/revolutionpadelstore.com\/de\/produkt\/lok-carb-on-flow-1\/"]}]},{"@type":"ImageObject","inLanguage":"de","@id":"https:\/\/revolutionpadelstore.com\/de\/produkt\/lok-carb-on-flow-1\/#primaryimage","url":"https:\/\/revolutionpadelstore.com\/wp-content\/uploads\/2024\/04\/pala-lok-carb-on-flow-1-800x800-1.webp","contentUrl":"https:\/\/revolutionpadelstore.com\/wp-content\/uploads\/2024\/04\/pala-lok-carb-on-flow-1-800x800-1.webp","width":800,"height":800},{"@type":"BreadcrumbList","@id":"https:\/\/revolutionpadelstore.com\/de\/produkt\/lok-carb-on-flow-1\/#breadcrumb","itemListElement":[{"@type":"ListItem","position":1,"name":"Portada","item":"https:\/\/revolutionpadelstore.com\/de\/"},{"@type":"ListItem","position":2,"name":"Shop","item":"https:\/\/revolutionpadelstore.com\/de\/tienda\/"},{"@type":"ListItem","position":3,"name":"LOK CARB-ON FLOW"}]},{"@type":"WebSite","@id":"https:\/\/revolutionpadelstore.com\/de\/#website","url":"https:\/\/revolutionpadelstore.com\/de\/","name":"Revolution Padel Store","description":"","publisher":{"@id":"https:\/\/revolutionpadelstore.com\/de\/#organization"},"potentialAction":[{"@type":"SearchAction","target":{"@type":"EntryPoint","urlTemplate":"https:\/\/revolutionpadelstore.com\/de\/?s={search_term_string}"},"query-input":{"@type":"PropertyValueSpecification","valueRequired":true,"valueName":"search_term_string"}}],"inLanguage":"de"},{"@type":"Organization","@id":"https:\/\/revolutionpadelstore.com\/de\/#organization","name":"Revolution Padel Store","url":"https:\/\/revolutionpadelstore.com\/de\/","logo":{"@type":"ImageObject","inLanguage":"de","@id":"https:\/\/revolutionpadelstore.com\/de\/#\/schema\/logo\/image\/","url":"https:\/\/revolutionpadelstore.com\/wp-content\/uploads\/2026\/02\/revolution-padel-store.jpg","contentUrl":"https:\/\/revolutionpadelstore.com\/wp-content\/uploads\/2026\/02\/revolution-padel-store.jpg","width":2000,"height":2000,"caption":"Revolution Padel Store"},"image":{"@id":"https:\/\/revolutionpadelstore.com\/de\/#\/schema\/logo\/image\/"},"sameAs":["https:\/\/www.instagram.com\/revolutionpadelstore\/"]}]}},"_links":{"self":[{"href":"https:\/\/revolutionpadelstore.com\/de\/wp-json\/wp\/v2\/product\/19697","targetHints":{"allow":["GET"]}}],"collection":[{"href":"https:\/\/revolutionpadelstore.com\/de\/wp-json\/wp\/v2\/product"}],"about":[{"href":"https:\/\/revolutionpadelstore.com\/de\/wp-json\/wp\/v2\/types\/product"}],"replies":[{"embeddable":true,"href":"https:\/\/revolutionpadelstore.com\/de\/wp-json\/wp\/v2\/comments?post=19697"}],"wp:featuredmedia":[{"embeddable":true,"href":"https:\/\/revolutionpadelstore.com\/de\/wp-json\/wp\/v2\/media\/4301"}],"wp:attachment":[{"href":"https:\/\/revolutionpadelstore.com\/de\/wp-json\/wp\/v2\/media?parent=19697"}],"wp:term":[{"taxonomy":"acabado","embeddable":true,"href":"https:\/\/revolutionpadelstore.com\/de\/wp-json\/wp\/v2\/acabado?post=19697"},{"taxonomy":"balance","embeddable":true,"href":"https:\/\/revolutionpadelstore.com\/de\/wp-json\/wp\/v2\/balance?post=19697"},{"taxonomy":"dureza","embeddable":true,"href":"https:\/\/revolutionpadelstore.com\/de\/wp-json\/wp\/v2\/dureza?post=19697"},{"taxonomy":"forma","embeddable":true,"href":"https:\/\/revolutionpadelstore.com\/de\/wp-json\/wp\/v2\/forma?post=19697"},{"taxonomy":"jugador","embeddable":true,"href":"https:\/\/revolutionpadelstore.com\/de\/wp-json\/wp\/v2\/jugador?post=19697"},{"taxonomy":"marca","embeddable":true,"href":"https:\/\/revolutionpadelstore.com\/de\/wp-json\/wp\/v2\/marca?post=19697"},{"taxonomy":"nivel-de-juego","embeddable":true,"href":"https:\/\/revolutionpadelstore.com\/de\/wp-json\/wp\/v2\/nivel-de-juego?post=19697"},{"taxonomy":"superficie","embeddable":true,"href":"https:\/\/revolutionpadelstore.com\/de\/wp-json\/wp\/v2\/superficie?post=19697"},{"taxonomy":"tipo-de-juego","embeddable":true,"href":"https:\/\/revolutionpadelstore.com\/de\/wp-json\/wp\/v2\/tipo-de-juego?post=19697"},{"taxonomy":"product_brand","embeddable":true,"href":"https:\/\/revolutionpadelstore.com\/de\/wp-json\/wp\/v2\/product_brand?post=19697"},{"taxonomy":"product_cat","embeddable":true,"href":"https:\/\/revolutionpadelstore.com\/de\/wp-json\/wp\/v2\/product_cat?post=19697"},{"taxonomy":"product_tag","embeddable":true,"href":"https:\/\/revolutionpadelstore.com\/de\/wp-json\/wp\/v2\/product_tag?post=19697"}],"curies":[{"name":"wp","href":"https:\/\/api.w.org\/{rel}","templated":true}]}}