{"id":19692,"date":"2024-04-11T08:17:24","date_gmt":"2024-04-11T06:17:24","guid":{"rendered":"https:\/\/revolutionpadelstore.com\/lok-carb-on-hype\/"},"modified":"2026-04-01T10:57:56","modified_gmt":"2026-04-01T08:57:56","slug":"lok-carb-on-hype","status":"publish","type":"product","link":"https:\/\/revolutionpadelstore.com\/de\/produkt\/lok-carb-on-hype\/","title":{"rendered":"LOK CARB-ON HYPE"},"content":{"rendered":"<p>Der Carbon-On Hype-Schl\u00e4ger ist eine hochmoderne Option f\u00fcr fortgeschrittene Padelspieler, die ein perfektes Gleichgewicht zwischen Kraft und Kontrolle suchen, unterst\u00fctzt durch innovative Technologien und sorgf\u00e4ltiges Design.<br \/>\nEines der herausragenden Merkmale des Carbon-On Hype ist sein asymmetrisches Herz, eine Technologie, die die Gewichtsverteilung auf dem Schl\u00e4ger optimiert, um die Man\u00f6vrierf\u00e4higkeit und Stabilit\u00e4t bei jedem Schlag zu verbessern.<br \/>\nDer Schl\u00e4ger verf\u00fcgt \u00fcber eine C6-Carbon-Oberfl\u00e4che, die in drei verschiedenen Ebenen angeordnet ist, was ihn zu einem Power-Schl\u00e4ger macht.<br \/>\nEr verf\u00fcgt au\u00dferdem \u00fcber das Gradual Face-System, das aus einem Schlagfl\u00e4chendesign mit einer abgestuften Form an der Au\u00dfenseite besteht, um Vibrationen beim Ballaufprall zu reduzieren.<br \/>\nDar\u00fcber hinaus verf\u00fcgt der Schl\u00e4ger \u00fcber die exklusiven 3D-Spin-Lines, strategisch auf der Schlagfl\u00e4che platzierte Linien, die die Rotation des Balls beim Aufprall verst\u00e4rken.<br \/>\nEs verf\u00fcgt au\u00dferdem \u00fcber ein Dynamic Holes System, eine progressive Anordnung von L\u00f6chern unterschiedlicher Gr\u00f6\u00dfe, die dem Schlag Kraft verleihen.<br \/>\nEs verf\u00fcgt au\u00dferdem \u00fcber Carbonverst\u00e4rkungen und ein verstellbares Armband namens Confort Wristband.<br \/>\nSeine Rautenform bedeutet, dass seine Balance und sein Sweet Spot oben liegen, was ihn zu einem Schl\u00e4ger macht, der sich auf Angriffsschl\u00e4ge konzentriert.<\/p>\n","protected":false},"excerpt":{"rendered":"<p>Lok Carb-on Hype 2024 Schl\u00e4ger mit Diamantformat und mittelhohem Sweetspot. Apropos<br \/>\nBei der Zusammensetzung ist C6 Carbon das vorherrschende Material, das die gesamte Oberfl\u00e4che der Klinge in drei verschiedenen Ebenen bedeckt. Diese Mischung vervollst\u00e4ndigt zusammen mit der Gradual Face-Technologie zur Vibrationsreduzierung einen tugendhaften Schl\u00e4ger f\u00fcr kraftvolle Schl\u00e4ge. Dar\u00fcber hinaus tr\u00e4gt die Anordnung der L\u00f6cher der Dynamic Holes System-Technologie auch dazu bei, die Kraft im Angriffsspiel zu kanalisieren.<\/p>\n","protected":false},"featured_media":50101,"comment_status":"open","ping_status":"closed","template":"","meta":{"_acf_changed":false,"_joinchat":[]},"acabado":[1089,1079],"balance":[1134,1139],"dureza":[1154],"forma":[1169],"jugador":[1189,1199],"marca":[1314],"nivel-de-juego":[1349,1334],"superficie":[1359],"tipo-de-juego":[1379,1374],"product_brand":[],"product_cat":[299],"product_tag":[],"class_list":{"0":"post-19692","1":"product","2":"type-product","3":"status-publish","4":"has-post-thumbnail","6":"acabado-3d-entlasten","7":"acabado-helligkeit","8":"balance-hoch","9":"balance-mittel","10":"dureza-media-de","11":"forma-diamante-de","12":"jugador-mann","13":"jugador-mehrzweck","14":"marca-lok-de","15":"superficie-rugosa-de","16":"tipo-de-juego-angriff","17":"tipo-de-juego-leistung","18":"product_cat-palas-de-padel-de","20":"first","21":"instock","22":"taxable","23":"shipping-taxable","24":"purchasable","25":"product-type-simple"},"acf":[],"yoast_head":"<!-- This site is optimized with the Yoast SEO plugin v27.3 - https:\/\/yoast.com\/product\/yoast-seo-wordpress\/ -->\n<title>LOK CARB-ON HYPE - Revolution Padel Store<\/title>\n<meta name=\"description\" content=\"Pala Lok Carb-on Hype 2024 de formato diamante y punto dulce medio-alto. En cuanto acomposici\u00f3n, el material preponderante es el Carbono C6 que abarca toda la superficie de la pala mediante tres planos distintos. Este compuesto, junto con la tecnolog\u00eda Gradual Face para la reducci\u00f3n de la vibraci\u00f3n, completan una pala virtuosa en los golpes potentes. Adem\u00e1s, la disposici\u00f3n de los agujeros de la tecnolog\u00eda Dynamic Holes System trabaja tambi\u00e9n en la canalizaci\u00f3n de la potencia en el juego de ataque.\" \/>\n<meta name=\"robots\" content=\"index, follow, max-snippet:-1, max-image-preview:large, max-video-preview:-1\" \/>\n<link rel=\"canonical\" href=\"https:\/\/revolutionpadelstore.com\/de\/produkt\/lok-carb-on-hype\/\" \/>\n<meta property=\"og:locale\" content=\"de_DE\" \/>\n<meta property=\"og:type\" content=\"article\" \/>\n<meta property=\"og:title\" content=\"COMPRAR LOK CARB-ON HYPE\" \/>\n<meta property=\"og:description\" content=\"Pala Lok Carb-on Hype 2024 de formato diamante y punto dulce medio-alto. En cuanto acomposici\u00f3n, el material preponderante es el Carbono C6 que abarca toda la superficie de la pala mediante tres planos distintos. Este compuesto, junto con la tecnolog\u00eda Gradual Face para la reducci\u00f3n de la vibraci\u00f3n, completan una pala virtuosa en los golpes potentes. Adem\u00e1s, la disposici\u00f3n de los agujeros de la tecnolog\u00eda Dynamic Holes System trabaja tambi\u00e9n en la canalizaci\u00f3n de la potencia en el juego de ataque.\" \/>\n<meta property=\"og:url\" content=\"https:\/\/revolutionpadelstore.com\/de\/produkt\/lok-carb-on-hype\/\" \/>\n<meta property=\"og:site_name\" content=\"Revolution Padel Store\" \/>\n<meta property=\"article:modified_time\" content=\"2026-04-01T08:57:56+00:00\" \/>\n<meta property=\"og:image\" content=\"https:\/\/revolutionpadelstore.com\/wp-content\/uploads\/2024\/04\/pala-lok-carb-on-hype-1-800x800-1.jpg\" \/>\n\t<meta property=\"og:image:width\" content=\"800\" \/>\n\t<meta property=\"og:image:height\" content=\"800\" \/>\n\t<meta property=\"og:image:type\" content=\"image\/jpeg\" \/>\n<meta name=\"twitter:card\" content=\"summary_large_image\" \/>\n<meta name=\"twitter:label1\" content=\"Gesch\u00e4tzte Lesezeit\" \/>\n\t<meta name=\"twitter:data1\" content=\"2\u00a0Minuten\" \/>\n<script type=\"application\/ld+json\" class=\"yoast-schema-graph\">{\"@context\":\"https:\\\/\\\/schema.org\",\"@graph\":[{\"@type\":\"WebPage\",\"@id\":\"https:\\\/\\\/revolutionpadelstore.com\\\/de\\\/produkt\\\/lok-carb-on-hype\\\/\",\"url\":\"https:\\\/\\\/revolutionpadelstore.com\\\/de\\\/produkt\\\/lok-carb-on-hype\\\/\",\"name\":\"LOK CARB-ON HYPE - Revolution Padel Store\",\"isPartOf\":{\"@id\":\"https:\\\/\\\/revolutionpadelstore.com\\\/de\\\/#website\"},\"primaryImageOfPage\":{\"@id\":\"https:\\\/\\\/revolutionpadelstore.com\\\/de\\\/produkt\\\/lok-carb-on-hype\\\/#primaryimage\"},\"image\":{\"@id\":\"https:\\\/\\\/revolutionpadelstore.com\\\/de\\\/produkt\\\/lok-carb-on-hype\\\/#primaryimage\"},\"thumbnailUrl\":\"https:\\\/\\\/revolutionpadelstore.com\\\/wp-content\\\/uploads\\\/2024\\\/04\\\/pala-lok-carb-on-hype-1-800x800-1.jpg\",\"datePublished\":\"2024-04-11T06:17:24+00:00\",\"dateModified\":\"2026-04-01T08:57:56+00:00\",\"description\":\"Pala Lok Carb-on Hype 2024 de formato diamante y punto dulce medio-alto. En cuanto acomposici\u00f3n, el material preponderante es el Carbono C6 que abarca toda la superficie de la pala mediante tres planos distintos. Este compuesto, junto con la tecnolog\u00eda Gradual Face para la reducci\u00f3n de la vibraci\u00f3n, completan una pala virtuosa en los golpes potentes. Adem\u00e1s, la disposici\u00f3n de los agujeros de la tecnolog\u00eda Dynamic Holes System trabaja tambi\u00e9n en la canalizaci\u00f3n de la potencia en el juego de ataque.\",\"breadcrumb\":{\"@id\":\"https:\\\/\\\/revolutionpadelstore.com\\\/de\\\/produkt\\\/lok-carb-on-hype\\\/#breadcrumb\"},\"inLanguage\":\"de\",\"potentialAction\":[{\"@type\":\"ReadAction\",\"target\":[\"https:\\\/\\\/revolutionpadelstore.com\\\/de\\\/produkt\\\/lok-carb-on-hype\\\/\"]}]},{\"@type\":\"ImageObject\",\"inLanguage\":\"de\",\"@id\":\"https:\\\/\\\/revolutionpadelstore.com\\\/de\\\/produkt\\\/lok-carb-on-hype\\\/#primaryimage\",\"url\":\"https:\\\/\\\/revolutionpadelstore.com\\\/wp-content\\\/uploads\\\/2024\\\/04\\\/pala-lok-carb-on-hype-1-800x800-1.jpg\",\"contentUrl\":\"https:\\\/\\\/revolutionpadelstore.com\\\/wp-content\\\/uploads\\\/2024\\\/04\\\/pala-lok-carb-on-hype-1-800x800-1.jpg\",\"width\":800,\"height\":800},{\"@type\":\"BreadcrumbList\",\"@id\":\"https:\\\/\\\/revolutionpadelstore.com\\\/de\\\/produkt\\\/lok-carb-on-hype\\\/#breadcrumb\",\"itemListElement\":[{\"@type\":\"ListItem\",\"position\":1,\"name\":\"Portada\",\"item\":\"https:\\\/\\\/revolutionpadelstore.com\\\/de\\\/\"},{\"@type\":\"ListItem\",\"position\":2,\"name\":\"Shop\",\"item\":\"https:\\\/\\\/revolutionpadelstore.com\\\/de\\\/tienda\\\/\"},{\"@type\":\"ListItem\",\"position\":3,\"name\":\"LOK CARB-ON HYPE\"}]},{\"@type\":\"WebSite\",\"@id\":\"https:\\\/\\\/revolutionpadelstore.com\\\/de\\\/#website\",\"url\":\"https:\\\/\\\/revolutionpadelstore.com\\\/de\\\/\",\"name\":\"Revolution Padel Store\",\"description\":\"\",\"publisher\":{\"@id\":\"https:\\\/\\\/revolutionpadelstore.com\\\/de\\\/#organization\"},\"potentialAction\":[{\"@type\":\"SearchAction\",\"target\":{\"@type\":\"EntryPoint\",\"urlTemplate\":\"https:\\\/\\\/revolutionpadelstore.com\\\/de\\\/?s={search_term_string}\"},\"query-input\":{\"@type\":\"PropertyValueSpecification\",\"valueRequired\":true,\"valueName\":\"search_term_string\"}}],\"inLanguage\":\"de\"},{\"@type\":\"Organization\",\"@id\":\"https:\\\/\\\/revolutionpadelstore.com\\\/de\\\/#organization\",\"name\":\"Revolution Padel Store\",\"url\":\"https:\\\/\\\/revolutionpadelstore.com\\\/de\\\/\",\"logo\":{\"@type\":\"ImageObject\",\"inLanguage\":\"de\",\"@id\":\"https:\\\/\\\/revolutionpadelstore.com\\\/de\\\/#\\\/schema\\\/logo\\\/image\\\/\",\"url\":\"https:\\\/\\\/revolutionpadelstore.com\\\/wp-content\\\/uploads\\\/2026\\\/02\\\/revolution-padel-store.jpg\",\"contentUrl\":\"https:\\\/\\\/revolutionpadelstore.com\\\/wp-content\\\/uploads\\\/2026\\\/02\\\/revolution-padel-store.jpg\",\"width\":2000,\"height\":2000,\"caption\":\"Revolution Padel Store\"},\"image\":{\"@id\":\"https:\\\/\\\/revolutionpadelstore.com\\\/de\\\/#\\\/schema\\\/logo\\\/image\\\/\"},\"sameAs\":[\"https:\\\/\\\/www.instagram.com\\\/revolutionpadelstore\\\/\"]}]}<\/script>\n<!-- \/ Yoast SEO plugin. -->","yoast_head_json":{"title":"LOK CARB-ON HYPE - Revolution Padel Store","description":"Pala Lok Carb-on Hype 2024 de formato diamante y punto dulce medio-alto. En cuanto acomposici\u00f3n, el material preponderante es el Carbono C6 que abarca toda la superficie de la pala mediante tres planos distintos. Este compuesto, junto con la tecnolog\u00eda Gradual Face para la reducci\u00f3n de la vibraci\u00f3n, completan una pala virtuosa en los golpes potentes. Adem\u00e1s, la disposici\u00f3n de los agujeros de la tecnolog\u00eda Dynamic Holes System trabaja tambi\u00e9n en la canalizaci\u00f3n de la potencia en el juego de ataque.","robots":{"index":"index","follow":"follow","max-snippet":"max-snippet:-1","max-image-preview":"max-image-preview:large","max-video-preview":"max-video-preview:-1"},"canonical":"https:\/\/revolutionpadelstore.com\/de\/produkt\/lok-carb-on-hype\/","og_locale":"de_DE","og_type":"article","og_title":"COMPRAR LOK CARB-ON HYPE","og_description":"Pala Lok Carb-on Hype 2024 de formato diamante y punto dulce medio-alto. En cuanto acomposici\u00f3n, el material preponderante es el Carbono C6 que abarca toda la superficie de la pala mediante tres planos distintos. Este compuesto, junto con la tecnolog\u00eda Gradual Face para la reducci\u00f3n de la vibraci\u00f3n, completan una pala virtuosa en los golpes potentes. Adem\u00e1s, la disposici\u00f3n de los agujeros de la tecnolog\u00eda Dynamic Holes System trabaja tambi\u00e9n en la canalizaci\u00f3n de la potencia en el juego de ataque.","og_url":"https:\/\/revolutionpadelstore.com\/de\/produkt\/lok-carb-on-hype\/","og_site_name":"Revolution Padel Store","article_modified_time":"2026-04-01T08:57:56+00:00","og_image":[{"width":800,"height":800,"url":"https:\/\/revolutionpadelstore.com\/wp-content\/uploads\/2024\/04\/pala-lok-carb-on-hype-1-800x800-1.jpg","type":"image\/jpeg"}],"twitter_card":"summary_large_image","twitter_misc":{"Gesch\u00e4tzte Lesezeit":"2\u00a0Minuten"},"schema":{"@context":"https:\/\/schema.org","@graph":[{"@type":"WebPage","@id":"https:\/\/revolutionpadelstore.com\/de\/produkt\/lok-carb-on-hype\/","url":"https:\/\/revolutionpadelstore.com\/de\/produkt\/lok-carb-on-hype\/","name":"LOK CARB-ON HYPE - Revolution Padel Store","isPartOf":{"@id":"https:\/\/revolutionpadelstore.com\/de\/#website"},"primaryImageOfPage":{"@id":"https:\/\/revolutionpadelstore.com\/de\/produkt\/lok-carb-on-hype\/#primaryimage"},"image":{"@id":"https:\/\/revolutionpadelstore.com\/de\/produkt\/lok-carb-on-hype\/#primaryimage"},"thumbnailUrl":"https:\/\/revolutionpadelstore.com\/wp-content\/uploads\/2024\/04\/pala-lok-carb-on-hype-1-800x800-1.jpg","datePublished":"2024-04-11T06:17:24+00:00","dateModified":"2026-04-01T08:57:56+00:00","description":"Pala Lok Carb-on Hype 2024 de formato diamante y punto dulce medio-alto. En cuanto acomposici\u00f3n, el material preponderante es el Carbono C6 que abarca toda la superficie de la pala mediante tres planos distintos. Este compuesto, junto con la tecnolog\u00eda Gradual Face para la reducci\u00f3n de la vibraci\u00f3n, completan una pala virtuosa en los golpes potentes. Adem\u00e1s, la disposici\u00f3n de los agujeros de la tecnolog\u00eda Dynamic Holes System trabaja tambi\u00e9n en la canalizaci\u00f3n de la potencia en el juego de ataque.","breadcrumb":{"@id":"https:\/\/revolutionpadelstore.com\/de\/produkt\/lok-carb-on-hype\/#breadcrumb"},"inLanguage":"de","potentialAction":[{"@type":"ReadAction","target":["https:\/\/revolutionpadelstore.com\/de\/produkt\/lok-carb-on-hype\/"]}]},{"@type":"ImageObject","inLanguage":"de","@id":"https:\/\/revolutionpadelstore.com\/de\/produkt\/lok-carb-on-hype\/#primaryimage","url":"https:\/\/revolutionpadelstore.com\/wp-content\/uploads\/2024\/04\/pala-lok-carb-on-hype-1-800x800-1.jpg","contentUrl":"https:\/\/revolutionpadelstore.com\/wp-content\/uploads\/2024\/04\/pala-lok-carb-on-hype-1-800x800-1.jpg","width":800,"height":800},{"@type":"BreadcrumbList","@id":"https:\/\/revolutionpadelstore.com\/de\/produkt\/lok-carb-on-hype\/#breadcrumb","itemListElement":[{"@type":"ListItem","position":1,"name":"Portada","item":"https:\/\/revolutionpadelstore.com\/de\/"},{"@type":"ListItem","position":2,"name":"Shop","item":"https:\/\/revolutionpadelstore.com\/de\/tienda\/"},{"@type":"ListItem","position":3,"name":"LOK CARB-ON HYPE"}]},{"@type":"WebSite","@id":"https:\/\/revolutionpadelstore.com\/de\/#website","url":"https:\/\/revolutionpadelstore.com\/de\/","name":"Revolution Padel Store","description":"","publisher":{"@id":"https:\/\/revolutionpadelstore.com\/de\/#organization"},"potentialAction":[{"@type":"SearchAction","target":{"@type":"EntryPoint","urlTemplate":"https:\/\/revolutionpadelstore.com\/de\/?s={search_term_string}"},"query-input":{"@type":"PropertyValueSpecification","valueRequired":true,"valueName":"search_term_string"}}],"inLanguage":"de"},{"@type":"Organization","@id":"https:\/\/revolutionpadelstore.com\/de\/#organization","name":"Revolution Padel Store","url":"https:\/\/revolutionpadelstore.com\/de\/","logo":{"@type":"ImageObject","inLanguage":"de","@id":"https:\/\/revolutionpadelstore.com\/de\/#\/schema\/logo\/image\/","url":"https:\/\/revolutionpadelstore.com\/wp-content\/uploads\/2026\/02\/revolution-padel-store.jpg","contentUrl":"https:\/\/revolutionpadelstore.com\/wp-content\/uploads\/2026\/02\/revolution-padel-store.jpg","width":2000,"height":2000,"caption":"Revolution Padel Store"},"image":{"@id":"https:\/\/revolutionpadelstore.com\/de\/#\/schema\/logo\/image\/"},"sameAs":["https:\/\/www.instagram.com\/revolutionpadelstore\/"]}]}},"_links":{"self":[{"href":"https:\/\/revolutionpadelstore.com\/de\/wp-json\/wp\/v2\/product\/19692","targetHints":{"allow":["GET"]}}],"collection":[{"href":"https:\/\/revolutionpadelstore.com\/de\/wp-json\/wp\/v2\/product"}],"about":[{"href":"https:\/\/revolutionpadelstore.com\/de\/wp-json\/wp\/v2\/types\/product"}],"replies":[{"embeddable":true,"href":"https:\/\/revolutionpadelstore.com\/de\/wp-json\/wp\/v2\/comments?post=19692"}],"wp:featuredmedia":[{"embeddable":true,"href":"https:\/\/revolutionpadelstore.com\/de\/wp-json\/wp\/v2\/media\/50101"}],"wp:attachment":[{"href":"https:\/\/revolutionpadelstore.com\/de\/wp-json\/wp\/v2\/media?parent=19692"}],"wp:term":[{"taxonomy":"acabado","embeddable":true,"href":"https:\/\/revolutionpadelstore.com\/de\/wp-json\/wp\/v2\/acabado?post=19692"},{"taxonomy":"balance","embeddable":true,"href":"https:\/\/revolutionpadelstore.com\/de\/wp-json\/wp\/v2\/balance?post=19692"},{"taxonomy":"dureza","embeddable":true,"href":"https:\/\/revolutionpadelstore.com\/de\/wp-json\/wp\/v2\/dureza?post=19692"},{"taxonomy":"forma","embeddable":true,"href":"https:\/\/revolutionpadelstore.com\/de\/wp-json\/wp\/v2\/forma?post=19692"},{"taxonomy":"jugador","embeddable":true,"href":"https:\/\/revolutionpadelstore.com\/de\/wp-json\/wp\/v2\/jugador?post=19692"},{"taxonomy":"marca","embeddable":true,"href":"https:\/\/revolutionpadelstore.com\/de\/wp-json\/wp\/v2\/marca?post=19692"},{"taxonomy":"nivel-de-juego","embeddable":true,"href":"https:\/\/revolutionpadelstore.com\/de\/wp-json\/wp\/v2\/nivel-de-juego?post=19692"},{"taxonomy":"superficie","embeddable":true,"href":"https:\/\/revolutionpadelstore.com\/de\/wp-json\/wp\/v2\/superficie?post=19692"},{"taxonomy":"tipo-de-juego","embeddable":true,"href":"https:\/\/revolutionpadelstore.com\/de\/wp-json\/wp\/v2\/tipo-de-juego?post=19692"},{"taxonomy":"product_brand","embeddable":true,"href":"https:\/\/revolutionpadelstore.com\/de\/wp-json\/wp\/v2\/product_brand?post=19692"},{"taxonomy":"product_cat","embeddable":true,"href":"https:\/\/revolutionpadelstore.com\/de\/wp-json\/wp\/v2\/product_cat?post=19692"},{"taxonomy":"product_tag","embeddable":true,"href":"https:\/\/revolutionpadelstore.com\/de\/wp-json\/wp\/v2\/product_tag?post=19692"}],"curies":[{"name":"wp","href":"https:\/\/api.w.org\/{rel}","templated":true}]}}