{"id":19687,"date":"2024-04-11T08:42:45","date_gmt":"2024-04-11T06:42:45","guid":{"rendered":"https:\/\/revolutionpadelstore.com\/head-extreme-pro-2023\/"},"modified":"2026-04-08T14:22:46","modified_gmt":"2026-04-08T12:22:46","slug":"head-extreme-pro-2023-1","status":"publish","type":"product","link":"https:\/\/revolutionpadelstore.com\/de\/produkt\/head-extreme-pro-2023-1\/","title":{"rendered":"HEAD EXTREME PRO 2023"},"content":{"rendered":"<p>Maximale Leistung geht beim EXTREME PRO PADELSCHL\u00c4GER mit beeindruckendem Ballgef\u00fchl und Gef\u00fchl einher.<br \/>\nDieser rautenf\u00f6rmige Schl\u00e4ger, der f\u00fcr fortgeschrittene und professionelle Spieler entwickelt wurde, wurde mit einer neuen Form hergestellt und verf\u00fcgt \u00fcber die neue Soft-Plug-Technologie an der Basis des Griffs, die f\u00fcr ein gr\u00f6\u00dferes Gef\u00fchl von Weichheit im Spiel sorgt und Vibrationen reduziert.<br \/>\nDie innovative Auxetic-Technologie sorgt f\u00fcr \u00fcberragende Kraft und ein au\u00dfergew\u00f6hnliches Schlaggef\u00fchl, w\u00e4hrend die Hybrid-Schlagfl\u00e4che aus Carbon und Glasfaser die Kraft und das Schlaggef\u00fchl verbessert.<br \/>\nBringen Sie Ihr Spiel auf das Maximum mit einem Schl\u00e4ger mit der Extreme Spin-Technologie, die den Spin des Balls vervielfacht, sowie einem exklusiven Design mit auff\u00e4lligen Farben.<\/p>\n<p>&#8211; Extreme Power f\u00fcr fortgeschrittene und professionelle Spieler<br \/>\n&#8211; Neue rautenf\u00f6rmige Form<br \/>\n&#8211; Neue Soft-Plug-Technologie an der Griffbasis<br \/>\n&#8211; Auxetic-Technologie f\u00fcr \u00fcberragende Leistung und au\u00dfergew\u00f6hnliches Spielgef\u00fchl<br \/>\n&#8211; Hybridmaterial auf der Schlagfl\u00e4che, Mischung aus Carbon und Glasfaser, f\u00fcr \u00fcberragende Leistung<br \/>\n&#8211; Extreme Spin-Technologie f\u00fcr extremen Spin<br \/>\n&#8211; Exklusives Farbdesign<\/p>\n","protected":false},"excerpt":{"rendered":"<p>Head Extreme Pro 2024 Schl\u00e4ger, der leistungsst\u00e4rkste Schl\u00e4ger der 2024-Kollektion. Der rautenf\u00f6rmige Schl\u00e4ger ist f\u00fcr Spieler mit fortgeschrittenem oder professionellem Niveau gedacht. Als Neuheit wurde an der Basis des Griffs ein weicher Stopfen angebracht, der ein gr\u00f6\u00dferes Gef\u00fchl von Weichheit vermittelt und Vibrationen reduziert. Dank der Auxetic-Technologie bietet der Schl\u00e4ger au\u00dferdem eine \u00fcberragende Power und ein hervorragendes Schlaggef\u00fchl.<\/p>\n<p>Die Oberfl\u00e4che ist eine Mischung aus Carbon und Fiberglas. F\u00fcr Spin-Liebhaber verf\u00fcgt der Extreme Pro au\u00dferdem \u00fcber die Extreme Spin-Technologie.<\/p>\n","protected":false},"featured_media":50081,"comment_status":"open","ping_status":"closed","template":"","meta":{"_acf_changed":false,"_joinchat":[]},"acabado":[1089,1084],"balance":[1134],"dureza":[1159,1154],"forma":[1169],"jugador":[1189,1199],"marca":[1219],"nivel-de-juego":[1334,1344],"superficie":[1359],"tipo-de-juego":[1379,1389,1374],"product_brand":[],"product_cat":[299],"product_tag":[],"class_list":{"0":"post-19687","1":"product","2":"type-product","3":"status-publish","4":"has-post-thumbnail","6":"acabado-3d-entlasten","7":"acabado-kumpel","8":"balance-hoch","9":"dureza-dura-de","10":"dureza-media-de","11":"forma-diamante-de","12":"jugador-mann","13":"jugador-mehrzweck","14":"marca-kopf","15":"superficie-rugosa-de","16":"tipo-de-juego-angriff","17":"tipo-de-juego-avanzado-competicion-de","18":"tipo-de-juego-leistung","19":"product_cat-palas-de-padel-de","21":"first","22":"instock","23":"sale","24":"taxable","25":"shipping-taxable","26":"purchasable","27":"product-type-simple"},"acf":[],"yoast_head":"<!-- This site is optimized with the Yoast SEO plugin v27.4 - https:\/\/yoast.com\/product\/yoast-seo-wordpress\/ -->\n<title>HEAD EXTREME PRO 2023 - Revolution Padel Store<\/title>\n<meta name=\"description\" content=\"Pala Head Extreme Pro 2024, la pala m\u00e1s potente de la colecci\u00f3n 2024. La pala con forma de diamante est\u00e1 destinada a jugadores con un nivel avanzado o profesional. Como novedad, en la base de la empu\u00f1adura se ha a\u00f1adido un tap\u00f3n blando capaz de aportar una mayor sensaci\u00f3n de suavidad y disminuir las vibraciones.\" \/>\n<meta name=\"robots\" content=\"index, follow, max-snippet:-1, max-image-preview:large, max-video-preview:-1\" \/>\n<link rel=\"canonical\" href=\"https:\/\/revolutionpadelstore.com\/de\/produkt\/head-extreme-pro-2023-1\/\" \/>\n<meta property=\"og:locale\" content=\"de_DE\" \/>\n<meta property=\"og:type\" content=\"article\" \/>\n<meta property=\"og:title\" content=\"COMPRAR HEAD EXTREME PRO 2023\" \/>\n<meta property=\"og:description\" content=\"Pala Head Extreme Pro 2024, la pala m\u00e1s potente de la colecci\u00f3n 2024. La pala con forma de diamante est\u00e1 destinada a jugadores con un nivel avanzado o profesional. Como novedad, en la base de la empu\u00f1adura se ha a\u00f1adido un tap\u00f3n blando capaz de aportar una mayor sensaci\u00f3n de suavidad y disminuir las vibraciones. Tambi\u00e9n, gracias a la tecnolog\u00eda Auxetic, la pala confiere una potencia superior y una excelente sensaci\u00f3n durante el goleo.La superficie es una mezcla de carbono y fibra de vidrio. Adem\u00e1s, para los amantes de los efectos, la Extreme Pro incorpora la tecnolog\u00eda Extreme Spin.\" \/>\n<meta property=\"og:url\" content=\"https:\/\/revolutionpadelstore.com\/de\/produkt\/head-extreme-pro-2023-1\/\" \/>\n<meta property=\"og:site_name\" content=\"Revolution Padel Store\" \/>\n<meta property=\"article:modified_time\" content=\"2026-04-08T12:22:46+00:00\" \/>\n<meta property=\"og:image\" content=\"https:\/\/revolutionpadelstore.com\/wp-content\/uploads\/2024\/04\/pala-head-extreme-pro-2023-800x800-1.webp\" \/>\n\t<meta property=\"og:image:width\" content=\"800\" \/>\n\t<meta property=\"og:image:height\" content=\"800\" \/>\n\t<meta property=\"og:image:type\" content=\"image\/webp\" \/>\n<meta name=\"twitter:card\" content=\"summary_large_image\" \/>\n<meta name=\"twitter:label1\" content=\"Gesch\u00e4tzte Lesezeit\" \/>\n\t<meta name=\"twitter:data1\" content=\"2\u00a0Minuten\" \/>\n<script type=\"application\/ld+json\" class=\"yoast-schema-graph\">{\"@context\":\"https:\\\/\\\/schema.org\",\"@graph\":[{\"@type\":\"WebPage\",\"@id\":\"https:\\\/\\\/revolutionpadelstore.com\\\/de\\\/produkt\\\/head-extreme-pro-2023-1\\\/\",\"url\":\"https:\\\/\\\/revolutionpadelstore.com\\\/de\\\/produkt\\\/head-extreme-pro-2023-1\\\/\",\"name\":\"HEAD EXTREME PRO 2023 - Revolution Padel Store\",\"isPartOf\":{\"@id\":\"https:\\\/\\\/revolutionpadelstore.com\\\/de\\\/#website\"},\"primaryImageOfPage\":{\"@id\":\"https:\\\/\\\/revolutionpadelstore.com\\\/de\\\/produkt\\\/head-extreme-pro-2023-1\\\/#primaryimage\"},\"image\":{\"@id\":\"https:\\\/\\\/revolutionpadelstore.com\\\/de\\\/produkt\\\/head-extreme-pro-2023-1\\\/#primaryimage\"},\"thumbnailUrl\":\"https:\\\/\\\/revolutionpadelstore.com\\\/wp-content\\\/uploads\\\/2024\\\/04\\\/pala-head-extreme-pro-2023-800x800-1.webp\",\"datePublished\":\"2024-04-11T06:42:45+00:00\",\"dateModified\":\"2026-04-08T12:22:46+00:00\",\"description\":\"Pala Head Extreme Pro 2024, la pala m\u00e1s potente de la colecci\u00f3n 2024. La pala con forma de diamante est\u00e1 destinada a jugadores con un nivel avanzado o profesional. Como novedad, en la base de la empu\u00f1adura se ha a\u00f1adido un tap\u00f3n blando capaz de aportar una mayor sensaci\u00f3n de suavidad y disminuir las vibraciones.\",\"breadcrumb\":{\"@id\":\"https:\\\/\\\/revolutionpadelstore.com\\\/de\\\/produkt\\\/head-extreme-pro-2023-1\\\/#breadcrumb\"},\"inLanguage\":\"de\",\"potentialAction\":[{\"@type\":\"ReadAction\",\"target\":[\"https:\\\/\\\/revolutionpadelstore.com\\\/de\\\/produkt\\\/head-extreme-pro-2023-1\\\/\"]}]},{\"@type\":\"ImageObject\",\"inLanguage\":\"de\",\"@id\":\"https:\\\/\\\/revolutionpadelstore.com\\\/de\\\/produkt\\\/head-extreme-pro-2023-1\\\/#primaryimage\",\"url\":\"https:\\\/\\\/revolutionpadelstore.com\\\/wp-content\\\/uploads\\\/2024\\\/04\\\/pala-head-extreme-pro-2023-800x800-1.webp\",\"contentUrl\":\"https:\\\/\\\/revolutionpadelstore.com\\\/wp-content\\\/uploads\\\/2024\\\/04\\\/pala-head-extreme-pro-2023-800x800-1.webp\",\"width\":800,\"height\":800},{\"@type\":\"BreadcrumbList\",\"@id\":\"https:\\\/\\\/revolutionpadelstore.com\\\/de\\\/produkt\\\/head-extreme-pro-2023-1\\\/#breadcrumb\",\"itemListElement\":[{\"@type\":\"ListItem\",\"position\":1,\"name\":\"Portada\",\"item\":\"https:\\\/\\\/revolutionpadelstore.com\\\/de\\\/\"},{\"@type\":\"ListItem\",\"position\":2,\"name\":\"Shop\",\"item\":\"https:\\\/\\\/revolutionpadelstore.com\\\/de\\\/tienda\\\/\"},{\"@type\":\"ListItem\",\"position\":3,\"name\":\"HEAD EXTREME PRO 2023\"}]},{\"@type\":\"WebSite\",\"@id\":\"https:\\\/\\\/revolutionpadelstore.com\\\/de\\\/#website\",\"url\":\"https:\\\/\\\/revolutionpadelstore.com\\\/de\\\/\",\"name\":\"Revolution Padel Store\",\"description\":\"\",\"publisher\":{\"@id\":\"https:\\\/\\\/revolutionpadelstore.com\\\/de\\\/#organization\"},\"potentialAction\":[{\"@type\":\"SearchAction\",\"target\":{\"@type\":\"EntryPoint\",\"urlTemplate\":\"https:\\\/\\\/revolutionpadelstore.com\\\/de\\\/?s={search_term_string}\"},\"query-input\":{\"@type\":\"PropertyValueSpecification\",\"valueRequired\":true,\"valueName\":\"search_term_string\"}}],\"inLanguage\":\"de\"},{\"@type\":\"Organization\",\"@id\":\"https:\\\/\\\/revolutionpadelstore.com\\\/de\\\/#organization\",\"name\":\"Revolution Padel Store\",\"url\":\"https:\\\/\\\/revolutionpadelstore.com\\\/de\\\/\",\"logo\":{\"@type\":\"ImageObject\",\"inLanguage\":\"de\",\"@id\":\"https:\\\/\\\/revolutionpadelstore.com\\\/de\\\/#\\\/schema\\\/logo\\\/image\\\/\",\"url\":\"https:\\\/\\\/revolutionpadelstore.com\\\/wp-content\\\/uploads\\\/2026\\\/02\\\/revolution-padel-store.jpg\",\"contentUrl\":\"https:\\\/\\\/revolutionpadelstore.com\\\/wp-content\\\/uploads\\\/2026\\\/02\\\/revolution-padel-store.jpg\",\"width\":2000,\"height\":2000,\"caption\":\"Revolution Padel Store\"},\"image\":{\"@id\":\"https:\\\/\\\/revolutionpadelstore.com\\\/de\\\/#\\\/schema\\\/logo\\\/image\\\/\"},\"sameAs\":[\"https:\\\/\\\/www.instagram.com\\\/revolutionpadelstore\\\/\"]}]}<\/script>\n<!-- \/ Yoast SEO plugin. -->","yoast_head_json":{"title":"HEAD EXTREME PRO 2023 - Revolution Padel Store","description":"Pala Head Extreme Pro 2024, la pala m\u00e1s potente de la colecci\u00f3n 2024. La pala con forma de diamante est\u00e1 destinada a jugadores con un nivel avanzado o profesional. Como novedad, en la base de la empu\u00f1adura se ha a\u00f1adido un tap\u00f3n blando capaz de aportar una mayor sensaci\u00f3n de suavidad y disminuir las vibraciones.","robots":{"index":"index","follow":"follow","max-snippet":"max-snippet:-1","max-image-preview":"max-image-preview:large","max-video-preview":"max-video-preview:-1"},"canonical":"https:\/\/revolutionpadelstore.com\/de\/produkt\/head-extreme-pro-2023-1\/","og_locale":"de_DE","og_type":"article","og_title":"COMPRAR HEAD EXTREME PRO 2023","og_description":"Pala Head Extreme Pro 2024, la pala m\u00e1s potente de la colecci\u00f3n 2024. La pala con forma de diamante est\u00e1 destinada a jugadores con un nivel avanzado o profesional. Como novedad, en la base de la empu\u00f1adura se ha a\u00f1adido un tap\u00f3n blando capaz de aportar una mayor sensaci\u00f3n de suavidad y disminuir las vibraciones. Tambi\u00e9n, gracias a la tecnolog\u00eda Auxetic, la pala confiere una potencia superior y una excelente sensaci\u00f3n durante el goleo.La superficie es una mezcla de carbono y fibra de vidrio. Adem\u00e1s, para los amantes de los efectos, la Extreme Pro incorpora la tecnolog\u00eda Extreme Spin.","og_url":"https:\/\/revolutionpadelstore.com\/de\/produkt\/head-extreme-pro-2023-1\/","og_site_name":"Revolution Padel Store","article_modified_time":"2026-04-08T12:22:46+00:00","og_image":[{"width":800,"height":800,"url":"https:\/\/revolutionpadelstore.com\/wp-content\/uploads\/2024\/04\/pala-head-extreme-pro-2023-800x800-1.webp","type":"image\/webp"}],"twitter_card":"summary_large_image","twitter_misc":{"Gesch\u00e4tzte Lesezeit":"2\u00a0Minuten"},"schema":{"@context":"https:\/\/schema.org","@graph":[{"@type":"WebPage","@id":"https:\/\/revolutionpadelstore.com\/de\/produkt\/head-extreme-pro-2023-1\/","url":"https:\/\/revolutionpadelstore.com\/de\/produkt\/head-extreme-pro-2023-1\/","name":"HEAD EXTREME PRO 2023 - Revolution Padel Store","isPartOf":{"@id":"https:\/\/revolutionpadelstore.com\/de\/#website"},"primaryImageOfPage":{"@id":"https:\/\/revolutionpadelstore.com\/de\/produkt\/head-extreme-pro-2023-1\/#primaryimage"},"image":{"@id":"https:\/\/revolutionpadelstore.com\/de\/produkt\/head-extreme-pro-2023-1\/#primaryimage"},"thumbnailUrl":"https:\/\/revolutionpadelstore.com\/wp-content\/uploads\/2024\/04\/pala-head-extreme-pro-2023-800x800-1.webp","datePublished":"2024-04-11T06:42:45+00:00","dateModified":"2026-04-08T12:22:46+00:00","description":"Pala Head Extreme Pro 2024, la pala m\u00e1s potente de la colecci\u00f3n 2024. La pala con forma de diamante est\u00e1 destinada a jugadores con un nivel avanzado o profesional. Como novedad, en la base de la empu\u00f1adura se ha a\u00f1adido un tap\u00f3n blando capaz de aportar una mayor sensaci\u00f3n de suavidad y disminuir las vibraciones.","breadcrumb":{"@id":"https:\/\/revolutionpadelstore.com\/de\/produkt\/head-extreme-pro-2023-1\/#breadcrumb"},"inLanguage":"de","potentialAction":[{"@type":"ReadAction","target":["https:\/\/revolutionpadelstore.com\/de\/produkt\/head-extreme-pro-2023-1\/"]}]},{"@type":"ImageObject","inLanguage":"de","@id":"https:\/\/revolutionpadelstore.com\/de\/produkt\/head-extreme-pro-2023-1\/#primaryimage","url":"https:\/\/revolutionpadelstore.com\/wp-content\/uploads\/2024\/04\/pala-head-extreme-pro-2023-800x800-1.webp","contentUrl":"https:\/\/revolutionpadelstore.com\/wp-content\/uploads\/2024\/04\/pala-head-extreme-pro-2023-800x800-1.webp","width":800,"height":800},{"@type":"BreadcrumbList","@id":"https:\/\/revolutionpadelstore.com\/de\/produkt\/head-extreme-pro-2023-1\/#breadcrumb","itemListElement":[{"@type":"ListItem","position":1,"name":"Portada","item":"https:\/\/revolutionpadelstore.com\/de\/"},{"@type":"ListItem","position":2,"name":"Shop","item":"https:\/\/revolutionpadelstore.com\/de\/tienda\/"},{"@type":"ListItem","position":3,"name":"HEAD EXTREME PRO 2023"}]},{"@type":"WebSite","@id":"https:\/\/revolutionpadelstore.com\/de\/#website","url":"https:\/\/revolutionpadelstore.com\/de\/","name":"Revolution Padel Store","description":"","publisher":{"@id":"https:\/\/revolutionpadelstore.com\/de\/#organization"},"potentialAction":[{"@type":"SearchAction","target":{"@type":"EntryPoint","urlTemplate":"https:\/\/revolutionpadelstore.com\/de\/?s={search_term_string}"},"query-input":{"@type":"PropertyValueSpecification","valueRequired":true,"valueName":"search_term_string"}}],"inLanguage":"de"},{"@type":"Organization","@id":"https:\/\/revolutionpadelstore.com\/de\/#organization","name":"Revolution Padel Store","url":"https:\/\/revolutionpadelstore.com\/de\/","logo":{"@type":"ImageObject","inLanguage":"de","@id":"https:\/\/revolutionpadelstore.com\/de\/#\/schema\/logo\/image\/","url":"https:\/\/revolutionpadelstore.com\/wp-content\/uploads\/2026\/02\/revolution-padel-store.jpg","contentUrl":"https:\/\/revolutionpadelstore.com\/wp-content\/uploads\/2026\/02\/revolution-padel-store.jpg","width":2000,"height":2000,"caption":"Revolution Padel Store"},"image":{"@id":"https:\/\/revolutionpadelstore.com\/de\/#\/schema\/logo\/image\/"},"sameAs":["https:\/\/www.instagram.com\/revolutionpadelstore\/"]}]}},"_links":{"self":[{"href":"https:\/\/revolutionpadelstore.com\/de\/wp-json\/wp\/v2\/product\/19687","targetHints":{"allow":["GET"]}}],"collection":[{"href":"https:\/\/revolutionpadelstore.com\/de\/wp-json\/wp\/v2\/product"}],"about":[{"href":"https:\/\/revolutionpadelstore.com\/de\/wp-json\/wp\/v2\/types\/product"}],"replies":[{"embeddable":true,"href":"https:\/\/revolutionpadelstore.com\/de\/wp-json\/wp\/v2\/comments?post=19687"}],"wp:featuredmedia":[{"embeddable":true,"href":"https:\/\/revolutionpadelstore.com\/de\/wp-json\/wp\/v2\/media\/50081"}],"wp:attachment":[{"href":"https:\/\/revolutionpadelstore.com\/de\/wp-json\/wp\/v2\/media?parent=19687"}],"wp:term":[{"taxonomy":"acabado","embeddable":true,"href":"https:\/\/revolutionpadelstore.com\/de\/wp-json\/wp\/v2\/acabado?post=19687"},{"taxonomy":"balance","embeddable":true,"href":"https:\/\/revolutionpadelstore.com\/de\/wp-json\/wp\/v2\/balance?post=19687"},{"taxonomy":"dureza","embeddable":true,"href":"https:\/\/revolutionpadelstore.com\/de\/wp-json\/wp\/v2\/dureza?post=19687"},{"taxonomy":"forma","embeddable":true,"href":"https:\/\/revolutionpadelstore.com\/de\/wp-json\/wp\/v2\/forma?post=19687"},{"taxonomy":"jugador","embeddable":true,"href":"https:\/\/revolutionpadelstore.com\/de\/wp-json\/wp\/v2\/jugador?post=19687"},{"taxonomy":"marca","embeddable":true,"href":"https:\/\/revolutionpadelstore.com\/de\/wp-json\/wp\/v2\/marca?post=19687"},{"taxonomy":"nivel-de-juego","embeddable":true,"href":"https:\/\/revolutionpadelstore.com\/de\/wp-json\/wp\/v2\/nivel-de-juego?post=19687"},{"taxonomy":"superficie","embeddable":true,"href":"https:\/\/revolutionpadelstore.com\/de\/wp-json\/wp\/v2\/superficie?post=19687"},{"taxonomy":"tipo-de-juego","embeddable":true,"href":"https:\/\/revolutionpadelstore.com\/de\/wp-json\/wp\/v2\/tipo-de-juego?post=19687"},{"taxonomy":"product_brand","embeddable":true,"href":"https:\/\/revolutionpadelstore.com\/de\/wp-json\/wp\/v2\/product_brand?post=19687"},{"taxonomy":"product_cat","embeddable":true,"href":"https:\/\/revolutionpadelstore.com\/de\/wp-json\/wp\/v2\/product_cat?post=19687"},{"taxonomy":"product_tag","embeddable":true,"href":"https:\/\/revolutionpadelstore.com\/de\/wp-json\/wp\/v2\/product_tag?post=19687"}],"curies":[{"name":"wp","href":"https:\/\/api.w.org\/{rel}","templated":true}]}}