{"id":19677,"date":"2024-04-11T12:15:00","date_gmt":"2024-04-11T10:15:00","guid":{"rendered":"https:\/\/revolutionpadelstore.com\/siux-diablo-go-3\/"},"modified":"2026-04-08T14:21:28","modified_gmt":"2026-04-08T12:21:28","slug":"siux-diablo-go-3-1","status":"publish","type":"product","link":"https:\/\/revolutionpadelstore.com\/de\/produkt\/siux-diablo-go-3-1\/","title":{"rendered":"SIUX DIABLO GO 3"},"content":{"rendered":"<h2>Siux Diablo Go 3, gute Schlagkontrolle<\/h2>\n<p>Frisch aus der Go-Serie von Siux kommt der neue Diablo Go 3, ein Hybridschl\u00e4ger f\u00fcr fortgeschrittene Padelspieler, die bei jedem Schlag Vielseitigkeit und Anpassungsf\u00e4higkeit suchen.<\/p>\n<p>Was sein Format betrifft, verf\u00fcgt er \u00fcber eine Hybridform und eine mittlere Balance, sodass der Spieler jederzeit \u00fcberragende Kraft, Pr\u00e4zision und Kontrolle genie\u00dfen kann. Dadurch k\u00f6nnen Sie sich an jeden Spielstil und jede Spielsituation anpassen.<\/p>\n<p>Sein geringes Gewicht zwischen <strong>355 und 375 Gramm<\/strong> garantiert hervorragende Bewegungsfreiheit, Agilit\u00e4t und beispiellose Geschwindigkeit. Sie werden alle Drop-Shots zur\u00fcckschlagen, auch wenn Sie sich an der Grundlinie befinden.<\/p>\n<h2>Schnellere und pr\u00e4zisere Bewegungen<\/h2>\n<p>Die Fl\u00e4chen dieses <strong>Siux 2024<\/strong>-Schl\u00e4gers haben eine matte Oberfl\u00e4che und bestehen aus <strong>3K Carbon<\/strong>, einem Material, das f\u00fcr seine gro\u00dfe Haltbarkeit und Widerstandsf\u00e4higkeit bekannt ist und die Integrit\u00e4t des Schl\u00e4gers garantiert. auch bei intensiver Nutzung.<\/p>\n<p>Andererseits finden wir im Kern <strong>EVA-Gummi<\/strong>, einen Schaumstoff, der bei jedem Spielstil f\u00fcr ein angenehmes, weiches Ballgef\u00fchl und eine hervorragende Ballausgabe sorgt. Es bietet Vielseitigkeit und Anpassungsf\u00e4higkeit, da es sich sowohl an die Bed\u00fcrfnisse aggressiverer Spieler, die nach Kraft suchen, als auch an defensive Spieler, die nach Kontrolle suchen, anpasst.<\/p>\n<p>Der Rohrrahmen besteht aus einer Kombination aus <strong>50 % 3K Carbon und 50 % Glasfaser<\/strong>. Dies sorgt f\u00fcr eine au\u00dfergew\u00f6hnliche Steifigkeit und Haltbarkeit, die die Nutzungsdauer des Schl\u00e4gers erh\u00f6ht, indem er den st\u00e4rksten St\u00f6\u00dfen und Abnutzung standh\u00e4lt. Dar\u00fcber hinaus erm\u00f6glicht es eine gute Kontrolle und minimiert Vibrationen.<\/p>\n<h3>Hervorragender Komfort<\/h3>\n<p>Dar\u00fcber hinaus ist es mit der <em><strong>Dampeners Shockout<\/strong><\/em>-Technologie ausgestattet, einem Antivibrationsd\u00e4mpfer, der Vibrationen um bis zu 60 % reduziert und so Ihre Gelenke vor unerw\u00fcnschten Verletzungen sch\u00fctzt.<\/p>\n<p>Sein Design strahlt <strong>Kraft, Energie und Eleganz<\/strong> aus, da es die Farben Schwarz und Rot mit einigen wei\u00dfen Details kombiniert. Es entsteht eine attraktive und moderne \u00c4sthetik, die Aufmerksamkeit erregt.<\/p>\n<h2>Siux Diablo Go 3, buen control en el golpeo<\/h2>\n","protected":false},"excerpt":{"rendered":"<p>Hybridschl\u00e4ger mit mittlerer Balance f\u00fcr fortgeschrittene Padel-Spieler Siux Diablo Go 3. EVA-Gummikern und 3K-Carbon-Schlagfl\u00e4chen, die f\u00fcr gute Ballausgabe und Widerstandsf\u00e4higkeit sorgen.<\/p>\n","protected":false},"featured_media":265988,"comment_status":"open","ping_status":"closed","template":"","meta":{"_acf_changed":false,"_joinchat":[]},"acabado":[1084],"balance":[1139],"dureza":[1154],"forma":[1174],"jugador":[1189,1199],"marca":[1304],"nivel-de-juego":[1349],"superficie":[1354],"tipo-de-juego":[1384],"product_brand":[],"product_cat":[299],"product_tag":[],"class_list":{"0":"post-19677","1":"product","2":"type-product","3":"status-publish","4":"has-post-thumbnail","6":"acabado-kumpel","7":"balance-mittel","8":"dureza-media-de","9":"forma-hybrid","10":"jugador-mann","11":"jugador-mehrzweck","12":"marca-siux-de","13":"superficie-lisa-de","14":"tipo-de-juego-mehrzweck","15":"product_cat-palas-de-padel-de","17":"first","18":"instock","19":"sale","20":"taxable","21":"shipping-taxable","22":"purchasable","23":"product-type-simple"},"acf":[],"yoast_head":"<!-- This site is optimized with the Yoast SEO plugin v27.4 - https:\/\/yoast.com\/product\/yoast-seo-wordpress\/ -->\n<title>SIUX DIABLO GO 3 - Revolution Padel Store<\/title>\n<meta name=\"description\" content=\"Pala h\u00edbrida con balance intermedio para jugadores de p\u00e1del avanzados Siux Diablo Go 3. N\u00facleo de goma EVA y caras de Carbono 3K que aporta buena salida de bola y resistencia.\" \/>\n<meta name=\"robots\" content=\"index, follow, max-snippet:-1, max-image-preview:large, max-video-preview:-1\" \/>\n<link rel=\"canonical\" href=\"https:\/\/revolutionpadelstore.com\/de\/produkt\/siux-diablo-go-3-1\/\" \/>\n<meta property=\"og:locale\" content=\"de_DE\" \/>\n<meta property=\"og:type\" content=\"article\" \/>\n<meta property=\"og:title\" content=\"COMPRAR SIUX DIABLO GO 3\" \/>\n<meta property=\"og:description\" content=\"Pala h\u00edbrida con balance intermedio para jugadores de p\u00e1del avanzados Siux Diablo Go 3. N\u00facleo de goma EVA y caras de Carbono 3K que aporta buena salida de bola y resistencia.\" \/>\n<meta property=\"og:url\" content=\"https:\/\/revolutionpadelstore.com\/de\/produkt\/siux-diablo-go-3-1\/\" \/>\n<meta property=\"og:site_name\" content=\"Revolution Padel Store\" \/>\n<meta property=\"article:modified_time\" content=\"2026-04-08T12:21:28+00:00\" \/>\n<meta property=\"og:image\" content=\"https:\/\/revolutionpadelstore.com\/wp-content\/uploads\/2024\/04\/109470_siux_diablo_go_3_1500x1500_vista1_06bd.webp\" \/>\n\t<meta property=\"og:image:width\" content=\"1500\" \/>\n\t<meta property=\"og:image:height\" content=\"1500\" \/>\n\t<meta property=\"og:image:type\" content=\"image\/webp\" \/>\n<meta name=\"twitter:card\" content=\"summary_large_image\" \/>\n<meta name=\"twitter:label1\" content=\"Gesch\u00e4tzte Lesezeit\" \/>\n\t<meta name=\"twitter:data1\" content=\"2\u00a0Minuten\" \/>\n<script type=\"application\/ld+json\" class=\"yoast-schema-graph\">{\"@context\":\"https:\\\/\\\/schema.org\",\"@graph\":[{\"@type\":\"WebPage\",\"@id\":\"https:\\\/\\\/revolutionpadelstore.com\\\/de\\\/produkt\\\/siux-diablo-go-3-1\\\/\",\"url\":\"https:\\\/\\\/revolutionpadelstore.com\\\/de\\\/produkt\\\/siux-diablo-go-3-1\\\/\",\"name\":\"SIUX DIABLO GO 3 - Revolution Padel Store\",\"isPartOf\":{\"@id\":\"https:\\\/\\\/revolutionpadelstore.com\\\/de\\\/#website\"},\"primaryImageOfPage\":{\"@id\":\"https:\\\/\\\/revolutionpadelstore.com\\\/de\\\/produkt\\\/siux-diablo-go-3-1\\\/#primaryimage\"},\"image\":{\"@id\":\"https:\\\/\\\/revolutionpadelstore.com\\\/de\\\/produkt\\\/siux-diablo-go-3-1\\\/#primaryimage\"},\"thumbnailUrl\":\"https:\\\/\\\/revolutionpadelstore.com\\\/wp-content\\\/uploads\\\/2024\\\/04\\\/109470_siux_diablo_go_3_1500x1500_vista1_06bd-1.webp\",\"datePublished\":\"2024-04-11T10:15:00+00:00\",\"dateModified\":\"2026-04-08T12:21:28+00:00\",\"description\":\"Pala h\u00edbrida con balance intermedio para jugadores de p\u00e1del avanzados Siux Diablo Go 3. N\u00facleo de goma EVA y caras de Carbono 3K que aporta buena salida de bola y resistencia.\",\"breadcrumb\":{\"@id\":\"https:\\\/\\\/revolutionpadelstore.com\\\/de\\\/produkt\\\/siux-diablo-go-3-1\\\/#breadcrumb\"},\"inLanguage\":\"de\",\"potentialAction\":[{\"@type\":\"ReadAction\",\"target\":[\"https:\\\/\\\/revolutionpadelstore.com\\\/de\\\/produkt\\\/siux-diablo-go-3-1\\\/\"]}]},{\"@type\":\"ImageObject\",\"inLanguage\":\"de\",\"@id\":\"https:\\\/\\\/revolutionpadelstore.com\\\/de\\\/produkt\\\/siux-diablo-go-3-1\\\/#primaryimage\",\"url\":\"https:\\\/\\\/revolutionpadelstore.com\\\/wp-content\\\/uploads\\\/2024\\\/04\\\/109470_siux_diablo_go_3_1500x1500_vista1_06bd-1.webp\",\"contentUrl\":\"https:\\\/\\\/revolutionpadelstore.com\\\/wp-content\\\/uploads\\\/2024\\\/04\\\/109470_siux_diablo_go_3_1500x1500_vista1_06bd-1.webp\",\"width\":1500,\"height\":1500},{\"@type\":\"BreadcrumbList\",\"@id\":\"https:\\\/\\\/revolutionpadelstore.com\\\/de\\\/produkt\\\/siux-diablo-go-3-1\\\/#breadcrumb\",\"itemListElement\":[{\"@type\":\"ListItem\",\"position\":1,\"name\":\"Portada\",\"item\":\"https:\\\/\\\/revolutionpadelstore.com\\\/de\\\/\"},{\"@type\":\"ListItem\",\"position\":2,\"name\":\"Shop\",\"item\":\"https:\\\/\\\/revolutionpadelstore.com\\\/de\\\/tienda\\\/\"},{\"@type\":\"ListItem\",\"position\":3,\"name\":\"SIUX DIABLO GO 3\"}]},{\"@type\":\"WebSite\",\"@id\":\"https:\\\/\\\/revolutionpadelstore.com\\\/de\\\/#website\",\"url\":\"https:\\\/\\\/revolutionpadelstore.com\\\/de\\\/\",\"name\":\"Revolution Padel Store\",\"description\":\"\",\"publisher\":{\"@id\":\"https:\\\/\\\/revolutionpadelstore.com\\\/de\\\/#organization\"},\"potentialAction\":[{\"@type\":\"SearchAction\",\"target\":{\"@type\":\"EntryPoint\",\"urlTemplate\":\"https:\\\/\\\/revolutionpadelstore.com\\\/de\\\/?s={search_term_string}\"},\"query-input\":{\"@type\":\"PropertyValueSpecification\",\"valueRequired\":true,\"valueName\":\"search_term_string\"}}],\"inLanguage\":\"de\"},{\"@type\":\"Organization\",\"@id\":\"https:\\\/\\\/revolutionpadelstore.com\\\/de\\\/#organization\",\"name\":\"Revolution Padel Store\",\"url\":\"https:\\\/\\\/revolutionpadelstore.com\\\/de\\\/\",\"logo\":{\"@type\":\"ImageObject\",\"inLanguage\":\"de\",\"@id\":\"https:\\\/\\\/revolutionpadelstore.com\\\/de\\\/#\\\/schema\\\/logo\\\/image\\\/\",\"url\":\"https:\\\/\\\/revolutionpadelstore.com\\\/wp-content\\\/uploads\\\/2026\\\/02\\\/revolution-padel-store.jpg\",\"contentUrl\":\"https:\\\/\\\/revolutionpadelstore.com\\\/wp-content\\\/uploads\\\/2026\\\/02\\\/revolution-padel-store.jpg\",\"width\":2000,\"height\":2000,\"caption\":\"Revolution Padel Store\"},\"image\":{\"@id\":\"https:\\\/\\\/revolutionpadelstore.com\\\/de\\\/#\\\/schema\\\/logo\\\/image\\\/\"},\"sameAs\":[\"https:\\\/\\\/www.instagram.com\\\/revolutionpadelstore\\\/\"]}]}<\/script>\n<!-- \/ Yoast SEO plugin. -->","yoast_head_json":{"title":"SIUX DIABLO GO 3 - Revolution Padel Store","description":"Pala h\u00edbrida con balance intermedio para jugadores de p\u00e1del avanzados Siux Diablo Go 3. N\u00facleo de goma EVA y caras de Carbono 3K que aporta buena salida de bola y resistencia.","robots":{"index":"index","follow":"follow","max-snippet":"max-snippet:-1","max-image-preview":"max-image-preview:large","max-video-preview":"max-video-preview:-1"},"canonical":"https:\/\/revolutionpadelstore.com\/de\/produkt\/siux-diablo-go-3-1\/","og_locale":"de_DE","og_type":"article","og_title":"COMPRAR SIUX DIABLO GO 3","og_description":"Pala h\u00edbrida con balance intermedio para jugadores de p\u00e1del avanzados Siux Diablo Go 3. N\u00facleo de goma EVA y caras de Carbono 3K que aporta buena salida de bola y resistencia.","og_url":"https:\/\/revolutionpadelstore.com\/de\/produkt\/siux-diablo-go-3-1\/","og_site_name":"Revolution Padel Store","article_modified_time":"2026-04-08T12:21:28+00:00","og_image":[{"width":1500,"height":1500,"url":"https:\/\/revolutionpadelstore.com\/wp-content\/uploads\/2024\/04\/109470_siux_diablo_go_3_1500x1500_vista1_06bd.webp","type":"image\/webp"}],"twitter_card":"summary_large_image","twitter_misc":{"Gesch\u00e4tzte Lesezeit":"2\u00a0Minuten"},"schema":{"@context":"https:\/\/schema.org","@graph":[{"@type":"WebPage","@id":"https:\/\/revolutionpadelstore.com\/de\/produkt\/siux-diablo-go-3-1\/","url":"https:\/\/revolutionpadelstore.com\/de\/produkt\/siux-diablo-go-3-1\/","name":"SIUX DIABLO GO 3 - Revolution Padel Store","isPartOf":{"@id":"https:\/\/revolutionpadelstore.com\/de\/#website"},"primaryImageOfPage":{"@id":"https:\/\/revolutionpadelstore.com\/de\/produkt\/siux-diablo-go-3-1\/#primaryimage"},"image":{"@id":"https:\/\/revolutionpadelstore.com\/de\/produkt\/siux-diablo-go-3-1\/#primaryimage"},"thumbnailUrl":"https:\/\/revolutionpadelstore.com\/wp-content\/uploads\/2024\/04\/109470_siux_diablo_go_3_1500x1500_vista1_06bd-1.webp","datePublished":"2024-04-11T10:15:00+00:00","dateModified":"2026-04-08T12:21:28+00:00","description":"Pala h\u00edbrida con balance intermedio para jugadores de p\u00e1del avanzados Siux Diablo Go 3. N\u00facleo de goma EVA y caras de Carbono 3K que aporta buena salida de bola y resistencia.","breadcrumb":{"@id":"https:\/\/revolutionpadelstore.com\/de\/produkt\/siux-diablo-go-3-1\/#breadcrumb"},"inLanguage":"de","potentialAction":[{"@type":"ReadAction","target":["https:\/\/revolutionpadelstore.com\/de\/produkt\/siux-diablo-go-3-1\/"]}]},{"@type":"ImageObject","inLanguage":"de","@id":"https:\/\/revolutionpadelstore.com\/de\/produkt\/siux-diablo-go-3-1\/#primaryimage","url":"https:\/\/revolutionpadelstore.com\/wp-content\/uploads\/2024\/04\/109470_siux_diablo_go_3_1500x1500_vista1_06bd-1.webp","contentUrl":"https:\/\/revolutionpadelstore.com\/wp-content\/uploads\/2024\/04\/109470_siux_diablo_go_3_1500x1500_vista1_06bd-1.webp","width":1500,"height":1500},{"@type":"BreadcrumbList","@id":"https:\/\/revolutionpadelstore.com\/de\/produkt\/siux-diablo-go-3-1\/#breadcrumb","itemListElement":[{"@type":"ListItem","position":1,"name":"Portada","item":"https:\/\/revolutionpadelstore.com\/de\/"},{"@type":"ListItem","position":2,"name":"Shop","item":"https:\/\/revolutionpadelstore.com\/de\/tienda\/"},{"@type":"ListItem","position":3,"name":"SIUX DIABLO GO 3"}]},{"@type":"WebSite","@id":"https:\/\/revolutionpadelstore.com\/de\/#website","url":"https:\/\/revolutionpadelstore.com\/de\/","name":"Revolution Padel Store","description":"","publisher":{"@id":"https:\/\/revolutionpadelstore.com\/de\/#organization"},"potentialAction":[{"@type":"SearchAction","target":{"@type":"EntryPoint","urlTemplate":"https:\/\/revolutionpadelstore.com\/de\/?s={search_term_string}"},"query-input":{"@type":"PropertyValueSpecification","valueRequired":true,"valueName":"search_term_string"}}],"inLanguage":"de"},{"@type":"Organization","@id":"https:\/\/revolutionpadelstore.com\/de\/#organization","name":"Revolution Padel Store","url":"https:\/\/revolutionpadelstore.com\/de\/","logo":{"@type":"ImageObject","inLanguage":"de","@id":"https:\/\/revolutionpadelstore.com\/de\/#\/schema\/logo\/image\/","url":"https:\/\/revolutionpadelstore.com\/wp-content\/uploads\/2026\/02\/revolution-padel-store.jpg","contentUrl":"https:\/\/revolutionpadelstore.com\/wp-content\/uploads\/2026\/02\/revolution-padel-store.jpg","width":2000,"height":2000,"caption":"Revolution Padel Store"},"image":{"@id":"https:\/\/revolutionpadelstore.com\/de\/#\/schema\/logo\/image\/"},"sameAs":["https:\/\/www.instagram.com\/revolutionpadelstore\/"]}]}},"_links":{"self":[{"href":"https:\/\/revolutionpadelstore.com\/de\/wp-json\/wp\/v2\/product\/19677","targetHints":{"allow":["GET"]}}],"collection":[{"href":"https:\/\/revolutionpadelstore.com\/de\/wp-json\/wp\/v2\/product"}],"about":[{"href":"https:\/\/revolutionpadelstore.com\/de\/wp-json\/wp\/v2\/types\/product"}],"replies":[{"embeddable":true,"href":"https:\/\/revolutionpadelstore.com\/de\/wp-json\/wp\/v2\/comments?post=19677"}],"wp:featuredmedia":[{"embeddable":true,"href":"https:\/\/revolutionpadelstore.com\/de\/wp-json\/wp\/v2\/media\/265988"}],"wp:attachment":[{"href":"https:\/\/revolutionpadelstore.com\/de\/wp-json\/wp\/v2\/media?parent=19677"}],"wp:term":[{"taxonomy":"acabado","embeddable":true,"href":"https:\/\/revolutionpadelstore.com\/de\/wp-json\/wp\/v2\/acabado?post=19677"},{"taxonomy":"balance","embeddable":true,"href":"https:\/\/revolutionpadelstore.com\/de\/wp-json\/wp\/v2\/balance?post=19677"},{"taxonomy":"dureza","embeddable":true,"href":"https:\/\/revolutionpadelstore.com\/de\/wp-json\/wp\/v2\/dureza?post=19677"},{"taxonomy":"forma","embeddable":true,"href":"https:\/\/revolutionpadelstore.com\/de\/wp-json\/wp\/v2\/forma?post=19677"},{"taxonomy":"jugador","embeddable":true,"href":"https:\/\/revolutionpadelstore.com\/de\/wp-json\/wp\/v2\/jugador?post=19677"},{"taxonomy":"marca","embeddable":true,"href":"https:\/\/revolutionpadelstore.com\/de\/wp-json\/wp\/v2\/marca?post=19677"},{"taxonomy":"nivel-de-juego","embeddable":true,"href":"https:\/\/revolutionpadelstore.com\/de\/wp-json\/wp\/v2\/nivel-de-juego?post=19677"},{"taxonomy":"superficie","embeddable":true,"href":"https:\/\/revolutionpadelstore.com\/de\/wp-json\/wp\/v2\/superficie?post=19677"},{"taxonomy":"tipo-de-juego","embeddable":true,"href":"https:\/\/revolutionpadelstore.com\/de\/wp-json\/wp\/v2\/tipo-de-juego?post=19677"},{"taxonomy":"product_brand","embeddable":true,"href":"https:\/\/revolutionpadelstore.com\/de\/wp-json\/wp\/v2\/product_brand?post=19677"},{"taxonomy":"product_cat","embeddable":true,"href":"https:\/\/revolutionpadelstore.com\/de\/wp-json\/wp\/v2\/product_cat?post=19677"},{"taxonomy":"product_tag","embeddable":true,"href":"https:\/\/revolutionpadelstore.com\/de\/wp-json\/wp\/v2\/product_tag?post=19677"}],"curies":[{"name":"wp","href":"https:\/\/api.w.org\/{rel}","templated":true}]}}