{"id":19672,"date":"2024-04-11T13:46:09","date_gmt":"2024-04-11T11:46:09","guid":{"rendered":"https:\/\/revolutionpadelstore.com\/siux-trilogy-4-control-lite-air-w\/"},"modified":"2025-08-19T14:02:14","modified_gmt":"2025-08-19T12:02:14","slug":"siux-trilogy-4-control-lite-air-w","status":"publish","type":"product","link":"https:\/\/revolutionpadelstore.com\/de\/produkt\/siux-trilogy-4-control-lite-air-w\/","title":{"rendered":"SIUX TRILOGY 4 CONTROL LITE AIR W"},"content":{"rendered":"<p>Im Revolution Padel Store finden Sie den perfekten Padelschl\u00e4ger f\u00fcr anspruchsvolle Spieler: den Siux Trilogy 4 Control Lite Air W. Dieser unglaubliche Schl\u00e4ger aus der Siux-Kollektion 2024 bietet eine au\u00dfergew\u00f6hnliche Balance zwischen Kontrolle und hochwertigen Materialien. Mit seiner runden Form und der geringen Balance k\u00f6nnen Sie Ihre Schl\u00e4ge pr\u00e4zise steuern und strategische Treffer effektiv auf dem Platz ausf\u00fchren.<\/p>\n<p>Der Siux Trilogy 4 Control Lite Air W verf\u00fcgt \u00fcber eine 21K Twill Silver Carbon-Konstruktion und einen 3K-Rohr, der ihm unglaubliche Widerstandsf\u00e4higkeit und Haltbarkeit verleiht, ohne seine Leistung zu beeintr\u00e4chtigen. Dar\u00fcber hinaus sorgt sein EVA Soft-Gummi im Kern f\u00fcr eine weiche Haptik, die St\u00f6\u00dfe d\u00e4mpft und den Komfort w\u00e4hrend des Spiels verbessert.<\/p>\n<p>Aber das ist noch nicht alles, der Schl\u00e4ger verf\u00fcgt auch \u00fcber Technologien, die Ihr Spiel verbessern, wie den Dual Pro Grip-Griff und Shockout-D\u00e4mpfer, die die Erm\u00fcdung von H\u00e4nden und Armen bei langen und anspruchsvollen Spielen reduzieren. Und wir k\u00f6nnen nicht umhin, sein beeindruckendes Design zu erw\u00e4hnen, mit einer matten Oberfl\u00e4che mit 3D-Relief und einer eleganten Farbe in Schwarz, Silber, Rosa und T\u00fcrkis.<\/p>\n<p>Warten Sie nicht l\u00e4nger und holen Sie sich den Padelschl\u00e4ger Siux Trilogy 4 Control Lite Air W im Revolution Padel Store, dem auf hochwertige Padelartikel spezialisierten Gesch\u00e4ft. Sie werden es nicht bereuen, sich f\u00fcr diesen Schl\u00e4ger entschieden zu haben, der f\u00fcr anspruchsvolle Spieler entwickelt wurde, die das Beste an Kontrolle, Haltbarkeit und Design suchen. Holen Sie es sich jetzt und revolutionieren Sie Ihr Spiel auf dem Platz!<\/p>\n","protected":false},"excerpt":{"rendered":"<p>Entdecken Sie den Padelschl\u00e4ger Siux Trilogy 4 Control Lite Air W im Revolution Padel Store, ideal f\u00fcr anspruchsvolle Spieler.<\/p>\n","protected":false},"featured_media":71444,"comment_status":"open","ping_status":"closed","template":"","meta":{"_acf_changed":false,"_joinchat":[]},"acabado":[1089],"balance":[1144],"dureza":[1154],"forma":[1179],"jugador":[1194],"marca":[1304],"nivel-de-juego":[1349],"superficie":[1359],"tipo-de-juego":[1369],"product_brand":[],"product_cat":[299],"product_tag":[],"class_list":{"0":"post-19672","1":"product","2":"type-product","3":"status-publish","4":"has-post-thumbnail","6":"acabado-3d-entlasten","7":"balance-niedrig","8":"dureza-media-de","9":"forma-rund","10":"jugador-frau","11":"marca-siux-de","12":"superficie-rugosa-de","13":"tipo-de-juego-kontrolle","14":"product_cat-palas-de-padel-de","16":"first","17":"instock","18":"sale","19":"taxable","20":"shipping-taxable","21":"purchasable","22":"product-type-simple"},"acf":[],"yoast_head":"<!-- This site is optimized with the Yoast SEO plugin v27.6 - https:\/\/yoast.com\/product\/yoast-seo-wordpress\/ -->\n<title>SIUX TRILOGY 4 CONTROL LITE AIR W - Revolution Padel Store<\/title>\n<meta name=\"description\" content=\"Siux Trilogy 4 Control Lite Air W, pala de p\u00e1del de alta calidad y dise\u00f1o confeccionada para mujeres jugadoras de p\u00e1del exigentes de alto rendimiento. Pala redonda de tacto medio blando.\" \/>\n<meta name=\"robots\" content=\"index, follow, max-snippet:-1, max-image-preview:large, max-video-preview:-1\" \/>\n<link rel=\"canonical\" href=\"https:\/\/revolutionpadelstore.com\/de\/produkt\/siux-trilogy-4-control-lite-air-w\/\" \/>\n<meta property=\"og:locale\" content=\"de_DE\" \/>\n<meta property=\"og:type\" content=\"article\" \/>\n<meta property=\"og:title\" content=\"COMPRAR SIUX TRILOGY 4 CONTROL LITE AIR W\" \/>\n<meta property=\"og:description\" content=\"Siux Trilogy 4 Control Lite Air W, pala de p\u00e1del de alta calidad y dise\u00f1o confeccionada para mujeres jugadoras de p\u00e1del exigentes de alto rendimiento. Pala redonda de tacto medio blando.\" \/>\n<meta property=\"og:url\" content=\"https:\/\/revolutionpadelstore.com\/de\/produkt\/siux-trilogy-4-control-lite-air-w\/\" \/>\n<meta property=\"og:site_name\" content=\"Revolution Padel Store\" \/>\n<meta property=\"article:modified_time\" content=\"2025-08-19T12:02:14+00:00\" \/>\n<meta property=\"og:image\" content=\"https:\/\/revolutionpadelstore.com\/wp-content\/uploads\/2024\/04\/109591_siux_trilogy_lite_air_4_w_1500x1500_1_287f.webp\" \/>\n\t<meta property=\"og:image:width\" content=\"1500\" \/>\n\t<meta property=\"og:image:height\" content=\"1500\" \/>\n\t<meta property=\"og:image:type\" content=\"image\/webp\" \/>\n<meta name=\"twitter:card\" content=\"summary_large_image\" \/>\n<meta name=\"twitter:label1\" content=\"Gesch\u00e4tzte Lesezeit\" \/>\n\t<meta name=\"twitter:data1\" content=\"2\u00a0Minuten\" \/>\n<script type=\"application\/ld+json\" class=\"yoast-schema-graph\">{\"@context\":\"https:\\\/\\\/schema.org\",\"@graph\":[{\"@type\":\"WebPage\",\"@id\":\"https:\\\/\\\/revolutionpadelstore.com\\\/de\\\/produkt\\\/siux-trilogy-4-control-lite-air-w\\\/\",\"url\":\"https:\\\/\\\/revolutionpadelstore.com\\\/de\\\/produkt\\\/siux-trilogy-4-control-lite-air-w\\\/\",\"name\":\"SIUX TRILOGY 4 CONTROL LITE AIR W - Revolution Padel Store\",\"isPartOf\":{\"@id\":\"https:\\\/\\\/revolutionpadelstore.com\\\/de\\\/#website\"},\"primaryImageOfPage\":{\"@id\":\"https:\\\/\\\/revolutionpadelstore.com\\\/de\\\/produkt\\\/siux-trilogy-4-control-lite-air-w\\\/#primaryimage\"},\"image\":{\"@id\":\"https:\\\/\\\/revolutionpadelstore.com\\\/de\\\/produkt\\\/siux-trilogy-4-control-lite-air-w\\\/#primaryimage\"},\"thumbnailUrl\":\"https:\\\/\\\/revolutionpadelstore.com\\\/wp-content\\\/uploads\\\/2024\\\/06\\\/28.png\",\"datePublished\":\"2024-04-11T11:46:09+00:00\",\"dateModified\":\"2025-08-19T12:02:14+00:00\",\"description\":\"Siux Trilogy 4 Control Lite Air W, pala de p\u00e1del de alta calidad y dise\u00f1o confeccionada para mujeres jugadoras de p\u00e1del exigentes de alto rendimiento. Pala redonda de tacto medio blando.\",\"breadcrumb\":{\"@id\":\"https:\\\/\\\/revolutionpadelstore.com\\\/de\\\/produkt\\\/siux-trilogy-4-control-lite-air-w\\\/#breadcrumb\"},\"inLanguage\":\"de\",\"potentialAction\":[{\"@type\":\"ReadAction\",\"target\":[\"https:\\\/\\\/revolutionpadelstore.com\\\/de\\\/produkt\\\/siux-trilogy-4-control-lite-air-w\\\/\"]}]},{\"@type\":\"ImageObject\",\"inLanguage\":\"de\",\"@id\":\"https:\\\/\\\/revolutionpadelstore.com\\\/de\\\/produkt\\\/siux-trilogy-4-control-lite-air-w\\\/#primaryimage\",\"url\":\"https:\\\/\\\/revolutionpadelstore.com\\\/wp-content\\\/uploads\\\/2024\\\/06\\\/28.png\",\"contentUrl\":\"https:\\\/\\\/revolutionpadelstore.com\\\/wp-content\\\/uploads\\\/2024\\\/06\\\/28.png\",\"width\":1500,\"height\":1500},{\"@type\":\"BreadcrumbList\",\"@id\":\"https:\\\/\\\/revolutionpadelstore.com\\\/de\\\/produkt\\\/siux-trilogy-4-control-lite-air-w\\\/#breadcrumb\",\"itemListElement\":[{\"@type\":\"ListItem\",\"position\":1,\"name\":\"Portada\",\"item\":\"https:\\\/\\\/revolutionpadelstore.com\\\/de\\\/\"},{\"@type\":\"ListItem\",\"position\":2,\"name\":\"Shop\",\"item\":\"https:\\\/\\\/revolutionpadelstore.com\\\/de\\\/tienda\\\/\"},{\"@type\":\"ListItem\",\"position\":3,\"name\":\"SIUX TRILOGY 4 CONTROL LITE AIR W\"}]},{\"@type\":\"WebSite\",\"@id\":\"https:\\\/\\\/revolutionpadelstore.com\\\/de\\\/#website\",\"url\":\"https:\\\/\\\/revolutionpadelstore.com\\\/de\\\/\",\"name\":\"Revolution Padel Store\",\"description\":\"\",\"publisher\":{\"@id\":\"https:\\\/\\\/revolutionpadelstore.com\\\/de\\\/#organization\"},\"potentialAction\":[{\"@type\":\"SearchAction\",\"target\":{\"@type\":\"EntryPoint\",\"urlTemplate\":\"https:\\\/\\\/revolutionpadelstore.com\\\/de\\\/?s={search_term_string}\"},\"query-input\":{\"@type\":\"PropertyValueSpecification\",\"valueRequired\":true,\"valueName\":\"search_term_string\"}}],\"inLanguage\":\"de\"},{\"@type\":\"Organization\",\"@id\":\"https:\\\/\\\/revolutionpadelstore.com\\\/de\\\/#organization\",\"name\":\"Revolution Padel Store\",\"url\":\"https:\\\/\\\/revolutionpadelstore.com\\\/de\\\/\",\"logo\":{\"@type\":\"ImageObject\",\"inLanguage\":\"de\",\"@id\":\"https:\\\/\\\/revolutionpadelstore.com\\\/de\\\/#\\\/schema\\\/logo\\\/image\\\/\",\"url\":\"https:\\\/\\\/revolutionpadelstore.com\\\/wp-content\\\/uploads\\\/2026\\\/02\\\/revolution-padel-store.jpg\",\"contentUrl\":\"https:\\\/\\\/revolutionpadelstore.com\\\/wp-content\\\/uploads\\\/2026\\\/02\\\/revolution-padel-store.jpg\",\"width\":2000,\"height\":2000,\"caption\":\"Revolution Padel Store\"},\"image\":{\"@id\":\"https:\\\/\\\/revolutionpadelstore.com\\\/de\\\/#\\\/schema\\\/logo\\\/image\\\/\"},\"sameAs\":[\"https:\\\/\\\/www.instagram.com\\\/revolutionpadelstore\\\/\"]}]}<\/script>\n<!-- \/ Yoast SEO plugin. -->","yoast_head_json":{"title":"SIUX TRILOGY 4 CONTROL LITE AIR W - Revolution Padel Store","description":"Siux Trilogy 4 Control Lite Air W, pala de p\u00e1del de alta calidad y dise\u00f1o confeccionada para mujeres jugadoras de p\u00e1del exigentes de alto rendimiento. Pala redonda de tacto medio blando.","robots":{"index":"index","follow":"follow","max-snippet":"max-snippet:-1","max-image-preview":"max-image-preview:large","max-video-preview":"max-video-preview:-1"},"canonical":"https:\/\/revolutionpadelstore.com\/de\/produkt\/siux-trilogy-4-control-lite-air-w\/","og_locale":"de_DE","og_type":"article","og_title":"COMPRAR SIUX TRILOGY 4 CONTROL LITE AIR W","og_description":"Siux Trilogy 4 Control Lite Air W, pala de p\u00e1del de alta calidad y dise\u00f1o confeccionada para mujeres jugadoras de p\u00e1del exigentes de alto rendimiento. Pala redonda de tacto medio blando.","og_url":"https:\/\/revolutionpadelstore.com\/de\/produkt\/siux-trilogy-4-control-lite-air-w\/","og_site_name":"Revolution Padel Store","article_modified_time":"2025-08-19T12:02:14+00:00","og_image":[{"width":1500,"height":1500,"url":"https:\/\/revolutionpadelstore.com\/wp-content\/uploads\/2024\/04\/109591_siux_trilogy_lite_air_4_w_1500x1500_1_287f.webp","type":"image\/webp"}],"twitter_card":"summary_large_image","twitter_misc":{"Gesch\u00e4tzte Lesezeit":"2\u00a0Minuten"},"schema":{"@context":"https:\/\/schema.org","@graph":[{"@type":"WebPage","@id":"https:\/\/revolutionpadelstore.com\/de\/produkt\/siux-trilogy-4-control-lite-air-w\/","url":"https:\/\/revolutionpadelstore.com\/de\/produkt\/siux-trilogy-4-control-lite-air-w\/","name":"SIUX TRILOGY 4 CONTROL LITE AIR W - Revolution Padel Store","isPartOf":{"@id":"https:\/\/revolutionpadelstore.com\/de\/#website"},"primaryImageOfPage":{"@id":"https:\/\/revolutionpadelstore.com\/de\/produkt\/siux-trilogy-4-control-lite-air-w\/#primaryimage"},"image":{"@id":"https:\/\/revolutionpadelstore.com\/de\/produkt\/siux-trilogy-4-control-lite-air-w\/#primaryimage"},"thumbnailUrl":"https:\/\/revolutionpadelstore.com\/wp-content\/uploads\/2024\/06\/28.png","datePublished":"2024-04-11T11:46:09+00:00","dateModified":"2025-08-19T12:02:14+00:00","description":"Siux Trilogy 4 Control Lite Air W, pala de p\u00e1del de alta calidad y dise\u00f1o confeccionada para mujeres jugadoras de p\u00e1del exigentes de alto rendimiento. Pala redonda de tacto medio blando.","breadcrumb":{"@id":"https:\/\/revolutionpadelstore.com\/de\/produkt\/siux-trilogy-4-control-lite-air-w\/#breadcrumb"},"inLanguage":"de","potentialAction":[{"@type":"ReadAction","target":["https:\/\/revolutionpadelstore.com\/de\/produkt\/siux-trilogy-4-control-lite-air-w\/"]}]},{"@type":"ImageObject","inLanguage":"de","@id":"https:\/\/revolutionpadelstore.com\/de\/produkt\/siux-trilogy-4-control-lite-air-w\/#primaryimage","url":"https:\/\/revolutionpadelstore.com\/wp-content\/uploads\/2024\/06\/28.png","contentUrl":"https:\/\/revolutionpadelstore.com\/wp-content\/uploads\/2024\/06\/28.png","width":1500,"height":1500},{"@type":"BreadcrumbList","@id":"https:\/\/revolutionpadelstore.com\/de\/produkt\/siux-trilogy-4-control-lite-air-w\/#breadcrumb","itemListElement":[{"@type":"ListItem","position":1,"name":"Portada","item":"https:\/\/revolutionpadelstore.com\/de\/"},{"@type":"ListItem","position":2,"name":"Shop","item":"https:\/\/revolutionpadelstore.com\/de\/tienda\/"},{"@type":"ListItem","position":3,"name":"SIUX TRILOGY 4 CONTROL LITE AIR W"}]},{"@type":"WebSite","@id":"https:\/\/revolutionpadelstore.com\/de\/#website","url":"https:\/\/revolutionpadelstore.com\/de\/","name":"Revolution Padel Store","description":"","publisher":{"@id":"https:\/\/revolutionpadelstore.com\/de\/#organization"},"potentialAction":[{"@type":"SearchAction","target":{"@type":"EntryPoint","urlTemplate":"https:\/\/revolutionpadelstore.com\/de\/?s={search_term_string}"},"query-input":{"@type":"PropertyValueSpecification","valueRequired":true,"valueName":"search_term_string"}}],"inLanguage":"de"},{"@type":"Organization","@id":"https:\/\/revolutionpadelstore.com\/de\/#organization","name":"Revolution Padel Store","url":"https:\/\/revolutionpadelstore.com\/de\/","logo":{"@type":"ImageObject","inLanguage":"de","@id":"https:\/\/revolutionpadelstore.com\/de\/#\/schema\/logo\/image\/","url":"https:\/\/revolutionpadelstore.com\/wp-content\/uploads\/2026\/02\/revolution-padel-store.jpg","contentUrl":"https:\/\/revolutionpadelstore.com\/wp-content\/uploads\/2026\/02\/revolution-padel-store.jpg","width":2000,"height":2000,"caption":"Revolution Padel Store"},"image":{"@id":"https:\/\/revolutionpadelstore.com\/de\/#\/schema\/logo\/image\/"},"sameAs":["https:\/\/www.instagram.com\/revolutionpadelstore\/"]}]}},"_links":{"self":[{"href":"https:\/\/revolutionpadelstore.com\/de\/wp-json\/wp\/v2\/product\/19672","targetHints":{"allow":["GET"]}}],"collection":[{"href":"https:\/\/revolutionpadelstore.com\/de\/wp-json\/wp\/v2\/product"}],"about":[{"href":"https:\/\/revolutionpadelstore.com\/de\/wp-json\/wp\/v2\/types\/product"}],"replies":[{"embeddable":true,"href":"https:\/\/revolutionpadelstore.com\/de\/wp-json\/wp\/v2\/comments?post=19672"}],"wp:featuredmedia":[{"embeddable":true,"href":"https:\/\/revolutionpadelstore.com\/de\/wp-json\/wp\/v2\/media\/71444"}],"wp:attachment":[{"href":"https:\/\/revolutionpadelstore.com\/de\/wp-json\/wp\/v2\/media?parent=19672"}],"wp:term":[{"taxonomy":"acabado","embeddable":true,"href":"https:\/\/revolutionpadelstore.com\/de\/wp-json\/wp\/v2\/acabado?post=19672"},{"taxonomy":"balance","embeddable":true,"href":"https:\/\/revolutionpadelstore.com\/de\/wp-json\/wp\/v2\/balance?post=19672"},{"taxonomy":"dureza","embeddable":true,"href":"https:\/\/revolutionpadelstore.com\/de\/wp-json\/wp\/v2\/dureza?post=19672"},{"taxonomy":"forma","embeddable":true,"href":"https:\/\/revolutionpadelstore.com\/de\/wp-json\/wp\/v2\/forma?post=19672"},{"taxonomy":"jugador","embeddable":true,"href":"https:\/\/revolutionpadelstore.com\/de\/wp-json\/wp\/v2\/jugador?post=19672"},{"taxonomy":"marca","embeddable":true,"href":"https:\/\/revolutionpadelstore.com\/de\/wp-json\/wp\/v2\/marca?post=19672"},{"taxonomy":"nivel-de-juego","embeddable":true,"href":"https:\/\/revolutionpadelstore.com\/de\/wp-json\/wp\/v2\/nivel-de-juego?post=19672"},{"taxonomy":"superficie","embeddable":true,"href":"https:\/\/revolutionpadelstore.com\/de\/wp-json\/wp\/v2\/superficie?post=19672"},{"taxonomy":"tipo-de-juego","embeddable":true,"href":"https:\/\/revolutionpadelstore.com\/de\/wp-json\/wp\/v2\/tipo-de-juego?post=19672"},{"taxonomy":"product_brand","embeddable":true,"href":"https:\/\/revolutionpadelstore.com\/de\/wp-json\/wp\/v2\/product_brand?post=19672"},{"taxonomy":"product_cat","embeddable":true,"href":"https:\/\/revolutionpadelstore.com\/de\/wp-json\/wp\/v2\/product_cat?post=19672"},{"taxonomy":"product_tag","embeddable":true,"href":"https:\/\/revolutionpadelstore.com\/de\/wp-json\/wp\/v2\/product_tag?post=19672"}],"curies":[{"name":"wp","href":"https:\/\/api.w.org\/{rel}","templated":true}]}}