{"id":19572,"date":"2024-04-22T15:22:34","date_gmt":"2024-04-22T13:22:34","guid":{"rendered":"https:\/\/revolutionpadelstore.com\/pala-black-crown-marta-marrero-hurricane-pro-2-0\/"},"modified":"2026-04-08T14:16:11","modified_gmt":"2026-04-08T12:16:11","slug":"pala-black-crown-marta-marrero-hurricane-pro-2-0-1","status":"publish","type":"product","link":"https:\/\/revolutionpadelstore.com\/de\/produkt\/pala-black-crown-marta-marrero-hurricane-pro-2-0-1\/","title":{"rendered":"Pala Black Crown Marta Marrero Hurricane Pro 2.0"},"content":{"rendered":"<p>Im Revolution Padel Store pr\u00e4sentieren wir Ihnen den perfekten Padelschl\u00e4ger f\u00fcr Spieler, die ein aggressives Spiel voller Power suchen: den Black Crown Marta Marrero Hurricane Pro 2.0 Schl\u00e4ger. Dieser Schl\u00e4ger wurde zusammen mit einer unserer Referenzspielerinnen, Marta Marrero, entwickelt und verf\u00fcgt \u00fcber eine hochwertige Zusammensetzung und eine raue Oberfl\u00e4che, die es dem Gegner erschwert, B\u00e4lle mit Spin zu spielen. Dar\u00fcber hinaus erm\u00f6glicht der verl\u00e4ngerte Griff eine effizientere und komfortablere Ausf\u00fchrung der beidh\u00e4ndigen R\u00fcckhand. <\/p>\n<p> Der Black Crown Marta Marrero Hurricane Pro 2.0-Schl\u00e4ger besteht aus SC WHITE EVA-Memory-Gummi, einem 2 TB AIR-Rahmen und einer 12K CARBON-Letzschicht und ist die perfekte Wahl f\u00fcr erfahrene Spieler, die ein kraftvolles und pr\u00e4zises Spiel suchen. Mit einem Gewicht von 355 bis 370 Gramm und einem konstanten Profil von 38 mm verf\u00fcgt dieser runde Schl\u00e4ger \u00fcber einen doppelten r\u00f6hrenf\u00f6rmigen Rahmen aus 80 % Carbonfaser und einen Au\u00dfenkern aus 12k Carbon sowie eine weiche Eva f\u00fcr mehr Komfort beim Spiel.<\/p>\n<p> Warten Sie nicht l\u00e4nger und bringen Sie Ihr Spiel mit dem Black Crown Marta Marrero Hurricane Pro 2.0 Schl\u00e4ger, erh\u00e4ltlich im Revolution Padel Store, auf die n\u00e4chste Stufe. Dieser gemeinsam mit Marta Marrero entwickelte Schl\u00e4ger ist die ideale Wahl f\u00fcr alle, die eine perfekte Kombination aus Kraft und Kontrolle auf dem Platz suchen. Lassen Sie sich das nicht entgehen und holen Sie sich noch heute Ihr Exemplar im Revolution Padel Store!<\/p>\n","protected":false},"excerpt":{"rendered":"<p>Black Crown Marta Marrero Hurricane Pro 2.0 Schl\u00e4ger, gemeinsam mit Marta Marrero f\u00fcr ein aggressives und kraftvolles Spiel entwickelt. Erh\u00e4ltlich im Revolution Padel Store.<\/p>\n","protected":false},"featured_media":4665,"comment_status":"closed","ping_status":"open","template":"","meta":{"_acf_changed":false,"_joinchat":[]},"acabado":[],"balance":[],"dureza":[],"forma":[],"jugador":[1194],"marca":[1239],"nivel-de-juego":[],"superficie":[],"tipo-de-juego":[],"product_brand":[],"product_cat":[299],"product_tag":[],"class_list":{"0":"post-19572","1":"product","2":"type-product","3":"status-publish","4":"has-post-thumbnail","6":"jugador-frau","7":"marca-schwarze-krone","8":"product_cat-palas-de-padel-de","10":"first","11":"instock","12":"taxable","13":"shipping-taxable","14":"purchasable","15":"product-type-variable"},"acf":[],"yoast_head":"<!-- This site is optimized with the Yoast SEO plugin v27.4 - https:\/\/yoast.com\/product\/yoast-seo-wordpress\/ -->\n<title>Pala Black Crown Marta Marrero Hurricane Pro 2.0 - Revolution Padel Store<\/title>\n<meta name=\"description\" content=\"Pala Black Crown Marta Marrero Hurricane Pro 2.0, dise\u00f1ada junto a Marta Marrero para un juego agresivo y de potencia. Disponible en Revolution Padel Store.\" \/>\n<meta name=\"robots\" content=\"index, follow, max-snippet:-1, max-image-preview:large, max-video-preview:-1\" \/>\n<link rel=\"canonical\" href=\"https:\/\/revolutionpadelstore.com\/de\/produkt\/pala-black-crown-marta-marrero-hurricane-pro-2-0-1\/\" \/>\n<meta property=\"og:locale\" content=\"de_DE\" \/>\n<meta property=\"og:type\" content=\"article\" \/>\n<meta property=\"og:title\" content=\"Pala Black Crown Marta Marrero Hurricane Pro 2.0 - Revolution Padel Store\" \/>\n<meta property=\"og:description\" content=\"Pala Black Crown Marta Marrero Hurricane Pro 2.0, dise\u00f1ada junto a Marta Marrero para un juego agresivo y de potencia. Disponible en Revolution Padel Store.\" \/>\n<meta property=\"og:url\" content=\"https:\/\/revolutionpadelstore.com\/de\/produkt\/pala-black-crown-marta-marrero-hurricane-pro-2-0-1\/\" \/>\n<meta property=\"og:site_name\" content=\"Revolution Padel Store\" \/>\n<meta property=\"article:modified_time\" content=\"2026-04-08T12:16:11+00:00\" \/>\n<meta property=\"og:image\" content=\"https:\/\/revolutionpadelstore.com\/wp-content\/uploads\/2024\/04\/15408-0-4.jpg\" \/>\n\t<meta property=\"og:image:width\" content=\"800\" \/>\n\t<meta property=\"og:image:height\" content=\"800\" \/>\n\t<meta property=\"og:image:type\" content=\"image\/png\" \/>\n<meta name=\"twitter:card\" content=\"summary_large_image\" \/>\n<meta name=\"twitter:label1\" content=\"Gesch\u00e4tzte Lesezeit\" \/>\n\t<meta name=\"twitter:data1\" content=\"1\u00a0Minute\" \/>\n<script type=\"application\/ld+json\" class=\"yoast-schema-graph\">{\"@context\":\"https:\\\/\\\/schema.org\",\"@graph\":[{\"@type\":\"WebPage\",\"@id\":\"https:\\\/\\\/revolutionpadelstore.com\\\/de\\\/produkt\\\/pala-black-crown-marta-marrero-hurricane-pro-2-0-1\\\/\",\"url\":\"https:\\\/\\\/revolutionpadelstore.com\\\/de\\\/produkt\\\/pala-black-crown-marta-marrero-hurricane-pro-2-0-1\\\/\",\"name\":\"Pala Black Crown Marta Marrero Hurricane Pro 2.0 - Revolution Padel Store\",\"isPartOf\":{\"@id\":\"https:\\\/\\\/revolutionpadelstore.com\\\/de\\\/#website\"},\"primaryImageOfPage\":{\"@id\":\"https:\\\/\\\/revolutionpadelstore.com\\\/de\\\/produkt\\\/pala-black-crown-marta-marrero-hurricane-pro-2-0-1\\\/#primaryimage\"},\"image\":{\"@id\":\"https:\\\/\\\/revolutionpadelstore.com\\\/de\\\/produkt\\\/pala-black-crown-marta-marrero-hurricane-pro-2-0-1\\\/#primaryimage\"},\"thumbnailUrl\":\"https:\\\/\\\/revolutionpadelstore.com\\\/wp-content\\\/uploads\\\/2024\\\/04\\\/15408-0-4.jpg\",\"datePublished\":\"2024-04-22T13:22:34+00:00\",\"dateModified\":\"2026-04-08T12:16:11+00:00\",\"description\":\"Pala Black Crown Marta Marrero Hurricane Pro 2.0, dise\u00f1ada junto a Marta Marrero para un juego agresivo y de potencia. Disponible en Revolution Padel Store.\",\"breadcrumb\":{\"@id\":\"https:\\\/\\\/revolutionpadelstore.com\\\/de\\\/produkt\\\/pala-black-crown-marta-marrero-hurricane-pro-2-0-1\\\/#breadcrumb\"},\"inLanguage\":\"de\",\"potentialAction\":[{\"@type\":\"ReadAction\",\"target\":[\"https:\\\/\\\/revolutionpadelstore.com\\\/de\\\/produkt\\\/pala-black-crown-marta-marrero-hurricane-pro-2-0-1\\\/\"]}]},{\"@type\":\"ImageObject\",\"inLanguage\":\"de\",\"@id\":\"https:\\\/\\\/revolutionpadelstore.com\\\/de\\\/produkt\\\/pala-black-crown-marta-marrero-hurricane-pro-2-0-1\\\/#primaryimage\",\"url\":\"https:\\\/\\\/revolutionpadelstore.com\\\/wp-content\\\/uploads\\\/2024\\\/04\\\/15408-0-4.jpg\",\"contentUrl\":\"https:\\\/\\\/revolutionpadelstore.com\\\/wp-content\\\/uploads\\\/2024\\\/04\\\/15408-0-4.jpg\",\"width\":800,\"height\":800},{\"@type\":\"BreadcrumbList\",\"@id\":\"https:\\\/\\\/revolutionpadelstore.com\\\/de\\\/produkt\\\/pala-black-crown-marta-marrero-hurricane-pro-2-0-1\\\/#breadcrumb\",\"itemListElement\":[{\"@type\":\"ListItem\",\"position\":1,\"name\":\"Portada\",\"item\":\"https:\\\/\\\/revolutionpadelstore.com\\\/de\\\/\"},{\"@type\":\"ListItem\",\"position\":2,\"name\":\"Shop\",\"item\":\"https:\\\/\\\/revolutionpadelstore.com\\\/de\\\/tienda\\\/\"},{\"@type\":\"ListItem\",\"position\":3,\"name\":\"Pala Black Crown Marta Marrero Hurricane Pro 2.0\"}]},{\"@type\":\"WebSite\",\"@id\":\"https:\\\/\\\/revolutionpadelstore.com\\\/de\\\/#website\",\"url\":\"https:\\\/\\\/revolutionpadelstore.com\\\/de\\\/\",\"name\":\"Revolution Padel Store\",\"description\":\"\",\"publisher\":{\"@id\":\"https:\\\/\\\/revolutionpadelstore.com\\\/de\\\/#organization\"},\"potentialAction\":[{\"@type\":\"SearchAction\",\"target\":{\"@type\":\"EntryPoint\",\"urlTemplate\":\"https:\\\/\\\/revolutionpadelstore.com\\\/de\\\/?s={search_term_string}\"},\"query-input\":{\"@type\":\"PropertyValueSpecification\",\"valueRequired\":true,\"valueName\":\"search_term_string\"}}],\"inLanguage\":\"de\"},{\"@type\":\"Organization\",\"@id\":\"https:\\\/\\\/revolutionpadelstore.com\\\/de\\\/#organization\",\"name\":\"Revolution Padel Store\",\"url\":\"https:\\\/\\\/revolutionpadelstore.com\\\/de\\\/\",\"logo\":{\"@type\":\"ImageObject\",\"inLanguage\":\"de\",\"@id\":\"https:\\\/\\\/revolutionpadelstore.com\\\/de\\\/#\\\/schema\\\/logo\\\/image\\\/\",\"url\":\"https:\\\/\\\/revolutionpadelstore.com\\\/wp-content\\\/uploads\\\/2026\\\/02\\\/revolution-padel-store.jpg\",\"contentUrl\":\"https:\\\/\\\/revolutionpadelstore.com\\\/wp-content\\\/uploads\\\/2026\\\/02\\\/revolution-padel-store.jpg\",\"width\":2000,\"height\":2000,\"caption\":\"Revolution Padel Store\"},\"image\":{\"@id\":\"https:\\\/\\\/revolutionpadelstore.com\\\/de\\\/#\\\/schema\\\/logo\\\/image\\\/\"},\"sameAs\":[\"https:\\\/\\\/www.instagram.com\\\/revolutionpadelstore\\\/\"]}]}<\/script>\n<!-- \/ Yoast SEO plugin. -->","yoast_head_json":{"title":"Pala Black Crown Marta Marrero Hurricane Pro 2.0 - Revolution Padel Store","description":"Pala Black Crown Marta Marrero Hurricane Pro 2.0, dise\u00f1ada junto a Marta Marrero para un juego agresivo y de potencia. Disponible en Revolution Padel Store.","robots":{"index":"index","follow":"follow","max-snippet":"max-snippet:-1","max-image-preview":"max-image-preview:large","max-video-preview":"max-video-preview:-1"},"canonical":"https:\/\/revolutionpadelstore.com\/de\/produkt\/pala-black-crown-marta-marrero-hurricane-pro-2-0-1\/","og_locale":"de_DE","og_type":"article","og_title":"Pala Black Crown Marta Marrero Hurricane Pro 2.0 - Revolution Padel Store","og_description":"Pala Black Crown Marta Marrero Hurricane Pro 2.0, dise\u00f1ada junto a Marta Marrero para un juego agresivo y de potencia. Disponible en Revolution Padel Store.","og_url":"https:\/\/revolutionpadelstore.com\/de\/produkt\/pala-black-crown-marta-marrero-hurricane-pro-2-0-1\/","og_site_name":"Revolution Padel Store","article_modified_time":"2026-04-08T12:16:11+00:00","og_image":[{"width":800,"height":800,"url":"https:\/\/revolutionpadelstore.com\/wp-content\/uploads\/2024\/04\/15408-0-4.jpg","type":"image\/png"}],"twitter_card":"summary_large_image","twitter_misc":{"Gesch\u00e4tzte Lesezeit":"1\u00a0Minute"},"schema":{"@context":"https:\/\/schema.org","@graph":[{"@type":"WebPage","@id":"https:\/\/revolutionpadelstore.com\/de\/produkt\/pala-black-crown-marta-marrero-hurricane-pro-2-0-1\/","url":"https:\/\/revolutionpadelstore.com\/de\/produkt\/pala-black-crown-marta-marrero-hurricane-pro-2-0-1\/","name":"Pala Black Crown Marta Marrero Hurricane Pro 2.0 - Revolution Padel Store","isPartOf":{"@id":"https:\/\/revolutionpadelstore.com\/de\/#website"},"primaryImageOfPage":{"@id":"https:\/\/revolutionpadelstore.com\/de\/produkt\/pala-black-crown-marta-marrero-hurricane-pro-2-0-1\/#primaryimage"},"image":{"@id":"https:\/\/revolutionpadelstore.com\/de\/produkt\/pala-black-crown-marta-marrero-hurricane-pro-2-0-1\/#primaryimage"},"thumbnailUrl":"https:\/\/revolutionpadelstore.com\/wp-content\/uploads\/2024\/04\/15408-0-4.jpg","datePublished":"2024-04-22T13:22:34+00:00","dateModified":"2026-04-08T12:16:11+00:00","description":"Pala Black Crown Marta Marrero Hurricane Pro 2.0, dise\u00f1ada junto a Marta Marrero para un juego agresivo y de potencia. Disponible en Revolution Padel Store.","breadcrumb":{"@id":"https:\/\/revolutionpadelstore.com\/de\/produkt\/pala-black-crown-marta-marrero-hurricane-pro-2-0-1\/#breadcrumb"},"inLanguage":"de","potentialAction":[{"@type":"ReadAction","target":["https:\/\/revolutionpadelstore.com\/de\/produkt\/pala-black-crown-marta-marrero-hurricane-pro-2-0-1\/"]}]},{"@type":"ImageObject","inLanguage":"de","@id":"https:\/\/revolutionpadelstore.com\/de\/produkt\/pala-black-crown-marta-marrero-hurricane-pro-2-0-1\/#primaryimage","url":"https:\/\/revolutionpadelstore.com\/wp-content\/uploads\/2024\/04\/15408-0-4.jpg","contentUrl":"https:\/\/revolutionpadelstore.com\/wp-content\/uploads\/2024\/04\/15408-0-4.jpg","width":800,"height":800},{"@type":"BreadcrumbList","@id":"https:\/\/revolutionpadelstore.com\/de\/produkt\/pala-black-crown-marta-marrero-hurricane-pro-2-0-1\/#breadcrumb","itemListElement":[{"@type":"ListItem","position":1,"name":"Portada","item":"https:\/\/revolutionpadelstore.com\/de\/"},{"@type":"ListItem","position":2,"name":"Shop","item":"https:\/\/revolutionpadelstore.com\/de\/tienda\/"},{"@type":"ListItem","position":3,"name":"Pala Black Crown Marta Marrero Hurricane Pro 2.0"}]},{"@type":"WebSite","@id":"https:\/\/revolutionpadelstore.com\/de\/#website","url":"https:\/\/revolutionpadelstore.com\/de\/","name":"Revolution Padel Store","description":"","publisher":{"@id":"https:\/\/revolutionpadelstore.com\/de\/#organization"},"potentialAction":[{"@type":"SearchAction","target":{"@type":"EntryPoint","urlTemplate":"https:\/\/revolutionpadelstore.com\/de\/?s={search_term_string}"},"query-input":{"@type":"PropertyValueSpecification","valueRequired":true,"valueName":"search_term_string"}}],"inLanguage":"de"},{"@type":"Organization","@id":"https:\/\/revolutionpadelstore.com\/de\/#organization","name":"Revolution Padel Store","url":"https:\/\/revolutionpadelstore.com\/de\/","logo":{"@type":"ImageObject","inLanguage":"de","@id":"https:\/\/revolutionpadelstore.com\/de\/#\/schema\/logo\/image\/","url":"https:\/\/revolutionpadelstore.com\/wp-content\/uploads\/2026\/02\/revolution-padel-store.jpg","contentUrl":"https:\/\/revolutionpadelstore.com\/wp-content\/uploads\/2026\/02\/revolution-padel-store.jpg","width":2000,"height":2000,"caption":"Revolution Padel Store"},"image":{"@id":"https:\/\/revolutionpadelstore.com\/de\/#\/schema\/logo\/image\/"},"sameAs":["https:\/\/www.instagram.com\/revolutionpadelstore\/"]}]}},"_links":{"self":[{"href":"https:\/\/revolutionpadelstore.com\/de\/wp-json\/wp\/v2\/product\/19572","targetHints":{"allow":["GET"]}}],"collection":[{"href":"https:\/\/revolutionpadelstore.com\/de\/wp-json\/wp\/v2\/product"}],"about":[{"href":"https:\/\/revolutionpadelstore.com\/de\/wp-json\/wp\/v2\/types\/product"}],"replies":[{"embeddable":true,"href":"https:\/\/revolutionpadelstore.com\/de\/wp-json\/wp\/v2\/comments?post=19572"}],"wp:featuredmedia":[{"embeddable":true,"href":"https:\/\/revolutionpadelstore.com\/de\/wp-json\/wp\/v2\/media\/4665"}],"wp:attachment":[{"href":"https:\/\/revolutionpadelstore.com\/de\/wp-json\/wp\/v2\/media?parent=19572"}],"wp:term":[{"taxonomy":"acabado","embeddable":true,"href":"https:\/\/revolutionpadelstore.com\/de\/wp-json\/wp\/v2\/acabado?post=19572"},{"taxonomy":"balance","embeddable":true,"href":"https:\/\/revolutionpadelstore.com\/de\/wp-json\/wp\/v2\/balance?post=19572"},{"taxonomy":"dureza","embeddable":true,"href":"https:\/\/revolutionpadelstore.com\/de\/wp-json\/wp\/v2\/dureza?post=19572"},{"taxonomy":"forma","embeddable":true,"href":"https:\/\/revolutionpadelstore.com\/de\/wp-json\/wp\/v2\/forma?post=19572"},{"taxonomy":"jugador","embeddable":true,"href":"https:\/\/revolutionpadelstore.com\/de\/wp-json\/wp\/v2\/jugador?post=19572"},{"taxonomy":"marca","embeddable":true,"href":"https:\/\/revolutionpadelstore.com\/de\/wp-json\/wp\/v2\/marca?post=19572"},{"taxonomy":"nivel-de-juego","embeddable":true,"href":"https:\/\/revolutionpadelstore.com\/de\/wp-json\/wp\/v2\/nivel-de-juego?post=19572"},{"taxonomy":"superficie","embeddable":true,"href":"https:\/\/revolutionpadelstore.com\/de\/wp-json\/wp\/v2\/superficie?post=19572"},{"taxonomy":"tipo-de-juego","embeddable":true,"href":"https:\/\/revolutionpadelstore.com\/de\/wp-json\/wp\/v2\/tipo-de-juego?post=19572"},{"taxonomy":"product_brand","embeddable":true,"href":"https:\/\/revolutionpadelstore.com\/de\/wp-json\/wp\/v2\/product_brand?post=19572"},{"taxonomy":"product_cat","embeddable":true,"href":"https:\/\/revolutionpadelstore.com\/de\/wp-json\/wp\/v2\/product_cat?post=19572"},{"taxonomy":"product_tag","embeddable":true,"href":"https:\/\/revolutionpadelstore.com\/de\/wp-json\/wp\/v2\/product_tag?post=19572"}],"curies":[{"name":"wp","href":"https:\/\/api.w.org\/{rel}","templated":true}]}}