{"id":19377,"date":"2024-04-22T15:22:45","date_gmt":"2024-04-22T13:22:45","guid":{"rendered":"https:\/\/revolutionpadelstore.com\/pala-royal-padel-m27-light-2024\/"},"modified":"2026-04-01T10:37:37","modified_gmt":"2026-04-01T08:37:37","slug":"pala-royal-padel-m27-light-2024-1","status":"publish","type":"product","link":"https:\/\/revolutionpadelstore.com\/de\/produkt\/pala-royal-padel-m27-light-2024-1\/","title":{"rendered":"Pala Royal Padel M27 Light 2024"},"content":{"rendered":"<p>Kaufen Sie den Royal Padel M27 Light 2024 Schl\u00e4ger im Revolution Padel Store und entdecken Sie die Weiterentwicklung des erfolgreichen M27 2023. Diese neue Version verf\u00fcgt \u00fcber 3D Hexcel Twill Aeronautical Carbon-Verst\u00e4rkungen an Schlagfl\u00e4che, Pfosten und Rahmen, was eine gr\u00f6\u00dfere Haltbarkeit und Widerstandsf\u00e4higkeit garantiert. Dar\u00fcber hinaus ist sein Gewicht noch geringer und seine \u00c4sthetik wurde erneuert, um Spieler auf Experten-\/Wettkampfniveau anzulocken.<\/p>\n<p> Der Royal Padel M27 Light 2024 Schl\u00e4ger ist die perfekte Option f\u00fcr Spieler, die einen Schl\u00e4ger von h\u00f6chster Qualit\u00e4t, einfacher Anpassungsf\u00e4higkeit und hoher Leistung suchen. Dank seines Vibrationsabsorptionssystems Absorption Shock k\u00f6nnen Sie ein komfortables Spiel ohne Beschwerden genie\u00dfen.<\/p>\n<p> Dieser Schl\u00e4ger verf\u00fcgt wie der M27 Poly 2024 \u00fcber einen doppelten, bidirektionalen Carbon-3D-Hexcel-Twill-Aeronautical-Rohrrahmen und ein Sto\u00dfd\u00e4mpfungssystem im offenen Herzen des Schl\u00e4gers. Der Kern aus weichem Polyethylen und das Vollkarbon verleihen dem Flugzeug dank des Carbon Fiber Tech-Systems ein weiches Ballgef\u00fchl, hervorragende Kontrolle und enorme Leistung.<\/p>\n<p> Dar\u00fcber hinaus verf\u00fcgt die Oberfl\u00e4che des Royal Padel M27 Light 2024 Schl\u00e4gers \u00fcber das 3D-Hex-Twill-System, das vollst\u00e4ndigen Grip erm\u00f6glicht und die Ausf\u00fchrung von Spin bei jedem Schlag erleichtert. Ohne Zweifel ist es einer der Schl\u00e4ger, die von der Royal Padel-Community am h\u00e4ufigsten verwendet werden.<\/p>\n<p> Warten Sie nicht l\u00e4nger und kaufen Sie den Royal Padel M27 Light 2024 Schl\u00e4ger im Revolution Padel Store, dem auf hochwertige Padel-Artikel spezialisierten Gesch\u00e4ft. Genie\u00dfen Sie ein kraftvolleres, pr\u00e4ziseres und komfortableres Spiel mit diesem Schl\u00e4ger der neuesten Generation. Holen Sie es sich jetzt und erleben Sie die Revolution in Ihrem Spiel!<\/p>\n","protected":false},"excerpt":{"rendered":"<p>Entdecken Sie die Weiterentwicklung des ber\u00fchmten M27-Schl\u00e4gers mit Carbonverst\u00e4rkungen und einem geringeren Gewicht im Revolution Padel Store.<\/p>\n","protected":false},"featured_media":4791,"comment_status":"closed","ping_status":"open","template":"","meta":{"_acf_changed":false,"_joinchat":[]},"acabado":[],"balance":[],"dureza":[],"forma":[],"jugador":[1194],"marca":[1319],"nivel-de-juego":[],"superficie":[],"tipo-de-juego":[],"product_brand":[],"product_cat":[299],"product_tag":[],"class_list":{"0":"post-19377","1":"product","2":"type-product","3":"status-publish","4":"has-post-thumbnail","6":"jugador-frau","7":"marca-konigliche-mauer","8":"product_cat-palas-de-padel-de","10":"first","11":"instock","12":"sale","13":"taxable","14":"shipping-taxable","15":"purchasable","16":"product-type-variable"},"acf":[],"yoast_head":"<!-- This site is optimized with the Yoast SEO plugin v27.3 - https:\/\/yoast.com\/product\/yoast-seo-wordpress\/ -->\n<title>Pala Royal Padel M27 Light 2024 - Revolution Padel Store<\/title>\n<meta name=\"description\" content=\"Descubre la evoluci\u00f3n de la famosa pala M27 con refuerzos de carbono y un peso m\u00e1s ligero en Revolution Padel Store.\" \/>\n<meta name=\"robots\" content=\"index, follow, max-snippet:-1, max-image-preview:large, max-video-preview:-1\" \/>\n<link rel=\"canonical\" href=\"https:\/\/revolutionpadelstore.com\/de\/produkt\/pala-royal-padel-m27-light-2024-1\/\" \/>\n<meta property=\"og:locale\" content=\"de_DE\" \/>\n<meta property=\"og:type\" content=\"article\" \/>\n<meta property=\"og:title\" content=\"Pala Royal Padel M27 Light 2024 - Revolution Padel Store\" \/>\n<meta property=\"og:description\" content=\"Descubre la evoluci\u00f3n de la famosa pala M27 con refuerzos de carbono y un peso m\u00e1s ligero en Revolution Padel Store.\" \/>\n<meta property=\"og:url\" content=\"https:\/\/revolutionpadelstore.com\/de\/produkt\/pala-royal-padel-m27-light-2024-1\/\" \/>\n<meta property=\"og:site_name\" content=\"Revolution Padel Store\" \/>\n<meta property=\"article:modified_time\" content=\"2026-04-01T08:37:37+00:00\" \/>\n<meta property=\"og:image\" content=\"https:\/\/revolutionpadelstore.com\/wp-content\/uploads\/2024\/04\/17954-0-4.jpg\" \/>\n\t<meta property=\"og:image:width\" content=\"800\" \/>\n\t<meta property=\"og:image:height\" content=\"800\" \/>\n\t<meta property=\"og:image:type\" content=\"image\/png\" \/>\n<meta name=\"twitter:card\" content=\"summary_large_image\" \/>\n<meta name=\"twitter:label1\" content=\"Gesch\u00e4tzte Lesezeit\" \/>\n\t<meta name=\"twitter:data1\" content=\"1\u00a0Minute\" \/>\n<script type=\"application\/ld+json\" class=\"yoast-schema-graph\">{\"@context\":\"https:\\\/\\\/schema.org\",\"@graph\":[{\"@type\":\"WebPage\",\"@id\":\"https:\\\/\\\/revolutionpadelstore.com\\\/de\\\/produkt\\\/pala-royal-padel-m27-light-2024-1\\\/\",\"url\":\"https:\\\/\\\/revolutionpadelstore.com\\\/de\\\/produkt\\\/pala-royal-padel-m27-light-2024-1\\\/\",\"name\":\"Pala Royal Padel M27 Light 2024 - Revolution Padel Store\",\"isPartOf\":{\"@id\":\"https:\\\/\\\/revolutionpadelstore.com\\\/de\\\/#website\"},\"primaryImageOfPage\":{\"@id\":\"https:\\\/\\\/revolutionpadelstore.com\\\/de\\\/produkt\\\/pala-royal-padel-m27-light-2024-1\\\/#primaryimage\"},\"image\":{\"@id\":\"https:\\\/\\\/revolutionpadelstore.com\\\/de\\\/produkt\\\/pala-royal-padel-m27-light-2024-1\\\/#primaryimage\"},\"thumbnailUrl\":\"https:\\\/\\\/revolutionpadelstore.com\\\/wp-content\\\/uploads\\\/2024\\\/04\\\/17954-0-4.jpg\",\"datePublished\":\"2024-04-22T13:22:45+00:00\",\"dateModified\":\"2026-04-01T08:37:37+00:00\",\"description\":\"Descubre la evoluci\u00f3n de la famosa pala M27 con refuerzos de carbono y un peso m\u00e1s ligero en Revolution Padel Store.\",\"breadcrumb\":{\"@id\":\"https:\\\/\\\/revolutionpadelstore.com\\\/de\\\/produkt\\\/pala-royal-padel-m27-light-2024-1\\\/#breadcrumb\"},\"inLanguage\":\"de\",\"potentialAction\":[{\"@type\":\"ReadAction\",\"target\":[\"https:\\\/\\\/revolutionpadelstore.com\\\/de\\\/produkt\\\/pala-royal-padel-m27-light-2024-1\\\/\"]}]},{\"@type\":\"ImageObject\",\"inLanguage\":\"de\",\"@id\":\"https:\\\/\\\/revolutionpadelstore.com\\\/de\\\/produkt\\\/pala-royal-padel-m27-light-2024-1\\\/#primaryimage\",\"url\":\"https:\\\/\\\/revolutionpadelstore.com\\\/wp-content\\\/uploads\\\/2024\\\/04\\\/17954-0-4.jpg\",\"contentUrl\":\"https:\\\/\\\/revolutionpadelstore.com\\\/wp-content\\\/uploads\\\/2024\\\/04\\\/17954-0-4.jpg\",\"width\":800,\"height\":800},{\"@type\":\"BreadcrumbList\",\"@id\":\"https:\\\/\\\/revolutionpadelstore.com\\\/de\\\/produkt\\\/pala-royal-padel-m27-light-2024-1\\\/#breadcrumb\",\"itemListElement\":[{\"@type\":\"ListItem\",\"position\":1,\"name\":\"Portada\",\"item\":\"https:\\\/\\\/revolutionpadelstore.com\\\/de\\\/\"},{\"@type\":\"ListItem\",\"position\":2,\"name\":\"Shop\",\"item\":\"https:\\\/\\\/revolutionpadelstore.com\\\/de\\\/tienda\\\/\"},{\"@type\":\"ListItem\",\"position\":3,\"name\":\"Pala Royal Padel M27 Light 2024\"}]},{\"@type\":\"WebSite\",\"@id\":\"https:\\\/\\\/revolutionpadelstore.com\\\/de\\\/#website\",\"url\":\"https:\\\/\\\/revolutionpadelstore.com\\\/de\\\/\",\"name\":\"Revolution Padel Store\",\"description\":\"\",\"publisher\":{\"@id\":\"https:\\\/\\\/revolutionpadelstore.com\\\/de\\\/#organization\"},\"potentialAction\":[{\"@type\":\"SearchAction\",\"target\":{\"@type\":\"EntryPoint\",\"urlTemplate\":\"https:\\\/\\\/revolutionpadelstore.com\\\/de\\\/?s={search_term_string}\"},\"query-input\":{\"@type\":\"PropertyValueSpecification\",\"valueRequired\":true,\"valueName\":\"search_term_string\"}}],\"inLanguage\":\"de\"},{\"@type\":\"Organization\",\"@id\":\"https:\\\/\\\/revolutionpadelstore.com\\\/de\\\/#organization\",\"name\":\"Revolution Padel Store\",\"url\":\"https:\\\/\\\/revolutionpadelstore.com\\\/de\\\/\",\"logo\":{\"@type\":\"ImageObject\",\"inLanguage\":\"de\",\"@id\":\"https:\\\/\\\/revolutionpadelstore.com\\\/de\\\/#\\\/schema\\\/logo\\\/image\\\/\",\"url\":\"https:\\\/\\\/revolutionpadelstore.com\\\/wp-content\\\/uploads\\\/2026\\\/02\\\/revolution-padel-store.jpg\",\"contentUrl\":\"https:\\\/\\\/revolutionpadelstore.com\\\/wp-content\\\/uploads\\\/2026\\\/02\\\/revolution-padel-store.jpg\",\"width\":2000,\"height\":2000,\"caption\":\"Revolution Padel Store\"},\"image\":{\"@id\":\"https:\\\/\\\/revolutionpadelstore.com\\\/de\\\/#\\\/schema\\\/logo\\\/image\\\/\"},\"sameAs\":[\"https:\\\/\\\/www.instagram.com\\\/revolutionpadelstore\\\/\"]}]}<\/script>\n<!-- \/ Yoast SEO plugin. -->","yoast_head_json":{"title":"Pala Royal Padel M27 Light 2024 - Revolution Padel Store","description":"Descubre la evoluci\u00f3n de la famosa pala M27 con refuerzos de carbono y un peso m\u00e1s ligero en Revolution Padel Store.","robots":{"index":"index","follow":"follow","max-snippet":"max-snippet:-1","max-image-preview":"max-image-preview:large","max-video-preview":"max-video-preview:-1"},"canonical":"https:\/\/revolutionpadelstore.com\/de\/produkt\/pala-royal-padel-m27-light-2024-1\/","og_locale":"de_DE","og_type":"article","og_title":"Pala Royal Padel M27 Light 2024 - Revolution Padel Store","og_description":"Descubre la evoluci\u00f3n de la famosa pala M27 con refuerzos de carbono y un peso m\u00e1s ligero en Revolution Padel Store.","og_url":"https:\/\/revolutionpadelstore.com\/de\/produkt\/pala-royal-padel-m27-light-2024-1\/","og_site_name":"Revolution Padel Store","article_modified_time":"2026-04-01T08:37:37+00:00","og_image":[{"width":800,"height":800,"url":"https:\/\/revolutionpadelstore.com\/wp-content\/uploads\/2024\/04\/17954-0-4.jpg","type":"image\/png"}],"twitter_card":"summary_large_image","twitter_misc":{"Gesch\u00e4tzte Lesezeit":"1\u00a0Minute"},"schema":{"@context":"https:\/\/schema.org","@graph":[{"@type":"WebPage","@id":"https:\/\/revolutionpadelstore.com\/de\/produkt\/pala-royal-padel-m27-light-2024-1\/","url":"https:\/\/revolutionpadelstore.com\/de\/produkt\/pala-royal-padel-m27-light-2024-1\/","name":"Pala Royal Padel M27 Light 2024 - Revolution Padel Store","isPartOf":{"@id":"https:\/\/revolutionpadelstore.com\/de\/#website"},"primaryImageOfPage":{"@id":"https:\/\/revolutionpadelstore.com\/de\/produkt\/pala-royal-padel-m27-light-2024-1\/#primaryimage"},"image":{"@id":"https:\/\/revolutionpadelstore.com\/de\/produkt\/pala-royal-padel-m27-light-2024-1\/#primaryimage"},"thumbnailUrl":"https:\/\/revolutionpadelstore.com\/wp-content\/uploads\/2024\/04\/17954-0-4.jpg","datePublished":"2024-04-22T13:22:45+00:00","dateModified":"2026-04-01T08:37:37+00:00","description":"Descubre la evoluci\u00f3n de la famosa pala M27 con refuerzos de carbono y un peso m\u00e1s ligero en Revolution Padel Store.","breadcrumb":{"@id":"https:\/\/revolutionpadelstore.com\/de\/produkt\/pala-royal-padel-m27-light-2024-1\/#breadcrumb"},"inLanguage":"de","potentialAction":[{"@type":"ReadAction","target":["https:\/\/revolutionpadelstore.com\/de\/produkt\/pala-royal-padel-m27-light-2024-1\/"]}]},{"@type":"ImageObject","inLanguage":"de","@id":"https:\/\/revolutionpadelstore.com\/de\/produkt\/pala-royal-padel-m27-light-2024-1\/#primaryimage","url":"https:\/\/revolutionpadelstore.com\/wp-content\/uploads\/2024\/04\/17954-0-4.jpg","contentUrl":"https:\/\/revolutionpadelstore.com\/wp-content\/uploads\/2024\/04\/17954-0-4.jpg","width":800,"height":800},{"@type":"BreadcrumbList","@id":"https:\/\/revolutionpadelstore.com\/de\/produkt\/pala-royal-padel-m27-light-2024-1\/#breadcrumb","itemListElement":[{"@type":"ListItem","position":1,"name":"Portada","item":"https:\/\/revolutionpadelstore.com\/de\/"},{"@type":"ListItem","position":2,"name":"Shop","item":"https:\/\/revolutionpadelstore.com\/de\/tienda\/"},{"@type":"ListItem","position":3,"name":"Pala Royal Padel M27 Light 2024"}]},{"@type":"WebSite","@id":"https:\/\/revolutionpadelstore.com\/de\/#website","url":"https:\/\/revolutionpadelstore.com\/de\/","name":"Revolution Padel Store","description":"","publisher":{"@id":"https:\/\/revolutionpadelstore.com\/de\/#organization"},"potentialAction":[{"@type":"SearchAction","target":{"@type":"EntryPoint","urlTemplate":"https:\/\/revolutionpadelstore.com\/de\/?s={search_term_string}"},"query-input":{"@type":"PropertyValueSpecification","valueRequired":true,"valueName":"search_term_string"}}],"inLanguage":"de"},{"@type":"Organization","@id":"https:\/\/revolutionpadelstore.com\/de\/#organization","name":"Revolution Padel Store","url":"https:\/\/revolutionpadelstore.com\/de\/","logo":{"@type":"ImageObject","inLanguage":"de","@id":"https:\/\/revolutionpadelstore.com\/de\/#\/schema\/logo\/image\/","url":"https:\/\/revolutionpadelstore.com\/wp-content\/uploads\/2026\/02\/revolution-padel-store.jpg","contentUrl":"https:\/\/revolutionpadelstore.com\/wp-content\/uploads\/2026\/02\/revolution-padel-store.jpg","width":2000,"height":2000,"caption":"Revolution Padel Store"},"image":{"@id":"https:\/\/revolutionpadelstore.com\/de\/#\/schema\/logo\/image\/"},"sameAs":["https:\/\/www.instagram.com\/revolutionpadelstore\/"]}]}},"_links":{"self":[{"href":"https:\/\/revolutionpadelstore.com\/de\/wp-json\/wp\/v2\/product\/19377","targetHints":{"allow":["GET"]}}],"collection":[{"href":"https:\/\/revolutionpadelstore.com\/de\/wp-json\/wp\/v2\/product"}],"about":[{"href":"https:\/\/revolutionpadelstore.com\/de\/wp-json\/wp\/v2\/types\/product"}],"replies":[{"embeddable":true,"href":"https:\/\/revolutionpadelstore.com\/de\/wp-json\/wp\/v2\/comments?post=19377"}],"wp:featuredmedia":[{"embeddable":true,"href":"https:\/\/revolutionpadelstore.com\/de\/wp-json\/wp\/v2\/media\/4791"}],"wp:attachment":[{"href":"https:\/\/revolutionpadelstore.com\/de\/wp-json\/wp\/v2\/media?parent=19377"}],"wp:term":[{"taxonomy":"acabado","embeddable":true,"href":"https:\/\/revolutionpadelstore.com\/de\/wp-json\/wp\/v2\/acabado?post=19377"},{"taxonomy":"balance","embeddable":true,"href":"https:\/\/revolutionpadelstore.com\/de\/wp-json\/wp\/v2\/balance?post=19377"},{"taxonomy":"dureza","embeddable":true,"href":"https:\/\/revolutionpadelstore.com\/de\/wp-json\/wp\/v2\/dureza?post=19377"},{"taxonomy":"forma","embeddable":true,"href":"https:\/\/revolutionpadelstore.com\/de\/wp-json\/wp\/v2\/forma?post=19377"},{"taxonomy":"jugador","embeddable":true,"href":"https:\/\/revolutionpadelstore.com\/de\/wp-json\/wp\/v2\/jugador?post=19377"},{"taxonomy":"marca","embeddable":true,"href":"https:\/\/revolutionpadelstore.com\/de\/wp-json\/wp\/v2\/marca?post=19377"},{"taxonomy":"nivel-de-juego","embeddable":true,"href":"https:\/\/revolutionpadelstore.com\/de\/wp-json\/wp\/v2\/nivel-de-juego?post=19377"},{"taxonomy":"superficie","embeddable":true,"href":"https:\/\/revolutionpadelstore.com\/de\/wp-json\/wp\/v2\/superficie?post=19377"},{"taxonomy":"tipo-de-juego","embeddable":true,"href":"https:\/\/revolutionpadelstore.com\/de\/wp-json\/wp\/v2\/tipo-de-juego?post=19377"},{"taxonomy":"product_brand","embeddable":true,"href":"https:\/\/revolutionpadelstore.com\/de\/wp-json\/wp\/v2\/product_brand?post=19377"},{"taxonomy":"product_cat","embeddable":true,"href":"https:\/\/revolutionpadelstore.com\/de\/wp-json\/wp\/v2\/product_cat?post=19377"},{"taxonomy":"product_tag","embeddable":true,"href":"https:\/\/revolutionpadelstore.com\/de\/wp-json\/wp\/v2\/product_tag?post=19377"}],"curies":[{"name":"wp","href":"https:\/\/api.w.org\/{rel}","templated":true}]}}