{"id":19087,"date":"2024-04-22T15:22:55","date_gmt":"2024-04-22T13:22:55","guid":{"rendered":"https:\/\/revolutionpadelstore.com\/pala-wilson-accent-lt\/"},"modified":"2026-04-08T13:50:08","modified_gmt":"2026-04-08T11:50:08","slug":"pala-wilson-accent-lt-1","status":"publish","type":"product","link":"https:\/\/revolutionpadelstore.com\/de\/produkt\/pala-wilson-accent-lt-1\/","title":{"rendered":"Pala Wilson Accent LT"},"content":{"rendered":"<p>Entdecken Sie den Wilson Accent LT Schl\u00e4ger im Revolution Padel Store! Das innovativste und umfassendste Padel-Fachgesch\u00e4ft auf dem Markt. Wir pr\u00e4sentieren Ihnen die neueste Innovation bei Padelschl\u00e4gern: den Wilson Accent LT Schl\u00e4ger. Mit seinem eleganten, sch\u00f6nen und kraftvollen Design garantiert dieser Schl\u00e4ger ein au\u00dfergew\u00f6hnliches Spiel bei jedem Schlag.<\/p>\n<p> Die leichteste Version der Accent-Kollektion, der Accent LT, ist perfekt f\u00fcr Gelegenheitsspieler, die einen beeindruckenden Schl\u00e4ger suchen, der einfach zu handhaben ist und komfortable Power erzeugt. Dank der weichen EVA-Schaumtechnologie, der Tropfenform und der verst\u00e4rkten Schlagfl\u00e4che bietet Ihnen dieser Schl\u00e4ger unvergleichliche Kontrolle und Power auf dem Platz.<\/p>\n<p> Dar\u00fcber hinaus verf\u00fcgt der Wilson Accent LT Schl\u00e4ger \u00fcber eine abnehmbare Handgelenkschlaufe, sodass Sie ihn w\u00e4hrend des Trainings oder Spiels jederzeit wechseln k\u00f6nnen. Seine dickere Textur erh\u00f6ht die Kontaktzeit mit der Schlagfl\u00e4che des Schl\u00e4gers und sorgt f\u00fcr einen D\u00e4mpfungseffekt, der bei jedem Schlag maximalen Komfort und m\u00fchelose Kraft erzeugt.<\/p>\n<p> Seine Form erh\u00f6ht die D\u00e4mpfung \u00fcber die gesamte Schlagfl\u00e4che und verengt das Profil, um Vibrationen zu reduzieren und den Sweet Spot zu verbessern. Mit einem gepolsterten Gef\u00fchl und einer beeindruckenden Sto\u00dfd\u00e4mpfung bietet Ihnen dieser Schl\u00e4ger eine effektive Kombination aus Komfort und leichter Kraft.<\/p>\n<p> Der Wilson Accent LT Schl\u00e4ger verf\u00fcgt au\u00dferdem \u00fcber ein revolution\u00e4res konkaves Design entlang der Kante, das den Sweet Spot und die Spielfl\u00e4che vergr\u00f6\u00dfert und so die Schlagkraft erh\u00f6ht. Seine exklusive Polyurethan- und Izo-Zorb-Legierung bietet eine hervorragende Kombination aus Griffigkeit und D\u00e4mpfung.<\/p>\n<p> Dar\u00fcber hinaus l\u00e4sst sich die Konstruktion leicht am Griff des Paddelschl\u00e4gers befestigen und wieder abnehmen, sodass Sie die Art und Farbe der Handgelenksschnur problemlos austauschen oder anpassen k\u00f6nnen. Und nicht nur das: Durch die Zusammensetzung aus organischem Agiplast-Nylon wird der Gesamtmaterialverbrauch f\u00fcr die Griffabdeckung um 20% reduziert<\/p>\n","protected":false},"excerpt":{"rendered":"<p>Entdecken Sie den leistungsstarken und eleganten Wilson Accent LT Padelschl\u00e4ger im Revolution Padel Store. Leicht, komfortabel und mit fortschrittlicher Technologie.<\/p>\n","protected":false},"featured_media":48164,"comment_status":"closed","ping_status":"closed","template":"","meta":{"_acf_changed":false,"_joinchat":[]},"acabado":[],"balance":[],"dureza":[],"forma":[],"jugador":[1189,1199],"marca":[1264],"nivel-de-juego":[],"superficie":[],"tipo-de-juego":[],"product_brand":[],"product_cat":[299],"product_tag":[],"class_list":{"0":"post-19087","1":"product","2":"type-product","3":"status-publish","4":"has-post-thumbnail","6":"jugador-mann","7":"jugador-mehrzweck","8":"marca-wilson-de","9":"product_cat-palas-de-padel-de","11":"first","12":"instock","13":"sale","14":"taxable","15":"shipping-taxable","16":"purchasable","17":"product-type-simple"},"acf":[],"yoast_head":"<!-- This site is optimized with the Yoast SEO plugin v27.4 - https:\/\/yoast.com\/product\/yoast-seo-wordpress\/ -->\n<title>Pala Wilson Accent LT - Revolution Padel Store<\/title>\n<meta name=\"description\" content=\"Descubre la poderosa y elegante pala de padel Wilson Accent LT en Revolution Padel Store. Ligera, c\u00f3moda y con tecnolog\u00eda avanzada.\" \/>\n<meta name=\"robots\" content=\"index, follow, max-snippet:-1, max-image-preview:large, max-video-preview:-1\" \/>\n<link rel=\"canonical\" href=\"https:\/\/revolutionpadelstore.com\/de\/produkt\/pala-wilson-accent-lt-1\/\" \/>\n<meta property=\"og:locale\" content=\"de_DE\" \/>\n<meta property=\"og:type\" content=\"article\" \/>\n<meta property=\"og:title\" content=\"Pala Wilson Accent LT - Revolution Padel Store\" \/>\n<meta property=\"og:description\" content=\"Descubre la poderosa y elegante pala de padel Wilson Accent LT en Revolution Padel Store. Ligera, c\u00f3moda y con tecnolog\u00eda avanzada.\" \/>\n<meta property=\"og:url\" content=\"https:\/\/revolutionpadelstore.com\/de\/produkt\/pala-wilson-accent-lt-1\/\" \/>\n<meta property=\"og:site_name\" content=\"Revolution Padel Store\" \/>\n<meta property=\"article:modified_time\" content=\"2026-04-08T11:50:08+00:00\" \/>\n<meta property=\"og:image\" content=\"https:\/\/revolutionpadelstore.com\/wp-content\/uploads\/2024\/04\/17430-0-4.jpg\" \/>\n\t<meta property=\"og:image:width\" content=\"800\" \/>\n\t<meta property=\"og:image:height\" content=\"800\" \/>\n\t<meta property=\"og:image:type\" content=\"image\/png\" \/>\n<meta name=\"twitter:card\" content=\"summary_large_image\" \/>\n<meta name=\"twitter:label1\" content=\"Gesch\u00e4tzte Lesezeit\" \/>\n\t<meta name=\"twitter:data1\" content=\"2\u00a0Minuten\" \/>\n<script type=\"application\/ld+json\" class=\"yoast-schema-graph\">{\"@context\":\"https:\\\/\\\/schema.org\",\"@graph\":[{\"@type\":\"WebPage\",\"@id\":\"https:\\\/\\\/revolutionpadelstore.com\\\/de\\\/produkt\\\/pala-wilson-accent-lt-1\\\/\",\"url\":\"https:\\\/\\\/revolutionpadelstore.com\\\/de\\\/produkt\\\/pala-wilson-accent-lt-1\\\/\",\"name\":\"Pala Wilson Accent LT - Revolution Padel Store\",\"isPartOf\":{\"@id\":\"https:\\\/\\\/revolutionpadelstore.com\\\/de\\\/#website\"},\"primaryImageOfPage\":{\"@id\":\"https:\\\/\\\/revolutionpadelstore.com\\\/de\\\/produkt\\\/pala-wilson-accent-lt-1\\\/#primaryimage\"},\"image\":{\"@id\":\"https:\\\/\\\/revolutionpadelstore.com\\\/de\\\/produkt\\\/pala-wilson-accent-lt-1\\\/#primaryimage\"},\"thumbnailUrl\":\"https:\\\/\\\/revolutionpadelstore.com\\\/wp-content\\\/uploads\\\/2024\\\/04\\\/17430-0-4.jpg\",\"datePublished\":\"2024-04-22T13:22:55+00:00\",\"dateModified\":\"2026-04-08T11:50:08+00:00\",\"description\":\"Descubre la poderosa y elegante pala de padel Wilson Accent LT en Revolution Padel Store. Ligera, c\u00f3moda y con tecnolog\u00eda avanzada.\",\"breadcrumb\":{\"@id\":\"https:\\\/\\\/revolutionpadelstore.com\\\/de\\\/produkt\\\/pala-wilson-accent-lt-1\\\/#breadcrumb\"},\"inLanguage\":\"de\",\"potentialAction\":[{\"@type\":\"ReadAction\",\"target\":[\"https:\\\/\\\/revolutionpadelstore.com\\\/de\\\/produkt\\\/pala-wilson-accent-lt-1\\\/\"]}]},{\"@type\":\"ImageObject\",\"inLanguage\":\"de\",\"@id\":\"https:\\\/\\\/revolutionpadelstore.com\\\/de\\\/produkt\\\/pala-wilson-accent-lt-1\\\/#primaryimage\",\"url\":\"https:\\\/\\\/revolutionpadelstore.com\\\/wp-content\\\/uploads\\\/2024\\\/04\\\/17430-0-4.jpg\",\"contentUrl\":\"https:\\\/\\\/revolutionpadelstore.com\\\/wp-content\\\/uploads\\\/2024\\\/04\\\/17430-0-4.jpg\",\"width\":800,\"height\":800},{\"@type\":\"BreadcrumbList\",\"@id\":\"https:\\\/\\\/revolutionpadelstore.com\\\/de\\\/produkt\\\/pala-wilson-accent-lt-1\\\/#breadcrumb\",\"itemListElement\":[{\"@type\":\"ListItem\",\"position\":1,\"name\":\"Portada\",\"item\":\"https:\\\/\\\/revolutionpadelstore.com\\\/de\\\/\"},{\"@type\":\"ListItem\",\"position\":2,\"name\":\"Shop\",\"item\":\"https:\\\/\\\/revolutionpadelstore.com\\\/de\\\/tienda\\\/\"},{\"@type\":\"ListItem\",\"position\":3,\"name\":\"Pala Wilson Accent LT\"}]},{\"@type\":\"WebSite\",\"@id\":\"https:\\\/\\\/revolutionpadelstore.com\\\/de\\\/#website\",\"url\":\"https:\\\/\\\/revolutionpadelstore.com\\\/de\\\/\",\"name\":\"Revolution Padel Store\",\"description\":\"\",\"publisher\":{\"@id\":\"https:\\\/\\\/revolutionpadelstore.com\\\/de\\\/#organization\"},\"potentialAction\":[{\"@type\":\"SearchAction\",\"target\":{\"@type\":\"EntryPoint\",\"urlTemplate\":\"https:\\\/\\\/revolutionpadelstore.com\\\/de\\\/?s={search_term_string}\"},\"query-input\":{\"@type\":\"PropertyValueSpecification\",\"valueRequired\":true,\"valueName\":\"search_term_string\"}}],\"inLanguage\":\"de\"},{\"@type\":\"Organization\",\"@id\":\"https:\\\/\\\/revolutionpadelstore.com\\\/de\\\/#organization\",\"name\":\"Revolution Padel Store\",\"url\":\"https:\\\/\\\/revolutionpadelstore.com\\\/de\\\/\",\"logo\":{\"@type\":\"ImageObject\",\"inLanguage\":\"de\",\"@id\":\"https:\\\/\\\/revolutionpadelstore.com\\\/de\\\/#\\\/schema\\\/logo\\\/image\\\/\",\"url\":\"https:\\\/\\\/revolutionpadelstore.com\\\/wp-content\\\/uploads\\\/2026\\\/02\\\/revolution-padel-store.jpg\",\"contentUrl\":\"https:\\\/\\\/revolutionpadelstore.com\\\/wp-content\\\/uploads\\\/2026\\\/02\\\/revolution-padel-store.jpg\",\"width\":2000,\"height\":2000,\"caption\":\"Revolution Padel Store\"},\"image\":{\"@id\":\"https:\\\/\\\/revolutionpadelstore.com\\\/de\\\/#\\\/schema\\\/logo\\\/image\\\/\"},\"sameAs\":[\"https:\\\/\\\/www.instagram.com\\\/revolutionpadelstore\\\/\"]}]}<\/script>\n<!-- \/ Yoast SEO plugin. -->","yoast_head_json":{"title":"Pala Wilson Accent LT - Revolution Padel Store","description":"Descubre la poderosa y elegante pala de padel Wilson Accent LT en Revolution Padel Store. Ligera, c\u00f3moda y con tecnolog\u00eda avanzada.","robots":{"index":"index","follow":"follow","max-snippet":"max-snippet:-1","max-image-preview":"max-image-preview:large","max-video-preview":"max-video-preview:-1"},"canonical":"https:\/\/revolutionpadelstore.com\/de\/produkt\/pala-wilson-accent-lt-1\/","og_locale":"de_DE","og_type":"article","og_title":"Pala Wilson Accent LT - Revolution Padel Store","og_description":"Descubre la poderosa y elegante pala de padel Wilson Accent LT en Revolution Padel Store. Ligera, c\u00f3moda y con tecnolog\u00eda avanzada.","og_url":"https:\/\/revolutionpadelstore.com\/de\/produkt\/pala-wilson-accent-lt-1\/","og_site_name":"Revolution Padel Store","article_modified_time":"2026-04-08T11:50:08+00:00","og_image":[{"width":800,"height":800,"url":"https:\/\/revolutionpadelstore.com\/wp-content\/uploads\/2024\/04\/17430-0-4.jpg","type":"image\/png"}],"twitter_card":"summary_large_image","twitter_misc":{"Gesch\u00e4tzte Lesezeit":"2\u00a0Minuten"},"schema":{"@context":"https:\/\/schema.org","@graph":[{"@type":"WebPage","@id":"https:\/\/revolutionpadelstore.com\/de\/produkt\/pala-wilson-accent-lt-1\/","url":"https:\/\/revolutionpadelstore.com\/de\/produkt\/pala-wilson-accent-lt-1\/","name":"Pala Wilson Accent LT - Revolution Padel Store","isPartOf":{"@id":"https:\/\/revolutionpadelstore.com\/de\/#website"},"primaryImageOfPage":{"@id":"https:\/\/revolutionpadelstore.com\/de\/produkt\/pala-wilson-accent-lt-1\/#primaryimage"},"image":{"@id":"https:\/\/revolutionpadelstore.com\/de\/produkt\/pala-wilson-accent-lt-1\/#primaryimage"},"thumbnailUrl":"https:\/\/revolutionpadelstore.com\/wp-content\/uploads\/2024\/04\/17430-0-4.jpg","datePublished":"2024-04-22T13:22:55+00:00","dateModified":"2026-04-08T11:50:08+00:00","description":"Descubre la poderosa y elegante pala de padel Wilson Accent LT en Revolution Padel Store. Ligera, c\u00f3moda y con tecnolog\u00eda avanzada.","breadcrumb":{"@id":"https:\/\/revolutionpadelstore.com\/de\/produkt\/pala-wilson-accent-lt-1\/#breadcrumb"},"inLanguage":"de","potentialAction":[{"@type":"ReadAction","target":["https:\/\/revolutionpadelstore.com\/de\/produkt\/pala-wilson-accent-lt-1\/"]}]},{"@type":"ImageObject","inLanguage":"de","@id":"https:\/\/revolutionpadelstore.com\/de\/produkt\/pala-wilson-accent-lt-1\/#primaryimage","url":"https:\/\/revolutionpadelstore.com\/wp-content\/uploads\/2024\/04\/17430-0-4.jpg","contentUrl":"https:\/\/revolutionpadelstore.com\/wp-content\/uploads\/2024\/04\/17430-0-4.jpg","width":800,"height":800},{"@type":"BreadcrumbList","@id":"https:\/\/revolutionpadelstore.com\/de\/produkt\/pala-wilson-accent-lt-1\/#breadcrumb","itemListElement":[{"@type":"ListItem","position":1,"name":"Portada","item":"https:\/\/revolutionpadelstore.com\/de\/"},{"@type":"ListItem","position":2,"name":"Shop","item":"https:\/\/revolutionpadelstore.com\/de\/tienda\/"},{"@type":"ListItem","position":3,"name":"Pala Wilson Accent LT"}]},{"@type":"WebSite","@id":"https:\/\/revolutionpadelstore.com\/de\/#website","url":"https:\/\/revolutionpadelstore.com\/de\/","name":"Revolution Padel Store","description":"","publisher":{"@id":"https:\/\/revolutionpadelstore.com\/de\/#organization"},"potentialAction":[{"@type":"SearchAction","target":{"@type":"EntryPoint","urlTemplate":"https:\/\/revolutionpadelstore.com\/de\/?s={search_term_string}"},"query-input":{"@type":"PropertyValueSpecification","valueRequired":true,"valueName":"search_term_string"}}],"inLanguage":"de"},{"@type":"Organization","@id":"https:\/\/revolutionpadelstore.com\/de\/#organization","name":"Revolution Padel Store","url":"https:\/\/revolutionpadelstore.com\/de\/","logo":{"@type":"ImageObject","inLanguage":"de","@id":"https:\/\/revolutionpadelstore.com\/de\/#\/schema\/logo\/image\/","url":"https:\/\/revolutionpadelstore.com\/wp-content\/uploads\/2026\/02\/revolution-padel-store.jpg","contentUrl":"https:\/\/revolutionpadelstore.com\/wp-content\/uploads\/2026\/02\/revolution-padel-store.jpg","width":2000,"height":2000,"caption":"Revolution Padel Store"},"image":{"@id":"https:\/\/revolutionpadelstore.com\/de\/#\/schema\/logo\/image\/"},"sameAs":["https:\/\/www.instagram.com\/revolutionpadelstore\/"]}]}},"_links":{"self":[{"href":"https:\/\/revolutionpadelstore.com\/de\/wp-json\/wp\/v2\/product\/19087","targetHints":{"allow":["GET"]}}],"collection":[{"href":"https:\/\/revolutionpadelstore.com\/de\/wp-json\/wp\/v2\/product"}],"about":[{"href":"https:\/\/revolutionpadelstore.com\/de\/wp-json\/wp\/v2\/types\/product"}],"replies":[{"embeddable":true,"href":"https:\/\/revolutionpadelstore.com\/de\/wp-json\/wp\/v2\/comments?post=19087"}],"wp:featuredmedia":[{"embeddable":true,"href":"https:\/\/revolutionpadelstore.com\/de\/wp-json\/wp\/v2\/media\/48164"}],"wp:attachment":[{"href":"https:\/\/revolutionpadelstore.com\/de\/wp-json\/wp\/v2\/media?parent=19087"}],"wp:term":[{"taxonomy":"acabado","embeddable":true,"href":"https:\/\/revolutionpadelstore.com\/de\/wp-json\/wp\/v2\/acabado?post=19087"},{"taxonomy":"balance","embeddable":true,"href":"https:\/\/revolutionpadelstore.com\/de\/wp-json\/wp\/v2\/balance?post=19087"},{"taxonomy":"dureza","embeddable":true,"href":"https:\/\/revolutionpadelstore.com\/de\/wp-json\/wp\/v2\/dureza?post=19087"},{"taxonomy":"forma","embeddable":true,"href":"https:\/\/revolutionpadelstore.com\/de\/wp-json\/wp\/v2\/forma?post=19087"},{"taxonomy":"jugador","embeddable":true,"href":"https:\/\/revolutionpadelstore.com\/de\/wp-json\/wp\/v2\/jugador?post=19087"},{"taxonomy":"marca","embeddable":true,"href":"https:\/\/revolutionpadelstore.com\/de\/wp-json\/wp\/v2\/marca?post=19087"},{"taxonomy":"nivel-de-juego","embeddable":true,"href":"https:\/\/revolutionpadelstore.com\/de\/wp-json\/wp\/v2\/nivel-de-juego?post=19087"},{"taxonomy":"superficie","embeddable":true,"href":"https:\/\/revolutionpadelstore.com\/de\/wp-json\/wp\/v2\/superficie?post=19087"},{"taxonomy":"tipo-de-juego","embeddable":true,"href":"https:\/\/revolutionpadelstore.com\/de\/wp-json\/wp\/v2\/tipo-de-juego?post=19087"},{"taxonomy":"product_brand","embeddable":true,"href":"https:\/\/revolutionpadelstore.com\/de\/wp-json\/wp\/v2\/product_brand?post=19087"},{"taxonomy":"product_cat","embeddable":true,"href":"https:\/\/revolutionpadelstore.com\/de\/wp-json\/wp\/v2\/product_cat?post=19087"},{"taxonomy":"product_tag","embeddable":true,"href":"https:\/\/revolutionpadelstore.com\/de\/wp-json\/wp\/v2\/product_tag?post=19087"}],"curies":[{"name":"wp","href":"https:\/\/api.w.org\/{rel}","templated":true}]}}