{"id":18887,"date":"2024-04-22T15:23:00","date_gmt":"2024-04-22T13:23:00","guid":{"rendered":"https:\/\/revolutionpadelstore.com\/camiseta-bullpadel-lacar-azul-intenso\/"},"modified":"2026-04-08T13:38:11","modified_gmt":"2026-04-08T11:38:11","slug":"camiseta-bullpadel-lacar-azul-intenso-1","status":"publish","type":"product","link":"https:\/\/revolutionpadelstore.com\/de\/produkt\/camiseta-bullpadel-lacar-azul-intenso-1\/","title":{"rendered":"Camiseta Bullpadel Lacar Azul Intenso"},"content":{"rendered":"<p>Kaufen Sie das Bullpadel Lacar Intense Blue T-Shirt im Revolution Padel Store \u2013 Intelock-Technologie und Quickerdry-Finish. Wenn Sie ein Padel-Liebhaber sind und nach einem hochwertigen T-Shirt suchen, das Ihnen auf dem Platz Komfort und Stil bietet, d\u00fcrfen Sie das neue Bullpadel Lacar Intense Blue T-Shirt nicht verpassen. <\/p>\n<p> Dieses technische T-Shirt besteht aus dem innovativen Intelock-Gewebe, das eine l\u00e4ngere Haltbarkeit und Verschlei\u00dffestigkeit garantiert. Dar\u00fcber hinaus machen das attraktive Design auf der Brust und das zweifarbige Detail am Hals es zu einem einzigartigen und auff\u00e4lligen Kleidungsst\u00fcck. <\/p>\n<p> Aber das ist noch nicht alles: Das Bullpadel Lacar Intense Blue T-Shirt verf\u00fcgt au\u00dferdem \u00fcber die Quickerdry-Ausr\u00fcstung, eine Technologie, die Mikrofilamente verwendet, um die Luftfeuchtigkeit zu reduzieren und die Schwei\u00dfbildung zu unterst\u00fctzen, sodass Sie auch bei Ihren intensivsten Spielen k\u00fchl und trocken bleiben. <\/p>\n<p> Warten Sie nicht l\u00e4nger und holen Sie sich das Bullpadel Lacar Intense Blue T-Shirt im Revolution Padel Store, dem auf hochwertige Padel-Produkte spezialisierten Gesch\u00e4ft. Vertrauen Sie uns und genie\u00dfen Sie die beste Technologie und das beste Design in einem einzigen Kleidungsst\u00fcck. Sie werden es nicht bereuen!<\/p>\n","protected":false},"excerpt":{"rendered":"<p>Bullpadel Lacar Intense Blue T-Shirt mit Intelock-Technologie und Quickerdry-Finish im Revolution Padel Store<\/p>\n","protected":false},"featured_media":5034,"comment_status":"closed","ping_status":"open","template":"","meta":{"_acf_changed":false,"_joinchat":[]},"acabado":[],"balance":[],"dureza":[],"forma":[],"jugador":[1189],"marca":[1254],"nivel-de-juego":[],"superficie":[],"tipo-de-juego":[],"product_brand":[],"product_cat":[324,323],"product_tag":[],"class_list":{"0":"post-18887","1":"product","2":"type-product","3":"status-publish","4":"has-post-thumbnail","6":"jugador-mann","7":"marca-bullpadel-de","8":"product_cat-premier-spielerbekleidung","9":"product_cat-ropa-de","11":"first","12":"outofstock","13":"sale","14":"taxable","15":"shipping-taxable","16":"purchasable","17":"product-type-variable"},"acf":[],"yoast_head":"<!-- This site is optimized with the Yoast SEO plugin v27.4 - https:\/\/yoast.com\/product\/yoast-seo-wordpress\/ -->\n<title>Camiseta Bullpadel Lacar Azul Intenso - Revolution Padel Store<\/title>\n<meta name=\"description\" content=\"Camiseta Bullpadel Lacar Azul Intenso con tecnolog\u00eda Intelock y acabado Quickerdry en Revolution Padel Store\" \/>\n<meta name=\"robots\" content=\"index, follow, max-snippet:-1, max-image-preview:large, max-video-preview:-1\" \/>\n<link rel=\"canonical\" href=\"https:\/\/revolutionpadelstore.com\/de\/produkt\/camiseta-bullpadel-lacar-azul-intenso-1\/\" \/>\n<meta property=\"og:locale\" content=\"de_DE\" \/>\n<meta property=\"og:type\" content=\"article\" \/>\n<meta property=\"og:title\" content=\"Camiseta Bullpadel Lacar Azul Intenso - Revolution Padel Store\" \/>\n<meta property=\"og:description\" content=\"Camiseta Bullpadel Lacar Azul Intenso con tecnolog\u00eda Intelock y acabado Quickerdry en Revolution Padel Store\" \/>\n<meta property=\"og:url\" content=\"https:\/\/revolutionpadelstore.com\/de\/produkt\/camiseta-bullpadel-lacar-azul-intenso-1\/\" \/>\n<meta property=\"og:site_name\" content=\"Revolution Padel Store\" \/>\n<meta property=\"article:modified_time\" content=\"2026-04-08T11:38:11+00:00\" \/>\n<meta property=\"og:image\" content=\"https:\/\/revolutionpadelstore.com\/wp-content\/uploads\/2024\/04\/18757-0-4.jpg\" \/>\n\t<meta property=\"og:image:width\" content=\"800\" \/>\n\t<meta property=\"og:image:height\" content=\"800\" \/>\n\t<meta property=\"og:image:type\" content=\"image\/png\" \/>\n<meta name=\"twitter:card\" content=\"summary_large_image\" \/>\n<meta name=\"twitter:label1\" content=\"Gesch\u00e4tzte Lesezeit\" \/>\n\t<meta name=\"twitter:data1\" content=\"1\u00a0Minute\" \/>\n<script type=\"application\/ld+json\" class=\"yoast-schema-graph\">{\"@context\":\"https:\\\/\\\/schema.org\",\"@graph\":[{\"@type\":\"WebPage\",\"@id\":\"https:\\\/\\\/revolutionpadelstore.com\\\/de\\\/produkt\\\/camiseta-bullpadel-lacar-azul-intenso-1\\\/\",\"url\":\"https:\\\/\\\/revolutionpadelstore.com\\\/de\\\/produkt\\\/camiseta-bullpadel-lacar-azul-intenso-1\\\/\",\"name\":\"Camiseta Bullpadel Lacar Azul Intenso - Revolution Padel Store\",\"isPartOf\":{\"@id\":\"https:\\\/\\\/revolutionpadelstore.com\\\/de\\\/#website\"},\"primaryImageOfPage\":{\"@id\":\"https:\\\/\\\/revolutionpadelstore.com\\\/de\\\/produkt\\\/camiseta-bullpadel-lacar-azul-intenso-1\\\/#primaryimage\"},\"image\":{\"@id\":\"https:\\\/\\\/revolutionpadelstore.com\\\/de\\\/produkt\\\/camiseta-bullpadel-lacar-azul-intenso-1\\\/#primaryimage\"},\"thumbnailUrl\":\"https:\\\/\\\/revolutionpadelstore.com\\\/wp-content\\\/uploads\\\/2024\\\/04\\\/18757-0-4.jpg\",\"datePublished\":\"2024-04-22T13:23:00+00:00\",\"dateModified\":\"2026-04-08T11:38:11+00:00\",\"description\":\"Camiseta Bullpadel Lacar Azul Intenso con tecnolog\u00eda Intelock y acabado Quickerdry en Revolution Padel Store\",\"breadcrumb\":{\"@id\":\"https:\\\/\\\/revolutionpadelstore.com\\\/de\\\/produkt\\\/camiseta-bullpadel-lacar-azul-intenso-1\\\/#breadcrumb\"},\"inLanguage\":\"de\",\"potentialAction\":[{\"@type\":\"ReadAction\",\"target\":[\"https:\\\/\\\/revolutionpadelstore.com\\\/de\\\/produkt\\\/camiseta-bullpadel-lacar-azul-intenso-1\\\/\"]}]},{\"@type\":\"ImageObject\",\"inLanguage\":\"de\",\"@id\":\"https:\\\/\\\/revolutionpadelstore.com\\\/de\\\/produkt\\\/camiseta-bullpadel-lacar-azul-intenso-1\\\/#primaryimage\",\"url\":\"https:\\\/\\\/revolutionpadelstore.com\\\/wp-content\\\/uploads\\\/2024\\\/04\\\/18757-0-4.jpg\",\"contentUrl\":\"https:\\\/\\\/revolutionpadelstore.com\\\/wp-content\\\/uploads\\\/2024\\\/04\\\/18757-0-4.jpg\",\"width\":800,\"height\":800},{\"@type\":\"BreadcrumbList\",\"@id\":\"https:\\\/\\\/revolutionpadelstore.com\\\/de\\\/produkt\\\/camiseta-bullpadel-lacar-azul-intenso-1\\\/#breadcrumb\",\"itemListElement\":[{\"@type\":\"ListItem\",\"position\":1,\"name\":\"Portada\",\"item\":\"https:\\\/\\\/revolutionpadelstore.com\\\/de\\\/\"},{\"@type\":\"ListItem\",\"position\":2,\"name\":\"Shop\",\"item\":\"https:\\\/\\\/revolutionpadelstore.com\\\/de\\\/tienda\\\/\"},{\"@type\":\"ListItem\",\"position\":3,\"name\":\"Camiseta Bullpadel Lacar Azul Intenso\"}]},{\"@type\":\"WebSite\",\"@id\":\"https:\\\/\\\/revolutionpadelstore.com\\\/de\\\/#website\",\"url\":\"https:\\\/\\\/revolutionpadelstore.com\\\/de\\\/\",\"name\":\"Revolution Padel Store\",\"description\":\"\",\"publisher\":{\"@id\":\"https:\\\/\\\/revolutionpadelstore.com\\\/de\\\/#organization\"},\"potentialAction\":[{\"@type\":\"SearchAction\",\"target\":{\"@type\":\"EntryPoint\",\"urlTemplate\":\"https:\\\/\\\/revolutionpadelstore.com\\\/de\\\/?s={search_term_string}\"},\"query-input\":{\"@type\":\"PropertyValueSpecification\",\"valueRequired\":true,\"valueName\":\"search_term_string\"}}],\"inLanguage\":\"de\"},{\"@type\":\"Organization\",\"@id\":\"https:\\\/\\\/revolutionpadelstore.com\\\/de\\\/#organization\",\"name\":\"Revolution Padel Store\",\"url\":\"https:\\\/\\\/revolutionpadelstore.com\\\/de\\\/\",\"logo\":{\"@type\":\"ImageObject\",\"inLanguage\":\"de\",\"@id\":\"https:\\\/\\\/revolutionpadelstore.com\\\/de\\\/#\\\/schema\\\/logo\\\/image\\\/\",\"url\":\"https:\\\/\\\/revolutionpadelstore.com\\\/wp-content\\\/uploads\\\/2026\\\/02\\\/revolution-padel-store.jpg\",\"contentUrl\":\"https:\\\/\\\/revolutionpadelstore.com\\\/wp-content\\\/uploads\\\/2026\\\/02\\\/revolution-padel-store.jpg\",\"width\":2000,\"height\":2000,\"caption\":\"Revolution Padel Store\"},\"image\":{\"@id\":\"https:\\\/\\\/revolutionpadelstore.com\\\/de\\\/#\\\/schema\\\/logo\\\/image\\\/\"},\"sameAs\":[\"https:\\\/\\\/www.instagram.com\\\/revolutionpadelstore\\\/\"]}]}<\/script>\n<!-- \/ Yoast SEO plugin. -->","yoast_head_json":{"title":"Camiseta Bullpadel Lacar Azul Intenso - Revolution Padel Store","description":"Camiseta Bullpadel Lacar Azul Intenso con tecnolog\u00eda Intelock y acabado Quickerdry en Revolution Padel Store","robots":{"index":"index","follow":"follow","max-snippet":"max-snippet:-1","max-image-preview":"max-image-preview:large","max-video-preview":"max-video-preview:-1"},"canonical":"https:\/\/revolutionpadelstore.com\/de\/produkt\/camiseta-bullpadel-lacar-azul-intenso-1\/","og_locale":"de_DE","og_type":"article","og_title":"Camiseta Bullpadel Lacar Azul Intenso - Revolution Padel Store","og_description":"Camiseta Bullpadel Lacar Azul Intenso con tecnolog\u00eda Intelock y acabado Quickerdry en Revolution Padel Store","og_url":"https:\/\/revolutionpadelstore.com\/de\/produkt\/camiseta-bullpadel-lacar-azul-intenso-1\/","og_site_name":"Revolution Padel Store","article_modified_time":"2026-04-08T11:38:11+00:00","og_image":[{"width":800,"height":800,"url":"https:\/\/revolutionpadelstore.com\/wp-content\/uploads\/2024\/04\/18757-0-4.jpg","type":"image\/png"}],"twitter_card":"summary_large_image","twitter_misc":{"Gesch\u00e4tzte Lesezeit":"1\u00a0Minute"},"schema":{"@context":"https:\/\/schema.org","@graph":[{"@type":"WebPage","@id":"https:\/\/revolutionpadelstore.com\/de\/produkt\/camiseta-bullpadel-lacar-azul-intenso-1\/","url":"https:\/\/revolutionpadelstore.com\/de\/produkt\/camiseta-bullpadel-lacar-azul-intenso-1\/","name":"Camiseta Bullpadel Lacar Azul Intenso - Revolution Padel Store","isPartOf":{"@id":"https:\/\/revolutionpadelstore.com\/de\/#website"},"primaryImageOfPage":{"@id":"https:\/\/revolutionpadelstore.com\/de\/produkt\/camiseta-bullpadel-lacar-azul-intenso-1\/#primaryimage"},"image":{"@id":"https:\/\/revolutionpadelstore.com\/de\/produkt\/camiseta-bullpadel-lacar-azul-intenso-1\/#primaryimage"},"thumbnailUrl":"https:\/\/revolutionpadelstore.com\/wp-content\/uploads\/2024\/04\/18757-0-4.jpg","datePublished":"2024-04-22T13:23:00+00:00","dateModified":"2026-04-08T11:38:11+00:00","description":"Camiseta Bullpadel Lacar Azul Intenso con tecnolog\u00eda Intelock y acabado Quickerdry en Revolution Padel Store","breadcrumb":{"@id":"https:\/\/revolutionpadelstore.com\/de\/produkt\/camiseta-bullpadel-lacar-azul-intenso-1\/#breadcrumb"},"inLanguage":"de","potentialAction":[{"@type":"ReadAction","target":["https:\/\/revolutionpadelstore.com\/de\/produkt\/camiseta-bullpadel-lacar-azul-intenso-1\/"]}]},{"@type":"ImageObject","inLanguage":"de","@id":"https:\/\/revolutionpadelstore.com\/de\/produkt\/camiseta-bullpadel-lacar-azul-intenso-1\/#primaryimage","url":"https:\/\/revolutionpadelstore.com\/wp-content\/uploads\/2024\/04\/18757-0-4.jpg","contentUrl":"https:\/\/revolutionpadelstore.com\/wp-content\/uploads\/2024\/04\/18757-0-4.jpg","width":800,"height":800},{"@type":"BreadcrumbList","@id":"https:\/\/revolutionpadelstore.com\/de\/produkt\/camiseta-bullpadel-lacar-azul-intenso-1\/#breadcrumb","itemListElement":[{"@type":"ListItem","position":1,"name":"Portada","item":"https:\/\/revolutionpadelstore.com\/de\/"},{"@type":"ListItem","position":2,"name":"Shop","item":"https:\/\/revolutionpadelstore.com\/de\/tienda\/"},{"@type":"ListItem","position":3,"name":"Camiseta Bullpadel Lacar Azul Intenso"}]},{"@type":"WebSite","@id":"https:\/\/revolutionpadelstore.com\/de\/#website","url":"https:\/\/revolutionpadelstore.com\/de\/","name":"Revolution Padel Store","description":"","publisher":{"@id":"https:\/\/revolutionpadelstore.com\/de\/#organization"},"potentialAction":[{"@type":"SearchAction","target":{"@type":"EntryPoint","urlTemplate":"https:\/\/revolutionpadelstore.com\/de\/?s={search_term_string}"},"query-input":{"@type":"PropertyValueSpecification","valueRequired":true,"valueName":"search_term_string"}}],"inLanguage":"de"},{"@type":"Organization","@id":"https:\/\/revolutionpadelstore.com\/de\/#organization","name":"Revolution Padel Store","url":"https:\/\/revolutionpadelstore.com\/de\/","logo":{"@type":"ImageObject","inLanguage":"de","@id":"https:\/\/revolutionpadelstore.com\/de\/#\/schema\/logo\/image\/","url":"https:\/\/revolutionpadelstore.com\/wp-content\/uploads\/2026\/02\/revolution-padel-store.jpg","contentUrl":"https:\/\/revolutionpadelstore.com\/wp-content\/uploads\/2026\/02\/revolution-padel-store.jpg","width":2000,"height":2000,"caption":"Revolution Padel Store"},"image":{"@id":"https:\/\/revolutionpadelstore.com\/de\/#\/schema\/logo\/image\/"},"sameAs":["https:\/\/www.instagram.com\/revolutionpadelstore\/"]}]}},"_links":{"self":[{"href":"https:\/\/revolutionpadelstore.com\/de\/wp-json\/wp\/v2\/product\/18887","targetHints":{"allow":["GET"]}}],"collection":[{"href":"https:\/\/revolutionpadelstore.com\/de\/wp-json\/wp\/v2\/product"}],"about":[{"href":"https:\/\/revolutionpadelstore.com\/de\/wp-json\/wp\/v2\/types\/product"}],"replies":[{"embeddable":true,"href":"https:\/\/revolutionpadelstore.com\/de\/wp-json\/wp\/v2\/comments?post=18887"}],"wp:featuredmedia":[{"embeddable":true,"href":"https:\/\/revolutionpadelstore.com\/de\/wp-json\/wp\/v2\/media\/5034"}],"wp:attachment":[{"href":"https:\/\/revolutionpadelstore.com\/de\/wp-json\/wp\/v2\/media?parent=18887"}],"wp:term":[{"taxonomy":"acabado","embeddable":true,"href":"https:\/\/revolutionpadelstore.com\/de\/wp-json\/wp\/v2\/acabado?post=18887"},{"taxonomy":"balance","embeddable":true,"href":"https:\/\/revolutionpadelstore.com\/de\/wp-json\/wp\/v2\/balance?post=18887"},{"taxonomy":"dureza","embeddable":true,"href":"https:\/\/revolutionpadelstore.com\/de\/wp-json\/wp\/v2\/dureza?post=18887"},{"taxonomy":"forma","embeddable":true,"href":"https:\/\/revolutionpadelstore.com\/de\/wp-json\/wp\/v2\/forma?post=18887"},{"taxonomy":"jugador","embeddable":true,"href":"https:\/\/revolutionpadelstore.com\/de\/wp-json\/wp\/v2\/jugador?post=18887"},{"taxonomy":"marca","embeddable":true,"href":"https:\/\/revolutionpadelstore.com\/de\/wp-json\/wp\/v2\/marca?post=18887"},{"taxonomy":"nivel-de-juego","embeddable":true,"href":"https:\/\/revolutionpadelstore.com\/de\/wp-json\/wp\/v2\/nivel-de-juego?post=18887"},{"taxonomy":"superficie","embeddable":true,"href":"https:\/\/revolutionpadelstore.com\/de\/wp-json\/wp\/v2\/superficie?post=18887"},{"taxonomy":"tipo-de-juego","embeddable":true,"href":"https:\/\/revolutionpadelstore.com\/de\/wp-json\/wp\/v2\/tipo-de-juego?post=18887"},{"taxonomy":"product_brand","embeddable":true,"href":"https:\/\/revolutionpadelstore.com\/de\/wp-json\/wp\/v2\/product_brand?post=18887"},{"taxonomy":"product_cat","embeddable":true,"href":"https:\/\/revolutionpadelstore.com\/de\/wp-json\/wp\/v2\/product_cat?post=18887"},{"taxonomy":"product_tag","embeddable":true,"href":"https:\/\/revolutionpadelstore.com\/de\/wp-json\/wp\/v2\/product_tag?post=18887"}],"curies":[{"name":"wp","href":"https:\/\/api.w.org\/{rel}","templated":true}]}}