{"id":18827,"date":"2024-04-22T15:23:00","date_gmt":"2024-04-22T13:23:00","guid":{"rendered":"https:\/\/revolutionpadelstore.com\/camiseta-bullpadel-letra-azul-marino-vigore\/"},"modified":"2026-04-08T13:41:43","modified_gmt":"2026-04-08T11:41:43","slug":"camiseta-bullpadel-letra-azul-marino-vigore-1","status":"publish","type":"product","link":"https:\/\/revolutionpadelstore.com\/de\/produkt\/camiseta-bullpadel-letra-azul-marino-vigore-1\/","title":{"rendered":"Camiseta Bullpadel Letra Azul Marino Vigore"},"content":{"rendered":"<p>Im Revolution Padel Store finden Sie das perfekte T-Shirt f\u00fcr Ihre Padel-Matches: das Bullpadel Letter Navy Blue Vigore T-Shirt. Mit seinem attraktiven und eleganten Design bietet Ihnen dieses leichte technische Jacquard-Kleidungsst\u00fcck Komfort und Funktionalit\u00e4t bei jeder Bewegung. Die Quickerdry-Ausr\u00fcstung besteht aus ultraleichtem Polyestergewebe und nutzt Mikrofilamente, um die Feuchtigkeit zu reduzieren und die Schwei\u00dfbildung zu f\u00f6rdern, sodass Sie jederzeit frisch und trocken bleiben. Mit diesem Bullpadel-T-Shirt werden Sie nicht nur auf dem Platz gro\u00dfartig aussehen, sondern sich auch wohl f\u00fchlen und H\u00f6chstleistungen erbringen. Holen Sie es sich im Revolution Padel Store und bringen Sie Ihr Spiel auf die n\u00e4chste Stufe!<\/p>\n","protected":false},"excerpt":{"rendered":"<p>Technisches Bullpadel-T-Shirt mit elegantem Design und Quickerdry-Technologie f\u00fcr mehr Komfort und Atmungsaktivit\u00e4t. Erh\u00e4ltlich im Revolution Padel Store.<\/p>\n","protected":false},"featured_media":5054,"comment_status":"closed","ping_status":"open","template":"","meta":{"_acf_changed":false,"_joinchat":[]},"acabado":[],"balance":[],"dureza":[],"forma":[],"jugador":[1189],"marca":[1254],"nivel-de-juego":[],"superficie":[],"tipo-de-juego":[],"product_brand":[],"product_cat":[324,323],"product_tag":[],"class_list":{"0":"post-18827","1":"product","2":"type-product","3":"status-publish","4":"has-post-thumbnail","6":"jugador-mann","7":"marca-bullpadel-de","8":"product_cat-premier-spielerbekleidung","9":"product_cat-ropa-de","11":"first","12":"outofstock","13":"sale","14":"taxable","15":"shipping-taxable","16":"purchasable","17":"product-type-variable"},"acf":[],"yoast_head":"<!-- This site is optimized with the Yoast SEO plugin v27.4 - https:\/\/yoast.com\/product\/yoast-seo-wordpress\/ -->\n<title>Camiseta Bullpadel Letra Azul Marino Vigore - Revolution Padel Store<\/title>\n<meta name=\"description\" content=\"Camiseta t\u00e9cnica Bullpadel con dise\u00f1o elegante y tecnolog\u00eda Quickerdry para mayor comodidad y transpiraci\u00f3n. Disponible en Revolution Padel Store.\" \/>\n<meta name=\"robots\" content=\"index, follow, max-snippet:-1, max-image-preview:large, max-video-preview:-1\" \/>\n<link rel=\"canonical\" href=\"https:\/\/revolutionpadelstore.com\/de\/produkt\/camiseta-bullpadel-letra-azul-marino-vigore-1\/\" \/>\n<meta property=\"og:locale\" content=\"de_DE\" \/>\n<meta property=\"og:type\" content=\"article\" \/>\n<meta property=\"og:title\" content=\"Camiseta Bullpadel Letra Azul Marino Vigore - Revolution Padel Store\" \/>\n<meta property=\"og:description\" content=\"Camiseta t\u00e9cnica Bullpadel con dise\u00f1o elegante y tecnolog\u00eda Quickerdry para mayor comodidad y transpiraci\u00f3n. Disponible en Revolution Padel Store.\" \/>\n<meta property=\"og:url\" content=\"https:\/\/revolutionpadelstore.com\/de\/produkt\/camiseta-bullpadel-letra-azul-marino-vigore-1\/\" \/>\n<meta property=\"og:site_name\" content=\"Revolution Padel Store\" \/>\n<meta property=\"article:modified_time\" content=\"2026-04-08T11:41:43+00:00\" \/>\n<meta property=\"og:image\" content=\"https:\/\/revolutionpadelstore.com\/wp-content\/uploads\/2024\/04\/18779-0-4.jpg\" \/>\n\t<meta property=\"og:image:width\" content=\"800\" \/>\n\t<meta property=\"og:image:height\" content=\"800\" \/>\n\t<meta property=\"og:image:type\" content=\"image\/png\" \/>\n<meta name=\"twitter:card\" content=\"summary_large_image\" \/>\n<meta name=\"twitter:label1\" content=\"Gesch\u00e4tzte Lesezeit\" \/>\n\t<meta name=\"twitter:data1\" content=\"1\u00a0Minute\" \/>\n<script type=\"application\/ld+json\" class=\"yoast-schema-graph\">{\"@context\":\"https:\\\/\\\/schema.org\",\"@graph\":[{\"@type\":\"WebPage\",\"@id\":\"https:\\\/\\\/revolutionpadelstore.com\\\/de\\\/produkt\\\/camiseta-bullpadel-letra-azul-marino-vigore-1\\\/\",\"url\":\"https:\\\/\\\/revolutionpadelstore.com\\\/de\\\/produkt\\\/camiseta-bullpadel-letra-azul-marino-vigore-1\\\/\",\"name\":\"Camiseta Bullpadel Letra Azul Marino Vigore - Revolution Padel Store\",\"isPartOf\":{\"@id\":\"https:\\\/\\\/revolutionpadelstore.com\\\/de\\\/#website\"},\"primaryImageOfPage\":{\"@id\":\"https:\\\/\\\/revolutionpadelstore.com\\\/de\\\/produkt\\\/camiseta-bullpadel-letra-azul-marino-vigore-1\\\/#primaryimage\"},\"image\":{\"@id\":\"https:\\\/\\\/revolutionpadelstore.com\\\/de\\\/produkt\\\/camiseta-bullpadel-letra-azul-marino-vigore-1\\\/#primaryimage\"},\"thumbnailUrl\":\"https:\\\/\\\/revolutionpadelstore.com\\\/wp-content\\\/uploads\\\/2024\\\/04\\\/18779-0-4.jpg\",\"datePublished\":\"2024-04-22T13:23:00+00:00\",\"dateModified\":\"2026-04-08T11:41:43+00:00\",\"description\":\"Camiseta t\u00e9cnica Bullpadel con dise\u00f1o elegante y tecnolog\u00eda Quickerdry para mayor comodidad y transpiraci\u00f3n. Disponible en Revolution Padel Store.\",\"breadcrumb\":{\"@id\":\"https:\\\/\\\/revolutionpadelstore.com\\\/de\\\/produkt\\\/camiseta-bullpadel-letra-azul-marino-vigore-1\\\/#breadcrumb\"},\"inLanguage\":\"de\",\"potentialAction\":[{\"@type\":\"ReadAction\",\"target\":[\"https:\\\/\\\/revolutionpadelstore.com\\\/de\\\/produkt\\\/camiseta-bullpadel-letra-azul-marino-vigore-1\\\/\"]}]},{\"@type\":\"ImageObject\",\"inLanguage\":\"de\",\"@id\":\"https:\\\/\\\/revolutionpadelstore.com\\\/de\\\/produkt\\\/camiseta-bullpadel-letra-azul-marino-vigore-1\\\/#primaryimage\",\"url\":\"https:\\\/\\\/revolutionpadelstore.com\\\/wp-content\\\/uploads\\\/2024\\\/04\\\/18779-0-4.jpg\",\"contentUrl\":\"https:\\\/\\\/revolutionpadelstore.com\\\/wp-content\\\/uploads\\\/2024\\\/04\\\/18779-0-4.jpg\",\"width\":800,\"height\":800},{\"@type\":\"BreadcrumbList\",\"@id\":\"https:\\\/\\\/revolutionpadelstore.com\\\/de\\\/produkt\\\/camiseta-bullpadel-letra-azul-marino-vigore-1\\\/#breadcrumb\",\"itemListElement\":[{\"@type\":\"ListItem\",\"position\":1,\"name\":\"Portada\",\"item\":\"https:\\\/\\\/revolutionpadelstore.com\\\/de\\\/\"},{\"@type\":\"ListItem\",\"position\":2,\"name\":\"Shop\",\"item\":\"https:\\\/\\\/revolutionpadelstore.com\\\/de\\\/tienda\\\/\"},{\"@type\":\"ListItem\",\"position\":3,\"name\":\"Camiseta Bullpadel Letra Azul Marino Vigore\"}]},{\"@type\":\"WebSite\",\"@id\":\"https:\\\/\\\/revolutionpadelstore.com\\\/de\\\/#website\",\"url\":\"https:\\\/\\\/revolutionpadelstore.com\\\/de\\\/\",\"name\":\"Revolution Padel Store\",\"description\":\"\",\"publisher\":{\"@id\":\"https:\\\/\\\/revolutionpadelstore.com\\\/de\\\/#organization\"},\"potentialAction\":[{\"@type\":\"SearchAction\",\"target\":{\"@type\":\"EntryPoint\",\"urlTemplate\":\"https:\\\/\\\/revolutionpadelstore.com\\\/de\\\/?s={search_term_string}\"},\"query-input\":{\"@type\":\"PropertyValueSpecification\",\"valueRequired\":true,\"valueName\":\"search_term_string\"}}],\"inLanguage\":\"de\"},{\"@type\":\"Organization\",\"@id\":\"https:\\\/\\\/revolutionpadelstore.com\\\/de\\\/#organization\",\"name\":\"Revolution Padel Store\",\"url\":\"https:\\\/\\\/revolutionpadelstore.com\\\/de\\\/\",\"logo\":{\"@type\":\"ImageObject\",\"inLanguage\":\"de\",\"@id\":\"https:\\\/\\\/revolutionpadelstore.com\\\/de\\\/#\\\/schema\\\/logo\\\/image\\\/\",\"url\":\"https:\\\/\\\/revolutionpadelstore.com\\\/wp-content\\\/uploads\\\/2026\\\/02\\\/revolution-padel-store.jpg\",\"contentUrl\":\"https:\\\/\\\/revolutionpadelstore.com\\\/wp-content\\\/uploads\\\/2026\\\/02\\\/revolution-padel-store.jpg\",\"width\":2000,\"height\":2000,\"caption\":\"Revolution Padel Store\"},\"image\":{\"@id\":\"https:\\\/\\\/revolutionpadelstore.com\\\/de\\\/#\\\/schema\\\/logo\\\/image\\\/\"},\"sameAs\":[\"https:\\\/\\\/www.instagram.com\\\/revolutionpadelstore\\\/\"]}]}<\/script>\n<!-- \/ Yoast SEO plugin. -->","yoast_head_json":{"title":"Camiseta Bullpadel Letra Azul Marino Vigore - Revolution Padel Store","description":"Camiseta t\u00e9cnica Bullpadel con dise\u00f1o elegante y tecnolog\u00eda Quickerdry para mayor comodidad y transpiraci\u00f3n. Disponible en Revolution Padel Store.","robots":{"index":"index","follow":"follow","max-snippet":"max-snippet:-1","max-image-preview":"max-image-preview:large","max-video-preview":"max-video-preview:-1"},"canonical":"https:\/\/revolutionpadelstore.com\/de\/produkt\/camiseta-bullpadel-letra-azul-marino-vigore-1\/","og_locale":"de_DE","og_type":"article","og_title":"Camiseta Bullpadel Letra Azul Marino Vigore - Revolution Padel Store","og_description":"Camiseta t\u00e9cnica Bullpadel con dise\u00f1o elegante y tecnolog\u00eda Quickerdry para mayor comodidad y transpiraci\u00f3n. Disponible en Revolution Padel Store.","og_url":"https:\/\/revolutionpadelstore.com\/de\/produkt\/camiseta-bullpadel-letra-azul-marino-vigore-1\/","og_site_name":"Revolution Padel Store","article_modified_time":"2026-04-08T11:41:43+00:00","og_image":[{"width":800,"height":800,"url":"https:\/\/revolutionpadelstore.com\/wp-content\/uploads\/2024\/04\/18779-0-4.jpg","type":"image\/png"}],"twitter_card":"summary_large_image","twitter_misc":{"Gesch\u00e4tzte Lesezeit":"1\u00a0Minute"},"schema":{"@context":"https:\/\/schema.org","@graph":[{"@type":"WebPage","@id":"https:\/\/revolutionpadelstore.com\/de\/produkt\/camiseta-bullpadel-letra-azul-marino-vigore-1\/","url":"https:\/\/revolutionpadelstore.com\/de\/produkt\/camiseta-bullpadel-letra-azul-marino-vigore-1\/","name":"Camiseta Bullpadel Letra Azul Marino Vigore - Revolution Padel Store","isPartOf":{"@id":"https:\/\/revolutionpadelstore.com\/de\/#website"},"primaryImageOfPage":{"@id":"https:\/\/revolutionpadelstore.com\/de\/produkt\/camiseta-bullpadel-letra-azul-marino-vigore-1\/#primaryimage"},"image":{"@id":"https:\/\/revolutionpadelstore.com\/de\/produkt\/camiseta-bullpadel-letra-azul-marino-vigore-1\/#primaryimage"},"thumbnailUrl":"https:\/\/revolutionpadelstore.com\/wp-content\/uploads\/2024\/04\/18779-0-4.jpg","datePublished":"2024-04-22T13:23:00+00:00","dateModified":"2026-04-08T11:41:43+00:00","description":"Camiseta t\u00e9cnica Bullpadel con dise\u00f1o elegante y tecnolog\u00eda Quickerdry para mayor comodidad y transpiraci\u00f3n. Disponible en Revolution Padel Store.","breadcrumb":{"@id":"https:\/\/revolutionpadelstore.com\/de\/produkt\/camiseta-bullpadel-letra-azul-marino-vigore-1\/#breadcrumb"},"inLanguage":"de","potentialAction":[{"@type":"ReadAction","target":["https:\/\/revolutionpadelstore.com\/de\/produkt\/camiseta-bullpadel-letra-azul-marino-vigore-1\/"]}]},{"@type":"ImageObject","inLanguage":"de","@id":"https:\/\/revolutionpadelstore.com\/de\/produkt\/camiseta-bullpadel-letra-azul-marino-vigore-1\/#primaryimage","url":"https:\/\/revolutionpadelstore.com\/wp-content\/uploads\/2024\/04\/18779-0-4.jpg","contentUrl":"https:\/\/revolutionpadelstore.com\/wp-content\/uploads\/2024\/04\/18779-0-4.jpg","width":800,"height":800},{"@type":"BreadcrumbList","@id":"https:\/\/revolutionpadelstore.com\/de\/produkt\/camiseta-bullpadel-letra-azul-marino-vigore-1\/#breadcrumb","itemListElement":[{"@type":"ListItem","position":1,"name":"Portada","item":"https:\/\/revolutionpadelstore.com\/de\/"},{"@type":"ListItem","position":2,"name":"Shop","item":"https:\/\/revolutionpadelstore.com\/de\/tienda\/"},{"@type":"ListItem","position":3,"name":"Camiseta Bullpadel Letra Azul Marino Vigore"}]},{"@type":"WebSite","@id":"https:\/\/revolutionpadelstore.com\/de\/#website","url":"https:\/\/revolutionpadelstore.com\/de\/","name":"Revolution Padel Store","description":"","publisher":{"@id":"https:\/\/revolutionpadelstore.com\/de\/#organization"},"potentialAction":[{"@type":"SearchAction","target":{"@type":"EntryPoint","urlTemplate":"https:\/\/revolutionpadelstore.com\/de\/?s={search_term_string}"},"query-input":{"@type":"PropertyValueSpecification","valueRequired":true,"valueName":"search_term_string"}}],"inLanguage":"de"},{"@type":"Organization","@id":"https:\/\/revolutionpadelstore.com\/de\/#organization","name":"Revolution Padel Store","url":"https:\/\/revolutionpadelstore.com\/de\/","logo":{"@type":"ImageObject","inLanguage":"de","@id":"https:\/\/revolutionpadelstore.com\/de\/#\/schema\/logo\/image\/","url":"https:\/\/revolutionpadelstore.com\/wp-content\/uploads\/2026\/02\/revolution-padel-store.jpg","contentUrl":"https:\/\/revolutionpadelstore.com\/wp-content\/uploads\/2026\/02\/revolution-padel-store.jpg","width":2000,"height":2000,"caption":"Revolution Padel Store"},"image":{"@id":"https:\/\/revolutionpadelstore.com\/de\/#\/schema\/logo\/image\/"},"sameAs":["https:\/\/www.instagram.com\/revolutionpadelstore\/"]}]}},"_links":{"self":[{"href":"https:\/\/revolutionpadelstore.com\/de\/wp-json\/wp\/v2\/product\/18827","targetHints":{"allow":["GET"]}}],"collection":[{"href":"https:\/\/revolutionpadelstore.com\/de\/wp-json\/wp\/v2\/product"}],"about":[{"href":"https:\/\/revolutionpadelstore.com\/de\/wp-json\/wp\/v2\/types\/product"}],"replies":[{"embeddable":true,"href":"https:\/\/revolutionpadelstore.com\/de\/wp-json\/wp\/v2\/comments?post=18827"}],"wp:featuredmedia":[{"embeddable":true,"href":"https:\/\/revolutionpadelstore.com\/de\/wp-json\/wp\/v2\/media\/5054"}],"wp:attachment":[{"href":"https:\/\/revolutionpadelstore.com\/de\/wp-json\/wp\/v2\/media?parent=18827"}],"wp:term":[{"taxonomy":"acabado","embeddable":true,"href":"https:\/\/revolutionpadelstore.com\/de\/wp-json\/wp\/v2\/acabado?post=18827"},{"taxonomy":"balance","embeddable":true,"href":"https:\/\/revolutionpadelstore.com\/de\/wp-json\/wp\/v2\/balance?post=18827"},{"taxonomy":"dureza","embeddable":true,"href":"https:\/\/revolutionpadelstore.com\/de\/wp-json\/wp\/v2\/dureza?post=18827"},{"taxonomy":"forma","embeddable":true,"href":"https:\/\/revolutionpadelstore.com\/de\/wp-json\/wp\/v2\/forma?post=18827"},{"taxonomy":"jugador","embeddable":true,"href":"https:\/\/revolutionpadelstore.com\/de\/wp-json\/wp\/v2\/jugador?post=18827"},{"taxonomy":"marca","embeddable":true,"href":"https:\/\/revolutionpadelstore.com\/de\/wp-json\/wp\/v2\/marca?post=18827"},{"taxonomy":"nivel-de-juego","embeddable":true,"href":"https:\/\/revolutionpadelstore.com\/de\/wp-json\/wp\/v2\/nivel-de-juego?post=18827"},{"taxonomy":"superficie","embeddable":true,"href":"https:\/\/revolutionpadelstore.com\/de\/wp-json\/wp\/v2\/superficie?post=18827"},{"taxonomy":"tipo-de-juego","embeddable":true,"href":"https:\/\/revolutionpadelstore.com\/de\/wp-json\/wp\/v2\/tipo-de-juego?post=18827"},{"taxonomy":"product_brand","embeddable":true,"href":"https:\/\/revolutionpadelstore.com\/de\/wp-json\/wp\/v2\/product_brand?post=18827"},{"taxonomy":"product_cat","embeddable":true,"href":"https:\/\/revolutionpadelstore.com\/de\/wp-json\/wp\/v2\/product_cat?post=18827"},{"taxonomy":"product_tag","embeddable":true,"href":"https:\/\/revolutionpadelstore.com\/de\/wp-json\/wp\/v2\/product_tag?post=18827"}],"curies":[{"name":"wp","href":"https:\/\/api.w.org\/{rel}","templated":true}]}}