{"id":18797,"date":"2024-04-22T15:23:00","date_gmt":"2024-04-22T13:23:00","guid":{"rendered":"https:\/\/revolutionpadelstore.com\/camiseta-bullpadel-leteo-calabaza-vigore\/"},"modified":"2026-04-08T13:43:15","modified_gmt":"2026-04-08T11:43:15","slug":"camiseta-bullpadel-leteo-calabaza-vigore-1","status":"publish","type":"product","link":"https:\/\/revolutionpadelstore.com\/de\/produkt\/camiseta-bullpadel-leteo-calabaza-vigore-1\/","title":{"rendered":"Camiseta Bullpadel Leteo Calabaza Vigore"},"content":{"rendered":"<p>Im Revolution Padel Store finden Sie das perfekte T-Shirt f\u00fcr Ihre Padel-Matches: das \u201eBullpadel Leteo Calabaza Vigore T-Shirt\u201c. Dieses technische Single-Jersey-Kleidungsst\u00fcck bietet Ihnen einen l\u00e4ssigen und modernen Look, ideal, um auf dem Platz hervorzustechen. <\/p>\n<p> Mit einem attraktiven und eleganten Design hat dieses Vigore-T-Shirt einen passenden Aufdruck auf der Brust, der es einzigartig macht. Aber nicht nur das: Durch die Herstellung aus leicht elastischem Polyestergewebe ist es sehr bequem und funktionell. <\/p>\n<p> Dank der Quickerdry-Ausr\u00fcstung verwendet dieses Shirt au\u00dferdem Mikrofilamente, um Feuchtigkeit zu reduzieren und die Atmungsaktivit\u00e4t zu verbessern, sodass Sie w\u00e4hrend des gesamten Spiels k\u00fchl und trocken bleiben. <\/p>\n<p> Warten Sie nicht l\u00e4nger und holen Sie sich das \u201eBullpadel Leteo Calabaza Vigore T-Shirt\u201c im Revolution Padel Store, wo Sie die beste Auswahl an Kleidung und Accessoires f\u00fcr Padel finden. Komfort und Funktionalit\u00e4t vereinen sich in diesem hochwertigen Kleidungsst\u00fcck, lassen Sie sich Ihres nicht entgehen!<\/p>\n","protected":false},"excerpt":{"rendered":"<p>Entdecken Sie das Bullpadel Leteo Calabaza Vigore T-Shirt im Revolution Padel Store. Attraktives Design und Quickerdry-Technologie f\u00fcr mehr Komfort.<\/p>\n","protected":false},"featured_media":5064,"comment_status":"closed","ping_status":"open","template":"","meta":{"_acf_changed":false,"_joinchat":[]},"acabado":[],"balance":[],"dureza":[],"forma":[],"jugador":[1189],"marca":[1254],"nivel-de-juego":[],"superficie":[],"tipo-de-juego":[],"product_brand":[],"product_cat":[324,323],"product_tag":[],"class_list":{"0":"post-18797","1":"product","2":"type-product","3":"status-publish","4":"has-post-thumbnail","6":"jugador-mann","7":"marca-bullpadel-de","8":"product_cat-premier-spielerbekleidung","9":"product_cat-ropa-de","11":"first","12":"outofstock","13":"sale","14":"taxable","15":"shipping-taxable","16":"purchasable","17":"product-type-variable"},"acf":[],"yoast_head":"<!-- This site is optimized with the Yoast SEO plugin v27.4 - https:\/\/yoast.com\/product\/yoast-seo-wordpress\/ -->\n<title>Camiseta Bullpadel Leteo Calabaza Vigore - Revolution Padel Store<\/title>\n<meta name=\"description\" content=\"Descubre la camiseta Bullpadel Leteo Calabaza Vigore en Revolution Padel Store. Dise\u00f1o atractivo y tecnolog\u00eda Quickerdry para mayor comodidad.\" \/>\n<meta name=\"robots\" content=\"index, follow, max-snippet:-1, max-image-preview:large, max-video-preview:-1\" \/>\n<link rel=\"canonical\" href=\"https:\/\/revolutionpadelstore.com\/de\/produkt\/camiseta-bullpadel-leteo-calabaza-vigore-1\/\" \/>\n<meta property=\"og:locale\" content=\"de_DE\" \/>\n<meta property=\"og:type\" content=\"article\" \/>\n<meta property=\"og:title\" content=\"Camiseta Bullpadel Leteo Calabaza Vigore - Revolution Padel Store\" \/>\n<meta property=\"og:description\" content=\"Descubre la camiseta Bullpadel Leteo Calabaza Vigore en Revolution Padel Store. Dise\u00f1o atractivo y tecnolog\u00eda Quickerdry para mayor comodidad.\" \/>\n<meta property=\"og:url\" content=\"https:\/\/revolutionpadelstore.com\/de\/produkt\/camiseta-bullpadel-leteo-calabaza-vigore-1\/\" \/>\n<meta property=\"og:site_name\" content=\"Revolution Padel Store\" \/>\n<meta property=\"article:modified_time\" content=\"2026-04-08T11:43:15+00:00\" \/>\n<meta property=\"og:image\" content=\"https:\/\/revolutionpadelstore.com\/wp-content\/uploads\/2024\/04\/18782-0-4.jpg\" \/>\n\t<meta property=\"og:image:width\" content=\"800\" \/>\n\t<meta property=\"og:image:height\" content=\"800\" \/>\n\t<meta property=\"og:image:type\" content=\"image\/png\" \/>\n<meta name=\"twitter:card\" content=\"summary_large_image\" \/>\n<meta name=\"twitter:label1\" content=\"Gesch\u00e4tzte Lesezeit\" \/>\n\t<meta name=\"twitter:data1\" content=\"1\u00a0Minute\" \/>\n<script type=\"application\/ld+json\" class=\"yoast-schema-graph\">{\"@context\":\"https:\\\/\\\/schema.org\",\"@graph\":[{\"@type\":\"WebPage\",\"@id\":\"https:\\\/\\\/revolutionpadelstore.com\\\/de\\\/produkt\\\/camiseta-bullpadel-leteo-calabaza-vigore-1\\\/\",\"url\":\"https:\\\/\\\/revolutionpadelstore.com\\\/de\\\/produkt\\\/camiseta-bullpadel-leteo-calabaza-vigore-1\\\/\",\"name\":\"Camiseta Bullpadel Leteo Calabaza Vigore - Revolution Padel Store\",\"isPartOf\":{\"@id\":\"https:\\\/\\\/revolutionpadelstore.com\\\/de\\\/#website\"},\"primaryImageOfPage\":{\"@id\":\"https:\\\/\\\/revolutionpadelstore.com\\\/de\\\/produkt\\\/camiseta-bullpadel-leteo-calabaza-vigore-1\\\/#primaryimage\"},\"image\":{\"@id\":\"https:\\\/\\\/revolutionpadelstore.com\\\/de\\\/produkt\\\/camiseta-bullpadel-leteo-calabaza-vigore-1\\\/#primaryimage\"},\"thumbnailUrl\":\"https:\\\/\\\/revolutionpadelstore.com\\\/wp-content\\\/uploads\\\/2024\\\/04\\\/18782-0-4.jpg\",\"datePublished\":\"2024-04-22T13:23:00+00:00\",\"dateModified\":\"2026-04-08T11:43:15+00:00\",\"description\":\"Descubre la camiseta Bullpadel Leteo Calabaza Vigore en Revolution Padel Store. Dise\u00f1o atractivo y tecnolog\u00eda Quickerdry para mayor comodidad.\",\"breadcrumb\":{\"@id\":\"https:\\\/\\\/revolutionpadelstore.com\\\/de\\\/produkt\\\/camiseta-bullpadel-leteo-calabaza-vigore-1\\\/#breadcrumb\"},\"inLanguage\":\"de\",\"potentialAction\":[{\"@type\":\"ReadAction\",\"target\":[\"https:\\\/\\\/revolutionpadelstore.com\\\/de\\\/produkt\\\/camiseta-bullpadel-leteo-calabaza-vigore-1\\\/\"]}]},{\"@type\":\"ImageObject\",\"inLanguage\":\"de\",\"@id\":\"https:\\\/\\\/revolutionpadelstore.com\\\/de\\\/produkt\\\/camiseta-bullpadel-leteo-calabaza-vigore-1\\\/#primaryimage\",\"url\":\"https:\\\/\\\/revolutionpadelstore.com\\\/wp-content\\\/uploads\\\/2024\\\/04\\\/18782-0-4.jpg\",\"contentUrl\":\"https:\\\/\\\/revolutionpadelstore.com\\\/wp-content\\\/uploads\\\/2024\\\/04\\\/18782-0-4.jpg\",\"width\":800,\"height\":800},{\"@type\":\"BreadcrumbList\",\"@id\":\"https:\\\/\\\/revolutionpadelstore.com\\\/de\\\/produkt\\\/camiseta-bullpadel-leteo-calabaza-vigore-1\\\/#breadcrumb\",\"itemListElement\":[{\"@type\":\"ListItem\",\"position\":1,\"name\":\"Portada\",\"item\":\"https:\\\/\\\/revolutionpadelstore.com\\\/de\\\/\"},{\"@type\":\"ListItem\",\"position\":2,\"name\":\"Shop\",\"item\":\"https:\\\/\\\/revolutionpadelstore.com\\\/de\\\/tienda\\\/\"},{\"@type\":\"ListItem\",\"position\":3,\"name\":\"Camiseta Bullpadel Leteo Calabaza Vigore\"}]},{\"@type\":\"WebSite\",\"@id\":\"https:\\\/\\\/revolutionpadelstore.com\\\/de\\\/#website\",\"url\":\"https:\\\/\\\/revolutionpadelstore.com\\\/de\\\/\",\"name\":\"Revolution Padel Store\",\"description\":\"\",\"publisher\":{\"@id\":\"https:\\\/\\\/revolutionpadelstore.com\\\/de\\\/#organization\"},\"potentialAction\":[{\"@type\":\"SearchAction\",\"target\":{\"@type\":\"EntryPoint\",\"urlTemplate\":\"https:\\\/\\\/revolutionpadelstore.com\\\/de\\\/?s={search_term_string}\"},\"query-input\":{\"@type\":\"PropertyValueSpecification\",\"valueRequired\":true,\"valueName\":\"search_term_string\"}}],\"inLanguage\":\"de\"},{\"@type\":\"Organization\",\"@id\":\"https:\\\/\\\/revolutionpadelstore.com\\\/de\\\/#organization\",\"name\":\"Revolution Padel Store\",\"url\":\"https:\\\/\\\/revolutionpadelstore.com\\\/de\\\/\",\"logo\":{\"@type\":\"ImageObject\",\"inLanguage\":\"de\",\"@id\":\"https:\\\/\\\/revolutionpadelstore.com\\\/de\\\/#\\\/schema\\\/logo\\\/image\\\/\",\"url\":\"https:\\\/\\\/revolutionpadelstore.com\\\/wp-content\\\/uploads\\\/2026\\\/02\\\/revolution-padel-store.jpg\",\"contentUrl\":\"https:\\\/\\\/revolutionpadelstore.com\\\/wp-content\\\/uploads\\\/2026\\\/02\\\/revolution-padel-store.jpg\",\"width\":2000,\"height\":2000,\"caption\":\"Revolution Padel Store\"},\"image\":{\"@id\":\"https:\\\/\\\/revolutionpadelstore.com\\\/de\\\/#\\\/schema\\\/logo\\\/image\\\/\"},\"sameAs\":[\"https:\\\/\\\/www.instagram.com\\\/revolutionpadelstore\\\/\"]}]}<\/script>\n<!-- \/ Yoast SEO plugin. -->","yoast_head_json":{"title":"Camiseta Bullpadel Leteo Calabaza Vigore - Revolution Padel Store","description":"Descubre la camiseta Bullpadel Leteo Calabaza Vigore en Revolution Padel Store. Dise\u00f1o atractivo y tecnolog\u00eda Quickerdry para mayor comodidad.","robots":{"index":"index","follow":"follow","max-snippet":"max-snippet:-1","max-image-preview":"max-image-preview:large","max-video-preview":"max-video-preview:-1"},"canonical":"https:\/\/revolutionpadelstore.com\/de\/produkt\/camiseta-bullpadel-leteo-calabaza-vigore-1\/","og_locale":"de_DE","og_type":"article","og_title":"Camiseta Bullpadel Leteo Calabaza Vigore - Revolution Padel Store","og_description":"Descubre la camiseta Bullpadel Leteo Calabaza Vigore en Revolution Padel Store. Dise\u00f1o atractivo y tecnolog\u00eda Quickerdry para mayor comodidad.","og_url":"https:\/\/revolutionpadelstore.com\/de\/produkt\/camiseta-bullpadel-leteo-calabaza-vigore-1\/","og_site_name":"Revolution Padel Store","article_modified_time":"2026-04-08T11:43:15+00:00","og_image":[{"width":800,"height":800,"url":"https:\/\/revolutionpadelstore.com\/wp-content\/uploads\/2024\/04\/18782-0-4.jpg","type":"image\/png"}],"twitter_card":"summary_large_image","twitter_misc":{"Gesch\u00e4tzte Lesezeit":"1\u00a0Minute"},"schema":{"@context":"https:\/\/schema.org","@graph":[{"@type":"WebPage","@id":"https:\/\/revolutionpadelstore.com\/de\/produkt\/camiseta-bullpadel-leteo-calabaza-vigore-1\/","url":"https:\/\/revolutionpadelstore.com\/de\/produkt\/camiseta-bullpadel-leteo-calabaza-vigore-1\/","name":"Camiseta Bullpadel Leteo Calabaza Vigore - Revolution Padel Store","isPartOf":{"@id":"https:\/\/revolutionpadelstore.com\/de\/#website"},"primaryImageOfPage":{"@id":"https:\/\/revolutionpadelstore.com\/de\/produkt\/camiseta-bullpadel-leteo-calabaza-vigore-1\/#primaryimage"},"image":{"@id":"https:\/\/revolutionpadelstore.com\/de\/produkt\/camiseta-bullpadel-leteo-calabaza-vigore-1\/#primaryimage"},"thumbnailUrl":"https:\/\/revolutionpadelstore.com\/wp-content\/uploads\/2024\/04\/18782-0-4.jpg","datePublished":"2024-04-22T13:23:00+00:00","dateModified":"2026-04-08T11:43:15+00:00","description":"Descubre la camiseta Bullpadel Leteo Calabaza Vigore en Revolution Padel Store. Dise\u00f1o atractivo y tecnolog\u00eda Quickerdry para mayor comodidad.","breadcrumb":{"@id":"https:\/\/revolutionpadelstore.com\/de\/produkt\/camiseta-bullpadel-leteo-calabaza-vigore-1\/#breadcrumb"},"inLanguage":"de","potentialAction":[{"@type":"ReadAction","target":["https:\/\/revolutionpadelstore.com\/de\/produkt\/camiseta-bullpadel-leteo-calabaza-vigore-1\/"]}]},{"@type":"ImageObject","inLanguage":"de","@id":"https:\/\/revolutionpadelstore.com\/de\/produkt\/camiseta-bullpadel-leteo-calabaza-vigore-1\/#primaryimage","url":"https:\/\/revolutionpadelstore.com\/wp-content\/uploads\/2024\/04\/18782-0-4.jpg","contentUrl":"https:\/\/revolutionpadelstore.com\/wp-content\/uploads\/2024\/04\/18782-0-4.jpg","width":800,"height":800},{"@type":"BreadcrumbList","@id":"https:\/\/revolutionpadelstore.com\/de\/produkt\/camiseta-bullpadel-leteo-calabaza-vigore-1\/#breadcrumb","itemListElement":[{"@type":"ListItem","position":1,"name":"Portada","item":"https:\/\/revolutionpadelstore.com\/de\/"},{"@type":"ListItem","position":2,"name":"Shop","item":"https:\/\/revolutionpadelstore.com\/de\/tienda\/"},{"@type":"ListItem","position":3,"name":"Camiseta Bullpadel Leteo Calabaza Vigore"}]},{"@type":"WebSite","@id":"https:\/\/revolutionpadelstore.com\/de\/#website","url":"https:\/\/revolutionpadelstore.com\/de\/","name":"Revolution Padel Store","description":"","publisher":{"@id":"https:\/\/revolutionpadelstore.com\/de\/#organization"},"potentialAction":[{"@type":"SearchAction","target":{"@type":"EntryPoint","urlTemplate":"https:\/\/revolutionpadelstore.com\/de\/?s={search_term_string}"},"query-input":{"@type":"PropertyValueSpecification","valueRequired":true,"valueName":"search_term_string"}}],"inLanguage":"de"},{"@type":"Organization","@id":"https:\/\/revolutionpadelstore.com\/de\/#organization","name":"Revolution Padel Store","url":"https:\/\/revolutionpadelstore.com\/de\/","logo":{"@type":"ImageObject","inLanguage":"de","@id":"https:\/\/revolutionpadelstore.com\/de\/#\/schema\/logo\/image\/","url":"https:\/\/revolutionpadelstore.com\/wp-content\/uploads\/2026\/02\/revolution-padel-store.jpg","contentUrl":"https:\/\/revolutionpadelstore.com\/wp-content\/uploads\/2026\/02\/revolution-padel-store.jpg","width":2000,"height":2000,"caption":"Revolution Padel Store"},"image":{"@id":"https:\/\/revolutionpadelstore.com\/de\/#\/schema\/logo\/image\/"},"sameAs":["https:\/\/www.instagram.com\/revolutionpadelstore\/"]}]}},"_links":{"self":[{"href":"https:\/\/revolutionpadelstore.com\/de\/wp-json\/wp\/v2\/product\/18797","targetHints":{"allow":["GET"]}}],"collection":[{"href":"https:\/\/revolutionpadelstore.com\/de\/wp-json\/wp\/v2\/product"}],"about":[{"href":"https:\/\/revolutionpadelstore.com\/de\/wp-json\/wp\/v2\/types\/product"}],"replies":[{"embeddable":true,"href":"https:\/\/revolutionpadelstore.com\/de\/wp-json\/wp\/v2\/comments?post=18797"}],"wp:featuredmedia":[{"embeddable":true,"href":"https:\/\/revolutionpadelstore.com\/de\/wp-json\/wp\/v2\/media\/5064"}],"wp:attachment":[{"href":"https:\/\/revolutionpadelstore.com\/de\/wp-json\/wp\/v2\/media?parent=18797"}],"wp:term":[{"taxonomy":"acabado","embeddable":true,"href":"https:\/\/revolutionpadelstore.com\/de\/wp-json\/wp\/v2\/acabado?post=18797"},{"taxonomy":"balance","embeddable":true,"href":"https:\/\/revolutionpadelstore.com\/de\/wp-json\/wp\/v2\/balance?post=18797"},{"taxonomy":"dureza","embeddable":true,"href":"https:\/\/revolutionpadelstore.com\/de\/wp-json\/wp\/v2\/dureza?post=18797"},{"taxonomy":"forma","embeddable":true,"href":"https:\/\/revolutionpadelstore.com\/de\/wp-json\/wp\/v2\/forma?post=18797"},{"taxonomy":"jugador","embeddable":true,"href":"https:\/\/revolutionpadelstore.com\/de\/wp-json\/wp\/v2\/jugador?post=18797"},{"taxonomy":"marca","embeddable":true,"href":"https:\/\/revolutionpadelstore.com\/de\/wp-json\/wp\/v2\/marca?post=18797"},{"taxonomy":"nivel-de-juego","embeddable":true,"href":"https:\/\/revolutionpadelstore.com\/de\/wp-json\/wp\/v2\/nivel-de-juego?post=18797"},{"taxonomy":"superficie","embeddable":true,"href":"https:\/\/revolutionpadelstore.com\/de\/wp-json\/wp\/v2\/superficie?post=18797"},{"taxonomy":"tipo-de-juego","embeddable":true,"href":"https:\/\/revolutionpadelstore.com\/de\/wp-json\/wp\/v2\/tipo-de-juego?post=18797"},{"taxonomy":"product_brand","embeddable":true,"href":"https:\/\/revolutionpadelstore.com\/de\/wp-json\/wp\/v2\/product_brand?post=18797"},{"taxonomy":"product_cat","embeddable":true,"href":"https:\/\/revolutionpadelstore.com\/de\/wp-json\/wp\/v2\/product_cat?post=18797"},{"taxonomy":"product_tag","embeddable":true,"href":"https:\/\/revolutionpadelstore.com\/de\/wp-json\/wp\/v2\/product_tag?post=18797"}],"curies":[{"name":"wp","href":"https:\/\/api.w.org\/{rel}","templated":true}]}}