{"id":18562,"date":"2024-04-22T15:23:04","date_gmt":"2024-04-22T13:23:04","guid":{"rendered":"https:\/\/revolutionpadelstore.com\/short-bullpadel-gemma-triay-exito-cereza-mujer\/"},"modified":"2026-04-08T13:24:21","modified_gmt":"2026-04-08T11:24:21","slug":"short-bullpadel-gemma-triay-exito-cereza-mujer-1","status":"publish","type":"product","link":"https:\/\/revolutionpadelstore.com\/de\/produkt\/short-bullpadel-gemma-triay-exito-cereza-mujer-1\/","title":{"rendered":"Short Bullpadel Gemma Triay Exito Cereza Mujer"},"content":{"rendered":"<p>Suchen Sie hochwertige Padel-Shorts mit exklusivem Design? Dann ist die Bullpadel Gemma Triay Cereza Short genau das Richtige f\u00fcr Sie! Im Revolution Padel Store, unserem auf Padel-Produkte spezialisierten Gesch\u00e4ft, bieten wir Ihnen diese unglaubliche Shorts an, die Technologie und Stil in einem einzigen Kleidungsst\u00fcck vereint. Diese Shorts bestehen aus Stretch-Nylon-Single-Jersey-Stoff und haben vorne ein Sch\u00f6\u00dfchen aus leichtem, geschreddertem Stoff. Sie sind Teil der Sonderlinie unserer Spielerin Gemma Triay. Aber das ist noch nicht alles: Dank der Drylum-Technologie, die auf das bi-elastische Gewebe angewendet wird, sind diese Shorts hydrophob, atmungsaktiv, speichern wenig Fl\u00fcssigkeit und trocknen schnell. Dar\u00fcber hinaus sorgt sein ultraleichtes Gewebe aus Polyamid-Mikrofilamenten mit Elastan f\u00fcr gro\u00dfe Bewegungsfreiheit auf dem Platz. Warten Sie nicht l\u00e4nger und kaufen Sie die Bullpadel Gemma Triay Cereza Shorts im Revolution Padel Store, die beste Option f\u00fcr Padel- und Technologieliebhaber in einem einzigen Kleidungsst\u00fcck.<\/p>\n","protected":false},"excerpt":{"rendered":"<p>Kurzer Bullpadel Gemma Triay Exito Cherry f\u00fcr Damen aus der Sonderlinie von Gemma Triay im Revolution Padel Store.<\/p>\n","protected":false},"featured_media":5143,"comment_status":"closed","ping_status":"open","template":"","meta":{"_acf_changed":false,"_joinchat":[]},"acabado":[],"balance":[],"dureza":[],"forma":[],"jugador":[1194],"marca":[1254],"nivel-de-juego":[],"superficie":[],"tipo-de-juego":[],"product_brand":[],"product_cat":[324,323],"product_tag":[],"class_list":{"0":"post-18562","1":"product","2":"type-product","3":"status-publish","4":"has-post-thumbnail","6":"jugador-frau","7":"marca-bullpadel-de","8":"product_cat-premier-spielerbekleidung","9":"product_cat-ropa-de","11":"first","12":"outofstock","13":"taxable","14":"shipping-taxable","15":"purchasable","16":"product-type-variable"},"acf":[],"yoast_head":"<!-- This site is optimized with the Yoast SEO plugin v27.4 - https:\/\/yoast.com\/product\/yoast-seo-wordpress\/ -->\n<title>Short Bullpadel Gemma Triay Exito Cereza Mujer - Revolution Padel Store<\/title>\n<meta name=\"description\" content=\"Short Bullpadel Gemma Triay Exito Cereza para mujer de la l\u00ednea especial de Gemma Triay en Revolution Padel Store.\" \/>\n<meta name=\"robots\" content=\"index, follow, max-snippet:-1, max-image-preview:large, max-video-preview:-1\" \/>\n<link rel=\"canonical\" href=\"https:\/\/revolutionpadelstore.com\/de\/produkt\/short-bullpadel-gemma-triay-exito-cereza-mujer-1\/\" \/>\n<meta property=\"og:locale\" content=\"de_DE\" \/>\n<meta property=\"og:type\" content=\"article\" \/>\n<meta property=\"og:title\" content=\"Short Bullpadel Gemma Triay Exito Cereza Mujer - Revolution Padel Store\" \/>\n<meta property=\"og:description\" content=\"Short Bullpadel Gemma Triay Exito Cereza para mujer de la l\u00ednea especial de Gemma Triay en Revolution Padel Store.\" \/>\n<meta property=\"og:url\" content=\"https:\/\/revolutionpadelstore.com\/de\/produkt\/short-bullpadel-gemma-triay-exito-cereza-mujer-1\/\" \/>\n<meta property=\"og:site_name\" content=\"Revolution Padel Store\" \/>\n<meta property=\"article:modified_time\" content=\"2026-04-08T11:24:21+00:00\" \/>\n<meta property=\"og:image\" content=\"https:\/\/revolutionpadelstore.com\/wp-content\/uploads\/2024\/04\/18886-0-4.jpg\" \/>\n\t<meta property=\"og:image:width\" content=\"800\" \/>\n\t<meta property=\"og:image:height\" content=\"800\" \/>\n\t<meta property=\"og:image:type\" content=\"image\/png\" \/>\n<meta name=\"twitter:card\" content=\"summary_large_image\" \/>\n<meta name=\"twitter:label1\" content=\"Gesch\u00e4tzte Lesezeit\" \/>\n\t<meta name=\"twitter:data1\" content=\"1\u00a0Minute\" \/>\n<script type=\"application\/ld+json\" class=\"yoast-schema-graph\">{\"@context\":\"https:\\\/\\\/schema.org\",\"@graph\":[{\"@type\":\"WebPage\",\"@id\":\"https:\\\/\\\/revolutionpadelstore.com\\\/de\\\/produkt\\\/short-bullpadel-gemma-triay-exito-cereza-mujer-1\\\/\",\"url\":\"https:\\\/\\\/revolutionpadelstore.com\\\/de\\\/produkt\\\/short-bullpadel-gemma-triay-exito-cereza-mujer-1\\\/\",\"name\":\"Short Bullpadel Gemma Triay Exito Cereza Mujer - Revolution Padel Store\",\"isPartOf\":{\"@id\":\"https:\\\/\\\/revolutionpadelstore.com\\\/de\\\/#website\"},\"primaryImageOfPage\":{\"@id\":\"https:\\\/\\\/revolutionpadelstore.com\\\/de\\\/produkt\\\/short-bullpadel-gemma-triay-exito-cereza-mujer-1\\\/#primaryimage\"},\"image\":{\"@id\":\"https:\\\/\\\/revolutionpadelstore.com\\\/de\\\/produkt\\\/short-bullpadel-gemma-triay-exito-cereza-mujer-1\\\/#primaryimage\"},\"thumbnailUrl\":\"https:\\\/\\\/revolutionpadelstore.com\\\/wp-content\\\/uploads\\\/2024\\\/04\\\/18886-0-4.jpg\",\"datePublished\":\"2024-04-22T13:23:04+00:00\",\"dateModified\":\"2026-04-08T11:24:21+00:00\",\"description\":\"Short Bullpadel Gemma Triay Exito Cereza para mujer de la l\u00ednea especial de Gemma Triay en Revolution Padel Store.\",\"breadcrumb\":{\"@id\":\"https:\\\/\\\/revolutionpadelstore.com\\\/de\\\/produkt\\\/short-bullpadel-gemma-triay-exito-cereza-mujer-1\\\/#breadcrumb\"},\"inLanguage\":\"de\",\"potentialAction\":[{\"@type\":\"ReadAction\",\"target\":[\"https:\\\/\\\/revolutionpadelstore.com\\\/de\\\/produkt\\\/short-bullpadel-gemma-triay-exito-cereza-mujer-1\\\/\"]}]},{\"@type\":\"ImageObject\",\"inLanguage\":\"de\",\"@id\":\"https:\\\/\\\/revolutionpadelstore.com\\\/de\\\/produkt\\\/short-bullpadel-gemma-triay-exito-cereza-mujer-1\\\/#primaryimage\",\"url\":\"https:\\\/\\\/revolutionpadelstore.com\\\/wp-content\\\/uploads\\\/2024\\\/04\\\/18886-0-4.jpg\",\"contentUrl\":\"https:\\\/\\\/revolutionpadelstore.com\\\/wp-content\\\/uploads\\\/2024\\\/04\\\/18886-0-4.jpg\",\"width\":800,\"height\":800},{\"@type\":\"BreadcrumbList\",\"@id\":\"https:\\\/\\\/revolutionpadelstore.com\\\/de\\\/produkt\\\/short-bullpadel-gemma-triay-exito-cereza-mujer-1\\\/#breadcrumb\",\"itemListElement\":[{\"@type\":\"ListItem\",\"position\":1,\"name\":\"Portada\",\"item\":\"https:\\\/\\\/revolutionpadelstore.com\\\/de\\\/\"},{\"@type\":\"ListItem\",\"position\":2,\"name\":\"Shop\",\"item\":\"https:\\\/\\\/revolutionpadelstore.com\\\/de\\\/tienda\\\/\"},{\"@type\":\"ListItem\",\"position\":3,\"name\":\"Short Bullpadel Gemma Triay Exito Cereza Mujer\"}]},{\"@type\":\"WebSite\",\"@id\":\"https:\\\/\\\/revolutionpadelstore.com\\\/de\\\/#website\",\"url\":\"https:\\\/\\\/revolutionpadelstore.com\\\/de\\\/\",\"name\":\"Revolution Padel Store\",\"description\":\"\",\"publisher\":{\"@id\":\"https:\\\/\\\/revolutionpadelstore.com\\\/de\\\/#organization\"},\"potentialAction\":[{\"@type\":\"SearchAction\",\"target\":{\"@type\":\"EntryPoint\",\"urlTemplate\":\"https:\\\/\\\/revolutionpadelstore.com\\\/de\\\/?s={search_term_string}\"},\"query-input\":{\"@type\":\"PropertyValueSpecification\",\"valueRequired\":true,\"valueName\":\"search_term_string\"}}],\"inLanguage\":\"de\"},{\"@type\":\"Organization\",\"@id\":\"https:\\\/\\\/revolutionpadelstore.com\\\/de\\\/#organization\",\"name\":\"Revolution Padel Store\",\"url\":\"https:\\\/\\\/revolutionpadelstore.com\\\/de\\\/\",\"logo\":{\"@type\":\"ImageObject\",\"inLanguage\":\"de\",\"@id\":\"https:\\\/\\\/revolutionpadelstore.com\\\/de\\\/#\\\/schema\\\/logo\\\/image\\\/\",\"url\":\"https:\\\/\\\/revolutionpadelstore.com\\\/wp-content\\\/uploads\\\/2026\\\/02\\\/revolution-padel-store.jpg\",\"contentUrl\":\"https:\\\/\\\/revolutionpadelstore.com\\\/wp-content\\\/uploads\\\/2026\\\/02\\\/revolution-padel-store.jpg\",\"width\":2000,\"height\":2000,\"caption\":\"Revolution Padel Store\"},\"image\":{\"@id\":\"https:\\\/\\\/revolutionpadelstore.com\\\/de\\\/#\\\/schema\\\/logo\\\/image\\\/\"},\"sameAs\":[\"https:\\\/\\\/www.instagram.com\\\/revolutionpadelstore\\\/\"]}]}<\/script>\n<!-- \/ Yoast SEO plugin. -->","yoast_head_json":{"title":"Short Bullpadel Gemma Triay Exito Cereza Mujer - Revolution Padel Store","description":"Short Bullpadel Gemma Triay Exito Cereza para mujer de la l\u00ednea especial de Gemma Triay en Revolution Padel Store.","robots":{"index":"index","follow":"follow","max-snippet":"max-snippet:-1","max-image-preview":"max-image-preview:large","max-video-preview":"max-video-preview:-1"},"canonical":"https:\/\/revolutionpadelstore.com\/de\/produkt\/short-bullpadel-gemma-triay-exito-cereza-mujer-1\/","og_locale":"de_DE","og_type":"article","og_title":"Short Bullpadel Gemma Triay Exito Cereza Mujer - Revolution Padel Store","og_description":"Short Bullpadel Gemma Triay Exito Cereza para mujer de la l\u00ednea especial de Gemma Triay en Revolution Padel Store.","og_url":"https:\/\/revolutionpadelstore.com\/de\/produkt\/short-bullpadel-gemma-triay-exito-cereza-mujer-1\/","og_site_name":"Revolution Padel Store","article_modified_time":"2026-04-08T11:24:21+00:00","og_image":[{"width":800,"height":800,"url":"https:\/\/revolutionpadelstore.com\/wp-content\/uploads\/2024\/04\/18886-0-4.jpg","type":"image\/png"}],"twitter_card":"summary_large_image","twitter_misc":{"Gesch\u00e4tzte Lesezeit":"1\u00a0Minute"},"schema":{"@context":"https:\/\/schema.org","@graph":[{"@type":"WebPage","@id":"https:\/\/revolutionpadelstore.com\/de\/produkt\/short-bullpadel-gemma-triay-exito-cereza-mujer-1\/","url":"https:\/\/revolutionpadelstore.com\/de\/produkt\/short-bullpadel-gemma-triay-exito-cereza-mujer-1\/","name":"Short Bullpadel Gemma Triay Exito Cereza Mujer - Revolution Padel Store","isPartOf":{"@id":"https:\/\/revolutionpadelstore.com\/de\/#website"},"primaryImageOfPage":{"@id":"https:\/\/revolutionpadelstore.com\/de\/produkt\/short-bullpadel-gemma-triay-exito-cereza-mujer-1\/#primaryimage"},"image":{"@id":"https:\/\/revolutionpadelstore.com\/de\/produkt\/short-bullpadel-gemma-triay-exito-cereza-mujer-1\/#primaryimage"},"thumbnailUrl":"https:\/\/revolutionpadelstore.com\/wp-content\/uploads\/2024\/04\/18886-0-4.jpg","datePublished":"2024-04-22T13:23:04+00:00","dateModified":"2026-04-08T11:24:21+00:00","description":"Short Bullpadel Gemma Triay Exito Cereza para mujer de la l\u00ednea especial de Gemma Triay en Revolution Padel Store.","breadcrumb":{"@id":"https:\/\/revolutionpadelstore.com\/de\/produkt\/short-bullpadel-gemma-triay-exito-cereza-mujer-1\/#breadcrumb"},"inLanguage":"de","potentialAction":[{"@type":"ReadAction","target":["https:\/\/revolutionpadelstore.com\/de\/produkt\/short-bullpadel-gemma-triay-exito-cereza-mujer-1\/"]}]},{"@type":"ImageObject","inLanguage":"de","@id":"https:\/\/revolutionpadelstore.com\/de\/produkt\/short-bullpadel-gemma-triay-exito-cereza-mujer-1\/#primaryimage","url":"https:\/\/revolutionpadelstore.com\/wp-content\/uploads\/2024\/04\/18886-0-4.jpg","contentUrl":"https:\/\/revolutionpadelstore.com\/wp-content\/uploads\/2024\/04\/18886-0-4.jpg","width":800,"height":800},{"@type":"BreadcrumbList","@id":"https:\/\/revolutionpadelstore.com\/de\/produkt\/short-bullpadel-gemma-triay-exito-cereza-mujer-1\/#breadcrumb","itemListElement":[{"@type":"ListItem","position":1,"name":"Portada","item":"https:\/\/revolutionpadelstore.com\/de\/"},{"@type":"ListItem","position":2,"name":"Shop","item":"https:\/\/revolutionpadelstore.com\/de\/tienda\/"},{"@type":"ListItem","position":3,"name":"Short Bullpadel Gemma Triay Exito Cereza Mujer"}]},{"@type":"WebSite","@id":"https:\/\/revolutionpadelstore.com\/de\/#website","url":"https:\/\/revolutionpadelstore.com\/de\/","name":"Revolution Padel Store","description":"","publisher":{"@id":"https:\/\/revolutionpadelstore.com\/de\/#organization"},"potentialAction":[{"@type":"SearchAction","target":{"@type":"EntryPoint","urlTemplate":"https:\/\/revolutionpadelstore.com\/de\/?s={search_term_string}"},"query-input":{"@type":"PropertyValueSpecification","valueRequired":true,"valueName":"search_term_string"}}],"inLanguage":"de"},{"@type":"Organization","@id":"https:\/\/revolutionpadelstore.com\/de\/#organization","name":"Revolution Padel Store","url":"https:\/\/revolutionpadelstore.com\/de\/","logo":{"@type":"ImageObject","inLanguage":"de","@id":"https:\/\/revolutionpadelstore.com\/de\/#\/schema\/logo\/image\/","url":"https:\/\/revolutionpadelstore.com\/wp-content\/uploads\/2026\/02\/revolution-padel-store.jpg","contentUrl":"https:\/\/revolutionpadelstore.com\/wp-content\/uploads\/2026\/02\/revolution-padel-store.jpg","width":2000,"height":2000,"caption":"Revolution Padel Store"},"image":{"@id":"https:\/\/revolutionpadelstore.com\/de\/#\/schema\/logo\/image\/"},"sameAs":["https:\/\/www.instagram.com\/revolutionpadelstore\/"]}]}},"_links":{"self":[{"href":"https:\/\/revolutionpadelstore.com\/de\/wp-json\/wp\/v2\/product\/18562","targetHints":{"allow":["GET"]}}],"collection":[{"href":"https:\/\/revolutionpadelstore.com\/de\/wp-json\/wp\/v2\/product"}],"about":[{"href":"https:\/\/revolutionpadelstore.com\/de\/wp-json\/wp\/v2\/types\/product"}],"replies":[{"embeddable":true,"href":"https:\/\/revolutionpadelstore.com\/de\/wp-json\/wp\/v2\/comments?post=18562"}],"wp:featuredmedia":[{"embeddable":true,"href":"https:\/\/revolutionpadelstore.com\/de\/wp-json\/wp\/v2\/media\/5143"}],"wp:attachment":[{"href":"https:\/\/revolutionpadelstore.com\/de\/wp-json\/wp\/v2\/media?parent=18562"}],"wp:term":[{"taxonomy":"acabado","embeddable":true,"href":"https:\/\/revolutionpadelstore.com\/de\/wp-json\/wp\/v2\/acabado?post=18562"},{"taxonomy":"balance","embeddable":true,"href":"https:\/\/revolutionpadelstore.com\/de\/wp-json\/wp\/v2\/balance?post=18562"},{"taxonomy":"dureza","embeddable":true,"href":"https:\/\/revolutionpadelstore.com\/de\/wp-json\/wp\/v2\/dureza?post=18562"},{"taxonomy":"forma","embeddable":true,"href":"https:\/\/revolutionpadelstore.com\/de\/wp-json\/wp\/v2\/forma?post=18562"},{"taxonomy":"jugador","embeddable":true,"href":"https:\/\/revolutionpadelstore.com\/de\/wp-json\/wp\/v2\/jugador?post=18562"},{"taxonomy":"marca","embeddable":true,"href":"https:\/\/revolutionpadelstore.com\/de\/wp-json\/wp\/v2\/marca?post=18562"},{"taxonomy":"nivel-de-juego","embeddable":true,"href":"https:\/\/revolutionpadelstore.com\/de\/wp-json\/wp\/v2\/nivel-de-juego?post=18562"},{"taxonomy":"superficie","embeddable":true,"href":"https:\/\/revolutionpadelstore.com\/de\/wp-json\/wp\/v2\/superficie?post=18562"},{"taxonomy":"tipo-de-juego","embeddable":true,"href":"https:\/\/revolutionpadelstore.com\/de\/wp-json\/wp\/v2\/tipo-de-juego?post=18562"},{"taxonomy":"product_brand","embeddable":true,"href":"https:\/\/revolutionpadelstore.com\/de\/wp-json\/wp\/v2\/product_brand?post=18562"},{"taxonomy":"product_cat","embeddable":true,"href":"https:\/\/revolutionpadelstore.com\/de\/wp-json\/wp\/v2\/product_cat?post=18562"},{"taxonomy":"product_tag","embeddable":true,"href":"https:\/\/revolutionpadelstore.com\/de\/wp-json\/wp\/v2\/product_tag?post=18562"}],"curies":[{"name":"wp","href":"https:\/\/api.w.org\/{rel}","templated":true}]}}