{"id":18262,"date":"2024-04-22T15:23:09","date_gmt":"2024-04-22T13:23:09","guid":{"rendered":"https:\/\/revolutionpadelstore.com\/zapatillas-bullpadel-ionic-24v-gris-oscuro\/"},"modified":"2026-04-08T13:13:05","modified_gmt":"2026-04-08T11:13:05","slug":"zapatillas-bullpadel-ionic-24v-gris-oscuro-1","status":"publish","type":"product","link":"https:\/\/revolutionpadelstore.com\/de\/produkt\/zapatillas-bullpadel-ionic-24v-gris-oscuro-1\/","title":{"rendered":"Zapatillas Bullpadel Ionic 24V Gris Oscuro"},"content":{"rendered":"<p>Im Revolution Padel Store, Ihrem vertrauensw\u00fcrdigen Gesch\u00e4ft f\u00fcr alles rund um Padel, sind wir stolz, Ihnen die neuen Bullpadel Ionic 24V Dark Grey-Schuhe pr\u00e4sentieren zu k\u00f6nnen. Ein Modell, das bahnbrechendes Design mit modernster Technologie kombiniert, um Ihnen au\u00dfergew\u00f6hnliche Leistung auf der Rennstrecke zu bieten.<\/p>\n<p> Mit dem Qualit\u00e4tssiegel der Marke Bullpadel sind diese Schuhe das Ergebnis der Zusammenarbeit mit den jungen Padel-Versprechen Alex Arroyo und Javier Leal. Seine Sohle, die f\u00fcr mehr Beweglichkeit und Griffigkeit entwickelt wurde, erm\u00f6glicht es Ihnen, sich in Ihrem Spiel weiterzuentwickeln und Ihr maximales Potenzial auszusch\u00f6pfen.<\/p>\n<p> Aber das ist noch nicht alles: Dank der STITCH INSOLE-Technologie besteht die Innensohle dieser Schuhe aus EVA-Gummi und einer Textilverst\u00e4rkung, die f\u00fcr optimale D\u00e4mpfung und unvergleichlichen Komfort sorgt. Dar\u00fcber hinaus verhindert das BPS SYSTEM-System mit seinem hinteren Stabilisator ein Umknicken, indem es den Fu\u00df in den seitlichen St\u00fctzen h\u00e4lt.<\/p>\n<p> Mit der THERMO SEALED-Technologie bieten diese Schuhe dank des Fehlens von N\u00e4hten einen Handschuheffekt, was sie leichter, flexibler und widerstandsf\u00e4higer macht. Und um Sie vor Reibung an W\u00e4nden zu sch\u00fctzen, verf\u00fcgen sie \u00fcber das SOLE SHIELD-System, das die H\u00f6he der Sohle an den Seiten und an der Spitze erh\u00f6ht.<\/p>\n<p> Was die D\u00e4mpfung betrifft, verf\u00fcgt das LATERAL MOVEMENT-System \u00fcber einen zentralen Kanal, der f\u00fcr zus\u00e4tzliche D\u00e4mpfung in der Ferse sorgt, w\u00e4hrend das TPU-St\u00fcck in der Ferse dabei hilft, die urspr\u00fcngliche Form des Phylons wiederherzustellen. Und f\u00fcr optimale Fu\u00dfflexibilit\u00e4t verf\u00fcgt das FLEX RIFT-System \u00fcber freie Gummikan\u00e4le in der Sohle.<\/p>\n<p> Nicht zuletzt kombiniert das HYBRID 360-Hybrid-Sohlendesign eine Fischgr\u00e4tenzone f\u00fcr optimalen Halt und eine Mikrostollenzone zur F\u00f6rderung von seitlichen Bewegungen und Drehungen. Zusammenfassend sind die Bullpadel Ionic 24V Dark Grey Schuhe<\/p>\n","protected":false},"excerpt":{"rendered":"<p>Entdecken Sie die innovativen Bullpadel Ionic 24V Dark Grey Schuhe im Revolution Padel Store. Bahnbrechendes Design und fortschrittliche Technologie.<\/p>\n","protected":false},"featured_media":46037,"comment_status":"closed","ping_status":"closed","template":"","meta":{"_acf_changed":false,"_joinchat":[]},"acabado":[],"balance":[],"dureza":[],"forma":[],"jugador":[1189],"marca":[1254],"nivel-de-juego":[1334,1339,1344],"superficie":[],"tipo-de-juego":[1369,1374],"product_brand":[],"product_cat":[398],"product_tag":[],"class_list":{"0":"post-18262","1":"product","2":"type-product","3":"status-publish","4":"has-post-thumbnail","6":"jugador-mann","7":"marca-bullpadel-de","8":"tipo-de-juego-kontrolle","9":"tipo-de-juego-leistung","10":"product_cat-herren-sneaker","12":"first","13":"outofstock","14":"sale","15":"taxable","16":"shipping-taxable","17":"purchasable","18":"product-type-variable"},"acf":[],"yoast_head":"<!-- This site is optimized with the Yoast SEO plugin v27.4 - https:\/\/yoast.com\/product\/yoast-seo-wordpress\/ -->\n<title>Zapatillas Bullpadel Ionic 24V Gris Oscuro - Revolution Padel Store<\/title>\n<meta name=\"description\" content=\"Descubre las innovadoras Zapatillas Bullpadel Ionic 24V Gris Oscuro en Revolution Padel Store. Dise\u00f1o rompedor y tecnolog\u00eda avanzada.\" \/>\n<meta name=\"robots\" content=\"index, follow, max-snippet:-1, max-image-preview:large, max-video-preview:-1\" \/>\n<link rel=\"canonical\" href=\"https:\/\/revolutionpadelstore.com\/de\/produkt\/zapatillas-bullpadel-ionic-24v-gris-oscuro-1\/\" \/>\n<meta property=\"og:locale\" content=\"de_DE\" \/>\n<meta property=\"og:type\" content=\"article\" \/>\n<meta property=\"og:title\" content=\"Zapatillas Bullpadel Ionic 24V Gris Oscuro - Revolution Padel Store\" \/>\n<meta property=\"og:description\" content=\"Descubre las innovadoras Zapatillas Bullpadel Ionic 24V Gris Oscuro en Revolution Padel Store. Dise\u00f1o rompedor y tecnolog\u00eda avanzada.\" \/>\n<meta property=\"og:url\" content=\"https:\/\/revolutionpadelstore.com\/de\/produkt\/zapatillas-bullpadel-ionic-24v-gris-oscuro-1\/\" \/>\n<meta property=\"og:site_name\" content=\"Revolution Padel Store\" \/>\n<meta property=\"article:modified_time\" content=\"2026-04-08T11:13:05+00:00\" \/>\n<meta property=\"og:image\" content=\"https:\/\/revolutionpadelstore.com\/wp-content\/uploads\/2024\/04\/18975-0-4.jpg\" \/>\n\t<meta property=\"og:image:width\" content=\"800\" \/>\n\t<meta property=\"og:image:height\" content=\"800\" \/>\n\t<meta property=\"og:image:type\" content=\"image\/png\" \/>\n<meta name=\"twitter:card\" content=\"summary_large_image\" \/>\n<meta name=\"twitter:label1\" content=\"Gesch\u00e4tzte Lesezeit\" \/>\n\t<meta name=\"twitter:data1\" content=\"2\u00a0Minuten\" \/>\n<script type=\"application\/ld+json\" class=\"yoast-schema-graph\">{\"@context\":\"https:\\\/\\\/schema.org\",\"@graph\":[{\"@type\":\"WebPage\",\"@id\":\"https:\\\/\\\/revolutionpadelstore.com\\\/de\\\/produkt\\\/zapatillas-bullpadel-ionic-24v-gris-oscuro-1\\\/\",\"url\":\"https:\\\/\\\/revolutionpadelstore.com\\\/de\\\/produkt\\\/zapatillas-bullpadel-ionic-24v-gris-oscuro-1\\\/\",\"name\":\"Zapatillas Bullpadel Ionic 24V Gris Oscuro - Revolution Padel Store\",\"isPartOf\":{\"@id\":\"https:\\\/\\\/revolutionpadelstore.com\\\/de\\\/#website\"},\"primaryImageOfPage\":{\"@id\":\"https:\\\/\\\/revolutionpadelstore.com\\\/de\\\/produkt\\\/zapatillas-bullpadel-ionic-24v-gris-oscuro-1\\\/#primaryimage\"},\"image\":{\"@id\":\"https:\\\/\\\/revolutionpadelstore.com\\\/de\\\/produkt\\\/zapatillas-bullpadel-ionic-24v-gris-oscuro-1\\\/#primaryimage\"},\"thumbnailUrl\":\"https:\\\/\\\/revolutionpadelstore.com\\\/wp-content\\\/uploads\\\/2024\\\/04\\\/18975-0-4.jpg\",\"datePublished\":\"2024-04-22T13:23:09+00:00\",\"dateModified\":\"2026-04-08T11:13:05+00:00\",\"description\":\"Descubre las innovadoras Zapatillas Bullpadel Ionic 24V Gris Oscuro en Revolution Padel Store. Dise\u00f1o rompedor y tecnolog\u00eda avanzada.\",\"breadcrumb\":{\"@id\":\"https:\\\/\\\/revolutionpadelstore.com\\\/de\\\/produkt\\\/zapatillas-bullpadel-ionic-24v-gris-oscuro-1\\\/#breadcrumb\"},\"inLanguage\":\"de\",\"potentialAction\":[{\"@type\":\"ReadAction\",\"target\":[\"https:\\\/\\\/revolutionpadelstore.com\\\/de\\\/produkt\\\/zapatillas-bullpadel-ionic-24v-gris-oscuro-1\\\/\"]}]},{\"@type\":\"ImageObject\",\"inLanguage\":\"de\",\"@id\":\"https:\\\/\\\/revolutionpadelstore.com\\\/de\\\/produkt\\\/zapatillas-bullpadel-ionic-24v-gris-oscuro-1\\\/#primaryimage\",\"url\":\"https:\\\/\\\/revolutionpadelstore.com\\\/wp-content\\\/uploads\\\/2024\\\/04\\\/18975-0-4.jpg\",\"contentUrl\":\"https:\\\/\\\/revolutionpadelstore.com\\\/wp-content\\\/uploads\\\/2024\\\/04\\\/18975-0-4.jpg\",\"width\":800,\"height\":800},{\"@type\":\"BreadcrumbList\",\"@id\":\"https:\\\/\\\/revolutionpadelstore.com\\\/de\\\/produkt\\\/zapatillas-bullpadel-ionic-24v-gris-oscuro-1\\\/#breadcrumb\",\"itemListElement\":[{\"@type\":\"ListItem\",\"position\":1,\"name\":\"Portada\",\"item\":\"https:\\\/\\\/revolutionpadelstore.com\\\/de\\\/\"},{\"@type\":\"ListItem\",\"position\":2,\"name\":\"Shop\",\"item\":\"https:\\\/\\\/revolutionpadelstore.com\\\/de\\\/tienda\\\/\"},{\"@type\":\"ListItem\",\"position\":3,\"name\":\"Zapatillas Bullpadel Ionic 24V Gris Oscuro\"}]},{\"@type\":\"WebSite\",\"@id\":\"https:\\\/\\\/revolutionpadelstore.com\\\/de\\\/#website\",\"url\":\"https:\\\/\\\/revolutionpadelstore.com\\\/de\\\/\",\"name\":\"Revolution Padel Store\",\"description\":\"\",\"publisher\":{\"@id\":\"https:\\\/\\\/revolutionpadelstore.com\\\/de\\\/#organization\"},\"potentialAction\":[{\"@type\":\"SearchAction\",\"target\":{\"@type\":\"EntryPoint\",\"urlTemplate\":\"https:\\\/\\\/revolutionpadelstore.com\\\/de\\\/?s={search_term_string}\"},\"query-input\":{\"@type\":\"PropertyValueSpecification\",\"valueRequired\":true,\"valueName\":\"search_term_string\"}}],\"inLanguage\":\"de\"},{\"@type\":\"Organization\",\"@id\":\"https:\\\/\\\/revolutionpadelstore.com\\\/de\\\/#organization\",\"name\":\"Revolution Padel Store\",\"url\":\"https:\\\/\\\/revolutionpadelstore.com\\\/de\\\/\",\"logo\":{\"@type\":\"ImageObject\",\"inLanguage\":\"de\",\"@id\":\"https:\\\/\\\/revolutionpadelstore.com\\\/de\\\/#\\\/schema\\\/logo\\\/image\\\/\",\"url\":\"https:\\\/\\\/revolutionpadelstore.com\\\/wp-content\\\/uploads\\\/2026\\\/02\\\/revolution-padel-store.jpg\",\"contentUrl\":\"https:\\\/\\\/revolutionpadelstore.com\\\/wp-content\\\/uploads\\\/2026\\\/02\\\/revolution-padel-store.jpg\",\"width\":2000,\"height\":2000,\"caption\":\"Revolution Padel Store\"},\"image\":{\"@id\":\"https:\\\/\\\/revolutionpadelstore.com\\\/de\\\/#\\\/schema\\\/logo\\\/image\\\/\"},\"sameAs\":[\"https:\\\/\\\/www.instagram.com\\\/revolutionpadelstore\\\/\"]}]}<\/script>\n<!-- \/ Yoast SEO plugin. -->","yoast_head_json":{"title":"Zapatillas Bullpadel Ionic 24V Gris Oscuro - Revolution Padel Store","description":"Descubre las innovadoras Zapatillas Bullpadel Ionic 24V Gris Oscuro en Revolution Padel Store. Dise\u00f1o rompedor y tecnolog\u00eda avanzada.","robots":{"index":"index","follow":"follow","max-snippet":"max-snippet:-1","max-image-preview":"max-image-preview:large","max-video-preview":"max-video-preview:-1"},"canonical":"https:\/\/revolutionpadelstore.com\/de\/produkt\/zapatillas-bullpadel-ionic-24v-gris-oscuro-1\/","og_locale":"de_DE","og_type":"article","og_title":"Zapatillas Bullpadel Ionic 24V Gris Oscuro - Revolution Padel Store","og_description":"Descubre las innovadoras Zapatillas Bullpadel Ionic 24V Gris Oscuro en Revolution Padel Store. Dise\u00f1o rompedor y tecnolog\u00eda avanzada.","og_url":"https:\/\/revolutionpadelstore.com\/de\/produkt\/zapatillas-bullpadel-ionic-24v-gris-oscuro-1\/","og_site_name":"Revolution Padel Store","article_modified_time":"2026-04-08T11:13:05+00:00","og_image":[{"width":800,"height":800,"url":"https:\/\/revolutionpadelstore.com\/wp-content\/uploads\/2024\/04\/18975-0-4.jpg","type":"image\/png"}],"twitter_card":"summary_large_image","twitter_misc":{"Gesch\u00e4tzte Lesezeit":"2\u00a0Minuten"},"schema":{"@context":"https:\/\/schema.org","@graph":[{"@type":"WebPage","@id":"https:\/\/revolutionpadelstore.com\/de\/produkt\/zapatillas-bullpadel-ionic-24v-gris-oscuro-1\/","url":"https:\/\/revolutionpadelstore.com\/de\/produkt\/zapatillas-bullpadel-ionic-24v-gris-oscuro-1\/","name":"Zapatillas Bullpadel Ionic 24V Gris Oscuro - Revolution Padel Store","isPartOf":{"@id":"https:\/\/revolutionpadelstore.com\/de\/#website"},"primaryImageOfPage":{"@id":"https:\/\/revolutionpadelstore.com\/de\/produkt\/zapatillas-bullpadel-ionic-24v-gris-oscuro-1\/#primaryimage"},"image":{"@id":"https:\/\/revolutionpadelstore.com\/de\/produkt\/zapatillas-bullpadel-ionic-24v-gris-oscuro-1\/#primaryimage"},"thumbnailUrl":"https:\/\/revolutionpadelstore.com\/wp-content\/uploads\/2024\/04\/18975-0-4.jpg","datePublished":"2024-04-22T13:23:09+00:00","dateModified":"2026-04-08T11:13:05+00:00","description":"Descubre las innovadoras Zapatillas Bullpadel Ionic 24V Gris Oscuro en Revolution Padel Store. Dise\u00f1o rompedor y tecnolog\u00eda avanzada.","breadcrumb":{"@id":"https:\/\/revolutionpadelstore.com\/de\/produkt\/zapatillas-bullpadel-ionic-24v-gris-oscuro-1\/#breadcrumb"},"inLanguage":"de","potentialAction":[{"@type":"ReadAction","target":["https:\/\/revolutionpadelstore.com\/de\/produkt\/zapatillas-bullpadel-ionic-24v-gris-oscuro-1\/"]}]},{"@type":"ImageObject","inLanguage":"de","@id":"https:\/\/revolutionpadelstore.com\/de\/produkt\/zapatillas-bullpadel-ionic-24v-gris-oscuro-1\/#primaryimage","url":"https:\/\/revolutionpadelstore.com\/wp-content\/uploads\/2024\/04\/18975-0-4.jpg","contentUrl":"https:\/\/revolutionpadelstore.com\/wp-content\/uploads\/2024\/04\/18975-0-4.jpg","width":800,"height":800},{"@type":"BreadcrumbList","@id":"https:\/\/revolutionpadelstore.com\/de\/produkt\/zapatillas-bullpadel-ionic-24v-gris-oscuro-1\/#breadcrumb","itemListElement":[{"@type":"ListItem","position":1,"name":"Portada","item":"https:\/\/revolutionpadelstore.com\/de\/"},{"@type":"ListItem","position":2,"name":"Shop","item":"https:\/\/revolutionpadelstore.com\/de\/tienda\/"},{"@type":"ListItem","position":3,"name":"Zapatillas Bullpadel Ionic 24V Gris Oscuro"}]},{"@type":"WebSite","@id":"https:\/\/revolutionpadelstore.com\/de\/#website","url":"https:\/\/revolutionpadelstore.com\/de\/","name":"Revolution Padel Store","description":"","publisher":{"@id":"https:\/\/revolutionpadelstore.com\/de\/#organization"},"potentialAction":[{"@type":"SearchAction","target":{"@type":"EntryPoint","urlTemplate":"https:\/\/revolutionpadelstore.com\/de\/?s={search_term_string}"},"query-input":{"@type":"PropertyValueSpecification","valueRequired":true,"valueName":"search_term_string"}}],"inLanguage":"de"},{"@type":"Organization","@id":"https:\/\/revolutionpadelstore.com\/de\/#organization","name":"Revolution Padel Store","url":"https:\/\/revolutionpadelstore.com\/de\/","logo":{"@type":"ImageObject","inLanguage":"de","@id":"https:\/\/revolutionpadelstore.com\/de\/#\/schema\/logo\/image\/","url":"https:\/\/revolutionpadelstore.com\/wp-content\/uploads\/2026\/02\/revolution-padel-store.jpg","contentUrl":"https:\/\/revolutionpadelstore.com\/wp-content\/uploads\/2026\/02\/revolution-padel-store.jpg","width":2000,"height":2000,"caption":"Revolution Padel Store"},"image":{"@id":"https:\/\/revolutionpadelstore.com\/de\/#\/schema\/logo\/image\/"},"sameAs":["https:\/\/www.instagram.com\/revolutionpadelstore\/"]}]}},"_links":{"self":[{"href":"https:\/\/revolutionpadelstore.com\/de\/wp-json\/wp\/v2\/product\/18262","targetHints":{"allow":["GET"]}}],"collection":[{"href":"https:\/\/revolutionpadelstore.com\/de\/wp-json\/wp\/v2\/product"}],"about":[{"href":"https:\/\/revolutionpadelstore.com\/de\/wp-json\/wp\/v2\/types\/product"}],"replies":[{"embeddable":true,"href":"https:\/\/revolutionpadelstore.com\/de\/wp-json\/wp\/v2\/comments?post=18262"}],"wp:featuredmedia":[{"embeddable":true,"href":"https:\/\/revolutionpadelstore.com\/de\/wp-json\/wp\/v2\/media\/46037"}],"wp:attachment":[{"href":"https:\/\/revolutionpadelstore.com\/de\/wp-json\/wp\/v2\/media?parent=18262"}],"wp:term":[{"taxonomy":"acabado","embeddable":true,"href":"https:\/\/revolutionpadelstore.com\/de\/wp-json\/wp\/v2\/acabado?post=18262"},{"taxonomy":"balance","embeddable":true,"href":"https:\/\/revolutionpadelstore.com\/de\/wp-json\/wp\/v2\/balance?post=18262"},{"taxonomy":"dureza","embeddable":true,"href":"https:\/\/revolutionpadelstore.com\/de\/wp-json\/wp\/v2\/dureza?post=18262"},{"taxonomy":"forma","embeddable":true,"href":"https:\/\/revolutionpadelstore.com\/de\/wp-json\/wp\/v2\/forma?post=18262"},{"taxonomy":"jugador","embeddable":true,"href":"https:\/\/revolutionpadelstore.com\/de\/wp-json\/wp\/v2\/jugador?post=18262"},{"taxonomy":"marca","embeddable":true,"href":"https:\/\/revolutionpadelstore.com\/de\/wp-json\/wp\/v2\/marca?post=18262"},{"taxonomy":"nivel-de-juego","embeddable":true,"href":"https:\/\/revolutionpadelstore.com\/de\/wp-json\/wp\/v2\/nivel-de-juego?post=18262"},{"taxonomy":"superficie","embeddable":true,"href":"https:\/\/revolutionpadelstore.com\/de\/wp-json\/wp\/v2\/superficie?post=18262"},{"taxonomy":"tipo-de-juego","embeddable":true,"href":"https:\/\/revolutionpadelstore.com\/de\/wp-json\/wp\/v2\/tipo-de-juego?post=18262"},{"taxonomy":"product_brand","embeddable":true,"href":"https:\/\/revolutionpadelstore.com\/de\/wp-json\/wp\/v2\/product_brand?post=18262"},{"taxonomy":"product_cat","embeddable":true,"href":"https:\/\/revolutionpadelstore.com\/de\/wp-json\/wp\/v2\/product_cat?post=18262"},{"taxonomy":"product_tag","embeddable":true,"href":"https:\/\/revolutionpadelstore.com\/de\/wp-json\/wp\/v2\/product_tag?post=18262"}],"curies":[{"name":"wp","href":"https:\/\/api.w.org\/{rel}","templated":true}]}}