{"id":181738,"date":"2025-02-22T22:59:42","date_gmt":"2025-02-22T21:59:42","guid":{"rendered":"https:\/\/revolutionpadelstore.com\/wilson-defy-v1-2025\/"},"modified":"2026-04-22T02:01:06","modified_gmt":"2026-04-22T00:01:06","slug":"wilson-defy-v1-2025-1","status":"publish","type":"product","link":"https:\/\/revolutionpadelstore.com\/de\/produkt\/wilson-defy-v1-2025-1\/","title":{"rendered":"WILSON DEFY V1 2025"},"content":{"rendered":"<h2> wilson disic v1 2025 &#8211; Leistung, Effekt und Pr\u00e4zision in jedem Schlag <\/ h2><br \/>\nDer <strong> Wilson Defy V1 2025 <\/strong> ist eine Hochleistungsschaufel f\u00fcr fortschrittliche Spieler und Fachkr\u00e4fte, die nach maximaler Leistung und Wirkung auf ihr Spiel suchen. Mit einer Diamantform und einem Gleichgewicht im Kopf bietet diese Schaufel einen explosiven Klebstoff, ohne die Pr\u00e4zision zu beeintr\u00e4chtigen. Seine 3K -Kohlenstoffstruktur und der Kern des Leistungsschaums optimieren die Kugelauslass und die Stabilit\u00e4t in jedem Schlag und gew\u00e4hrleisten ein Offensivspiel mit hohem Niveau.<\/p>\n<h2> Schl\u00fcsselmerkmale des Wilson Defy V1 2025 <\/ H2><\/p>\n<p>-Diamond-Format-Maximum-Leistung in jedem Schlag.<br \/>\n-To High -Greater -Tr\u00e4gheit f\u00fcr t\u00f6dliche Schl\u00e4ge.<br \/>\n-Carbono 3k in den Pl\u00e4nen -Resistenz und solides Gef\u00fchl.<br \/>\n-Power -Schaumstoff im Nucleus -optimierten Kraft mit guter Auswirkung Die Absorption.<br \/>\n-Spin\u00b2 Textur -Rough -Oberfl\u00e4che f\u00fcr h\u00f6here Effekte.<br \/>\n-Beam -Technologie -Rigidit\u00e4t im Rahmen f\u00fcr eine gr\u00f6\u00dfere Pr\u00e4zision.<br \/>\n-Sharp Hole Technology -Perforiert f\u00fcr Leistung und Kontrolle optimiert.<br \/>\n-Aeroxact Design -Aerodynamisches Design f\u00fcr eine bessere Verwaltbarkeit.<br \/>\n-A ungef\u00e4hr Peso -365 g, ideal f\u00fcr aggressive Spieler. <\/p>\n<h2> Die perfekte Klinge f\u00fcr offensive Spieler <\/ h2><br \/>\nWenn Ihr Spielstil auf stumpfen Angriffen und \u00fcberraschenden Effekten basiert, ist <strong> Wilson Defy V1 2025 <\/strong> Ihre beste Wahl. Dank seiner fortschrittlichen Konstruktion und der Duo -Gittertechnologie k\u00f6nnen Sie mehr Auswirkungen auf jeden Schlag drucken, was es f\u00fcr die Reaktion des Rivalen schwer macht und ein aggressives Spiel im Netzwerk sicherstellt.<\/p>\n<h2> <strong> Warum den Wilson Defy V1 2025 w\u00e4hlen? <\/ strong> <\/ h2><\/p>\n<p> -Golpes leistungsf\u00e4higer und mit gr\u00f6\u00dferer Wirkung.<br \/>\n-Innovative Technologie f\u00fcr Stabilit\u00e4t und Pr\u00e4zision.<br \/>\n-Premium -Materialien f\u00fcr eine gr\u00f6\u00dfere Haltbarkeit.<br \/>\n-Ideal f\u00fcr fortgeschrittene und professionelle Spieler. <\/p>\n<h2> Holen Sie es zum besten Preis!<br \/>\nVerpassen Sie nicht die Gelegenheit, mit einer Hochleistungsschaufel zu spielen. The <strong> Wilson Defy V1 2025 <\/strong> is available in our online store <strong> <a href=\"https:\/\/chatgpt.com\/g\/g-675432e026888191B6ee6d6f2fdbb15e-optimization-textos\/c\/www.revolutionpadelstore.com\"> ww.revolutionpadelstore.com <\/a> Markt. Holen Sie sich mit ihr und dominieren Sie die Strecke!<\/p>\n<h2>Wilson Defy V1 2025 \u2013 Potencia, efecto y precisi\u00f3n en cada golpe<\/h2>\n","protected":false},"excerpt":{"rendered":"<p>Der Wilson Defy V1 2025 ist eine offensive Spielschaufel, die durch das diamantf\u00f6rmige Design aus 3K -Kohlenstoff gepr\u00e4gt und mit Spin\u00b2 -Textur -Technologie ausgestattet ist. Es ist f\u00fcr erfahrene Spieler konzipiert, die Strom, Geschwindigkeit und Auswirkungen auf jeden Schlag maximieren m\u00f6chten.<\/p>\n","protected":false},"featured_media":181697,"comment_status":"open","ping_status":"closed","template":"","meta":{"_acf_changed":false,"_joinchat":[]},"acabado":[1084],"balance":[1134],"dureza":[],"forma":[1169],"jugador":[1189,1199],"marca":[1264],"nivel-de-juego":[1334,1339],"superficie":[1359],"tipo-de-juego":[1374],"product_brand":[],"product_cat":[299],"product_tag":[],"class_list":{"0":"post-181738","1":"product","2":"type-product","3":"status-publish","4":"has-post-thumbnail","6":"acabado-kumpel","7":"balance-hoch","8":"forma-diamante-de","9":"jugador-mann","10":"jugador-mehrzweck","11":"marca-wilson-de","12":"superficie-rugosa-de","13":"tipo-de-juego-leistung","14":"product_cat-palas-de-padel-de","16":"first","17":"instock","18":"sale","19":"taxable","20":"shipping-taxable","21":"purchasable","22":"product-type-simple"},"acf":[],"yoast_head":"<!-- This site is optimized with the Yoast SEO plugin v27.4 - https:\/\/yoast.com\/product\/yoast-seo-wordpress\/ -->\n<title>WILSON DEFY V1 2025 - Revolution Padel Store<\/title>\n<meta name=\"description\" content=\"Descubre la Wilson Defy V1 2025, una pala de p\u00e1del de alto rendimiento con m\u00e1xima potencia y efecto. Disponible en www.revolutionpadelstore.com al mejor precio.\" \/>\n<meta name=\"robots\" content=\"index, follow, max-snippet:-1, max-image-preview:large, max-video-preview:-1\" \/>\n<link rel=\"canonical\" href=\"https:\/\/revolutionpadelstore.com\/de\/produkt\/wilson-defy-v1-2025-1\/\" \/>\n<meta property=\"og:locale\" content=\"de_DE\" \/>\n<meta property=\"og:type\" content=\"article\" \/>\n<meta property=\"og:title\" content=\"WILSON DEFY V1 2025 - Revolution Padel Store\" \/>\n<meta property=\"og:description\" content=\"Descubre la Wilson Defy V1 2025, una pala de p\u00e1del de alto rendimiento con m\u00e1xima potencia y efecto. Disponible en www.revolutionpadelstore.com al mejor precio.\" \/>\n<meta property=\"og:url\" content=\"https:\/\/revolutionpadelstore.com\/de\/produkt\/wilson-defy-v1-2025-1\/\" \/>\n<meta property=\"og:site_name\" content=\"Revolution Padel Store\" \/>\n<meta property=\"article:modified_time\" content=\"2026-04-22T00:01:06+00:00\" \/>\n<meta property=\"og:image\" content=\"https:\/\/revolutionpadelstore.com\/wp-content\/uploads\/2025\/02\/116259-pala-wilson-defy-v1-padel-2-wr173711u2-1500x1500-1.webp\" \/>\n\t<meta property=\"og:image:width\" content=\"1500\" \/>\n\t<meta property=\"og:image:height\" content=\"1500\" \/>\n\t<meta property=\"og:image:type\" content=\"image\/webp\" \/>\n<meta name=\"twitter:card\" content=\"summary_large_image\" \/>\n<meta name=\"twitter:label1\" content=\"Gesch\u00e4tzte Lesezeit\" \/>\n\t<meta name=\"twitter:data1\" content=\"2\u00a0Minuten\" \/>\n<script type=\"application\/ld+json\" class=\"yoast-schema-graph\">{\"@context\":\"https:\\\/\\\/schema.org\",\"@graph\":[{\"@type\":\"WebPage\",\"@id\":\"https:\\\/\\\/revolutionpadelstore.com\\\/de\\\/produkt\\\/wilson-defy-v1-2025-1\\\/\",\"url\":\"https:\\\/\\\/revolutionpadelstore.com\\\/de\\\/produkt\\\/wilson-defy-v1-2025-1\\\/\",\"name\":\"WILSON DEFY V1 2025 - Revolution Padel Store\",\"isPartOf\":{\"@id\":\"https:\\\/\\\/revolutionpadelstore.com\\\/de\\\/#website\"},\"primaryImageOfPage\":{\"@id\":\"https:\\\/\\\/revolutionpadelstore.com\\\/de\\\/produkt\\\/wilson-defy-v1-2025-1\\\/#primaryimage\"},\"image\":{\"@id\":\"https:\\\/\\\/revolutionpadelstore.com\\\/de\\\/produkt\\\/wilson-defy-v1-2025-1\\\/#primaryimage\"},\"thumbnailUrl\":\"https:\\\/\\\/revolutionpadelstore.com\\\/wp-content\\\/uploads\\\/2025\\\/02\\\/116259-pala-wilson-defy-v1-padel-2-wr173711u2-1500x1500-1.webp\",\"datePublished\":\"2025-02-22T21:59:42+00:00\",\"dateModified\":\"2026-04-22T00:01:06+00:00\",\"description\":\"Descubre la Wilson Defy V1 2025, una pala de p\u00e1del de alto rendimiento con m\u00e1xima potencia y efecto. Disponible en www.revolutionpadelstore.com al mejor precio.\",\"breadcrumb\":{\"@id\":\"https:\\\/\\\/revolutionpadelstore.com\\\/de\\\/produkt\\\/wilson-defy-v1-2025-1\\\/#breadcrumb\"},\"inLanguage\":\"de\",\"potentialAction\":[{\"@type\":\"ReadAction\",\"target\":[\"https:\\\/\\\/revolutionpadelstore.com\\\/de\\\/produkt\\\/wilson-defy-v1-2025-1\\\/\"]}]},{\"@type\":\"ImageObject\",\"inLanguage\":\"de\",\"@id\":\"https:\\\/\\\/revolutionpadelstore.com\\\/de\\\/produkt\\\/wilson-defy-v1-2025-1\\\/#primaryimage\",\"url\":\"https:\\\/\\\/revolutionpadelstore.com\\\/wp-content\\\/uploads\\\/2025\\\/02\\\/116259-pala-wilson-defy-v1-padel-2-wr173711u2-1500x1500-1.webp\",\"contentUrl\":\"https:\\\/\\\/revolutionpadelstore.com\\\/wp-content\\\/uploads\\\/2025\\\/02\\\/116259-pala-wilson-defy-v1-padel-2-wr173711u2-1500x1500-1.webp\",\"width\":1500,\"height\":1500},{\"@type\":\"BreadcrumbList\",\"@id\":\"https:\\\/\\\/revolutionpadelstore.com\\\/de\\\/produkt\\\/wilson-defy-v1-2025-1\\\/#breadcrumb\",\"itemListElement\":[{\"@type\":\"ListItem\",\"position\":1,\"name\":\"Portada\",\"item\":\"https:\\\/\\\/revolutionpadelstore.com\\\/de\\\/\"},{\"@type\":\"ListItem\",\"position\":2,\"name\":\"Shop\",\"item\":\"https:\\\/\\\/revolutionpadelstore.com\\\/de\\\/tienda\\\/\"},{\"@type\":\"ListItem\",\"position\":3,\"name\":\"WILSON DEFY V1 2025\"}]},{\"@type\":\"WebSite\",\"@id\":\"https:\\\/\\\/revolutionpadelstore.com\\\/de\\\/#website\",\"url\":\"https:\\\/\\\/revolutionpadelstore.com\\\/de\\\/\",\"name\":\"Revolution Padel Store\",\"description\":\"\",\"publisher\":{\"@id\":\"https:\\\/\\\/revolutionpadelstore.com\\\/de\\\/#organization\"},\"potentialAction\":[{\"@type\":\"SearchAction\",\"target\":{\"@type\":\"EntryPoint\",\"urlTemplate\":\"https:\\\/\\\/revolutionpadelstore.com\\\/de\\\/?s={search_term_string}\"},\"query-input\":{\"@type\":\"PropertyValueSpecification\",\"valueRequired\":true,\"valueName\":\"search_term_string\"}}],\"inLanguage\":\"de\"},{\"@type\":\"Organization\",\"@id\":\"https:\\\/\\\/revolutionpadelstore.com\\\/de\\\/#organization\",\"name\":\"Revolution Padel Store\",\"url\":\"https:\\\/\\\/revolutionpadelstore.com\\\/de\\\/\",\"logo\":{\"@type\":\"ImageObject\",\"inLanguage\":\"de\",\"@id\":\"https:\\\/\\\/revolutionpadelstore.com\\\/de\\\/#\\\/schema\\\/logo\\\/image\\\/\",\"url\":\"https:\\\/\\\/revolutionpadelstore.com\\\/wp-content\\\/uploads\\\/2026\\\/02\\\/revolution-padel-store.jpg\",\"contentUrl\":\"https:\\\/\\\/revolutionpadelstore.com\\\/wp-content\\\/uploads\\\/2026\\\/02\\\/revolution-padel-store.jpg\",\"width\":2000,\"height\":2000,\"caption\":\"Revolution Padel Store\"},\"image\":{\"@id\":\"https:\\\/\\\/revolutionpadelstore.com\\\/de\\\/#\\\/schema\\\/logo\\\/image\\\/\"},\"sameAs\":[\"https:\\\/\\\/www.instagram.com\\\/revolutionpadelstore\\\/\"]}]}<\/script>\n<!-- \/ Yoast SEO plugin. -->","yoast_head_json":{"title":"WILSON DEFY V1 2025 - Revolution Padel Store","description":"Descubre la Wilson Defy V1 2025, una pala de p\u00e1del de alto rendimiento con m\u00e1xima potencia y efecto. Disponible en www.revolutionpadelstore.com al mejor precio.","robots":{"index":"index","follow":"follow","max-snippet":"max-snippet:-1","max-image-preview":"max-image-preview:large","max-video-preview":"max-video-preview:-1"},"canonical":"https:\/\/revolutionpadelstore.com\/de\/produkt\/wilson-defy-v1-2025-1\/","og_locale":"de_DE","og_type":"article","og_title":"WILSON DEFY V1 2025 - Revolution Padel Store","og_description":"Descubre la Wilson Defy V1 2025, una pala de p\u00e1del de alto rendimiento con m\u00e1xima potencia y efecto. Disponible en www.revolutionpadelstore.com al mejor precio.","og_url":"https:\/\/revolutionpadelstore.com\/de\/produkt\/wilson-defy-v1-2025-1\/","og_site_name":"Revolution Padel Store","article_modified_time":"2026-04-22T00:01:06+00:00","og_image":[{"width":1500,"height":1500,"url":"https:\/\/revolutionpadelstore.com\/wp-content\/uploads\/2025\/02\/116259-pala-wilson-defy-v1-padel-2-wr173711u2-1500x1500-1.webp","type":"image\/webp"}],"twitter_card":"summary_large_image","twitter_misc":{"Gesch\u00e4tzte Lesezeit":"2\u00a0Minuten"},"schema":{"@context":"https:\/\/schema.org","@graph":[{"@type":"WebPage","@id":"https:\/\/revolutionpadelstore.com\/de\/produkt\/wilson-defy-v1-2025-1\/","url":"https:\/\/revolutionpadelstore.com\/de\/produkt\/wilson-defy-v1-2025-1\/","name":"WILSON DEFY V1 2025 - Revolution Padel Store","isPartOf":{"@id":"https:\/\/revolutionpadelstore.com\/de\/#website"},"primaryImageOfPage":{"@id":"https:\/\/revolutionpadelstore.com\/de\/produkt\/wilson-defy-v1-2025-1\/#primaryimage"},"image":{"@id":"https:\/\/revolutionpadelstore.com\/de\/produkt\/wilson-defy-v1-2025-1\/#primaryimage"},"thumbnailUrl":"https:\/\/revolutionpadelstore.com\/wp-content\/uploads\/2025\/02\/116259-pala-wilson-defy-v1-padel-2-wr173711u2-1500x1500-1.webp","datePublished":"2025-02-22T21:59:42+00:00","dateModified":"2026-04-22T00:01:06+00:00","description":"Descubre la Wilson Defy V1 2025, una pala de p\u00e1del de alto rendimiento con m\u00e1xima potencia y efecto. Disponible en www.revolutionpadelstore.com al mejor precio.","breadcrumb":{"@id":"https:\/\/revolutionpadelstore.com\/de\/produkt\/wilson-defy-v1-2025-1\/#breadcrumb"},"inLanguage":"de","potentialAction":[{"@type":"ReadAction","target":["https:\/\/revolutionpadelstore.com\/de\/produkt\/wilson-defy-v1-2025-1\/"]}]},{"@type":"ImageObject","inLanguage":"de","@id":"https:\/\/revolutionpadelstore.com\/de\/produkt\/wilson-defy-v1-2025-1\/#primaryimage","url":"https:\/\/revolutionpadelstore.com\/wp-content\/uploads\/2025\/02\/116259-pala-wilson-defy-v1-padel-2-wr173711u2-1500x1500-1.webp","contentUrl":"https:\/\/revolutionpadelstore.com\/wp-content\/uploads\/2025\/02\/116259-pala-wilson-defy-v1-padel-2-wr173711u2-1500x1500-1.webp","width":1500,"height":1500},{"@type":"BreadcrumbList","@id":"https:\/\/revolutionpadelstore.com\/de\/produkt\/wilson-defy-v1-2025-1\/#breadcrumb","itemListElement":[{"@type":"ListItem","position":1,"name":"Portada","item":"https:\/\/revolutionpadelstore.com\/de\/"},{"@type":"ListItem","position":2,"name":"Shop","item":"https:\/\/revolutionpadelstore.com\/de\/tienda\/"},{"@type":"ListItem","position":3,"name":"WILSON DEFY V1 2025"}]},{"@type":"WebSite","@id":"https:\/\/revolutionpadelstore.com\/de\/#website","url":"https:\/\/revolutionpadelstore.com\/de\/","name":"Revolution Padel Store","description":"","publisher":{"@id":"https:\/\/revolutionpadelstore.com\/de\/#organization"},"potentialAction":[{"@type":"SearchAction","target":{"@type":"EntryPoint","urlTemplate":"https:\/\/revolutionpadelstore.com\/de\/?s={search_term_string}"},"query-input":{"@type":"PropertyValueSpecification","valueRequired":true,"valueName":"search_term_string"}}],"inLanguage":"de"},{"@type":"Organization","@id":"https:\/\/revolutionpadelstore.com\/de\/#organization","name":"Revolution Padel Store","url":"https:\/\/revolutionpadelstore.com\/de\/","logo":{"@type":"ImageObject","inLanguage":"de","@id":"https:\/\/revolutionpadelstore.com\/de\/#\/schema\/logo\/image\/","url":"https:\/\/revolutionpadelstore.com\/wp-content\/uploads\/2026\/02\/revolution-padel-store.jpg","contentUrl":"https:\/\/revolutionpadelstore.com\/wp-content\/uploads\/2026\/02\/revolution-padel-store.jpg","width":2000,"height":2000,"caption":"Revolution Padel Store"},"image":{"@id":"https:\/\/revolutionpadelstore.com\/de\/#\/schema\/logo\/image\/"},"sameAs":["https:\/\/www.instagram.com\/revolutionpadelstore\/"]}]}},"_links":{"self":[{"href":"https:\/\/revolutionpadelstore.com\/de\/wp-json\/wp\/v2\/product\/181738","targetHints":{"allow":["GET"]}}],"collection":[{"href":"https:\/\/revolutionpadelstore.com\/de\/wp-json\/wp\/v2\/product"}],"about":[{"href":"https:\/\/revolutionpadelstore.com\/de\/wp-json\/wp\/v2\/types\/product"}],"replies":[{"embeddable":true,"href":"https:\/\/revolutionpadelstore.com\/de\/wp-json\/wp\/v2\/comments?post=181738"}],"wp:featuredmedia":[{"embeddable":true,"href":"https:\/\/revolutionpadelstore.com\/de\/wp-json\/wp\/v2\/media\/181697"}],"wp:attachment":[{"href":"https:\/\/revolutionpadelstore.com\/de\/wp-json\/wp\/v2\/media?parent=181738"}],"wp:term":[{"taxonomy":"acabado","embeddable":true,"href":"https:\/\/revolutionpadelstore.com\/de\/wp-json\/wp\/v2\/acabado?post=181738"},{"taxonomy":"balance","embeddable":true,"href":"https:\/\/revolutionpadelstore.com\/de\/wp-json\/wp\/v2\/balance?post=181738"},{"taxonomy":"dureza","embeddable":true,"href":"https:\/\/revolutionpadelstore.com\/de\/wp-json\/wp\/v2\/dureza?post=181738"},{"taxonomy":"forma","embeddable":true,"href":"https:\/\/revolutionpadelstore.com\/de\/wp-json\/wp\/v2\/forma?post=181738"},{"taxonomy":"jugador","embeddable":true,"href":"https:\/\/revolutionpadelstore.com\/de\/wp-json\/wp\/v2\/jugador?post=181738"},{"taxonomy":"marca","embeddable":true,"href":"https:\/\/revolutionpadelstore.com\/de\/wp-json\/wp\/v2\/marca?post=181738"},{"taxonomy":"nivel-de-juego","embeddable":true,"href":"https:\/\/revolutionpadelstore.com\/de\/wp-json\/wp\/v2\/nivel-de-juego?post=181738"},{"taxonomy":"superficie","embeddable":true,"href":"https:\/\/revolutionpadelstore.com\/de\/wp-json\/wp\/v2\/superficie?post=181738"},{"taxonomy":"tipo-de-juego","embeddable":true,"href":"https:\/\/revolutionpadelstore.com\/de\/wp-json\/wp\/v2\/tipo-de-juego?post=181738"},{"taxonomy":"product_brand","embeddable":true,"href":"https:\/\/revolutionpadelstore.com\/de\/wp-json\/wp\/v2\/product_brand?post=181738"},{"taxonomy":"product_cat","embeddable":true,"href":"https:\/\/revolutionpadelstore.com\/de\/wp-json\/wp\/v2\/product_cat?post=181738"},{"taxonomy":"product_tag","embeddable":true,"href":"https:\/\/revolutionpadelstore.com\/de\/wp-json\/wp\/v2\/product_tag?post=181738"}],"curies":[{"name":"wp","href":"https:\/\/api.w.org\/{rel}","templated":true}]}}