{"id":18137,"date":"2024-04-22T15:23:09","date_gmt":"2024-04-22T13:23:09","guid":{"rendered":"https:\/\/revolutionpadelstore.com\/zapatillas-head-sprint-pro-3-5-clay-rojo-oscuro-naranja\/"},"modified":"2025-05-06T19:51:47","modified_gmt":"2025-05-06T17:51:47","slug":"zapatillas-head-sprint-pro-3-5-clay-rojo-oscuro-naranja","status":"publish","type":"product","link":"https:\/\/revolutionpadelstore.com\/de\/produkt\/zapatillas-head-sprint-pro-3-5-clay-rojo-oscuro-naranja\/","title":{"rendered":"Zapatillas Head Sprint Pro 3.5 Clay Rojo Oscuro Naranja"},"content":{"rendered":"<p>Suchen Sie Schuhe, die Ihnen auf dem Paddle-Tennisplatz Komfort und Stil bieten? Wir haben die perfekte L\u00f6sung f\u00fcr Sie im Revolution Padel Store! Wir pr\u00e4sentieren die neuen Head Sprint Pro 3.5 Clay Dark Red Orange Shoes, einen Schuh, der Ihnen bei jeder Bewegung maximale Leistung bietet.<\/p>\n<p> Mit einem neuen Design aus Mesh-Gewebe und einem leichteren Zungenmaterial bieten Ihnen diese Schuhe ein unvergleichliches Komfortgef\u00fchl. Dar\u00fcber hinaus f\u00f6rdert das K\u00fchlsystem die Atmungsaktivit\u00e4t und h\u00e4lt Ihre F\u00fc\u00dfe jederzeit k\u00fchl und trocken. Die Erneuerung des Designs verleiht diesem Schuh zudem eine zeitgem\u00e4\u00dfe und moderne Note.<\/p>\n<p> Aber das ist noch nicht alles: Der SPRINT PRO 3.5 verf\u00fcgt au\u00dferdem \u00fcber eine innere Fersenkappe aus thermoplastischem Polyurethan, die Ihnen bei jedem Schritt zus\u00e4tzlichen Halt und Stabilit\u00e4t bietet. Seine Halbsockenkonstruktion und der dreieckige Kordelzug sorgen f\u00fcr eine perfekte und bequeme Passform.<\/p>\n<p> Die Sohle dieser Schuhe ist exklusiv f\u00fcr Sandpl\u00e4tze mit einem tiefen Fischgr\u00e4tenprofil ausgestattet, das optimalen Halt auf dem Platz garantiert. Seine flache Zwischensohle mit drei EVA-Dichten sorgt zusammen mit dem dreidimensionalen und bel\u00fcfteten Anti-Torsions-Schaft f\u00fcr au\u00dfergew\u00f6hnliche D\u00e4mpfung und Stabilit\u00e4t.<\/p>\n<p> Warten Sie nicht l\u00e4nger und holen Sie sich die Head Sprint Pro 3.5 Clay-Schuhe im Revolution Padel Store, dem auf Padel-Artikel spezialisierten Gesch\u00e4ft. Sie werden es nicht bereuen, sich bei jedem Spiel f\u00fcr Komfort und Stil entschieden zu haben!<\/p>\n","protected":false},"excerpt":{"rendered":"<p>Entdecken Sie die neuen Head Sprint Pro 3.5 Clay-Schuhe im Revolution Padel Store. Leichtes, atmungsaktives Design f\u00fcr schnelles Spielen.<\/p>\n","protected":false},"featured_media":5279,"comment_status":"closed","ping_status":"open","template":"","meta":{"_acf_changed":false,"_joinchat":[]},"acabado":[],"balance":[],"dureza":[],"forma":[],"jugador":[1189],"marca":[1219],"nivel-de-juego":[1334,1339,1344],"superficie":[],"tipo-de-juego":[1369,1374],"product_brand":[],"product_cat":[398],"product_tag":[],"class_list":{"0":"post-18137","1":"product","2":"type-product","3":"status-publish","4":"has-post-thumbnail","6":"jugador-mann","7":"marca-kopf","8":"tipo-de-juego-kontrolle","9":"tipo-de-juego-leistung","10":"product_cat-herren-sneaker","12":"first","13":"instock","14":"sale","15":"taxable","16":"shipping-taxable","17":"purchasable","18":"product-type-variable"},"acf":[],"yoast_head":"<!-- This site is optimized with the Yoast SEO plugin v27.4 - https:\/\/yoast.com\/product\/yoast-seo-wordpress\/ -->\n<title>Zapatillas Head Sprint Pro 3.5 Clay Rojo Oscuro Naranja - Revolution Padel Store<\/title>\n<meta name=\"description\" content=\"Descubre las nuevas zapatillas Head Sprint Pro 3.5 Clay en Revolution Padel Store. Dise\u00f1o ligero y transpirable para un juego r\u00e1pido.\" \/>\n<meta name=\"robots\" content=\"index, follow, max-snippet:-1, max-image-preview:large, max-video-preview:-1\" \/>\n<link rel=\"canonical\" href=\"https:\/\/revolutionpadelstore.com\/de\/produkt\/zapatillas-head-sprint-pro-3-5-clay-rojo-oscuro-naranja\/\" \/>\n<meta property=\"og:locale\" content=\"de_DE\" \/>\n<meta property=\"og:type\" content=\"article\" \/>\n<meta property=\"og:title\" content=\"Zapatillas Head Sprint Pro 3.5 Clay Rojo Oscuro Naranja - Revolution Padel Store\" \/>\n<meta property=\"og:description\" content=\"Descubre las nuevas zapatillas Head Sprint Pro 3.5 Clay en Revolution Padel Store. Dise\u00f1o ligero y transpirable para un juego r\u00e1pido.\" \/>\n<meta property=\"og:url\" content=\"https:\/\/revolutionpadelstore.com\/de\/produkt\/zapatillas-head-sprint-pro-3-5-clay-rojo-oscuro-naranja\/\" \/>\n<meta property=\"og:site_name\" content=\"Revolution Padel Store\" \/>\n<meta property=\"article:modified_time\" content=\"2025-05-06T17:51:47+00:00\" \/>\n<meta property=\"og:image\" content=\"https:\/\/revolutionpadelstore.com\/wp-content\/uploads\/2024\/04\/17845-0-4.jpg\" \/>\n\t<meta property=\"og:image:width\" content=\"800\" \/>\n\t<meta property=\"og:image:height\" content=\"800\" \/>\n\t<meta property=\"og:image:type\" content=\"image\/png\" \/>\n<meta name=\"twitter:card\" content=\"summary_large_image\" \/>\n<meta name=\"twitter:label1\" content=\"Gesch\u00e4tzte Lesezeit\" \/>\n\t<meta name=\"twitter:data1\" content=\"1\u00a0Minute\" \/>\n<script type=\"application\/ld+json\" class=\"yoast-schema-graph\">{\"@context\":\"https:\\\/\\\/schema.org\",\"@graph\":[{\"@type\":\"WebPage\",\"@id\":\"https:\\\/\\\/revolutionpadelstore.com\\\/de\\\/produkt\\\/zapatillas-head-sprint-pro-3-5-clay-rojo-oscuro-naranja\\\/\",\"url\":\"https:\\\/\\\/revolutionpadelstore.com\\\/de\\\/produkt\\\/zapatillas-head-sprint-pro-3-5-clay-rojo-oscuro-naranja\\\/\",\"name\":\"Zapatillas Head Sprint Pro 3.5 Clay Rojo Oscuro Naranja - Revolution Padel Store\",\"isPartOf\":{\"@id\":\"https:\\\/\\\/revolutionpadelstore.com\\\/de\\\/#website\"},\"primaryImageOfPage\":{\"@id\":\"https:\\\/\\\/revolutionpadelstore.com\\\/de\\\/produkt\\\/zapatillas-head-sprint-pro-3-5-clay-rojo-oscuro-naranja\\\/#primaryimage\"},\"image\":{\"@id\":\"https:\\\/\\\/revolutionpadelstore.com\\\/de\\\/produkt\\\/zapatillas-head-sprint-pro-3-5-clay-rojo-oscuro-naranja\\\/#primaryimage\"},\"thumbnailUrl\":\"https:\\\/\\\/revolutionpadelstore.com\\\/wp-content\\\/uploads\\\/2024\\\/04\\\/17845-0-4.jpg\",\"datePublished\":\"2024-04-22T13:23:09+00:00\",\"dateModified\":\"2025-05-06T17:51:47+00:00\",\"description\":\"Descubre las nuevas zapatillas Head Sprint Pro 3.5 Clay en Revolution Padel Store. Dise\u00f1o ligero y transpirable para un juego r\u00e1pido.\",\"breadcrumb\":{\"@id\":\"https:\\\/\\\/revolutionpadelstore.com\\\/de\\\/produkt\\\/zapatillas-head-sprint-pro-3-5-clay-rojo-oscuro-naranja\\\/#breadcrumb\"},\"inLanguage\":\"de\",\"potentialAction\":[{\"@type\":\"ReadAction\",\"target\":[\"https:\\\/\\\/revolutionpadelstore.com\\\/de\\\/produkt\\\/zapatillas-head-sprint-pro-3-5-clay-rojo-oscuro-naranja\\\/\"]}]},{\"@type\":\"ImageObject\",\"inLanguage\":\"de\",\"@id\":\"https:\\\/\\\/revolutionpadelstore.com\\\/de\\\/produkt\\\/zapatillas-head-sprint-pro-3-5-clay-rojo-oscuro-naranja\\\/#primaryimage\",\"url\":\"https:\\\/\\\/revolutionpadelstore.com\\\/wp-content\\\/uploads\\\/2024\\\/04\\\/17845-0-4.jpg\",\"contentUrl\":\"https:\\\/\\\/revolutionpadelstore.com\\\/wp-content\\\/uploads\\\/2024\\\/04\\\/17845-0-4.jpg\",\"width\":800,\"height\":800},{\"@type\":\"BreadcrumbList\",\"@id\":\"https:\\\/\\\/revolutionpadelstore.com\\\/de\\\/produkt\\\/zapatillas-head-sprint-pro-3-5-clay-rojo-oscuro-naranja\\\/#breadcrumb\",\"itemListElement\":[{\"@type\":\"ListItem\",\"position\":1,\"name\":\"Portada\",\"item\":\"https:\\\/\\\/revolutionpadelstore.com\\\/de\\\/\"},{\"@type\":\"ListItem\",\"position\":2,\"name\":\"Shop\",\"item\":\"https:\\\/\\\/revolutionpadelstore.com\\\/de\\\/tienda\\\/\"},{\"@type\":\"ListItem\",\"position\":3,\"name\":\"Zapatillas Head Sprint Pro 3.5 Clay Rojo Oscuro Naranja\"}]},{\"@type\":\"WebSite\",\"@id\":\"https:\\\/\\\/revolutionpadelstore.com\\\/de\\\/#website\",\"url\":\"https:\\\/\\\/revolutionpadelstore.com\\\/de\\\/\",\"name\":\"Revolution Padel Store\",\"description\":\"\",\"publisher\":{\"@id\":\"https:\\\/\\\/revolutionpadelstore.com\\\/de\\\/#organization\"},\"potentialAction\":[{\"@type\":\"SearchAction\",\"target\":{\"@type\":\"EntryPoint\",\"urlTemplate\":\"https:\\\/\\\/revolutionpadelstore.com\\\/de\\\/?s={search_term_string}\"},\"query-input\":{\"@type\":\"PropertyValueSpecification\",\"valueRequired\":true,\"valueName\":\"search_term_string\"}}],\"inLanguage\":\"de\"},{\"@type\":\"Organization\",\"@id\":\"https:\\\/\\\/revolutionpadelstore.com\\\/de\\\/#organization\",\"name\":\"Revolution Padel Store\",\"url\":\"https:\\\/\\\/revolutionpadelstore.com\\\/de\\\/\",\"logo\":{\"@type\":\"ImageObject\",\"inLanguage\":\"de\",\"@id\":\"https:\\\/\\\/revolutionpadelstore.com\\\/de\\\/#\\\/schema\\\/logo\\\/image\\\/\",\"url\":\"https:\\\/\\\/revolutionpadelstore.com\\\/wp-content\\\/uploads\\\/2026\\\/02\\\/revolution-padel-store.jpg\",\"contentUrl\":\"https:\\\/\\\/revolutionpadelstore.com\\\/wp-content\\\/uploads\\\/2026\\\/02\\\/revolution-padel-store.jpg\",\"width\":2000,\"height\":2000,\"caption\":\"Revolution Padel Store\"},\"image\":{\"@id\":\"https:\\\/\\\/revolutionpadelstore.com\\\/de\\\/#\\\/schema\\\/logo\\\/image\\\/\"},\"sameAs\":[\"https:\\\/\\\/www.instagram.com\\\/revolutionpadelstore\\\/\"]}]}<\/script>\n<!-- \/ Yoast SEO plugin. -->","yoast_head_json":{"title":"Zapatillas Head Sprint Pro 3.5 Clay Rojo Oscuro Naranja - Revolution Padel Store","description":"Descubre las nuevas zapatillas Head Sprint Pro 3.5 Clay en Revolution Padel Store. Dise\u00f1o ligero y transpirable para un juego r\u00e1pido.","robots":{"index":"index","follow":"follow","max-snippet":"max-snippet:-1","max-image-preview":"max-image-preview:large","max-video-preview":"max-video-preview:-1"},"canonical":"https:\/\/revolutionpadelstore.com\/de\/produkt\/zapatillas-head-sprint-pro-3-5-clay-rojo-oscuro-naranja\/","og_locale":"de_DE","og_type":"article","og_title":"Zapatillas Head Sprint Pro 3.5 Clay Rojo Oscuro Naranja - Revolution Padel Store","og_description":"Descubre las nuevas zapatillas Head Sprint Pro 3.5 Clay en Revolution Padel Store. Dise\u00f1o ligero y transpirable para un juego r\u00e1pido.","og_url":"https:\/\/revolutionpadelstore.com\/de\/produkt\/zapatillas-head-sprint-pro-3-5-clay-rojo-oscuro-naranja\/","og_site_name":"Revolution Padel Store","article_modified_time":"2025-05-06T17:51:47+00:00","og_image":[{"width":800,"height":800,"url":"https:\/\/revolutionpadelstore.com\/wp-content\/uploads\/2024\/04\/17845-0-4.jpg","type":"image\/png"}],"twitter_card":"summary_large_image","twitter_misc":{"Gesch\u00e4tzte Lesezeit":"1\u00a0Minute"},"schema":{"@context":"https:\/\/schema.org","@graph":[{"@type":"WebPage","@id":"https:\/\/revolutionpadelstore.com\/de\/produkt\/zapatillas-head-sprint-pro-3-5-clay-rojo-oscuro-naranja\/","url":"https:\/\/revolutionpadelstore.com\/de\/produkt\/zapatillas-head-sprint-pro-3-5-clay-rojo-oscuro-naranja\/","name":"Zapatillas Head Sprint Pro 3.5 Clay Rojo Oscuro Naranja - Revolution Padel Store","isPartOf":{"@id":"https:\/\/revolutionpadelstore.com\/de\/#website"},"primaryImageOfPage":{"@id":"https:\/\/revolutionpadelstore.com\/de\/produkt\/zapatillas-head-sprint-pro-3-5-clay-rojo-oscuro-naranja\/#primaryimage"},"image":{"@id":"https:\/\/revolutionpadelstore.com\/de\/produkt\/zapatillas-head-sprint-pro-3-5-clay-rojo-oscuro-naranja\/#primaryimage"},"thumbnailUrl":"https:\/\/revolutionpadelstore.com\/wp-content\/uploads\/2024\/04\/17845-0-4.jpg","datePublished":"2024-04-22T13:23:09+00:00","dateModified":"2025-05-06T17:51:47+00:00","description":"Descubre las nuevas zapatillas Head Sprint Pro 3.5 Clay en Revolution Padel Store. Dise\u00f1o ligero y transpirable para un juego r\u00e1pido.","breadcrumb":{"@id":"https:\/\/revolutionpadelstore.com\/de\/produkt\/zapatillas-head-sprint-pro-3-5-clay-rojo-oscuro-naranja\/#breadcrumb"},"inLanguage":"de","potentialAction":[{"@type":"ReadAction","target":["https:\/\/revolutionpadelstore.com\/de\/produkt\/zapatillas-head-sprint-pro-3-5-clay-rojo-oscuro-naranja\/"]}]},{"@type":"ImageObject","inLanguage":"de","@id":"https:\/\/revolutionpadelstore.com\/de\/produkt\/zapatillas-head-sprint-pro-3-5-clay-rojo-oscuro-naranja\/#primaryimage","url":"https:\/\/revolutionpadelstore.com\/wp-content\/uploads\/2024\/04\/17845-0-4.jpg","contentUrl":"https:\/\/revolutionpadelstore.com\/wp-content\/uploads\/2024\/04\/17845-0-4.jpg","width":800,"height":800},{"@type":"BreadcrumbList","@id":"https:\/\/revolutionpadelstore.com\/de\/produkt\/zapatillas-head-sprint-pro-3-5-clay-rojo-oscuro-naranja\/#breadcrumb","itemListElement":[{"@type":"ListItem","position":1,"name":"Portada","item":"https:\/\/revolutionpadelstore.com\/de\/"},{"@type":"ListItem","position":2,"name":"Shop","item":"https:\/\/revolutionpadelstore.com\/de\/tienda\/"},{"@type":"ListItem","position":3,"name":"Zapatillas Head Sprint Pro 3.5 Clay Rojo Oscuro Naranja"}]},{"@type":"WebSite","@id":"https:\/\/revolutionpadelstore.com\/de\/#website","url":"https:\/\/revolutionpadelstore.com\/de\/","name":"Revolution Padel Store","description":"","publisher":{"@id":"https:\/\/revolutionpadelstore.com\/de\/#organization"},"potentialAction":[{"@type":"SearchAction","target":{"@type":"EntryPoint","urlTemplate":"https:\/\/revolutionpadelstore.com\/de\/?s={search_term_string}"},"query-input":{"@type":"PropertyValueSpecification","valueRequired":true,"valueName":"search_term_string"}}],"inLanguage":"de"},{"@type":"Organization","@id":"https:\/\/revolutionpadelstore.com\/de\/#organization","name":"Revolution Padel Store","url":"https:\/\/revolutionpadelstore.com\/de\/","logo":{"@type":"ImageObject","inLanguage":"de","@id":"https:\/\/revolutionpadelstore.com\/de\/#\/schema\/logo\/image\/","url":"https:\/\/revolutionpadelstore.com\/wp-content\/uploads\/2026\/02\/revolution-padel-store.jpg","contentUrl":"https:\/\/revolutionpadelstore.com\/wp-content\/uploads\/2026\/02\/revolution-padel-store.jpg","width":2000,"height":2000,"caption":"Revolution Padel Store"},"image":{"@id":"https:\/\/revolutionpadelstore.com\/de\/#\/schema\/logo\/image\/"},"sameAs":["https:\/\/www.instagram.com\/revolutionpadelstore\/"]}]}},"_links":{"self":[{"href":"https:\/\/revolutionpadelstore.com\/de\/wp-json\/wp\/v2\/product\/18137","targetHints":{"allow":["GET"]}}],"collection":[{"href":"https:\/\/revolutionpadelstore.com\/de\/wp-json\/wp\/v2\/product"}],"about":[{"href":"https:\/\/revolutionpadelstore.com\/de\/wp-json\/wp\/v2\/types\/product"}],"replies":[{"embeddable":true,"href":"https:\/\/revolutionpadelstore.com\/de\/wp-json\/wp\/v2\/comments?post=18137"}],"wp:featuredmedia":[{"embeddable":true,"href":"https:\/\/revolutionpadelstore.com\/de\/wp-json\/wp\/v2\/media\/5279"}],"wp:attachment":[{"href":"https:\/\/revolutionpadelstore.com\/de\/wp-json\/wp\/v2\/media?parent=18137"}],"wp:term":[{"taxonomy":"acabado","embeddable":true,"href":"https:\/\/revolutionpadelstore.com\/de\/wp-json\/wp\/v2\/acabado?post=18137"},{"taxonomy":"balance","embeddable":true,"href":"https:\/\/revolutionpadelstore.com\/de\/wp-json\/wp\/v2\/balance?post=18137"},{"taxonomy":"dureza","embeddable":true,"href":"https:\/\/revolutionpadelstore.com\/de\/wp-json\/wp\/v2\/dureza?post=18137"},{"taxonomy":"forma","embeddable":true,"href":"https:\/\/revolutionpadelstore.com\/de\/wp-json\/wp\/v2\/forma?post=18137"},{"taxonomy":"jugador","embeddable":true,"href":"https:\/\/revolutionpadelstore.com\/de\/wp-json\/wp\/v2\/jugador?post=18137"},{"taxonomy":"marca","embeddable":true,"href":"https:\/\/revolutionpadelstore.com\/de\/wp-json\/wp\/v2\/marca?post=18137"},{"taxonomy":"nivel-de-juego","embeddable":true,"href":"https:\/\/revolutionpadelstore.com\/de\/wp-json\/wp\/v2\/nivel-de-juego?post=18137"},{"taxonomy":"superficie","embeddable":true,"href":"https:\/\/revolutionpadelstore.com\/de\/wp-json\/wp\/v2\/superficie?post=18137"},{"taxonomy":"tipo-de-juego","embeddable":true,"href":"https:\/\/revolutionpadelstore.com\/de\/wp-json\/wp\/v2\/tipo-de-juego?post=18137"},{"taxonomy":"product_brand","embeddable":true,"href":"https:\/\/revolutionpadelstore.com\/de\/wp-json\/wp\/v2\/product_brand?post=18137"},{"taxonomy":"product_cat","embeddable":true,"href":"https:\/\/revolutionpadelstore.com\/de\/wp-json\/wp\/v2\/product_cat?post=18137"},{"taxonomy":"product_tag","embeddable":true,"href":"https:\/\/revolutionpadelstore.com\/de\/wp-json\/wp\/v2\/product_tag?post=18137"}],"curies":[{"name":"wp","href":"https:\/\/api.w.org\/{rel}","templated":true}]}}