{"id":179749,"date":"2025-02-18T22:58:54","date_gmt":"2025-02-18T21:58:54","guid":{"rendered":"https:\/\/revolutionpadelstore.com\/?post_type=product&#038;p=179749"},"modified":"2026-04-08T07:06:50","modified_gmt":"2026-04-08T05:06:50","slug":"short-bullpadel-bagre-004-azul-marino-1","status":"publish","type":"product","link":"https:\/\/revolutionpadelstore.com\/de\/produkt\/short-bullpadel-bagre-004-azul-marino-1\/","title":{"rendered":"SHORT BULLPADEL BAGRE 004 AZUL MARINO"},"content":{"rendered":"<h2> kurze Hosen Bullpadel Wels &#8211; Komfort und Technologie f\u00fcr die beste Leistung <\/ H2><br \/>\nDer Short Pants Bullpadel Catfish ist die perfekte Wahl f\u00fcr diejenigen, die auf der Strecke Komfort und Frische suchen. Dieser aus 100% Polyester hergestellte Sport ist leicht, weich und sehr atmungsaktiv, ideal f\u00fcr intensives Training und anspruchsvolle Spiele.<\/p>\n<h2> schnellerdry -Technologie: Schnelles Trocknen und maximale Atmungsaktivit\u00e4t <\/ H2><br \/>\nDank der innovativen Quickerdry -Technologie absorbiert Mikrofilamentgewebe Schwei\u00df, reduziert die Feuchtigkeit und verbessert den Luftstrom, wodurch Sie jederzeit trocken und frisch h\u00e4lt.<\/p>\n<h2> Funktionales Design f\u00fcr maximale Zugriff <\/ H2><\/p>\n<p>-elastischer G\u00fcrtel mit einstellbarem Kabel, was eine personalisierte Einstellung erm\u00f6glicht. <\/p>\n<p>-Seitentaschen, perfekt zum Aufbewahren von B\u00e4llen oder anderen kleinen Objekten.<\/p>\n<p>-inneres Chatter, das zus\u00e4tzliche Unterst\u00fctzung und Komfort bietet. <\/p>\n<p>-Diagramm auf der Basslinie und verleiht ihm eine unverwechselbare und moderne Note.<\/p>\n<h2> Ein wesentlicher Grund f\u00fcr jeden Paddel -Player <\/ h2><br \/>\nEgal, ob Sie f\u00fcr ein hohes Intensit\u00e4tstraining oder f\u00fcr Streichh\u00f6lzer sind, Short Hosen Bullpadel Catfish bietet Ihnen Bewegungsfreiheit, Atmungsaktivit\u00e4t und eine perfekte Anpassung f\u00fcr Sie, um sich nur auf Ihr Spiel zu konzentrieren.<\/p>\n<p>Holen Sie sich jetzt in unserem Online-Shop &lt;a href = &quot;https:\/\/chatgpt.com\/g\/g-675432e026888191b6ee6d6f2fdbb15e-optimization-textos\/c\/www.revolutionPadelstore.com wahrscheinlich zum besten Marktpreis.<\/p>\n<h2>Pantal\u00f3n Corto Bullpadel Bagre \u2013 Comodidad y Tecnolog\u00eda para el Mejor Rendimiento<\/h2>\n","protected":false},"excerpt":{"rendered":"<p>Kurzer Bullpadel Bagre f\u00fcr M\u00e4nner, hergestellt mit einem leichten Polyester -Stoff, das die schnelle Technologie zum schnellen Trocknen enth\u00e4lt. Es hat eine elastische Taille, ein inneres Geschw\u00e4tz und eine Seitentasche.<\/p>\n","protected":false},"featured_media":181669,"comment_status":"open","ping_status":"closed","template":"","meta":{"_acf_changed":false,"_joinchat":[]},"acabado":[],"balance":[],"dureza":[],"forma":[],"jugador":[1189],"marca":[1254],"nivel-de-juego":[],"superficie":[],"tipo-de-juego":[],"product_brand":[],"product_cat":[323],"product_tag":[],"class_list":{"0":"post-179749","1":"product","2":"type-product","3":"status-publish","4":"has-post-thumbnail","6":"jugador-mann","7":"marca-bullpadel-de","8":"product_cat-ropa-de","10":"first","11":"outofstock","12":"sale","13":"taxable","14":"shipping-taxable","15":"purchasable","16":"product-type-variable"},"acf":[],"yoast_head":"<!-- This site is optimized with the Yoast SEO plugin v27.4 - https:\/\/yoast.com\/product\/yoast-seo-wordpress\/ -->\n<title>SHORT BULLPADEL BAGRE 004 AZUL MARINO - Revolution Padel Store<\/title>\n<meta name=\"description\" content=\"&quot;Descubre el pantal\u00f3n corto Bullpadel Bagre para hombre, con tejido ligero, tecnolog\u00eda Quickerdry y ajuste perfecto. \u00a1C\u00f3mpralo en www.revolutionpadelstore.com al mejor precio!&quot;\" \/>\n<meta name=\"robots\" content=\"index, follow, max-snippet:-1, max-image-preview:large, max-video-preview:-1\" \/>\n<link rel=\"canonical\" href=\"https:\/\/revolutionpadelstore.com\/de\/produkt\/short-bullpadel-bagre-004-azul-marino-1\/\" \/>\n<meta property=\"og:locale\" content=\"de_DE\" \/>\n<meta property=\"og:type\" content=\"article\" \/>\n<meta property=\"og:title\" content=\"SHORT BULLPADEL BAGRE 004 AZUL MARINO - Revolution Padel Store\" \/>\n<meta property=\"og:description\" content=\"&quot;Descubre el pantal\u00f3n corto Bullpadel Bagre para hombre, con tejido ligero, tecnolog\u00eda Quickerdry y ajuste perfecto. \u00a1C\u00f3mpralo en www.revolutionpadelstore.com al mejor precio!&quot;\" \/>\n<meta property=\"og:url\" content=\"https:\/\/revolutionpadelstore.com\/de\/produkt\/short-bullpadel-bagre-004-azul-marino-1\/\" \/>\n<meta property=\"og:site_name\" content=\"Revolution Padel Store\" \/>\n<meta property=\"article:modified_time\" content=\"2026-04-08T05:06:50+00:00\" \/>\n<meta property=\"og:image\" content=\"https:\/\/revolutionpadelstore.com\/wp-content\/uploads\/2025\/02\/114388_short_bullpadel_bagre_004_azul_marino_1200x1200_1_7287.webp\" \/>\n\t<meta property=\"og:image:width\" content=\"1200\" \/>\n\t<meta property=\"og:image:height\" content=\"1200\" \/>\n\t<meta property=\"og:image:type\" content=\"image\/webp\" \/>\n<meta name=\"twitter:card\" content=\"summary_large_image\" \/>\n<meta name=\"twitter:label1\" content=\"Gesch\u00e4tzte Lesezeit\" \/>\n\t<meta name=\"twitter:data1\" content=\"2\u00a0Minuten\" \/>\n<script type=\"application\/ld+json\" class=\"yoast-schema-graph\">{\"@context\":\"https:\\\/\\\/schema.org\",\"@graph\":[{\"@type\":\"WebPage\",\"@id\":\"https:\\\/\\\/revolutionpadelstore.com\\\/de\\\/produkt\\\/short-bullpadel-bagre-004-azul-marino-1\\\/\",\"url\":\"https:\\\/\\\/revolutionpadelstore.com\\\/de\\\/produkt\\\/short-bullpadel-bagre-004-azul-marino-1\\\/\",\"name\":\"SHORT BULLPADEL BAGRE 004 AZUL MARINO - Revolution Padel Store\",\"isPartOf\":{\"@id\":\"https:\\\/\\\/revolutionpadelstore.com\\\/de\\\/#website\"},\"primaryImageOfPage\":{\"@id\":\"https:\\\/\\\/revolutionpadelstore.com\\\/de\\\/produkt\\\/short-bullpadel-bagre-004-azul-marino-1\\\/#primaryimage\"},\"image\":{\"@id\":\"https:\\\/\\\/revolutionpadelstore.com\\\/de\\\/produkt\\\/short-bullpadel-bagre-004-azul-marino-1\\\/#primaryimage\"},\"thumbnailUrl\":\"https:\\\/\\\/revolutionpadelstore.com\\\/wp-content\\\/uploads\\\/2025\\\/02\\\/114388_short_bullpadel_bagre_004_azul_marino_1200x1200_1_7287.webp\",\"datePublished\":\"2025-02-18T21:58:54+00:00\",\"dateModified\":\"2026-04-08T05:06:50+00:00\",\"description\":\"\\\"Descubre el pantal\u00f3n corto Bullpadel Bagre para hombre, con tejido ligero, tecnolog\u00eda Quickerdry y ajuste perfecto. \u00a1C\u00f3mpralo en www.revolutionpadelstore.com al mejor precio!\\\"\",\"breadcrumb\":{\"@id\":\"https:\\\/\\\/revolutionpadelstore.com\\\/de\\\/produkt\\\/short-bullpadel-bagre-004-azul-marino-1\\\/#breadcrumb\"},\"inLanguage\":\"de\",\"potentialAction\":[{\"@type\":\"ReadAction\",\"target\":[\"https:\\\/\\\/revolutionpadelstore.com\\\/de\\\/produkt\\\/short-bullpadel-bagre-004-azul-marino-1\\\/\"]}]},{\"@type\":\"ImageObject\",\"inLanguage\":\"de\",\"@id\":\"https:\\\/\\\/revolutionpadelstore.com\\\/de\\\/produkt\\\/short-bullpadel-bagre-004-azul-marino-1\\\/#primaryimage\",\"url\":\"https:\\\/\\\/revolutionpadelstore.com\\\/wp-content\\\/uploads\\\/2025\\\/02\\\/114388_short_bullpadel_bagre_004_azul_marino_1200x1200_1_7287.webp\",\"contentUrl\":\"https:\\\/\\\/revolutionpadelstore.com\\\/wp-content\\\/uploads\\\/2025\\\/02\\\/114388_short_bullpadel_bagre_004_azul_marino_1200x1200_1_7287.webp\",\"width\":1200,\"height\":1200},{\"@type\":\"BreadcrumbList\",\"@id\":\"https:\\\/\\\/revolutionpadelstore.com\\\/de\\\/produkt\\\/short-bullpadel-bagre-004-azul-marino-1\\\/#breadcrumb\",\"itemListElement\":[{\"@type\":\"ListItem\",\"position\":1,\"name\":\"Portada\",\"item\":\"https:\\\/\\\/revolutionpadelstore.com\\\/de\\\/\"},{\"@type\":\"ListItem\",\"position\":2,\"name\":\"Shop\",\"item\":\"https:\\\/\\\/revolutionpadelstore.com\\\/de\\\/tienda\\\/\"},{\"@type\":\"ListItem\",\"position\":3,\"name\":\"SHORT BULLPADEL BAGRE 004 AZUL MARINO\"}]},{\"@type\":\"WebSite\",\"@id\":\"https:\\\/\\\/revolutionpadelstore.com\\\/de\\\/#website\",\"url\":\"https:\\\/\\\/revolutionpadelstore.com\\\/de\\\/\",\"name\":\"Revolution Padel Store\",\"description\":\"\",\"publisher\":{\"@id\":\"https:\\\/\\\/revolutionpadelstore.com\\\/de\\\/#organization\"},\"potentialAction\":[{\"@type\":\"SearchAction\",\"target\":{\"@type\":\"EntryPoint\",\"urlTemplate\":\"https:\\\/\\\/revolutionpadelstore.com\\\/de\\\/?s={search_term_string}\"},\"query-input\":{\"@type\":\"PropertyValueSpecification\",\"valueRequired\":true,\"valueName\":\"search_term_string\"}}],\"inLanguage\":\"de\"},{\"@type\":\"Organization\",\"@id\":\"https:\\\/\\\/revolutionpadelstore.com\\\/de\\\/#organization\",\"name\":\"Revolution Padel Store\",\"url\":\"https:\\\/\\\/revolutionpadelstore.com\\\/de\\\/\",\"logo\":{\"@type\":\"ImageObject\",\"inLanguage\":\"de\",\"@id\":\"https:\\\/\\\/revolutionpadelstore.com\\\/de\\\/#\\\/schema\\\/logo\\\/image\\\/\",\"url\":\"https:\\\/\\\/revolutionpadelstore.com\\\/wp-content\\\/uploads\\\/2026\\\/02\\\/revolution-padel-store.jpg\",\"contentUrl\":\"https:\\\/\\\/revolutionpadelstore.com\\\/wp-content\\\/uploads\\\/2026\\\/02\\\/revolution-padel-store.jpg\",\"width\":2000,\"height\":2000,\"caption\":\"Revolution Padel Store\"},\"image\":{\"@id\":\"https:\\\/\\\/revolutionpadelstore.com\\\/de\\\/#\\\/schema\\\/logo\\\/image\\\/\"},\"sameAs\":[\"https:\\\/\\\/www.instagram.com\\\/revolutionpadelstore\\\/\"]}]}<\/script>\n<!-- \/ Yoast SEO plugin. -->","yoast_head_json":{"title":"SHORT BULLPADEL BAGRE 004 AZUL MARINO - Revolution Padel Store","description":"\"Descubre el pantal\u00f3n corto Bullpadel Bagre para hombre, con tejido ligero, tecnolog\u00eda Quickerdry y ajuste perfecto. \u00a1C\u00f3mpralo en www.revolutionpadelstore.com al mejor precio!\"","robots":{"index":"index","follow":"follow","max-snippet":"max-snippet:-1","max-image-preview":"max-image-preview:large","max-video-preview":"max-video-preview:-1"},"canonical":"https:\/\/revolutionpadelstore.com\/de\/produkt\/short-bullpadel-bagre-004-azul-marino-1\/","og_locale":"de_DE","og_type":"article","og_title":"SHORT BULLPADEL BAGRE 004 AZUL MARINO - Revolution Padel Store","og_description":"\"Descubre el pantal\u00f3n corto Bullpadel Bagre para hombre, con tejido ligero, tecnolog\u00eda Quickerdry y ajuste perfecto. \u00a1C\u00f3mpralo en www.revolutionpadelstore.com al mejor precio!\"","og_url":"https:\/\/revolutionpadelstore.com\/de\/produkt\/short-bullpadel-bagre-004-azul-marino-1\/","og_site_name":"Revolution Padel Store","article_modified_time":"2026-04-08T05:06:50+00:00","og_image":[{"width":1200,"height":1200,"url":"https:\/\/revolutionpadelstore.com\/wp-content\/uploads\/2025\/02\/114388_short_bullpadel_bagre_004_azul_marino_1200x1200_1_7287.webp","type":"image\/webp"}],"twitter_card":"summary_large_image","twitter_misc":{"Gesch\u00e4tzte Lesezeit":"2\u00a0Minuten"},"schema":{"@context":"https:\/\/schema.org","@graph":[{"@type":"WebPage","@id":"https:\/\/revolutionpadelstore.com\/de\/produkt\/short-bullpadel-bagre-004-azul-marino-1\/","url":"https:\/\/revolutionpadelstore.com\/de\/produkt\/short-bullpadel-bagre-004-azul-marino-1\/","name":"SHORT BULLPADEL BAGRE 004 AZUL MARINO - Revolution Padel Store","isPartOf":{"@id":"https:\/\/revolutionpadelstore.com\/de\/#website"},"primaryImageOfPage":{"@id":"https:\/\/revolutionpadelstore.com\/de\/produkt\/short-bullpadel-bagre-004-azul-marino-1\/#primaryimage"},"image":{"@id":"https:\/\/revolutionpadelstore.com\/de\/produkt\/short-bullpadel-bagre-004-azul-marino-1\/#primaryimage"},"thumbnailUrl":"https:\/\/revolutionpadelstore.com\/wp-content\/uploads\/2025\/02\/114388_short_bullpadel_bagre_004_azul_marino_1200x1200_1_7287.webp","datePublished":"2025-02-18T21:58:54+00:00","dateModified":"2026-04-08T05:06:50+00:00","description":"\"Descubre el pantal\u00f3n corto Bullpadel Bagre para hombre, con tejido ligero, tecnolog\u00eda Quickerdry y ajuste perfecto. \u00a1C\u00f3mpralo en www.revolutionpadelstore.com al mejor precio!\"","breadcrumb":{"@id":"https:\/\/revolutionpadelstore.com\/de\/produkt\/short-bullpadel-bagre-004-azul-marino-1\/#breadcrumb"},"inLanguage":"de","potentialAction":[{"@type":"ReadAction","target":["https:\/\/revolutionpadelstore.com\/de\/produkt\/short-bullpadel-bagre-004-azul-marino-1\/"]}]},{"@type":"ImageObject","inLanguage":"de","@id":"https:\/\/revolutionpadelstore.com\/de\/produkt\/short-bullpadel-bagre-004-azul-marino-1\/#primaryimage","url":"https:\/\/revolutionpadelstore.com\/wp-content\/uploads\/2025\/02\/114388_short_bullpadel_bagre_004_azul_marino_1200x1200_1_7287.webp","contentUrl":"https:\/\/revolutionpadelstore.com\/wp-content\/uploads\/2025\/02\/114388_short_bullpadel_bagre_004_azul_marino_1200x1200_1_7287.webp","width":1200,"height":1200},{"@type":"BreadcrumbList","@id":"https:\/\/revolutionpadelstore.com\/de\/produkt\/short-bullpadel-bagre-004-azul-marino-1\/#breadcrumb","itemListElement":[{"@type":"ListItem","position":1,"name":"Portada","item":"https:\/\/revolutionpadelstore.com\/de\/"},{"@type":"ListItem","position":2,"name":"Shop","item":"https:\/\/revolutionpadelstore.com\/de\/tienda\/"},{"@type":"ListItem","position":3,"name":"SHORT BULLPADEL BAGRE 004 AZUL MARINO"}]},{"@type":"WebSite","@id":"https:\/\/revolutionpadelstore.com\/de\/#website","url":"https:\/\/revolutionpadelstore.com\/de\/","name":"Revolution Padel Store","description":"","publisher":{"@id":"https:\/\/revolutionpadelstore.com\/de\/#organization"},"potentialAction":[{"@type":"SearchAction","target":{"@type":"EntryPoint","urlTemplate":"https:\/\/revolutionpadelstore.com\/de\/?s={search_term_string}"},"query-input":{"@type":"PropertyValueSpecification","valueRequired":true,"valueName":"search_term_string"}}],"inLanguage":"de"},{"@type":"Organization","@id":"https:\/\/revolutionpadelstore.com\/de\/#organization","name":"Revolution Padel Store","url":"https:\/\/revolutionpadelstore.com\/de\/","logo":{"@type":"ImageObject","inLanguage":"de","@id":"https:\/\/revolutionpadelstore.com\/de\/#\/schema\/logo\/image\/","url":"https:\/\/revolutionpadelstore.com\/wp-content\/uploads\/2026\/02\/revolution-padel-store.jpg","contentUrl":"https:\/\/revolutionpadelstore.com\/wp-content\/uploads\/2026\/02\/revolution-padel-store.jpg","width":2000,"height":2000,"caption":"Revolution Padel Store"},"image":{"@id":"https:\/\/revolutionpadelstore.com\/de\/#\/schema\/logo\/image\/"},"sameAs":["https:\/\/www.instagram.com\/revolutionpadelstore\/"]}]}},"_links":{"self":[{"href":"https:\/\/revolutionpadelstore.com\/de\/wp-json\/wp\/v2\/product\/179749","targetHints":{"allow":["GET"]}}],"collection":[{"href":"https:\/\/revolutionpadelstore.com\/de\/wp-json\/wp\/v2\/product"}],"about":[{"href":"https:\/\/revolutionpadelstore.com\/de\/wp-json\/wp\/v2\/types\/product"}],"replies":[{"embeddable":true,"href":"https:\/\/revolutionpadelstore.com\/de\/wp-json\/wp\/v2\/comments?post=179749"}],"wp:featuredmedia":[{"embeddable":true,"href":"https:\/\/revolutionpadelstore.com\/de\/wp-json\/wp\/v2\/media\/181669"}],"wp:attachment":[{"href":"https:\/\/revolutionpadelstore.com\/de\/wp-json\/wp\/v2\/media?parent=179749"}],"wp:term":[{"taxonomy":"acabado","embeddable":true,"href":"https:\/\/revolutionpadelstore.com\/de\/wp-json\/wp\/v2\/acabado?post=179749"},{"taxonomy":"balance","embeddable":true,"href":"https:\/\/revolutionpadelstore.com\/de\/wp-json\/wp\/v2\/balance?post=179749"},{"taxonomy":"dureza","embeddable":true,"href":"https:\/\/revolutionpadelstore.com\/de\/wp-json\/wp\/v2\/dureza?post=179749"},{"taxonomy":"forma","embeddable":true,"href":"https:\/\/revolutionpadelstore.com\/de\/wp-json\/wp\/v2\/forma?post=179749"},{"taxonomy":"jugador","embeddable":true,"href":"https:\/\/revolutionpadelstore.com\/de\/wp-json\/wp\/v2\/jugador?post=179749"},{"taxonomy":"marca","embeddable":true,"href":"https:\/\/revolutionpadelstore.com\/de\/wp-json\/wp\/v2\/marca?post=179749"},{"taxonomy":"nivel-de-juego","embeddable":true,"href":"https:\/\/revolutionpadelstore.com\/de\/wp-json\/wp\/v2\/nivel-de-juego?post=179749"},{"taxonomy":"superficie","embeddable":true,"href":"https:\/\/revolutionpadelstore.com\/de\/wp-json\/wp\/v2\/superficie?post=179749"},{"taxonomy":"tipo-de-juego","embeddable":true,"href":"https:\/\/revolutionpadelstore.com\/de\/wp-json\/wp\/v2\/tipo-de-juego?post=179749"},{"taxonomy":"product_brand","embeddable":true,"href":"https:\/\/revolutionpadelstore.com\/de\/wp-json\/wp\/v2\/product_brand?post=179749"},{"taxonomy":"product_cat","embeddable":true,"href":"https:\/\/revolutionpadelstore.com\/de\/wp-json\/wp\/v2\/product_cat?post=179749"},{"taxonomy":"product_tag","embeddable":true,"href":"https:\/\/revolutionpadelstore.com\/de\/wp-json\/wp\/v2\/product_tag?post=179749"}],"curies":[{"name":"wp","href":"https:\/\/api.w.org\/{rel}","templated":true}]}}