{"id":179699,"date":"2025-02-18T23:00:46","date_gmt":"2025-02-18T22:00:46","guid":{"rendered":"https:\/\/revolutionpadelstore.com\/bullpadel-next-w-25v-blanco\/"},"modified":"2026-04-08T07:05:13","modified_gmt":"2026-04-08T05:05:13","slug":"bullpadel-next-w-25v-blanco-1","status":"publish","type":"product","link":"https:\/\/revolutionpadelstore.com\/de\/produkt\/bullpadel-next-w-25v-blanco-1\/","title":{"rendered":"BULLPADEL NEXT W 25V BLANCO"},"content":{"rendered":"<h2> <strong> Bullpadel N\u00e4chste W 25V Wei\u00dfe Frau &#8211; Stabilit\u00e4t und Komfort auf der Strecke <\/ strong> <\/ h2><br \/>\nDie <strong> Bullpadel N\u00e4chste W 25V White Women <\/strong> ist der perfekte Schuh f\u00fcr Spieler, die nach <strong> Stabilit\u00e4t, Komfort und au\u00dfergew\u00f6hnlichen Griff <\/strong> auf der Strecke suchen. Dieses Modell wurde unter der Linie &lt;Stablab  entwickelt und umfasst erweiterte Technologien, um in jeder Bewegung eine optimale Leistung zu gew\u00e4hrleisten.<\/p>\n<h2> <strong> Technologie und Leistung f\u00fcr anspruchsvolle Spieler <\/ strong> <\/ h2><\/p>\n<p>-gemischte Sohle mit Rotox-System: Bietet einen h\u00f6heren Grip auf synthetischen Grasspuren, sogar diejenigen mit wenig Sand, die schnelle Kurven und agile Bewegungen erm\u00f6glichen.<br \/>\n<P>-Maximale Stabilit\u00e4t mit St\u00fctzbogen und Stabilab: Der St\u00fctzbogen, eine TPU-Verst\u00e4rkung im Fu\u00dfbogen, kombiniert mit einer \u00e4u\u00dferen Klappe, bietet ein festeres Profil und ein festes Profil und ein festes Profil und ein festes Profil und ein fester Gesamtkontrolle in jeder Verschiebung<br \/>\n<P>-Komfort und Schutz: Die durchschnittliche Sohle mit hoher Dichte absorbiert die Auswirkungen, verringert die Erm\u00fcdung und verbessert den Schutz an jedem Punkt des Spiels.<\/p>\n<p>-\u00fcberlegene Atmungsaktivit\u00e4t mit oberem Breathmesh: Design, das eine optimale Bel\u00fcftung erm\u00f6glicht und frische F\u00fc\u00dfe auch in den intensivsten Spielen beh\u00e4lt.<br \/>\n<P>-Hybrid 360\u00ba-Sole mit Flex Rift: Gew\u00e4hrleistet eine hervorragende Traktion und Haltbarkeit, ideal f\u00fcr Spieler, die nach Stabilit\u00e4t und Flexibilit\u00e4t auf der Strecke suchen.<\/p>\n<h2> <strong> Wer ist der Bullpadel N\u00e4chste W 25V Wei\u00dfe Frau?<br \/>\nDieses Modell ist f\u00fcr die <strong> -Farben -Player -Spieler ausgelegt, die nach einem leichten, flexiblen und atmungsaktiven Schuhwerk suchen, ohne die Leistung oder Stabilit\u00e4t zu beeintr\u00e4chtigen.<br \/>\n<P>-Schuh mit gemischter Sohle und Rotationspunkt f\u00fcr eine gr\u00f6\u00dfere Kontrolle.<br \/>\n-While f\u00fcr eine gr\u00f6\u00dfere Kontaktfl\u00e4che im Fu\u00dfabdruck breiter.<br \/>\n-Gonomisches und leichte Design, ideal f\u00fcr lange Spielsitzungen.<br \/>\n<strong> Holen Sie sich jetzt Ihre! href = &#8220;https:\/\/chatgpt.com\/g\/g-675432e026888191b6ee6d6f2fdbb15e-optimization-textos\/c\/www.revolutionpadelstore.com&#8221; Markt <\/strong>.<\/p>\n<h2><strong>Bullpadel Next W 25V Blanco Mujer \u2013 Estabilidad y Comodidad en la Pista<\/strong><\/p>\n","protected":false},"excerpt":{"rendered":"<p>Bullpadel N\u00e4chster W 25V Bullpadel f\u00fcr Frauen in Wei\u00df, das mit der Stabalab -Technologie entwickelt wurde, um eine gr\u00f6\u00dfere Stabilit\u00e4t, eine optimale Unterst\u00fctzung am Fu\u00df des Fu\u00dfes und eine hervorragende Traktion auf synthetischen Grasoberfl\u00e4chen zu bieten.<\/p>\n","protected":false},"featured_media":173120,"comment_status":"open","ping_status":"closed","template":"","meta":{"_acf_changed":false,"_joinchat":[]},"acabado":[],"balance":[],"dureza":[],"forma":[],"jugador":[1194],"marca":[1254],"nivel-de-juego":[],"superficie":[],"tipo-de-juego":[],"product_brand":[],"product_cat":[831],"product_tag":[],"class_list":{"0":"post-179699","1":"product","2":"type-product","3":"status-publish","4":"has-post-thumbnail","6":"jugador-frau","7":"marca-bullpadel-de","8":"product_cat-turnschuhe","10":"first","11":"outofstock","12":"sale","13":"taxable","14":"shipping-taxable","15":"purchasable","16":"product-type-variable"},"acf":[],"yoast_head":"<!-- This site is optimized with the Yoast SEO plugin v27.4 - https:\/\/yoast.com\/product\/yoast-seo-wordpress\/ -->\n<title>BULLPADEL NEXT W 25V BLANCO - Revolution Padel Store<\/title>\n<meta name=\"description\" content=\"Compra las Bullpadel Next W 25V Blanco Mujer con suela mixta, gran estabilidad y transpirabilidad. Perfectas para jugadoras intermedias. \u00a1Entra en www.revolutionpadelstore.com y consigue las tuyas al mejor precio!\" \/>\n<meta name=\"robots\" content=\"index, follow, max-snippet:-1, max-image-preview:large, max-video-preview:-1\" \/>\n<link rel=\"canonical\" href=\"https:\/\/revolutionpadelstore.com\/de\/produkt\/bullpadel-next-w-25v-blanco-1\/\" \/>\n<meta property=\"og:locale\" content=\"de_DE\" \/>\n<meta property=\"og:type\" content=\"article\" \/>\n<meta property=\"og:title\" content=\"BULLPADEL NEXT W 25V BLANCO - Revolution Padel Store\" \/>\n<meta property=\"og:description\" content=\"Compra las Bullpadel Next W 25V Blanco Mujer con suela mixta, gran estabilidad y transpirabilidad. Perfectas para jugadoras intermedias. \u00a1Entra en www.revolutionpadelstore.com y consigue las tuyas al mejor precio!\" \/>\n<meta property=\"og:url\" content=\"https:\/\/revolutionpadelstore.com\/de\/produkt\/bullpadel-next-w-25v-blanco-1\/\" \/>\n<meta property=\"og:site_name\" content=\"Revolution Padel Store\" \/>\n<meta property=\"article:modified_time\" content=\"2026-04-08T05:05:13+00:00\" \/>\n<meta property=\"og:image\" content=\"https:\/\/revolutionpadelstore.com\/wp-content\/uploads\/2025\/02\/114340-zapatillas-bullpadel-next-w-25v-mujer-cm61012000-blanco-1200x1200-1.webp\" \/>\n\t<meta property=\"og:image:width\" content=\"1200\" \/>\n\t<meta property=\"og:image:height\" content=\"1200\" \/>\n\t<meta property=\"og:image:type\" content=\"image\/webp\" \/>\n<meta name=\"twitter:card\" content=\"summary_large_image\" \/>\n<meta name=\"twitter:label1\" content=\"Gesch\u00e4tzte Lesezeit\" \/>\n\t<meta name=\"twitter:data1\" content=\"2\u00a0Minuten\" \/>\n<script type=\"application\/ld+json\" class=\"yoast-schema-graph\">{\"@context\":\"https:\\\/\\\/schema.org\",\"@graph\":[{\"@type\":\"WebPage\",\"@id\":\"https:\\\/\\\/revolutionpadelstore.com\\\/de\\\/produkt\\\/bullpadel-next-w-25v-blanco-1\\\/\",\"url\":\"https:\\\/\\\/revolutionpadelstore.com\\\/de\\\/produkt\\\/bullpadel-next-w-25v-blanco-1\\\/\",\"name\":\"BULLPADEL NEXT W 25V BLANCO - Revolution Padel Store\",\"isPartOf\":{\"@id\":\"https:\\\/\\\/revolutionpadelstore.com\\\/de\\\/#website\"},\"primaryImageOfPage\":{\"@id\":\"https:\\\/\\\/revolutionpadelstore.com\\\/de\\\/produkt\\\/bullpadel-next-w-25v-blanco-1\\\/#primaryimage\"},\"image\":{\"@id\":\"https:\\\/\\\/revolutionpadelstore.com\\\/de\\\/produkt\\\/bullpadel-next-w-25v-blanco-1\\\/#primaryimage\"},\"thumbnailUrl\":\"https:\\\/\\\/revolutionpadelstore.com\\\/wp-content\\\/uploads\\\/2025\\\/02\\\/114340-zapatillas-bullpadel-next-w-25v-mujer-cm61012000-blanco-1200x1200-1.webp\",\"datePublished\":\"2025-02-18T22:00:46+00:00\",\"dateModified\":\"2026-04-08T05:05:13+00:00\",\"description\":\"Compra las Bullpadel Next W 25V Blanco Mujer con suela mixta, gran estabilidad y transpirabilidad. Perfectas para jugadoras intermedias. \u00a1Entra en www.revolutionpadelstore.com y consigue las tuyas al mejor precio!\",\"breadcrumb\":{\"@id\":\"https:\\\/\\\/revolutionpadelstore.com\\\/de\\\/produkt\\\/bullpadel-next-w-25v-blanco-1\\\/#breadcrumb\"},\"inLanguage\":\"de\",\"potentialAction\":[{\"@type\":\"ReadAction\",\"target\":[\"https:\\\/\\\/revolutionpadelstore.com\\\/de\\\/produkt\\\/bullpadel-next-w-25v-blanco-1\\\/\"]}]},{\"@type\":\"ImageObject\",\"inLanguage\":\"de\",\"@id\":\"https:\\\/\\\/revolutionpadelstore.com\\\/de\\\/produkt\\\/bullpadel-next-w-25v-blanco-1\\\/#primaryimage\",\"url\":\"https:\\\/\\\/revolutionpadelstore.com\\\/wp-content\\\/uploads\\\/2025\\\/02\\\/114340-zapatillas-bullpadel-next-w-25v-mujer-cm61012000-blanco-1200x1200-1.webp\",\"contentUrl\":\"https:\\\/\\\/revolutionpadelstore.com\\\/wp-content\\\/uploads\\\/2025\\\/02\\\/114340-zapatillas-bullpadel-next-w-25v-mujer-cm61012000-blanco-1200x1200-1.webp\",\"width\":1200,\"height\":1200},{\"@type\":\"BreadcrumbList\",\"@id\":\"https:\\\/\\\/revolutionpadelstore.com\\\/de\\\/produkt\\\/bullpadel-next-w-25v-blanco-1\\\/#breadcrumb\",\"itemListElement\":[{\"@type\":\"ListItem\",\"position\":1,\"name\":\"Portada\",\"item\":\"https:\\\/\\\/revolutionpadelstore.com\\\/de\\\/\"},{\"@type\":\"ListItem\",\"position\":2,\"name\":\"Shop\",\"item\":\"https:\\\/\\\/revolutionpadelstore.com\\\/de\\\/tienda\\\/\"},{\"@type\":\"ListItem\",\"position\":3,\"name\":\"BULLPADEL NEXT W 25V BLANCO\"}]},{\"@type\":\"WebSite\",\"@id\":\"https:\\\/\\\/revolutionpadelstore.com\\\/de\\\/#website\",\"url\":\"https:\\\/\\\/revolutionpadelstore.com\\\/de\\\/\",\"name\":\"Revolution Padel Store\",\"description\":\"\",\"publisher\":{\"@id\":\"https:\\\/\\\/revolutionpadelstore.com\\\/de\\\/#organization\"},\"potentialAction\":[{\"@type\":\"SearchAction\",\"target\":{\"@type\":\"EntryPoint\",\"urlTemplate\":\"https:\\\/\\\/revolutionpadelstore.com\\\/de\\\/?s={search_term_string}\"},\"query-input\":{\"@type\":\"PropertyValueSpecification\",\"valueRequired\":true,\"valueName\":\"search_term_string\"}}],\"inLanguage\":\"de\"},{\"@type\":\"Organization\",\"@id\":\"https:\\\/\\\/revolutionpadelstore.com\\\/de\\\/#organization\",\"name\":\"Revolution Padel Store\",\"url\":\"https:\\\/\\\/revolutionpadelstore.com\\\/de\\\/\",\"logo\":{\"@type\":\"ImageObject\",\"inLanguage\":\"de\",\"@id\":\"https:\\\/\\\/revolutionpadelstore.com\\\/de\\\/#\\\/schema\\\/logo\\\/image\\\/\",\"url\":\"https:\\\/\\\/revolutionpadelstore.com\\\/wp-content\\\/uploads\\\/2026\\\/02\\\/revolution-padel-store.jpg\",\"contentUrl\":\"https:\\\/\\\/revolutionpadelstore.com\\\/wp-content\\\/uploads\\\/2026\\\/02\\\/revolution-padel-store.jpg\",\"width\":2000,\"height\":2000,\"caption\":\"Revolution Padel Store\"},\"image\":{\"@id\":\"https:\\\/\\\/revolutionpadelstore.com\\\/de\\\/#\\\/schema\\\/logo\\\/image\\\/\"},\"sameAs\":[\"https:\\\/\\\/www.instagram.com\\\/revolutionpadelstore\\\/\"]}]}<\/script>\n<!-- \/ Yoast SEO plugin. -->","yoast_head_json":{"title":"BULLPADEL NEXT W 25V BLANCO - Revolution Padel Store","description":"Compra las Bullpadel Next W 25V Blanco Mujer con suela mixta, gran estabilidad y transpirabilidad. Perfectas para jugadoras intermedias. \u00a1Entra en www.revolutionpadelstore.com y consigue las tuyas al mejor precio!","robots":{"index":"index","follow":"follow","max-snippet":"max-snippet:-1","max-image-preview":"max-image-preview:large","max-video-preview":"max-video-preview:-1"},"canonical":"https:\/\/revolutionpadelstore.com\/de\/produkt\/bullpadel-next-w-25v-blanco-1\/","og_locale":"de_DE","og_type":"article","og_title":"BULLPADEL NEXT W 25V BLANCO - Revolution Padel Store","og_description":"Compra las Bullpadel Next W 25V Blanco Mujer con suela mixta, gran estabilidad y transpirabilidad. Perfectas para jugadoras intermedias. \u00a1Entra en www.revolutionpadelstore.com y consigue las tuyas al mejor precio!","og_url":"https:\/\/revolutionpadelstore.com\/de\/produkt\/bullpadel-next-w-25v-blanco-1\/","og_site_name":"Revolution Padel Store","article_modified_time":"2026-04-08T05:05:13+00:00","og_image":[{"width":1200,"height":1200,"url":"https:\/\/revolutionpadelstore.com\/wp-content\/uploads\/2025\/02\/114340-zapatillas-bullpadel-next-w-25v-mujer-cm61012000-blanco-1200x1200-1.webp","type":"image\/webp"}],"twitter_card":"summary_large_image","twitter_misc":{"Gesch\u00e4tzte Lesezeit":"2\u00a0Minuten"},"schema":{"@context":"https:\/\/schema.org","@graph":[{"@type":"WebPage","@id":"https:\/\/revolutionpadelstore.com\/de\/produkt\/bullpadel-next-w-25v-blanco-1\/","url":"https:\/\/revolutionpadelstore.com\/de\/produkt\/bullpadel-next-w-25v-blanco-1\/","name":"BULLPADEL NEXT W 25V BLANCO - Revolution Padel Store","isPartOf":{"@id":"https:\/\/revolutionpadelstore.com\/de\/#website"},"primaryImageOfPage":{"@id":"https:\/\/revolutionpadelstore.com\/de\/produkt\/bullpadel-next-w-25v-blanco-1\/#primaryimage"},"image":{"@id":"https:\/\/revolutionpadelstore.com\/de\/produkt\/bullpadel-next-w-25v-blanco-1\/#primaryimage"},"thumbnailUrl":"https:\/\/revolutionpadelstore.com\/wp-content\/uploads\/2025\/02\/114340-zapatillas-bullpadel-next-w-25v-mujer-cm61012000-blanco-1200x1200-1.webp","datePublished":"2025-02-18T22:00:46+00:00","dateModified":"2026-04-08T05:05:13+00:00","description":"Compra las Bullpadel Next W 25V Blanco Mujer con suela mixta, gran estabilidad y transpirabilidad. Perfectas para jugadoras intermedias. \u00a1Entra en www.revolutionpadelstore.com y consigue las tuyas al mejor precio!","breadcrumb":{"@id":"https:\/\/revolutionpadelstore.com\/de\/produkt\/bullpadel-next-w-25v-blanco-1\/#breadcrumb"},"inLanguage":"de","potentialAction":[{"@type":"ReadAction","target":["https:\/\/revolutionpadelstore.com\/de\/produkt\/bullpadel-next-w-25v-blanco-1\/"]}]},{"@type":"ImageObject","inLanguage":"de","@id":"https:\/\/revolutionpadelstore.com\/de\/produkt\/bullpadel-next-w-25v-blanco-1\/#primaryimage","url":"https:\/\/revolutionpadelstore.com\/wp-content\/uploads\/2025\/02\/114340-zapatillas-bullpadel-next-w-25v-mujer-cm61012000-blanco-1200x1200-1.webp","contentUrl":"https:\/\/revolutionpadelstore.com\/wp-content\/uploads\/2025\/02\/114340-zapatillas-bullpadel-next-w-25v-mujer-cm61012000-blanco-1200x1200-1.webp","width":1200,"height":1200},{"@type":"BreadcrumbList","@id":"https:\/\/revolutionpadelstore.com\/de\/produkt\/bullpadel-next-w-25v-blanco-1\/#breadcrumb","itemListElement":[{"@type":"ListItem","position":1,"name":"Portada","item":"https:\/\/revolutionpadelstore.com\/de\/"},{"@type":"ListItem","position":2,"name":"Shop","item":"https:\/\/revolutionpadelstore.com\/de\/tienda\/"},{"@type":"ListItem","position":3,"name":"BULLPADEL NEXT W 25V BLANCO"}]},{"@type":"WebSite","@id":"https:\/\/revolutionpadelstore.com\/de\/#website","url":"https:\/\/revolutionpadelstore.com\/de\/","name":"Revolution Padel Store","description":"","publisher":{"@id":"https:\/\/revolutionpadelstore.com\/de\/#organization"},"potentialAction":[{"@type":"SearchAction","target":{"@type":"EntryPoint","urlTemplate":"https:\/\/revolutionpadelstore.com\/de\/?s={search_term_string}"},"query-input":{"@type":"PropertyValueSpecification","valueRequired":true,"valueName":"search_term_string"}}],"inLanguage":"de"},{"@type":"Organization","@id":"https:\/\/revolutionpadelstore.com\/de\/#organization","name":"Revolution Padel Store","url":"https:\/\/revolutionpadelstore.com\/de\/","logo":{"@type":"ImageObject","inLanguage":"de","@id":"https:\/\/revolutionpadelstore.com\/de\/#\/schema\/logo\/image\/","url":"https:\/\/revolutionpadelstore.com\/wp-content\/uploads\/2026\/02\/revolution-padel-store.jpg","contentUrl":"https:\/\/revolutionpadelstore.com\/wp-content\/uploads\/2026\/02\/revolution-padel-store.jpg","width":2000,"height":2000,"caption":"Revolution Padel Store"},"image":{"@id":"https:\/\/revolutionpadelstore.com\/de\/#\/schema\/logo\/image\/"},"sameAs":["https:\/\/www.instagram.com\/revolutionpadelstore\/"]}]}},"_links":{"self":[{"href":"https:\/\/revolutionpadelstore.com\/de\/wp-json\/wp\/v2\/product\/179699","targetHints":{"allow":["GET"]}}],"collection":[{"href":"https:\/\/revolutionpadelstore.com\/de\/wp-json\/wp\/v2\/product"}],"about":[{"href":"https:\/\/revolutionpadelstore.com\/de\/wp-json\/wp\/v2\/types\/product"}],"replies":[{"embeddable":true,"href":"https:\/\/revolutionpadelstore.com\/de\/wp-json\/wp\/v2\/comments?post=179699"}],"wp:featuredmedia":[{"embeddable":true,"href":"https:\/\/revolutionpadelstore.com\/de\/wp-json\/wp\/v2\/media\/173120"}],"wp:attachment":[{"href":"https:\/\/revolutionpadelstore.com\/de\/wp-json\/wp\/v2\/media?parent=179699"}],"wp:term":[{"taxonomy":"acabado","embeddable":true,"href":"https:\/\/revolutionpadelstore.com\/de\/wp-json\/wp\/v2\/acabado?post=179699"},{"taxonomy":"balance","embeddable":true,"href":"https:\/\/revolutionpadelstore.com\/de\/wp-json\/wp\/v2\/balance?post=179699"},{"taxonomy":"dureza","embeddable":true,"href":"https:\/\/revolutionpadelstore.com\/de\/wp-json\/wp\/v2\/dureza?post=179699"},{"taxonomy":"forma","embeddable":true,"href":"https:\/\/revolutionpadelstore.com\/de\/wp-json\/wp\/v2\/forma?post=179699"},{"taxonomy":"jugador","embeddable":true,"href":"https:\/\/revolutionpadelstore.com\/de\/wp-json\/wp\/v2\/jugador?post=179699"},{"taxonomy":"marca","embeddable":true,"href":"https:\/\/revolutionpadelstore.com\/de\/wp-json\/wp\/v2\/marca?post=179699"},{"taxonomy":"nivel-de-juego","embeddable":true,"href":"https:\/\/revolutionpadelstore.com\/de\/wp-json\/wp\/v2\/nivel-de-juego?post=179699"},{"taxonomy":"superficie","embeddable":true,"href":"https:\/\/revolutionpadelstore.com\/de\/wp-json\/wp\/v2\/superficie?post=179699"},{"taxonomy":"tipo-de-juego","embeddable":true,"href":"https:\/\/revolutionpadelstore.com\/de\/wp-json\/wp\/v2\/tipo-de-juego?post=179699"},{"taxonomy":"product_brand","embeddable":true,"href":"https:\/\/revolutionpadelstore.com\/de\/wp-json\/wp\/v2\/product_brand?post=179699"},{"taxonomy":"product_cat","embeddable":true,"href":"https:\/\/revolutionpadelstore.com\/de\/wp-json\/wp\/v2\/product_cat?post=179699"},{"taxonomy":"product_tag","embeddable":true,"href":"https:\/\/revolutionpadelstore.com\/de\/wp-json\/wp\/v2\/product_tag?post=179699"}],"curies":[{"name":"wp","href":"https:\/\/api.w.org\/{rel}","templated":true}]}}