{"id":179555,"date":"2025-02-21T12:24:27","date_gmt":"2025-02-21T11:24:27","guid":{"rendered":"https:\/\/revolutionpadelstore.com\/?post_type=product&#038;p=179555"},"modified":"2026-04-01T03:07:37","modified_gmt":"2026-04-01T01:07:37","slug":"siux-valkiria-go-1","status":"publish","type":"product","link":"https:\/\/revolutionpadelstore.com\/de\/produkt\/siux-valkiria-go-1\/","title":{"rendered":"SIUX VALKIRIA GO"},"content":{"rendered":"<h2> <strong> Siux Valkiria Go &#8211; Kraft, Kontrolle und Haltbarkeit in einer einzelnen Schaufel <\/ strong> <\/ h2><br \/>\nEntdecken Sie die <strong> Siux Valkiria Go <\/strong>, eine Paddelschaufel, die f\u00fcr Anf\u00e4nger und fortgeschrittene Spieler entwickelt wurde, die nach der perfekten Balance zwischen Widerstand, Kontrolle und Kraft suchen. Dank seiner 3K -Alumesh -Kohlenstoffkonstruktion und seiner innovativen Schocktechnologie reduziert es die Vibrationen und verbessert die Stabilit\u00e4t bei jedem Schlag.<\/p>\n<h2> <strong> Schl\u00fcsselmerkmale der Siux Valkiria Go <\/ strong> <\/ h2><\/p>\n<p>-Hybridform mit mittelgro\u00dfem Gleichgewicht f\u00fcr eine gr\u00f6\u00dfere Vielseitigkeit.<br \/>\n-Teknologie schockiert aus, der Vibrationen absorbiert und den Komfort im Spiel verbessert.<br \/>\n-Dual PR Grip, ausgelegt f\u00fcr einen optimalen Griff und ein gr\u00f6\u00dferes Gef\u00fchl der Kontrolle.<br \/>\n-3k Alumesh Carbon Plan, der Steifheit und Kraft bietet, ohne die Kontrolle zu beeintr\u00e4chtigen.<br \/>\n-Nun brillant mit groben Erleichterungen, ideal, um Effekte auf jeden Schlag zu erzielen.<br \/>\n-3k Carbon Tubular Car, das eine hervorragende Haltbarkeit und Widerstand garantiert<\/p>\n<h2> <strong> Warum die Siux -Valkiria gehen?<br \/>\nWenn Sie nach einer Schaufel suchen, die Ihnen hilft, Ihr Spiel <\/strong> zu entwickeln, ist der <strong> Siux Valkiria Go <\/strong> die ideale Option. Die Kombination aus <strong> fortschrittlicher Technologie, hochwertiger Materialien und optimiertes Design <\/strong> macht es zu einem der besten Paddelklingen f\u00fcr Spieler, die ihre Leistung verbessern m\u00f6chten, ohne in jedem Schlag Komfort und Stabilit\u00e4t aufzugeben.<\/p>\n<p>Holen Sie sich die <strong> Siux Valkiria Go <\/strong> zum besten Preis in unserem Online -Shop! Besuchen Sie uns in <strong> <a href=\"https:\/\/chatgpt.com\/g\/g-675432e026888191b6ee6d6f2fdbb15e-optimization-textos\/c\/www.revolutionpadelstore.com\"> ww.revolutionpadelstore.com <\/a> <\/strong> und daying Heute und ditiert heute. Dasselbe.<\/p>\n<h2><strong>Siux Valkiria GO \u2013 Potencia, Control y Durabilidad en una sola pala<\/strong><\/p>\n","protected":false},"excerpt":{"rendered":"<p>Treffen Sie die Siux Valkiria Go, eine ideale Paddelschaufel f\u00fcr Anf\u00e4nger und fortgeschrittene Spieler, die eine optimale Kombination aus Haltbarkeit, Pr\u00e4zision und Leistung w\u00fcnschen.<\/p>\n","protected":false},"featured_media":179567,"comment_status":"open","ping_status":"closed","template":"","meta":{"_acf_changed":false,"_joinchat":[]},"acabado":[1079],"balance":[1139,1144],"dureza":[1154],"forma":[1174],"jugador":[1194],"marca":[1304],"nivel-de-juego":[1349,1339],"superficie":[1354],"tipo-de-juego":[1384],"product_brand":[],"product_cat":[299],"product_tag":[],"class_list":{"0":"post-179555","1":"product","2":"type-product","3":"status-publish","4":"has-post-thumbnail","6":"acabado-helligkeit","7":"balance-mittel","8":"balance-niedrig","9":"dureza-media-de","10":"forma-hybrid","11":"jugador-frau","12":"marca-siux-de","13":"superficie-lisa-de","14":"tipo-de-juego-mehrzweck","15":"product_cat-palas-de-padel-de","17":"first","18":"instock","19":"sale","20":"taxable","21":"shipping-taxable","22":"purchasable","23":"product-type-simple"},"acf":[],"yoast_head":"<!-- This site is optimized with the Yoast SEO plugin v27.3 - https:\/\/yoast.com\/product\/yoast-seo-wordpress\/ -->\n<title>SIUX VALKIRIA GO - Revolution Padel Store<\/title>\n<meta name=\"description\" content=\"Compra la Siux Valkiria GO, una pala de p\u00e1del polivalente con Carbono 3K Alumesh, Shock Out y Dual Pro Grip. M\u00e1ximo control, potencia y confort. \u00a1Mejora tu juego ya!\" \/>\n<meta name=\"robots\" content=\"index, follow, max-snippet:-1, max-image-preview:large, max-video-preview:-1\" \/>\n<link rel=\"canonical\" href=\"https:\/\/revolutionpadelstore.com\/de\/produkt\/siux-valkiria-go-1\/\" \/>\n<meta property=\"og:locale\" content=\"de_DE\" \/>\n<meta property=\"og:type\" content=\"article\" \/>\n<meta property=\"og:title\" content=\"SIUX VALKIRIA GO - Revolution Padel Store\" \/>\n<meta property=\"og:description\" content=\"Compra la Siux Valkiria GO, una pala de p\u00e1del polivalente con Carbono 3K Alumesh, Shock Out y Dual Pro Grip. M\u00e1ximo control, potencia y confort. \u00a1Mejora tu juego ya!\" \/>\n<meta property=\"og:url\" content=\"https:\/\/revolutionpadelstore.com\/de\/produkt\/siux-valkiria-go-1\/\" \/>\n<meta property=\"og:site_name\" content=\"Revolution Padel Store\" \/>\n<meta property=\"article:modified_time\" content=\"2026-04-01T01:07:37+00:00\" \/>\n<meta property=\"og:image\" content=\"https:\/\/revolutionpadelstore.com\/wp-content\/uploads\/2025\/02\/2-1.png\" \/>\n\t<meta property=\"og:image:width\" content=\"1000\" \/>\n\t<meta property=\"og:image:height\" content=\"1000\" \/>\n\t<meta property=\"og:image:type\" content=\"image\/png\" \/>\n<meta name=\"twitter:card\" content=\"summary_large_image\" \/>\n<meta name=\"twitter:label1\" content=\"Gesch\u00e4tzte Lesezeit\" \/>\n\t<meta name=\"twitter:data1\" content=\"1\u00a0Minute\" \/>\n<script type=\"application\/ld+json\" class=\"yoast-schema-graph\">{\"@context\":\"https:\\\/\\\/schema.org\",\"@graph\":[{\"@type\":\"WebPage\",\"@id\":\"https:\\\/\\\/revolutionpadelstore.com\\\/de\\\/produkt\\\/siux-valkiria-go-1\\\/\",\"url\":\"https:\\\/\\\/revolutionpadelstore.com\\\/de\\\/produkt\\\/siux-valkiria-go-1\\\/\",\"name\":\"SIUX VALKIRIA GO - Revolution Padel Store\",\"isPartOf\":{\"@id\":\"https:\\\/\\\/revolutionpadelstore.com\\\/de\\\/#website\"},\"primaryImageOfPage\":{\"@id\":\"https:\\\/\\\/revolutionpadelstore.com\\\/de\\\/produkt\\\/siux-valkiria-go-1\\\/#primaryimage\"},\"image\":{\"@id\":\"https:\\\/\\\/revolutionpadelstore.com\\\/de\\\/produkt\\\/siux-valkiria-go-1\\\/#primaryimage\"},\"thumbnailUrl\":\"https:\\\/\\\/revolutionpadelstore.com\\\/wp-content\\\/uploads\\\/2025\\\/02\\\/2-1.png\",\"datePublished\":\"2025-02-21T11:24:27+00:00\",\"dateModified\":\"2026-04-01T01:07:37+00:00\",\"description\":\"Compra la Siux Valkiria GO, una pala de p\u00e1del polivalente con Carbono 3K Alumesh, Shock Out y Dual Pro Grip. M\u00e1ximo control, potencia y confort. \u00a1Mejora tu juego ya!\",\"breadcrumb\":{\"@id\":\"https:\\\/\\\/revolutionpadelstore.com\\\/de\\\/produkt\\\/siux-valkiria-go-1\\\/#breadcrumb\"},\"inLanguage\":\"de\",\"potentialAction\":[{\"@type\":\"ReadAction\",\"target\":[\"https:\\\/\\\/revolutionpadelstore.com\\\/de\\\/produkt\\\/siux-valkiria-go-1\\\/\"]}]},{\"@type\":\"ImageObject\",\"inLanguage\":\"de\",\"@id\":\"https:\\\/\\\/revolutionpadelstore.com\\\/de\\\/produkt\\\/siux-valkiria-go-1\\\/#primaryimage\",\"url\":\"https:\\\/\\\/revolutionpadelstore.com\\\/wp-content\\\/uploads\\\/2025\\\/02\\\/2-1.png\",\"contentUrl\":\"https:\\\/\\\/revolutionpadelstore.com\\\/wp-content\\\/uploads\\\/2025\\\/02\\\/2-1.png\",\"width\":1000,\"height\":1000},{\"@type\":\"BreadcrumbList\",\"@id\":\"https:\\\/\\\/revolutionpadelstore.com\\\/de\\\/produkt\\\/siux-valkiria-go-1\\\/#breadcrumb\",\"itemListElement\":[{\"@type\":\"ListItem\",\"position\":1,\"name\":\"Portada\",\"item\":\"https:\\\/\\\/revolutionpadelstore.com\\\/de\\\/\"},{\"@type\":\"ListItem\",\"position\":2,\"name\":\"Shop\",\"item\":\"https:\\\/\\\/revolutionpadelstore.com\\\/de\\\/tienda\\\/\"},{\"@type\":\"ListItem\",\"position\":3,\"name\":\"SIUX VALKIRIA GO\"}]},{\"@type\":\"WebSite\",\"@id\":\"https:\\\/\\\/revolutionpadelstore.com\\\/de\\\/#website\",\"url\":\"https:\\\/\\\/revolutionpadelstore.com\\\/de\\\/\",\"name\":\"Revolution Padel Store\",\"description\":\"\",\"publisher\":{\"@id\":\"https:\\\/\\\/revolutionpadelstore.com\\\/de\\\/#organization\"},\"potentialAction\":[{\"@type\":\"SearchAction\",\"target\":{\"@type\":\"EntryPoint\",\"urlTemplate\":\"https:\\\/\\\/revolutionpadelstore.com\\\/de\\\/?s={search_term_string}\"},\"query-input\":{\"@type\":\"PropertyValueSpecification\",\"valueRequired\":true,\"valueName\":\"search_term_string\"}}],\"inLanguage\":\"de\"},{\"@type\":\"Organization\",\"@id\":\"https:\\\/\\\/revolutionpadelstore.com\\\/de\\\/#organization\",\"name\":\"Revolution Padel Store\",\"url\":\"https:\\\/\\\/revolutionpadelstore.com\\\/de\\\/\",\"logo\":{\"@type\":\"ImageObject\",\"inLanguage\":\"de\",\"@id\":\"https:\\\/\\\/revolutionpadelstore.com\\\/de\\\/#\\\/schema\\\/logo\\\/image\\\/\",\"url\":\"https:\\\/\\\/revolutionpadelstore.com\\\/wp-content\\\/uploads\\\/2026\\\/02\\\/revolution-padel-store.jpg\",\"contentUrl\":\"https:\\\/\\\/revolutionpadelstore.com\\\/wp-content\\\/uploads\\\/2026\\\/02\\\/revolution-padel-store.jpg\",\"width\":2000,\"height\":2000,\"caption\":\"Revolution Padel Store\"},\"image\":{\"@id\":\"https:\\\/\\\/revolutionpadelstore.com\\\/de\\\/#\\\/schema\\\/logo\\\/image\\\/\"},\"sameAs\":[\"https:\\\/\\\/www.instagram.com\\\/revolutionpadelstore\\\/\"]}]}<\/script>\n<!-- \/ Yoast SEO plugin. -->","yoast_head_json":{"title":"SIUX VALKIRIA GO - Revolution Padel Store","description":"Compra la Siux Valkiria GO, una pala de p\u00e1del polivalente con Carbono 3K Alumesh, Shock Out y Dual Pro Grip. M\u00e1ximo control, potencia y confort. \u00a1Mejora tu juego ya!","robots":{"index":"index","follow":"follow","max-snippet":"max-snippet:-1","max-image-preview":"max-image-preview:large","max-video-preview":"max-video-preview:-1"},"canonical":"https:\/\/revolutionpadelstore.com\/de\/produkt\/siux-valkiria-go-1\/","og_locale":"de_DE","og_type":"article","og_title":"SIUX VALKIRIA GO - Revolution Padel Store","og_description":"Compra la Siux Valkiria GO, una pala de p\u00e1del polivalente con Carbono 3K Alumesh, Shock Out y Dual Pro Grip. M\u00e1ximo control, potencia y confort. \u00a1Mejora tu juego ya!","og_url":"https:\/\/revolutionpadelstore.com\/de\/produkt\/siux-valkiria-go-1\/","og_site_name":"Revolution Padel Store","article_modified_time":"2026-04-01T01:07:37+00:00","og_image":[{"width":1000,"height":1000,"url":"https:\/\/revolutionpadelstore.com\/wp-content\/uploads\/2025\/02\/2-1.png","type":"image\/png"}],"twitter_card":"summary_large_image","twitter_misc":{"Gesch\u00e4tzte Lesezeit":"1\u00a0Minute"},"schema":{"@context":"https:\/\/schema.org","@graph":[{"@type":"WebPage","@id":"https:\/\/revolutionpadelstore.com\/de\/produkt\/siux-valkiria-go-1\/","url":"https:\/\/revolutionpadelstore.com\/de\/produkt\/siux-valkiria-go-1\/","name":"SIUX VALKIRIA GO - Revolution Padel Store","isPartOf":{"@id":"https:\/\/revolutionpadelstore.com\/de\/#website"},"primaryImageOfPage":{"@id":"https:\/\/revolutionpadelstore.com\/de\/produkt\/siux-valkiria-go-1\/#primaryimage"},"image":{"@id":"https:\/\/revolutionpadelstore.com\/de\/produkt\/siux-valkiria-go-1\/#primaryimage"},"thumbnailUrl":"https:\/\/revolutionpadelstore.com\/wp-content\/uploads\/2025\/02\/2-1.png","datePublished":"2025-02-21T11:24:27+00:00","dateModified":"2026-04-01T01:07:37+00:00","description":"Compra la Siux Valkiria GO, una pala de p\u00e1del polivalente con Carbono 3K Alumesh, Shock Out y Dual Pro Grip. M\u00e1ximo control, potencia y confort. \u00a1Mejora tu juego ya!","breadcrumb":{"@id":"https:\/\/revolutionpadelstore.com\/de\/produkt\/siux-valkiria-go-1\/#breadcrumb"},"inLanguage":"de","potentialAction":[{"@type":"ReadAction","target":["https:\/\/revolutionpadelstore.com\/de\/produkt\/siux-valkiria-go-1\/"]}]},{"@type":"ImageObject","inLanguage":"de","@id":"https:\/\/revolutionpadelstore.com\/de\/produkt\/siux-valkiria-go-1\/#primaryimage","url":"https:\/\/revolutionpadelstore.com\/wp-content\/uploads\/2025\/02\/2-1.png","contentUrl":"https:\/\/revolutionpadelstore.com\/wp-content\/uploads\/2025\/02\/2-1.png","width":1000,"height":1000},{"@type":"BreadcrumbList","@id":"https:\/\/revolutionpadelstore.com\/de\/produkt\/siux-valkiria-go-1\/#breadcrumb","itemListElement":[{"@type":"ListItem","position":1,"name":"Portada","item":"https:\/\/revolutionpadelstore.com\/de\/"},{"@type":"ListItem","position":2,"name":"Shop","item":"https:\/\/revolutionpadelstore.com\/de\/tienda\/"},{"@type":"ListItem","position":3,"name":"SIUX VALKIRIA GO"}]},{"@type":"WebSite","@id":"https:\/\/revolutionpadelstore.com\/de\/#website","url":"https:\/\/revolutionpadelstore.com\/de\/","name":"Revolution Padel Store","description":"","publisher":{"@id":"https:\/\/revolutionpadelstore.com\/de\/#organization"},"potentialAction":[{"@type":"SearchAction","target":{"@type":"EntryPoint","urlTemplate":"https:\/\/revolutionpadelstore.com\/de\/?s={search_term_string}"},"query-input":{"@type":"PropertyValueSpecification","valueRequired":true,"valueName":"search_term_string"}}],"inLanguage":"de"},{"@type":"Organization","@id":"https:\/\/revolutionpadelstore.com\/de\/#organization","name":"Revolution Padel Store","url":"https:\/\/revolutionpadelstore.com\/de\/","logo":{"@type":"ImageObject","inLanguage":"de","@id":"https:\/\/revolutionpadelstore.com\/de\/#\/schema\/logo\/image\/","url":"https:\/\/revolutionpadelstore.com\/wp-content\/uploads\/2026\/02\/revolution-padel-store.jpg","contentUrl":"https:\/\/revolutionpadelstore.com\/wp-content\/uploads\/2026\/02\/revolution-padel-store.jpg","width":2000,"height":2000,"caption":"Revolution Padel Store"},"image":{"@id":"https:\/\/revolutionpadelstore.com\/de\/#\/schema\/logo\/image\/"},"sameAs":["https:\/\/www.instagram.com\/revolutionpadelstore\/"]}]}},"_links":{"self":[{"href":"https:\/\/revolutionpadelstore.com\/de\/wp-json\/wp\/v2\/product\/179555","targetHints":{"allow":["GET"]}}],"collection":[{"href":"https:\/\/revolutionpadelstore.com\/de\/wp-json\/wp\/v2\/product"}],"about":[{"href":"https:\/\/revolutionpadelstore.com\/de\/wp-json\/wp\/v2\/types\/product"}],"replies":[{"embeddable":true,"href":"https:\/\/revolutionpadelstore.com\/de\/wp-json\/wp\/v2\/comments?post=179555"}],"wp:featuredmedia":[{"embeddable":true,"href":"https:\/\/revolutionpadelstore.com\/de\/wp-json\/wp\/v2\/media\/179567"}],"wp:attachment":[{"href":"https:\/\/revolutionpadelstore.com\/de\/wp-json\/wp\/v2\/media?parent=179555"}],"wp:term":[{"taxonomy":"acabado","embeddable":true,"href":"https:\/\/revolutionpadelstore.com\/de\/wp-json\/wp\/v2\/acabado?post=179555"},{"taxonomy":"balance","embeddable":true,"href":"https:\/\/revolutionpadelstore.com\/de\/wp-json\/wp\/v2\/balance?post=179555"},{"taxonomy":"dureza","embeddable":true,"href":"https:\/\/revolutionpadelstore.com\/de\/wp-json\/wp\/v2\/dureza?post=179555"},{"taxonomy":"forma","embeddable":true,"href":"https:\/\/revolutionpadelstore.com\/de\/wp-json\/wp\/v2\/forma?post=179555"},{"taxonomy":"jugador","embeddable":true,"href":"https:\/\/revolutionpadelstore.com\/de\/wp-json\/wp\/v2\/jugador?post=179555"},{"taxonomy":"marca","embeddable":true,"href":"https:\/\/revolutionpadelstore.com\/de\/wp-json\/wp\/v2\/marca?post=179555"},{"taxonomy":"nivel-de-juego","embeddable":true,"href":"https:\/\/revolutionpadelstore.com\/de\/wp-json\/wp\/v2\/nivel-de-juego?post=179555"},{"taxonomy":"superficie","embeddable":true,"href":"https:\/\/revolutionpadelstore.com\/de\/wp-json\/wp\/v2\/superficie?post=179555"},{"taxonomy":"tipo-de-juego","embeddable":true,"href":"https:\/\/revolutionpadelstore.com\/de\/wp-json\/wp\/v2\/tipo-de-juego?post=179555"},{"taxonomy":"product_brand","embeddable":true,"href":"https:\/\/revolutionpadelstore.com\/de\/wp-json\/wp\/v2\/product_brand?post=179555"},{"taxonomy":"product_cat","embeddable":true,"href":"https:\/\/revolutionpadelstore.com\/de\/wp-json\/wp\/v2\/product_cat?post=179555"},{"taxonomy":"product_tag","embeddable":true,"href":"https:\/\/revolutionpadelstore.com\/de\/wp-json\/wp\/v2\/product_tag?post=179555"}],"curies":[{"name":"wp","href":"https:\/\/api.w.org\/{rel}","templated":true}]}}