{"id":177626,"date":"2025-02-19T00:07:11","date_gmt":"2025-02-18T23:07:11","guid":{"rendered":"https:\/\/revolutionpadelstore.com\/polo-bullpadel-balto-012-blanco\/"},"modified":"2026-04-08T06:49:54","modified_gmt":"2026-04-08T04:49:54","slug":"polo-bullpadel-balto-012-blanco-1","status":"publish","type":"product","link":"https:\/\/revolutionpadelstore.com\/de\/produkt\/polo-bullpadel-balto-012-blanco-1\/","title":{"rendered":"POLO BULLPADEL BALTO 012 BLANCO"},"content":{"rendered":"<p>&lt;Il<br \/>\nBullpadel Balto ist ein von Menschen gezeichnete technische Pole, der maximale Komfort bietet und die Leistung verfolgt. Dieses Kleidungsst\u00fcck wird mit 100%Polyester Jacquard Jacquard Tissue hergestellt und zeichnet sich aus seiner Weichheit, Atmungsaktivit\u00e4t und F\u00e4higkeit aus, die Haut jederzeit trocken zu halten. Dank der QuickerDry -Technologie, die fortschrittliche Mikrofilamente umfasst, ist Sweat optimal und erm\u00f6glicht eine schnelle und effiziente Verdunstung.<\/p>\n<h2> Eigenschaften des Bullpadel Balto Pole <\/ H2><\/p>\n<p>-Material: 100% Ultraleicht Jacquard Polyester<br \/>\n<P>-schnelle Technologie: Verbesserung der Atmungsaktivit\u00e4t und absorbiert Feuchtigkeit<br \/>\n<P>-modernes und sportliches Design: i Vigo mit drei Kontrastst\u00fccken<\/p>\n<p>-Komfort und optimale Einstellung: Rippenhals und Frontalknopf f\u00fcr eine bessere Einstellung<\/p>\n<p>-ideal f\u00fcr Wettbewerb und Training: Licht und flexibel f\u00fcr mehr Bewegungsfreiheit<br \/>\nDieser <strong> Bullpadel Paddle Pole <\/strong> ist nicht nur ein funktionales Kleidungsst\u00fcck, sondern zeichnet sich auch f\u00fcr sein modernes und sportliches Design auf, der sich perfekt f\u00fcr Spieler eignet, die einen eleganten Stil suchen, ohne die Leistung aufzugeben. Die ergonomische Struktur erm\u00f6glicht es Ihnen, sich mit totaler Freiheit zu bewegen und Verschiebungen auf der Strecke zu erleichtern.<\/p>\n<p><strong> Holen Sie sich den Bullpadel Balto Pole zum besten Preis in unserem Online -Shop &lt;a href = &quot;https:\/\/chatgpt.com\/g\/g-675432e026888191b6ee6d6f2fdbb15e-optimization-textos\/c\/www.revolutionpadelstore.com&quot; Party<\/p>\n<h2>Polo Bullpadel Balto \u2013 Ligereza y transpirabilidad para el m\u00e1ximo rendimiento<\/h2>\n","protected":false},"excerpt":{"rendered":"<p>Der Bullpadel Balto Pole wird vollst\u00e4ndig in Polyester hergestellt und verf\u00fcgt \u00fcber ein schnelleres Finish, das au\u00dfergew\u00f6hnliche Frische, Komfort und Leichtigkeit bietet.<\/p>\n","protected":false},"featured_media":177749,"comment_status":"open","ping_status":"closed","template":"","meta":{"_acf_changed":false,"_joinchat":[]},"acabado":[],"balance":[],"dureza":[],"forma":[],"jugador":[1189],"marca":[],"nivel-de-juego":[],"superficie":[],"tipo-de-juego":[],"product_brand":[],"product_cat":[323],"product_tag":[],"class_list":{"0":"post-177626","1":"product","2":"type-product","3":"status-publish","4":"has-post-thumbnail","6":"jugador-mann","7":"product_cat-ropa-de","9":"first","10":"outofstock","11":"sale","12":"taxable","13":"shipping-taxable","14":"purchasable","15":"product-type-variable"},"acf":[],"yoast_head":"<!-- This site is optimized with the Yoast SEO plugin v27.4 - https:\/\/yoast.com\/product\/yoast-seo-wordpress\/ -->\n<title>POLO BULLPADEL BALTO 012 BLANCO - Revolution Padel Store<\/title>\n<meta name=\"description\" content=\"Compra el polo Bullpadel Balto en nuestra tienda online. Tejido ultraligero, tecnolog\u00eda Quickerdry y dise\u00f1o deportivo para un m\u00e1ximo confort en la pista. \u00a1Mejor precio garantizado!\" \/>\n<meta name=\"robots\" content=\"index, follow, max-snippet:-1, max-image-preview:large, max-video-preview:-1\" \/>\n<link rel=\"canonical\" href=\"https:\/\/revolutionpadelstore.com\/de\/produkt\/polo-bullpadel-balto-012-blanco-1\/\" \/>\n<meta property=\"og:locale\" content=\"de_DE\" \/>\n<meta property=\"og:type\" content=\"article\" \/>\n<meta property=\"og:title\" content=\"POLO BULLPADEL BALTO 012 BLANCO - Revolution Padel Store\" \/>\n<meta property=\"og:description\" content=\"Compra el polo Bullpadel Balto en nuestra tienda online. Tejido ultraligero, tecnolog\u00eda Quickerdry y dise\u00f1o deportivo para un m\u00e1ximo confort en la pista. \u00a1Mejor precio garantizado!\" \/>\n<meta property=\"og:url\" content=\"https:\/\/revolutionpadelstore.com\/de\/produkt\/polo-bullpadel-balto-012-blanco-1\/\" \/>\n<meta property=\"og:site_name\" content=\"Revolution Padel Store\" \/>\n<meta property=\"article:modified_time\" content=\"2026-04-08T04:49:54+00:00\" \/>\n<meta property=\"og:image\" content=\"https:\/\/revolutionpadelstore.com\/wp-content\/uploads\/2025\/02\/polo-bullpadel-balto-blanco-4.jpg\" \/>\n\t<meta property=\"og:image:width\" content=\"1000\" \/>\n\t<meta property=\"og:image:height\" content=\"1188\" \/>\n\t<meta property=\"og:image:type\" content=\"image\/jpeg\" \/>\n<meta name=\"twitter:card\" content=\"summary_large_image\" \/>\n<meta name=\"twitter:label1\" content=\"Gesch\u00e4tzte Lesezeit\" \/>\n\t<meta name=\"twitter:data1\" content=\"1\u00a0Minute\" \/>\n<script type=\"application\/ld+json\" class=\"yoast-schema-graph\">{\"@context\":\"https:\\\/\\\/schema.org\",\"@graph\":[{\"@type\":\"WebPage\",\"@id\":\"https:\\\/\\\/revolutionpadelstore.com\\\/de\\\/produkt\\\/polo-bullpadel-balto-012-blanco-1\\\/\",\"url\":\"https:\\\/\\\/revolutionpadelstore.com\\\/de\\\/produkt\\\/polo-bullpadel-balto-012-blanco-1\\\/\",\"name\":\"POLO BULLPADEL BALTO 012 BLANCO - Revolution Padel Store\",\"isPartOf\":{\"@id\":\"https:\\\/\\\/revolutionpadelstore.com\\\/de\\\/#website\"},\"primaryImageOfPage\":{\"@id\":\"https:\\\/\\\/revolutionpadelstore.com\\\/de\\\/produkt\\\/polo-bullpadel-balto-012-blanco-1\\\/#primaryimage\"},\"image\":{\"@id\":\"https:\\\/\\\/revolutionpadelstore.com\\\/de\\\/produkt\\\/polo-bullpadel-balto-012-blanco-1\\\/#primaryimage\"},\"thumbnailUrl\":\"https:\\\/\\\/revolutionpadelstore.com\\\/wp-content\\\/uploads\\\/2025\\\/02\\\/polo-bullpadel-balto-blanco-4.jpg\",\"datePublished\":\"2025-02-18T23:07:11+00:00\",\"dateModified\":\"2026-04-08T04:49:54+00:00\",\"description\":\"Compra el polo Bullpadel Balto en nuestra tienda online. Tejido ultraligero, tecnolog\u00eda Quickerdry y dise\u00f1o deportivo para un m\u00e1ximo confort en la pista. \u00a1Mejor precio garantizado!\",\"breadcrumb\":{\"@id\":\"https:\\\/\\\/revolutionpadelstore.com\\\/de\\\/produkt\\\/polo-bullpadel-balto-012-blanco-1\\\/#breadcrumb\"},\"inLanguage\":\"de\",\"potentialAction\":[{\"@type\":\"ReadAction\",\"target\":[\"https:\\\/\\\/revolutionpadelstore.com\\\/de\\\/produkt\\\/polo-bullpadel-balto-012-blanco-1\\\/\"]}]},{\"@type\":\"ImageObject\",\"inLanguage\":\"de\",\"@id\":\"https:\\\/\\\/revolutionpadelstore.com\\\/de\\\/produkt\\\/polo-bullpadel-balto-012-blanco-1\\\/#primaryimage\",\"url\":\"https:\\\/\\\/revolutionpadelstore.com\\\/wp-content\\\/uploads\\\/2025\\\/02\\\/polo-bullpadel-balto-blanco-4.jpg\",\"contentUrl\":\"https:\\\/\\\/revolutionpadelstore.com\\\/wp-content\\\/uploads\\\/2025\\\/02\\\/polo-bullpadel-balto-blanco-4.jpg\",\"width\":1000,\"height\":1188},{\"@type\":\"BreadcrumbList\",\"@id\":\"https:\\\/\\\/revolutionpadelstore.com\\\/de\\\/produkt\\\/polo-bullpadel-balto-012-blanco-1\\\/#breadcrumb\",\"itemListElement\":[{\"@type\":\"ListItem\",\"position\":1,\"name\":\"Portada\",\"item\":\"https:\\\/\\\/revolutionpadelstore.com\\\/de\\\/\"},{\"@type\":\"ListItem\",\"position\":2,\"name\":\"Shop\",\"item\":\"https:\\\/\\\/revolutionpadelstore.com\\\/de\\\/tienda\\\/\"},{\"@type\":\"ListItem\",\"position\":3,\"name\":\"POLO BULLPADEL BALTO 012 BLANCO\"}]},{\"@type\":\"WebSite\",\"@id\":\"https:\\\/\\\/revolutionpadelstore.com\\\/de\\\/#website\",\"url\":\"https:\\\/\\\/revolutionpadelstore.com\\\/de\\\/\",\"name\":\"Revolution Padel Store\",\"description\":\"\",\"publisher\":{\"@id\":\"https:\\\/\\\/revolutionpadelstore.com\\\/de\\\/#organization\"},\"potentialAction\":[{\"@type\":\"SearchAction\",\"target\":{\"@type\":\"EntryPoint\",\"urlTemplate\":\"https:\\\/\\\/revolutionpadelstore.com\\\/de\\\/?s={search_term_string}\"},\"query-input\":{\"@type\":\"PropertyValueSpecification\",\"valueRequired\":true,\"valueName\":\"search_term_string\"}}],\"inLanguage\":\"de\"},{\"@type\":\"Organization\",\"@id\":\"https:\\\/\\\/revolutionpadelstore.com\\\/de\\\/#organization\",\"name\":\"Revolution Padel Store\",\"url\":\"https:\\\/\\\/revolutionpadelstore.com\\\/de\\\/\",\"logo\":{\"@type\":\"ImageObject\",\"inLanguage\":\"de\",\"@id\":\"https:\\\/\\\/revolutionpadelstore.com\\\/de\\\/#\\\/schema\\\/logo\\\/image\\\/\",\"url\":\"https:\\\/\\\/revolutionpadelstore.com\\\/wp-content\\\/uploads\\\/2026\\\/02\\\/revolution-padel-store.jpg\",\"contentUrl\":\"https:\\\/\\\/revolutionpadelstore.com\\\/wp-content\\\/uploads\\\/2026\\\/02\\\/revolution-padel-store.jpg\",\"width\":2000,\"height\":2000,\"caption\":\"Revolution Padel Store\"},\"image\":{\"@id\":\"https:\\\/\\\/revolutionpadelstore.com\\\/de\\\/#\\\/schema\\\/logo\\\/image\\\/\"},\"sameAs\":[\"https:\\\/\\\/www.instagram.com\\\/revolutionpadelstore\\\/\"]}]}<\/script>\n<!-- \/ Yoast SEO plugin. -->","yoast_head_json":{"title":"POLO BULLPADEL BALTO 012 BLANCO - Revolution Padel Store","description":"Compra el polo Bullpadel Balto en nuestra tienda online. Tejido ultraligero, tecnolog\u00eda Quickerdry y dise\u00f1o deportivo para un m\u00e1ximo confort en la pista. \u00a1Mejor precio garantizado!","robots":{"index":"index","follow":"follow","max-snippet":"max-snippet:-1","max-image-preview":"max-image-preview:large","max-video-preview":"max-video-preview:-1"},"canonical":"https:\/\/revolutionpadelstore.com\/de\/produkt\/polo-bullpadel-balto-012-blanco-1\/","og_locale":"de_DE","og_type":"article","og_title":"POLO BULLPADEL BALTO 012 BLANCO - Revolution Padel Store","og_description":"Compra el polo Bullpadel Balto en nuestra tienda online. Tejido ultraligero, tecnolog\u00eda Quickerdry y dise\u00f1o deportivo para un m\u00e1ximo confort en la pista. \u00a1Mejor precio garantizado!","og_url":"https:\/\/revolutionpadelstore.com\/de\/produkt\/polo-bullpadel-balto-012-blanco-1\/","og_site_name":"Revolution Padel Store","article_modified_time":"2026-04-08T04:49:54+00:00","og_image":[{"width":1000,"height":1188,"url":"https:\/\/revolutionpadelstore.com\/wp-content\/uploads\/2025\/02\/polo-bullpadel-balto-blanco-4.jpg","type":"image\/jpeg"}],"twitter_card":"summary_large_image","twitter_misc":{"Gesch\u00e4tzte Lesezeit":"1\u00a0Minute"},"schema":{"@context":"https:\/\/schema.org","@graph":[{"@type":"WebPage","@id":"https:\/\/revolutionpadelstore.com\/de\/produkt\/polo-bullpadel-balto-012-blanco-1\/","url":"https:\/\/revolutionpadelstore.com\/de\/produkt\/polo-bullpadel-balto-012-blanco-1\/","name":"POLO BULLPADEL BALTO 012 BLANCO - Revolution Padel Store","isPartOf":{"@id":"https:\/\/revolutionpadelstore.com\/de\/#website"},"primaryImageOfPage":{"@id":"https:\/\/revolutionpadelstore.com\/de\/produkt\/polo-bullpadel-balto-012-blanco-1\/#primaryimage"},"image":{"@id":"https:\/\/revolutionpadelstore.com\/de\/produkt\/polo-bullpadel-balto-012-blanco-1\/#primaryimage"},"thumbnailUrl":"https:\/\/revolutionpadelstore.com\/wp-content\/uploads\/2025\/02\/polo-bullpadel-balto-blanco-4.jpg","datePublished":"2025-02-18T23:07:11+00:00","dateModified":"2026-04-08T04:49:54+00:00","description":"Compra el polo Bullpadel Balto en nuestra tienda online. Tejido ultraligero, tecnolog\u00eda Quickerdry y dise\u00f1o deportivo para un m\u00e1ximo confort en la pista. \u00a1Mejor precio garantizado!","breadcrumb":{"@id":"https:\/\/revolutionpadelstore.com\/de\/produkt\/polo-bullpadel-balto-012-blanco-1\/#breadcrumb"},"inLanguage":"de","potentialAction":[{"@type":"ReadAction","target":["https:\/\/revolutionpadelstore.com\/de\/produkt\/polo-bullpadel-balto-012-blanco-1\/"]}]},{"@type":"ImageObject","inLanguage":"de","@id":"https:\/\/revolutionpadelstore.com\/de\/produkt\/polo-bullpadel-balto-012-blanco-1\/#primaryimage","url":"https:\/\/revolutionpadelstore.com\/wp-content\/uploads\/2025\/02\/polo-bullpadel-balto-blanco-4.jpg","contentUrl":"https:\/\/revolutionpadelstore.com\/wp-content\/uploads\/2025\/02\/polo-bullpadel-balto-blanco-4.jpg","width":1000,"height":1188},{"@type":"BreadcrumbList","@id":"https:\/\/revolutionpadelstore.com\/de\/produkt\/polo-bullpadel-balto-012-blanco-1\/#breadcrumb","itemListElement":[{"@type":"ListItem","position":1,"name":"Portada","item":"https:\/\/revolutionpadelstore.com\/de\/"},{"@type":"ListItem","position":2,"name":"Shop","item":"https:\/\/revolutionpadelstore.com\/de\/tienda\/"},{"@type":"ListItem","position":3,"name":"POLO BULLPADEL BALTO 012 BLANCO"}]},{"@type":"WebSite","@id":"https:\/\/revolutionpadelstore.com\/de\/#website","url":"https:\/\/revolutionpadelstore.com\/de\/","name":"Revolution Padel Store","description":"","publisher":{"@id":"https:\/\/revolutionpadelstore.com\/de\/#organization"},"potentialAction":[{"@type":"SearchAction","target":{"@type":"EntryPoint","urlTemplate":"https:\/\/revolutionpadelstore.com\/de\/?s={search_term_string}"},"query-input":{"@type":"PropertyValueSpecification","valueRequired":true,"valueName":"search_term_string"}}],"inLanguage":"de"},{"@type":"Organization","@id":"https:\/\/revolutionpadelstore.com\/de\/#organization","name":"Revolution Padel Store","url":"https:\/\/revolutionpadelstore.com\/de\/","logo":{"@type":"ImageObject","inLanguage":"de","@id":"https:\/\/revolutionpadelstore.com\/de\/#\/schema\/logo\/image\/","url":"https:\/\/revolutionpadelstore.com\/wp-content\/uploads\/2026\/02\/revolution-padel-store.jpg","contentUrl":"https:\/\/revolutionpadelstore.com\/wp-content\/uploads\/2026\/02\/revolution-padel-store.jpg","width":2000,"height":2000,"caption":"Revolution Padel Store"},"image":{"@id":"https:\/\/revolutionpadelstore.com\/de\/#\/schema\/logo\/image\/"},"sameAs":["https:\/\/www.instagram.com\/revolutionpadelstore\/"]}]}},"_links":{"self":[{"href":"https:\/\/revolutionpadelstore.com\/de\/wp-json\/wp\/v2\/product\/177626","targetHints":{"allow":["GET"]}}],"collection":[{"href":"https:\/\/revolutionpadelstore.com\/de\/wp-json\/wp\/v2\/product"}],"about":[{"href":"https:\/\/revolutionpadelstore.com\/de\/wp-json\/wp\/v2\/types\/product"}],"replies":[{"embeddable":true,"href":"https:\/\/revolutionpadelstore.com\/de\/wp-json\/wp\/v2\/comments?post=177626"}],"wp:featuredmedia":[{"embeddable":true,"href":"https:\/\/revolutionpadelstore.com\/de\/wp-json\/wp\/v2\/media\/177749"}],"wp:attachment":[{"href":"https:\/\/revolutionpadelstore.com\/de\/wp-json\/wp\/v2\/media?parent=177626"}],"wp:term":[{"taxonomy":"acabado","embeddable":true,"href":"https:\/\/revolutionpadelstore.com\/de\/wp-json\/wp\/v2\/acabado?post=177626"},{"taxonomy":"balance","embeddable":true,"href":"https:\/\/revolutionpadelstore.com\/de\/wp-json\/wp\/v2\/balance?post=177626"},{"taxonomy":"dureza","embeddable":true,"href":"https:\/\/revolutionpadelstore.com\/de\/wp-json\/wp\/v2\/dureza?post=177626"},{"taxonomy":"forma","embeddable":true,"href":"https:\/\/revolutionpadelstore.com\/de\/wp-json\/wp\/v2\/forma?post=177626"},{"taxonomy":"jugador","embeddable":true,"href":"https:\/\/revolutionpadelstore.com\/de\/wp-json\/wp\/v2\/jugador?post=177626"},{"taxonomy":"marca","embeddable":true,"href":"https:\/\/revolutionpadelstore.com\/de\/wp-json\/wp\/v2\/marca?post=177626"},{"taxonomy":"nivel-de-juego","embeddable":true,"href":"https:\/\/revolutionpadelstore.com\/de\/wp-json\/wp\/v2\/nivel-de-juego?post=177626"},{"taxonomy":"superficie","embeddable":true,"href":"https:\/\/revolutionpadelstore.com\/de\/wp-json\/wp\/v2\/superficie?post=177626"},{"taxonomy":"tipo-de-juego","embeddable":true,"href":"https:\/\/revolutionpadelstore.com\/de\/wp-json\/wp\/v2\/tipo-de-juego?post=177626"},{"taxonomy":"product_brand","embeddable":true,"href":"https:\/\/revolutionpadelstore.com\/de\/wp-json\/wp\/v2\/product_brand?post=177626"},{"taxonomy":"product_cat","embeddable":true,"href":"https:\/\/revolutionpadelstore.com\/de\/wp-json\/wp\/v2\/product_cat?post=177626"},{"taxonomy":"product_tag","embeddable":true,"href":"https:\/\/revolutionpadelstore.com\/de\/wp-json\/wp\/v2\/product_tag?post=177626"}],"curies":[{"name":"wp","href":"https:\/\/api.w.org\/{rel}","templated":true}]}}