{"id":17712,"date":"2024-04-22T15:23:14","date_gmt":"2024-04-22T13:23:14","guid":{"rendered":"https:\/\/revolutionpadelstore.com\/zapatillas-mizuno-wave-exceed-tour-5-azul-oscuro-turquesa\/"},"modified":"2026-04-01T09:46:09","modified_gmt":"2026-04-01T07:46:09","slug":"zapatillas-mizuno-wave-exceed-tour-5-azul-oscuro-turquesa-1","status":"publish","type":"product","link":"https:\/\/revolutionpadelstore.com\/de\/produkt\/zapatillas-mizuno-wave-exceed-tour-5-azul-oscuro-turquesa-1\/","title":{"rendered":"Zapatillas Mizuno Wave Exceed Tour 5 Azul Oscuro Turquesa"},"content":{"rendered":"<p>Finden Sie die Mizuno Wave Exceed Tour 5 Schuhe im Revolution Padel Store und bringen Sie Ihr Spiel auf die n\u00e4chste Stufe. Diese Schuhe wurden f\u00fcr fortgeschrittene Spieler entwickelt, die maximale explosive Reaktion suchen und bieten Ihnen eine perfekte Kombination aus Geschwindigkeit, Leichtigkeit und Flexibilit\u00e4t. Mit einer v\u00f6llig neuen Innenschuhkonstruktion und dem neu geformten 3D-SOLID-Obermaterialdesign sp\u00fcren Sie bei jeder Bewegung mehr Flexibilit\u00e4t und Komfort.<\/p>\n<p> Die MIZUNO WAVE\u00ae-Technologie erh\u00f6ht die Kn\u00f6chelstabilit\u00e4t und verteilt St\u00f6\u00dfe neu, sodass Sie bei jedem Schlag mehr Kontrolle und Pr\u00e4zision haben. Dar\u00fcber hinaus garantiert die DuRubber-Au\u00dfensohle Strapazierf\u00e4higkeit und Langlebigkeit, sodass Sie in jedem Spiel H\u00f6chstleistungen erbringen k\u00f6nnen.<\/p>\n<p> Warten Sie nicht l\u00e4nger und kaufen Sie die Mizuno Wave Exceed Tour 5-Schuhe im Revolution Padel Store, dem auf hochwertige Padel-Artikel spezialisierten Gesch\u00e4ft. In unserer gro\u00dfen Produktauswahl finden Sie alles, was Sie brauchen, um Ihr Spiel zu verbessern und Ihre Ziele auf dem Platz zu erreichen. Holen Sie sich die besten Schuhe und werden Sie ein unaufhaltsamer Spieler!<\/p>\n","protected":false},"excerpt":{"rendered":"<p>Holen Sie sich die neuen Mizuno Wave Exceed Tour 5 Schuhe im Revolution Padel Store. Schneller, leichter und flexibler als je zuvor.<\/p>\n","protected":false},"featured_media":5437,"comment_status":"closed","ping_status":"open","template":"","meta":{"_acf_changed":false,"_joinchat":[]},"acabado":[],"balance":[],"dureza":[],"forma":[],"jugador":[],"marca":[1329],"nivel-de-juego":[],"superficie":[],"tipo-de-juego":[],"product_brand":[],"product_cat":[398],"product_tag":[],"class_list":{"0":"post-17712","1":"product","2":"type-product","3":"status-publish","4":"has-post-thumbnail","6":"marca-mizuno-de","7":"product_cat-herren-sneaker","9":"first","10":"outofstock","11":"sale","12":"taxable","13":"shipping-taxable","14":"purchasable","15":"product-type-simple"},"acf":[],"yoast_head":"<!-- This site is optimized with the Yoast SEO plugin v27.3 - https:\/\/yoast.com\/product\/yoast-seo-wordpress\/ -->\n<title>Zapatillas Mizuno Wave Exceed Tour 5 Azul Oscuro Turquesa - Revolution Padel Store<\/title>\n<meta name=\"description\" content=\"Consigue las nuevas Zapatillas Mizuno Wave Exceed Tour 5 en Revolution Padel Store. M\u00e1s r\u00e1pidas, ligeras y flexibles que nunca.\" \/>\n<meta name=\"robots\" content=\"index, follow, max-snippet:-1, max-image-preview:large, max-video-preview:-1\" \/>\n<link rel=\"canonical\" href=\"https:\/\/revolutionpadelstore.com\/de\/produkt\/zapatillas-mizuno-wave-exceed-tour-5-azul-oscuro-turquesa-1\/\" \/>\n<meta property=\"og:locale\" content=\"de_DE\" \/>\n<meta property=\"og:type\" content=\"article\" \/>\n<meta property=\"og:title\" content=\"Zapatillas Mizuno Wave Exceed Tour 5 Azul Oscuro Turquesa - Revolution Padel Store\" \/>\n<meta property=\"og:description\" content=\"Consigue las nuevas Zapatillas Mizuno Wave Exceed Tour 5 en Revolution Padel Store. M\u00e1s r\u00e1pidas, ligeras y flexibles que nunca.\" \/>\n<meta property=\"og:url\" content=\"https:\/\/revolutionpadelstore.com\/de\/produkt\/zapatillas-mizuno-wave-exceed-tour-5-azul-oscuro-turquesa-1\/\" \/>\n<meta property=\"og:site_name\" content=\"Revolution Padel Store\" \/>\n<meta property=\"article:modified_time\" content=\"2026-04-01T07:46:09+00:00\" \/>\n<meta property=\"og:image\" content=\"https:\/\/revolutionpadelstore.com\/wp-content\/uploads\/2024\/04\/16161-0-4.jpg\" \/>\n\t<meta property=\"og:image:width\" content=\"800\" \/>\n\t<meta property=\"og:image:height\" content=\"800\" \/>\n\t<meta property=\"og:image:type\" content=\"image\/png\" \/>\n<meta name=\"twitter:card\" content=\"summary_large_image\" \/>\n<meta name=\"twitter:label1\" content=\"Gesch\u00e4tzte Lesezeit\" \/>\n\t<meta name=\"twitter:data1\" content=\"1\u00a0Minute\" \/>\n<script type=\"application\/ld+json\" class=\"yoast-schema-graph\">{\"@context\":\"https:\\\/\\\/schema.org\",\"@graph\":[{\"@type\":\"WebPage\",\"@id\":\"https:\\\/\\\/revolutionpadelstore.com\\\/de\\\/produkt\\\/zapatillas-mizuno-wave-exceed-tour-5-azul-oscuro-turquesa-1\\\/\",\"url\":\"https:\\\/\\\/revolutionpadelstore.com\\\/de\\\/produkt\\\/zapatillas-mizuno-wave-exceed-tour-5-azul-oscuro-turquesa-1\\\/\",\"name\":\"Zapatillas Mizuno Wave Exceed Tour 5 Azul Oscuro Turquesa - Revolution Padel Store\",\"isPartOf\":{\"@id\":\"https:\\\/\\\/revolutionpadelstore.com\\\/de\\\/#website\"},\"primaryImageOfPage\":{\"@id\":\"https:\\\/\\\/revolutionpadelstore.com\\\/de\\\/produkt\\\/zapatillas-mizuno-wave-exceed-tour-5-azul-oscuro-turquesa-1\\\/#primaryimage\"},\"image\":{\"@id\":\"https:\\\/\\\/revolutionpadelstore.com\\\/de\\\/produkt\\\/zapatillas-mizuno-wave-exceed-tour-5-azul-oscuro-turquesa-1\\\/#primaryimage\"},\"thumbnailUrl\":\"https:\\\/\\\/revolutionpadelstore.com\\\/wp-content\\\/uploads\\\/2024\\\/04\\\/16161-0-4.jpg\",\"datePublished\":\"2024-04-22T13:23:14+00:00\",\"dateModified\":\"2026-04-01T07:46:09+00:00\",\"description\":\"Consigue las nuevas Zapatillas Mizuno Wave Exceed Tour 5 en Revolution Padel Store. M\u00e1s r\u00e1pidas, ligeras y flexibles que nunca.\",\"breadcrumb\":{\"@id\":\"https:\\\/\\\/revolutionpadelstore.com\\\/de\\\/produkt\\\/zapatillas-mizuno-wave-exceed-tour-5-azul-oscuro-turquesa-1\\\/#breadcrumb\"},\"inLanguage\":\"de\",\"potentialAction\":[{\"@type\":\"ReadAction\",\"target\":[\"https:\\\/\\\/revolutionpadelstore.com\\\/de\\\/produkt\\\/zapatillas-mizuno-wave-exceed-tour-5-azul-oscuro-turquesa-1\\\/\"]}]},{\"@type\":\"ImageObject\",\"inLanguage\":\"de\",\"@id\":\"https:\\\/\\\/revolutionpadelstore.com\\\/de\\\/produkt\\\/zapatillas-mizuno-wave-exceed-tour-5-azul-oscuro-turquesa-1\\\/#primaryimage\",\"url\":\"https:\\\/\\\/revolutionpadelstore.com\\\/wp-content\\\/uploads\\\/2024\\\/04\\\/16161-0-4.jpg\",\"contentUrl\":\"https:\\\/\\\/revolutionpadelstore.com\\\/wp-content\\\/uploads\\\/2024\\\/04\\\/16161-0-4.jpg\",\"width\":800,\"height\":800},{\"@type\":\"BreadcrumbList\",\"@id\":\"https:\\\/\\\/revolutionpadelstore.com\\\/de\\\/produkt\\\/zapatillas-mizuno-wave-exceed-tour-5-azul-oscuro-turquesa-1\\\/#breadcrumb\",\"itemListElement\":[{\"@type\":\"ListItem\",\"position\":1,\"name\":\"Portada\",\"item\":\"https:\\\/\\\/revolutionpadelstore.com\\\/de\\\/\"},{\"@type\":\"ListItem\",\"position\":2,\"name\":\"Shop\",\"item\":\"https:\\\/\\\/revolutionpadelstore.com\\\/de\\\/tienda\\\/\"},{\"@type\":\"ListItem\",\"position\":3,\"name\":\"Zapatillas Mizuno Wave Exceed Tour 5 Azul Oscuro Turquesa\"}]},{\"@type\":\"WebSite\",\"@id\":\"https:\\\/\\\/revolutionpadelstore.com\\\/de\\\/#website\",\"url\":\"https:\\\/\\\/revolutionpadelstore.com\\\/de\\\/\",\"name\":\"Revolution Padel Store\",\"description\":\"\",\"publisher\":{\"@id\":\"https:\\\/\\\/revolutionpadelstore.com\\\/de\\\/#organization\"},\"potentialAction\":[{\"@type\":\"SearchAction\",\"target\":{\"@type\":\"EntryPoint\",\"urlTemplate\":\"https:\\\/\\\/revolutionpadelstore.com\\\/de\\\/?s={search_term_string}\"},\"query-input\":{\"@type\":\"PropertyValueSpecification\",\"valueRequired\":true,\"valueName\":\"search_term_string\"}}],\"inLanguage\":\"de\"},{\"@type\":\"Organization\",\"@id\":\"https:\\\/\\\/revolutionpadelstore.com\\\/de\\\/#organization\",\"name\":\"Revolution Padel Store\",\"url\":\"https:\\\/\\\/revolutionpadelstore.com\\\/de\\\/\",\"logo\":{\"@type\":\"ImageObject\",\"inLanguage\":\"de\",\"@id\":\"https:\\\/\\\/revolutionpadelstore.com\\\/de\\\/#\\\/schema\\\/logo\\\/image\\\/\",\"url\":\"https:\\\/\\\/revolutionpadelstore.com\\\/wp-content\\\/uploads\\\/2026\\\/02\\\/revolution-padel-store.jpg\",\"contentUrl\":\"https:\\\/\\\/revolutionpadelstore.com\\\/wp-content\\\/uploads\\\/2026\\\/02\\\/revolution-padel-store.jpg\",\"width\":2000,\"height\":2000,\"caption\":\"Revolution Padel Store\"},\"image\":{\"@id\":\"https:\\\/\\\/revolutionpadelstore.com\\\/de\\\/#\\\/schema\\\/logo\\\/image\\\/\"},\"sameAs\":[\"https:\\\/\\\/www.instagram.com\\\/revolutionpadelstore\\\/\"]}]}<\/script>\n<!-- \/ Yoast SEO plugin. -->","yoast_head_json":{"title":"Zapatillas Mizuno Wave Exceed Tour 5 Azul Oscuro Turquesa - Revolution Padel Store","description":"Consigue las nuevas Zapatillas Mizuno Wave Exceed Tour 5 en Revolution Padel Store. M\u00e1s r\u00e1pidas, ligeras y flexibles que nunca.","robots":{"index":"index","follow":"follow","max-snippet":"max-snippet:-1","max-image-preview":"max-image-preview:large","max-video-preview":"max-video-preview:-1"},"canonical":"https:\/\/revolutionpadelstore.com\/de\/produkt\/zapatillas-mizuno-wave-exceed-tour-5-azul-oscuro-turquesa-1\/","og_locale":"de_DE","og_type":"article","og_title":"Zapatillas Mizuno Wave Exceed Tour 5 Azul Oscuro Turquesa - Revolution Padel Store","og_description":"Consigue las nuevas Zapatillas Mizuno Wave Exceed Tour 5 en Revolution Padel Store. M\u00e1s r\u00e1pidas, ligeras y flexibles que nunca.","og_url":"https:\/\/revolutionpadelstore.com\/de\/produkt\/zapatillas-mizuno-wave-exceed-tour-5-azul-oscuro-turquesa-1\/","og_site_name":"Revolution Padel Store","article_modified_time":"2026-04-01T07:46:09+00:00","og_image":[{"width":800,"height":800,"url":"https:\/\/revolutionpadelstore.com\/wp-content\/uploads\/2024\/04\/16161-0-4.jpg","type":"image\/png"}],"twitter_card":"summary_large_image","twitter_misc":{"Gesch\u00e4tzte Lesezeit":"1\u00a0Minute"},"schema":{"@context":"https:\/\/schema.org","@graph":[{"@type":"WebPage","@id":"https:\/\/revolutionpadelstore.com\/de\/produkt\/zapatillas-mizuno-wave-exceed-tour-5-azul-oscuro-turquesa-1\/","url":"https:\/\/revolutionpadelstore.com\/de\/produkt\/zapatillas-mizuno-wave-exceed-tour-5-azul-oscuro-turquesa-1\/","name":"Zapatillas Mizuno Wave Exceed Tour 5 Azul Oscuro Turquesa - Revolution Padel Store","isPartOf":{"@id":"https:\/\/revolutionpadelstore.com\/de\/#website"},"primaryImageOfPage":{"@id":"https:\/\/revolutionpadelstore.com\/de\/produkt\/zapatillas-mizuno-wave-exceed-tour-5-azul-oscuro-turquesa-1\/#primaryimage"},"image":{"@id":"https:\/\/revolutionpadelstore.com\/de\/produkt\/zapatillas-mizuno-wave-exceed-tour-5-azul-oscuro-turquesa-1\/#primaryimage"},"thumbnailUrl":"https:\/\/revolutionpadelstore.com\/wp-content\/uploads\/2024\/04\/16161-0-4.jpg","datePublished":"2024-04-22T13:23:14+00:00","dateModified":"2026-04-01T07:46:09+00:00","description":"Consigue las nuevas Zapatillas Mizuno Wave Exceed Tour 5 en Revolution Padel Store. M\u00e1s r\u00e1pidas, ligeras y flexibles que nunca.","breadcrumb":{"@id":"https:\/\/revolutionpadelstore.com\/de\/produkt\/zapatillas-mizuno-wave-exceed-tour-5-azul-oscuro-turquesa-1\/#breadcrumb"},"inLanguage":"de","potentialAction":[{"@type":"ReadAction","target":["https:\/\/revolutionpadelstore.com\/de\/produkt\/zapatillas-mizuno-wave-exceed-tour-5-azul-oscuro-turquesa-1\/"]}]},{"@type":"ImageObject","inLanguage":"de","@id":"https:\/\/revolutionpadelstore.com\/de\/produkt\/zapatillas-mizuno-wave-exceed-tour-5-azul-oscuro-turquesa-1\/#primaryimage","url":"https:\/\/revolutionpadelstore.com\/wp-content\/uploads\/2024\/04\/16161-0-4.jpg","contentUrl":"https:\/\/revolutionpadelstore.com\/wp-content\/uploads\/2024\/04\/16161-0-4.jpg","width":800,"height":800},{"@type":"BreadcrumbList","@id":"https:\/\/revolutionpadelstore.com\/de\/produkt\/zapatillas-mizuno-wave-exceed-tour-5-azul-oscuro-turquesa-1\/#breadcrumb","itemListElement":[{"@type":"ListItem","position":1,"name":"Portada","item":"https:\/\/revolutionpadelstore.com\/de\/"},{"@type":"ListItem","position":2,"name":"Shop","item":"https:\/\/revolutionpadelstore.com\/de\/tienda\/"},{"@type":"ListItem","position":3,"name":"Zapatillas Mizuno Wave Exceed Tour 5 Azul Oscuro Turquesa"}]},{"@type":"WebSite","@id":"https:\/\/revolutionpadelstore.com\/de\/#website","url":"https:\/\/revolutionpadelstore.com\/de\/","name":"Revolution Padel Store","description":"","publisher":{"@id":"https:\/\/revolutionpadelstore.com\/de\/#organization"},"potentialAction":[{"@type":"SearchAction","target":{"@type":"EntryPoint","urlTemplate":"https:\/\/revolutionpadelstore.com\/de\/?s={search_term_string}"},"query-input":{"@type":"PropertyValueSpecification","valueRequired":true,"valueName":"search_term_string"}}],"inLanguage":"de"},{"@type":"Organization","@id":"https:\/\/revolutionpadelstore.com\/de\/#organization","name":"Revolution Padel Store","url":"https:\/\/revolutionpadelstore.com\/de\/","logo":{"@type":"ImageObject","inLanguage":"de","@id":"https:\/\/revolutionpadelstore.com\/de\/#\/schema\/logo\/image\/","url":"https:\/\/revolutionpadelstore.com\/wp-content\/uploads\/2026\/02\/revolution-padel-store.jpg","contentUrl":"https:\/\/revolutionpadelstore.com\/wp-content\/uploads\/2026\/02\/revolution-padel-store.jpg","width":2000,"height":2000,"caption":"Revolution Padel Store"},"image":{"@id":"https:\/\/revolutionpadelstore.com\/de\/#\/schema\/logo\/image\/"},"sameAs":["https:\/\/www.instagram.com\/revolutionpadelstore\/"]}]}},"_links":{"self":[{"href":"https:\/\/revolutionpadelstore.com\/de\/wp-json\/wp\/v2\/product\/17712","targetHints":{"allow":["GET"]}}],"collection":[{"href":"https:\/\/revolutionpadelstore.com\/de\/wp-json\/wp\/v2\/product"}],"about":[{"href":"https:\/\/revolutionpadelstore.com\/de\/wp-json\/wp\/v2\/types\/product"}],"replies":[{"embeddable":true,"href":"https:\/\/revolutionpadelstore.com\/de\/wp-json\/wp\/v2\/comments?post=17712"}],"wp:featuredmedia":[{"embeddable":true,"href":"https:\/\/revolutionpadelstore.com\/de\/wp-json\/wp\/v2\/media\/5437"}],"wp:attachment":[{"href":"https:\/\/revolutionpadelstore.com\/de\/wp-json\/wp\/v2\/media?parent=17712"}],"wp:term":[{"taxonomy":"acabado","embeddable":true,"href":"https:\/\/revolutionpadelstore.com\/de\/wp-json\/wp\/v2\/acabado?post=17712"},{"taxonomy":"balance","embeddable":true,"href":"https:\/\/revolutionpadelstore.com\/de\/wp-json\/wp\/v2\/balance?post=17712"},{"taxonomy":"dureza","embeddable":true,"href":"https:\/\/revolutionpadelstore.com\/de\/wp-json\/wp\/v2\/dureza?post=17712"},{"taxonomy":"forma","embeddable":true,"href":"https:\/\/revolutionpadelstore.com\/de\/wp-json\/wp\/v2\/forma?post=17712"},{"taxonomy":"jugador","embeddable":true,"href":"https:\/\/revolutionpadelstore.com\/de\/wp-json\/wp\/v2\/jugador?post=17712"},{"taxonomy":"marca","embeddable":true,"href":"https:\/\/revolutionpadelstore.com\/de\/wp-json\/wp\/v2\/marca?post=17712"},{"taxonomy":"nivel-de-juego","embeddable":true,"href":"https:\/\/revolutionpadelstore.com\/de\/wp-json\/wp\/v2\/nivel-de-juego?post=17712"},{"taxonomy":"superficie","embeddable":true,"href":"https:\/\/revolutionpadelstore.com\/de\/wp-json\/wp\/v2\/superficie?post=17712"},{"taxonomy":"tipo-de-juego","embeddable":true,"href":"https:\/\/revolutionpadelstore.com\/de\/wp-json\/wp\/v2\/tipo-de-juego?post=17712"},{"taxonomy":"product_brand","embeddable":true,"href":"https:\/\/revolutionpadelstore.com\/de\/wp-json\/wp\/v2\/product_brand?post=17712"},{"taxonomy":"product_cat","embeddable":true,"href":"https:\/\/revolutionpadelstore.com\/de\/wp-json\/wp\/v2\/product_cat?post=17712"},{"taxonomy":"product_tag","embeddable":true,"href":"https:\/\/revolutionpadelstore.com\/de\/wp-json\/wp\/v2\/product_tag?post=17712"}],"curies":[{"name":"wp","href":"https:\/\/api.w.org\/{rel}","templated":true}]}}