{"id":173795,"date":"2025-02-19T02:03:18","date_gmt":"2025-02-19T01:03:18","guid":{"rendered":"https:\/\/revolutionpadelstore.com\/camiseta-bullpadel-paquito-25v-420-lima\/"},"modified":"2026-04-08T06:21:27","modified_gmt":"2026-04-08T04:21:27","slug":"camiseta-bullpadel-paquito-25v-420-lima-1","status":"publish","type":"product","link":"https:\/\/revolutionpadelstore.com\/de\/produkt\/camiseta-bullpadel-paquito-25v-420-lima-1\/","title":{"rendered":"CAMISETA BULLPADEL PAQUITO 25V 420 LIMA"},"content":{"rendered":"<h2> Bullpadel Paquito 25V Mann &#8211; Auff\u00fchrung und Stil auf der Strecke<br \/>\nDas Bullpadel Paquito 25 V Paddle -Shirt ist die ideale Wahl f\u00fcr Spieler, die Komfort, Atmungsaktivit\u00e4t und ein modernes Design suchen. Dieses Kleidungsst\u00fcck entworfen mit drynamischer Technologie und bietet schnelle Trocknung und maximale Atmungsaktivit\u00e4t, die Sie auch in den intensivsten Spielen frisch halten.<\/p>\n<p>Die 82% ige Polyesterpr\u00e4paration und 18% Elastan liefern eine au\u00dfergew\u00f6hnliche Elastizit\u00e4t und erm\u00f6glichen eine vollst\u00e4ndige Bewegungsfreiheit. Mit einem kurzen \u00c4rmel -Design und einer lebendigen Limettenfarbe kombiniert dieses Shirt Funktionen und Stil, um sich auf der Spur abzuheben.<\/p>\n<h2> <strong> Eigenschaften des Bullpadel Paquito 25V <\/ strong> <\/ h2><br \/>\n-Drynamisch -technisch f\u00fcr bessere Atmungsaktivit\u00e4t und schnelles Trocknen.<br \/>\n-Komposition: 82% Polyester, 18% Elastane.<br \/>\n-Corte Sport mit komfortabler und leichter Einstellung.<br \/>\n-Manga kurz f\u00fcr eine gr\u00f6\u00dfere Bewegungsfreiheit.<br \/>\n-Moderne Lima -Diskette, ideal f\u00fcr Training und Wettbewerbe.<\/p>\n<h2> <strong> Maximale Leistung und Komfort <\/ strong> <\/ h2><br \/>\nDieses Shirt wurde so konzipiert, dass Spieler in jedem Spiel nach Leistung und Komfort suchen. Ihr technischer Stoff h\u00e4lt trockene Haut, w\u00e4hrend Ihre ergonomische Einstellung es Ihnen erm\u00f6glicht, sich mit totaler Nat\u00fcrlichkeit zu bewegen.<\/p>\n<p><strong> Holen Sie sich das Bullpadel Paquito 25 V Shirt zum besten Preis in unserem Online -Shop <a href=\"https:\/\/chatgpt.com\/g\/g-675432e026888191b6ee6d6f2fdbb15e-optimization-textos\/c\/www.revolutionpadelstore.com\"> ww.revolutionpadelstore.com Ebene<\/p>\n<h2>Camiseta Bullpadel Paquito 25V Hombre \u2013 Rendimiento y Estilo en la Pista<\/h2>\n","protected":false},"excerpt":{"rendered":"<p>Das Bullpadel Paquito 25 V Paddle -Hemd f\u00fcr M\u00e4nner ist ein ideales Kleidungsst\u00fcck f\u00fcr Spieler, die nach Komfort und Leistung auf dem Platz suchen. Dieses Shirt aus drynamischem technischem Stoff bietet gro\u00dfe Atmungsaktivit\u00e4t und schnelles Trocknen und h\u00e4lt den Spieler w\u00e4hrend des Spiels frisch.<\/p>\n","protected":false},"featured_media":173822,"comment_status":"open","ping_status":"closed","template":"","meta":{"_acf_changed":false,"_joinchat":[]},"acabado":[],"balance":[],"dureza":[],"forma":[],"jugador":[1189],"marca":[1254],"nivel-de-juego":[],"superficie":[],"tipo-de-juego":[],"product_brand":[],"product_cat":[324,323],"product_tag":[],"class_list":{"0":"post-173795","1":"product","2":"type-product","3":"status-publish","4":"has-post-thumbnail","6":"jugador-mann","7":"marca-bullpadel-de","8":"product_cat-premier-spielerbekleidung","9":"product_cat-ropa-de","11":"first","12":"outofstock","13":"sale","14":"taxable","15":"shipping-taxable","16":"purchasable","17":"product-type-variable","18":"has-default-attributes"},"acf":[],"yoast_head":"<!-- This site is optimized with the Yoast SEO plugin v27.4 - https:\/\/yoast.com\/product\/yoast-seo-wordpress\/ -->\n<title>CAMISETA BULLPADEL PAQUITO 25V 420 LIMA - Revolution Padel Store<\/title>\n<meta name=\"description\" content=\"La camiseta de p\u00e1del Bullpadel Paquito 25V es la elecci\u00f3n ideal para jugadores que buscan comodidad, transpirabilidad y un dise\u00f1o moderno. Dise\u00f1ada con tecnolog\u00eda Drynamic, esta prenda ofrece secado r\u00e1pido y m\u00e1xima transpirabilidad, manteni\u00e9ndote fresco incluso en los partidos m\u00e1s intensos.\" \/>\n<meta name=\"robots\" content=\"index, follow, max-snippet:-1, max-image-preview:large, max-video-preview:-1\" \/>\n<link rel=\"canonical\" href=\"https:\/\/revolutionpadelstore.com\/de\/produkt\/camiseta-bullpadel-paquito-25v-420-lima-1\/\" \/>\n<meta property=\"og:locale\" content=\"de_DE\" \/>\n<meta property=\"og:type\" content=\"article\" \/>\n<meta property=\"og:title\" content=\"CAMISETA BULLPADEL PAQUITO 25V 420 LIMA - Revolution Padel Store\" \/>\n<meta property=\"og:description\" content=\"La camiseta de p\u00e1del Bullpadel Paquito 25V es la elecci\u00f3n ideal para jugadores que buscan comodidad, transpirabilidad y un dise\u00f1o moderno. Dise\u00f1ada con tecnolog\u00eda Drynamic, esta prenda ofrece secado r\u00e1pido y m\u00e1xima transpirabilidad, manteni\u00e9ndote fresco incluso en los partidos m\u00e1s intensos.\" \/>\n<meta property=\"og:url\" content=\"https:\/\/revolutionpadelstore.com\/de\/produkt\/camiseta-bullpadel-paquito-25v-420-lima-1\/\" \/>\n<meta property=\"og:site_name\" content=\"Revolution Padel Store\" \/>\n<meta property=\"article:modified_time\" content=\"2026-04-08T04:21:27+00:00\" \/>\n<meta property=\"og:image\" content=\"https:\/\/revolutionpadelstore.com\/wp-content\/uploads\/2025\/02\/FOTO-PALAS-3-1.png\" \/>\n\t<meta property=\"og:image:width\" content=\"1500\" \/>\n\t<meta property=\"og:image:height\" content=\"1500\" \/>\n\t<meta property=\"og:image:type\" content=\"image\/png\" \/>\n<meta name=\"twitter:card\" content=\"summary_large_image\" \/>\n<meta name=\"twitter:label1\" content=\"Gesch\u00e4tzte Lesezeit\" \/>\n\t<meta name=\"twitter:data1\" content=\"1\u00a0Minute\" \/>\n<script type=\"application\/ld+json\" class=\"yoast-schema-graph\">{\"@context\":\"https:\\\/\\\/schema.org\",\"@graph\":[{\"@type\":\"WebPage\",\"@id\":\"https:\\\/\\\/revolutionpadelstore.com\\\/de\\\/produkt\\\/camiseta-bullpadel-paquito-25v-420-lima-1\\\/\",\"url\":\"https:\\\/\\\/revolutionpadelstore.com\\\/de\\\/produkt\\\/camiseta-bullpadel-paquito-25v-420-lima-1\\\/\",\"name\":\"CAMISETA BULLPADEL PAQUITO 25V 420 LIMA - Revolution Padel Store\",\"isPartOf\":{\"@id\":\"https:\\\/\\\/revolutionpadelstore.com\\\/de\\\/#website\"},\"primaryImageOfPage\":{\"@id\":\"https:\\\/\\\/revolutionpadelstore.com\\\/de\\\/produkt\\\/camiseta-bullpadel-paquito-25v-420-lima-1\\\/#primaryimage\"},\"image\":{\"@id\":\"https:\\\/\\\/revolutionpadelstore.com\\\/de\\\/produkt\\\/camiseta-bullpadel-paquito-25v-420-lima-1\\\/#primaryimage\"},\"thumbnailUrl\":\"https:\\\/\\\/revolutionpadelstore.com\\\/wp-content\\\/uploads\\\/2025\\\/02\\\/FOTO-PALAS-3-1.png\",\"datePublished\":\"2025-02-19T01:03:18+00:00\",\"dateModified\":\"2026-04-08T04:21:27+00:00\",\"description\":\"La camiseta de p\u00e1del Bullpadel Paquito 25V es la elecci\u00f3n ideal para jugadores que buscan comodidad, transpirabilidad y un dise\u00f1o moderno. Dise\u00f1ada con tecnolog\u00eda Drynamic, esta prenda ofrece secado r\u00e1pido y m\u00e1xima transpirabilidad, manteni\u00e9ndote fresco incluso en los partidos m\u00e1s intensos.\",\"breadcrumb\":{\"@id\":\"https:\\\/\\\/revolutionpadelstore.com\\\/de\\\/produkt\\\/camiseta-bullpadel-paquito-25v-420-lima-1\\\/#breadcrumb\"},\"inLanguage\":\"de\",\"potentialAction\":[{\"@type\":\"ReadAction\",\"target\":[\"https:\\\/\\\/revolutionpadelstore.com\\\/de\\\/produkt\\\/camiseta-bullpadel-paquito-25v-420-lima-1\\\/\"]}]},{\"@type\":\"ImageObject\",\"inLanguage\":\"de\",\"@id\":\"https:\\\/\\\/revolutionpadelstore.com\\\/de\\\/produkt\\\/camiseta-bullpadel-paquito-25v-420-lima-1\\\/#primaryimage\",\"url\":\"https:\\\/\\\/revolutionpadelstore.com\\\/wp-content\\\/uploads\\\/2025\\\/02\\\/FOTO-PALAS-3-1.png\",\"contentUrl\":\"https:\\\/\\\/revolutionpadelstore.com\\\/wp-content\\\/uploads\\\/2025\\\/02\\\/FOTO-PALAS-3-1.png\",\"width\":1500,\"height\":1500},{\"@type\":\"BreadcrumbList\",\"@id\":\"https:\\\/\\\/revolutionpadelstore.com\\\/de\\\/produkt\\\/camiseta-bullpadel-paquito-25v-420-lima-1\\\/#breadcrumb\",\"itemListElement\":[{\"@type\":\"ListItem\",\"position\":1,\"name\":\"Portada\",\"item\":\"https:\\\/\\\/revolutionpadelstore.com\\\/de\\\/\"},{\"@type\":\"ListItem\",\"position\":2,\"name\":\"Shop\",\"item\":\"https:\\\/\\\/revolutionpadelstore.com\\\/de\\\/tienda\\\/\"},{\"@type\":\"ListItem\",\"position\":3,\"name\":\"CAMISETA BULLPADEL PAQUITO 25V 420 LIMA\"}]},{\"@type\":\"WebSite\",\"@id\":\"https:\\\/\\\/revolutionpadelstore.com\\\/de\\\/#website\",\"url\":\"https:\\\/\\\/revolutionpadelstore.com\\\/de\\\/\",\"name\":\"Revolution Padel Store\",\"description\":\"\",\"publisher\":{\"@id\":\"https:\\\/\\\/revolutionpadelstore.com\\\/de\\\/#organization\"},\"potentialAction\":[{\"@type\":\"SearchAction\",\"target\":{\"@type\":\"EntryPoint\",\"urlTemplate\":\"https:\\\/\\\/revolutionpadelstore.com\\\/de\\\/?s={search_term_string}\"},\"query-input\":{\"@type\":\"PropertyValueSpecification\",\"valueRequired\":true,\"valueName\":\"search_term_string\"}}],\"inLanguage\":\"de\"},{\"@type\":\"Organization\",\"@id\":\"https:\\\/\\\/revolutionpadelstore.com\\\/de\\\/#organization\",\"name\":\"Revolution Padel Store\",\"url\":\"https:\\\/\\\/revolutionpadelstore.com\\\/de\\\/\",\"logo\":{\"@type\":\"ImageObject\",\"inLanguage\":\"de\",\"@id\":\"https:\\\/\\\/revolutionpadelstore.com\\\/de\\\/#\\\/schema\\\/logo\\\/image\\\/\",\"url\":\"https:\\\/\\\/revolutionpadelstore.com\\\/wp-content\\\/uploads\\\/2026\\\/02\\\/revolution-padel-store.jpg\",\"contentUrl\":\"https:\\\/\\\/revolutionpadelstore.com\\\/wp-content\\\/uploads\\\/2026\\\/02\\\/revolution-padel-store.jpg\",\"width\":2000,\"height\":2000,\"caption\":\"Revolution Padel Store\"},\"image\":{\"@id\":\"https:\\\/\\\/revolutionpadelstore.com\\\/de\\\/#\\\/schema\\\/logo\\\/image\\\/\"},\"sameAs\":[\"https:\\\/\\\/www.instagram.com\\\/revolutionpadelstore\\\/\"]}]}<\/script>\n<!-- \/ Yoast SEO plugin. -->","yoast_head_json":{"title":"CAMISETA BULLPADEL PAQUITO 25V 420 LIMA - Revolution Padel Store","description":"La camiseta de p\u00e1del Bullpadel Paquito 25V es la elecci\u00f3n ideal para jugadores que buscan comodidad, transpirabilidad y un dise\u00f1o moderno. Dise\u00f1ada con tecnolog\u00eda Drynamic, esta prenda ofrece secado r\u00e1pido y m\u00e1xima transpirabilidad, manteni\u00e9ndote fresco incluso en los partidos m\u00e1s intensos.","robots":{"index":"index","follow":"follow","max-snippet":"max-snippet:-1","max-image-preview":"max-image-preview:large","max-video-preview":"max-video-preview:-1"},"canonical":"https:\/\/revolutionpadelstore.com\/de\/produkt\/camiseta-bullpadel-paquito-25v-420-lima-1\/","og_locale":"de_DE","og_type":"article","og_title":"CAMISETA BULLPADEL PAQUITO 25V 420 LIMA - Revolution Padel Store","og_description":"La camiseta de p\u00e1del Bullpadel Paquito 25V es la elecci\u00f3n ideal para jugadores que buscan comodidad, transpirabilidad y un dise\u00f1o moderno. Dise\u00f1ada con tecnolog\u00eda Drynamic, esta prenda ofrece secado r\u00e1pido y m\u00e1xima transpirabilidad, manteni\u00e9ndote fresco incluso en los partidos m\u00e1s intensos.","og_url":"https:\/\/revolutionpadelstore.com\/de\/produkt\/camiseta-bullpadel-paquito-25v-420-lima-1\/","og_site_name":"Revolution Padel Store","article_modified_time":"2026-04-08T04:21:27+00:00","og_image":[{"width":1500,"height":1500,"url":"https:\/\/revolutionpadelstore.com\/wp-content\/uploads\/2025\/02\/FOTO-PALAS-3-1.png","type":"image\/png"}],"twitter_card":"summary_large_image","twitter_misc":{"Gesch\u00e4tzte Lesezeit":"1\u00a0Minute"},"schema":{"@context":"https:\/\/schema.org","@graph":[{"@type":"WebPage","@id":"https:\/\/revolutionpadelstore.com\/de\/produkt\/camiseta-bullpadel-paquito-25v-420-lima-1\/","url":"https:\/\/revolutionpadelstore.com\/de\/produkt\/camiseta-bullpadel-paquito-25v-420-lima-1\/","name":"CAMISETA BULLPADEL PAQUITO 25V 420 LIMA - Revolution Padel Store","isPartOf":{"@id":"https:\/\/revolutionpadelstore.com\/de\/#website"},"primaryImageOfPage":{"@id":"https:\/\/revolutionpadelstore.com\/de\/produkt\/camiseta-bullpadel-paquito-25v-420-lima-1\/#primaryimage"},"image":{"@id":"https:\/\/revolutionpadelstore.com\/de\/produkt\/camiseta-bullpadel-paquito-25v-420-lima-1\/#primaryimage"},"thumbnailUrl":"https:\/\/revolutionpadelstore.com\/wp-content\/uploads\/2025\/02\/FOTO-PALAS-3-1.png","datePublished":"2025-02-19T01:03:18+00:00","dateModified":"2026-04-08T04:21:27+00:00","description":"La camiseta de p\u00e1del Bullpadel Paquito 25V es la elecci\u00f3n ideal para jugadores que buscan comodidad, transpirabilidad y un dise\u00f1o moderno. Dise\u00f1ada con tecnolog\u00eda Drynamic, esta prenda ofrece secado r\u00e1pido y m\u00e1xima transpirabilidad, manteni\u00e9ndote fresco incluso en los partidos m\u00e1s intensos.","breadcrumb":{"@id":"https:\/\/revolutionpadelstore.com\/de\/produkt\/camiseta-bullpadel-paquito-25v-420-lima-1\/#breadcrumb"},"inLanguage":"de","potentialAction":[{"@type":"ReadAction","target":["https:\/\/revolutionpadelstore.com\/de\/produkt\/camiseta-bullpadel-paquito-25v-420-lima-1\/"]}]},{"@type":"ImageObject","inLanguage":"de","@id":"https:\/\/revolutionpadelstore.com\/de\/produkt\/camiseta-bullpadel-paquito-25v-420-lima-1\/#primaryimage","url":"https:\/\/revolutionpadelstore.com\/wp-content\/uploads\/2025\/02\/FOTO-PALAS-3-1.png","contentUrl":"https:\/\/revolutionpadelstore.com\/wp-content\/uploads\/2025\/02\/FOTO-PALAS-3-1.png","width":1500,"height":1500},{"@type":"BreadcrumbList","@id":"https:\/\/revolutionpadelstore.com\/de\/produkt\/camiseta-bullpadel-paquito-25v-420-lima-1\/#breadcrumb","itemListElement":[{"@type":"ListItem","position":1,"name":"Portada","item":"https:\/\/revolutionpadelstore.com\/de\/"},{"@type":"ListItem","position":2,"name":"Shop","item":"https:\/\/revolutionpadelstore.com\/de\/tienda\/"},{"@type":"ListItem","position":3,"name":"CAMISETA BULLPADEL PAQUITO 25V 420 LIMA"}]},{"@type":"WebSite","@id":"https:\/\/revolutionpadelstore.com\/de\/#website","url":"https:\/\/revolutionpadelstore.com\/de\/","name":"Revolution Padel Store","description":"","publisher":{"@id":"https:\/\/revolutionpadelstore.com\/de\/#organization"},"potentialAction":[{"@type":"SearchAction","target":{"@type":"EntryPoint","urlTemplate":"https:\/\/revolutionpadelstore.com\/de\/?s={search_term_string}"},"query-input":{"@type":"PropertyValueSpecification","valueRequired":true,"valueName":"search_term_string"}}],"inLanguage":"de"},{"@type":"Organization","@id":"https:\/\/revolutionpadelstore.com\/de\/#organization","name":"Revolution Padel Store","url":"https:\/\/revolutionpadelstore.com\/de\/","logo":{"@type":"ImageObject","inLanguage":"de","@id":"https:\/\/revolutionpadelstore.com\/de\/#\/schema\/logo\/image\/","url":"https:\/\/revolutionpadelstore.com\/wp-content\/uploads\/2026\/02\/revolution-padel-store.jpg","contentUrl":"https:\/\/revolutionpadelstore.com\/wp-content\/uploads\/2026\/02\/revolution-padel-store.jpg","width":2000,"height":2000,"caption":"Revolution Padel Store"},"image":{"@id":"https:\/\/revolutionpadelstore.com\/de\/#\/schema\/logo\/image\/"},"sameAs":["https:\/\/www.instagram.com\/revolutionpadelstore\/"]}]}},"_links":{"self":[{"href":"https:\/\/revolutionpadelstore.com\/de\/wp-json\/wp\/v2\/product\/173795","targetHints":{"allow":["GET"]}}],"collection":[{"href":"https:\/\/revolutionpadelstore.com\/de\/wp-json\/wp\/v2\/product"}],"about":[{"href":"https:\/\/revolutionpadelstore.com\/de\/wp-json\/wp\/v2\/types\/product"}],"replies":[{"embeddable":true,"href":"https:\/\/revolutionpadelstore.com\/de\/wp-json\/wp\/v2\/comments?post=173795"}],"wp:featuredmedia":[{"embeddable":true,"href":"https:\/\/revolutionpadelstore.com\/de\/wp-json\/wp\/v2\/media\/173822"}],"wp:attachment":[{"href":"https:\/\/revolutionpadelstore.com\/de\/wp-json\/wp\/v2\/media?parent=173795"}],"wp:term":[{"taxonomy":"acabado","embeddable":true,"href":"https:\/\/revolutionpadelstore.com\/de\/wp-json\/wp\/v2\/acabado?post=173795"},{"taxonomy":"balance","embeddable":true,"href":"https:\/\/revolutionpadelstore.com\/de\/wp-json\/wp\/v2\/balance?post=173795"},{"taxonomy":"dureza","embeddable":true,"href":"https:\/\/revolutionpadelstore.com\/de\/wp-json\/wp\/v2\/dureza?post=173795"},{"taxonomy":"forma","embeddable":true,"href":"https:\/\/revolutionpadelstore.com\/de\/wp-json\/wp\/v2\/forma?post=173795"},{"taxonomy":"jugador","embeddable":true,"href":"https:\/\/revolutionpadelstore.com\/de\/wp-json\/wp\/v2\/jugador?post=173795"},{"taxonomy":"marca","embeddable":true,"href":"https:\/\/revolutionpadelstore.com\/de\/wp-json\/wp\/v2\/marca?post=173795"},{"taxonomy":"nivel-de-juego","embeddable":true,"href":"https:\/\/revolutionpadelstore.com\/de\/wp-json\/wp\/v2\/nivel-de-juego?post=173795"},{"taxonomy":"superficie","embeddable":true,"href":"https:\/\/revolutionpadelstore.com\/de\/wp-json\/wp\/v2\/superficie?post=173795"},{"taxonomy":"tipo-de-juego","embeddable":true,"href":"https:\/\/revolutionpadelstore.com\/de\/wp-json\/wp\/v2\/tipo-de-juego?post=173795"},{"taxonomy":"product_brand","embeddable":true,"href":"https:\/\/revolutionpadelstore.com\/de\/wp-json\/wp\/v2\/product_brand?post=173795"},{"taxonomy":"product_cat","embeddable":true,"href":"https:\/\/revolutionpadelstore.com\/de\/wp-json\/wp\/v2\/product_cat?post=173795"},{"taxonomy":"product_tag","embeddable":true,"href":"https:\/\/revolutionpadelstore.com\/de\/wp-json\/wp\/v2\/product_tag?post=173795"}],"curies":[{"name":"wp","href":"https:\/\/api.w.org\/{rel}","templated":true}]}}