{"id":173528,"date":"2025-02-19T12:20:55","date_gmt":"2025-02-19T11:20:55","guid":{"rendered":"https:\/\/revolutionpadelstore.com\/bullpadel-pearl-pl-final-25v-hormigon-mujer\/"},"modified":"2026-04-08T06:16:19","modified_gmt":"2026-04-08T04:16:19","slug":"bullpadel-pearl-pl-final-25v-hormigon-mujer-1","status":"publish","type":"product","link":"https:\/\/revolutionpadelstore.com\/de\/produkt\/bullpadel-pearl-pl-final-25v-hormigon-mujer-1\/","title":{"rendered":"BULLPADEL PEARL PL FINAL 25V HORMIGON MUJER"},"content":{"rendered":"<h2> <strong> Bullpadel Pearl PL End W &#8211; Leichtigkeit, Widerstand und maximale Leistung <\/ strong> <\/ h2><br \/>\nDominieren Sie die Strecke mit dem <strong> bullpadel Pearl PP Final W <\/strong>, dem offiziellen <strong> Bea Gonz\u00e1lez <\/strong> f\u00fcr den <strong> Premier Padel Final <\/strong>. Dieses Modell der Pro -Linie kombiniert Leichtigkeit, Atmungsaktivit\u00e4t und Widerstand und sorgt f\u00fcr die beste Leistung in den anspruchsvollsten Spielen. Dank der Zusammenarbeit mit Vibram enth\u00e4lt es eine innovative Sohle, die schnelle und fl\u00fcssige Bewegungen erm\u00f6glicht und au\u00dfergew\u00f6hnliche Traktion und Stabilit\u00e4t bietet.<\/p>\n<h2> <strong> Komfort und Schutz bei jedem Schritt <\/ strong> <\/ h2><br \/>\nDieser Schuh aus Jacquard und Grid -Materialien, vereint durch nahtloses, garantiert optimaler Schwei\u00df und h\u00e4lt die F\u00fc\u00dfe immer frisch und komfortabel. Sein Zeh mit injiziertem Schutz verringert den Reibungsverschlei\u00df und verl\u00e4ngert das Leben der Schuhe. Dar\u00fcber hinaus verst\u00e4rkt die Fersenunterst\u00fctzung und das Anti -Torsionssystem in der zentralen Sohle die Stabilit\u00e4t in jeder Verschiebung und bieten eine gr\u00f6\u00dfere Sicherheit auf der Strecke.<\/p>\n<h2> <strong> Technische Eigenschaften der Bullpadel Pearl PP Finale w <\/ strong> <\/ h2><\/p>\n<p>-Vibram-Sohle: Maximale Traktion und Widerstand f\u00fcr schnelle Bewegungen.<br \/>\n-Ry -Bindungsmaterialien: Jacquard und Rack mit Thermosellaten ohne N\u00e4hte.<br \/>\n-Schutz im Zehen: Verst\u00e4rkte Injektion f\u00fcr eine gr\u00f6\u00dfere Haltbarkeit.<br \/>\n-Sportation im Fersen- und Anti -Torsionssystem: obere Stabilit\u00e4t in jeder Bewegung<\/p>\n<h2> <strong> Holen Sie sich den Bullpadel Pearl PP Final W zum besten Preis <\/ strong> <\/ h2><br \/>\nNehmen Sie Ihr Spiel mit dem Bullpadel Pearl PP Final W, einem Hybridschuh, der Geschwindigkeit, Komfort und Widerstand kombiniert, auf das n\u00e4chste Level. Es wurde f\u00fcr die anspruchsvollsten Spieler entwickelt und bietet die perfekte Balance zwischen Leistung und Track -Schutz. Jetzt in unserem Online-Shop verf\u00fcgbar Bester Marktpreis!<\/p>\n<h2><strong>Bullpadel Pearl PL Final W \u2013 Ligereza, Resistencia y M\u00e1ximo Rendimiento<\/strong><\/p>\n","protected":false},"excerpt":{"rendered":"<p>Die Hybrid -Paddel -Turnschuhe f\u00fcr Frauen Bullpadel Pearl PL Final Beton bieten Ihnen eine hervorragende Kombination aus Traktion, Komfort und Stabilit\u00e4t in jeder Bewegung.<\/p>\n","protected":false},"featured_media":173487,"comment_status":"open","ping_status":"closed","template":"","meta":{"_acf_changed":false,"_joinchat":[]},"acabado":[],"balance":[],"dureza":[],"forma":[],"jugador":[1194],"marca":[1254],"nivel-de-juego":[],"superficie":[],"tipo-de-juego":[],"product_brand":[],"product_cat":[831],"product_tag":[],"class_list":{"0":"post-173528","1":"product","2":"type-product","3":"status-publish","4":"has-post-thumbnail","6":"jugador-frau","7":"marca-bullpadel-de","8":"product_cat-turnschuhe","10":"first","11":"outofstock","12":"sale","13":"taxable","14":"shipping-taxable","15":"purchasable","16":"product-type-variable"},"acf":[],"yoast_head":"<!-- This site is optimized with the Yoast SEO plugin v27.4 - https:\/\/yoast.com\/product\/yoast-seo-wordpress\/ -->\n<title>BULLPADEL PEARL PL FINAL 25V HORMIGON MUJER - Revolution Padel Store<\/title>\n<meta name=\"description\" content=\"Descubre la Bullpadel Pearl PP Final W, la zapatilla oficial de Bea Gonz\u00e1lez para el Premier Padel Final. Ligera, transpirable y resistente, con suela VIBRAM para m\u00e1ximo rendimiento. \u00a1C\u00f3mprala ahora en nuestra tienda online!\" \/>\n<meta name=\"robots\" content=\"index, follow, max-snippet:-1, max-image-preview:large, max-video-preview:-1\" \/>\n<link rel=\"canonical\" href=\"https:\/\/revolutionpadelstore.com\/de\/produkt\/bullpadel-pearl-pl-final-25v-hormigon-mujer-1\/\" \/>\n<meta property=\"og:locale\" content=\"de_DE\" \/>\n<meta property=\"og:type\" content=\"article\" \/>\n<meta property=\"og:title\" content=\"BULLPADEL PEARL PL FINAL 25V HORMIGON MUJER - Revolution Padel Store\" \/>\n<meta property=\"og:description\" content=\"Descubre la Bullpadel Pearl PP Final W, la zapatilla oficial de Bea Gonz\u00e1lez para el Premier Padel Final. Ligera, transpirable y resistente, con suela VIBRAM para m\u00e1ximo rendimiento. \u00a1C\u00f3mprala ahora en nuestra tienda online!\" \/>\n<meta property=\"og:url\" content=\"https:\/\/revolutionpadelstore.com\/de\/produkt\/bullpadel-pearl-pl-final-25v-hormigon-mujer-1\/\" \/>\n<meta property=\"og:site_name\" content=\"Revolution Padel Store\" \/>\n<meta property=\"article:modified_time\" content=\"2026-04-08T04:16:19+00:00\" \/>\n<meta property=\"og:image\" content=\"https:\/\/revolutionpadelstore.com\/wp-content\/uploads\/2025\/02\/114342-pearl-pl-tour-final-25v-mujer-cn98501000-hormigon-1000x1000-vista1.webp\" \/>\n\t<meta property=\"og:image:width\" content=\"1000\" \/>\n\t<meta property=\"og:image:height\" content=\"1000\" \/>\n\t<meta property=\"og:image:type\" content=\"image\/webp\" \/>\n<meta name=\"twitter:card\" content=\"summary_large_image\" \/>\n<meta name=\"twitter:label1\" content=\"Gesch\u00e4tzte Lesezeit\" \/>\n\t<meta name=\"twitter:data1\" content=\"1\u00a0Minute\" \/>\n<script type=\"application\/ld+json\" class=\"yoast-schema-graph\">{\"@context\":\"https:\\\/\\\/schema.org\",\"@graph\":[{\"@type\":\"WebPage\",\"@id\":\"https:\\\/\\\/revolutionpadelstore.com\\\/de\\\/produkt\\\/bullpadel-pearl-pl-final-25v-hormigon-mujer-1\\\/\",\"url\":\"https:\\\/\\\/revolutionpadelstore.com\\\/de\\\/produkt\\\/bullpadel-pearl-pl-final-25v-hormigon-mujer-1\\\/\",\"name\":\"BULLPADEL PEARL PL FINAL 25V HORMIGON MUJER - Revolution Padel Store\",\"isPartOf\":{\"@id\":\"https:\\\/\\\/revolutionpadelstore.com\\\/de\\\/#website\"},\"primaryImageOfPage\":{\"@id\":\"https:\\\/\\\/revolutionpadelstore.com\\\/de\\\/produkt\\\/bullpadel-pearl-pl-final-25v-hormigon-mujer-1\\\/#primaryimage\"},\"image\":{\"@id\":\"https:\\\/\\\/revolutionpadelstore.com\\\/de\\\/produkt\\\/bullpadel-pearl-pl-final-25v-hormigon-mujer-1\\\/#primaryimage\"},\"thumbnailUrl\":\"https:\\\/\\\/revolutionpadelstore.com\\\/wp-content\\\/uploads\\\/2025\\\/02\\\/114342-pearl-pl-tour-final-25v-mujer-cn98501000-hormigon-1000x1000-vista1.webp\",\"datePublished\":\"2025-02-19T11:20:55+00:00\",\"dateModified\":\"2026-04-08T04:16:19+00:00\",\"description\":\"Descubre la Bullpadel Pearl PP Final W, la zapatilla oficial de Bea Gonz\u00e1lez para el Premier Padel Final. Ligera, transpirable y resistente, con suela VIBRAM para m\u00e1ximo rendimiento. \u00a1C\u00f3mprala ahora en nuestra tienda online!\",\"breadcrumb\":{\"@id\":\"https:\\\/\\\/revolutionpadelstore.com\\\/de\\\/produkt\\\/bullpadel-pearl-pl-final-25v-hormigon-mujer-1\\\/#breadcrumb\"},\"inLanguage\":\"de\",\"potentialAction\":[{\"@type\":\"ReadAction\",\"target\":[\"https:\\\/\\\/revolutionpadelstore.com\\\/de\\\/produkt\\\/bullpadel-pearl-pl-final-25v-hormigon-mujer-1\\\/\"]}]},{\"@type\":\"ImageObject\",\"inLanguage\":\"de\",\"@id\":\"https:\\\/\\\/revolutionpadelstore.com\\\/de\\\/produkt\\\/bullpadel-pearl-pl-final-25v-hormigon-mujer-1\\\/#primaryimage\",\"url\":\"https:\\\/\\\/revolutionpadelstore.com\\\/wp-content\\\/uploads\\\/2025\\\/02\\\/114342-pearl-pl-tour-final-25v-mujer-cn98501000-hormigon-1000x1000-vista1.webp\",\"contentUrl\":\"https:\\\/\\\/revolutionpadelstore.com\\\/wp-content\\\/uploads\\\/2025\\\/02\\\/114342-pearl-pl-tour-final-25v-mujer-cn98501000-hormigon-1000x1000-vista1.webp\",\"width\":1000,\"height\":1000},{\"@type\":\"BreadcrumbList\",\"@id\":\"https:\\\/\\\/revolutionpadelstore.com\\\/de\\\/produkt\\\/bullpadel-pearl-pl-final-25v-hormigon-mujer-1\\\/#breadcrumb\",\"itemListElement\":[{\"@type\":\"ListItem\",\"position\":1,\"name\":\"Portada\",\"item\":\"https:\\\/\\\/revolutionpadelstore.com\\\/de\\\/\"},{\"@type\":\"ListItem\",\"position\":2,\"name\":\"Shop\",\"item\":\"https:\\\/\\\/revolutionpadelstore.com\\\/de\\\/tienda\\\/\"},{\"@type\":\"ListItem\",\"position\":3,\"name\":\"BULLPADEL PEARL PL FINAL 25V HORMIGON MUJER\"}]},{\"@type\":\"WebSite\",\"@id\":\"https:\\\/\\\/revolutionpadelstore.com\\\/de\\\/#website\",\"url\":\"https:\\\/\\\/revolutionpadelstore.com\\\/de\\\/\",\"name\":\"Revolution Padel Store\",\"description\":\"\",\"publisher\":{\"@id\":\"https:\\\/\\\/revolutionpadelstore.com\\\/de\\\/#organization\"},\"potentialAction\":[{\"@type\":\"SearchAction\",\"target\":{\"@type\":\"EntryPoint\",\"urlTemplate\":\"https:\\\/\\\/revolutionpadelstore.com\\\/de\\\/?s={search_term_string}\"},\"query-input\":{\"@type\":\"PropertyValueSpecification\",\"valueRequired\":true,\"valueName\":\"search_term_string\"}}],\"inLanguage\":\"de\"},{\"@type\":\"Organization\",\"@id\":\"https:\\\/\\\/revolutionpadelstore.com\\\/de\\\/#organization\",\"name\":\"Revolution Padel Store\",\"url\":\"https:\\\/\\\/revolutionpadelstore.com\\\/de\\\/\",\"logo\":{\"@type\":\"ImageObject\",\"inLanguage\":\"de\",\"@id\":\"https:\\\/\\\/revolutionpadelstore.com\\\/de\\\/#\\\/schema\\\/logo\\\/image\\\/\",\"url\":\"https:\\\/\\\/revolutionpadelstore.com\\\/wp-content\\\/uploads\\\/2026\\\/02\\\/revolution-padel-store.jpg\",\"contentUrl\":\"https:\\\/\\\/revolutionpadelstore.com\\\/wp-content\\\/uploads\\\/2026\\\/02\\\/revolution-padel-store.jpg\",\"width\":2000,\"height\":2000,\"caption\":\"Revolution Padel Store\"},\"image\":{\"@id\":\"https:\\\/\\\/revolutionpadelstore.com\\\/de\\\/#\\\/schema\\\/logo\\\/image\\\/\"},\"sameAs\":[\"https:\\\/\\\/www.instagram.com\\\/revolutionpadelstore\\\/\"]}]}<\/script>\n<!-- \/ Yoast SEO plugin. -->","yoast_head_json":{"title":"BULLPADEL PEARL PL FINAL 25V HORMIGON MUJER - Revolution Padel Store","description":"Descubre la Bullpadel Pearl PP Final W, la zapatilla oficial de Bea Gonz\u00e1lez para el Premier Padel Final. Ligera, transpirable y resistente, con suela VIBRAM para m\u00e1ximo rendimiento. \u00a1C\u00f3mprala ahora en nuestra tienda online!","robots":{"index":"index","follow":"follow","max-snippet":"max-snippet:-1","max-image-preview":"max-image-preview:large","max-video-preview":"max-video-preview:-1"},"canonical":"https:\/\/revolutionpadelstore.com\/de\/produkt\/bullpadel-pearl-pl-final-25v-hormigon-mujer-1\/","og_locale":"de_DE","og_type":"article","og_title":"BULLPADEL PEARL PL FINAL 25V HORMIGON MUJER - Revolution Padel Store","og_description":"Descubre la Bullpadel Pearl PP Final W, la zapatilla oficial de Bea Gonz\u00e1lez para el Premier Padel Final. Ligera, transpirable y resistente, con suela VIBRAM para m\u00e1ximo rendimiento. \u00a1C\u00f3mprala ahora en nuestra tienda online!","og_url":"https:\/\/revolutionpadelstore.com\/de\/produkt\/bullpadel-pearl-pl-final-25v-hormigon-mujer-1\/","og_site_name":"Revolution Padel Store","article_modified_time":"2026-04-08T04:16:19+00:00","og_image":[{"width":1000,"height":1000,"url":"https:\/\/revolutionpadelstore.com\/wp-content\/uploads\/2025\/02\/114342-pearl-pl-tour-final-25v-mujer-cn98501000-hormigon-1000x1000-vista1.webp","type":"image\/webp"}],"twitter_card":"summary_large_image","twitter_misc":{"Gesch\u00e4tzte Lesezeit":"1\u00a0Minute"},"schema":{"@context":"https:\/\/schema.org","@graph":[{"@type":"WebPage","@id":"https:\/\/revolutionpadelstore.com\/de\/produkt\/bullpadel-pearl-pl-final-25v-hormigon-mujer-1\/","url":"https:\/\/revolutionpadelstore.com\/de\/produkt\/bullpadel-pearl-pl-final-25v-hormigon-mujer-1\/","name":"BULLPADEL PEARL PL FINAL 25V HORMIGON MUJER - Revolution Padel Store","isPartOf":{"@id":"https:\/\/revolutionpadelstore.com\/de\/#website"},"primaryImageOfPage":{"@id":"https:\/\/revolutionpadelstore.com\/de\/produkt\/bullpadel-pearl-pl-final-25v-hormigon-mujer-1\/#primaryimage"},"image":{"@id":"https:\/\/revolutionpadelstore.com\/de\/produkt\/bullpadel-pearl-pl-final-25v-hormigon-mujer-1\/#primaryimage"},"thumbnailUrl":"https:\/\/revolutionpadelstore.com\/wp-content\/uploads\/2025\/02\/114342-pearl-pl-tour-final-25v-mujer-cn98501000-hormigon-1000x1000-vista1.webp","datePublished":"2025-02-19T11:20:55+00:00","dateModified":"2026-04-08T04:16:19+00:00","description":"Descubre la Bullpadel Pearl PP Final W, la zapatilla oficial de Bea Gonz\u00e1lez para el Premier Padel Final. Ligera, transpirable y resistente, con suela VIBRAM para m\u00e1ximo rendimiento. \u00a1C\u00f3mprala ahora en nuestra tienda online!","breadcrumb":{"@id":"https:\/\/revolutionpadelstore.com\/de\/produkt\/bullpadel-pearl-pl-final-25v-hormigon-mujer-1\/#breadcrumb"},"inLanguage":"de","potentialAction":[{"@type":"ReadAction","target":["https:\/\/revolutionpadelstore.com\/de\/produkt\/bullpadel-pearl-pl-final-25v-hormigon-mujer-1\/"]}]},{"@type":"ImageObject","inLanguage":"de","@id":"https:\/\/revolutionpadelstore.com\/de\/produkt\/bullpadel-pearl-pl-final-25v-hormigon-mujer-1\/#primaryimage","url":"https:\/\/revolutionpadelstore.com\/wp-content\/uploads\/2025\/02\/114342-pearl-pl-tour-final-25v-mujer-cn98501000-hormigon-1000x1000-vista1.webp","contentUrl":"https:\/\/revolutionpadelstore.com\/wp-content\/uploads\/2025\/02\/114342-pearl-pl-tour-final-25v-mujer-cn98501000-hormigon-1000x1000-vista1.webp","width":1000,"height":1000},{"@type":"BreadcrumbList","@id":"https:\/\/revolutionpadelstore.com\/de\/produkt\/bullpadel-pearl-pl-final-25v-hormigon-mujer-1\/#breadcrumb","itemListElement":[{"@type":"ListItem","position":1,"name":"Portada","item":"https:\/\/revolutionpadelstore.com\/de\/"},{"@type":"ListItem","position":2,"name":"Shop","item":"https:\/\/revolutionpadelstore.com\/de\/tienda\/"},{"@type":"ListItem","position":3,"name":"BULLPADEL PEARL PL FINAL 25V HORMIGON MUJER"}]},{"@type":"WebSite","@id":"https:\/\/revolutionpadelstore.com\/de\/#website","url":"https:\/\/revolutionpadelstore.com\/de\/","name":"Revolution Padel Store","description":"","publisher":{"@id":"https:\/\/revolutionpadelstore.com\/de\/#organization"},"potentialAction":[{"@type":"SearchAction","target":{"@type":"EntryPoint","urlTemplate":"https:\/\/revolutionpadelstore.com\/de\/?s={search_term_string}"},"query-input":{"@type":"PropertyValueSpecification","valueRequired":true,"valueName":"search_term_string"}}],"inLanguage":"de"},{"@type":"Organization","@id":"https:\/\/revolutionpadelstore.com\/de\/#organization","name":"Revolution Padel Store","url":"https:\/\/revolutionpadelstore.com\/de\/","logo":{"@type":"ImageObject","inLanguage":"de","@id":"https:\/\/revolutionpadelstore.com\/de\/#\/schema\/logo\/image\/","url":"https:\/\/revolutionpadelstore.com\/wp-content\/uploads\/2026\/02\/revolution-padel-store.jpg","contentUrl":"https:\/\/revolutionpadelstore.com\/wp-content\/uploads\/2026\/02\/revolution-padel-store.jpg","width":2000,"height":2000,"caption":"Revolution Padel Store"},"image":{"@id":"https:\/\/revolutionpadelstore.com\/de\/#\/schema\/logo\/image\/"},"sameAs":["https:\/\/www.instagram.com\/revolutionpadelstore\/"]}]}},"_links":{"self":[{"href":"https:\/\/revolutionpadelstore.com\/de\/wp-json\/wp\/v2\/product\/173528","targetHints":{"allow":["GET"]}}],"collection":[{"href":"https:\/\/revolutionpadelstore.com\/de\/wp-json\/wp\/v2\/product"}],"about":[{"href":"https:\/\/revolutionpadelstore.com\/de\/wp-json\/wp\/v2\/types\/product"}],"replies":[{"embeddable":true,"href":"https:\/\/revolutionpadelstore.com\/de\/wp-json\/wp\/v2\/comments?post=173528"}],"wp:featuredmedia":[{"embeddable":true,"href":"https:\/\/revolutionpadelstore.com\/de\/wp-json\/wp\/v2\/media\/173487"}],"wp:attachment":[{"href":"https:\/\/revolutionpadelstore.com\/de\/wp-json\/wp\/v2\/media?parent=173528"}],"wp:term":[{"taxonomy":"acabado","embeddable":true,"href":"https:\/\/revolutionpadelstore.com\/de\/wp-json\/wp\/v2\/acabado?post=173528"},{"taxonomy":"balance","embeddable":true,"href":"https:\/\/revolutionpadelstore.com\/de\/wp-json\/wp\/v2\/balance?post=173528"},{"taxonomy":"dureza","embeddable":true,"href":"https:\/\/revolutionpadelstore.com\/de\/wp-json\/wp\/v2\/dureza?post=173528"},{"taxonomy":"forma","embeddable":true,"href":"https:\/\/revolutionpadelstore.com\/de\/wp-json\/wp\/v2\/forma?post=173528"},{"taxonomy":"jugador","embeddable":true,"href":"https:\/\/revolutionpadelstore.com\/de\/wp-json\/wp\/v2\/jugador?post=173528"},{"taxonomy":"marca","embeddable":true,"href":"https:\/\/revolutionpadelstore.com\/de\/wp-json\/wp\/v2\/marca?post=173528"},{"taxonomy":"nivel-de-juego","embeddable":true,"href":"https:\/\/revolutionpadelstore.com\/de\/wp-json\/wp\/v2\/nivel-de-juego?post=173528"},{"taxonomy":"superficie","embeddable":true,"href":"https:\/\/revolutionpadelstore.com\/de\/wp-json\/wp\/v2\/superficie?post=173528"},{"taxonomy":"tipo-de-juego","embeddable":true,"href":"https:\/\/revolutionpadelstore.com\/de\/wp-json\/wp\/v2\/tipo-de-juego?post=173528"},{"taxonomy":"product_brand","embeddable":true,"href":"https:\/\/revolutionpadelstore.com\/de\/wp-json\/wp\/v2\/product_brand?post=173528"},{"taxonomy":"product_cat","embeddable":true,"href":"https:\/\/revolutionpadelstore.com\/de\/wp-json\/wp\/v2\/product_cat?post=173528"},{"taxonomy":"product_tag","embeddable":true,"href":"https:\/\/revolutionpadelstore.com\/de\/wp-json\/wp\/v2\/product_tag?post=173528"}],"curies":[{"name":"wp","href":"https:\/\/api.w.org\/{rel}","templated":true}]}}