{"id":173447,"date":"2025-02-19T10:48:42","date_gmt":"2025-02-19T09:48:42","guid":{"rendered":"https:\/\/revolutionpadelstore.com\/bullpadel-buker-jr-25v-blanco-rojo-junior\/"},"modified":"2026-04-08T06:17:43","modified_gmt":"2026-04-08T04:17:43","slug":"bullpadel-buker-jr-25v-blanco-rojo-junior-1","status":"publish","type":"product","link":"https:\/\/revolutionpadelstore.com\/de\/produkt\/bullpadel-buker-jr-25v-blanco-rojo-junior-1\/","title":{"rendered":"BULLPADEL BUKER JR 25V BLANCO\/ROJO JUNIOR"},"content":{"rendered":"<h2> Bullpadel Buker JR 25V Wei\u00df\/ Rot &#8211; Junior Paddle -Sneaker <\/ H2><br \/>\nDie <strong> Bullpadel Buker Jr 25V White\/Red <\/strong> sind die idealen Schuhe f\u00fcr junge Paddelspieler, die nach Komfort, Stabilit\u00e4t und einem hervorragenden Griff auf der Strecke suchen. Diese Schuhe wurden f\u00fcr diejenigen entwickelt, die in diesem Sport anfangen oder ihre Technik perfektionieren, und bieten die perfekte Balance zwischen Leistung und Haltbarkeit.<\/p>\n<h2> <strong> Prominente Eigenschaften: <\/ strong> <\/ h2><br \/>\n<P>-Spike Sohle: garantiert einen optimalen Griff in allen Arten von Tracks, insbesondere auf Sand mit Sand<br \/>\n<P>-Phylon-Mittelsohle-D\u00e4mpfung: Absorbieren Sie die Auswirkungen und bieten einen komfortableren Fu\u00dfabdruck<\/p>\n<p>-Leichtes Design: Gef\u00e4llt mir die Geschwindigkeit und Beweglichkeit im Spiel, ohne die Stabilit\u00e4t zu beeintr\u00e4chtigen<br \/>\n<P>-hohe Qualit\u00e4tsmaterialien: Widerstand und Haltbarkeit f\u00fcr h\u00e4ufige Verwendung in Training und Parteien<\/p>\n<p>-Moderner Stil in Wei\u00df und Rot: Ein auff\u00e4lliges Design, das die Pers\u00f6nlichkeit auf die Strecke bringt<\/p>\n<h2> <strong> Leistung und Komfort in jeder Party <\/ strong> <\/ h2><br \/>\nDie <strong> Bullpadel Buker Jr 25V <\/strong> bietet j\u00fcngeren Spielern maximale Komfort und Sicherheit. Seine Struktur respektiert die nat\u00fcrliche Bewegung des Fu\u00dfes und tr\u00e4gt dazu bei, Verletzungen zu verhindern und die Leistung in jeder Partei zu optimieren. Dank seiner leichten Konstruktion und der effizienten D\u00e4mpfung erm\u00f6glichen sie schnelle Verschiebungen und Richtungs\u00e4nderungen ohne Anstrengung.<\/p>\n<h2> <strong> Warum den Bullpadel Buker JR 25V w\u00e4hlen?<\/p>\n<p>&#8211; ideal f\u00fcr junge Initiierung oder Spieler mit Zwischenstufe.<br \/>\n-Erzellentes Preis -Leistungs -Verh\u00e4ltnis in Junior -Paddlern.<br \/>\n&#8211; Maximale Traktion an H\u00e4ngen mit Sand und glatten Oberfl\u00e4chen.<br \/>\n&#8211; Komfort und Unterst\u00fctzung f\u00fcr ein l\u00e4ngeres Training<br \/>\nHolen Sie sich den <strong> bullpadel buker jr 25v wei\u00df\/rot <\/strong> in unserem Online -Shop <a href=\"https:\/\/chatgpt.com\/g\/g-675432e026888191b6ee6d6f2fdbb15e-optimization-textos\/c\/www.revolutionpadelstore.com\"> Revolution Padel Store <\/a> zum besten Marktpreis. Verbessern Sie Ihr Spiel mit der besten Ausr\u00fcstung!<\/p>\n<h2>Bullpadel Buker Jr 25V Blanco\/Rojo \u2013 Zapatillas de p\u00e1del junior<\/h2>\n","protected":false},"excerpt":{"rendered":"<p>Bullpadel Buker JR 25V White\/Red Junior ist ein idealer Schuh f\u00fcr junge Spieler mit einer Spike -Sohle, einem Phylonkissen und einem komfortablen Design, um in Paddel -Tennis zu beginnen oder zu perfektionieren.<\/p>\n","protected":false},"featured_media":173431,"comment_status":"open","ping_status":"closed","template":"","meta":{"_acf_changed":false,"_joinchat":[]},"acabado":[],"balance":[],"dureza":[],"forma":[],"jugador":[1204],"marca":[1254],"nivel-de-juego":[],"superficie":[],"tipo-de-juego":[],"product_brand":[],"product_cat":[831],"product_tag":[],"class_list":{"0":"post-173447","1":"product","2":"type-product","3":"status-publish","4":"has-post-thumbnail","6":"jugador-junior-de","7":"marca-bullpadel-de","8":"product_cat-turnschuhe","10":"first","11":"outofstock","12":"sale","13":"taxable","14":"shipping-taxable","15":"purchasable","16":"product-type-variable"},"acf":[],"yoast_head":"<!-- This site is optimized with the Yoast SEO plugin v27.4 - https:\/\/yoast.com\/product\/yoast-seo-wordpress\/ -->\n<title>BULLPADEL BUKER JR 25V BLANCO\/ROJO JUNIOR - Revolution Padel Store<\/title>\n<meta name=\"description\" content=\"Compra las Bullpadel Buker Jr 25V Blanco\/Rojo y mejora tu juego. Zapatillas de p\u00e1del junior con suela de espiga, amortiguaci\u00f3n y dise\u00f1o ligero. \u00a1Entra ahora!\" \/>\n<meta name=\"robots\" content=\"index, follow, max-snippet:-1, max-image-preview:large, max-video-preview:-1\" \/>\n<link rel=\"canonical\" href=\"https:\/\/revolutionpadelstore.com\/de\/produkt\/bullpadel-buker-jr-25v-blanco-rojo-junior-1\/\" \/>\n<meta property=\"og:locale\" content=\"de_DE\" \/>\n<meta property=\"og:type\" content=\"article\" \/>\n<meta property=\"og:title\" content=\"BULLPADEL BUKER JR 25V BLANCO\/ROJO JUNIOR - Revolution Padel Store\" \/>\n<meta property=\"og:description\" content=\"Compra las Bullpadel Buker Jr 25V Blanco\/Rojo y mejora tu juego. Zapatillas de p\u00e1del junior con suela de espiga, amortiguaci\u00f3n y dise\u00f1o ligero. \u00a1Entra ahora!\" \/>\n<meta property=\"og:url\" content=\"https:\/\/revolutionpadelstore.com\/de\/produkt\/bullpadel-buker-jr-25v-blanco-rojo-junior-1\/\" \/>\n<meta property=\"og:site_name\" content=\"Revolution Padel Store\" \/>\n<meta property=\"article:modified_time\" content=\"2026-04-08T04:17:43+00:00\" \/>\n<meta property=\"og:image\" content=\"https:\/\/revolutionpadelstore.com\/wp-content\/uploads\/2025\/02\/114316-zapatillas-bullpadel-buker-jr-25v-junior-cs58012003-blanco-rojo-1200x1200-1.webp\" \/>\n\t<meta property=\"og:image:width\" content=\"1200\" \/>\n\t<meta property=\"og:image:height\" content=\"1200\" \/>\n\t<meta property=\"og:image:type\" content=\"image\/webp\" \/>\n<meta name=\"twitter:card\" content=\"summary_large_image\" \/>\n<meta name=\"twitter:label1\" content=\"Gesch\u00e4tzte Lesezeit\" \/>\n\t<meta name=\"twitter:data1\" content=\"1\u00a0Minute\" \/>\n<script type=\"application\/ld+json\" class=\"yoast-schema-graph\">{\"@context\":\"https:\\\/\\\/schema.org\",\"@graph\":[{\"@type\":\"WebPage\",\"@id\":\"https:\\\/\\\/revolutionpadelstore.com\\\/de\\\/produkt\\\/bullpadel-buker-jr-25v-blanco-rojo-junior-1\\\/\",\"url\":\"https:\\\/\\\/revolutionpadelstore.com\\\/de\\\/produkt\\\/bullpadel-buker-jr-25v-blanco-rojo-junior-1\\\/\",\"name\":\"BULLPADEL BUKER JR 25V BLANCO\\\/ROJO JUNIOR - Revolution Padel Store\",\"isPartOf\":{\"@id\":\"https:\\\/\\\/revolutionpadelstore.com\\\/de\\\/#website\"},\"primaryImageOfPage\":{\"@id\":\"https:\\\/\\\/revolutionpadelstore.com\\\/de\\\/produkt\\\/bullpadel-buker-jr-25v-blanco-rojo-junior-1\\\/#primaryimage\"},\"image\":{\"@id\":\"https:\\\/\\\/revolutionpadelstore.com\\\/de\\\/produkt\\\/bullpadel-buker-jr-25v-blanco-rojo-junior-1\\\/#primaryimage\"},\"thumbnailUrl\":\"https:\\\/\\\/revolutionpadelstore.com\\\/wp-content\\\/uploads\\\/2025\\\/02\\\/114316-zapatillas-bullpadel-buker-jr-25v-junior-cs58012003-blanco-rojo-1200x1200-1.webp\",\"datePublished\":\"2025-02-19T09:48:42+00:00\",\"dateModified\":\"2026-04-08T04:17:43+00:00\",\"description\":\"Compra las Bullpadel Buker Jr 25V Blanco\\\/Rojo y mejora tu juego. Zapatillas de p\u00e1del junior con suela de espiga, amortiguaci\u00f3n y dise\u00f1o ligero. \u00a1Entra ahora!\",\"breadcrumb\":{\"@id\":\"https:\\\/\\\/revolutionpadelstore.com\\\/de\\\/produkt\\\/bullpadel-buker-jr-25v-blanco-rojo-junior-1\\\/#breadcrumb\"},\"inLanguage\":\"de\",\"potentialAction\":[{\"@type\":\"ReadAction\",\"target\":[\"https:\\\/\\\/revolutionpadelstore.com\\\/de\\\/produkt\\\/bullpadel-buker-jr-25v-blanco-rojo-junior-1\\\/\"]}]},{\"@type\":\"ImageObject\",\"inLanguage\":\"de\",\"@id\":\"https:\\\/\\\/revolutionpadelstore.com\\\/de\\\/produkt\\\/bullpadel-buker-jr-25v-blanco-rojo-junior-1\\\/#primaryimage\",\"url\":\"https:\\\/\\\/revolutionpadelstore.com\\\/wp-content\\\/uploads\\\/2025\\\/02\\\/114316-zapatillas-bullpadel-buker-jr-25v-junior-cs58012003-blanco-rojo-1200x1200-1.webp\",\"contentUrl\":\"https:\\\/\\\/revolutionpadelstore.com\\\/wp-content\\\/uploads\\\/2025\\\/02\\\/114316-zapatillas-bullpadel-buker-jr-25v-junior-cs58012003-blanco-rojo-1200x1200-1.webp\",\"width\":1200,\"height\":1200},{\"@type\":\"BreadcrumbList\",\"@id\":\"https:\\\/\\\/revolutionpadelstore.com\\\/de\\\/produkt\\\/bullpadel-buker-jr-25v-blanco-rojo-junior-1\\\/#breadcrumb\",\"itemListElement\":[{\"@type\":\"ListItem\",\"position\":1,\"name\":\"Portada\",\"item\":\"https:\\\/\\\/revolutionpadelstore.com\\\/de\\\/\"},{\"@type\":\"ListItem\",\"position\":2,\"name\":\"Shop\",\"item\":\"https:\\\/\\\/revolutionpadelstore.com\\\/de\\\/tienda\\\/\"},{\"@type\":\"ListItem\",\"position\":3,\"name\":\"BULLPADEL BUKER JR 25V BLANCO\\\/ROJO JUNIOR\"}]},{\"@type\":\"WebSite\",\"@id\":\"https:\\\/\\\/revolutionpadelstore.com\\\/de\\\/#website\",\"url\":\"https:\\\/\\\/revolutionpadelstore.com\\\/de\\\/\",\"name\":\"Revolution Padel Store\",\"description\":\"\",\"publisher\":{\"@id\":\"https:\\\/\\\/revolutionpadelstore.com\\\/de\\\/#organization\"},\"potentialAction\":[{\"@type\":\"SearchAction\",\"target\":{\"@type\":\"EntryPoint\",\"urlTemplate\":\"https:\\\/\\\/revolutionpadelstore.com\\\/de\\\/?s={search_term_string}\"},\"query-input\":{\"@type\":\"PropertyValueSpecification\",\"valueRequired\":true,\"valueName\":\"search_term_string\"}}],\"inLanguage\":\"de\"},{\"@type\":\"Organization\",\"@id\":\"https:\\\/\\\/revolutionpadelstore.com\\\/de\\\/#organization\",\"name\":\"Revolution Padel Store\",\"url\":\"https:\\\/\\\/revolutionpadelstore.com\\\/de\\\/\",\"logo\":{\"@type\":\"ImageObject\",\"inLanguage\":\"de\",\"@id\":\"https:\\\/\\\/revolutionpadelstore.com\\\/de\\\/#\\\/schema\\\/logo\\\/image\\\/\",\"url\":\"https:\\\/\\\/revolutionpadelstore.com\\\/wp-content\\\/uploads\\\/2026\\\/02\\\/revolution-padel-store.jpg\",\"contentUrl\":\"https:\\\/\\\/revolutionpadelstore.com\\\/wp-content\\\/uploads\\\/2026\\\/02\\\/revolution-padel-store.jpg\",\"width\":2000,\"height\":2000,\"caption\":\"Revolution Padel Store\"},\"image\":{\"@id\":\"https:\\\/\\\/revolutionpadelstore.com\\\/de\\\/#\\\/schema\\\/logo\\\/image\\\/\"},\"sameAs\":[\"https:\\\/\\\/www.instagram.com\\\/revolutionpadelstore\\\/\"]}]}<\/script>\n<!-- \/ Yoast SEO plugin. -->","yoast_head_json":{"title":"BULLPADEL BUKER JR 25V BLANCO\/ROJO JUNIOR - Revolution Padel Store","description":"Compra las Bullpadel Buker Jr 25V Blanco\/Rojo y mejora tu juego. Zapatillas de p\u00e1del junior con suela de espiga, amortiguaci\u00f3n y dise\u00f1o ligero. \u00a1Entra ahora!","robots":{"index":"index","follow":"follow","max-snippet":"max-snippet:-1","max-image-preview":"max-image-preview:large","max-video-preview":"max-video-preview:-1"},"canonical":"https:\/\/revolutionpadelstore.com\/de\/produkt\/bullpadel-buker-jr-25v-blanco-rojo-junior-1\/","og_locale":"de_DE","og_type":"article","og_title":"BULLPADEL BUKER JR 25V BLANCO\/ROJO JUNIOR - Revolution Padel Store","og_description":"Compra las Bullpadel Buker Jr 25V Blanco\/Rojo y mejora tu juego. Zapatillas de p\u00e1del junior con suela de espiga, amortiguaci\u00f3n y dise\u00f1o ligero. \u00a1Entra ahora!","og_url":"https:\/\/revolutionpadelstore.com\/de\/produkt\/bullpadel-buker-jr-25v-blanco-rojo-junior-1\/","og_site_name":"Revolution Padel Store","article_modified_time":"2026-04-08T04:17:43+00:00","og_image":[{"width":1200,"height":1200,"url":"https:\/\/revolutionpadelstore.com\/wp-content\/uploads\/2025\/02\/114316-zapatillas-bullpadel-buker-jr-25v-junior-cs58012003-blanco-rojo-1200x1200-1.webp","type":"image\/webp"}],"twitter_card":"summary_large_image","twitter_misc":{"Gesch\u00e4tzte Lesezeit":"1\u00a0Minute"},"schema":{"@context":"https:\/\/schema.org","@graph":[{"@type":"WebPage","@id":"https:\/\/revolutionpadelstore.com\/de\/produkt\/bullpadel-buker-jr-25v-blanco-rojo-junior-1\/","url":"https:\/\/revolutionpadelstore.com\/de\/produkt\/bullpadel-buker-jr-25v-blanco-rojo-junior-1\/","name":"BULLPADEL BUKER JR 25V BLANCO\/ROJO JUNIOR - Revolution Padel Store","isPartOf":{"@id":"https:\/\/revolutionpadelstore.com\/de\/#website"},"primaryImageOfPage":{"@id":"https:\/\/revolutionpadelstore.com\/de\/produkt\/bullpadel-buker-jr-25v-blanco-rojo-junior-1\/#primaryimage"},"image":{"@id":"https:\/\/revolutionpadelstore.com\/de\/produkt\/bullpadel-buker-jr-25v-blanco-rojo-junior-1\/#primaryimage"},"thumbnailUrl":"https:\/\/revolutionpadelstore.com\/wp-content\/uploads\/2025\/02\/114316-zapatillas-bullpadel-buker-jr-25v-junior-cs58012003-blanco-rojo-1200x1200-1.webp","datePublished":"2025-02-19T09:48:42+00:00","dateModified":"2026-04-08T04:17:43+00:00","description":"Compra las Bullpadel Buker Jr 25V Blanco\/Rojo y mejora tu juego. Zapatillas de p\u00e1del junior con suela de espiga, amortiguaci\u00f3n y dise\u00f1o ligero. \u00a1Entra ahora!","breadcrumb":{"@id":"https:\/\/revolutionpadelstore.com\/de\/produkt\/bullpadel-buker-jr-25v-blanco-rojo-junior-1\/#breadcrumb"},"inLanguage":"de","potentialAction":[{"@type":"ReadAction","target":["https:\/\/revolutionpadelstore.com\/de\/produkt\/bullpadel-buker-jr-25v-blanco-rojo-junior-1\/"]}]},{"@type":"ImageObject","inLanguage":"de","@id":"https:\/\/revolutionpadelstore.com\/de\/produkt\/bullpadel-buker-jr-25v-blanco-rojo-junior-1\/#primaryimage","url":"https:\/\/revolutionpadelstore.com\/wp-content\/uploads\/2025\/02\/114316-zapatillas-bullpadel-buker-jr-25v-junior-cs58012003-blanco-rojo-1200x1200-1.webp","contentUrl":"https:\/\/revolutionpadelstore.com\/wp-content\/uploads\/2025\/02\/114316-zapatillas-bullpadel-buker-jr-25v-junior-cs58012003-blanco-rojo-1200x1200-1.webp","width":1200,"height":1200},{"@type":"BreadcrumbList","@id":"https:\/\/revolutionpadelstore.com\/de\/produkt\/bullpadel-buker-jr-25v-blanco-rojo-junior-1\/#breadcrumb","itemListElement":[{"@type":"ListItem","position":1,"name":"Portada","item":"https:\/\/revolutionpadelstore.com\/de\/"},{"@type":"ListItem","position":2,"name":"Shop","item":"https:\/\/revolutionpadelstore.com\/de\/tienda\/"},{"@type":"ListItem","position":3,"name":"BULLPADEL BUKER JR 25V BLANCO\/ROJO JUNIOR"}]},{"@type":"WebSite","@id":"https:\/\/revolutionpadelstore.com\/de\/#website","url":"https:\/\/revolutionpadelstore.com\/de\/","name":"Revolution Padel Store","description":"","publisher":{"@id":"https:\/\/revolutionpadelstore.com\/de\/#organization"},"potentialAction":[{"@type":"SearchAction","target":{"@type":"EntryPoint","urlTemplate":"https:\/\/revolutionpadelstore.com\/de\/?s={search_term_string}"},"query-input":{"@type":"PropertyValueSpecification","valueRequired":true,"valueName":"search_term_string"}}],"inLanguage":"de"},{"@type":"Organization","@id":"https:\/\/revolutionpadelstore.com\/de\/#organization","name":"Revolution Padel Store","url":"https:\/\/revolutionpadelstore.com\/de\/","logo":{"@type":"ImageObject","inLanguage":"de","@id":"https:\/\/revolutionpadelstore.com\/de\/#\/schema\/logo\/image\/","url":"https:\/\/revolutionpadelstore.com\/wp-content\/uploads\/2026\/02\/revolution-padel-store.jpg","contentUrl":"https:\/\/revolutionpadelstore.com\/wp-content\/uploads\/2026\/02\/revolution-padel-store.jpg","width":2000,"height":2000,"caption":"Revolution Padel Store"},"image":{"@id":"https:\/\/revolutionpadelstore.com\/de\/#\/schema\/logo\/image\/"},"sameAs":["https:\/\/www.instagram.com\/revolutionpadelstore\/"]}]}},"_links":{"self":[{"href":"https:\/\/revolutionpadelstore.com\/de\/wp-json\/wp\/v2\/product\/173447","targetHints":{"allow":["GET"]}}],"collection":[{"href":"https:\/\/revolutionpadelstore.com\/de\/wp-json\/wp\/v2\/product"}],"about":[{"href":"https:\/\/revolutionpadelstore.com\/de\/wp-json\/wp\/v2\/types\/product"}],"replies":[{"embeddable":true,"href":"https:\/\/revolutionpadelstore.com\/de\/wp-json\/wp\/v2\/comments?post=173447"}],"wp:featuredmedia":[{"embeddable":true,"href":"https:\/\/revolutionpadelstore.com\/de\/wp-json\/wp\/v2\/media\/173431"}],"wp:attachment":[{"href":"https:\/\/revolutionpadelstore.com\/de\/wp-json\/wp\/v2\/media?parent=173447"}],"wp:term":[{"taxonomy":"acabado","embeddable":true,"href":"https:\/\/revolutionpadelstore.com\/de\/wp-json\/wp\/v2\/acabado?post=173447"},{"taxonomy":"balance","embeddable":true,"href":"https:\/\/revolutionpadelstore.com\/de\/wp-json\/wp\/v2\/balance?post=173447"},{"taxonomy":"dureza","embeddable":true,"href":"https:\/\/revolutionpadelstore.com\/de\/wp-json\/wp\/v2\/dureza?post=173447"},{"taxonomy":"forma","embeddable":true,"href":"https:\/\/revolutionpadelstore.com\/de\/wp-json\/wp\/v2\/forma?post=173447"},{"taxonomy":"jugador","embeddable":true,"href":"https:\/\/revolutionpadelstore.com\/de\/wp-json\/wp\/v2\/jugador?post=173447"},{"taxonomy":"marca","embeddable":true,"href":"https:\/\/revolutionpadelstore.com\/de\/wp-json\/wp\/v2\/marca?post=173447"},{"taxonomy":"nivel-de-juego","embeddable":true,"href":"https:\/\/revolutionpadelstore.com\/de\/wp-json\/wp\/v2\/nivel-de-juego?post=173447"},{"taxonomy":"superficie","embeddable":true,"href":"https:\/\/revolutionpadelstore.com\/de\/wp-json\/wp\/v2\/superficie?post=173447"},{"taxonomy":"tipo-de-juego","embeddable":true,"href":"https:\/\/revolutionpadelstore.com\/de\/wp-json\/wp\/v2\/tipo-de-juego?post=173447"},{"taxonomy":"product_brand","embeddable":true,"href":"https:\/\/revolutionpadelstore.com\/de\/wp-json\/wp\/v2\/product_brand?post=173447"},{"taxonomy":"product_cat","embeddable":true,"href":"https:\/\/revolutionpadelstore.com\/de\/wp-json\/wp\/v2\/product_cat?post=173447"},{"taxonomy":"product_tag","embeddable":true,"href":"https:\/\/revolutionpadelstore.com\/de\/wp-json\/wp\/v2\/product_tag?post=173447"}],"curies":[{"name":"wp","href":"https:\/\/api.w.org\/{rel}","templated":true}]}}