{"id":172728,"date":"2025-02-18T20:43:25","date_gmt":"2025-02-18T19:43:25","guid":{"rendered":"https:\/\/revolutionpadelstore.com\/bullpadel-pearl-vibram-25v-gris-oscuro-mujer\/"},"modified":"2026-04-08T07:14:43","modified_gmt":"2026-04-08T05:14:43","slug":"bullpadel-pearl-vibram-25v-gris-oscuro-mujer-1","status":"publish","type":"product","link":"https:\/\/revolutionpadelstore.com\/de\/produkt\/bullpadel-pearl-vibram-25v-gris-oscuro-mujer-1\/","title":{"rendered":"BULLPADEL PEARL VIBRAM 25V GRIS OSCURO MUJER"},"content":{"rendered":"<h2> Bullpadel Pearl Vibram 25 V dunkelgraue Frau &#8211; Maximale Leistung auf der Strecke <\/ H2><br \/>\nDie <strong> Bullpadel Pearl Vibram 25V Dark Grey Woman <\/strong> ist die endg\u00fcltige Wahl f\u00fcr Spieler, die nach <strong> Leichtigkeit, Haltbarkeit und au\u00dfergew\u00f6hnlicher Griff <\/strong> suchen. Dank ihrer <strong> Vibram -Sohle <\/strong> bieten diese Schuhe eine h\u00f6here Traktion, ideal f\u00fcr schnelle und aggressive Bewegungen, was die Stabilit\u00e4t in jeder Verschiebung sicherstellt. Das Design in Kombination mit Fastlab -Technologie verbessert Beweglichkeit und Geschwindigkeit und bietet in jedem Spiel einen Wettbewerbsvorteil.<\/p>\n<h2> Hoch Leistungstechnologie und Materialien <\/ H2><br \/>\nDiese Schuhe wurden mit einer Kombination aus <strong> Jacquard und Grid <\/strong> entworfen, die eine <strong> atmungsaktive und resistente <\/strong> Struktur erreicht, die zu jeder Zeit frische F\u00fc\u00dfe h\u00e4lt. Au\u00dferdem haben sie:<\/p>\n<p>-injiziertes Zeh, was den Schutz vor Reibung zur Strecke verst\u00e4rkt.<br \/>\n-Das Anti-Attack-System in der Sohle und bietet Stabilit\u00e4t in lateralen Bewegungen.<br \/>\n-Sportation in der Ferse, die die Unterst\u00fctzung verbessert und die Verletzungen verhindert.<\/p>\n<h2> konzipiert f\u00fcr die anspruchsvollen Spieler <\/ h2><br \/>\nDie <strong> Bullpadel Pearl Vibram 25V <\/strong> sind die Schuhe, die von professionellen Spielern wie <strong> Bea Gonz\u00e1lez <\/strong> bevorzugt werden, die in seinem <strong> Komfort und Leistung vertrauen, um das Maximum in zu verleihen der Hinweis. Das Design in <strong> elegantem und modernen schwarzen Farbe <\/strong> macht sie zu einer stilvollen Option, ohne die Leistung zu beeintr\u00e4chtigen.<\/p>\n<h2> Haupteigenschaften: <\/H2><\/p>\n<p>-Vibram-Sohle mit einer schnellen Technologie f\u00fcr maximale Griff und Geschwindigkeit.<br \/>\n-Pirable Jacquard und Grid f\u00fcr mehr Komfort.<br \/>\n-Referenz im Zeh f\u00fcr einen gr\u00f6\u00dferen Verschlei\u00dffestigkeit.<br \/>\n-Fortiertes Studium mit Fersenunterst\u00fctzung und Anti-Attack-System.<br \/>\n-Licht und ergonomisches Design, perfekt f\u00fcr Wettbewerbsspieler<br \/>\nBleiben Sie nicht ohne die <strong> Bullpadel Pearl Vibram 25 V Dark Grey Woman <\/strong> und bringen Sie Ihr Spiel auf das n\u00e4chste Level. Jetzt in unserem Online -Shop erh\u00e4ltlich.<\/p>\n<h2>Bullpadel Pearl Vibram 25V Gris Oscuro Mujer \u2013 M\u00e1ximo rendimiento en la pista<\/h2>\n","protected":false},"excerpt":{"rendered":"<p>Der Bullpadel Pearl Vibram 25 V in Dunkelgrau f\u00fcr Frauen sind Schuhe f\u00fcr hohe Leistung. Sie enthalten eine Vibramsohle f\u00fcr einen besseren Griff, gr\u00f6\u00dfere Atmungsaktivit\u00e4t und einen verst\u00e4rkten Zeh zum gr\u00f6\u00dferen Schutz. Sie sind ideal f\u00fcr Spieler mit hoher Ebene wie Bea Gonz\u00e1lez.<\/p>\n","protected":false},"featured_media":172685,"comment_status":"open","ping_status":"closed","template":"","meta":{"_acf_changed":false,"_joinchat":[]},"acabado":[],"balance":[],"dureza":[],"forma":[],"jugador":[1194],"marca":[1254],"nivel-de-juego":[],"superficie":[],"tipo-de-juego":[],"product_brand":[],"product_cat":[831],"product_tag":[],"class_list":{"0":"post-172728","1":"product","2":"type-product","3":"status-publish","4":"has-post-thumbnail","6":"jugador-frau","7":"marca-bullpadel-de","8":"product_cat-turnschuhe","10":"first","11":"outofstock","12":"sale","13":"taxable","14":"shipping-taxable","15":"purchasable","16":"product-type-variable"},"acf":[],"yoast_head":"<!-- This site is optimized with the Yoast SEO plugin v27.4 - https:\/\/yoast.com\/product\/yoast-seo-wordpress\/ -->\n<title>BULLPADEL PEARL VIBRAM 25V GRIS OSCURO MUJER - Revolution Padel Store<\/title>\n<meta name=\"description\" content=\"Consigue las Bullpadel Pearl Vibram 25V Negro Mujer al mejor precio. Zapatillas ligeras, transpirables y con suela Vibram para m\u00e1ximo agarre y rendimiento en la pista. \u00a1Compra ahora!\" \/>\n<meta name=\"robots\" content=\"index, follow, max-snippet:-1, max-image-preview:large, max-video-preview:-1\" \/>\n<link rel=\"canonical\" href=\"https:\/\/revolutionpadelstore.com\/de\/produkt\/bullpadel-pearl-vibram-25v-gris-oscuro-mujer-1\/\" \/>\n<meta property=\"og:locale\" content=\"de_DE\" \/>\n<meta property=\"og:type\" content=\"article\" \/>\n<meta property=\"og:title\" content=\"BULLPADEL PEARL VIBRAM 25V GRIS OSCURO MUJER - Revolution Padel Store\" \/>\n<meta property=\"og:description\" content=\"Consigue las Bullpadel Pearl Vibram 25V Negro Mujer al mejor precio. Zapatillas ligeras, transpirables y con suela Vibram para m\u00e1ximo agarre y rendimiento en la pista. \u00a1Compra ahora!\" \/>\n<meta property=\"og:url\" content=\"https:\/\/revolutionpadelstore.com\/de\/produkt\/bullpadel-pearl-vibram-25v-gris-oscuro-mujer-1\/\" \/>\n<meta property=\"og:site_name\" content=\"Revolution Padel Store\" \/>\n<meta property=\"article:modified_time\" content=\"2026-04-08T05:14:43+00:00\" \/>\n<meta property=\"og:image\" content=\"https:\/\/revolutionpadelstore.com\/wp-content\/uploads\/2025\/02\/114343-zapatillas-bullpadel-pearl-vibram-25v-mujer-cm57006000-gris-oscuro-1200x1200-1.webp\" \/>\n\t<meta property=\"og:image:width\" content=\"1200\" \/>\n\t<meta property=\"og:image:height\" content=\"1200\" \/>\n\t<meta property=\"og:image:type\" content=\"image\/webp\" \/>\n<meta name=\"twitter:card\" content=\"summary_large_image\" \/>\n<meta name=\"twitter:label1\" content=\"Gesch\u00e4tzte Lesezeit\" \/>\n\t<meta name=\"twitter:data1\" content=\"1\u00a0Minute\" \/>\n<script type=\"application\/ld+json\" class=\"yoast-schema-graph\">{\"@context\":\"https:\\\/\\\/schema.org\",\"@graph\":[{\"@type\":\"WebPage\",\"@id\":\"https:\\\/\\\/revolutionpadelstore.com\\\/de\\\/produkt\\\/bullpadel-pearl-vibram-25v-gris-oscuro-mujer-1\\\/\",\"url\":\"https:\\\/\\\/revolutionpadelstore.com\\\/de\\\/produkt\\\/bullpadel-pearl-vibram-25v-gris-oscuro-mujer-1\\\/\",\"name\":\"BULLPADEL PEARL VIBRAM 25V GRIS OSCURO MUJER - Revolution Padel Store\",\"isPartOf\":{\"@id\":\"https:\\\/\\\/revolutionpadelstore.com\\\/de\\\/#website\"},\"primaryImageOfPage\":{\"@id\":\"https:\\\/\\\/revolutionpadelstore.com\\\/de\\\/produkt\\\/bullpadel-pearl-vibram-25v-gris-oscuro-mujer-1\\\/#primaryimage\"},\"image\":{\"@id\":\"https:\\\/\\\/revolutionpadelstore.com\\\/de\\\/produkt\\\/bullpadel-pearl-vibram-25v-gris-oscuro-mujer-1\\\/#primaryimage\"},\"thumbnailUrl\":\"https:\\\/\\\/revolutionpadelstore.com\\\/wp-content\\\/uploads\\\/2025\\\/02\\\/114343-zapatillas-bullpadel-pearl-vibram-25v-mujer-cm57006000-gris-oscuro-1200x1200-1.webp\",\"datePublished\":\"2025-02-18T19:43:25+00:00\",\"dateModified\":\"2026-04-08T05:14:43+00:00\",\"description\":\"Consigue las Bullpadel Pearl Vibram 25V Negro Mujer al mejor precio. Zapatillas ligeras, transpirables y con suela Vibram para m\u00e1ximo agarre y rendimiento en la pista. \u00a1Compra ahora!\",\"breadcrumb\":{\"@id\":\"https:\\\/\\\/revolutionpadelstore.com\\\/de\\\/produkt\\\/bullpadel-pearl-vibram-25v-gris-oscuro-mujer-1\\\/#breadcrumb\"},\"inLanguage\":\"de\",\"potentialAction\":[{\"@type\":\"ReadAction\",\"target\":[\"https:\\\/\\\/revolutionpadelstore.com\\\/de\\\/produkt\\\/bullpadel-pearl-vibram-25v-gris-oscuro-mujer-1\\\/\"]}]},{\"@type\":\"ImageObject\",\"inLanguage\":\"de\",\"@id\":\"https:\\\/\\\/revolutionpadelstore.com\\\/de\\\/produkt\\\/bullpadel-pearl-vibram-25v-gris-oscuro-mujer-1\\\/#primaryimage\",\"url\":\"https:\\\/\\\/revolutionpadelstore.com\\\/wp-content\\\/uploads\\\/2025\\\/02\\\/114343-zapatillas-bullpadel-pearl-vibram-25v-mujer-cm57006000-gris-oscuro-1200x1200-1.webp\",\"contentUrl\":\"https:\\\/\\\/revolutionpadelstore.com\\\/wp-content\\\/uploads\\\/2025\\\/02\\\/114343-zapatillas-bullpadel-pearl-vibram-25v-mujer-cm57006000-gris-oscuro-1200x1200-1.webp\",\"width\":1200,\"height\":1200},{\"@type\":\"BreadcrumbList\",\"@id\":\"https:\\\/\\\/revolutionpadelstore.com\\\/de\\\/produkt\\\/bullpadel-pearl-vibram-25v-gris-oscuro-mujer-1\\\/#breadcrumb\",\"itemListElement\":[{\"@type\":\"ListItem\",\"position\":1,\"name\":\"Portada\",\"item\":\"https:\\\/\\\/revolutionpadelstore.com\\\/de\\\/\"},{\"@type\":\"ListItem\",\"position\":2,\"name\":\"Shop\",\"item\":\"https:\\\/\\\/revolutionpadelstore.com\\\/de\\\/tienda\\\/\"},{\"@type\":\"ListItem\",\"position\":3,\"name\":\"BULLPADEL PEARL VIBRAM 25V GRIS OSCURO MUJER\"}]},{\"@type\":\"WebSite\",\"@id\":\"https:\\\/\\\/revolutionpadelstore.com\\\/de\\\/#website\",\"url\":\"https:\\\/\\\/revolutionpadelstore.com\\\/de\\\/\",\"name\":\"Revolution Padel Store\",\"description\":\"\",\"publisher\":{\"@id\":\"https:\\\/\\\/revolutionpadelstore.com\\\/de\\\/#organization\"},\"potentialAction\":[{\"@type\":\"SearchAction\",\"target\":{\"@type\":\"EntryPoint\",\"urlTemplate\":\"https:\\\/\\\/revolutionpadelstore.com\\\/de\\\/?s={search_term_string}\"},\"query-input\":{\"@type\":\"PropertyValueSpecification\",\"valueRequired\":true,\"valueName\":\"search_term_string\"}}],\"inLanguage\":\"de\"},{\"@type\":\"Organization\",\"@id\":\"https:\\\/\\\/revolutionpadelstore.com\\\/de\\\/#organization\",\"name\":\"Revolution Padel Store\",\"url\":\"https:\\\/\\\/revolutionpadelstore.com\\\/de\\\/\",\"logo\":{\"@type\":\"ImageObject\",\"inLanguage\":\"de\",\"@id\":\"https:\\\/\\\/revolutionpadelstore.com\\\/de\\\/#\\\/schema\\\/logo\\\/image\\\/\",\"url\":\"https:\\\/\\\/revolutionpadelstore.com\\\/wp-content\\\/uploads\\\/2026\\\/02\\\/revolution-padel-store.jpg\",\"contentUrl\":\"https:\\\/\\\/revolutionpadelstore.com\\\/wp-content\\\/uploads\\\/2026\\\/02\\\/revolution-padel-store.jpg\",\"width\":2000,\"height\":2000,\"caption\":\"Revolution Padel Store\"},\"image\":{\"@id\":\"https:\\\/\\\/revolutionpadelstore.com\\\/de\\\/#\\\/schema\\\/logo\\\/image\\\/\"},\"sameAs\":[\"https:\\\/\\\/www.instagram.com\\\/revolutionpadelstore\\\/\"]}]}<\/script>\n<!-- \/ Yoast SEO plugin. -->","yoast_head_json":{"title":"BULLPADEL PEARL VIBRAM 25V GRIS OSCURO MUJER - Revolution Padel Store","description":"Consigue las Bullpadel Pearl Vibram 25V Negro Mujer al mejor precio. Zapatillas ligeras, transpirables y con suela Vibram para m\u00e1ximo agarre y rendimiento en la pista. \u00a1Compra ahora!","robots":{"index":"index","follow":"follow","max-snippet":"max-snippet:-1","max-image-preview":"max-image-preview:large","max-video-preview":"max-video-preview:-1"},"canonical":"https:\/\/revolutionpadelstore.com\/de\/produkt\/bullpadel-pearl-vibram-25v-gris-oscuro-mujer-1\/","og_locale":"de_DE","og_type":"article","og_title":"BULLPADEL PEARL VIBRAM 25V GRIS OSCURO MUJER - Revolution Padel Store","og_description":"Consigue las Bullpadel Pearl Vibram 25V Negro Mujer al mejor precio. Zapatillas ligeras, transpirables y con suela Vibram para m\u00e1ximo agarre y rendimiento en la pista. \u00a1Compra ahora!","og_url":"https:\/\/revolutionpadelstore.com\/de\/produkt\/bullpadel-pearl-vibram-25v-gris-oscuro-mujer-1\/","og_site_name":"Revolution Padel Store","article_modified_time":"2026-04-08T05:14:43+00:00","og_image":[{"width":1200,"height":1200,"url":"https:\/\/revolutionpadelstore.com\/wp-content\/uploads\/2025\/02\/114343-zapatillas-bullpadel-pearl-vibram-25v-mujer-cm57006000-gris-oscuro-1200x1200-1.webp","type":"image\/webp"}],"twitter_card":"summary_large_image","twitter_misc":{"Gesch\u00e4tzte Lesezeit":"1\u00a0Minute"},"schema":{"@context":"https:\/\/schema.org","@graph":[{"@type":"WebPage","@id":"https:\/\/revolutionpadelstore.com\/de\/produkt\/bullpadel-pearl-vibram-25v-gris-oscuro-mujer-1\/","url":"https:\/\/revolutionpadelstore.com\/de\/produkt\/bullpadel-pearl-vibram-25v-gris-oscuro-mujer-1\/","name":"BULLPADEL PEARL VIBRAM 25V GRIS OSCURO MUJER - Revolution Padel Store","isPartOf":{"@id":"https:\/\/revolutionpadelstore.com\/de\/#website"},"primaryImageOfPage":{"@id":"https:\/\/revolutionpadelstore.com\/de\/produkt\/bullpadel-pearl-vibram-25v-gris-oscuro-mujer-1\/#primaryimage"},"image":{"@id":"https:\/\/revolutionpadelstore.com\/de\/produkt\/bullpadel-pearl-vibram-25v-gris-oscuro-mujer-1\/#primaryimage"},"thumbnailUrl":"https:\/\/revolutionpadelstore.com\/wp-content\/uploads\/2025\/02\/114343-zapatillas-bullpadel-pearl-vibram-25v-mujer-cm57006000-gris-oscuro-1200x1200-1.webp","datePublished":"2025-02-18T19:43:25+00:00","dateModified":"2026-04-08T05:14:43+00:00","description":"Consigue las Bullpadel Pearl Vibram 25V Negro Mujer al mejor precio. Zapatillas ligeras, transpirables y con suela Vibram para m\u00e1ximo agarre y rendimiento en la pista. \u00a1Compra ahora!","breadcrumb":{"@id":"https:\/\/revolutionpadelstore.com\/de\/produkt\/bullpadel-pearl-vibram-25v-gris-oscuro-mujer-1\/#breadcrumb"},"inLanguage":"de","potentialAction":[{"@type":"ReadAction","target":["https:\/\/revolutionpadelstore.com\/de\/produkt\/bullpadel-pearl-vibram-25v-gris-oscuro-mujer-1\/"]}]},{"@type":"ImageObject","inLanguage":"de","@id":"https:\/\/revolutionpadelstore.com\/de\/produkt\/bullpadel-pearl-vibram-25v-gris-oscuro-mujer-1\/#primaryimage","url":"https:\/\/revolutionpadelstore.com\/wp-content\/uploads\/2025\/02\/114343-zapatillas-bullpadel-pearl-vibram-25v-mujer-cm57006000-gris-oscuro-1200x1200-1.webp","contentUrl":"https:\/\/revolutionpadelstore.com\/wp-content\/uploads\/2025\/02\/114343-zapatillas-bullpadel-pearl-vibram-25v-mujer-cm57006000-gris-oscuro-1200x1200-1.webp","width":1200,"height":1200},{"@type":"BreadcrumbList","@id":"https:\/\/revolutionpadelstore.com\/de\/produkt\/bullpadel-pearl-vibram-25v-gris-oscuro-mujer-1\/#breadcrumb","itemListElement":[{"@type":"ListItem","position":1,"name":"Portada","item":"https:\/\/revolutionpadelstore.com\/de\/"},{"@type":"ListItem","position":2,"name":"Shop","item":"https:\/\/revolutionpadelstore.com\/de\/tienda\/"},{"@type":"ListItem","position":3,"name":"BULLPADEL PEARL VIBRAM 25V GRIS OSCURO MUJER"}]},{"@type":"WebSite","@id":"https:\/\/revolutionpadelstore.com\/de\/#website","url":"https:\/\/revolutionpadelstore.com\/de\/","name":"Revolution Padel Store","description":"","publisher":{"@id":"https:\/\/revolutionpadelstore.com\/de\/#organization"},"potentialAction":[{"@type":"SearchAction","target":{"@type":"EntryPoint","urlTemplate":"https:\/\/revolutionpadelstore.com\/de\/?s={search_term_string}"},"query-input":{"@type":"PropertyValueSpecification","valueRequired":true,"valueName":"search_term_string"}}],"inLanguage":"de"},{"@type":"Organization","@id":"https:\/\/revolutionpadelstore.com\/de\/#organization","name":"Revolution Padel Store","url":"https:\/\/revolutionpadelstore.com\/de\/","logo":{"@type":"ImageObject","inLanguage":"de","@id":"https:\/\/revolutionpadelstore.com\/de\/#\/schema\/logo\/image\/","url":"https:\/\/revolutionpadelstore.com\/wp-content\/uploads\/2026\/02\/revolution-padel-store.jpg","contentUrl":"https:\/\/revolutionpadelstore.com\/wp-content\/uploads\/2026\/02\/revolution-padel-store.jpg","width":2000,"height":2000,"caption":"Revolution Padel Store"},"image":{"@id":"https:\/\/revolutionpadelstore.com\/de\/#\/schema\/logo\/image\/"},"sameAs":["https:\/\/www.instagram.com\/revolutionpadelstore\/"]}]}},"_links":{"self":[{"href":"https:\/\/revolutionpadelstore.com\/de\/wp-json\/wp\/v2\/product\/172728","targetHints":{"allow":["GET"]}}],"collection":[{"href":"https:\/\/revolutionpadelstore.com\/de\/wp-json\/wp\/v2\/product"}],"about":[{"href":"https:\/\/revolutionpadelstore.com\/de\/wp-json\/wp\/v2\/types\/product"}],"replies":[{"embeddable":true,"href":"https:\/\/revolutionpadelstore.com\/de\/wp-json\/wp\/v2\/comments?post=172728"}],"wp:featuredmedia":[{"embeddable":true,"href":"https:\/\/revolutionpadelstore.com\/de\/wp-json\/wp\/v2\/media\/172685"}],"wp:attachment":[{"href":"https:\/\/revolutionpadelstore.com\/de\/wp-json\/wp\/v2\/media?parent=172728"}],"wp:term":[{"taxonomy":"acabado","embeddable":true,"href":"https:\/\/revolutionpadelstore.com\/de\/wp-json\/wp\/v2\/acabado?post=172728"},{"taxonomy":"balance","embeddable":true,"href":"https:\/\/revolutionpadelstore.com\/de\/wp-json\/wp\/v2\/balance?post=172728"},{"taxonomy":"dureza","embeddable":true,"href":"https:\/\/revolutionpadelstore.com\/de\/wp-json\/wp\/v2\/dureza?post=172728"},{"taxonomy":"forma","embeddable":true,"href":"https:\/\/revolutionpadelstore.com\/de\/wp-json\/wp\/v2\/forma?post=172728"},{"taxonomy":"jugador","embeddable":true,"href":"https:\/\/revolutionpadelstore.com\/de\/wp-json\/wp\/v2\/jugador?post=172728"},{"taxonomy":"marca","embeddable":true,"href":"https:\/\/revolutionpadelstore.com\/de\/wp-json\/wp\/v2\/marca?post=172728"},{"taxonomy":"nivel-de-juego","embeddable":true,"href":"https:\/\/revolutionpadelstore.com\/de\/wp-json\/wp\/v2\/nivel-de-juego?post=172728"},{"taxonomy":"superficie","embeddable":true,"href":"https:\/\/revolutionpadelstore.com\/de\/wp-json\/wp\/v2\/superficie?post=172728"},{"taxonomy":"tipo-de-juego","embeddable":true,"href":"https:\/\/revolutionpadelstore.com\/de\/wp-json\/wp\/v2\/tipo-de-juego?post=172728"},{"taxonomy":"product_brand","embeddable":true,"href":"https:\/\/revolutionpadelstore.com\/de\/wp-json\/wp\/v2\/product_brand?post=172728"},{"taxonomy":"product_cat","embeddable":true,"href":"https:\/\/revolutionpadelstore.com\/de\/wp-json\/wp\/v2\/product_cat?post=172728"},{"taxonomy":"product_tag","embeddable":true,"href":"https:\/\/revolutionpadelstore.com\/de\/wp-json\/wp\/v2\/product_tag?post=172728"}],"curies":[{"name":"wp","href":"https:\/\/api.w.org\/{rel}","templated":true}]}}