{"id":172650,"date":"2025-02-18T20:28:35","date_gmt":"2025-02-18T19:28:35","guid":{"rendered":"https:\/\/revolutionpadelstore.com\/?post_type=product&#038;p=172650"},"modified":"2026-04-08T07:16:31","modified_gmt":"2026-04-08T05:16:31","slug":"bullpadel-indiga-25v-blanco-1","status":"publish","type":"product","link":"https:\/\/revolutionpadelstore.com\/de\/produkt\/bullpadel-indiga-25v-blanco-1\/","title":{"rendered":"BULLPADEL INDIGA 25V BLANCO"},"content":{"rendered":"<h2> <strong> Bullpadel Indiga 25V Wei\u00df &#8211; Maximaler Griff und Komfort auf der Strecke <\/ strong> <\/ h2><br \/>\nDie <strong> Bullpadel Indiga 25V Blanco <\/strong> sind die perfekte Wahl f\u00fcr Paddelspieler, die nach einem leichten, flexiblen Schuhen und einem au\u00dfergew\u00f6hnlichen Griff suchen. Sie wurden entwickelt, um Stabilit\u00e4t und Komfort zu gew\u00e4hrleisten, und enthalten eine reine Spike -Sohle, die sich ideal f\u00fcr Paddelspuren ideal und in jeder Bewegung h\u00f6here Traktion erm\u00f6glichen.<\/p>\n<p>Seine Struktur in <strong> mesh -Gewebe <\/strong> bevorzugt die Atmungsaktivit\u00e4t und h\u00e4lt frische F\u00fc\u00dfe auch in intensiven Spielen aufrecht. Dar\u00fcber hinaus reduziert innovative <strong> therm versiegelte <\/strong> die N\u00e4hte, um eine gr\u00f6\u00dfere Flexibilit\u00e4t und eine Anpassung des Handschuhtyps zu bieten, wodurch das Gef\u00fchl von Komfort und Trackleistung verbessert wird.<\/p>\n<h2> <strong> Merkmale und prominente Technologien <\/ strong> <\/ h2><\/p>\n<p>-MID STAB-TPU-Stabilisator, der das Gleichgewicht in jeder Verschiebung verbessert.<br \/>\n-Thermo -S\u00e4ge -Seamless -Design, um das Gewicht zu verringern und die Flexibilit\u00e4t zu erh\u00f6hen.<br \/>\n-Sitch Insist -Eva -Gummivorlage, die Polsterung und Komfort optimiert.<br \/>\n-BreathMeh -Textile Innere Auskleidung f\u00fcr ausgezeichnete Performance.<br \/>\n-So -Schild -Verst\u00e4rkung an Seiten und Zeh f\u00fcr gr\u00f6\u00dfere Haltbarkeit und Impact -Schutz.<br \/>\n-Asuela -Unbekannter Griff auf Paddelfl\u00e4chen, maximieren Stabilit\u00e4t und Kontrolle<\/p>\n<h2> <strong> entwickelt f\u00fcr die anspruchsvollen Spieler <\/ strong> <\/ h2><br \/>\nDiese <strong> bullpadel <\/strong> Paddelschuhe sind f\u00fcr Spieler <strong> Intermediate- oder Anf\u00e4ngerebene ausgelegt, die ihre Leistung mit komfortablen und resistenten Schuhen verbessern m\u00f6chten. Sein modernes Design kombiniert Stil und Funktionalit\u00e4t, ideal f\u00fcr diejenigen, die sowohl die sportliche als auch die \u00e4sthetische auf der Strecke priorisieren.<\/p>\n<p><strong> Holen Sie sich heute Ihre und dominieren Sie jeden Punkt mit Sicherheit und Komfort!<\/p>\n<p><strong> In unserem Online -Shop erh\u00e4ltlich <\/strong> &lt;a href = &quot;https:\/\/chatgpt.com\/g\/g-675432e026888191b6ee6d6f2fdbb15e-optimization-textos\/c\/www.revolutionpadelstore.com&quot; <strong> m\u00f6glicherweise zum besten Marktpreis<\/p>\n<h2><strong>Bullpadel Indiga 25V Blanco \u2013 M\u00e1ximo agarre y comodidad en la pista<\/strong><\/p>\n","protected":false},"excerpt":{"rendered":"<p>Die <strong> Bullpadel Indiga 25V Blancas <\/strong> sind Herren -Paddelschuhe, die mit einer Spike -Sohle ausgestattet sind, die den Griff der Strecke verbessert und schnelle, sichere und stabilische Erdrutsche bietet.<strong>Bullpadel Indiga 25V Blancas<\/strong><\/p>\n","protected":false},"featured_media":172615,"comment_status":"open","ping_status":"closed","template":"","meta":{"_acf_changed":false,"_joinchat":[]},"acabado":[],"balance":[],"dureza":[],"forma":[],"jugador":[1189],"marca":[1254],"nivel-de-juego":[],"superficie":[],"tipo-de-juego":[],"product_brand":[],"product_cat":[831],"product_tag":[],"class_list":{"0":"post-172650","1":"product","2":"type-product","3":"status-publish","4":"has-post-thumbnail","6":"jugador-mann","7":"marca-bullpadel-de","8":"product_cat-turnschuhe","10":"first","11":"outofstock","12":"sale","13":"taxable","14":"shipping-taxable","15":"purchasable","16":"product-type-variable"},"acf":[],"yoast_head":"<!-- This site is optimized with the Yoast SEO plugin v27.6 - https:\/\/yoast.com\/product\/yoast-seo-wordpress\/ -->\n<title>BULLPADEL INDIGA 25V BLANCO - Revolution Padel Store<\/title>\n<meta name=\"description\" content=\"Compra las Bullpadel Indiga 25V Blanco, zapatillas de p\u00e1del ligeras y transpirables con suela de espiga para m\u00e1ximo agarre. \u00a1Disponibles en Revolution Padel Store!\" \/>\n<meta name=\"robots\" content=\"index, follow, max-snippet:-1, max-image-preview:large, max-video-preview:-1\" \/>\n<link rel=\"canonical\" href=\"https:\/\/revolutionpadelstore.com\/de\/produkt\/bullpadel-indiga-25v-blanco-1\/\" \/>\n<meta property=\"og:locale\" content=\"de_DE\" \/>\n<meta property=\"og:type\" content=\"article\" \/>\n<meta property=\"og:title\" content=\"BULLPADEL INDIGA 25V BLANCO - Revolution Padel Store\" \/>\n<meta property=\"og:description\" content=\"Compra las Bullpadel Indiga 25V Blanco, zapatillas de p\u00e1del ligeras y transpirables con suela de espiga para m\u00e1ximo agarre. \u00a1Disponibles en Revolution Padel Store!\" \/>\n<meta property=\"og:url\" content=\"https:\/\/revolutionpadelstore.com\/de\/produkt\/bullpadel-indiga-25v-blanco-1\/\" \/>\n<meta property=\"og:site_name\" content=\"Revolution Padel Store\" \/>\n<meta property=\"article:modified_time\" content=\"2026-04-08T05:16:31+00:00\" \/>\n<meta property=\"og:image\" content=\"https:\/\/revolutionpadelstore.com\/wp-content\/uploads\/2025\/02\/114329-zapatillas-bullpadel-indiga-25v-zap-cm56012000-blanco-1200x1200-1.webp\" \/>\n\t<meta property=\"og:image:width\" content=\"1200\" \/>\n\t<meta property=\"og:image:height\" content=\"1200\" \/>\n\t<meta property=\"og:image:type\" content=\"image\/webp\" \/>\n<meta name=\"twitter:card\" content=\"summary_large_image\" \/>\n<meta name=\"twitter:label1\" content=\"Gesch\u00e4tzte Lesezeit\" \/>\n\t<meta name=\"twitter:data1\" content=\"2\u00a0Minuten\" \/>\n<script type=\"application\/ld+json\" class=\"yoast-schema-graph\">{\"@context\":\"https:\\\/\\\/schema.org\",\"@graph\":[{\"@type\":\"WebPage\",\"@id\":\"https:\\\/\\\/revolutionpadelstore.com\\\/de\\\/produkt\\\/bullpadel-indiga-25v-blanco-1\\\/\",\"url\":\"https:\\\/\\\/revolutionpadelstore.com\\\/de\\\/produkt\\\/bullpadel-indiga-25v-blanco-1\\\/\",\"name\":\"BULLPADEL INDIGA 25V BLANCO - Revolution Padel Store\",\"isPartOf\":{\"@id\":\"https:\\\/\\\/revolutionpadelstore.com\\\/de\\\/#website\"},\"primaryImageOfPage\":{\"@id\":\"https:\\\/\\\/revolutionpadelstore.com\\\/de\\\/produkt\\\/bullpadel-indiga-25v-blanco-1\\\/#primaryimage\"},\"image\":{\"@id\":\"https:\\\/\\\/revolutionpadelstore.com\\\/de\\\/produkt\\\/bullpadel-indiga-25v-blanco-1\\\/#primaryimage\"},\"thumbnailUrl\":\"https:\\\/\\\/revolutionpadelstore.com\\\/wp-content\\\/uploads\\\/2025\\\/02\\\/114329-zapatillas-bullpadel-indiga-25v-zap-cm56012000-blanco-1200x1200-1.webp\",\"datePublished\":\"2025-02-18T19:28:35+00:00\",\"dateModified\":\"2026-04-08T05:16:31+00:00\",\"description\":\"Compra las Bullpadel Indiga 25V Blanco, zapatillas de p\u00e1del ligeras y transpirables con suela de espiga para m\u00e1ximo agarre. \u00a1Disponibles en Revolution Padel Store!\",\"breadcrumb\":{\"@id\":\"https:\\\/\\\/revolutionpadelstore.com\\\/de\\\/produkt\\\/bullpadel-indiga-25v-blanco-1\\\/#breadcrumb\"},\"inLanguage\":\"de\",\"potentialAction\":[{\"@type\":\"ReadAction\",\"target\":[\"https:\\\/\\\/revolutionpadelstore.com\\\/de\\\/produkt\\\/bullpadel-indiga-25v-blanco-1\\\/\"]}]},{\"@type\":\"ImageObject\",\"inLanguage\":\"de\",\"@id\":\"https:\\\/\\\/revolutionpadelstore.com\\\/de\\\/produkt\\\/bullpadel-indiga-25v-blanco-1\\\/#primaryimage\",\"url\":\"https:\\\/\\\/revolutionpadelstore.com\\\/wp-content\\\/uploads\\\/2025\\\/02\\\/114329-zapatillas-bullpadel-indiga-25v-zap-cm56012000-blanco-1200x1200-1.webp\",\"contentUrl\":\"https:\\\/\\\/revolutionpadelstore.com\\\/wp-content\\\/uploads\\\/2025\\\/02\\\/114329-zapatillas-bullpadel-indiga-25v-zap-cm56012000-blanco-1200x1200-1.webp\",\"width\":1200,\"height\":1200},{\"@type\":\"BreadcrumbList\",\"@id\":\"https:\\\/\\\/revolutionpadelstore.com\\\/de\\\/produkt\\\/bullpadel-indiga-25v-blanco-1\\\/#breadcrumb\",\"itemListElement\":[{\"@type\":\"ListItem\",\"position\":1,\"name\":\"Portada\",\"item\":\"https:\\\/\\\/revolutionpadelstore.com\\\/de\\\/\"},{\"@type\":\"ListItem\",\"position\":2,\"name\":\"Shop\",\"item\":\"https:\\\/\\\/revolutionpadelstore.com\\\/de\\\/tienda\\\/\"},{\"@type\":\"ListItem\",\"position\":3,\"name\":\"BULLPADEL INDIGA 25V BLANCO\"}]},{\"@type\":\"WebSite\",\"@id\":\"https:\\\/\\\/revolutionpadelstore.com\\\/de\\\/#website\",\"url\":\"https:\\\/\\\/revolutionpadelstore.com\\\/de\\\/\",\"name\":\"Revolution Padel Store\",\"description\":\"\",\"publisher\":{\"@id\":\"https:\\\/\\\/revolutionpadelstore.com\\\/de\\\/#organization\"},\"potentialAction\":[{\"@type\":\"SearchAction\",\"target\":{\"@type\":\"EntryPoint\",\"urlTemplate\":\"https:\\\/\\\/revolutionpadelstore.com\\\/de\\\/?s={search_term_string}\"},\"query-input\":{\"@type\":\"PropertyValueSpecification\",\"valueRequired\":true,\"valueName\":\"search_term_string\"}}],\"inLanguage\":\"de\"},{\"@type\":\"Organization\",\"@id\":\"https:\\\/\\\/revolutionpadelstore.com\\\/de\\\/#organization\",\"name\":\"Revolution Padel Store\",\"url\":\"https:\\\/\\\/revolutionpadelstore.com\\\/de\\\/\",\"logo\":{\"@type\":\"ImageObject\",\"inLanguage\":\"de\",\"@id\":\"https:\\\/\\\/revolutionpadelstore.com\\\/de\\\/#\\\/schema\\\/logo\\\/image\\\/\",\"url\":\"https:\\\/\\\/revolutionpadelstore.com\\\/wp-content\\\/uploads\\\/2026\\\/02\\\/revolution-padel-store.jpg\",\"contentUrl\":\"https:\\\/\\\/revolutionpadelstore.com\\\/wp-content\\\/uploads\\\/2026\\\/02\\\/revolution-padel-store.jpg\",\"width\":2000,\"height\":2000,\"caption\":\"Revolution Padel Store\"},\"image\":{\"@id\":\"https:\\\/\\\/revolutionpadelstore.com\\\/de\\\/#\\\/schema\\\/logo\\\/image\\\/\"},\"sameAs\":[\"https:\\\/\\\/www.instagram.com\\\/revolutionpadelstore\\\/\"]}]}<\/script>\n<!-- \/ Yoast SEO plugin. -->","yoast_head_json":{"title":"BULLPADEL INDIGA 25V BLANCO - Revolution Padel Store","description":"Compra las Bullpadel Indiga 25V Blanco, zapatillas de p\u00e1del ligeras y transpirables con suela de espiga para m\u00e1ximo agarre. \u00a1Disponibles en Revolution Padel Store!","robots":{"index":"index","follow":"follow","max-snippet":"max-snippet:-1","max-image-preview":"max-image-preview:large","max-video-preview":"max-video-preview:-1"},"canonical":"https:\/\/revolutionpadelstore.com\/de\/produkt\/bullpadel-indiga-25v-blanco-1\/","og_locale":"de_DE","og_type":"article","og_title":"BULLPADEL INDIGA 25V BLANCO - Revolution Padel Store","og_description":"Compra las Bullpadel Indiga 25V Blanco, zapatillas de p\u00e1del ligeras y transpirables con suela de espiga para m\u00e1ximo agarre. \u00a1Disponibles en Revolution Padel Store!","og_url":"https:\/\/revolutionpadelstore.com\/de\/produkt\/bullpadel-indiga-25v-blanco-1\/","og_site_name":"Revolution Padel Store","article_modified_time":"2026-04-08T05:16:31+00:00","og_image":[{"width":1200,"height":1200,"url":"https:\/\/revolutionpadelstore.com\/wp-content\/uploads\/2025\/02\/114329-zapatillas-bullpadel-indiga-25v-zap-cm56012000-blanco-1200x1200-1.webp","type":"image\/webp"}],"twitter_card":"summary_large_image","twitter_misc":{"Gesch\u00e4tzte Lesezeit":"2\u00a0Minuten"},"schema":{"@context":"https:\/\/schema.org","@graph":[{"@type":"WebPage","@id":"https:\/\/revolutionpadelstore.com\/de\/produkt\/bullpadel-indiga-25v-blanco-1\/","url":"https:\/\/revolutionpadelstore.com\/de\/produkt\/bullpadel-indiga-25v-blanco-1\/","name":"BULLPADEL INDIGA 25V BLANCO - Revolution Padel Store","isPartOf":{"@id":"https:\/\/revolutionpadelstore.com\/de\/#website"},"primaryImageOfPage":{"@id":"https:\/\/revolutionpadelstore.com\/de\/produkt\/bullpadel-indiga-25v-blanco-1\/#primaryimage"},"image":{"@id":"https:\/\/revolutionpadelstore.com\/de\/produkt\/bullpadel-indiga-25v-blanco-1\/#primaryimage"},"thumbnailUrl":"https:\/\/revolutionpadelstore.com\/wp-content\/uploads\/2025\/02\/114329-zapatillas-bullpadel-indiga-25v-zap-cm56012000-blanco-1200x1200-1.webp","datePublished":"2025-02-18T19:28:35+00:00","dateModified":"2026-04-08T05:16:31+00:00","description":"Compra las Bullpadel Indiga 25V Blanco, zapatillas de p\u00e1del ligeras y transpirables con suela de espiga para m\u00e1ximo agarre. \u00a1Disponibles en Revolution Padel Store!","breadcrumb":{"@id":"https:\/\/revolutionpadelstore.com\/de\/produkt\/bullpadel-indiga-25v-blanco-1\/#breadcrumb"},"inLanguage":"de","potentialAction":[{"@type":"ReadAction","target":["https:\/\/revolutionpadelstore.com\/de\/produkt\/bullpadel-indiga-25v-blanco-1\/"]}]},{"@type":"ImageObject","inLanguage":"de","@id":"https:\/\/revolutionpadelstore.com\/de\/produkt\/bullpadel-indiga-25v-blanco-1\/#primaryimage","url":"https:\/\/revolutionpadelstore.com\/wp-content\/uploads\/2025\/02\/114329-zapatillas-bullpadel-indiga-25v-zap-cm56012000-blanco-1200x1200-1.webp","contentUrl":"https:\/\/revolutionpadelstore.com\/wp-content\/uploads\/2025\/02\/114329-zapatillas-bullpadel-indiga-25v-zap-cm56012000-blanco-1200x1200-1.webp","width":1200,"height":1200},{"@type":"BreadcrumbList","@id":"https:\/\/revolutionpadelstore.com\/de\/produkt\/bullpadel-indiga-25v-blanco-1\/#breadcrumb","itemListElement":[{"@type":"ListItem","position":1,"name":"Portada","item":"https:\/\/revolutionpadelstore.com\/de\/"},{"@type":"ListItem","position":2,"name":"Shop","item":"https:\/\/revolutionpadelstore.com\/de\/tienda\/"},{"@type":"ListItem","position":3,"name":"BULLPADEL INDIGA 25V BLANCO"}]},{"@type":"WebSite","@id":"https:\/\/revolutionpadelstore.com\/de\/#website","url":"https:\/\/revolutionpadelstore.com\/de\/","name":"Revolution Padel Store","description":"","publisher":{"@id":"https:\/\/revolutionpadelstore.com\/de\/#organization"},"potentialAction":[{"@type":"SearchAction","target":{"@type":"EntryPoint","urlTemplate":"https:\/\/revolutionpadelstore.com\/de\/?s={search_term_string}"},"query-input":{"@type":"PropertyValueSpecification","valueRequired":true,"valueName":"search_term_string"}}],"inLanguage":"de"},{"@type":"Organization","@id":"https:\/\/revolutionpadelstore.com\/de\/#organization","name":"Revolution Padel Store","url":"https:\/\/revolutionpadelstore.com\/de\/","logo":{"@type":"ImageObject","inLanguage":"de","@id":"https:\/\/revolutionpadelstore.com\/de\/#\/schema\/logo\/image\/","url":"https:\/\/revolutionpadelstore.com\/wp-content\/uploads\/2026\/02\/revolution-padel-store.jpg","contentUrl":"https:\/\/revolutionpadelstore.com\/wp-content\/uploads\/2026\/02\/revolution-padel-store.jpg","width":2000,"height":2000,"caption":"Revolution Padel Store"},"image":{"@id":"https:\/\/revolutionpadelstore.com\/de\/#\/schema\/logo\/image\/"},"sameAs":["https:\/\/www.instagram.com\/revolutionpadelstore\/"]}]}},"_links":{"self":[{"href":"https:\/\/revolutionpadelstore.com\/de\/wp-json\/wp\/v2\/product\/172650","targetHints":{"allow":["GET"]}}],"collection":[{"href":"https:\/\/revolutionpadelstore.com\/de\/wp-json\/wp\/v2\/product"}],"about":[{"href":"https:\/\/revolutionpadelstore.com\/de\/wp-json\/wp\/v2\/types\/product"}],"replies":[{"embeddable":true,"href":"https:\/\/revolutionpadelstore.com\/de\/wp-json\/wp\/v2\/comments?post=172650"}],"wp:featuredmedia":[{"embeddable":true,"href":"https:\/\/revolutionpadelstore.com\/de\/wp-json\/wp\/v2\/media\/172615"}],"wp:attachment":[{"href":"https:\/\/revolutionpadelstore.com\/de\/wp-json\/wp\/v2\/media?parent=172650"}],"wp:term":[{"taxonomy":"acabado","embeddable":true,"href":"https:\/\/revolutionpadelstore.com\/de\/wp-json\/wp\/v2\/acabado?post=172650"},{"taxonomy":"balance","embeddable":true,"href":"https:\/\/revolutionpadelstore.com\/de\/wp-json\/wp\/v2\/balance?post=172650"},{"taxonomy":"dureza","embeddable":true,"href":"https:\/\/revolutionpadelstore.com\/de\/wp-json\/wp\/v2\/dureza?post=172650"},{"taxonomy":"forma","embeddable":true,"href":"https:\/\/revolutionpadelstore.com\/de\/wp-json\/wp\/v2\/forma?post=172650"},{"taxonomy":"jugador","embeddable":true,"href":"https:\/\/revolutionpadelstore.com\/de\/wp-json\/wp\/v2\/jugador?post=172650"},{"taxonomy":"marca","embeddable":true,"href":"https:\/\/revolutionpadelstore.com\/de\/wp-json\/wp\/v2\/marca?post=172650"},{"taxonomy":"nivel-de-juego","embeddable":true,"href":"https:\/\/revolutionpadelstore.com\/de\/wp-json\/wp\/v2\/nivel-de-juego?post=172650"},{"taxonomy":"superficie","embeddable":true,"href":"https:\/\/revolutionpadelstore.com\/de\/wp-json\/wp\/v2\/superficie?post=172650"},{"taxonomy":"tipo-de-juego","embeddable":true,"href":"https:\/\/revolutionpadelstore.com\/de\/wp-json\/wp\/v2\/tipo-de-juego?post=172650"},{"taxonomy":"product_brand","embeddable":true,"href":"https:\/\/revolutionpadelstore.com\/de\/wp-json\/wp\/v2\/product_brand?post=172650"},{"taxonomy":"product_cat","embeddable":true,"href":"https:\/\/revolutionpadelstore.com\/de\/wp-json\/wp\/v2\/product_cat?post=172650"},{"taxonomy":"product_tag","embeddable":true,"href":"https:\/\/revolutionpadelstore.com\/de\/wp-json\/wp\/v2\/product_tag?post=172650"}],"curies":[{"name":"wp","href":"https:\/\/api.w.org\/{rel}","templated":true}]}}