{"id":172401,"date":"2025-02-18T19:39:16","date_gmt":"2025-02-18T18:39:16","guid":{"rendered":"https:\/\/revolutionpadelstore.com\/bullpadel-hybrid-fly-25v-azul-marino\/"},"modified":"2026-04-08T07:20:58","modified_gmt":"2026-04-08T05:20:58","slug":"bullpadel-hybrid-fly-25v-azul-marino-1","status":"publish","type":"product","link":"https:\/\/revolutionpadelstore.com\/de\/produkt\/bullpadel-hybrid-fly-25v-azul-marino-1\/","title":{"rendered":"BULLPADEL HYBRID FLY 25V AZUL MARINO"},"content":{"rendered":"<h2> Bullpadel Hybrid Fly 25V Marineblau &#8211; Geschwindigkeit und Beweglichkeit auf der Strecke <\/ h2><br \/>\nDie <strong> Bullpadel Hybrid Fly 25 V Navy Blue <\/strong> sind die perfekten Schuhe f\u00fcr Spieler, die maximal aussehen. In der <strong> Fastlab -Linie <\/strong> sind sie f\u00fcr ihre ultraleichte und aerodynamische Konstruktion hervorgegangen, sodass Sie sich schneller und pr\u00e4zise auf der Strecke bewegen k\u00f6nnen.<\/p>\n<h2> Ausstehende Technologien <\/H2><\/p>\n<p>-Hybrid 360\u00ba-Sole mit Rotoxsystem: Verbessert die Traktion und erleichtert schnelle Kurven.<br \/>\n-X-trans Basis: h\u00f6here laterale Stabilit\u00e4t bei anspruchsvollen Bewegungen.<br \/>\n-Sitch Insist: Bietet \u00fcberlegenes Kissen und Unterst\u00fctzung.<br \/>\n-UMPER THERMOSEALED UND AMMMEHEH: Sie verbinden Leichtigkeit und Atmungsaktivit\u00e4t, um Ihre F\u00fc\u00dfe frisch zu halten.<br \/>\n-Pountera Sohle Shield: Verst\u00e4rkung in der Vorderzone f\u00fcr eine gr\u00f6\u00dfere Haltbarkeit.<br \/>\n-Flex -Riss in der Sohle: Leistungsflexibilit\u00e4t f\u00fcr Naturverschiebungen.<br \/>\n-Rarco Mid Stab und Bewegung seitlich: Stabilit\u00e4t und Komfort in jedem Schritt<\/p>\n<h2> optimale Leistung in jeder Partei <\/ h2><br \/>\nDiese Schuhe sind speziell f\u00fcr synthetische Oberfl\u00e4chen entwickelt und bieten eine ideale Balance zwischen Geschwindigkeit und Kontrolle. Sein Design in <strong> Marine Blue <\/strong> kombiniert sich leicht mit jedem Paddel -Outfit und bietet Ihnen einen sportlichen und raffinierten Stil.<\/p>\n<h2> consiguelas zum besten Preis <\/ h2><br \/>\nHolen Sie sich in unserem Online -Shop <strong> <a>, wahrscheinlich zum besten Marktpreis. Erh\u00f6hen Sie Ihr Spiel mit den perfekten Schuhen!<\/p>\n<h2>Bullpadel Hybrid Fly 25V Azul Marino \u2013 Velocidad y Agilidad en la Pista<\/h2>\n","protected":false},"excerpt":{"rendered":"<p>Bullpadel Hybrid Fly 25V -Schuhe werden erstellt, um maximale Geschwindigkeit und Stabilit\u00e4tsleistung zu bieten. Dank seiner hybriden Sohle und des innovativen Rotox -Systems garantieren sie einen hervorragenden Griff und Anpassung an jede Art von Oberfl\u00e4che.<\/p>\n","protected":false},"featured_media":172360,"comment_status":"open","ping_status":"closed","template":"","meta":{"_acf_changed":false,"_joinchat":[]},"acabado":[],"balance":[],"dureza":[],"forma":[],"jugador":[1189],"marca":[1254],"nivel-de-juego":[],"superficie":[],"tipo-de-juego":[],"product_brand":[],"product_cat":[831],"product_tag":[],"class_list":{"0":"post-172401","1":"product","2":"type-product","3":"status-publish","4":"has-post-thumbnail","6":"jugador-mann","7":"marca-bullpadel-de","8":"product_cat-turnschuhe","10":"first","11":"outofstock","12":"sale","13":"taxable","14":"shipping-taxable","15":"purchasable","16":"product-type-variable"},"acf":[],"yoast_head":"<!-- This site is optimized with the Yoast SEO plugin v27.4 - https:\/\/yoast.com\/product\/yoast-seo-wordpress\/ -->\n<title>BULLPADEL HYBRID FLY 25V AZUL MARINO - Revolution Padel Store<\/title>\n<meta name=\"description\" content=\"Compra las Bullpadel Hybrid Fly 25V Azul Marino al mejor precio. Zapatillas ligeras, transpirables y con m\u00e1xima estabilidad para mejorar tu juego en la pista.\" \/>\n<meta name=\"robots\" content=\"index, follow, max-snippet:-1, max-image-preview:large, max-video-preview:-1\" \/>\n<link rel=\"canonical\" href=\"https:\/\/revolutionpadelstore.com\/de\/produkt\/bullpadel-hybrid-fly-25v-azul-marino-1\/\" \/>\n<meta property=\"og:locale\" content=\"de_DE\" \/>\n<meta property=\"og:type\" content=\"article\" \/>\n<meta property=\"og:title\" content=\"BULLPADEL HYBRID FLY 25V AZUL MARINO - Revolution Padel Store\" \/>\n<meta property=\"og:description\" content=\"Compra las Bullpadel Hybrid Fly 25V Azul Marino al mejor precio. Zapatillas ligeras, transpirables y con m\u00e1xima estabilidad para mejorar tu juego en la pista.\" \/>\n<meta property=\"og:url\" content=\"https:\/\/revolutionpadelstore.com\/de\/produkt\/bullpadel-hybrid-fly-25v-azul-marino-1\/\" \/>\n<meta property=\"og:site_name\" content=\"Revolution Padel Store\" \/>\n<meta property=\"article:modified_time\" content=\"2026-04-08T05:20:58+00:00\" \/>\n<meta property=\"og:image\" content=\"https:\/\/revolutionpadelstore.com\/wp-content\/uploads\/2025\/02\/114322-zapatillas-bullpadel-hybrid-fly-25v-cm54004000-azul-marino-1200x1200-1.webp\" \/>\n\t<meta property=\"og:image:width\" content=\"1200\" \/>\n\t<meta property=\"og:image:height\" content=\"1200\" \/>\n\t<meta property=\"og:image:type\" content=\"image\/webp\" \/>\n<meta name=\"twitter:card\" content=\"summary_large_image\" \/>\n<meta name=\"twitter:label1\" content=\"Gesch\u00e4tzte Lesezeit\" \/>\n\t<meta name=\"twitter:data1\" content=\"1\u00a0Minute\" \/>\n<script type=\"application\/ld+json\" class=\"yoast-schema-graph\">{\"@context\":\"https:\\\/\\\/schema.org\",\"@graph\":[{\"@type\":\"WebPage\",\"@id\":\"https:\\\/\\\/revolutionpadelstore.com\\\/de\\\/produkt\\\/bullpadel-hybrid-fly-25v-azul-marino-1\\\/\",\"url\":\"https:\\\/\\\/revolutionpadelstore.com\\\/de\\\/produkt\\\/bullpadel-hybrid-fly-25v-azul-marino-1\\\/\",\"name\":\"BULLPADEL HYBRID FLY 25V AZUL MARINO - Revolution Padel Store\",\"isPartOf\":{\"@id\":\"https:\\\/\\\/revolutionpadelstore.com\\\/de\\\/#website\"},\"primaryImageOfPage\":{\"@id\":\"https:\\\/\\\/revolutionpadelstore.com\\\/de\\\/produkt\\\/bullpadel-hybrid-fly-25v-azul-marino-1\\\/#primaryimage\"},\"image\":{\"@id\":\"https:\\\/\\\/revolutionpadelstore.com\\\/de\\\/produkt\\\/bullpadel-hybrid-fly-25v-azul-marino-1\\\/#primaryimage\"},\"thumbnailUrl\":\"https:\\\/\\\/revolutionpadelstore.com\\\/wp-content\\\/uploads\\\/2025\\\/02\\\/114322-zapatillas-bullpadel-hybrid-fly-25v-cm54004000-azul-marino-1200x1200-1.webp\",\"datePublished\":\"2025-02-18T18:39:16+00:00\",\"dateModified\":\"2026-04-08T05:20:58+00:00\",\"description\":\"Compra las Bullpadel Hybrid Fly 25V Azul Marino al mejor precio. Zapatillas ligeras, transpirables y con m\u00e1xima estabilidad para mejorar tu juego en la pista.\",\"breadcrumb\":{\"@id\":\"https:\\\/\\\/revolutionpadelstore.com\\\/de\\\/produkt\\\/bullpadel-hybrid-fly-25v-azul-marino-1\\\/#breadcrumb\"},\"inLanguage\":\"de\",\"potentialAction\":[{\"@type\":\"ReadAction\",\"target\":[\"https:\\\/\\\/revolutionpadelstore.com\\\/de\\\/produkt\\\/bullpadel-hybrid-fly-25v-azul-marino-1\\\/\"]}]},{\"@type\":\"ImageObject\",\"inLanguage\":\"de\",\"@id\":\"https:\\\/\\\/revolutionpadelstore.com\\\/de\\\/produkt\\\/bullpadel-hybrid-fly-25v-azul-marino-1\\\/#primaryimage\",\"url\":\"https:\\\/\\\/revolutionpadelstore.com\\\/wp-content\\\/uploads\\\/2025\\\/02\\\/114322-zapatillas-bullpadel-hybrid-fly-25v-cm54004000-azul-marino-1200x1200-1.webp\",\"contentUrl\":\"https:\\\/\\\/revolutionpadelstore.com\\\/wp-content\\\/uploads\\\/2025\\\/02\\\/114322-zapatillas-bullpadel-hybrid-fly-25v-cm54004000-azul-marino-1200x1200-1.webp\",\"width\":1200,\"height\":1200},{\"@type\":\"BreadcrumbList\",\"@id\":\"https:\\\/\\\/revolutionpadelstore.com\\\/de\\\/produkt\\\/bullpadel-hybrid-fly-25v-azul-marino-1\\\/#breadcrumb\",\"itemListElement\":[{\"@type\":\"ListItem\",\"position\":1,\"name\":\"Portada\",\"item\":\"https:\\\/\\\/revolutionpadelstore.com\\\/de\\\/\"},{\"@type\":\"ListItem\",\"position\":2,\"name\":\"Shop\",\"item\":\"https:\\\/\\\/revolutionpadelstore.com\\\/de\\\/tienda\\\/\"},{\"@type\":\"ListItem\",\"position\":3,\"name\":\"BULLPADEL HYBRID FLY 25V AZUL MARINO\"}]},{\"@type\":\"WebSite\",\"@id\":\"https:\\\/\\\/revolutionpadelstore.com\\\/de\\\/#website\",\"url\":\"https:\\\/\\\/revolutionpadelstore.com\\\/de\\\/\",\"name\":\"Revolution Padel Store\",\"description\":\"\",\"publisher\":{\"@id\":\"https:\\\/\\\/revolutionpadelstore.com\\\/de\\\/#organization\"},\"potentialAction\":[{\"@type\":\"SearchAction\",\"target\":{\"@type\":\"EntryPoint\",\"urlTemplate\":\"https:\\\/\\\/revolutionpadelstore.com\\\/de\\\/?s={search_term_string}\"},\"query-input\":{\"@type\":\"PropertyValueSpecification\",\"valueRequired\":true,\"valueName\":\"search_term_string\"}}],\"inLanguage\":\"de\"},{\"@type\":\"Organization\",\"@id\":\"https:\\\/\\\/revolutionpadelstore.com\\\/de\\\/#organization\",\"name\":\"Revolution Padel Store\",\"url\":\"https:\\\/\\\/revolutionpadelstore.com\\\/de\\\/\",\"logo\":{\"@type\":\"ImageObject\",\"inLanguage\":\"de\",\"@id\":\"https:\\\/\\\/revolutionpadelstore.com\\\/de\\\/#\\\/schema\\\/logo\\\/image\\\/\",\"url\":\"https:\\\/\\\/revolutionpadelstore.com\\\/wp-content\\\/uploads\\\/2026\\\/02\\\/revolution-padel-store.jpg\",\"contentUrl\":\"https:\\\/\\\/revolutionpadelstore.com\\\/wp-content\\\/uploads\\\/2026\\\/02\\\/revolution-padel-store.jpg\",\"width\":2000,\"height\":2000,\"caption\":\"Revolution Padel Store\"},\"image\":{\"@id\":\"https:\\\/\\\/revolutionpadelstore.com\\\/de\\\/#\\\/schema\\\/logo\\\/image\\\/\"},\"sameAs\":[\"https:\\\/\\\/www.instagram.com\\\/revolutionpadelstore\\\/\"]}]}<\/script>\n<!-- \/ Yoast SEO plugin. -->","yoast_head_json":{"title":"BULLPADEL HYBRID FLY 25V AZUL MARINO - Revolution Padel Store","description":"Compra las Bullpadel Hybrid Fly 25V Azul Marino al mejor precio. Zapatillas ligeras, transpirables y con m\u00e1xima estabilidad para mejorar tu juego en la pista.","robots":{"index":"index","follow":"follow","max-snippet":"max-snippet:-1","max-image-preview":"max-image-preview:large","max-video-preview":"max-video-preview:-1"},"canonical":"https:\/\/revolutionpadelstore.com\/de\/produkt\/bullpadel-hybrid-fly-25v-azul-marino-1\/","og_locale":"de_DE","og_type":"article","og_title":"BULLPADEL HYBRID FLY 25V AZUL MARINO - Revolution Padel Store","og_description":"Compra las Bullpadel Hybrid Fly 25V Azul Marino al mejor precio. Zapatillas ligeras, transpirables y con m\u00e1xima estabilidad para mejorar tu juego en la pista.","og_url":"https:\/\/revolutionpadelstore.com\/de\/produkt\/bullpadel-hybrid-fly-25v-azul-marino-1\/","og_site_name":"Revolution Padel Store","article_modified_time":"2026-04-08T05:20:58+00:00","og_image":[{"width":1200,"height":1200,"url":"https:\/\/revolutionpadelstore.com\/wp-content\/uploads\/2025\/02\/114322-zapatillas-bullpadel-hybrid-fly-25v-cm54004000-azul-marino-1200x1200-1.webp","type":"image\/webp"}],"twitter_card":"summary_large_image","twitter_misc":{"Gesch\u00e4tzte Lesezeit":"1\u00a0Minute"},"schema":{"@context":"https:\/\/schema.org","@graph":[{"@type":"WebPage","@id":"https:\/\/revolutionpadelstore.com\/de\/produkt\/bullpadel-hybrid-fly-25v-azul-marino-1\/","url":"https:\/\/revolutionpadelstore.com\/de\/produkt\/bullpadel-hybrid-fly-25v-azul-marino-1\/","name":"BULLPADEL HYBRID FLY 25V AZUL MARINO - Revolution Padel Store","isPartOf":{"@id":"https:\/\/revolutionpadelstore.com\/de\/#website"},"primaryImageOfPage":{"@id":"https:\/\/revolutionpadelstore.com\/de\/produkt\/bullpadel-hybrid-fly-25v-azul-marino-1\/#primaryimage"},"image":{"@id":"https:\/\/revolutionpadelstore.com\/de\/produkt\/bullpadel-hybrid-fly-25v-azul-marino-1\/#primaryimage"},"thumbnailUrl":"https:\/\/revolutionpadelstore.com\/wp-content\/uploads\/2025\/02\/114322-zapatillas-bullpadel-hybrid-fly-25v-cm54004000-azul-marino-1200x1200-1.webp","datePublished":"2025-02-18T18:39:16+00:00","dateModified":"2026-04-08T05:20:58+00:00","description":"Compra las Bullpadel Hybrid Fly 25V Azul Marino al mejor precio. Zapatillas ligeras, transpirables y con m\u00e1xima estabilidad para mejorar tu juego en la pista.","breadcrumb":{"@id":"https:\/\/revolutionpadelstore.com\/de\/produkt\/bullpadel-hybrid-fly-25v-azul-marino-1\/#breadcrumb"},"inLanguage":"de","potentialAction":[{"@type":"ReadAction","target":["https:\/\/revolutionpadelstore.com\/de\/produkt\/bullpadel-hybrid-fly-25v-azul-marino-1\/"]}]},{"@type":"ImageObject","inLanguage":"de","@id":"https:\/\/revolutionpadelstore.com\/de\/produkt\/bullpadel-hybrid-fly-25v-azul-marino-1\/#primaryimage","url":"https:\/\/revolutionpadelstore.com\/wp-content\/uploads\/2025\/02\/114322-zapatillas-bullpadel-hybrid-fly-25v-cm54004000-azul-marino-1200x1200-1.webp","contentUrl":"https:\/\/revolutionpadelstore.com\/wp-content\/uploads\/2025\/02\/114322-zapatillas-bullpadel-hybrid-fly-25v-cm54004000-azul-marino-1200x1200-1.webp","width":1200,"height":1200},{"@type":"BreadcrumbList","@id":"https:\/\/revolutionpadelstore.com\/de\/produkt\/bullpadel-hybrid-fly-25v-azul-marino-1\/#breadcrumb","itemListElement":[{"@type":"ListItem","position":1,"name":"Portada","item":"https:\/\/revolutionpadelstore.com\/de\/"},{"@type":"ListItem","position":2,"name":"Shop","item":"https:\/\/revolutionpadelstore.com\/de\/tienda\/"},{"@type":"ListItem","position":3,"name":"BULLPADEL HYBRID FLY 25V AZUL MARINO"}]},{"@type":"WebSite","@id":"https:\/\/revolutionpadelstore.com\/de\/#website","url":"https:\/\/revolutionpadelstore.com\/de\/","name":"Revolution Padel Store","description":"","publisher":{"@id":"https:\/\/revolutionpadelstore.com\/de\/#organization"},"potentialAction":[{"@type":"SearchAction","target":{"@type":"EntryPoint","urlTemplate":"https:\/\/revolutionpadelstore.com\/de\/?s={search_term_string}"},"query-input":{"@type":"PropertyValueSpecification","valueRequired":true,"valueName":"search_term_string"}}],"inLanguage":"de"},{"@type":"Organization","@id":"https:\/\/revolutionpadelstore.com\/de\/#organization","name":"Revolution Padel Store","url":"https:\/\/revolutionpadelstore.com\/de\/","logo":{"@type":"ImageObject","inLanguage":"de","@id":"https:\/\/revolutionpadelstore.com\/de\/#\/schema\/logo\/image\/","url":"https:\/\/revolutionpadelstore.com\/wp-content\/uploads\/2026\/02\/revolution-padel-store.jpg","contentUrl":"https:\/\/revolutionpadelstore.com\/wp-content\/uploads\/2026\/02\/revolution-padel-store.jpg","width":2000,"height":2000,"caption":"Revolution Padel Store"},"image":{"@id":"https:\/\/revolutionpadelstore.com\/de\/#\/schema\/logo\/image\/"},"sameAs":["https:\/\/www.instagram.com\/revolutionpadelstore\/"]}]}},"_links":{"self":[{"href":"https:\/\/revolutionpadelstore.com\/de\/wp-json\/wp\/v2\/product\/172401","targetHints":{"allow":["GET"]}}],"collection":[{"href":"https:\/\/revolutionpadelstore.com\/de\/wp-json\/wp\/v2\/product"}],"about":[{"href":"https:\/\/revolutionpadelstore.com\/de\/wp-json\/wp\/v2\/types\/product"}],"replies":[{"embeddable":true,"href":"https:\/\/revolutionpadelstore.com\/de\/wp-json\/wp\/v2\/comments?post=172401"}],"wp:featuredmedia":[{"embeddable":true,"href":"https:\/\/revolutionpadelstore.com\/de\/wp-json\/wp\/v2\/media\/172360"}],"wp:attachment":[{"href":"https:\/\/revolutionpadelstore.com\/de\/wp-json\/wp\/v2\/media?parent=172401"}],"wp:term":[{"taxonomy":"acabado","embeddable":true,"href":"https:\/\/revolutionpadelstore.com\/de\/wp-json\/wp\/v2\/acabado?post=172401"},{"taxonomy":"balance","embeddable":true,"href":"https:\/\/revolutionpadelstore.com\/de\/wp-json\/wp\/v2\/balance?post=172401"},{"taxonomy":"dureza","embeddable":true,"href":"https:\/\/revolutionpadelstore.com\/de\/wp-json\/wp\/v2\/dureza?post=172401"},{"taxonomy":"forma","embeddable":true,"href":"https:\/\/revolutionpadelstore.com\/de\/wp-json\/wp\/v2\/forma?post=172401"},{"taxonomy":"jugador","embeddable":true,"href":"https:\/\/revolutionpadelstore.com\/de\/wp-json\/wp\/v2\/jugador?post=172401"},{"taxonomy":"marca","embeddable":true,"href":"https:\/\/revolutionpadelstore.com\/de\/wp-json\/wp\/v2\/marca?post=172401"},{"taxonomy":"nivel-de-juego","embeddable":true,"href":"https:\/\/revolutionpadelstore.com\/de\/wp-json\/wp\/v2\/nivel-de-juego?post=172401"},{"taxonomy":"superficie","embeddable":true,"href":"https:\/\/revolutionpadelstore.com\/de\/wp-json\/wp\/v2\/superficie?post=172401"},{"taxonomy":"tipo-de-juego","embeddable":true,"href":"https:\/\/revolutionpadelstore.com\/de\/wp-json\/wp\/v2\/tipo-de-juego?post=172401"},{"taxonomy":"product_brand","embeddable":true,"href":"https:\/\/revolutionpadelstore.com\/de\/wp-json\/wp\/v2\/product_brand?post=172401"},{"taxonomy":"product_cat","embeddable":true,"href":"https:\/\/revolutionpadelstore.com\/de\/wp-json\/wp\/v2\/product_cat?post=172401"},{"taxonomy":"product_tag","embeddable":true,"href":"https:\/\/revolutionpadelstore.com\/de\/wp-json\/wp\/v2\/product_tag?post=172401"}],"curies":[{"name":"wp","href":"https:\/\/api.w.org\/{rel}","templated":true}]}}