{"id":172233,"date":"2025-02-18T19:10:45","date_gmt":"2025-02-18T18:10:45","guid":{"rendered":"https:\/\/revolutionpadelstore.com\/bullpadel-xplo-vibram-25v-lima\/"},"modified":"2026-04-08T07:24:18","modified_gmt":"2026-04-08T05:24:18","slug":"bullpadel-xplo-vibram-25v-lima","status":"publish","type":"product","link":"https:\/\/revolutionpadelstore.com\/de\/produkt\/bullpadel-xplo-vibram-25v-lima\/","title":{"rendered":"BULLPADEL XPLO VIBRAM 25V LIMA"},"content":{"rendered":"<h2> Bullpadel Xplo Vibram 25 V Lima &#8211; Maximale Geschwindigkeit und Griff auf der Strecke<br \/>\n<strong> dominiert jeden Punkt mit dem Bullpadel Xplo Vibram 25V Lima Schuhe <\/strong>, dem von <strong> Mart\u00edn di Nenno <\/strong> ausgew\u00e4hlten Modell. Die fortschrittliche Technologie entwickelt f\u00fcr schnelle und dynamische Spieler und erm\u00f6glicht es Ihnen, Beweglichkeit zu bewegen, ohne die Stabilit\u00e4t zu verlieren.<\/p>\n<h2> <strong> Vibram -Technologie f\u00fcr einen Top -Grip <\/ strong> <\/ h2><br \/>\nDank ihrer <strong> Vibram Hybrid -Sohle <\/strong> bieten diese Schuhe die perfekte Balance zwischen <strong> Traktion und Gleit <\/strong>, wodurch sofortige Reaktionen auf der Strecke erm\u00f6glicht werden. Dar\u00fcber hinaus garantiert die doppelte Spikeh\u00f6he in jeder Verschiebung eine sichere und stabile Bewegung <\/strong>.<\/p>\n<h2> <strong> Maximaler Komfort und Atmungsaktivit\u00e4t <\/ strong> <\/ h2><br \/>\nDas <strong> Obermaterial mit BreathMesh <\/strong> Technologie beg\u00fcnstigt die Luftkreislauf, die Ihre frischen und komfortablen F\u00fc\u00dfe bei den anspruchsvollsten Spielen beibeh\u00e4lt. Dar\u00fcber hinaus bieten seine ergonomische und <strong> Hochleistungsd\u00e4mpfung <\/strong> eine sichere Kulisse f\u00fcr lange Spielsitzungen.<\/p>\n<h2> <strong> Prominente Eigenschaften <\/ strong> <\/ h2><br \/>\n-Mid STAB: TPU -Stabilisator, der das Gleichgewicht in jedem Schritt verbessert.<br \/>\n-Toottoe: Verst\u00e4rkung in der Vorderzone f\u00fcr einen gr\u00f6\u00dferen Verschlei\u00dffestigkeit.<br \/>\n-Die Bewegung: Kanal in der Sohle, die die D\u00e4mpfung verbessert.<br \/>\n-Thermo -Angewogen: Licht und elastisches Material f\u00fcr mehr Komfort.<br \/>\n-Hybrid 360\u00ba: Hybrid -Sohle -Design f\u00fcr einen unschlagbaren Griff auf jeder Oberfl\u00e4che.<\/p>\n<h2> <strong> Spiel als Profi <\/ strong> <\/ h2><br \/>\nWenn Sie nach <strong> Paddle -Turnschuhen f\u00fcr M\u00e4nner <\/strong> mit der besten Technologie suchen, sind die <strong> Bullpadel XPlo Vibram 25V Lima <\/strong> die perfekte Wahl. Verwenden Sie sie, um Ihre Geschwindigkeit und Kontrolle auf der Strecke zu verbessern, ebenso wie Mart\u00edn di Nenno.<\/p>\n<p><strong> Kaufen Sie sie jetzt in unserem Online -Shop <a href=\"https:\/\/www.revolutionpadelstore.com\/\"> www.revolutionpadelstore.com <\/a> wahrscheinlich zum besten Marktpreis.<\/p>\n<h2>Bullpadel XPLO Vibram 25V Lima \u2013 M\u00e1xima velocidad y agarre en la pista<\/h2>\n","protected":false},"excerpt":{"rendered":"<p>Der <strong> Bullpadel Xplo Vibram 25V Lima <\/strong>, der offizielle <strong> mart\u00edn di nenno <\/strong>, ist so konzipiert, dass er eine perfekte Kombination aus <strong> Geschwindigkeit, Traktion und Stabilit\u00e4t <\/strong> bietet. Es wurde f\u00fcr dynamische Spieler entwickelt und enth\u00e4lt eine <strong> hybride Vibram -Sohle <\/strong> und Avant -Gartde -Technologie, die auf der Strecke <strong> schnelle und sichere Bewegungen <\/strong> gew\u00e4hrleistet.<strong>Bullpadel XPLO Vibram 25V Lima<\/strong><\/p>\n","protected":false},"featured_media":172182,"comment_status":"open","ping_status":"closed","template":"","meta":{"_acf_changed":false,"_joinchat":[]},"acabado":[],"balance":[],"dureza":[],"forma":[],"jugador":[1189],"marca":[1254],"nivel-de-juego":[],"superficie":[],"tipo-de-juego":[],"product_brand":[],"product_cat":[831],"product_tag":[],"class_list":{"0":"post-172233","1":"product","2":"type-product","3":"status-publish","4":"has-post-thumbnail","6":"jugador-mann","7":"marca-bullpadel-de","8":"product_cat-turnschuhe","10":"first","11":"outofstock","12":"sale","13":"taxable","14":"shipping-taxable","15":"purchasable","16":"product-type-variable"},"acf":[],"yoast_head":"<!-- This site is optimized with the Yoast SEO plugin v27.4 - https:\/\/yoast.com\/product\/yoast-seo-wordpress\/ -->\n<title>BULLPADEL XPLO VIBRAM 25V LIMA - Revolution Padel Store<\/title>\n<meta name=\"description\" content=\"Si buscas\u00a0zapatillas de p\u00e1del para hombre\u00a0con la mejor tecnolog\u00eda, las\u00a0Bullpadel XPLO Vibram 25V Lima\u00a0son la elecci\u00f3n perfecta. \u00dasalas para potenciar tu velocidad y control en la pista, al igual que lo hace Mart\u00edn Di Nenno.\" \/>\n<meta name=\"robots\" content=\"index, follow, max-snippet:-1, max-image-preview:large, max-video-preview:-1\" \/>\n<link rel=\"canonical\" href=\"https:\/\/revolutionpadelstore.com\/de\/produkt\/bullpadel-xplo-vibram-25v-lima\/\" \/>\n<meta property=\"og:locale\" content=\"de_DE\" \/>\n<meta property=\"og:type\" content=\"article\" \/>\n<meta property=\"og:title\" content=\"BULLPADEL XPLO VIBRAM 25V LIMA - Revolution Padel Store\" \/>\n<meta property=\"og:description\" content=\"Si buscas\u00a0zapatillas de p\u00e1del para hombre\u00a0con la mejor tecnolog\u00eda, las\u00a0Bullpadel XPLO Vibram 25V Lima\u00a0son la elecci\u00f3n perfecta. \u00dasalas para potenciar tu velocidad y control en la pista, al igual que lo hace Mart\u00edn Di Nenno.\" \/>\n<meta property=\"og:url\" content=\"https:\/\/revolutionpadelstore.com\/de\/produkt\/bullpadel-xplo-vibram-25v-lima\/\" \/>\n<meta property=\"og:site_name\" content=\"Revolution Padel Store\" \/>\n<meta property=\"article:modified_time\" content=\"2026-04-08T05:24:18+00:00\" \/>\n<meta property=\"og:image\" content=\"https:\/\/revolutionpadelstore.com\/wp-content\/uploads\/2025\/02\/114355-zapatillas-bullpadel-xplo-vibram-25v-cm53420000-lima-1200x1200-1.webp\" \/>\n\t<meta property=\"og:image:width\" content=\"1200\" \/>\n\t<meta property=\"og:image:height\" content=\"1200\" \/>\n\t<meta property=\"og:image:type\" content=\"image\/webp\" \/>\n<meta name=\"twitter:card\" content=\"summary_large_image\" \/>\n<meta name=\"twitter:label1\" content=\"Gesch\u00e4tzte Lesezeit\" \/>\n\t<meta name=\"twitter:data1\" content=\"2\u00a0Minuten\" \/>\n<script type=\"application\/ld+json\" class=\"yoast-schema-graph\">{\"@context\":\"https:\\\/\\\/schema.org\",\"@graph\":[{\"@type\":\"WebPage\",\"@id\":\"https:\\\/\\\/revolutionpadelstore.com\\\/de\\\/produkt\\\/bullpadel-xplo-vibram-25v-lima\\\/\",\"url\":\"https:\\\/\\\/revolutionpadelstore.com\\\/de\\\/produkt\\\/bullpadel-xplo-vibram-25v-lima\\\/\",\"name\":\"BULLPADEL XPLO VIBRAM 25V LIMA - Revolution Padel Store\",\"isPartOf\":{\"@id\":\"https:\\\/\\\/revolutionpadelstore.com\\\/de\\\/#website\"},\"primaryImageOfPage\":{\"@id\":\"https:\\\/\\\/revolutionpadelstore.com\\\/de\\\/produkt\\\/bullpadel-xplo-vibram-25v-lima\\\/#primaryimage\"},\"image\":{\"@id\":\"https:\\\/\\\/revolutionpadelstore.com\\\/de\\\/produkt\\\/bullpadel-xplo-vibram-25v-lima\\\/#primaryimage\"},\"thumbnailUrl\":\"https:\\\/\\\/revolutionpadelstore.com\\\/wp-content\\\/uploads\\\/2025\\\/02\\\/114355-zapatillas-bullpadel-xplo-vibram-25v-cm53420000-lima-1200x1200-1.webp\",\"datePublished\":\"2025-02-18T18:10:45+00:00\",\"dateModified\":\"2026-04-08T05:24:18+00:00\",\"description\":\"Si buscas\u00a0zapatillas de p\u00e1del para hombre\u00a0con la mejor tecnolog\u00eda, las\u00a0Bullpadel XPLO Vibram 25V Lima\u00a0son la elecci\u00f3n perfecta. \u00dasalas para potenciar tu velocidad y control en la pista, al igual que lo hace Mart\u00edn Di Nenno.\",\"breadcrumb\":{\"@id\":\"https:\\\/\\\/revolutionpadelstore.com\\\/de\\\/produkt\\\/bullpadel-xplo-vibram-25v-lima\\\/#breadcrumb\"},\"inLanguage\":\"de\",\"potentialAction\":[{\"@type\":\"ReadAction\",\"target\":[\"https:\\\/\\\/revolutionpadelstore.com\\\/de\\\/produkt\\\/bullpadel-xplo-vibram-25v-lima\\\/\"]}]},{\"@type\":\"ImageObject\",\"inLanguage\":\"de\",\"@id\":\"https:\\\/\\\/revolutionpadelstore.com\\\/de\\\/produkt\\\/bullpadel-xplo-vibram-25v-lima\\\/#primaryimage\",\"url\":\"https:\\\/\\\/revolutionpadelstore.com\\\/wp-content\\\/uploads\\\/2025\\\/02\\\/114355-zapatillas-bullpadel-xplo-vibram-25v-cm53420000-lima-1200x1200-1.webp\",\"contentUrl\":\"https:\\\/\\\/revolutionpadelstore.com\\\/wp-content\\\/uploads\\\/2025\\\/02\\\/114355-zapatillas-bullpadel-xplo-vibram-25v-cm53420000-lima-1200x1200-1.webp\",\"width\":1200,\"height\":1200},{\"@type\":\"BreadcrumbList\",\"@id\":\"https:\\\/\\\/revolutionpadelstore.com\\\/de\\\/produkt\\\/bullpadel-xplo-vibram-25v-lima\\\/#breadcrumb\",\"itemListElement\":[{\"@type\":\"ListItem\",\"position\":1,\"name\":\"Portada\",\"item\":\"https:\\\/\\\/revolutionpadelstore.com\\\/de\\\/\"},{\"@type\":\"ListItem\",\"position\":2,\"name\":\"Shop\",\"item\":\"https:\\\/\\\/revolutionpadelstore.com\\\/de\\\/tienda\\\/\"},{\"@type\":\"ListItem\",\"position\":3,\"name\":\"BULLPADEL XPLO VIBRAM 25V LIMA\"}]},{\"@type\":\"WebSite\",\"@id\":\"https:\\\/\\\/revolutionpadelstore.com\\\/de\\\/#website\",\"url\":\"https:\\\/\\\/revolutionpadelstore.com\\\/de\\\/\",\"name\":\"Revolution Padel Store\",\"description\":\"\",\"publisher\":{\"@id\":\"https:\\\/\\\/revolutionpadelstore.com\\\/de\\\/#organization\"},\"potentialAction\":[{\"@type\":\"SearchAction\",\"target\":{\"@type\":\"EntryPoint\",\"urlTemplate\":\"https:\\\/\\\/revolutionpadelstore.com\\\/de\\\/?s={search_term_string}\"},\"query-input\":{\"@type\":\"PropertyValueSpecification\",\"valueRequired\":true,\"valueName\":\"search_term_string\"}}],\"inLanguage\":\"de\"},{\"@type\":\"Organization\",\"@id\":\"https:\\\/\\\/revolutionpadelstore.com\\\/de\\\/#organization\",\"name\":\"Revolution Padel Store\",\"url\":\"https:\\\/\\\/revolutionpadelstore.com\\\/de\\\/\",\"logo\":{\"@type\":\"ImageObject\",\"inLanguage\":\"de\",\"@id\":\"https:\\\/\\\/revolutionpadelstore.com\\\/de\\\/#\\\/schema\\\/logo\\\/image\\\/\",\"url\":\"https:\\\/\\\/revolutionpadelstore.com\\\/wp-content\\\/uploads\\\/2026\\\/02\\\/revolution-padel-store.jpg\",\"contentUrl\":\"https:\\\/\\\/revolutionpadelstore.com\\\/wp-content\\\/uploads\\\/2026\\\/02\\\/revolution-padel-store.jpg\",\"width\":2000,\"height\":2000,\"caption\":\"Revolution Padel Store\"},\"image\":{\"@id\":\"https:\\\/\\\/revolutionpadelstore.com\\\/de\\\/#\\\/schema\\\/logo\\\/image\\\/\"},\"sameAs\":[\"https:\\\/\\\/www.instagram.com\\\/revolutionpadelstore\\\/\"]}]}<\/script>\n<!-- \/ Yoast SEO plugin. -->","yoast_head_json":{"title":"BULLPADEL XPLO VIBRAM 25V LIMA - Revolution Padel Store","description":"Si buscas\u00a0zapatillas de p\u00e1del para hombre\u00a0con la mejor tecnolog\u00eda, las\u00a0Bullpadel XPLO Vibram 25V Lima\u00a0son la elecci\u00f3n perfecta. \u00dasalas para potenciar tu velocidad y control en la pista, al igual que lo hace Mart\u00edn Di Nenno.","robots":{"index":"index","follow":"follow","max-snippet":"max-snippet:-1","max-image-preview":"max-image-preview:large","max-video-preview":"max-video-preview:-1"},"canonical":"https:\/\/revolutionpadelstore.com\/de\/produkt\/bullpadel-xplo-vibram-25v-lima\/","og_locale":"de_DE","og_type":"article","og_title":"BULLPADEL XPLO VIBRAM 25V LIMA - Revolution Padel Store","og_description":"Si buscas\u00a0zapatillas de p\u00e1del para hombre\u00a0con la mejor tecnolog\u00eda, las\u00a0Bullpadel XPLO Vibram 25V Lima\u00a0son la elecci\u00f3n perfecta. \u00dasalas para potenciar tu velocidad y control en la pista, al igual que lo hace Mart\u00edn Di Nenno.","og_url":"https:\/\/revolutionpadelstore.com\/de\/produkt\/bullpadel-xplo-vibram-25v-lima\/","og_site_name":"Revolution Padel Store","article_modified_time":"2026-04-08T05:24:18+00:00","og_image":[{"width":1200,"height":1200,"url":"https:\/\/revolutionpadelstore.com\/wp-content\/uploads\/2025\/02\/114355-zapatillas-bullpadel-xplo-vibram-25v-cm53420000-lima-1200x1200-1.webp","type":"image\/webp"}],"twitter_card":"summary_large_image","twitter_misc":{"Gesch\u00e4tzte Lesezeit":"2\u00a0Minuten"},"schema":{"@context":"https:\/\/schema.org","@graph":[{"@type":"WebPage","@id":"https:\/\/revolutionpadelstore.com\/de\/produkt\/bullpadel-xplo-vibram-25v-lima\/","url":"https:\/\/revolutionpadelstore.com\/de\/produkt\/bullpadel-xplo-vibram-25v-lima\/","name":"BULLPADEL XPLO VIBRAM 25V LIMA - Revolution Padel Store","isPartOf":{"@id":"https:\/\/revolutionpadelstore.com\/de\/#website"},"primaryImageOfPage":{"@id":"https:\/\/revolutionpadelstore.com\/de\/produkt\/bullpadel-xplo-vibram-25v-lima\/#primaryimage"},"image":{"@id":"https:\/\/revolutionpadelstore.com\/de\/produkt\/bullpadel-xplo-vibram-25v-lima\/#primaryimage"},"thumbnailUrl":"https:\/\/revolutionpadelstore.com\/wp-content\/uploads\/2025\/02\/114355-zapatillas-bullpadel-xplo-vibram-25v-cm53420000-lima-1200x1200-1.webp","datePublished":"2025-02-18T18:10:45+00:00","dateModified":"2026-04-08T05:24:18+00:00","description":"Si buscas\u00a0zapatillas de p\u00e1del para hombre\u00a0con la mejor tecnolog\u00eda, las\u00a0Bullpadel XPLO Vibram 25V Lima\u00a0son la elecci\u00f3n perfecta. \u00dasalas para potenciar tu velocidad y control en la pista, al igual que lo hace Mart\u00edn Di Nenno.","breadcrumb":{"@id":"https:\/\/revolutionpadelstore.com\/de\/produkt\/bullpadel-xplo-vibram-25v-lima\/#breadcrumb"},"inLanguage":"de","potentialAction":[{"@type":"ReadAction","target":["https:\/\/revolutionpadelstore.com\/de\/produkt\/bullpadel-xplo-vibram-25v-lima\/"]}]},{"@type":"ImageObject","inLanguage":"de","@id":"https:\/\/revolutionpadelstore.com\/de\/produkt\/bullpadel-xplo-vibram-25v-lima\/#primaryimage","url":"https:\/\/revolutionpadelstore.com\/wp-content\/uploads\/2025\/02\/114355-zapatillas-bullpadel-xplo-vibram-25v-cm53420000-lima-1200x1200-1.webp","contentUrl":"https:\/\/revolutionpadelstore.com\/wp-content\/uploads\/2025\/02\/114355-zapatillas-bullpadel-xplo-vibram-25v-cm53420000-lima-1200x1200-1.webp","width":1200,"height":1200},{"@type":"BreadcrumbList","@id":"https:\/\/revolutionpadelstore.com\/de\/produkt\/bullpadel-xplo-vibram-25v-lima\/#breadcrumb","itemListElement":[{"@type":"ListItem","position":1,"name":"Portada","item":"https:\/\/revolutionpadelstore.com\/de\/"},{"@type":"ListItem","position":2,"name":"Shop","item":"https:\/\/revolutionpadelstore.com\/de\/tienda\/"},{"@type":"ListItem","position":3,"name":"BULLPADEL XPLO VIBRAM 25V LIMA"}]},{"@type":"WebSite","@id":"https:\/\/revolutionpadelstore.com\/de\/#website","url":"https:\/\/revolutionpadelstore.com\/de\/","name":"Revolution Padel Store","description":"","publisher":{"@id":"https:\/\/revolutionpadelstore.com\/de\/#organization"},"potentialAction":[{"@type":"SearchAction","target":{"@type":"EntryPoint","urlTemplate":"https:\/\/revolutionpadelstore.com\/de\/?s={search_term_string}"},"query-input":{"@type":"PropertyValueSpecification","valueRequired":true,"valueName":"search_term_string"}}],"inLanguage":"de"},{"@type":"Organization","@id":"https:\/\/revolutionpadelstore.com\/de\/#organization","name":"Revolution Padel Store","url":"https:\/\/revolutionpadelstore.com\/de\/","logo":{"@type":"ImageObject","inLanguage":"de","@id":"https:\/\/revolutionpadelstore.com\/de\/#\/schema\/logo\/image\/","url":"https:\/\/revolutionpadelstore.com\/wp-content\/uploads\/2026\/02\/revolution-padel-store.jpg","contentUrl":"https:\/\/revolutionpadelstore.com\/wp-content\/uploads\/2026\/02\/revolution-padel-store.jpg","width":2000,"height":2000,"caption":"Revolution Padel Store"},"image":{"@id":"https:\/\/revolutionpadelstore.com\/de\/#\/schema\/logo\/image\/"},"sameAs":["https:\/\/www.instagram.com\/revolutionpadelstore\/"]}]}},"_links":{"self":[{"href":"https:\/\/revolutionpadelstore.com\/de\/wp-json\/wp\/v2\/product\/172233","targetHints":{"allow":["GET"]}}],"collection":[{"href":"https:\/\/revolutionpadelstore.com\/de\/wp-json\/wp\/v2\/product"}],"about":[{"href":"https:\/\/revolutionpadelstore.com\/de\/wp-json\/wp\/v2\/types\/product"}],"replies":[{"embeddable":true,"href":"https:\/\/revolutionpadelstore.com\/de\/wp-json\/wp\/v2\/comments?post=172233"}],"wp:featuredmedia":[{"embeddable":true,"href":"https:\/\/revolutionpadelstore.com\/de\/wp-json\/wp\/v2\/media\/172182"}],"wp:attachment":[{"href":"https:\/\/revolutionpadelstore.com\/de\/wp-json\/wp\/v2\/media?parent=172233"}],"wp:term":[{"taxonomy":"acabado","embeddable":true,"href":"https:\/\/revolutionpadelstore.com\/de\/wp-json\/wp\/v2\/acabado?post=172233"},{"taxonomy":"balance","embeddable":true,"href":"https:\/\/revolutionpadelstore.com\/de\/wp-json\/wp\/v2\/balance?post=172233"},{"taxonomy":"dureza","embeddable":true,"href":"https:\/\/revolutionpadelstore.com\/de\/wp-json\/wp\/v2\/dureza?post=172233"},{"taxonomy":"forma","embeddable":true,"href":"https:\/\/revolutionpadelstore.com\/de\/wp-json\/wp\/v2\/forma?post=172233"},{"taxonomy":"jugador","embeddable":true,"href":"https:\/\/revolutionpadelstore.com\/de\/wp-json\/wp\/v2\/jugador?post=172233"},{"taxonomy":"marca","embeddable":true,"href":"https:\/\/revolutionpadelstore.com\/de\/wp-json\/wp\/v2\/marca?post=172233"},{"taxonomy":"nivel-de-juego","embeddable":true,"href":"https:\/\/revolutionpadelstore.com\/de\/wp-json\/wp\/v2\/nivel-de-juego?post=172233"},{"taxonomy":"superficie","embeddable":true,"href":"https:\/\/revolutionpadelstore.com\/de\/wp-json\/wp\/v2\/superficie?post=172233"},{"taxonomy":"tipo-de-juego","embeddable":true,"href":"https:\/\/revolutionpadelstore.com\/de\/wp-json\/wp\/v2\/tipo-de-juego?post=172233"},{"taxonomy":"product_brand","embeddable":true,"href":"https:\/\/revolutionpadelstore.com\/de\/wp-json\/wp\/v2\/product_brand?post=172233"},{"taxonomy":"product_cat","embeddable":true,"href":"https:\/\/revolutionpadelstore.com\/de\/wp-json\/wp\/v2\/product_cat?post=172233"},{"taxonomy":"product_tag","embeddable":true,"href":"https:\/\/revolutionpadelstore.com\/de\/wp-json\/wp\/v2\/product_tag?post=172233"}],"curies":[{"name":"wp","href":"https:\/\/api.w.org\/{rel}","templated":true}]}}