{"id":172004,"date":"2025-02-18T18:15:59","date_gmt":"2025-02-18T17:15:59","guid":{"rendered":"https:\/\/revolutionpadelstore.com\/bullpadel-ionic-25v-negro\/"},"modified":"2026-04-08T07:29:33","modified_gmt":"2026-04-08T05:29:33","slug":"bullpadel-ionic-25v-negro-1","status":"publish","type":"product","link":"https:\/\/revolutionpadelstore.com\/de\/produkt\/bullpadel-ionic-25v-negro-1\/","title":{"rendered":"BULLPADEL IONIC 25V NEGRO"},"content":{"rendered":"<h2> <strong> Bullpadel Ion 25V Schwarz &#8211; Griff, Mobilit\u00e4t und Komfort auf der Strecke <\/ strong> <\/ h2><br \/>\nDie <strong> Bullpadel Ionic 25V Black <\/strong> sind die perfekten Schuhe f\u00fcr Spieler, die nach einem Gleichgewicht zwischen Griff und Mobilit\u00e4t auf dem Paddelboden suchen. Das moderne Design und die fortschrittliche Technologie garantieren in jeder Partei eine h\u00f6here Leistung. Dank ihrer <strong> 360\u00ba Hybrid -Sohle <\/strong> bieten diese Schuhe eine optimale Traktion auf jeder Oberfl\u00e4che, sodass Sie sich schnell und Sicherheit bewegen k\u00f6nnen.<\/p>\n<p>Hergestellt aus <strong> Mesh Jacquard <\/strong>, einem hochwertigen, atmungsaktiven Stoff, bietet bei langen Spielsitzungen Frische und Komfort. Dar\u00fcber hinaus reduziert die fortschrittliche D\u00e4mpfung die Auswirkungen und bietet mehr Komfort und Schutz zu Ihren F\u00fc\u00dfen.<\/p>\n<h2> <strong> Maximale Leistung f\u00fcr Spieler in Arbeit <\/ strong> <\/ h2><br \/>\nDas wei\u00dfe Ionic 25V wurde f\u00fcr st\u00e4ndig weiterentwickelnde Spieler wie <strong> Pablo Cardona, Javier Leal und \u00c1lex Arroyo <\/strong> entwickelt und bietet die ideale Kombination aus <strong> Unterst\u00fctzung, Stabilit\u00e4t und Stil <\/strong>. Wenn Sie Ihre Technik verbessern und den Track beherrschen m\u00f6chten, k\u00f6nnen diese Schuhe Ihnen helfen, Ihr bestes Level zu erreichen.<\/p>\n<h2> <strong> Merkmale und prominente Technologien <\/ strong> <\/ h2><br \/>\n-H\u00edbrida 360\u00ba -Komplexit\u00e4t Griff und Mobilit\u00e4t auf jeder Paddeloberfl\u00e4che.<br \/>\n-Flex Rift -\u00e4rgert die nat\u00fcrliche Flexion des Fu\u00dfes f\u00fcr mehr Fl\u00fcssigkeitsmobilit\u00e4t.<br \/>\n-Meh Jacquard -zerm\u00fcrtbares Stoff, der Ihre F\u00fc\u00dfe frisch und komfortabel h\u00e4lt.<br \/>\n-Adviertes Wiederverbindung -reduziert Auswirkungen auf einen st\u00e4rkeren Schutz und Komfort.<br \/>\n-Lovements lateraler -heel -Verst\u00e4rkung f\u00fcr Stabilit\u00e4t und D\u00e4mpfung in lateralen Verschiebungen.<br \/>\n-Bps System -Stabilisator, der den Fu\u00df h\u00e4lt, um Gauner zu verhindern.<br \/>\n-Egonomisches Design -sorgt in jedem Spiel schnelle und pr\u00e4zise Bewegungen.<br \/>\n&lt;Il<br \/>\nSie sind bereits ein Spieler oder ein anspruchsvoller Konkurrent, der <strong> Bullpadel Ion 25V Black <\/strong> ist die ideale Wahl, um Ihre Leistung auf der Strecke zu verbessern. Genie\u00dfen Sie die beste Kombination aus <strong> -Stil, Komfort und Technologie mit hoher Ebene <\/strong> mit diesen Schuhen, die f\u00fcr die maximale Nachfrage im Paddel ausgelegt sind.<\/p>\n<p><strong> Geben Sie jetzt in unserem Online -Shop &lt;a href = &quot;https:\/\/chatgpt.com\/g\/g-675432e02688191b6ee6d6f2fdbb15e-optimization-textos\/c\/www.revolutionpadelstore.com&quot; Markt<\/p>\n<h2><strong>Bullpadel Ionic 25V Negro \u2013 Agarre, movilidad y confort en la pista<\/strong><\/p>\n","protected":false},"excerpt":{"rendered":"<p>Bullpadel Ionic 25 V Bullpadel -Sneakers in Schwarz, die mit fortschrittlicher Technologie entwickelt wurden, um die Leistung zu optimieren, einschlie\u00dflich einer 360 \u00b0 -s\u00e4ure mit Flex -Riss und Bewegung seitlich, um mehr Flexibilit\u00e4t und Stabilit\u00e4t zu erhalten.<\/p>\n","protected":false},"featured_media":171789,"comment_status":"open","ping_status":"closed","template":"","meta":{"_acf_changed":false,"_joinchat":[]},"acabado":[],"balance":[],"dureza":[],"forma":[],"jugador":[1189],"marca":[1254],"nivel-de-juego":[],"superficie":[],"tipo-de-juego":[],"product_brand":[],"product_cat":[831],"product_tag":[],"class_list":{"0":"post-172004","1":"product","2":"type-product","3":"status-publish","4":"has-post-thumbnail","6":"jugador-mann","7":"marca-bullpadel-de","8":"product_cat-turnschuhe","10":"first","11":"outofstock","12":"sale","13":"taxable","14":"shipping-taxable","15":"purchasable","16":"product-type-variable"},"acf":[],"yoast_head":"<!-- This site is optimized with the Yoast SEO plugin v27.4 - https:\/\/yoast.com\/product\/yoast-seo-wordpress\/ -->\n<title>BULLPADEL IONIC 25V NEGRO - Revolution Padel Store<\/title>\n<meta name=\"description\" content=\"Ya seas un jugador en progreso o un competidor exigente, las\u00a0Bullpadel Ionic 25V Negro\u00a0son la elecci\u00f3n ideal para potenciar tu rendimiento en la pista. Disfruta de la mejor combinaci\u00f3n de\u00a0estilo, comodidad y tecnolog\u00eda de alto nivel\u00a0con estas zapatillas dise\u00f1adas para la m\u00e1xima exigencia en el p\u00e1del.\" \/>\n<meta name=\"robots\" content=\"index, follow, max-snippet:-1, max-image-preview:large, max-video-preview:-1\" \/>\n<link rel=\"canonical\" href=\"https:\/\/revolutionpadelstore.com\/de\/produkt\/bullpadel-ionic-25v-negro-1\/\" \/>\n<meta property=\"og:locale\" content=\"de_DE\" \/>\n<meta property=\"og:type\" content=\"article\" \/>\n<meta property=\"og:title\" content=\"BULLPADEL IONIC 25V NEGRO - Revolution Padel Store\" \/>\n<meta property=\"og:description\" content=\"Ya seas un jugador en progreso o un competidor exigente, las\u00a0Bullpadel Ionic 25V Negro\u00a0son la elecci\u00f3n ideal para potenciar tu rendimiento en la pista. Disfruta de la mejor combinaci\u00f3n de\u00a0estilo, comodidad y tecnolog\u00eda de alto nivel\u00a0con estas zapatillas dise\u00f1adas para la m\u00e1xima exigencia en el p\u00e1del.\" \/>\n<meta property=\"og:url\" content=\"https:\/\/revolutionpadelstore.com\/de\/produkt\/bullpadel-ionic-25v-negro-1\/\" \/>\n<meta property=\"og:site_name\" content=\"Revolution Padel Store\" \/>\n<meta property=\"article:modified_time\" content=\"2026-04-08T05:29:33+00:00\" \/>\n<meta property=\"og:image\" content=\"https:\/\/revolutionpadelstore.com\/wp-content\/uploads\/2025\/02\/114331-zapatillas-bullpadel-ionic-25v-cm52005000-negro-1200x1200-1.webp\" \/>\n\t<meta property=\"og:image:width\" content=\"1200\" \/>\n\t<meta property=\"og:image:height\" content=\"1200\" \/>\n\t<meta property=\"og:image:type\" content=\"image\/webp\" \/>\n<meta name=\"twitter:card\" content=\"summary_large_image\" \/>\n<meta name=\"twitter:label1\" content=\"Gesch\u00e4tzte Lesezeit\" \/>\n\t<meta name=\"twitter:data1\" content=\"2\u00a0Minuten\" \/>\n<script type=\"application\/ld+json\" class=\"yoast-schema-graph\">{\"@context\":\"https:\\\/\\\/schema.org\",\"@graph\":[{\"@type\":\"WebPage\",\"@id\":\"https:\\\/\\\/revolutionpadelstore.com\\\/de\\\/produkt\\\/bullpadel-ionic-25v-negro-1\\\/\",\"url\":\"https:\\\/\\\/revolutionpadelstore.com\\\/de\\\/produkt\\\/bullpadel-ionic-25v-negro-1\\\/\",\"name\":\"BULLPADEL IONIC 25V NEGRO - Revolution Padel Store\",\"isPartOf\":{\"@id\":\"https:\\\/\\\/revolutionpadelstore.com\\\/de\\\/#website\"},\"primaryImageOfPage\":{\"@id\":\"https:\\\/\\\/revolutionpadelstore.com\\\/de\\\/produkt\\\/bullpadel-ionic-25v-negro-1\\\/#primaryimage\"},\"image\":{\"@id\":\"https:\\\/\\\/revolutionpadelstore.com\\\/de\\\/produkt\\\/bullpadel-ionic-25v-negro-1\\\/#primaryimage\"},\"thumbnailUrl\":\"https:\\\/\\\/revolutionpadelstore.com\\\/wp-content\\\/uploads\\\/2025\\\/02\\\/114331-zapatillas-bullpadel-ionic-25v-cm52005000-negro-1200x1200-1.webp\",\"datePublished\":\"2025-02-18T17:15:59+00:00\",\"dateModified\":\"2026-04-08T05:29:33+00:00\",\"description\":\"Ya seas un jugador en progreso o un competidor exigente, las\u00a0Bullpadel Ionic 25V Negro\u00a0son la elecci\u00f3n ideal para potenciar tu rendimiento en la pista. Disfruta de la mejor combinaci\u00f3n de\u00a0estilo, comodidad y tecnolog\u00eda de alto nivel\u00a0con estas zapatillas dise\u00f1adas para la m\u00e1xima exigencia en el p\u00e1del.\",\"breadcrumb\":{\"@id\":\"https:\\\/\\\/revolutionpadelstore.com\\\/de\\\/produkt\\\/bullpadel-ionic-25v-negro-1\\\/#breadcrumb\"},\"inLanguage\":\"de\",\"potentialAction\":[{\"@type\":\"ReadAction\",\"target\":[\"https:\\\/\\\/revolutionpadelstore.com\\\/de\\\/produkt\\\/bullpadel-ionic-25v-negro-1\\\/\"]}]},{\"@type\":\"ImageObject\",\"inLanguage\":\"de\",\"@id\":\"https:\\\/\\\/revolutionpadelstore.com\\\/de\\\/produkt\\\/bullpadel-ionic-25v-negro-1\\\/#primaryimage\",\"url\":\"https:\\\/\\\/revolutionpadelstore.com\\\/wp-content\\\/uploads\\\/2025\\\/02\\\/114331-zapatillas-bullpadel-ionic-25v-cm52005000-negro-1200x1200-1.webp\",\"contentUrl\":\"https:\\\/\\\/revolutionpadelstore.com\\\/wp-content\\\/uploads\\\/2025\\\/02\\\/114331-zapatillas-bullpadel-ionic-25v-cm52005000-negro-1200x1200-1.webp\",\"width\":1200,\"height\":1200},{\"@type\":\"BreadcrumbList\",\"@id\":\"https:\\\/\\\/revolutionpadelstore.com\\\/de\\\/produkt\\\/bullpadel-ionic-25v-negro-1\\\/#breadcrumb\",\"itemListElement\":[{\"@type\":\"ListItem\",\"position\":1,\"name\":\"Portada\",\"item\":\"https:\\\/\\\/revolutionpadelstore.com\\\/de\\\/\"},{\"@type\":\"ListItem\",\"position\":2,\"name\":\"Shop\",\"item\":\"https:\\\/\\\/revolutionpadelstore.com\\\/de\\\/tienda\\\/\"},{\"@type\":\"ListItem\",\"position\":3,\"name\":\"BULLPADEL IONIC 25V NEGRO\"}]},{\"@type\":\"WebSite\",\"@id\":\"https:\\\/\\\/revolutionpadelstore.com\\\/de\\\/#website\",\"url\":\"https:\\\/\\\/revolutionpadelstore.com\\\/de\\\/\",\"name\":\"Revolution Padel Store\",\"description\":\"\",\"publisher\":{\"@id\":\"https:\\\/\\\/revolutionpadelstore.com\\\/de\\\/#organization\"},\"potentialAction\":[{\"@type\":\"SearchAction\",\"target\":{\"@type\":\"EntryPoint\",\"urlTemplate\":\"https:\\\/\\\/revolutionpadelstore.com\\\/de\\\/?s={search_term_string}\"},\"query-input\":{\"@type\":\"PropertyValueSpecification\",\"valueRequired\":true,\"valueName\":\"search_term_string\"}}],\"inLanguage\":\"de\"},{\"@type\":\"Organization\",\"@id\":\"https:\\\/\\\/revolutionpadelstore.com\\\/de\\\/#organization\",\"name\":\"Revolution Padel Store\",\"url\":\"https:\\\/\\\/revolutionpadelstore.com\\\/de\\\/\",\"logo\":{\"@type\":\"ImageObject\",\"inLanguage\":\"de\",\"@id\":\"https:\\\/\\\/revolutionpadelstore.com\\\/de\\\/#\\\/schema\\\/logo\\\/image\\\/\",\"url\":\"https:\\\/\\\/revolutionpadelstore.com\\\/wp-content\\\/uploads\\\/2026\\\/02\\\/revolution-padel-store.jpg\",\"contentUrl\":\"https:\\\/\\\/revolutionpadelstore.com\\\/wp-content\\\/uploads\\\/2026\\\/02\\\/revolution-padel-store.jpg\",\"width\":2000,\"height\":2000,\"caption\":\"Revolution Padel Store\"},\"image\":{\"@id\":\"https:\\\/\\\/revolutionpadelstore.com\\\/de\\\/#\\\/schema\\\/logo\\\/image\\\/\"},\"sameAs\":[\"https:\\\/\\\/www.instagram.com\\\/revolutionpadelstore\\\/\"]}]}<\/script>\n<!-- \/ Yoast SEO plugin. -->","yoast_head_json":{"title":"BULLPADEL IONIC 25V NEGRO - Revolution Padel Store","description":"Ya seas un jugador en progreso o un competidor exigente, las\u00a0Bullpadel Ionic 25V Negro\u00a0son la elecci\u00f3n ideal para potenciar tu rendimiento en la pista. Disfruta de la mejor combinaci\u00f3n de\u00a0estilo, comodidad y tecnolog\u00eda de alto nivel\u00a0con estas zapatillas dise\u00f1adas para la m\u00e1xima exigencia en el p\u00e1del.","robots":{"index":"index","follow":"follow","max-snippet":"max-snippet:-1","max-image-preview":"max-image-preview:large","max-video-preview":"max-video-preview:-1"},"canonical":"https:\/\/revolutionpadelstore.com\/de\/produkt\/bullpadel-ionic-25v-negro-1\/","og_locale":"de_DE","og_type":"article","og_title":"BULLPADEL IONIC 25V NEGRO - Revolution Padel Store","og_description":"Ya seas un jugador en progreso o un competidor exigente, las\u00a0Bullpadel Ionic 25V Negro\u00a0son la elecci\u00f3n ideal para potenciar tu rendimiento en la pista. Disfruta de la mejor combinaci\u00f3n de\u00a0estilo, comodidad y tecnolog\u00eda de alto nivel\u00a0con estas zapatillas dise\u00f1adas para la m\u00e1xima exigencia en el p\u00e1del.","og_url":"https:\/\/revolutionpadelstore.com\/de\/produkt\/bullpadel-ionic-25v-negro-1\/","og_site_name":"Revolution Padel Store","article_modified_time":"2026-04-08T05:29:33+00:00","og_image":[{"width":1200,"height":1200,"url":"https:\/\/revolutionpadelstore.com\/wp-content\/uploads\/2025\/02\/114331-zapatillas-bullpadel-ionic-25v-cm52005000-negro-1200x1200-1.webp","type":"image\/webp"}],"twitter_card":"summary_large_image","twitter_misc":{"Gesch\u00e4tzte Lesezeit":"2\u00a0Minuten"},"schema":{"@context":"https:\/\/schema.org","@graph":[{"@type":"WebPage","@id":"https:\/\/revolutionpadelstore.com\/de\/produkt\/bullpadel-ionic-25v-negro-1\/","url":"https:\/\/revolutionpadelstore.com\/de\/produkt\/bullpadel-ionic-25v-negro-1\/","name":"BULLPADEL IONIC 25V NEGRO - Revolution Padel Store","isPartOf":{"@id":"https:\/\/revolutionpadelstore.com\/de\/#website"},"primaryImageOfPage":{"@id":"https:\/\/revolutionpadelstore.com\/de\/produkt\/bullpadel-ionic-25v-negro-1\/#primaryimage"},"image":{"@id":"https:\/\/revolutionpadelstore.com\/de\/produkt\/bullpadel-ionic-25v-negro-1\/#primaryimage"},"thumbnailUrl":"https:\/\/revolutionpadelstore.com\/wp-content\/uploads\/2025\/02\/114331-zapatillas-bullpadel-ionic-25v-cm52005000-negro-1200x1200-1.webp","datePublished":"2025-02-18T17:15:59+00:00","dateModified":"2026-04-08T05:29:33+00:00","description":"Ya seas un jugador en progreso o un competidor exigente, las\u00a0Bullpadel Ionic 25V Negro\u00a0son la elecci\u00f3n ideal para potenciar tu rendimiento en la pista. Disfruta de la mejor combinaci\u00f3n de\u00a0estilo, comodidad y tecnolog\u00eda de alto nivel\u00a0con estas zapatillas dise\u00f1adas para la m\u00e1xima exigencia en el p\u00e1del.","breadcrumb":{"@id":"https:\/\/revolutionpadelstore.com\/de\/produkt\/bullpadel-ionic-25v-negro-1\/#breadcrumb"},"inLanguage":"de","potentialAction":[{"@type":"ReadAction","target":["https:\/\/revolutionpadelstore.com\/de\/produkt\/bullpadel-ionic-25v-negro-1\/"]}]},{"@type":"ImageObject","inLanguage":"de","@id":"https:\/\/revolutionpadelstore.com\/de\/produkt\/bullpadel-ionic-25v-negro-1\/#primaryimage","url":"https:\/\/revolutionpadelstore.com\/wp-content\/uploads\/2025\/02\/114331-zapatillas-bullpadel-ionic-25v-cm52005000-negro-1200x1200-1.webp","contentUrl":"https:\/\/revolutionpadelstore.com\/wp-content\/uploads\/2025\/02\/114331-zapatillas-bullpadel-ionic-25v-cm52005000-negro-1200x1200-1.webp","width":1200,"height":1200},{"@type":"BreadcrumbList","@id":"https:\/\/revolutionpadelstore.com\/de\/produkt\/bullpadel-ionic-25v-negro-1\/#breadcrumb","itemListElement":[{"@type":"ListItem","position":1,"name":"Portada","item":"https:\/\/revolutionpadelstore.com\/de\/"},{"@type":"ListItem","position":2,"name":"Shop","item":"https:\/\/revolutionpadelstore.com\/de\/tienda\/"},{"@type":"ListItem","position":3,"name":"BULLPADEL IONIC 25V NEGRO"}]},{"@type":"WebSite","@id":"https:\/\/revolutionpadelstore.com\/de\/#website","url":"https:\/\/revolutionpadelstore.com\/de\/","name":"Revolution Padel Store","description":"","publisher":{"@id":"https:\/\/revolutionpadelstore.com\/de\/#organization"},"potentialAction":[{"@type":"SearchAction","target":{"@type":"EntryPoint","urlTemplate":"https:\/\/revolutionpadelstore.com\/de\/?s={search_term_string}"},"query-input":{"@type":"PropertyValueSpecification","valueRequired":true,"valueName":"search_term_string"}}],"inLanguage":"de"},{"@type":"Organization","@id":"https:\/\/revolutionpadelstore.com\/de\/#organization","name":"Revolution Padel Store","url":"https:\/\/revolutionpadelstore.com\/de\/","logo":{"@type":"ImageObject","inLanguage":"de","@id":"https:\/\/revolutionpadelstore.com\/de\/#\/schema\/logo\/image\/","url":"https:\/\/revolutionpadelstore.com\/wp-content\/uploads\/2026\/02\/revolution-padel-store.jpg","contentUrl":"https:\/\/revolutionpadelstore.com\/wp-content\/uploads\/2026\/02\/revolution-padel-store.jpg","width":2000,"height":2000,"caption":"Revolution Padel Store"},"image":{"@id":"https:\/\/revolutionpadelstore.com\/de\/#\/schema\/logo\/image\/"},"sameAs":["https:\/\/www.instagram.com\/revolutionpadelstore\/"]}]}},"_links":{"self":[{"href":"https:\/\/revolutionpadelstore.com\/de\/wp-json\/wp\/v2\/product\/172004","targetHints":{"allow":["GET"]}}],"collection":[{"href":"https:\/\/revolutionpadelstore.com\/de\/wp-json\/wp\/v2\/product"}],"about":[{"href":"https:\/\/revolutionpadelstore.com\/de\/wp-json\/wp\/v2\/types\/product"}],"replies":[{"embeddable":true,"href":"https:\/\/revolutionpadelstore.com\/de\/wp-json\/wp\/v2\/comments?post=172004"}],"wp:featuredmedia":[{"embeddable":true,"href":"https:\/\/revolutionpadelstore.com\/de\/wp-json\/wp\/v2\/media\/171789"}],"wp:attachment":[{"href":"https:\/\/revolutionpadelstore.com\/de\/wp-json\/wp\/v2\/media?parent=172004"}],"wp:term":[{"taxonomy":"acabado","embeddable":true,"href":"https:\/\/revolutionpadelstore.com\/de\/wp-json\/wp\/v2\/acabado?post=172004"},{"taxonomy":"balance","embeddable":true,"href":"https:\/\/revolutionpadelstore.com\/de\/wp-json\/wp\/v2\/balance?post=172004"},{"taxonomy":"dureza","embeddable":true,"href":"https:\/\/revolutionpadelstore.com\/de\/wp-json\/wp\/v2\/dureza?post=172004"},{"taxonomy":"forma","embeddable":true,"href":"https:\/\/revolutionpadelstore.com\/de\/wp-json\/wp\/v2\/forma?post=172004"},{"taxonomy":"jugador","embeddable":true,"href":"https:\/\/revolutionpadelstore.com\/de\/wp-json\/wp\/v2\/jugador?post=172004"},{"taxonomy":"marca","embeddable":true,"href":"https:\/\/revolutionpadelstore.com\/de\/wp-json\/wp\/v2\/marca?post=172004"},{"taxonomy":"nivel-de-juego","embeddable":true,"href":"https:\/\/revolutionpadelstore.com\/de\/wp-json\/wp\/v2\/nivel-de-juego?post=172004"},{"taxonomy":"superficie","embeddable":true,"href":"https:\/\/revolutionpadelstore.com\/de\/wp-json\/wp\/v2\/superficie?post=172004"},{"taxonomy":"tipo-de-juego","embeddable":true,"href":"https:\/\/revolutionpadelstore.com\/de\/wp-json\/wp\/v2\/tipo-de-juego?post=172004"},{"taxonomy":"product_brand","embeddable":true,"href":"https:\/\/revolutionpadelstore.com\/de\/wp-json\/wp\/v2\/product_brand?post=172004"},{"taxonomy":"product_cat","embeddable":true,"href":"https:\/\/revolutionpadelstore.com\/de\/wp-json\/wp\/v2\/product_cat?post=172004"},{"taxonomy":"product_tag","embeddable":true,"href":"https:\/\/revolutionpadelstore.com\/de\/wp-json\/wp\/v2\/product_tag?post=172004"}],"curies":[{"name":"wp","href":"https:\/\/api.w.org\/{rel}","templated":true}]}}