{"id":171902,"date":"2025-02-18T17:51:31","date_gmt":"2025-02-18T16:51:31","guid":{"rendered":"https:\/\/revolutionpadelstore.com\/?post_type=product&#038;p=171902"},"modified":"2026-04-01T04:23:12","modified_gmt":"2026-04-01T02:23:12","slug":"joma-slam-men-2408-naranja-1","status":"publish","type":"product","link":"https:\/\/revolutionpadelstore.com\/de\/produkt\/joma-slam-men-2408-naranja-1\/","title":{"rendered":"JOMA SLAM MEN 2408 NARANJA"},"content":{"rendered":"<h2> Joma Slam M\u00e4nner 2408 Orange 2024 Sneaker &#8211; Auff\u00fchrung und Stil f\u00fcr den Paddle Player <\/ H2><br \/>\nDie <strong> Joma Slam Men 2408 Orange 2024 <\/strong> sind die perfekte Kombination aus Innovation, Komfort und auff\u00e4lliger Design. Diese Schuhe wurden f\u00fcr Paddle -Spieler entwickelt, die nach <strong> Maximal Grip, Stability and AtmAity <\/strong> suchen, und erh\u00f6hen Ihre Leistung auf der Strecke, ohne den Stil zu beeintr\u00e4chtigen. Seine lebendige orangefarbene Farbe sticht nicht nur visuell heraus, sondern spiegelt auch die Energie und Dynamik dieses hohen Modells wider.<\/p>\n<h2> Technologie und Vorteile <\/ H2><\/p>\n<p>-Luftstromsteuerungstechnologie \u2192 Halten Sie Ihre F\u00fc\u00dfe dank des fortschrittlichen L\u00fcftungssystems frisch und trocken<br \/>\n<P>-flex-dynamischer Sohle \u2192 liefert einen oberen Griff auf jeder Oberfl\u00e4che und optimieren Sie die einzelnen Bewegungen<\/p>\n<p>&#8211; Memory Foam Interieur \u2192 Personalisierte Anpassung mit unvergleichlichem Komfort in jedem Fu\u00dfabdruck<br \/>\n<P>&#8211; Ecorubber-Au\u00dfensohle \u2192 mit recycelten Materialien hergestellt, bietet Widerstand, Haltbarkeit und Umweltverpflichtung<\/p>\n<p>&#8211; Ultraleicht \u2192 leichte Schuhe, um die M\u00fcdigkeit zu reduzieren und die Beweglichkeit im Spiel zu verbessern.<br \/>\n<P>&#8211; Joma Padel Collection 2024 \u2192 Exklusive Design der letzten Joma-Schuhelinie f\u00fcr dieses Jahr<\/p>\n<h2> F\u00fcr wen ist dieses Modell ideal?<br \/>\nWenn Sie ein <strong> anspruchsvoller Spieler <\/strong> sind, der eine perfekte Balance zwischen <strong> Komfort, Griff und Avant -Gartde -Design <\/strong> sucht, sind die <strong> Joma Slam Men 2408 <\/strong> f\u00fcr Sie f\u00fcr Sie . Dar\u00fcber hinaus macht ihre Herstellung mit recycelten Materialien sie zu einer hervorragenden Option f\u00fcr diejenigen, die die Nachhaltigkeit im Sport sch\u00e4tzen.<\/p>\n<h2> Warum sie w\u00e4hlen?<br \/>\nWeil sie das Beste in <strong> Sporttechnologie und ergonomischem Design <\/strong> kombinieren und au\u00dfergew\u00f6hnliche Anpassungen, hohe Leistung und beeindruckende visuelle Auswirkungen garantieren. Mit den <strong> Joma Slam Men 2408 Orange 2024 <\/strong> wird jedes Spiel mit Vorteil gespielt.<\/p>\n<p><strong> Geben Sie jetzt in unserem Online -Shop &lt;a href = &quot;https:\/\/chatgpt.com\/g\/g-675432e02688191b6ee6d6f2fdbb15e-optimization-textos\/c\/www.revolutionpadelstore.com&quot; Markt!<\/p>\n<h2>Zapatillas Joma Slam Men 2408 Naranja 2024 \u2013 Rendimiento y Estilo para el Jugador de P\u00e1del<\/h2>\n","protected":false},"excerpt":{"rendered":"<p>Verbessern Sie Ihre Leistung mit den Joma Slam Men 2408 Schuhen in Orange, 2024 Ausgabe. Wagen Sie es, den n\u00e4chsten Schritt in Richtung Exzellenz zu machen!<\/p>\n","protected":false},"featured_media":171861,"comment_status":"open","ping_status":"closed","template":"","meta":{"_acf_changed":false,"_joinchat":[]},"acabado":[],"balance":[],"dureza":[],"forma":[],"jugador":[1189],"marca":[1224],"nivel-de-juego":[],"superficie":[],"tipo-de-juego":[],"product_brand":[],"product_cat":[831],"product_tag":[],"class_list":{"0":"post-171902","1":"product","2":"type-product","3":"status-publish","4":"has-post-thumbnail","6":"jugador-mann","7":"marca-joma-de","8":"product_cat-turnschuhe","10":"first","11":"outofstock","12":"sale","13":"taxable","14":"shipping-taxable","15":"purchasable","16":"product-type-variable"},"acf":[],"yoast_head":"<!-- This site is optimized with the Yoast SEO plugin v27.3 - https:\/\/yoast.com\/product\/yoast-seo-wordpress\/ -->\n<title>JOMA SLAM MEN 2408 NARANJA - Revolution Padel Store<\/title>\n<meta name=\"description\" content=\"Compra las Zapatillas Joma Slam Men 2408 Naranja 2024 en nuestra tienda online. M\u00e1ximo agarre, confort y transpirabilidad con tecnolog\u00eda avanzada. \u00a1Hazte con ellas al mejor precio!\" \/>\n<meta name=\"robots\" content=\"index, follow, max-snippet:-1, max-image-preview:large, max-video-preview:-1\" \/>\n<link rel=\"canonical\" href=\"https:\/\/revolutionpadelstore.com\/de\/produkt\/joma-slam-men-2408-naranja-1\/\" \/>\n<meta property=\"og:locale\" content=\"de_DE\" \/>\n<meta property=\"og:type\" content=\"article\" \/>\n<meta property=\"og:title\" content=\"JOMA SLAM MEN 2408 NARANJA - Revolution Padel Store\" \/>\n<meta property=\"og:description\" content=\"Compra las Zapatillas Joma Slam Men 2408 Naranja 2024 en nuestra tienda online. M\u00e1ximo agarre, confort y transpirabilidad con tecnolog\u00eda avanzada. \u00a1Hazte con ellas al mejor precio!\" \/>\n<meta property=\"og:url\" content=\"https:\/\/revolutionpadelstore.com\/de\/produkt\/joma-slam-men-2408-naranja-1\/\" \/>\n<meta property=\"og:site_name\" content=\"Revolution Padel Store\" \/>\n<meta property=\"article:modified_time\" content=\"2026-04-01T02:23:12+00:00\" \/>\n<meta property=\"og:image\" content=\"https:\/\/revolutionpadelstore.com\/wp-content\/uploads\/2025\/02\/TSLAMW2408OM_1.jpg\" \/>\n\t<meta property=\"og:image:width\" content=\"1500\" \/>\n\t<meta property=\"og:image:height\" content=\"1500\" \/>\n\t<meta property=\"og:image:type\" content=\"image\/jpeg\" \/>\n<meta name=\"twitter:card\" content=\"summary_large_image\" \/>\n<meta name=\"twitter:label1\" content=\"Gesch\u00e4tzte Lesezeit\" \/>\n\t<meta name=\"twitter:data1\" content=\"2\u00a0Minuten\" \/>\n<script type=\"application\/ld+json\" class=\"yoast-schema-graph\">{\"@context\":\"https:\\\/\\\/schema.org\",\"@graph\":[{\"@type\":\"WebPage\",\"@id\":\"https:\\\/\\\/revolutionpadelstore.com\\\/de\\\/produkt\\\/joma-slam-men-2408-naranja-1\\\/\",\"url\":\"https:\\\/\\\/revolutionpadelstore.com\\\/de\\\/produkt\\\/joma-slam-men-2408-naranja-1\\\/\",\"name\":\"JOMA SLAM MEN 2408 NARANJA - Revolution Padel Store\",\"isPartOf\":{\"@id\":\"https:\\\/\\\/revolutionpadelstore.com\\\/de\\\/#website\"},\"primaryImageOfPage\":{\"@id\":\"https:\\\/\\\/revolutionpadelstore.com\\\/de\\\/produkt\\\/joma-slam-men-2408-naranja-1\\\/#primaryimage\"},\"image\":{\"@id\":\"https:\\\/\\\/revolutionpadelstore.com\\\/de\\\/produkt\\\/joma-slam-men-2408-naranja-1\\\/#primaryimage\"},\"thumbnailUrl\":\"https:\\\/\\\/revolutionpadelstore.com\\\/wp-content\\\/uploads\\\/2025\\\/02\\\/TSLAMW2408OM_1.jpg\",\"datePublished\":\"2025-02-18T16:51:31+00:00\",\"dateModified\":\"2026-04-01T02:23:12+00:00\",\"description\":\"Compra las Zapatillas Joma Slam Men 2408 Naranja 2024 en nuestra tienda online. M\u00e1ximo agarre, confort y transpirabilidad con tecnolog\u00eda avanzada. \u00a1Hazte con ellas al mejor precio!\",\"breadcrumb\":{\"@id\":\"https:\\\/\\\/revolutionpadelstore.com\\\/de\\\/produkt\\\/joma-slam-men-2408-naranja-1\\\/#breadcrumb\"},\"inLanguage\":\"de\",\"potentialAction\":[{\"@type\":\"ReadAction\",\"target\":[\"https:\\\/\\\/revolutionpadelstore.com\\\/de\\\/produkt\\\/joma-slam-men-2408-naranja-1\\\/\"]}]},{\"@type\":\"ImageObject\",\"inLanguage\":\"de\",\"@id\":\"https:\\\/\\\/revolutionpadelstore.com\\\/de\\\/produkt\\\/joma-slam-men-2408-naranja-1\\\/#primaryimage\",\"url\":\"https:\\\/\\\/revolutionpadelstore.com\\\/wp-content\\\/uploads\\\/2025\\\/02\\\/TSLAMW2408OM_1.jpg\",\"contentUrl\":\"https:\\\/\\\/revolutionpadelstore.com\\\/wp-content\\\/uploads\\\/2025\\\/02\\\/TSLAMW2408OM_1.jpg\",\"width\":1500,\"height\":1500},{\"@type\":\"BreadcrumbList\",\"@id\":\"https:\\\/\\\/revolutionpadelstore.com\\\/de\\\/produkt\\\/joma-slam-men-2408-naranja-1\\\/#breadcrumb\",\"itemListElement\":[{\"@type\":\"ListItem\",\"position\":1,\"name\":\"Portada\",\"item\":\"https:\\\/\\\/revolutionpadelstore.com\\\/de\\\/\"},{\"@type\":\"ListItem\",\"position\":2,\"name\":\"Shop\",\"item\":\"https:\\\/\\\/revolutionpadelstore.com\\\/de\\\/tienda\\\/\"},{\"@type\":\"ListItem\",\"position\":3,\"name\":\"JOMA SLAM MEN 2408 NARANJA\"}]},{\"@type\":\"WebSite\",\"@id\":\"https:\\\/\\\/revolutionpadelstore.com\\\/de\\\/#website\",\"url\":\"https:\\\/\\\/revolutionpadelstore.com\\\/de\\\/\",\"name\":\"Revolution Padel Store\",\"description\":\"\",\"publisher\":{\"@id\":\"https:\\\/\\\/revolutionpadelstore.com\\\/de\\\/#organization\"},\"potentialAction\":[{\"@type\":\"SearchAction\",\"target\":{\"@type\":\"EntryPoint\",\"urlTemplate\":\"https:\\\/\\\/revolutionpadelstore.com\\\/de\\\/?s={search_term_string}\"},\"query-input\":{\"@type\":\"PropertyValueSpecification\",\"valueRequired\":true,\"valueName\":\"search_term_string\"}}],\"inLanguage\":\"de\"},{\"@type\":\"Organization\",\"@id\":\"https:\\\/\\\/revolutionpadelstore.com\\\/de\\\/#organization\",\"name\":\"Revolution Padel Store\",\"url\":\"https:\\\/\\\/revolutionpadelstore.com\\\/de\\\/\",\"logo\":{\"@type\":\"ImageObject\",\"inLanguage\":\"de\",\"@id\":\"https:\\\/\\\/revolutionpadelstore.com\\\/de\\\/#\\\/schema\\\/logo\\\/image\\\/\",\"url\":\"https:\\\/\\\/revolutionpadelstore.com\\\/wp-content\\\/uploads\\\/2026\\\/02\\\/revolution-padel-store.jpg\",\"contentUrl\":\"https:\\\/\\\/revolutionpadelstore.com\\\/wp-content\\\/uploads\\\/2026\\\/02\\\/revolution-padel-store.jpg\",\"width\":2000,\"height\":2000,\"caption\":\"Revolution Padel Store\"},\"image\":{\"@id\":\"https:\\\/\\\/revolutionpadelstore.com\\\/de\\\/#\\\/schema\\\/logo\\\/image\\\/\"},\"sameAs\":[\"https:\\\/\\\/www.instagram.com\\\/revolutionpadelstore\\\/\"]}]}<\/script>\n<!-- \/ Yoast SEO plugin. -->","yoast_head_json":{"title":"JOMA SLAM MEN 2408 NARANJA - Revolution Padel Store","description":"Compra las Zapatillas Joma Slam Men 2408 Naranja 2024 en nuestra tienda online. M\u00e1ximo agarre, confort y transpirabilidad con tecnolog\u00eda avanzada. \u00a1Hazte con ellas al mejor precio!","robots":{"index":"index","follow":"follow","max-snippet":"max-snippet:-1","max-image-preview":"max-image-preview:large","max-video-preview":"max-video-preview:-1"},"canonical":"https:\/\/revolutionpadelstore.com\/de\/produkt\/joma-slam-men-2408-naranja-1\/","og_locale":"de_DE","og_type":"article","og_title":"JOMA SLAM MEN 2408 NARANJA - Revolution Padel Store","og_description":"Compra las Zapatillas Joma Slam Men 2408 Naranja 2024 en nuestra tienda online. M\u00e1ximo agarre, confort y transpirabilidad con tecnolog\u00eda avanzada. \u00a1Hazte con ellas al mejor precio!","og_url":"https:\/\/revolutionpadelstore.com\/de\/produkt\/joma-slam-men-2408-naranja-1\/","og_site_name":"Revolution Padel Store","article_modified_time":"2026-04-01T02:23:12+00:00","og_image":[{"width":1500,"height":1500,"url":"https:\/\/revolutionpadelstore.com\/wp-content\/uploads\/2025\/02\/TSLAMW2408OM_1.jpg","type":"image\/jpeg"}],"twitter_card":"summary_large_image","twitter_misc":{"Gesch\u00e4tzte Lesezeit":"2\u00a0Minuten"},"schema":{"@context":"https:\/\/schema.org","@graph":[{"@type":"WebPage","@id":"https:\/\/revolutionpadelstore.com\/de\/produkt\/joma-slam-men-2408-naranja-1\/","url":"https:\/\/revolutionpadelstore.com\/de\/produkt\/joma-slam-men-2408-naranja-1\/","name":"JOMA SLAM MEN 2408 NARANJA - Revolution Padel Store","isPartOf":{"@id":"https:\/\/revolutionpadelstore.com\/de\/#website"},"primaryImageOfPage":{"@id":"https:\/\/revolutionpadelstore.com\/de\/produkt\/joma-slam-men-2408-naranja-1\/#primaryimage"},"image":{"@id":"https:\/\/revolutionpadelstore.com\/de\/produkt\/joma-slam-men-2408-naranja-1\/#primaryimage"},"thumbnailUrl":"https:\/\/revolutionpadelstore.com\/wp-content\/uploads\/2025\/02\/TSLAMW2408OM_1.jpg","datePublished":"2025-02-18T16:51:31+00:00","dateModified":"2026-04-01T02:23:12+00:00","description":"Compra las Zapatillas Joma Slam Men 2408 Naranja 2024 en nuestra tienda online. M\u00e1ximo agarre, confort y transpirabilidad con tecnolog\u00eda avanzada. \u00a1Hazte con ellas al mejor precio!","breadcrumb":{"@id":"https:\/\/revolutionpadelstore.com\/de\/produkt\/joma-slam-men-2408-naranja-1\/#breadcrumb"},"inLanguage":"de","potentialAction":[{"@type":"ReadAction","target":["https:\/\/revolutionpadelstore.com\/de\/produkt\/joma-slam-men-2408-naranja-1\/"]}]},{"@type":"ImageObject","inLanguage":"de","@id":"https:\/\/revolutionpadelstore.com\/de\/produkt\/joma-slam-men-2408-naranja-1\/#primaryimage","url":"https:\/\/revolutionpadelstore.com\/wp-content\/uploads\/2025\/02\/TSLAMW2408OM_1.jpg","contentUrl":"https:\/\/revolutionpadelstore.com\/wp-content\/uploads\/2025\/02\/TSLAMW2408OM_1.jpg","width":1500,"height":1500},{"@type":"BreadcrumbList","@id":"https:\/\/revolutionpadelstore.com\/de\/produkt\/joma-slam-men-2408-naranja-1\/#breadcrumb","itemListElement":[{"@type":"ListItem","position":1,"name":"Portada","item":"https:\/\/revolutionpadelstore.com\/de\/"},{"@type":"ListItem","position":2,"name":"Shop","item":"https:\/\/revolutionpadelstore.com\/de\/tienda\/"},{"@type":"ListItem","position":3,"name":"JOMA SLAM MEN 2408 NARANJA"}]},{"@type":"WebSite","@id":"https:\/\/revolutionpadelstore.com\/de\/#website","url":"https:\/\/revolutionpadelstore.com\/de\/","name":"Revolution Padel Store","description":"","publisher":{"@id":"https:\/\/revolutionpadelstore.com\/de\/#organization"},"potentialAction":[{"@type":"SearchAction","target":{"@type":"EntryPoint","urlTemplate":"https:\/\/revolutionpadelstore.com\/de\/?s={search_term_string}"},"query-input":{"@type":"PropertyValueSpecification","valueRequired":true,"valueName":"search_term_string"}}],"inLanguage":"de"},{"@type":"Organization","@id":"https:\/\/revolutionpadelstore.com\/de\/#organization","name":"Revolution Padel Store","url":"https:\/\/revolutionpadelstore.com\/de\/","logo":{"@type":"ImageObject","inLanguage":"de","@id":"https:\/\/revolutionpadelstore.com\/de\/#\/schema\/logo\/image\/","url":"https:\/\/revolutionpadelstore.com\/wp-content\/uploads\/2026\/02\/revolution-padel-store.jpg","contentUrl":"https:\/\/revolutionpadelstore.com\/wp-content\/uploads\/2026\/02\/revolution-padel-store.jpg","width":2000,"height":2000,"caption":"Revolution Padel Store"},"image":{"@id":"https:\/\/revolutionpadelstore.com\/de\/#\/schema\/logo\/image\/"},"sameAs":["https:\/\/www.instagram.com\/revolutionpadelstore\/"]}]}},"_links":{"self":[{"href":"https:\/\/revolutionpadelstore.com\/de\/wp-json\/wp\/v2\/product\/171902","targetHints":{"allow":["GET"]}}],"collection":[{"href":"https:\/\/revolutionpadelstore.com\/de\/wp-json\/wp\/v2\/product"}],"about":[{"href":"https:\/\/revolutionpadelstore.com\/de\/wp-json\/wp\/v2\/types\/product"}],"replies":[{"embeddable":true,"href":"https:\/\/revolutionpadelstore.com\/de\/wp-json\/wp\/v2\/comments?post=171902"}],"wp:featuredmedia":[{"embeddable":true,"href":"https:\/\/revolutionpadelstore.com\/de\/wp-json\/wp\/v2\/media\/171861"}],"wp:attachment":[{"href":"https:\/\/revolutionpadelstore.com\/de\/wp-json\/wp\/v2\/media?parent=171902"}],"wp:term":[{"taxonomy":"acabado","embeddable":true,"href":"https:\/\/revolutionpadelstore.com\/de\/wp-json\/wp\/v2\/acabado?post=171902"},{"taxonomy":"balance","embeddable":true,"href":"https:\/\/revolutionpadelstore.com\/de\/wp-json\/wp\/v2\/balance?post=171902"},{"taxonomy":"dureza","embeddable":true,"href":"https:\/\/revolutionpadelstore.com\/de\/wp-json\/wp\/v2\/dureza?post=171902"},{"taxonomy":"forma","embeddable":true,"href":"https:\/\/revolutionpadelstore.com\/de\/wp-json\/wp\/v2\/forma?post=171902"},{"taxonomy":"jugador","embeddable":true,"href":"https:\/\/revolutionpadelstore.com\/de\/wp-json\/wp\/v2\/jugador?post=171902"},{"taxonomy":"marca","embeddable":true,"href":"https:\/\/revolutionpadelstore.com\/de\/wp-json\/wp\/v2\/marca?post=171902"},{"taxonomy":"nivel-de-juego","embeddable":true,"href":"https:\/\/revolutionpadelstore.com\/de\/wp-json\/wp\/v2\/nivel-de-juego?post=171902"},{"taxonomy":"superficie","embeddable":true,"href":"https:\/\/revolutionpadelstore.com\/de\/wp-json\/wp\/v2\/superficie?post=171902"},{"taxonomy":"tipo-de-juego","embeddable":true,"href":"https:\/\/revolutionpadelstore.com\/de\/wp-json\/wp\/v2\/tipo-de-juego?post=171902"},{"taxonomy":"product_brand","embeddable":true,"href":"https:\/\/revolutionpadelstore.com\/de\/wp-json\/wp\/v2\/product_brand?post=171902"},{"taxonomy":"product_cat","embeddable":true,"href":"https:\/\/revolutionpadelstore.com\/de\/wp-json\/wp\/v2\/product_cat?post=171902"},{"taxonomy":"product_tag","embeddable":true,"href":"https:\/\/revolutionpadelstore.com\/de\/wp-json\/wp\/v2\/product_tag?post=171902"}],"curies":[{"name":"wp","href":"https:\/\/api.w.org\/{rel}","templated":true}]}}