{"id":171642,"date":"2025-02-18T08:19:59","date_gmt":"2025-02-18T07:19:59","guid":{"rendered":"https:\/\/revolutionpadelstore.com\/bullpadel-neuron-vibram-25v-blanco\/"},"modified":"2026-04-08T07:35:38","modified_gmt":"2026-04-08T05:35:38","slug":"bullpadel-neuron-vibram-25v-blanco-1","status":"publish","type":"product","link":"https:\/\/revolutionpadelstore.com\/de\/produkt\/bullpadel-neuron-vibram-25v-blanco-1\/","title":{"rendered":"BULLPADEL NEURON VIBRAM 25V BLANCO"},"content":{"rendered":"<h2> Bullpadel Neuron Vibram 25 V Wei\u00df &#8211; Traktion und Stabilit\u00e4t in jeder Bewegung <\/ H2><br \/>\nDas <strong> Bullpadel Neuron Vibram 25 V White <\/strong> wurde entwickelt, um maximale Traktion, Stabilit\u00e4t und Komfort auf der Strecke zu bieten. Die Vibramsohle mit X-Abrad-Verbindung bietet dank seines 360 \u00b0 Hybridmusters eine \u00fcberlegene Haltbarkeit und einen au\u00dfergew\u00f6hnlichen Griff auf jede Art von Oberfl\u00e4che. Dar\u00fcber hinaus erweitert die laterale Bewegungstechnologie die St\u00fctzbasis und erm\u00f6glicht in jedem Spiel weiche und gepolsterte Erdrutsche.<\/p>\n<p>Das innovative Design dieser Schuhe, die von <strong> Federico Chingotto <\/strong> verwendet wird, garantiert <strong> Leistung und Leichtigkeit <\/strong>. Sein Obermaterial mit der Atemwesh -Technologie verbessert <strong> Bel\u00fcftung und Frische <\/strong>, w\u00e4hrend die nahtlose Struktur die Flexibilit\u00e4t und Anpassung am Fu\u00df optimiert und sich an die anspruchsvollsten Bewegungen des Spiels anpasst.<\/p>\n<h2> Ausstehende Eigenschaften: <\/ h2><br \/>\n<P>-Vibram X-Abrade Sohle: Maximale Traktions- und Verschlei\u00dffestigkeit.<br \/>\n-Sose Shield: zus\u00e4tzlichen Schutz in Zehen und Seite.<br \/>\n-Die Bewegung: Polsterung und Stabilit\u00e4t in lateralen Bewegungen.<br \/>\n-UMPER mit optimalem Atemmesh: optimale Leichtigkeit und Atmungsaktivit\u00e4t.<br \/>\n-Thermosera: gr\u00f6\u00dfere Flexibilit\u00e4t und Anpassung ohne N\u00e4hte.<br \/>\n-X-Arbeit: Seitenflosse f\u00fcr zus\u00e4tzliche Stabilit\u00e4t in Verschiebungen.<br \/>\n-Sitch Insist: \u00dcberlegene D\u00e4mpfung und Komfort in jedem Fu\u00dfabdruck.<br \/>\n-Gonomische Anwendung: Dynamische Anpassung an den Fu\u00df f\u00fcr eine perfekte Anpassung<\/p>\n<p>&lt;In<br \/>\nWenn Sie nach einige <strong> -Paddelschuhe mit Griff, Stabilit\u00e4t und Komfort <\/strong> suchen, sind das <strong> Bullpadel Neuron Vibram 25 V White <\/strong> die ideale Wahl. Mit der <strong> bullpadel garantiert <\/strong> und der Unterst\u00fctzung eines professionellen Spielers wie Fede Chingotto sind Sie bereit, in jedem Spiel maximal aufzutreten.<\/p>\n<p><strong> Kaufen Sie sie jetzt in unserem Online -Shop &lt;a href = &quot;https:\/\/chatgpt.com\/g\/g-675432e02688191b6ee6d6f2fdbb15e-optimization-textos\/c\/www.revolutionpadelstore.com&quot; Markt!<\/p>\n<h2>Bullpadel Neuron Vibram 25V Blanco \u2013 Tracci\u00f3n y estabilidad en cada movimiento<\/h2>\n","protected":false},"excerpt":{"rendered":"<p>Die Neuron Vibram 25 V Bullpadel-Sneakers f\u00fcr M\u00e4nner in Wei\u00df haben eine gemischte Vibramsohle und die X-Abge-Verbindung, die eine optimale Kombination aus Vielseitigkeit, Resistenz und Stabilit\u00e4t bietet.<\/p>\n","protected":false},"featured_media":171601,"comment_status":"open","ping_status":"closed","template":"","meta":{"_acf_changed":false,"_joinchat":[]},"acabado":[],"balance":[],"dureza":[],"forma":[],"jugador":[1189],"marca":[1254],"nivel-de-juego":[],"superficie":[],"tipo-de-juego":[],"product_brand":[],"product_cat":[831],"product_tag":[],"class_list":{"0":"post-171642","1":"product","2":"type-product","3":"status-publish","4":"has-post-thumbnail","6":"jugador-mann","7":"marca-bullpadel-de","8":"product_cat-turnschuhe","10":"first","11":"outofstock","12":"sale","13":"taxable","14":"shipping-taxable","15":"purchasable","16":"product-type-variable"},"acf":[],"yoast_head":"<!-- This site is optimized with the Yoast SEO plugin v27.4 - https:\/\/yoast.com\/product\/yoast-seo-wordpress\/ -->\n<title>BULLPADEL NEURON VIBRAM 25V BLANCO - Revolution Padel Store<\/title>\n<meta name=\"description\" content=\"Compra las Bullpadel Neuron Vibram 25V Blanco con suela Vibram y tecnolog\u00eda Lateral Movement. M\u00e1ximo agarre, estabilidad y comodidad. \u00a1Disponibles en Revolution Padel Store!\" \/>\n<meta name=\"robots\" content=\"index, follow, max-snippet:-1, max-image-preview:large, max-video-preview:-1\" \/>\n<link rel=\"canonical\" href=\"https:\/\/revolutionpadelstore.com\/de\/produkt\/bullpadel-neuron-vibram-25v-blanco-1\/\" \/>\n<meta property=\"og:locale\" content=\"de_DE\" \/>\n<meta property=\"og:type\" content=\"article\" \/>\n<meta property=\"og:title\" content=\"BULLPADEL NEURON VIBRAM 25V BLANCO - Revolution Padel Store\" \/>\n<meta property=\"og:description\" content=\"Compra las Bullpadel Neuron Vibram 25V Blanco con suela Vibram y tecnolog\u00eda Lateral Movement. M\u00e1ximo agarre, estabilidad y comodidad. \u00a1Disponibles en Revolution Padel Store!\" \/>\n<meta property=\"og:url\" content=\"https:\/\/revolutionpadelstore.com\/de\/produkt\/bullpadel-neuron-vibram-25v-blanco-1\/\" \/>\n<meta property=\"og:site_name\" content=\"Revolution Padel Store\" \/>\n<meta property=\"article:modified_time\" content=\"2026-04-08T05:35:38+00:00\" \/>\n<meta property=\"og:image\" content=\"https:\/\/revolutionpadelstore.com\/wp-content\/uploads\/2025\/02\/114337-zapatillas-bullpadel-neuron-vibram-25v-cm51012000-blanco-1200x1200-1.webp\" \/>\n\t<meta property=\"og:image:width\" content=\"1200\" \/>\n\t<meta property=\"og:image:height\" content=\"1200\" \/>\n\t<meta property=\"og:image:type\" content=\"image\/webp\" \/>\n<meta name=\"twitter:card\" content=\"summary_large_image\" \/>\n<meta name=\"twitter:label1\" content=\"Gesch\u00e4tzte Lesezeit\" \/>\n\t<meta name=\"twitter:data1\" content=\"1\u00a0Minute\" \/>\n<script type=\"application\/ld+json\" class=\"yoast-schema-graph\">{\"@context\":\"https:\\\/\\\/schema.org\",\"@graph\":[{\"@type\":\"WebPage\",\"@id\":\"https:\\\/\\\/revolutionpadelstore.com\\\/de\\\/produkt\\\/bullpadel-neuron-vibram-25v-blanco-1\\\/\",\"url\":\"https:\\\/\\\/revolutionpadelstore.com\\\/de\\\/produkt\\\/bullpadel-neuron-vibram-25v-blanco-1\\\/\",\"name\":\"BULLPADEL NEURON VIBRAM 25V BLANCO - Revolution Padel Store\",\"isPartOf\":{\"@id\":\"https:\\\/\\\/revolutionpadelstore.com\\\/de\\\/#website\"},\"primaryImageOfPage\":{\"@id\":\"https:\\\/\\\/revolutionpadelstore.com\\\/de\\\/produkt\\\/bullpadel-neuron-vibram-25v-blanco-1\\\/#primaryimage\"},\"image\":{\"@id\":\"https:\\\/\\\/revolutionpadelstore.com\\\/de\\\/produkt\\\/bullpadel-neuron-vibram-25v-blanco-1\\\/#primaryimage\"},\"thumbnailUrl\":\"https:\\\/\\\/revolutionpadelstore.com\\\/wp-content\\\/uploads\\\/2025\\\/02\\\/114337-zapatillas-bullpadel-neuron-vibram-25v-cm51012000-blanco-1200x1200-1.webp\",\"datePublished\":\"2025-02-18T07:19:59+00:00\",\"dateModified\":\"2026-04-08T05:35:38+00:00\",\"description\":\"Compra las Bullpadel Neuron Vibram 25V Blanco con suela Vibram y tecnolog\u00eda Lateral Movement. M\u00e1ximo agarre, estabilidad y comodidad. \u00a1Disponibles en Revolution Padel Store!\",\"breadcrumb\":{\"@id\":\"https:\\\/\\\/revolutionpadelstore.com\\\/de\\\/produkt\\\/bullpadel-neuron-vibram-25v-blanco-1\\\/#breadcrumb\"},\"inLanguage\":\"de\",\"potentialAction\":[{\"@type\":\"ReadAction\",\"target\":[\"https:\\\/\\\/revolutionpadelstore.com\\\/de\\\/produkt\\\/bullpadel-neuron-vibram-25v-blanco-1\\\/\"]}]},{\"@type\":\"ImageObject\",\"inLanguage\":\"de\",\"@id\":\"https:\\\/\\\/revolutionpadelstore.com\\\/de\\\/produkt\\\/bullpadel-neuron-vibram-25v-blanco-1\\\/#primaryimage\",\"url\":\"https:\\\/\\\/revolutionpadelstore.com\\\/wp-content\\\/uploads\\\/2025\\\/02\\\/114337-zapatillas-bullpadel-neuron-vibram-25v-cm51012000-blanco-1200x1200-1.webp\",\"contentUrl\":\"https:\\\/\\\/revolutionpadelstore.com\\\/wp-content\\\/uploads\\\/2025\\\/02\\\/114337-zapatillas-bullpadel-neuron-vibram-25v-cm51012000-blanco-1200x1200-1.webp\",\"width\":1200,\"height\":1200},{\"@type\":\"BreadcrumbList\",\"@id\":\"https:\\\/\\\/revolutionpadelstore.com\\\/de\\\/produkt\\\/bullpadel-neuron-vibram-25v-blanco-1\\\/#breadcrumb\",\"itemListElement\":[{\"@type\":\"ListItem\",\"position\":1,\"name\":\"Portada\",\"item\":\"https:\\\/\\\/revolutionpadelstore.com\\\/de\\\/\"},{\"@type\":\"ListItem\",\"position\":2,\"name\":\"Shop\",\"item\":\"https:\\\/\\\/revolutionpadelstore.com\\\/de\\\/tienda\\\/\"},{\"@type\":\"ListItem\",\"position\":3,\"name\":\"BULLPADEL NEURON VIBRAM 25V BLANCO\"}]},{\"@type\":\"WebSite\",\"@id\":\"https:\\\/\\\/revolutionpadelstore.com\\\/de\\\/#website\",\"url\":\"https:\\\/\\\/revolutionpadelstore.com\\\/de\\\/\",\"name\":\"Revolution Padel Store\",\"description\":\"\",\"publisher\":{\"@id\":\"https:\\\/\\\/revolutionpadelstore.com\\\/de\\\/#organization\"},\"potentialAction\":[{\"@type\":\"SearchAction\",\"target\":{\"@type\":\"EntryPoint\",\"urlTemplate\":\"https:\\\/\\\/revolutionpadelstore.com\\\/de\\\/?s={search_term_string}\"},\"query-input\":{\"@type\":\"PropertyValueSpecification\",\"valueRequired\":true,\"valueName\":\"search_term_string\"}}],\"inLanguage\":\"de\"},{\"@type\":\"Organization\",\"@id\":\"https:\\\/\\\/revolutionpadelstore.com\\\/de\\\/#organization\",\"name\":\"Revolution Padel Store\",\"url\":\"https:\\\/\\\/revolutionpadelstore.com\\\/de\\\/\",\"logo\":{\"@type\":\"ImageObject\",\"inLanguage\":\"de\",\"@id\":\"https:\\\/\\\/revolutionpadelstore.com\\\/de\\\/#\\\/schema\\\/logo\\\/image\\\/\",\"url\":\"https:\\\/\\\/revolutionpadelstore.com\\\/wp-content\\\/uploads\\\/2026\\\/02\\\/revolution-padel-store.jpg\",\"contentUrl\":\"https:\\\/\\\/revolutionpadelstore.com\\\/wp-content\\\/uploads\\\/2026\\\/02\\\/revolution-padel-store.jpg\",\"width\":2000,\"height\":2000,\"caption\":\"Revolution Padel Store\"},\"image\":{\"@id\":\"https:\\\/\\\/revolutionpadelstore.com\\\/de\\\/#\\\/schema\\\/logo\\\/image\\\/\"},\"sameAs\":[\"https:\\\/\\\/www.instagram.com\\\/revolutionpadelstore\\\/\"]}]}<\/script>\n<!-- \/ Yoast SEO plugin. -->","yoast_head_json":{"title":"BULLPADEL NEURON VIBRAM 25V BLANCO - Revolution Padel Store","description":"Compra las Bullpadel Neuron Vibram 25V Blanco con suela Vibram y tecnolog\u00eda Lateral Movement. M\u00e1ximo agarre, estabilidad y comodidad. \u00a1Disponibles en Revolution Padel Store!","robots":{"index":"index","follow":"follow","max-snippet":"max-snippet:-1","max-image-preview":"max-image-preview:large","max-video-preview":"max-video-preview:-1"},"canonical":"https:\/\/revolutionpadelstore.com\/de\/produkt\/bullpadel-neuron-vibram-25v-blanco-1\/","og_locale":"de_DE","og_type":"article","og_title":"BULLPADEL NEURON VIBRAM 25V BLANCO - Revolution Padel Store","og_description":"Compra las Bullpadel Neuron Vibram 25V Blanco con suela Vibram y tecnolog\u00eda Lateral Movement. M\u00e1ximo agarre, estabilidad y comodidad. \u00a1Disponibles en Revolution Padel Store!","og_url":"https:\/\/revolutionpadelstore.com\/de\/produkt\/bullpadel-neuron-vibram-25v-blanco-1\/","og_site_name":"Revolution Padel Store","article_modified_time":"2026-04-08T05:35:38+00:00","og_image":[{"width":1200,"height":1200,"url":"https:\/\/revolutionpadelstore.com\/wp-content\/uploads\/2025\/02\/114337-zapatillas-bullpadel-neuron-vibram-25v-cm51012000-blanco-1200x1200-1.webp","type":"image\/webp"}],"twitter_card":"summary_large_image","twitter_misc":{"Gesch\u00e4tzte Lesezeit":"1\u00a0Minute"},"schema":{"@context":"https:\/\/schema.org","@graph":[{"@type":"WebPage","@id":"https:\/\/revolutionpadelstore.com\/de\/produkt\/bullpadel-neuron-vibram-25v-blanco-1\/","url":"https:\/\/revolutionpadelstore.com\/de\/produkt\/bullpadel-neuron-vibram-25v-blanco-1\/","name":"BULLPADEL NEURON VIBRAM 25V BLANCO - Revolution Padel Store","isPartOf":{"@id":"https:\/\/revolutionpadelstore.com\/de\/#website"},"primaryImageOfPage":{"@id":"https:\/\/revolutionpadelstore.com\/de\/produkt\/bullpadel-neuron-vibram-25v-blanco-1\/#primaryimage"},"image":{"@id":"https:\/\/revolutionpadelstore.com\/de\/produkt\/bullpadel-neuron-vibram-25v-blanco-1\/#primaryimage"},"thumbnailUrl":"https:\/\/revolutionpadelstore.com\/wp-content\/uploads\/2025\/02\/114337-zapatillas-bullpadel-neuron-vibram-25v-cm51012000-blanco-1200x1200-1.webp","datePublished":"2025-02-18T07:19:59+00:00","dateModified":"2026-04-08T05:35:38+00:00","description":"Compra las Bullpadel Neuron Vibram 25V Blanco con suela Vibram y tecnolog\u00eda Lateral Movement. M\u00e1ximo agarre, estabilidad y comodidad. \u00a1Disponibles en Revolution Padel Store!","breadcrumb":{"@id":"https:\/\/revolutionpadelstore.com\/de\/produkt\/bullpadel-neuron-vibram-25v-blanco-1\/#breadcrumb"},"inLanguage":"de","potentialAction":[{"@type":"ReadAction","target":["https:\/\/revolutionpadelstore.com\/de\/produkt\/bullpadel-neuron-vibram-25v-blanco-1\/"]}]},{"@type":"ImageObject","inLanguage":"de","@id":"https:\/\/revolutionpadelstore.com\/de\/produkt\/bullpadel-neuron-vibram-25v-blanco-1\/#primaryimage","url":"https:\/\/revolutionpadelstore.com\/wp-content\/uploads\/2025\/02\/114337-zapatillas-bullpadel-neuron-vibram-25v-cm51012000-blanco-1200x1200-1.webp","contentUrl":"https:\/\/revolutionpadelstore.com\/wp-content\/uploads\/2025\/02\/114337-zapatillas-bullpadel-neuron-vibram-25v-cm51012000-blanco-1200x1200-1.webp","width":1200,"height":1200},{"@type":"BreadcrumbList","@id":"https:\/\/revolutionpadelstore.com\/de\/produkt\/bullpadel-neuron-vibram-25v-blanco-1\/#breadcrumb","itemListElement":[{"@type":"ListItem","position":1,"name":"Portada","item":"https:\/\/revolutionpadelstore.com\/de\/"},{"@type":"ListItem","position":2,"name":"Shop","item":"https:\/\/revolutionpadelstore.com\/de\/tienda\/"},{"@type":"ListItem","position":3,"name":"BULLPADEL NEURON VIBRAM 25V BLANCO"}]},{"@type":"WebSite","@id":"https:\/\/revolutionpadelstore.com\/de\/#website","url":"https:\/\/revolutionpadelstore.com\/de\/","name":"Revolution Padel Store","description":"","publisher":{"@id":"https:\/\/revolutionpadelstore.com\/de\/#organization"},"potentialAction":[{"@type":"SearchAction","target":{"@type":"EntryPoint","urlTemplate":"https:\/\/revolutionpadelstore.com\/de\/?s={search_term_string}"},"query-input":{"@type":"PropertyValueSpecification","valueRequired":true,"valueName":"search_term_string"}}],"inLanguage":"de"},{"@type":"Organization","@id":"https:\/\/revolutionpadelstore.com\/de\/#organization","name":"Revolution Padel Store","url":"https:\/\/revolutionpadelstore.com\/de\/","logo":{"@type":"ImageObject","inLanguage":"de","@id":"https:\/\/revolutionpadelstore.com\/de\/#\/schema\/logo\/image\/","url":"https:\/\/revolutionpadelstore.com\/wp-content\/uploads\/2026\/02\/revolution-padel-store.jpg","contentUrl":"https:\/\/revolutionpadelstore.com\/wp-content\/uploads\/2026\/02\/revolution-padel-store.jpg","width":2000,"height":2000,"caption":"Revolution Padel Store"},"image":{"@id":"https:\/\/revolutionpadelstore.com\/de\/#\/schema\/logo\/image\/"},"sameAs":["https:\/\/www.instagram.com\/revolutionpadelstore\/"]}]}},"_links":{"self":[{"href":"https:\/\/revolutionpadelstore.com\/de\/wp-json\/wp\/v2\/product\/171642","targetHints":{"allow":["GET"]}}],"collection":[{"href":"https:\/\/revolutionpadelstore.com\/de\/wp-json\/wp\/v2\/product"}],"about":[{"href":"https:\/\/revolutionpadelstore.com\/de\/wp-json\/wp\/v2\/types\/product"}],"replies":[{"embeddable":true,"href":"https:\/\/revolutionpadelstore.com\/de\/wp-json\/wp\/v2\/comments?post=171642"}],"wp:featuredmedia":[{"embeddable":true,"href":"https:\/\/revolutionpadelstore.com\/de\/wp-json\/wp\/v2\/media\/171601"}],"wp:attachment":[{"href":"https:\/\/revolutionpadelstore.com\/de\/wp-json\/wp\/v2\/media?parent=171642"}],"wp:term":[{"taxonomy":"acabado","embeddable":true,"href":"https:\/\/revolutionpadelstore.com\/de\/wp-json\/wp\/v2\/acabado?post=171642"},{"taxonomy":"balance","embeddable":true,"href":"https:\/\/revolutionpadelstore.com\/de\/wp-json\/wp\/v2\/balance?post=171642"},{"taxonomy":"dureza","embeddable":true,"href":"https:\/\/revolutionpadelstore.com\/de\/wp-json\/wp\/v2\/dureza?post=171642"},{"taxonomy":"forma","embeddable":true,"href":"https:\/\/revolutionpadelstore.com\/de\/wp-json\/wp\/v2\/forma?post=171642"},{"taxonomy":"jugador","embeddable":true,"href":"https:\/\/revolutionpadelstore.com\/de\/wp-json\/wp\/v2\/jugador?post=171642"},{"taxonomy":"marca","embeddable":true,"href":"https:\/\/revolutionpadelstore.com\/de\/wp-json\/wp\/v2\/marca?post=171642"},{"taxonomy":"nivel-de-juego","embeddable":true,"href":"https:\/\/revolutionpadelstore.com\/de\/wp-json\/wp\/v2\/nivel-de-juego?post=171642"},{"taxonomy":"superficie","embeddable":true,"href":"https:\/\/revolutionpadelstore.com\/de\/wp-json\/wp\/v2\/superficie?post=171642"},{"taxonomy":"tipo-de-juego","embeddable":true,"href":"https:\/\/revolutionpadelstore.com\/de\/wp-json\/wp\/v2\/tipo-de-juego?post=171642"},{"taxonomy":"product_brand","embeddable":true,"href":"https:\/\/revolutionpadelstore.com\/de\/wp-json\/wp\/v2\/product_brand?post=171642"},{"taxonomy":"product_cat","embeddable":true,"href":"https:\/\/revolutionpadelstore.com\/de\/wp-json\/wp\/v2\/product_cat?post=171642"},{"taxonomy":"product_tag","embeddable":true,"href":"https:\/\/revolutionpadelstore.com\/de\/wp-json\/wp\/v2\/product_tag?post=171642"}],"curies":[{"name":"wp","href":"https:\/\/api.w.org\/{rel}","templated":true}]}}