{"id":171558,"date":"2025-02-18T08:05:26","date_gmt":"2025-02-18T07:05:26","guid":{"rendered":"https:\/\/revolutionpadelstore.com\/bullpadel-neuron-vibram-25v-negro\/"},"modified":"2026-04-08T07:37:18","modified_gmt":"2026-04-08T05:37:18","slug":"bullpadel-neuron-vibram-25v-negro-1","status":"publish","type":"product","link":"https:\/\/revolutionpadelstore.com\/de\/produkt\/bullpadel-neuron-vibram-25v-negro-1\/","title":{"rendered":"BULLPADEL NEURON VIBRAM 25V NEGRO"},"content":{"rendered":"<h2> Bullpadel Neuron Vibram 25 V Schwarz &#8211; Geschwindigkeit und Elite -Griff <\/ H2><br \/>\nDas <strong> Bullpadel Neuron Vibram 25V Black <\/strong> ist der offizielle <strong> fede Chingotto <\/strong>, der auf der Strecke eine maximale Leistung bietet. Dank seiner <strong> Vibram -Sohle <\/strong> bieten sie einen oberen Griff, ideal f\u00fcr schnelle Bewegungen und explosive Richtungs\u00e4nderungen. Die thermische Konstruktion ohne N\u00e4hte verbessert den Komfort und reduziert das Gewicht, sodass Sie mit totaler Freiheit spielen k\u00f6nnen.<\/p>\n<p>Wenn Sie nach einer leichten, agilen und gro\u00dfartigen D\u00e4mpfung <\/strong> <\/strong> Vibram 25 V <\/strong> sind, sind die perfekte Wahl, um das Spiel mit maximaler Stabilit\u00e4t und Komfort zu beherrschen.<\/p>\n<h2> Fortgeschrittene Merkmale und Technologien <\/ H2><\/p>\n<p>&#8211; Vibram-Sohle: Au\u00dfergew\u00f6hnliche Traktion und Haltbarkeit auf verschiedenen Oberfl\u00e4chen<\/p>\n<p>&#8211; seitliche Bewegung: Zentralkanal in der Sohle, die die D\u00e4mpfung und Stabilit\u00e4t verbessert<\/p>\n<p> -x-Arbeit: Laterale Verst\u00e4rkung, die mehr Festigkeit und Kontrolle zur Unterst\u00fctzung bietet<br \/>\n<P>&#8211; SOLE SHIELD: Zus\u00e4tzlicher Schutz im Zeh und seitlich f\u00fcr eine gr\u00f6\u00dfere Haltbarkeit<br \/>\n<P>&#8211; unterrichtete Zehen: Abriebfestgummiverst\u00e4rkung<\/p>\n<p> -meh technisch: ausgezeichnete Atmungsaktivit\u00e4t und Leichtigkeit<\/p>\n<p>&#8211; thermo versiegelt: nahtloses Design f\u00fcr maximale Komfort und Widerstand<\/p>\n<p>&#8211; Ergonomische Anpassung: Perfekte Fu\u00dfanpassung f\u00fcr mehr Komfort<\/p>\n<p>&#8211; Leichte Konstruktion: Gef\u00e4llige Geschwindigkeit und Beweglichkeit auf der Strecke<\/p>\n<p>&lt;In<br \/>\nDas <strong> Bullpadel Neuron Vibram 25V Black <\/strong> kombiniert Innovation, Komfort und Leistung f\u00fcr die anspruchsvollsten Spieler. Wenn Sie nach Paddelschuhen suchen, die Ihre Geschwindigkeit und Stabilit\u00e4t verbessern, ist dieses Modell Ihre beste Option. Konsigen Sie jetzt und bringen Sie Ihr Spiel auf das n\u00e4chste Level!<\/p>\n<p><strong> Verf\u00fcgbar in unserem Online-Shop <a href=\"https:\/\/chatgpt.com\/g\/g-675432e026888191b6ee6d6f2fdbb15e-optimization-textos\/c\/www.revolutionpadelstore.com\"> www.revadelstore.com Wahrscheinlich zum besten Marktpreis<br \/>\n<H3> <\/h3>\n<h2>Bullpadel Neuron Vibram 25V Negro \u2013 Velocidad y agarre de \u00e9lite<\/h2>\n","protected":false},"excerpt":{"rendered":"<p>Das <strong> Bullpadel Neuron Vibram 25V Black <\/strong>, das von <strong> fede Chingotto <\/strong> verwendet wird, f\u00e4llt f\u00fcr ihr Lichtdesign, alleinige <strong> Vibram <\/strong> und innovative Technologie, ideal f\u00fcr agile Spieler hervor, die ideal f\u00fcr agile Spieler dass sie auf der Strecke nach h\u00f6herer Leistung suchen.<strong>Bullpadel Neuron Vibram 25V Negro<\/strong><\/p>\n","protected":false},"featured_media":171517,"comment_status":"open","ping_status":"closed","template":"","meta":{"_acf_changed":false,"_joinchat":[]},"acabado":[],"balance":[],"dureza":[],"forma":[],"jugador":[1189],"marca":[1254],"nivel-de-juego":[],"superficie":[],"tipo-de-juego":[],"product_brand":[],"product_cat":[831],"product_tag":[],"class_list":{"0":"post-171558","1":"product","2":"type-product","3":"status-publish","4":"has-post-thumbnail","6":"jugador-mann","7":"marca-bullpadel-de","8":"product_cat-turnschuhe","10":"first","11":"outofstock","12":"sale","13":"taxable","14":"shipping-taxable","15":"purchasable","16":"product-type-variable"},"acf":[],"yoast_head":"<!-- This site is optimized with the Yoast SEO plugin v27.4 - https:\/\/yoast.com\/product\/yoast-seo-wordpress\/ -->\n<title>BULLPADEL NEURON VIBRAM 25V NEGRO - Revolution Padel Store<\/title>\n<meta name=\"description\" content=\"Compra las Bullpadel Neuron Vibram 25V Negro, las zapatillas oficiales de Fede Chingotto. Ligereza, estabilidad y suela VIBRAM para m\u00e1ximo rendimiento en p\u00e1del. \u00a1Cons\u00edguelas en Revolution Padel Store!\" \/>\n<meta name=\"robots\" content=\"index, follow, max-snippet:-1, max-image-preview:large, max-video-preview:-1\" \/>\n<link rel=\"canonical\" href=\"https:\/\/revolutionpadelstore.com\/de\/produkt\/bullpadel-neuron-vibram-25v-negro-1\/\" \/>\n<meta property=\"og:locale\" content=\"de_DE\" \/>\n<meta property=\"og:type\" content=\"article\" \/>\n<meta property=\"og:title\" content=\"BULLPADEL NEURON VIBRAM 25V NEGRO - Revolution Padel Store\" \/>\n<meta property=\"og:description\" content=\"Compra las Bullpadel Neuron Vibram 25V Negro, las zapatillas oficiales de Fede Chingotto. Ligereza, estabilidad y suela VIBRAM para m\u00e1ximo rendimiento en p\u00e1del. \u00a1Cons\u00edguelas en Revolution Padel Store!\" \/>\n<meta property=\"og:url\" content=\"https:\/\/revolutionpadelstore.com\/de\/produkt\/bullpadel-neuron-vibram-25v-negro-1\/\" \/>\n<meta property=\"og:site_name\" content=\"Revolution Padel Store\" \/>\n<meta property=\"article:modified_time\" content=\"2026-04-08T05:37:18+00:00\" \/>\n<meta property=\"og:image\" content=\"https:\/\/revolutionpadelstore.com\/wp-content\/uploads\/2025\/02\/114336-zapatillas-bullpadel-neuron-vibram-25v-cm51005000-negro-1200x1200-1.webp\" \/>\n\t<meta property=\"og:image:width\" content=\"1200\" \/>\n\t<meta property=\"og:image:height\" content=\"1200\" \/>\n\t<meta property=\"og:image:type\" content=\"image\/webp\" \/>\n<meta name=\"twitter:card\" content=\"summary_large_image\" \/>\n<meta name=\"twitter:label1\" content=\"Gesch\u00e4tzte Lesezeit\" \/>\n\t<meta name=\"twitter:data1\" content=\"1\u00a0Minute\" \/>\n<script type=\"application\/ld+json\" class=\"yoast-schema-graph\">{\"@context\":\"https:\\\/\\\/schema.org\",\"@graph\":[{\"@type\":\"WebPage\",\"@id\":\"https:\\\/\\\/revolutionpadelstore.com\\\/de\\\/produkt\\\/bullpadel-neuron-vibram-25v-negro-1\\\/\",\"url\":\"https:\\\/\\\/revolutionpadelstore.com\\\/de\\\/produkt\\\/bullpadel-neuron-vibram-25v-negro-1\\\/\",\"name\":\"BULLPADEL NEURON VIBRAM 25V NEGRO - Revolution Padel Store\",\"isPartOf\":{\"@id\":\"https:\\\/\\\/revolutionpadelstore.com\\\/de\\\/#website\"},\"primaryImageOfPage\":{\"@id\":\"https:\\\/\\\/revolutionpadelstore.com\\\/de\\\/produkt\\\/bullpadel-neuron-vibram-25v-negro-1\\\/#primaryimage\"},\"image\":{\"@id\":\"https:\\\/\\\/revolutionpadelstore.com\\\/de\\\/produkt\\\/bullpadel-neuron-vibram-25v-negro-1\\\/#primaryimage\"},\"thumbnailUrl\":\"https:\\\/\\\/revolutionpadelstore.com\\\/wp-content\\\/uploads\\\/2025\\\/02\\\/114336-zapatillas-bullpadel-neuron-vibram-25v-cm51005000-negro-1200x1200-1.webp\",\"datePublished\":\"2025-02-18T07:05:26+00:00\",\"dateModified\":\"2026-04-08T05:37:18+00:00\",\"description\":\"Compra las Bullpadel Neuron Vibram 25V Negro, las zapatillas oficiales de Fede Chingotto. Ligereza, estabilidad y suela VIBRAM para m\u00e1ximo rendimiento en p\u00e1del. \u00a1Cons\u00edguelas en Revolution Padel Store!\",\"breadcrumb\":{\"@id\":\"https:\\\/\\\/revolutionpadelstore.com\\\/de\\\/produkt\\\/bullpadel-neuron-vibram-25v-negro-1\\\/#breadcrumb\"},\"inLanguage\":\"de\",\"potentialAction\":[{\"@type\":\"ReadAction\",\"target\":[\"https:\\\/\\\/revolutionpadelstore.com\\\/de\\\/produkt\\\/bullpadel-neuron-vibram-25v-negro-1\\\/\"]}]},{\"@type\":\"ImageObject\",\"inLanguage\":\"de\",\"@id\":\"https:\\\/\\\/revolutionpadelstore.com\\\/de\\\/produkt\\\/bullpadel-neuron-vibram-25v-negro-1\\\/#primaryimage\",\"url\":\"https:\\\/\\\/revolutionpadelstore.com\\\/wp-content\\\/uploads\\\/2025\\\/02\\\/114336-zapatillas-bullpadel-neuron-vibram-25v-cm51005000-negro-1200x1200-1.webp\",\"contentUrl\":\"https:\\\/\\\/revolutionpadelstore.com\\\/wp-content\\\/uploads\\\/2025\\\/02\\\/114336-zapatillas-bullpadel-neuron-vibram-25v-cm51005000-negro-1200x1200-1.webp\",\"width\":1200,\"height\":1200},{\"@type\":\"BreadcrumbList\",\"@id\":\"https:\\\/\\\/revolutionpadelstore.com\\\/de\\\/produkt\\\/bullpadel-neuron-vibram-25v-negro-1\\\/#breadcrumb\",\"itemListElement\":[{\"@type\":\"ListItem\",\"position\":1,\"name\":\"Portada\",\"item\":\"https:\\\/\\\/revolutionpadelstore.com\\\/de\\\/\"},{\"@type\":\"ListItem\",\"position\":2,\"name\":\"Shop\",\"item\":\"https:\\\/\\\/revolutionpadelstore.com\\\/de\\\/tienda\\\/\"},{\"@type\":\"ListItem\",\"position\":3,\"name\":\"BULLPADEL NEURON VIBRAM 25V NEGRO\"}]},{\"@type\":\"WebSite\",\"@id\":\"https:\\\/\\\/revolutionpadelstore.com\\\/de\\\/#website\",\"url\":\"https:\\\/\\\/revolutionpadelstore.com\\\/de\\\/\",\"name\":\"Revolution Padel Store\",\"description\":\"\",\"publisher\":{\"@id\":\"https:\\\/\\\/revolutionpadelstore.com\\\/de\\\/#organization\"},\"potentialAction\":[{\"@type\":\"SearchAction\",\"target\":{\"@type\":\"EntryPoint\",\"urlTemplate\":\"https:\\\/\\\/revolutionpadelstore.com\\\/de\\\/?s={search_term_string}\"},\"query-input\":{\"@type\":\"PropertyValueSpecification\",\"valueRequired\":true,\"valueName\":\"search_term_string\"}}],\"inLanguage\":\"de\"},{\"@type\":\"Organization\",\"@id\":\"https:\\\/\\\/revolutionpadelstore.com\\\/de\\\/#organization\",\"name\":\"Revolution Padel Store\",\"url\":\"https:\\\/\\\/revolutionpadelstore.com\\\/de\\\/\",\"logo\":{\"@type\":\"ImageObject\",\"inLanguage\":\"de\",\"@id\":\"https:\\\/\\\/revolutionpadelstore.com\\\/de\\\/#\\\/schema\\\/logo\\\/image\\\/\",\"url\":\"https:\\\/\\\/revolutionpadelstore.com\\\/wp-content\\\/uploads\\\/2026\\\/02\\\/revolution-padel-store.jpg\",\"contentUrl\":\"https:\\\/\\\/revolutionpadelstore.com\\\/wp-content\\\/uploads\\\/2026\\\/02\\\/revolution-padel-store.jpg\",\"width\":2000,\"height\":2000,\"caption\":\"Revolution Padel Store\"},\"image\":{\"@id\":\"https:\\\/\\\/revolutionpadelstore.com\\\/de\\\/#\\\/schema\\\/logo\\\/image\\\/\"},\"sameAs\":[\"https:\\\/\\\/www.instagram.com\\\/revolutionpadelstore\\\/\"]}]}<\/script>\n<!-- \/ Yoast SEO plugin. -->","yoast_head_json":{"title":"BULLPADEL NEURON VIBRAM 25V NEGRO - Revolution Padel Store","description":"Compra las Bullpadel Neuron Vibram 25V Negro, las zapatillas oficiales de Fede Chingotto. Ligereza, estabilidad y suela VIBRAM para m\u00e1ximo rendimiento en p\u00e1del. \u00a1Cons\u00edguelas en Revolution Padel Store!","robots":{"index":"index","follow":"follow","max-snippet":"max-snippet:-1","max-image-preview":"max-image-preview:large","max-video-preview":"max-video-preview:-1"},"canonical":"https:\/\/revolutionpadelstore.com\/de\/produkt\/bullpadel-neuron-vibram-25v-negro-1\/","og_locale":"de_DE","og_type":"article","og_title":"BULLPADEL NEURON VIBRAM 25V NEGRO - Revolution Padel Store","og_description":"Compra las Bullpadel Neuron Vibram 25V Negro, las zapatillas oficiales de Fede Chingotto. Ligereza, estabilidad y suela VIBRAM para m\u00e1ximo rendimiento en p\u00e1del. \u00a1Cons\u00edguelas en Revolution Padel Store!","og_url":"https:\/\/revolutionpadelstore.com\/de\/produkt\/bullpadel-neuron-vibram-25v-negro-1\/","og_site_name":"Revolution Padel Store","article_modified_time":"2026-04-08T05:37:18+00:00","og_image":[{"width":1200,"height":1200,"url":"https:\/\/revolutionpadelstore.com\/wp-content\/uploads\/2025\/02\/114336-zapatillas-bullpadel-neuron-vibram-25v-cm51005000-negro-1200x1200-1.webp","type":"image\/webp"}],"twitter_card":"summary_large_image","twitter_misc":{"Gesch\u00e4tzte Lesezeit":"1\u00a0Minute"},"schema":{"@context":"https:\/\/schema.org","@graph":[{"@type":"WebPage","@id":"https:\/\/revolutionpadelstore.com\/de\/produkt\/bullpadel-neuron-vibram-25v-negro-1\/","url":"https:\/\/revolutionpadelstore.com\/de\/produkt\/bullpadel-neuron-vibram-25v-negro-1\/","name":"BULLPADEL NEURON VIBRAM 25V NEGRO - Revolution Padel Store","isPartOf":{"@id":"https:\/\/revolutionpadelstore.com\/de\/#website"},"primaryImageOfPage":{"@id":"https:\/\/revolutionpadelstore.com\/de\/produkt\/bullpadel-neuron-vibram-25v-negro-1\/#primaryimage"},"image":{"@id":"https:\/\/revolutionpadelstore.com\/de\/produkt\/bullpadel-neuron-vibram-25v-negro-1\/#primaryimage"},"thumbnailUrl":"https:\/\/revolutionpadelstore.com\/wp-content\/uploads\/2025\/02\/114336-zapatillas-bullpadel-neuron-vibram-25v-cm51005000-negro-1200x1200-1.webp","datePublished":"2025-02-18T07:05:26+00:00","dateModified":"2026-04-08T05:37:18+00:00","description":"Compra las Bullpadel Neuron Vibram 25V Negro, las zapatillas oficiales de Fede Chingotto. Ligereza, estabilidad y suela VIBRAM para m\u00e1ximo rendimiento en p\u00e1del. \u00a1Cons\u00edguelas en Revolution Padel Store!","breadcrumb":{"@id":"https:\/\/revolutionpadelstore.com\/de\/produkt\/bullpadel-neuron-vibram-25v-negro-1\/#breadcrumb"},"inLanguage":"de","potentialAction":[{"@type":"ReadAction","target":["https:\/\/revolutionpadelstore.com\/de\/produkt\/bullpadel-neuron-vibram-25v-negro-1\/"]}]},{"@type":"ImageObject","inLanguage":"de","@id":"https:\/\/revolutionpadelstore.com\/de\/produkt\/bullpadel-neuron-vibram-25v-negro-1\/#primaryimage","url":"https:\/\/revolutionpadelstore.com\/wp-content\/uploads\/2025\/02\/114336-zapatillas-bullpadel-neuron-vibram-25v-cm51005000-negro-1200x1200-1.webp","contentUrl":"https:\/\/revolutionpadelstore.com\/wp-content\/uploads\/2025\/02\/114336-zapatillas-bullpadel-neuron-vibram-25v-cm51005000-negro-1200x1200-1.webp","width":1200,"height":1200},{"@type":"BreadcrumbList","@id":"https:\/\/revolutionpadelstore.com\/de\/produkt\/bullpadel-neuron-vibram-25v-negro-1\/#breadcrumb","itemListElement":[{"@type":"ListItem","position":1,"name":"Portada","item":"https:\/\/revolutionpadelstore.com\/de\/"},{"@type":"ListItem","position":2,"name":"Shop","item":"https:\/\/revolutionpadelstore.com\/de\/tienda\/"},{"@type":"ListItem","position":3,"name":"BULLPADEL NEURON VIBRAM 25V NEGRO"}]},{"@type":"WebSite","@id":"https:\/\/revolutionpadelstore.com\/de\/#website","url":"https:\/\/revolutionpadelstore.com\/de\/","name":"Revolution Padel Store","description":"","publisher":{"@id":"https:\/\/revolutionpadelstore.com\/de\/#organization"},"potentialAction":[{"@type":"SearchAction","target":{"@type":"EntryPoint","urlTemplate":"https:\/\/revolutionpadelstore.com\/de\/?s={search_term_string}"},"query-input":{"@type":"PropertyValueSpecification","valueRequired":true,"valueName":"search_term_string"}}],"inLanguage":"de"},{"@type":"Organization","@id":"https:\/\/revolutionpadelstore.com\/de\/#organization","name":"Revolution Padel Store","url":"https:\/\/revolutionpadelstore.com\/de\/","logo":{"@type":"ImageObject","inLanguage":"de","@id":"https:\/\/revolutionpadelstore.com\/de\/#\/schema\/logo\/image\/","url":"https:\/\/revolutionpadelstore.com\/wp-content\/uploads\/2026\/02\/revolution-padel-store.jpg","contentUrl":"https:\/\/revolutionpadelstore.com\/wp-content\/uploads\/2026\/02\/revolution-padel-store.jpg","width":2000,"height":2000,"caption":"Revolution Padel Store"},"image":{"@id":"https:\/\/revolutionpadelstore.com\/de\/#\/schema\/logo\/image\/"},"sameAs":["https:\/\/www.instagram.com\/revolutionpadelstore\/"]}]}},"_links":{"self":[{"href":"https:\/\/revolutionpadelstore.com\/de\/wp-json\/wp\/v2\/product\/171558","targetHints":{"allow":["GET"]}}],"collection":[{"href":"https:\/\/revolutionpadelstore.com\/de\/wp-json\/wp\/v2\/product"}],"about":[{"href":"https:\/\/revolutionpadelstore.com\/de\/wp-json\/wp\/v2\/types\/product"}],"replies":[{"embeddable":true,"href":"https:\/\/revolutionpadelstore.com\/de\/wp-json\/wp\/v2\/comments?post=171558"}],"wp:featuredmedia":[{"embeddable":true,"href":"https:\/\/revolutionpadelstore.com\/de\/wp-json\/wp\/v2\/media\/171517"}],"wp:attachment":[{"href":"https:\/\/revolutionpadelstore.com\/de\/wp-json\/wp\/v2\/media?parent=171558"}],"wp:term":[{"taxonomy":"acabado","embeddable":true,"href":"https:\/\/revolutionpadelstore.com\/de\/wp-json\/wp\/v2\/acabado?post=171558"},{"taxonomy":"balance","embeddable":true,"href":"https:\/\/revolutionpadelstore.com\/de\/wp-json\/wp\/v2\/balance?post=171558"},{"taxonomy":"dureza","embeddable":true,"href":"https:\/\/revolutionpadelstore.com\/de\/wp-json\/wp\/v2\/dureza?post=171558"},{"taxonomy":"forma","embeddable":true,"href":"https:\/\/revolutionpadelstore.com\/de\/wp-json\/wp\/v2\/forma?post=171558"},{"taxonomy":"jugador","embeddable":true,"href":"https:\/\/revolutionpadelstore.com\/de\/wp-json\/wp\/v2\/jugador?post=171558"},{"taxonomy":"marca","embeddable":true,"href":"https:\/\/revolutionpadelstore.com\/de\/wp-json\/wp\/v2\/marca?post=171558"},{"taxonomy":"nivel-de-juego","embeddable":true,"href":"https:\/\/revolutionpadelstore.com\/de\/wp-json\/wp\/v2\/nivel-de-juego?post=171558"},{"taxonomy":"superficie","embeddable":true,"href":"https:\/\/revolutionpadelstore.com\/de\/wp-json\/wp\/v2\/superficie?post=171558"},{"taxonomy":"tipo-de-juego","embeddable":true,"href":"https:\/\/revolutionpadelstore.com\/de\/wp-json\/wp\/v2\/tipo-de-juego?post=171558"},{"taxonomy":"product_brand","embeddable":true,"href":"https:\/\/revolutionpadelstore.com\/de\/wp-json\/wp\/v2\/product_brand?post=171558"},{"taxonomy":"product_cat","embeddable":true,"href":"https:\/\/revolutionpadelstore.com\/de\/wp-json\/wp\/v2\/product_cat?post=171558"},{"taxonomy":"product_tag","embeddable":true,"href":"https:\/\/revolutionpadelstore.com\/de\/wp-json\/wp\/v2\/product_tag?post=171558"}],"curies":[{"name":"wp","href":"https:\/\/api.w.org\/{rel}","templated":true}]}}