{"id":171063,"date":"2025-02-16T20:58:45","date_gmt":"2025-02-16T19:58:45","guid":{"rendered":"https:\/\/revolutionpadelstore.com\/bullpadel-hack-vibram-25v-gris\/"},"modified":"2026-04-08T07:46:55","modified_gmt":"2026-04-08T05:46:55","slug":"bullpadel-hack-vibram-25v-gris-1","status":"publish","type":"product","link":"https:\/\/revolutionpadelstore.com\/de\/produkt\/bullpadel-hack-vibram-25v-gris-1\/","title":{"rendered":"BULLPADEL HACK VIBRAM 25V GRIS"},"content":{"rendered":"<h2> Bullpadel Hack Vibram 25 V Hellgrau &#8211; Maximale Traktion und Stabilit\u00e4t auf der Spur <\/ H2><br \/>\nDer <strong> Bullpadel Hack Vibram 25 V Hellgrau <\/strong> sind Paddelschuhe f\u00fcr die anspruchsvollsten Spieler und kombinieren fortschrittliche Technologie mit einem exklusiven Design. Dieses Modell, Teil der offiziellen <strong> Paquito Navarro -Sammlung f\u00fcr 2025 <\/strong>, f\u00e4llt nach seiner <strong> hybriden Vibram -Sohle <\/strong> aus, die einen au\u00dfergew\u00f6hnlichen Griff bietet, ohne die Flie\u00dff\u00e4higkeit der Bewegungen zu beeintr\u00e4chtigen.<\/p>\n<p>Dank seiner Konstruktion mit qualitativ hochwertigen Materialien und innovativen Technologien garantieren diese Schuhe einen Widerstand, der dem Verschlei\u00df und einzigartigem Komfort \u00fcberlegen ist.<\/p>\n<h2> <strong> Prominente Eigenschaften: <\/ strong> <\/ h2><\/p>\n<p>-Hybrid Vibram Sohle: Bietet eine optimale Traktion in allen Oberfl\u00e4chenarten.<br \/>\n-Cortion Lehrtauge: Zus\u00e4tzliche Verst\u00e4rkung im Zeh, um Abriebverschlei\u00df zu vermeiden.<br \/>\n-Catapult -System: Verbessert dynamische Verschiebungen mit einem zus\u00e4tzlichen Impuls.<br \/>\n-Mediasuela 2dens: Au\u00dfergew\u00f6hnliche Polsterung f\u00fcr gr\u00f6\u00dfere Komfort und Stabilit\u00e4t.<br \/>\n-Pro hinten: gr\u00f6\u00dfere Unterst\u00fctzung und Sicherheit in jeder Bewegung.<br \/>\n-TEATHMEH TECHNISCHE TISCHE: Verbesserte Atmungsaktivit\u00e4t, um Ihre F\u00fc\u00dfe frisch zu halten.<br \/>\n-Plantilla -Ortholit: Ergonomische Anpassung und oberer Komfort in jedem Fu\u00dfabdruck.<\/p>\n<h2> <strong> verbessert Ihr Spiel mit der besten Stabilit\u00e4t und dem besten Komfort <\/ strong> <\/ h2><br \/>\nWenn Sie nach einigen Paddel -Turnschuhen f\u00fcr M\u00e4nner <\/strong> suchen, mit denen Sie sicher und Selbstvertrauen spielen k\u00f6nnen, sind der <strong> Bullpadel Hack Vibram 25V <\/strong> die perfekte Wahl. Diese Schuhe sind so konzipiert, dass sie das beste Gleichgewicht zwischen Griff, Widerstand und Komfort bieten, und bringen Ihre Leistung auf die n\u00e4chste Stufe.<\/p>\n<p><strong> Geben Sie jetzt in unserem Online -Shop &lt;a href = &quot;https:\/\/chatgpt.com\/g\/g-675432e02688191b6ee6d6f2fdbb15e-optimization-textos\/c\/www.revolutionpadelstore.com&quot; Markt<\/p>\n<h2>Bullpadel Hack Vibram 25V Gris Claro \u2013 M\u00e1xima tracci\u00f3n y estabilidad en la pista<\/h2>\n","protected":false},"excerpt":{"rendered":"<p>Der Bullpadel Hack Vibram 25V sind Hochleistungsschuhe, die f\u00fcr anspruchsvolle Spieler entwickelt wurden. Sie haben eine hybride Sohle, unterrichtete Verst\u00e4rkung f\u00fcr einen gr\u00f6\u00dferen Schutz und eine atmungsaktive Anpassung, die in jeder Partei Komfort und Widerstand bietet.<\/p>\n","protected":false},"featured_media":170937,"comment_status":"open","ping_status":"closed","template":"","meta":{"_acf_changed":false,"_joinchat":[]},"acabado":[],"balance":[],"dureza":[],"forma":[],"jugador":[1189],"marca":[1254],"nivel-de-juego":[],"superficie":[],"tipo-de-juego":[],"product_brand":[],"product_cat":[831],"product_tag":[],"class_list":{"0":"post-171063","1":"product","2":"type-product","3":"status-publish","4":"has-post-thumbnail","6":"jugador-mann","7":"marca-bullpadel-de","8":"product_cat-turnschuhe","10":"first","11":"outofstock","12":"sale","13":"taxable","14":"shipping-taxable","15":"purchasable","16":"product-type-variable"},"acf":[],"yoast_head":"<!-- This site is optimized with the Yoast SEO plugin v27.4 - https:\/\/yoast.com\/product\/yoast-seo-wordpress\/ -->\n<title>BULLPADEL HACK VIBRAM 25V GRIS - Revolution Padel Store<\/title>\n<meta name=\"description\" content=\"Compra las Bullpadel Hack Vibram 25V Gris Claro, las zapatillas de p\u00e1del de Paquito Navarro con suela Vibram h\u00edbrida, m\u00e1xima tracci\u00f3n y comodidad. \u00a1Env\u00edo r\u00e1pido en Revolution Padel Store!\" \/>\n<meta name=\"robots\" content=\"index, follow, max-snippet:-1, max-image-preview:large, max-video-preview:-1\" \/>\n<link rel=\"canonical\" href=\"https:\/\/revolutionpadelstore.com\/de\/produkt\/bullpadel-hack-vibram-25v-gris-1\/\" \/>\n<meta property=\"og:locale\" content=\"de_DE\" \/>\n<meta property=\"og:type\" content=\"article\" \/>\n<meta property=\"og:title\" content=\"BULLPADEL HACK VIBRAM 25V GRIS - Revolution Padel Store\" \/>\n<meta property=\"og:description\" content=\"Compra las Bullpadel Hack Vibram 25V Gris Claro, las zapatillas de p\u00e1del de Paquito Navarro con suela Vibram h\u00edbrida, m\u00e1xima tracci\u00f3n y comodidad. \u00a1Env\u00edo r\u00e1pido en Revolution Padel Store!\" \/>\n<meta property=\"og:url\" content=\"https:\/\/revolutionpadelstore.com\/de\/produkt\/bullpadel-hack-vibram-25v-gris-1\/\" \/>\n<meta property=\"og:site_name\" content=\"Revolution Padel Store\" \/>\n<meta property=\"article:modified_time\" content=\"2026-04-08T05:46:55+00:00\" \/>\n<meta property=\"og:image\" content=\"https:\/\/revolutionpadelstore.com\/wp-content\/uploads\/2025\/02\/114319-zapatillas-bullpadel-hack-vibram-25v-cm49002000-gris-claro-1200x1200-1.webp\" \/>\n\t<meta property=\"og:image:width\" content=\"1200\" \/>\n\t<meta property=\"og:image:height\" content=\"1200\" \/>\n\t<meta property=\"og:image:type\" content=\"image\/webp\" \/>\n<meta name=\"twitter:card\" content=\"summary_large_image\" \/>\n<meta name=\"twitter:label1\" content=\"Gesch\u00e4tzte Lesezeit\" \/>\n\t<meta name=\"twitter:data1\" content=\"2\u00a0Minuten\" \/>\n<script type=\"application\/ld+json\" class=\"yoast-schema-graph\">{\"@context\":\"https:\\\/\\\/schema.org\",\"@graph\":[{\"@type\":\"WebPage\",\"@id\":\"https:\\\/\\\/revolutionpadelstore.com\\\/de\\\/produkt\\\/bullpadel-hack-vibram-25v-gris-1\\\/\",\"url\":\"https:\\\/\\\/revolutionpadelstore.com\\\/de\\\/produkt\\\/bullpadel-hack-vibram-25v-gris-1\\\/\",\"name\":\"BULLPADEL HACK VIBRAM 25V GRIS - Revolution Padel Store\",\"isPartOf\":{\"@id\":\"https:\\\/\\\/revolutionpadelstore.com\\\/de\\\/#website\"},\"primaryImageOfPage\":{\"@id\":\"https:\\\/\\\/revolutionpadelstore.com\\\/de\\\/produkt\\\/bullpadel-hack-vibram-25v-gris-1\\\/#primaryimage\"},\"image\":{\"@id\":\"https:\\\/\\\/revolutionpadelstore.com\\\/de\\\/produkt\\\/bullpadel-hack-vibram-25v-gris-1\\\/#primaryimage\"},\"thumbnailUrl\":\"https:\\\/\\\/revolutionpadelstore.com\\\/wp-content\\\/uploads\\\/2025\\\/02\\\/114319-zapatillas-bullpadel-hack-vibram-25v-cm49002000-gris-claro-1200x1200-1.webp\",\"datePublished\":\"2025-02-16T19:58:45+00:00\",\"dateModified\":\"2026-04-08T05:46:55+00:00\",\"description\":\"Compra las Bullpadel Hack Vibram 25V Gris Claro, las zapatillas de p\u00e1del de Paquito Navarro con suela Vibram h\u00edbrida, m\u00e1xima tracci\u00f3n y comodidad. \u00a1Env\u00edo r\u00e1pido en Revolution Padel Store!\",\"breadcrumb\":{\"@id\":\"https:\\\/\\\/revolutionpadelstore.com\\\/de\\\/produkt\\\/bullpadel-hack-vibram-25v-gris-1\\\/#breadcrumb\"},\"inLanguage\":\"de\",\"potentialAction\":[{\"@type\":\"ReadAction\",\"target\":[\"https:\\\/\\\/revolutionpadelstore.com\\\/de\\\/produkt\\\/bullpadel-hack-vibram-25v-gris-1\\\/\"]}]},{\"@type\":\"ImageObject\",\"inLanguage\":\"de\",\"@id\":\"https:\\\/\\\/revolutionpadelstore.com\\\/de\\\/produkt\\\/bullpadel-hack-vibram-25v-gris-1\\\/#primaryimage\",\"url\":\"https:\\\/\\\/revolutionpadelstore.com\\\/wp-content\\\/uploads\\\/2025\\\/02\\\/114319-zapatillas-bullpadel-hack-vibram-25v-cm49002000-gris-claro-1200x1200-1.webp\",\"contentUrl\":\"https:\\\/\\\/revolutionpadelstore.com\\\/wp-content\\\/uploads\\\/2025\\\/02\\\/114319-zapatillas-bullpadel-hack-vibram-25v-cm49002000-gris-claro-1200x1200-1.webp\",\"width\":1200,\"height\":1200},{\"@type\":\"BreadcrumbList\",\"@id\":\"https:\\\/\\\/revolutionpadelstore.com\\\/de\\\/produkt\\\/bullpadel-hack-vibram-25v-gris-1\\\/#breadcrumb\",\"itemListElement\":[{\"@type\":\"ListItem\",\"position\":1,\"name\":\"Portada\",\"item\":\"https:\\\/\\\/revolutionpadelstore.com\\\/de\\\/\"},{\"@type\":\"ListItem\",\"position\":2,\"name\":\"Shop\",\"item\":\"https:\\\/\\\/revolutionpadelstore.com\\\/de\\\/tienda\\\/\"},{\"@type\":\"ListItem\",\"position\":3,\"name\":\"BULLPADEL HACK VIBRAM 25V GRIS\"}]},{\"@type\":\"WebSite\",\"@id\":\"https:\\\/\\\/revolutionpadelstore.com\\\/de\\\/#website\",\"url\":\"https:\\\/\\\/revolutionpadelstore.com\\\/de\\\/\",\"name\":\"Revolution Padel Store\",\"description\":\"\",\"publisher\":{\"@id\":\"https:\\\/\\\/revolutionpadelstore.com\\\/de\\\/#organization\"},\"potentialAction\":[{\"@type\":\"SearchAction\",\"target\":{\"@type\":\"EntryPoint\",\"urlTemplate\":\"https:\\\/\\\/revolutionpadelstore.com\\\/de\\\/?s={search_term_string}\"},\"query-input\":{\"@type\":\"PropertyValueSpecification\",\"valueRequired\":true,\"valueName\":\"search_term_string\"}}],\"inLanguage\":\"de\"},{\"@type\":\"Organization\",\"@id\":\"https:\\\/\\\/revolutionpadelstore.com\\\/de\\\/#organization\",\"name\":\"Revolution Padel Store\",\"url\":\"https:\\\/\\\/revolutionpadelstore.com\\\/de\\\/\",\"logo\":{\"@type\":\"ImageObject\",\"inLanguage\":\"de\",\"@id\":\"https:\\\/\\\/revolutionpadelstore.com\\\/de\\\/#\\\/schema\\\/logo\\\/image\\\/\",\"url\":\"https:\\\/\\\/revolutionpadelstore.com\\\/wp-content\\\/uploads\\\/2026\\\/02\\\/revolution-padel-store.jpg\",\"contentUrl\":\"https:\\\/\\\/revolutionpadelstore.com\\\/wp-content\\\/uploads\\\/2026\\\/02\\\/revolution-padel-store.jpg\",\"width\":2000,\"height\":2000,\"caption\":\"Revolution Padel Store\"},\"image\":{\"@id\":\"https:\\\/\\\/revolutionpadelstore.com\\\/de\\\/#\\\/schema\\\/logo\\\/image\\\/\"},\"sameAs\":[\"https:\\\/\\\/www.instagram.com\\\/revolutionpadelstore\\\/\"]}]}<\/script>\n<!-- \/ Yoast SEO plugin. -->","yoast_head_json":{"title":"BULLPADEL HACK VIBRAM 25V GRIS - Revolution Padel Store","description":"Compra las Bullpadel Hack Vibram 25V Gris Claro, las zapatillas de p\u00e1del de Paquito Navarro con suela Vibram h\u00edbrida, m\u00e1xima tracci\u00f3n y comodidad. \u00a1Env\u00edo r\u00e1pido en Revolution Padel Store!","robots":{"index":"index","follow":"follow","max-snippet":"max-snippet:-1","max-image-preview":"max-image-preview:large","max-video-preview":"max-video-preview:-1"},"canonical":"https:\/\/revolutionpadelstore.com\/de\/produkt\/bullpadel-hack-vibram-25v-gris-1\/","og_locale":"de_DE","og_type":"article","og_title":"BULLPADEL HACK VIBRAM 25V GRIS - Revolution Padel Store","og_description":"Compra las Bullpadel Hack Vibram 25V Gris Claro, las zapatillas de p\u00e1del de Paquito Navarro con suela Vibram h\u00edbrida, m\u00e1xima tracci\u00f3n y comodidad. \u00a1Env\u00edo r\u00e1pido en Revolution Padel Store!","og_url":"https:\/\/revolutionpadelstore.com\/de\/produkt\/bullpadel-hack-vibram-25v-gris-1\/","og_site_name":"Revolution Padel Store","article_modified_time":"2026-04-08T05:46:55+00:00","og_image":[{"width":1200,"height":1200,"url":"https:\/\/revolutionpadelstore.com\/wp-content\/uploads\/2025\/02\/114319-zapatillas-bullpadel-hack-vibram-25v-cm49002000-gris-claro-1200x1200-1.webp","type":"image\/webp"}],"twitter_card":"summary_large_image","twitter_misc":{"Gesch\u00e4tzte Lesezeit":"2\u00a0Minuten"},"schema":{"@context":"https:\/\/schema.org","@graph":[{"@type":"WebPage","@id":"https:\/\/revolutionpadelstore.com\/de\/produkt\/bullpadel-hack-vibram-25v-gris-1\/","url":"https:\/\/revolutionpadelstore.com\/de\/produkt\/bullpadel-hack-vibram-25v-gris-1\/","name":"BULLPADEL HACK VIBRAM 25V GRIS - Revolution Padel Store","isPartOf":{"@id":"https:\/\/revolutionpadelstore.com\/de\/#website"},"primaryImageOfPage":{"@id":"https:\/\/revolutionpadelstore.com\/de\/produkt\/bullpadel-hack-vibram-25v-gris-1\/#primaryimage"},"image":{"@id":"https:\/\/revolutionpadelstore.com\/de\/produkt\/bullpadel-hack-vibram-25v-gris-1\/#primaryimage"},"thumbnailUrl":"https:\/\/revolutionpadelstore.com\/wp-content\/uploads\/2025\/02\/114319-zapatillas-bullpadel-hack-vibram-25v-cm49002000-gris-claro-1200x1200-1.webp","datePublished":"2025-02-16T19:58:45+00:00","dateModified":"2026-04-08T05:46:55+00:00","description":"Compra las Bullpadel Hack Vibram 25V Gris Claro, las zapatillas de p\u00e1del de Paquito Navarro con suela Vibram h\u00edbrida, m\u00e1xima tracci\u00f3n y comodidad. \u00a1Env\u00edo r\u00e1pido en Revolution Padel Store!","breadcrumb":{"@id":"https:\/\/revolutionpadelstore.com\/de\/produkt\/bullpadel-hack-vibram-25v-gris-1\/#breadcrumb"},"inLanguage":"de","potentialAction":[{"@type":"ReadAction","target":["https:\/\/revolutionpadelstore.com\/de\/produkt\/bullpadel-hack-vibram-25v-gris-1\/"]}]},{"@type":"ImageObject","inLanguage":"de","@id":"https:\/\/revolutionpadelstore.com\/de\/produkt\/bullpadel-hack-vibram-25v-gris-1\/#primaryimage","url":"https:\/\/revolutionpadelstore.com\/wp-content\/uploads\/2025\/02\/114319-zapatillas-bullpadel-hack-vibram-25v-cm49002000-gris-claro-1200x1200-1.webp","contentUrl":"https:\/\/revolutionpadelstore.com\/wp-content\/uploads\/2025\/02\/114319-zapatillas-bullpadel-hack-vibram-25v-cm49002000-gris-claro-1200x1200-1.webp","width":1200,"height":1200},{"@type":"BreadcrumbList","@id":"https:\/\/revolutionpadelstore.com\/de\/produkt\/bullpadel-hack-vibram-25v-gris-1\/#breadcrumb","itemListElement":[{"@type":"ListItem","position":1,"name":"Portada","item":"https:\/\/revolutionpadelstore.com\/de\/"},{"@type":"ListItem","position":2,"name":"Shop","item":"https:\/\/revolutionpadelstore.com\/de\/tienda\/"},{"@type":"ListItem","position":3,"name":"BULLPADEL HACK VIBRAM 25V GRIS"}]},{"@type":"WebSite","@id":"https:\/\/revolutionpadelstore.com\/de\/#website","url":"https:\/\/revolutionpadelstore.com\/de\/","name":"Revolution Padel Store","description":"","publisher":{"@id":"https:\/\/revolutionpadelstore.com\/de\/#organization"},"potentialAction":[{"@type":"SearchAction","target":{"@type":"EntryPoint","urlTemplate":"https:\/\/revolutionpadelstore.com\/de\/?s={search_term_string}"},"query-input":{"@type":"PropertyValueSpecification","valueRequired":true,"valueName":"search_term_string"}}],"inLanguage":"de"},{"@type":"Organization","@id":"https:\/\/revolutionpadelstore.com\/de\/#organization","name":"Revolution Padel Store","url":"https:\/\/revolutionpadelstore.com\/de\/","logo":{"@type":"ImageObject","inLanguage":"de","@id":"https:\/\/revolutionpadelstore.com\/de\/#\/schema\/logo\/image\/","url":"https:\/\/revolutionpadelstore.com\/wp-content\/uploads\/2026\/02\/revolution-padel-store.jpg","contentUrl":"https:\/\/revolutionpadelstore.com\/wp-content\/uploads\/2026\/02\/revolution-padel-store.jpg","width":2000,"height":2000,"caption":"Revolution Padel Store"},"image":{"@id":"https:\/\/revolutionpadelstore.com\/de\/#\/schema\/logo\/image\/"},"sameAs":["https:\/\/www.instagram.com\/revolutionpadelstore\/"]}]}},"_links":{"self":[{"href":"https:\/\/revolutionpadelstore.com\/de\/wp-json\/wp\/v2\/product\/171063","targetHints":{"allow":["GET"]}}],"collection":[{"href":"https:\/\/revolutionpadelstore.com\/de\/wp-json\/wp\/v2\/product"}],"about":[{"href":"https:\/\/revolutionpadelstore.com\/de\/wp-json\/wp\/v2\/types\/product"}],"replies":[{"embeddable":true,"href":"https:\/\/revolutionpadelstore.com\/de\/wp-json\/wp\/v2\/comments?post=171063"}],"wp:featuredmedia":[{"embeddable":true,"href":"https:\/\/revolutionpadelstore.com\/de\/wp-json\/wp\/v2\/media\/170937"}],"wp:attachment":[{"href":"https:\/\/revolutionpadelstore.com\/de\/wp-json\/wp\/v2\/media?parent=171063"}],"wp:term":[{"taxonomy":"acabado","embeddable":true,"href":"https:\/\/revolutionpadelstore.com\/de\/wp-json\/wp\/v2\/acabado?post=171063"},{"taxonomy":"balance","embeddable":true,"href":"https:\/\/revolutionpadelstore.com\/de\/wp-json\/wp\/v2\/balance?post=171063"},{"taxonomy":"dureza","embeddable":true,"href":"https:\/\/revolutionpadelstore.com\/de\/wp-json\/wp\/v2\/dureza?post=171063"},{"taxonomy":"forma","embeddable":true,"href":"https:\/\/revolutionpadelstore.com\/de\/wp-json\/wp\/v2\/forma?post=171063"},{"taxonomy":"jugador","embeddable":true,"href":"https:\/\/revolutionpadelstore.com\/de\/wp-json\/wp\/v2\/jugador?post=171063"},{"taxonomy":"marca","embeddable":true,"href":"https:\/\/revolutionpadelstore.com\/de\/wp-json\/wp\/v2\/marca?post=171063"},{"taxonomy":"nivel-de-juego","embeddable":true,"href":"https:\/\/revolutionpadelstore.com\/de\/wp-json\/wp\/v2\/nivel-de-juego?post=171063"},{"taxonomy":"superficie","embeddable":true,"href":"https:\/\/revolutionpadelstore.com\/de\/wp-json\/wp\/v2\/superficie?post=171063"},{"taxonomy":"tipo-de-juego","embeddable":true,"href":"https:\/\/revolutionpadelstore.com\/de\/wp-json\/wp\/v2\/tipo-de-juego?post=171063"},{"taxonomy":"product_brand","embeddable":true,"href":"https:\/\/revolutionpadelstore.com\/de\/wp-json\/wp\/v2\/product_brand?post=171063"},{"taxonomy":"product_cat","embeddable":true,"href":"https:\/\/revolutionpadelstore.com\/de\/wp-json\/wp\/v2\/product_cat?post=171063"},{"taxonomy":"product_tag","embeddable":true,"href":"https:\/\/revolutionpadelstore.com\/de\/wp-json\/wp\/v2\/product_tag?post=171063"}],"curies":[{"name":"wp","href":"https:\/\/api.w.org\/{rel}","templated":true}]}}