{"id":170783,"date":"2025-02-16T00:15:43","date_gmt":"2025-02-15T23:15:43","guid":{"rendered":"https:\/\/revolutionpadelstore.com\/paletero-bullpadel-icon-039\/"},"modified":"2026-04-08T07:50:32","modified_gmt":"2026-04-08T05:50:32","slug":"paletero-bullpadel-icon-039-1","status":"publish","type":"product","link":"https:\/\/revolutionpadelstore.com\/de\/produkt\/paletero-bullpadel-icon-039-1\/","title":{"rendered":"PALETERO BULLPADEL ICON 039"},"content":{"rendered":"<h2> <strong> Paletero Bullpadel Icon Grafito BPP 25023 &#8211; Premium -Organisation und Schutz <\/ strong> <\/ h2><br \/>\nDer Bullpadel Icon Grafito BPP-25023 ist ein High-End-Paletero, der f\u00fcr fordernde Spieler konzipiert ist, die nach maximaler Organisation, Widerstand und Stil suchen. Es wird in Polyp und 1680D -Polyester mit geschm\u00e4rtem Stoff hergestellt und bietet eine perfekte Kombination aus Haltbarkeit und Leichtigkeit, ideal f\u00fcr den t\u00e4glichen Gebrauch.<\/p>\n<p>Mit einem <strong> exklusiven Design, das von Juan Mart\u00edn D\u00edaz <\/strong> signiert wurde, sticht diese Paletero nach gro\u00dfer Kapazit\u00e4t und speziellen F\u00e4chern auf, die die optimale Versorgung Ihrer Ausr\u00fcstung garantieren.<\/p>\n<h2> <strong> optimierter Raum und Funktionalit\u00e4t <\/ strong> <\/ h2><\/p>\n<p>-breites Hauptfach: Halten Sie Ihre wesentlichen Kleidung und Accessoires bequem.<br \/>\n-Kapazit\u00e4t f\u00fcr 4 Klingen: zwei Thermo -Kompartimente, die vor Schl\u00e4gen und Temperatur\u00e4nderungen sch\u00fctzen.<br \/>\n-Die bel\u00fcftet: speziell f\u00fcr schmutzige Schuhe oder Kleidung gestaltet, um schlechte Ger\u00fcche zu vermeiden.<br \/>\n-Externale laterale Basis: Perfekt f\u00fcr kleine schnelle Zugangsobjekte.<br \/>\n-Mex: 60 \u00d7 28,5 \u00d7 40 cm, ideal zum Transport Ihrer gesamten Ger\u00e4te ohne Komplikationen.<\/p>\n<h2> <strong> Exklusive Design- und Premium -Materialien <\/ strong> <\/ h2><br \/>\nDas bullpadel-Ikon-Graphit BPP-255023 <\/strong> bietet nicht nur <strong> maximaler Schutz und Organisation <\/strong>, sondern f\u00e4llt auch f\u00fcr sein elegantes Design in <strong> Graphit-Ton &gt;, verleiht Ihrer Ausr\u00fcstung eine anspruchsvolle Note.<br \/>\n<P>-Offizielle Wahl von Juan Mart\u00edn D\u00edaz-a Paletero, der f\u00fcr die anspruchsvollsten Spieler entwickelt wurde.<br \/>\n-H\u00f6he Qualit\u00e4tsmaterialien -Kombinierung von Widerstand und Stil f\u00fcr l\u00e4ngere Verwendung.<br \/>\n-Die bequeme und sichere Transport -Anpassbare gepolsterte Griffe f\u00fcr gr\u00f6\u00dfere Ergonomie<br \/>\n<strong> jetzt in unserem Online -Shop erh\u00e4ltlich <a href=\"https:\/\/www.revolutionpadelstore.com\/\"> www.revolutionpadelstore.com <\/a>, wahrscheinlich zum besten Marktpreis. Bleib nicht ohne deine!<\/p>\n<h2><strong>Paletero Bullpadel Icon Grafito BPP 25023 \u2013 Organizaci\u00f3n y protecci\u00f3n premium<\/strong><\/p>\n","protected":false},"excerpt":{"rendered":"<p>Das Bullpadel Paletero -Ikon Grafito BPP25023, das in Zusammenarbeit mit Juan Mart\u00edn D\u00edaz entworfen wurde, bietet gro\u00dfe Kapazit\u00e4t, Widerstand und Schutz f\u00fcr Ihr Sportteam. Es verf\u00fcgt \u00fcber zwei Thermoskompartimente, sodass mit Sicherheit bis zu vier Paddelbl\u00e4tter transportiert werden k\u00f6nnen.<\/p>\n","protected":false},"featured_media":170754,"comment_status":"open","ping_status":"closed","template":"","meta":{"_acf_changed":false,"_joinchat":[]},"acabado":[],"balance":[],"dureza":[],"forma":[],"jugador":[],"marca":[1254],"nivel-de-juego":[],"superficie":[],"tipo-de-juego":[],"product_brand":[],"product_cat":[314],"product_tag":[],"class_list":{"0":"post-170783","1":"product","2":"type-product","3":"status-publish","4":"has-post-thumbnail","6":"marca-bullpadel-de","7":"product_cat-taschen","9":"first","10":"instock","11":"sale","12":"taxable","13":"shipping-taxable","14":"purchasable","15":"product-type-simple"},"acf":[],"yoast_head":"<!-- This site is optimized with the Yoast SEO plugin v27.4 - https:\/\/yoast.com\/product\/yoast-seo-wordpress\/ -->\n<title>PALETERO BULLPADEL ICON 039 - Revolution Padel Store<\/title>\n<meta name=\"description\" content=\"Descubre el Paletero Bullpadel Icon Grafito BPP-25023, usado por Juan Mart\u00edn D\u00edaz. M\u00e1xima protecci\u00f3n, compartimentos thermo y dise\u00f1o premium. \u00a1C\u00f3mpralo online ahora!\" \/>\n<meta name=\"robots\" content=\"index, follow, max-snippet:-1, max-image-preview:large, max-video-preview:-1\" \/>\n<link rel=\"canonical\" href=\"https:\/\/revolutionpadelstore.com\/de\/produkt\/paletero-bullpadel-icon-039-1\/\" \/>\n<meta property=\"og:locale\" content=\"de_DE\" \/>\n<meta property=\"og:type\" content=\"article\" \/>\n<meta property=\"og:title\" content=\"PALETERO BULLPADEL ICON 039 - Revolution Padel Store\" \/>\n<meta property=\"og:description\" content=\"Descubre el Paletero Bullpadel Icon Grafito BPP-25023, usado por Juan Mart\u00edn D\u00edaz. M\u00e1xima protecci\u00f3n, compartimentos thermo y dise\u00f1o premium. \u00a1C\u00f3mpralo online ahora!\" \/>\n<meta property=\"og:url\" content=\"https:\/\/revolutionpadelstore.com\/de\/produkt\/paletero-bullpadel-icon-039-1\/\" \/>\n<meta property=\"og:site_name\" content=\"Revolution Padel Store\" \/>\n<meta property=\"article:modified_time\" content=\"2026-04-08T05:50:32+00:00\" \/>\n<meta property=\"og:image\" content=\"https:\/\/revolutionpadelstore.com\/wp-content\/uploads\/2025\/02\/113824-paletero-bullpadel-bpp25023-icon-448152-1200x1200-1.webp\" \/>\n\t<meta property=\"og:image:width\" content=\"1200\" \/>\n\t<meta property=\"og:image:height\" content=\"1200\" \/>\n\t<meta property=\"og:image:type\" content=\"image\/webp\" \/>\n<meta name=\"twitter:card\" content=\"summary_large_image\" \/>\n<meta name=\"twitter:label1\" content=\"Gesch\u00e4tzte Lesezeit\" \/>\n\t<meta name=\"twitter:data1\" content=\"2\u00a0Minuten\" \/>\n<script type=\"application\/ld+json\" class=\"yoast-schema-graph\">{\"@context\":\"https:\\\/\\\/schema.org\",\"@graph\":[{\"@type\":\"WebPage\",\"@id\":\"https:\\\/\\\/revolutionpadelstore.com\\\/de\\\/produkt\\\/paletero-bullpadel-icon-039-1\\\/\",\"url\":\"https:\\\/\\\/revolutionpadelstore.com\\\/de\\\/produkt\\\/paletero-bullpadel-icon-039-1\\\/\",\"name\":\"PALETERO BULLPADEL ICON 039 - Revolution Padel Store\",\"isPartOf\":{\"@id\":\"https:\\\/\\\/revolutionpadelstore.com\\\/de\\\/#website\"},\"primaryImageOfPage\":{\"@id\":\"https:\\\/\\\/revolutionpadelstore.com\\\/de\\\/produkt\\\/paletero-bullpadel-icon-039-1\\\/#primaryimage\"},\"image\":{\"@id\":\"https:\\\/\\\/revolutionpadelstore.com\\\/de\\\/produkt\\\/paletero-bullpadel-icon-039-1\\\/#primaryimage\"},\"thumbnailUrl\":\"https:\\\/\\\/revolutionpadelstore.com\\\/wp-content\\\/uploads\\\/2025\\\/02\\\/113824-paletero-bullpadel-bpp25023-icon-448152-1200x1200-1.webp\",\"datePublished\":\"2025-02-15T23:15:43+00:00\",\"dateModified\":\"2026-04-08T05:50:32+00:00\",\"description\":\"Descubre el Paletero Bullpadel Icon Grafito BPP-25023, usado por Juan Mart\u00edn D\u00edaz. M\u00e1xima protecci\u00f3n, compartimentos thermo y dise\u00f1o premium. \u00a1C\u00f3mpralo online ahora!\",\"breadcrumb\":{\"@id\":\"https:\\\/\\\/revolutionpadelstore.com\\\/de\\\/produkt\\\/paletero-bullpadel-icon-039-1\\\/#breadcrumb\"},\"inLanguage\":\"de\",\"potentialAction\":[{\"@type\":\"ReadAction\",\"target\":[\"https:\\\/\\\/revolutionpadelstore.com\\\/de\\\/produkt\\\/paletero-bullpadel-icon-039-1\\\/\"]}]},{\"@type\":\"ImageObject\",\"inLanguage\":\"de\",\"@id\":\"https:\\\/\\\/revolutionpadelstore.com\\\/de\\\/produkt\\\/paletero-bullpadel-icon-039-1\\\/#primaryimage\",\"url\":\"https:\\\/\\\/revolutionpadelstore.com\\\/wp-content\\\/uploads\\\/2025\\\/02\\\/113824-paletero-bullpadel-bpp25023-icon-448152-1200x1200-1.webp\",\"contentUrl\":\"https:\\\/\\\/revolutionpadelstore.com\\\/wp-content\\\/uploads\\\/2025\\\/02\\\/113824-paletero-bullpadel-bpp25023-icon-448152-1200x1200-1.webp\",\"width\":1200,\"height\":1200},{\"@type\":\"BreadcrumbList\",\"@id\":\"https:\\\/\\\/revolutionpadelstore.com\\\/de\\\/produkt\\\/paletero-bullpadel-icon-039-1\\\/#breadcrumb\",\"itemListElement\":[{\"@type\":\"ListItem\",\"position\":1,\"name\":\"Portada\",\"item\":\"https:\\\/\\\/revolutionpadelstore.com\\\/de\\\/\"},{\"@type\":\"ListItem\",\"position\":2,\"name\":\"Shop\",\"item\":\"https:\\\/\\\/revolutionpadelstore.com\\\/de\\\/tienda\\\/\"},{\"@type\":\"ListItem\",\"position\":3,\"name\":\"PALETERO BULLPADEL ICON 039\"}]},{\"@type\":\"WebSite\",\"@id\":\"https:\\\/\\\/revolutionpadelstore.com\\\/de\\\/#website\",\"url\":\"https:\\\/\\\/revolutionpadelstore.com\\\/de\\\/\",\"name\":\"Revolution Padel Store\",\"description\":\"\",\"publisher\":{\"@id\":\"https:\\\/\\\/revolutionpadelstore.com\\\/de\\\/#organization\"},\"potentialAction\":[{\"@type\":\"SearchAction\",\"target\":{\"@type\":\"EntryPoint\",\"urlTemplate\":\"https:\\\/\\\/revolutionpadelstore.com\\\/de\\\/?s={search_term_string}\"},\"query-input\":{\"@type\":\"PropertyValueSpecification\",\"valueRequired\":true,\"valueName\":\"search_term_string\"}}],\"inLanguage\":\"de\"},{\"@type\":\"Organization\",\"@id\":\"https:\\\/\\\/revolutionpadelstore.com\\\/de\\\/#organization\",\"name\":\"Revolution Padel Store\",\"url\":\"https:\\\/\\\/revolutionpadelstore.com\\\/de\\\/\",\"logo\":{\"@type\":\"ImageObject\",\"inLanguage\":\"de\",\"@id\":\"https:\\\/\\\/revolutionpadelstore.com\\\/de\\\/#\\\/schema\\\/logo\\\/image\\\/\",\"url\":\"https:\\\/\\\/revolutionpadelstore.com\\\/wp-content\\\/uploads\\\/2026\\\/02\\\/revolution-padel-store.jpg\",\"contentUrl\":\"https:\\\/\\\/revolutionpadelstore.com\\\/wp-content\\\/uploads\\\/2026\\\/02\\\/revolution-padel-store.jpg\",\"width\":2000,\"height\":2000,\"caption\":\"Revolution Padel Store\"},\"image\":{\"@id\":\"https:\\\/\\\/revolutionpadelstore.com\\\/de\\\/#\\\/schema\\\/logo\\\/image\\\/\"},\"sameAs\":[\"https:\\\/\\\/www.instagram.com\\\/revolutionpadelstore\\\/\"]}]}<\/script>\n<!-- \/ Yoast SEO plugin. -->","yoast_head_json":{"title":"PALETERO BULLPADEL ICON 039 - Revolution Padel Store","description":"Descubre el Paletero Bullpadel Icon Grafito BPP-25023, usado por Juan Mart\u00edn D\u00edaz. M\u00e1xima protecci\u00f3n, compartimentos thermo y dise\u00f1o premium. \u00a1C\u00f3mpralo online ahora!","robots":{"index":"index","follow":"follow","max-snippet":"max-snippet:-1","max-image-preview":"max-image-preview:large","max-video-preview":"max-video-preview:-1"},"canonical":"https:\/\/revolutionpadelstore.com\/de\/produkt\/paletero-bullpadel-icon-039-1\/","og_locale":"de_DE","og_type":"article","og_title":"PALETERO BULLPADEL ICON 039 - Revolution Padel Store","og_description":"Descubre el Paletero Bullpadel Icon Grafito BPP-25023, usado por Juan Mart\u00edn D\u00edaz. M\u00e1xima protecci\u00f3n, compartimentos thermo y dise\u00f1o premium. \u00a1C\u00f3mpralo online ahora!","og_url":"https:\/\/revolutionpadelstore.com\/de\/produkt\/paletero-bullpadel-icon-039-1\/","og_site_name":"Revolution Padel Store","article_modified_time":"2026-04-08T05:50:32+00:00","og_image":[{"width":1200,"height":1200,"url":"https:\/\/revolutionpadelstore.com\/wp-content\/uploads\/2025\/02\/113824-paletero-bullpadel-bpp25023-icon-448152-1200x1200-1.webp","type":"image\/webp"}],"twitter_card":"summary_large_image","twitter_misc":{"Gesch\u00e4tzte Lesezeit":"2\u00a0Minuten"},"schema":{"@context":"https:\/\/schema.org","@graph":[{"@type":"WebPage","@id":"https:\/\/revolutionpadelstore.com\/de\/produkt\/paletero-bullpadel-icon-039-1\/","url":"https:\/\/revolutionpadelstore.com\/de\/produkt\/paletero-bullpadel-icon-039-1\/","name":"PALETERO BULLPADEL ICON 039 - Revolution Padel Store","isPartOf":{"@id":"https:\/\/revolutionpadelstore.com\/de\/#website"},"primaryImageOfPage":{"@id":"https:\/\/revolutionpadelstore.com\/de\/produkt\/paletero-bullpadel-icon-039-1\/#primaryimage"},"image":{"@id":"https:\/\/revolutionpadelstore.com\/de\/produkt\/paletero-bullpadel-icon-039-1\/#primaryimage"},"thumbnailUrl":"https:\/\/revolutionpadelstore.com\/wp-content\/uploads\/2025\/02\/113824-paletero-bullpadel-bpp25023-icon-448152-1200x1200-1.webp","datePublished":"2025-02-15T23:15:43+00:00","dateModified":"2026-04-08T05:50:32+00:00","description":"Descubre el Paletero Bullpadel Icon Grafito BPP-25023, usado por Juan Mart\u00edn D\u00edaz. M\u00e1xima protecci\u00f3n, compartimentos thermo y dise\u00f1o premium. \u00a1C\u00f3mpralo online ahora!","breadcrumb":{"@id":"https:\/\/revolutionpadelstore.com\/de\/produkt\/paletero-bullpadel-icon-039-1\/#breadcrumb"},"inLanguage":"de","potentialAction":[{"@type":"ReadAction","target":["https:\/\/revolutionpadelstore.com\/de\/produkt\/paletero-bullpadel-icon-039-1\/"]}]},{"@type":"ImageObject","inLanguage":"de","@id":"https:\/\/revolutionpadelstore.com\/de\/produkt\/paletero-bullpadel-icon-039-1\/#primaryimage","url":"https:\/\/revolutionpadelstore.com\/wp-content\/uploads\/2025\/02\/113824-paletero-bullpadel-bpp25023-icon-448152-1200x1200-1.webp","contentUrl":"https:\/\/revolutionpadelstore.com\/wp-content\/uploads\/2025\/02\/113824-paletero-bullpadel-bpp25023-icon-448152-1200x1200-1.webp","width":1200,"height":1200},{"@type":"BreadcrumbList","@id":"https:\/\/revolutionpadelstore.com\/de\/produkt\/paletero-bullpadel-icon-039-1\/#breadcrumb","itemListElement":[{"@type":"ListItem","position":1,"name":"Portada","item":"https:\/\/revolutionpadelstore.com\/de\/"},{"@type":"ListItem","position":2,"name":"Shop","item":"https:\/\/revolutionpadelstore.com\/de\/tienda\/"},{"@type":"ListItem","position":3,"name":"PALETERO BULLPADEL ICON 039"}]},{"@type":"WebSite","@id":"https:\/\/revolutionpadelstore.com\/de\/#website","url":"https:\/\/revolutionpadelstore.com\/de\/","name":"Revolution Padel Store","description":"","publisher":{"@id":"https:\/\/revolutionpadelstore.com\/de\/#organization"},"potentialAction":[{"@type":"SearchAction","target":{"@type":"EntryPoint","urlTemplate":"https:\/\/revolutionpadelstore.com\/de\/?s={search_term_string}"},"query-input":{"@type":"PropertyValueSpecification","valueRequired":true,"valueName":"search_term_string"}}],"inLanguage":"de"},{"@type":"Organization","@id":"https:\/\/revolutionpadelstore.com\/de\/#organization","name":"Revolution Padel Store","url":"https:\/\/revolutionpadelstore.com\/de\/","logo":{"@type":"ImageObject","inLanguage":"de","@id":"https:\/\/revolutionpadelstore.com\/de\/#\/schema\/logo\/image\/","url":"https:\/\/revolutionpadelstore.com\/wp-content\/uploads\/2026\/02\/revolution-padel-store.jpg","contentUrl":"https:\/\/revolutionpadelstore.com\/wp-content\/uploads\/2026\/02\/revolution-padel-store.jpg","width":2000,"height":2000,"caption":"Revolution Padel Store"},"image":{"@id":"https:\/\/revolutionpadelstore.com\/de\/#\/schema\/logo\/image\/"},"sameAs":["https:\/\/www.instagram.com\/revolutionpadelstore\/"]}]}},"_links":{"self":[{"href":"https:\/\/revolutionpadelstore.com\/de\/wp-json\/wp\/v2\/product\/170783","targetHints":{"allow":["GET"]}}],"collection":[{"href":"https:\/\/revolutionpadelstore.com\/de\/wp-json\/wp\/v2\/product"}],"about":[{"href":"https:\/\/revolutionpadelstore.com\/de\/wp-json\/wp\/v2\/types\/product"}],"replies":[{"embeddable":true,"href":"https:\/\/revolutionpadelstore.com\/de\/wp-json\/wp\/v2\/comments?post=170783"}],"wp:featuredmedia":[{"embeddable":true,"href":"https:\/\/revolutionpadelstore.com\/de\/wp-json\/wp\/v2\/media\/170754"}],"wp:attachment":[{"href":"https:\/\/revolutionpadelstore.com\/de\/wp-json\/wp\/v2\/media?parent=170783"}],"wp:term":[{"taxonomy":"acabado","embeddable":true,"href":"https:\/\/revolutionpadelstore.com\/de\/wp-json\/wp\/v2\/acabado?post=170783"},{"taxonomy":"balance","embeddable":true,"href":"https:\/\/revolutionpadelstore.com\/de\/wp-json\/wp\/v2\/balance?post=170783"},{"taxonomy":"dureza","embeddable":true,"href":"https:\/\/revolutionpadelstore.com\/de\/wp-json\/wp\/v2\/dureza?post=170783"},{"taxonomy":"forma","embeddable":true,"href":"https:\/\/revolutionpadelstore.com\/de\/wp-json\/wp\/v2\/forma?post=170783"},{"taxonomy":"jugador","embeddable":true,"href":"https:\/\/revolutionpadelstore.com\/de\/wp-json\/wp\/v2\/jugador?post=170783"},{"taxonomy":"marca","embeddable":true,"href":"https:\/\/revolutionpadelstore.com\/de\/wp-json\/wp\/v2\/marca?post=170783"},{"taxonomy":"nivel-de-juego","embeddable":true,"href":"https:\/\/revolutionpadelstore.com\/de\/wp-json\/wp\/v2\/nivel-de-juego?post=170783"},{"taxonomy":"superficie","embeddable":true,"href":"https:\/\/revolutionpadelstore.com\/de\/wp-json\/wp\/v2\/superficie?post=170783"},{"taxonomy":"tipo-de-juego","embeddable":true,"href":"https:\/\/revolutionpadelstore.com\/de\/wp-json\/wp\/v2\/tipo-de-juego?post=170783"},{"taxonomy":"product_brand","embeddable":true,"href":"https:\/\/revolutionpadelstore.com\/de\/wp-json\/wp\/v2\/product_brand?post=170783"},{"taxonomy":"product_cat","embeddable":true,"href":"https:\/\/revolutionpadelstore.com\/de\/wp-json\/wp\/v2\/product_cat?post=170783"},{"taxonomy":"product_tag","embeddable":true,"href":"https:\/\/revolutionpadelstore.com\/de\/wp-json\/wp\/v2\/product_tag?post=170783"}],"curies":[{"name":"wp","href":"https:\/\/api.w.org\/{rel}","templated":true}]}}