{"id":170567,"date":"2025-02-11T23:29:04","date_gmt":"2025-02-11T22:29:04","guid":{"rendered":"https:\/\/revolutionpadelstore.com\/wilson-defy-pro-v1-2025\/"},"modified":"2026-04-21T02:00:59","modified_gmt":"2026-04-21T00:00:59","slug":"wilson-defy-pro-v1-2025","status":"publish","type":"product","link":"https:\/\/revolutionpadelstore.com\/de\/produkt\/wilson-defy-pro-v1-2025\/","title":{"rendered":"WILSON DEFY PRO V1 2025"},"content":{"rendered":"<h2> <strong> Wilson Defy Pro V1 2025 &#8211; Leistung, Pr\u00e4zision und Aerodynamik in jedem Schlag <\/ strong> <\/ h2><br \/>\nDer <strong> Wilson Defy Pro V1 2025 <\/strong> ist die perfekte Schaufel f\u00fcr fortgeschrittene Spieler und Fachkr\u00e4fte, die maximale <strong> Power, Aerodynamik und Kontrolle <\/strong> suchen. Mit seiner <strong> Diamond -Form <\/strong> erzeugt diese Schaufel eine explosive Ballausgabe, die ideal f\u00fcr ein offensives Spiel ist.<\/p>\n<p>Es ist mit <strong> Carbon 15K <\/strong> gebaut und bietet eine solide, stabile und dauerhafte Struktur, w\u00e4hrend sein <strong> -Kernkern <\/strong> die Leistung und die F\u00e4higkeit maximiert, Effekte zu erzeugen. <strong> Aerexact Design Technology <\/strong> verbessert Geschwindigkeit und Man\u00f6vrierf\u00e4higkeit und erm\u00f6glicht es Ihnen, den Track mit schnellen und pr\u00e4zisen \u00dcberg\u00e4ngen zu dominieren.<\/p>\n<h2> <strong> Prominente Eigenschaften: <\/ strong> <\/ h2><\/p>\n<p>-Diamantform: Bietet in jedem Schlag eine gr\u00f6\u00dfere Leistung und Aggressivit\u00e4t.<br \/>\n-Carbono 15K: gr\u00f6\u00dfere Stabilit\u00e4t, Widerstand und Pr\u00e4zision bei Auswirkungen.<br \/>\n-Power Foam: Kern, der den Ballausgang optimiert und die Wirkung auf die Schl\u00e4ge verbessert.<br \/>\n-Aeroexact Design: Aerodynamisches Design f\u00fcr schnellere Geschwindigkeit und Luft Beweglichkeit.<br \/>\n-Spin\u00b2 -Technologie: Spezielle Texturoberfl\u00e4che, um Effekte und Kontrolle zu maximieren.<br \/>\n-DUO -Gitterlochmuster: Strategische Perforationen, die Kraft und Kontrolle optimieren.<br \/>\n-Ich geh\u00f6rt zur Wilson 2025 -Kollektion, die f\u00fcr die h\u00f6chste Leistung ausgelegt ist<\/p>\n<h2> <strong> Wer ist der Wilson Defy Pro V1 2025?<br \/>\nDiese Schaufel ist f\u00fcr die <strong> offensiven Spieler fortgeschrittener und professioneller Ebene <\/strong> konzipiert, um eine perfekte Kombination aus <strong> Power, Geschwindigkeit und Kontrolle <\/strong> zu suchen. Wenn Sie das Netzwerk beherrschen und jeden Punkt mit Autorit\u00e4t definieren m\u00f6chten, ist der Wilson Defy Pro V1 Ihr bester Verb\u00fcndeter.<\/p>\n<h2> <strong> Warum den Wilson Defy Pro v1 2025 w\u00e4hlen?<br \/>\nWenn Sie ein aggressives Spiel genie\u00dfen und eine Schaufel mit <strong> maximaler Leistung und Pr\u00e4zision <\/strong> brauchen, ist dieses Modell perfekt f\u00fcr Sie. Die Konstruktion in <strong> Carbon 15K <\/strong> garantiert eine gr\u00f6\u00dfere Haltbarkeit und Stabilit\u00e4t, w\u00e4hrend die <strong> Spin\u00b2 <\/strong> -Technologie Sie erm\u00f6glichen, Schl\u00e4ge mit genaueren und effektiven Effekten auszuf\u00fchren.<\/p>\n<p>Wilson ist eine der renommiertesten Marken in der Welt des Paddel -Tennis und anderer Schl\u00e4gersportarten mit einem Weg der Innovation und Qualit\u00e4t. Die <strong> Wilson Defy Line <\/strong> stellt hervorragende Materialien und Technologie dar und bietet eine h\u00f6here Leistung auf der Strecke.<\/p>\n<p><strong> Get the Wilson Defy Pro V1 2025 zum besten Preis in unserem Online -Shop <a href=\"http:\/\/www.revolutionpadelstore.com\/\"> www.revolutionpadelstore.com <\/a> und nehmen N\u00e4chste Stufe<\/p>\n<h2><strong>Wilson Defy Pro V1 2025 \u2013 Potencia, Precisi\u00f3n y Aerodin\u00e1mica en Cada Golpe<\/strong><\/p>\n","protected":false},"excerpt":{"rendered":"<p>Der <strong> Wilson Defy Pro V1 <\/strong> ist eine Paddelschaufel f\u00fcr fortschrittliche Spieler, die ein optimales Gleichgewicht zwischen <strong> Power und Control <\/strong> w\u00fcnschen. Hergestellt mit <strong> Carbon 15K <\/strong> und mit <strong> Spin 2 <\/strong> -Technologie, bietet es eine \u00fcberlegene Leistung und verbesserte Auswirkungen auf jeden Schlag.<strong>Wilson Defy Pro V1<\/strong><\/p>\n","protected":false},"featured_media":170573,"comment_status":"open","ping_status":"closed","template":"","meta":{"_acf_changed":false,"_joinchat":[]},"acabado":[1089,1104],"balance":[1134],"dureza":[1159],"forma":[1169],"jugador":[1189,1199],"marca":[1264],"nivel-de-juego":[1334,1344],"superficie":[1359],"tipo-de-juego":[1374],"product_brand":[],"product_cat":[299],"product_tag":[],"class_list":{"0":"post-170567","1":"product","2":"type-product","3":"status-publish","4":"has-post-thumbnail","6":"acabado-3d-entlasten","7":"acabado-rau","8":"balance-hoch","9":"dureza-dura-de","10":"forma-diamante-de","11":"jugador-mann","12":"jugador-mehrzweck","13":"marca-wilson-de","14":"superficie-rugosa-de","15":"tipo-de-juego-leistung","16":"product_cat-palas-de-padel-de","18":"first","19":"instock","20":"sale","21":"taxable","22":"shipping-taxable","23":"purchasable","24":"product-type-simple"},"acf":[],"yoast_head":"<!-- This site is optimized with the Yoast SEO plugin v27.4 - https:\/\/yoast.com\/product\/yoast-seo-wordpress\/ -->\n<title>WILSON DEFY PRO V1 2025 - Revolution Padel Store<\/title>\n<meta name=\"description\" content=\"Compra la Wilson Defy Pro V1 2025 al mejor precio en nuestra tienda online. Potencia, aerodin\u00e1mica y control para jugadores ofensivos de nivel avanzado. \u00a1Hazte con ella ahora!\" \/>\n<meta name=\"robots\" content=\"index, follow, max-snippet:-1, max-image-preview:large, max-video-preview:-1\" \/>\n<link rel=\"canonical\" href=\"https:\/\/revolutionpadelstore.com\/de\/produkt\/wilson-defy-pro-v1-2025\/\" \/>\n<meta property=\"og:locale\" content=\"de_DE\" \/>\n<meta property=\"og:type\" content=\"article\" \/>\n<meta property=\"og:title\" content=\"WILSON DEFY PRO V1 2025 - Revolution Padel Store\" \/>\n<meta property=\"og:description\" content=\"Compra la Wilson Defy Pro V1 2025 al mejor precio en nuestra tienda online. Potencia, aerodin\u00e1mica y control para jugadores ofensivos de nivel avanzado. \u00a1Hazte con ella ahora!\" \/>\n<meta property=\"og:url\" content=\"https:\/\/revolutionpadelstore.com\/de\/produkt\/wilson-defy-pro-v1-2025\/\" \/>\n<meta property=\"og:site_name\" content=\"Revolution Padel Store\" \/>\n<meta property=\"article:modified_time\" content=\"2026-04-21T00:00:59+00:00\" \/>\n<meta property=\"og:image\" content=\"https:\/\/revolutionpadelstore.com\/wp-content\/uploads\/2025\/02\/FOTO-PALAS.png\" \/>\n\t<meta property=\"og:image:width\" content=\"1500\" \/>\n\t<meta property=\"og:image:height\" content=\"1500\" \/>\n\t<meta property=\"og:image:type\" content=\"image\/png\" \/>\n<meta name=\"twitter:card\" content=\"summary_large_image\" \/>\n<meta name=\"twitter:label1\" content=\"Gesch\u00e4tzte Lesezeit\" \/>\n\t<meta name=\"twitter:data1\" content=\"2\u00a0Minuten\" \/>\n<script type=\"application\/ld+json\" class=\"yoast-schema-graph\">{\"@context\":\"https:\\\/\\\/schema.org\",\"@graph\":[{\"@type\":\"WebPage\",\"@id\":\"https:\\\/\\\/revolutionpadelstore.com\\\/de\\\/produkt\\\/wilson-defy-pro-v1-2025\\\/\",\"url\":\"https:\\\/\\\/revolutionpadelstore.com\\\/de\\\/produkt\\\/wilson-defy-pro-v1-2025\\\/\",\"name\":\"WILSON DEFY PRO V1 2025 - Revolution Padel Store\",\"isPartOf\":{\"@id\":\"https:\\\/\\\/revolutionpadelstore.com\\\/de\\\/#website\"},\"primaryImageOfPage\":{\"@id\":\"https:\\\/\\\/revolutionpadelstore.com\\\/de\\\/produkt\\\/wilson-defy-pro-v1-2025\\\/#primaryimage\"},\"image\":{\"@id\":\"https:\\\/\\\/revolutionpadelstore.com\\\/de\\\/produkt\\\/wilson-defy-pro-v1-2025\\\/#primaryimage\"},\"thumbnailUrl\":\"https:\\\/\\\/revolutionpadelstore.com\\\/wp-content\\\/uploads\\\/2025\\\/02\\\/FOTO-PALAS.png\",\"datePublished\":\"2025-02-11T22:29:04+00:00\",\"dateModified\":\"2026-04-21T00:00:59+00:00\",\"description\":\"Compra la Wilson Defy Pro V1 2025 al mejor precio en nuestra tienda online. Potencia, aerodin\u00e1mica y control para jugadores ofensivos de nivel avanzado. \u00a1Hazte con ella ahora!\",\"breadcrumb\":{\"@id\":\"https:\\\/\\\/revolutionpadelstore.com\\\/de\\\/produkt\\\/wilson-defy-pro-v1-2025\\\/#breadcrumb\"},\"inLanguage\":\"de\",\"potentialAction\":[{\"@type\":\"ReadAction\",\"target\":[\"https:\\\/\\\/revolutionpadelstore.com\\\/de\\\/produkt\\\/wilson-defy-pro-v1-2025\\\/\"]}]},{\"@type\":\"ImageObject\",\"inLanguage\":\"de\",\"@id\":\"https:\\\/\\\/revolutionpadelstore.com\\\/de\\\/produkt\\\/wilson-defy-pro-v1-2025\\\/#primaryimage\",\"url\":\"https:\\\/\\\/revolutionpadelstore.com\\\/wp-content\\\/uploads\\\/2025\\\/02\\\/FOTO-PALAS.png\",\"contentUrl\":\"https:\\\/\\\/revolutionpadelstore.com\\\/wp-content\\\/uploads\\\/2025\\\/02\\\/FOTO-PALAS.png\",\"width\":1500,\"height\":1500},{\"@type\":\"BreadcrumbList\",\"@id\":\"https:\\\/\\\/revolutionpadelstore.com\\\/de\\\/produkt\\\/wilson-defy-pro-v1-2025\\\/#breadcrumb\",\"itemListElement\":[{\"@type\":\"ListItem\",\"position\":1,\"name\":\"Portada\",\"item\":\"https:\\\/\\\/revolutionpadelstore.com\\\/de\\\/\"},{\"@type\":\"ListItem\",\"position\":2,\"name\":\"Shop\",\"item\":\"https:\\\/\\\/revolutionpadelstore.com\\\/de\\\/tienda\\\/\"},{\"@type\":\"ListItem\",\"position\":3,\"name\":\"WILSON DEFY PRO V1 2025\"}]},{\"@type\":\"WebSite\",\"@id\":\"https:\\\/\\\/revolutionpadelstore.com\\\/de\\\/#website\",\"url\":\"https:\\\/\\\/revolutionpadelstore.com\\\/de\\\/\",\"name\":\"Revolution Padel Store\",\"description\":\"\",\"publisher\":{\"@id\":\"https:\\\/\\\/revolutionpadelstore.com\\\/de\\\/#organization\"},\"potentialAction\":[{\"@type\":\"SearchAction\",\"target\":{\"@type\":\"EntryPoint\",\"urlTemplate\":\"https:\\\/\\\/revolutionpadelstore.com\\\/de\\\/?s={search_term_string}\"},\"query-input\":{\"@type\":\"PropertyValueSpecification\",\"valueRequired\":true,\"valueName\":\"search_term_string\"}}],\"inLanguage\":\"de\"},{\"@type\":\"Organization\",\"@id\":\"https:\\\/\\\/revolutionpadelstore.com\\\/de\\\/#organization\",\"name\":\"Revolution Padel Store\",\"url\":\"https:\\\/\\\/revolutionpadelstore.com\\\/de\\\/\",\"logo\":{\"@type\":\"ImageObject\",\"inLanguage\":\"de\",\"@id\":\"https:\\\/\\\/revolutionpadelstore.com\\\/de\\\/#\\\/schema\\\/logo\\\/image\\\/\",\"url\":\"https:\\\/\\\/revolutionpadelstore.com\\\/wp-content\\\/uploads\\\/2026\\\/02\\\/revolution-padel-store.jpg\",\"contentUrl\":\"https:\\\/\\\/revolutionpadelstore.com\\\/wp-content\\\/uploads\\\/2026\\\/02\\\/revolution-padel-store.jpg\",\"width\":2000,\"height\":2000,\"caption\":\"Revolution Padel Store\"},\"image\":{\"@id\":\"https:\\\/\\\/revolutionpadelstore.com\\\/de\\\/#\\\/schema\\\/logo\\\/image\\\/\"},\"sameAs\":[\"https:\\\/\\\/www.instagram.com\\\/revolutionpadelstore\\\/\"]}]}<\/script>\n<!-- \/ Yoast SEO plugin. -->","yoast_head_json":{"title":"WILSON DEFY PRO V1 2025 - Revolution Padel Store","description":"Compra la Wilson Defy Pro V1 2025 al mejor precio en nuestra tienda online. Potencia, aerodin\u00e1mica y control para jugadores ofensivos de nivel avanzado. \u00a1Hazte con ella ahora!","robots":{"index":"index","follow":"follow","max-snippet":"max-snippet:-1","max-image-preview":"max-image-preview:large","max-video-preview":"max-video-preview:-1"},"canonical":"https:\/\/revolutionpadelstore.com\/de\/produkt\/wilson-defy-pro-v1-2025\/","og_locale":"de_DE","og_type":"article","og_title":"WILSON DEFY PRO V1 2025 - Revolution Padel Store","og_description":"Compra la Wilson Defy Pro V1 2025 al mejor precio en nuestra tienda online. Potencia, aerodin\u00e1mica y control para jugadores ofensivos de nivel avanzado. \u00a1Hazte con ella ahora!","og_url":"https:\/\/revolutionpadelstore.com\/de\/produkt\/wilson-defy-pro-v1-2025\/","og_site_name":"Revolution Padel Store","article_modified_time":"2026-04-21T00:00:59+00:00","og_image":[{"width":1500,"height":1500,"url":"https:\/\/revolutionpadelstore.com\/wp-content\/uploads\/2025\/02\/FOTO-PALAS.png","type":"image\/png"}],"twitter_card":"summary_large_image","twitter_misc":{"Gesch\u00e4tzte Lesezeit":"2\u00a0Minuten"},"schema":{"@context":"https:\/\/schema.org","@graph":[{"@type":"WebPage","@id":"https:\/\/revolutionpadelstore.com\/de\/produkt\/wilson-defy-pro-v1-2025\/","url":"https:\/\/revolutionpadelstore.com\/de\/produkt\/wilson-defy-pro-v1-2025\/","name":"WILSON DEFY PRO V1 2025 - Revolution Padel Store","isPartOf":{"@id":"https:\/\/revolutionpadelstore.com\/de\/#website"},"primaryImageOfPage":{"@id":"https:\/\/revolutionpadelstore.com\/de\/produkt\/wilson-defy-pro-v1-2025\/#primaryimage"},"image":{"@id":"https:\/\/revolutionpadelstore.com\/de\/produkt\/wilson-defy-pro-v1-2025\/#primaryimage"},"thumbnailUrl":"https:\/\/revolutionpadelstore.com\/wp-content\/uploads\/2025\/02\/FOTO-PALAS.png","datePublished":"2025-02-11T22:29:04+00:00","dateModified":"2026-04-21T00:00:59+00:00","description":"Compra la Wilson Defy Pro V1 2025 al mejor precio en nuestra tienda online. Potencia, aerodin\u00e1mica y control para jugadores ofensivos de nivel avanzado. \u00a1Hazte con ella ahora!","breadcrumb":{"@id":"https:\/\/revolutionpadelstore.com\/de\/produkt\/wilson-defy-pro-v1-2025\/#breadcrumb"},"inLanguage":"de","potentialAction":[{"@type":"ReadAction","target":["https:\/\/revolutionpadelstore.com\/de\/produkt\/wilson-defy-pro-v1-2025\/"]}]},{"@type":"ImageObject","inLanguage":"de","@id":"https:\/\/revolutionpadelstore.com\/de\/produkt\/wilson-defy-pro-v1-2025\/#primaryimage","url":"https:\/\/revolutionpadelstore.com\/wp-content\/uploads\/2025\/02\/FOTO-PALAS.png","contentUrl":"https:\/\/revolutionpadelstore.com\/wp-content\/uploads\/2025\/02\/FOTO-PALAS.png","width":1500,"height":1500},{"@type":"BreadcrumbList","@id":"https:\/\/revolutionpadelstore.com\/de\/produkt\/wilson-defy-pro-v1-2025\/#breadcrumb","itemListElement":[{"@type":"ListItem","position":1,"name":"Portada","item":"https:\/\/revolutionpadelstore.com\/de\/"},{"@type":"ListItem","position":2,"name":"Shop","item":"https:\/\/revolutionpadelstore.com\/de\/tienda\/"},{"@type":"ListItem","position":3,"name":"WILSON DEFY PRO V1 2025"}]},{"@type":"WebSite","@id":"https:\/\/revolutionpadelstore.com\/de\/#website","url":"https:\/\/revolutionpadelstore.com\/de\/","name":"Revolution Padel Store","description":"","publisher":{"@id":"https:\/\/revolutionpadelstore.com\/de\/#organization"},"potentialAction":[{"@type":"SearchAction","target":{"@type":"EntryPoint","urlTemplate":"https:\/\/revolutionpadelstore.com\/de\/?s={search_term_string}"},"query-input":{"@type":"PropertyValueSpecification","valueRequired":true,"valueName":"search_term_string"}}],"inLanguage":"de"},{"@type":"Organization","@id":"https:\/\/revolutionpadelstore.com\/de\/#organization","name":"Revolution Padel Store","url":"https:\/\/revolutionpadelstore.com\/de\/","logo":{"@type":"ImageObject","inLanguage":"de","@id":"https:\/\/revolutionpadelstore.com\/de\/#\/schema\/logo\/image\/","url":"https:\/\/revolutionpadelstore.com\/wp-content\/uploads\/2026\/02\/revolution-padel-store.jpg","contentUrl":"https:\/\/revolutionpadelstore.com\/wp-content\/uploads\/2026\/02\/revolution-padel-store.jpg","width":2000,"height":2000,"caption":"Revolution Padel Store"},"image":{"@id":"https:\/\/revolutionpadelstore.com\/de\/#\/schema\/logo\/image\/"},"sameAs":["https:\/\/www.instagram.com\/revolutionpadelstore\/"]}]}},"_links":{"self":[{"href":"https:\/\/revolutionpadelstore.com\/de\/wp-json\/wp\/v2\/product\/170567","targetHints":{"allow":["GET"]}}],"collection":[{"href":"https:\/\/revolutionpadelstore.com\/de\/wp-json\/wp\/v2\/product"}],"about":[{"href":"https:\/\/revolutionpadelstore.com\/de\/wp-json\/wp\/v2\/types\/product"}],"replies":[{"embeddable":true,"href":"https:\/\/revolutionpadelstore.com\/de\/wp-json\/wp\/v2\/comments?post=170567"}],"wp:featuredmedia":[{"embeddable":true,"href":"https:\/\/revolutionpadelstore.com\/de\/wp-json\/wp\/v2\/media\/170573"}],"wp:attachment":[{"href":"https:\/\/revolutionpadelstore.com\/de\/wp-json\/wp\/v2\/media?parent=170567"}],"wp:term":[{"taxonomy":"acabado","embeddable":true,"href":"https:\/\/revolutionpadelstore.com\/de\/wp-json\/wp\/v2\/acabado?post=170567"},{"taxonomy":"balance","embeddable":true,"href":"https:\/\/revolutionpadelstore.com\/de\/wp-json\/wp\/v2\/balance?post=170567"},{"taxonomy":"dureza","embeddable":true,"href":"https:\/\/revolutionpadelstore.com\/de\/wp-json\/wp\/v2\/dureza?post=170567"},{"taxonomy":"forma","embeddable":true,"href":"https:\/\/revolutionpadelstore.com\/de\/wp-json\/wp\/v2\/forma?post=170567"},{"taxonomy":"jugador","embeddable":true,"href":"https:\/\/revolutionpadelstore.com\/de\/wp-json\/wp\/v2\/jugador?post=170567"},{"taxonomy":"marca","embeddable":true,"href":"https:\/\/revolutionpadelstore.com\/de\/wp-json\/wp\/v2\/marca?post=170567"},{"taxonomy":"nivel-de-juego","embeddable":true,"href":"https:\/\/revolutionpadelstore.com\/de\/wp-json\/wp\/v2\/nivel-de-juego?post=170567"},{"taxonomy":"superficie","embeddable":true,"href":"https:\/\/revolutionpadelstore.com\/de\/wp-json\/wp\/v2\/superficie?post=170567"},{"taxonomy":"tipo-de-juego","embeddable":true,"href":"https:\/\/revolutionpadelstore.com\/de\/wp-json\/wp\/v2\/tipo-de-juego?post=170567"},{"taxonomy":"product_brand","embeddable":true,"href":"https:\/\/revolutionpadelstore.com\/de\/wp-json\/wp\/v2\/product_brand?post=170567"},{"taxonomy":"product_cat","embeddable":true,"href":"https:\/\/revolutionpadelstore.com\/de\/wp-json\/wp\/v2\/product_cat?post=170567"},{"taxonomy":"product_tag","embeddable":true,"href":"https:\/\/revolutionpadelstore.com\/de\/wp-json\/wp\/v2\/product_tag?post=170567"}],"curies":[{"name":"wp","href":"https:\/\/api.w.org\/{rel}","templated":true}]}}